{"id":14588,"date":"2021-10-11T11:03:42","date_gmt":"2021-10-11T09:03:42","guid":{"rendered":"https:\/\/garantie.be\/datenschutz-bestimmungen\/"},"modified":"2026-01-07T10:18:30","modified_gmt":"2026-01-07T09:18:30","slug":"datenschutz-bestimmungen","status":"publish","type":"page","link":"https:\/\/garantie.be\/de\/datenschutz-bestimmungen\/","title":{"rendered":"Datenschutzrichtlinie"},"content":{"rendered":"\t\t<div data-elementor-type=\"wp-page\" data-elementor-id=\"14588\" class=\"elementor elementor-14588 elementor-14136\" data-elementor-post-type=\"page\">\n\t\t\t\t\t\t<section class=\"elementor-section elementor-top-section elementor-element elementor-element-30d2ce1f elementor-section-boxed elementor-section-height-default elementor-section-height-default\" data-id=\"30d2ce1f\" data-element_type=\"section\" data-e-type=\"section\">\n\t\t\t\t\t\t<div class=\"elementor-container elementor-column-gap-default\">\n\t\t\t\t\t<div class=\"elementor-column elementor-col-100 elementor-top-column elementor-element elementor-element-329bd7b4\" data-id=\"329bd7b4\" data-element_type=\"column\" data-e-type=\"column\">\n\t\t\t<div class=\"elementor-widget-wrap elementor-element-populated\">\n\t\t\t\t\t\t<div class=\"elementor-element elementor-element-4527746a elementor-widget elementor-widget-spacer\" data-id=\"4527746a\" data-element_type=\"widget\" data-e-type=\"widget\" data-widget_type=\"spacer.default\">\n\t\t\t\t<div class=\"elementor-widget-container\">\n\t\t\t\t\t\t\t<div class=\"elementor-spacer\">\n\t\t\t<div class=\"elementor-spacer-inner\"><\/div>\n\t\t<\/div>\n\t\t\t\t\t\t<\/div>\n\t\t\t\t<\/div>\n\t\t\t\t<div class=\"elementor-element elementor-element-5f4653e6 elementor-widget elementor-widget-heading\" data-id=\"5f4653e6\" data-element_type=\"widget\" data-e-type=\"widget\" data-widget_type=\"heading.default\">\n\t\t\t\t<div class=\"elementor-widget-container\">\n\t\t\t\t\t<h1 class=\"elementor-heading-title elementor-size-default\"><br><b>Datenschutzrichtlinie<\/b><\/h1>\t\t\t\t<\/div>\n\t\t\t\t<\/div>\n\t\t\t\t<div class=\"elementor-element elementor-element-119be207 elementor-widget elementor-widget-spacer\" data-id=\"119be207\" data-element_type=\"widget\" data-e-type=\"widget\" data-widget_type=\"spacer.default\">\n\t\t\t\t<div class=\"elementor-widget-container\">\n\t\t\t\t\t\t\t<div class=\"elementor-spacer\">\n\t\t\t<div class=\"elementor-spacer-inner\"><\/div>\n\t\t<\/div>\n\t\t\t\t\t\t<\/div>\n\t\t\t\t<\/div>\n\t\t\t\t\t<\/div>\n\t\t<\/div>\n\t\t\t\t\t<\/div>\n\t\t<\/section>\n\t\t\t\t<section class=\"elementor-section elementor-top-section elementor-element elementor-element-791cc7bc elementor-section-boxed elementor-section-height-default elementor-section-height-default\" data-id=\"791cc7bc\" data-element_type=\"section\" data-e-type=\"section\">\n\t\t\t\t\t\t<div class=\"elementor-container elementor-column-gap-default\">\n\t\t\t\t\t<div class=\"elementor-column elementor-col-100 elementor-top-column elementor-element elementor-element-2251ecb4\" data-id=\"2251ecb4\" data-element_type=\"column\" data-e-type=\"column\">\n\t\t\t<div class=\"elementor-widget-wrap elementor-element-populated\">\n\t\t\t\t\t\t<div class=\"elementor-element elementor-element-6386da1e elementor-widget elementor-widget-heading\" data-id=\"6386da1e\" data-element_type=\"widget\" data-e-type=\"widget\" data-widget_type=\"heading.default\">\n\t\t\t\t<div class=\"elementor-widget-container\">\n\t\t\t\t\t<h2 class=\"elementor-heading-title elementor-size-default\">Wer sind wir?<\/h2>\t\t\t\t<\/div>\n\t\t\t\t<\/div>\n\t\t\t\t<div class=\"elementor-element elementor-element-317fdf70 elementor-widget elementor-widget-text-editor\" data-id=\"317fdf70\" data-element_type=\"widget\" data-e-type=\"widget\" data-widget_type=\"text-editor.default\">\n\t\t\t\t<div class=\"elementor-widget-container\">\n\t\t\t\t\t\t\t\t\t<p>Sie besuchen die Website <a href=\"https:\/\/garantie.be\/de\/\" target=\"_new\" rel=\"noopener\"><span style=\"text-decoration: underline;\">garantie.be.<\/span><\/a> die Eigentum des belgischen Unternehmens ist, das auf Mietkautionen spezialisiert ist. <a href=\"https:\/\/garantir.be\"><span style=\"text-decoration: underline;\">Garantir SRL<\/span><\/a>.<\/p><p>Wir legen besonderen Wert auf den Schutz der pers\u00f6nlichen Daten, die Sie uns im Rahmen Ihres <a href=\"https:\/\/garantie.be\/de\/online-mietkaution\/\">Online-Antrags f\u00fcr eine mietkaution<\/a> anvertrauen. Diese Seite beschreibt, wie wir mit Ihren pers\u00f6nlichen Daten umgehen. <\/p>\t\t\t\t\t\t\t\t<\/div>\n\t\t\t\t<\/div>\n\t\t\t\t<div class=\"elementor-element elementor-element-2d038c00 elementor-widget elementor-widget-heading\" data-id=\"2d038c00\" data-element_type=\"widget\" data-e-type=\"widget\" data-widget_type=\"heading.default\">\n\t\t\t\t<div class=\"elementor-widget-container\">\n\t\t\t\t\t<h2 class=\"elementor-heading-title elementor-size-default\">Welche Daten sammeln wir?<\/h2>\t\t\t\t<\/div>\n\t\t\t\t<\/div>\n\t\t\t\t<div class=\"elementor-element elementor-element-17e75351 elementor-widget elementor-widget-text-editor\" data-id=\"17e75351\" data-element_type=\"widget\" data-e-type=\"widget\" data-widget_type=\"text-editor.default\">\n\t\t\t\t<div class=\"elementor-widget-container\">\n\t\t\t\t\t\t\t\t\t<p>Wenn Sie unser Kautionsantragsformular ausf\u00fcllen, erfassen wir die folgenden Daten:<\/p><ul><li>Identifikationsdaten: Name, Vorname, Geburtsdatum, Adresse, Telefon, E-Mail<\/li><li>Berufliche Daten: Art des Arbeitsvertrags, Arbeitgeber, Einkommen<\/li><li>Belege: Kopie des Personalausweises, Einkommensnachweise, Entwurf des Mietvertrages usw.<\/li><li>Technische Daten: IP-Adresse, Browsertyp, Betriebssystem, Besuchszeit (\u00fcber Cookies).<\/li><\/ul><p> <\/p><p>Sie k\u00f6nnen unsere <span style=\"text-decoration: underline;\"><a href=\"https:\/\/garantie.be\/de\/cookie-politik-ue\/\">Cookie-Richtlinie einsehen.<\/a><\/span> f\u00fcr weitere Einzelheiten.<\/p>\t\t\t\t\t\t\t\t<\/div>\n\t\t\t\t<\/div>\n\t\t\t\t<div class=\"elementor-element elementor-element-6ec99cbd elementor-widget elementor-widget-heading\" data-id=\"6ec99cbd\" data-element_type=\"widget\" data-e-type=\"widget\" data-widget_type=\"heading.default\">\n\t\t\t\t<div class=\"elementor-widget-container\">\n\t\t\t\t\t<h2 class=\"elementor-heading-title elementor-size-default\">Wie verwenden wir Ihre Daten?<\/h2>\t\t\t\t<\/div>\n\t\t\t\t<\/div>\n\t\t\t\t<div class=\"elementor-element elementor-element-39d89d91 elementor-widget elementor-widget-text-editor\" data-id=\"39d89d91\" data-element_type=\"widget\" data-e-type=\"widget\" data-widget_type=\"text-editor.default\">\n\t\t\t\t<div class=\"elementor-widget-container\">\n\t\t\t\t\t\t\t\t\t<p>Ihre Daten werden nur f\u00fcr folgende Zwecke verwendet<\/p><ul><li>Bewerten Sie Ihren Antrag auf Mietkaution<\/li><li>die Bearbeitung Ihres Falles zu verwalten und im Falle der Zustimmung den Kautionsvertrag zu erstellen<\/li><li>Senden Sie die Kautionsbescheinigung an den Vermieter, wenn der Antrag angenommen wurde.<\/li><li>Sie bei Bedarf zu kontaktieren, um Ihre Akte zu vervollst\u00e4ndigen oder zu aktualisieren.<\/li><li>Erf\u00fcllung unserer gesetzlichen Verpflichtungen<\/li><\/ul><p> <\/p>\t\t\t\t\t\t\t\t<\/div>\n\t\t\t\t<\/div>\n\t\t\t\t<div class=\"elementor-element elementor-element-f4ccdd1 elementor-widget elementor-widget-heading\" data-id=\"f4ccdd1\" data-element_type=\"widget\" data-e-type=\"widget\" data-widget_type=\"heading.default\">\n\t\t\t\t<div class=\"elementor-widget-container\">\n\t\t\t\t\t<h2 class=\"elementor-heading-title elementor-size-default\">Rechtsgrundlage der Verarbeitung<\/h2>\t\t\t\t<\/div>\n\t\t\t\t<\/div>\n\t\t\t\t<div class=\"elementor-element elementor-element-5e084e6 elementor-widget elementor-widget-text-editor\" data-id=\"5e084e6\" data-element_type=\"widget\" data-e-type=\"widget\" data-widget_type=\"text-editor.default\">\n\t\t\t\t<div class=\"elementor-widget-container\">\n\t\t\t\t\t\t\t\t\t<p>Wir verarbeiten Ihre Daten auf der Grundlage :<\/p><ul><li>vorvertragliche Ma\u00dfnahmen (Analyse Ihrer Akte),<\/li><li>oder der Erf\u00fcllung eines Vertrags, wenn eine Kaution gew\u00e4hrt wird (Artikel 6.1.b DSGVO).<\/li><\/ul><p> <\/p>\t\t\t\t\t\t\t\t<\/div>\n\t\t\t\t<\/div>\n\t\t\t\t<div class=\"elementor-element elementor-element-44b0472 elementor-widget elementor-widget-heading\" data-id=\"44b0472\" data-element_type=\"widget\" data-e-type=\"widget\" data-widget_type=\"heading.default\">\n\t\t\t\t<div class=\"elementor-widget-container\">\n\t\t\t\t\t<h2 class=\"elementor-heading-title elementor-size-default\">Wer hat Zugang zu Ihren Daten?<\/h2>\t\t\t\t<\/div>\n\t\t\t\t<\/div>\n\t\t\t\t<div class=\"elementor-element elementor-element-b778736 elementor-widget elementor-widget-text-editor\" data-id=\"b778736\" data-element_type=\"widget\" data-e-type=\"widget\" data-widget_type=\"text-editor.default\">\n\t\t\t\t<div class=\"elementor-widget-container\">\n\t\t\t\t\t\t\t\t\t<p>Die gesammelten Daten werden nicht an externe Dritte weitergegeben.<\/p><p>Nur die befugten Mitarbeiter von GARANTIR SRL haben im Rahmen ihrer Aufgaben und ausschlie\u00dflich zu den oben genannten Zwecken Zugang zu diesen Daten.<br>Die dem Vermieter ausgeh\u00e4ndigte Kautionsbescheinigung enth\u00e4lt keine vertraulichen pers\u00f6nlichen Daten, sondern nur die Namen der im Mietvertrag aufgef\u00fchrten Mieter.<\/p>\t\t\t\t\t\t\t\t<\/div>\n\t\t\t\t<\/div>\n\t\t\t\t<div class=\"elementor-element elementor-element-04d9ebd elementor-widget elementor-widget-heading\" data-id=\"04d9ebd\" data-element_type=\"widget\" data-e-type=\"widget\" data-widget_type=\"heading.default\">\n\t\t\t\t<div class=\"elementor-widget-container\">\n\t\t\t\t\t<h2 class=\"elementor-heading-title elementor-size-default\">Wie lange speichern wir Ihre Daten?<\/h2>\t\t\t\t<\/div>\n\t\t\t\t<\/div>\n\t\t\t\t<div class=\"elementor-element elementor-element-f553db0 elementor-widget elementor-widget-text-editor\" data-id=\"f553db0\" data-element_type=\"widget\" data-e-type=\"widget\" data-widget_type=\"text-editor.default\">\n\t\t\t\t<div class=\"elementor-widget-container\">\n\t\t\t\t\t\t\t\t\t<ul><li>Wenn Ihre Anfrage zu einem B\u00fcrgschaftsvertrag f\u00fchrt: Ihre Daten werden f\u00fcr die Dauer des Vertrags aufbewahrt und danach 5 Jahre lang archiviert (zu Beweiszwecken).<\/li><li>Wenn Ihr Antrag abgelehnt oder aufgegeben wird: Ihre Daten werden innerhalb von maximal 60 Tagen gel\u00f6scht.<\/li><\/ul><p> <\/p>\t\t\t\t\t\t\t\t<\/div>\n\t\t\t\t<\/div>\n\t\t\t\t<div class=\"elementor-element elementor-element-0d2a27d elementor-widget elementor-widget-heading\" data-id=\"0d2a27d\" data-element_type=\"widget\" data-e-type=\"widget\" data-widget_type=\"heading.default\">\n\t\t\t\t<div class=\"elementor-widget-container\">\n\t\t\t\t\t<h2 class=\"elementor-heading-title elementor-size-default\">Ihre Rechte<\/h2>\t\t\t\t<\/div>\n\t\t\t\t<\/div>\n\t\t\t\t<div class=\"elementor-element elementor-element-d372252 elementor-widget elementor-widget-text-editor\" data-id=\"d372252\" data-element_type=\"widget\" data-e-type=\"widget\" data-widget_type=\"text-editor.default\">\n\t\t\t\t<div class=\"elementor-widget-container\">\n\t\t\t\t\t\t\t\t\t<p>Sie haben jederzeit die folgenden Rechte \u00fcber Ihre pers\u00f6nlichen Daten:<\/p><ul><li>Zugang zu Ihren Daten<\/li><li>Berichtigung oder Aktualisierung<\/li><li>L\u00f6schung (Recht auf Vergessenwerden)<\/li><li>Einschr\u00e4nkung der Verarbeitung<\/li><li>Widerspruch, in einigen F\u00e4llen<\/li><\/ul><p> <\/p><p>Um Ihre Rechte auszu\u00fcben, schreiben Sie uns bitte \u00fcber unser <a href=\"https:\/\/account.garantie.be\/de\/contact\/\">Kontaktformular<\/a>.<\/p><p>Im Falle von Schwierigkeiten haben Sie auch das Recht, eine Beschwerde bei der Datenschutzbeh\u00f6rde einzureichen:<br>www.autoriteprotectiondonnees.be<\/p>\t\t\t\t\t\t\t\t<\/div>\n\t\t\t\t<\/div>\n\t\t\t\t<div class=\"elementor-element elementor-element-8ce7e22 elementor-widget elementor-widget-heading\" data-id=\"8ce7e22\" data-element_type=\"widget\" data-e-type=\"widget\" data-widget_type=\"heading.default\">\n\t\t\t\t<div class=\"elementor-widget-container\">\n\t\t\t\t\t<h2 class=\"elementor-heading-title elementor-size-default\">Sicherheit<\/h2>\t\t\t\t<\/div>\n\t\t\t\t<\/div>\n\t\t\t\t<div class=\"elementor-element elementor-element-8c326d5 elementor-widget elementor-widget-text-editor\" data-id=\"8c326d5\" data-element_type=\"widget\" data-e-type=\"widget\" data-widget_type=\"text-editor.default\">\n\t\t\t\t<div class=\"elementor-widget-container\">\n\t\t\t\t\t\t\t\t\t<p>Ihre Daten werden auf sicheren Servern gespeichert, die durch geeignete technische und organisatorische Ma\u00dfnahmen (Firewall, Zugangskontrolle usw.) gesch\u00fctzt sind. Wir \u00fcbermitteln Ihre Dokumente niemals \u00fcber ungesicherte Kan\u00e4le und fragen niemals nach Passw\u00f6rtern per E-Mail. <\/p>\t\t\t\t\t\t\t\t<\/div>\n\t\t\t\t<\/div>\n\t\t\t\t<div class=\"elementor-element elementor-element-d354ae4 elementor-widget elementor-widget-heading\" data-id=\"d354ae4\" data-element_type=\"widget\" data-e-type=\"widget\" data-widget_type=\"heading.default\">\n\t\t\t\t<div class=\"elementor-widget-container\">\n\t\t\t\t\t<h2 class=\"elementor-heading-title elementor-size-default\">Update\n<\/h2>\t\t\t\t<\/div>\n\t\t\t\t<\/div>\n\t\t\t\t<div class=\"elementor-element elementor-element-31d933b elementor-widget elementor-widget-text-editor\" data-id=\"31d933b\" data-element_type=\"widget\" data-e-type=\"widget\" data-widget_type=\"text-editor.default\">\n\t\t\t\t<div class=\"elementor-widget-container\">\n\t\t\t\t\t\t\t\t\t<p>Diese Politik kann jederzeit aktualisiert werden. Es gilt die letzte Version, die auf der Website ver\u00f6ffentlicht wurde.<br>Wir empfehlen Ihnen, diese Richtlinie regelm\u00e4\u00dfig zu \u00fcberpr\u00fcfen. <\/p><p> <\/p>\t\t\t\t\t\t\t\t<\/div>\n\t\t\t\t<\/div>\n\t\t\t\t\t<\/div>\n\t\t<\/div>\n\t\t\t\t\t<\/div>\n\t\t<\/section>\n\t\t\t\t<\/div>\n\t\t","protected":false},"excerpt":{"rendered":"<p>Datenschutzrichtlinie Wer sind wir? Sie besuchen die Website garantie.be. die Eigentum des belgischen Unternehmens ist, das auf Mietkautionen spezialisiert ist. Garantir SRL. Wir legen besonderen Wert auf den Schutz der pers\u00f6nlichen Daten, die Sie uns im Rahmen Ihres Online-Antrags f\u00fcr eine mietkaution anvertrauen. Diese Seite beschreibt, wie wir mit Ihren pers\u00f6nlichen Daten umgehen. Welche Daten [&hellip;]<\/p>\n","protected":false},"author":1,"featured_media":0,"parent":0,"menu_order":0,"comment_status":"closed","ping_status":"closed","template":"","meta":{"footnotes":""},"class_list":["post-14588","page","type-page","status-publish","hentry"],"yoast_head":"<!-- This site is optimized with the Yoast SEO plugin v27.3 - https:\/\/yoast.com\/product\/yoast-seo-wordpress\/ -->\n<title>Datenschutzrichtlinie<\/title>\n<meta name=\"description\" content=\"Erfahren Sie mehr \u00fcber die Datenschutzbestimmungen unserer Website garantie.be, die auf Online-Mietkautionen spezialisiert ist.\" \/>\n<meta name=\"robots\" content=\"index, follow, max-snippet:-1, max-image-preview:large, max-video-preview:-1\" \/>\n<link rel=\"canonical\" href=\"https:\/\/garantie.be\/de\/datenschutz-bestimmungen\/\" \/>\n<meta property=\"og:locale\" content=\"de_DE\" \/>\n<meta property=\"og:type\" content=\"article\" \/>\n<meta property=\"og:title\" content=\"Datenschutzrichtlinie\" \/>\n<meta property=\"og:description\" content=\"Erfahren Sie mehr \u00fcber die Datenschutzbestimmungen unserer Website garantie.be, die auf Online-Mietkautionen spezialisiert ist.\" \/>\n<meta property=\"og:url\" content=\"https:\/\/garantie.be\/de\/datenschutz-bestimmungen\/\" \/>\n<meta property=\"og:site_name\" content=\"Garantie\" \/>\n<meta property=\"article:modified_time\" content=\"2026-01-07T09:18:30+00:00\" \/>\n<meta name=\"twitter:card\" content=\"summary_large_image\" \/>\n<meta name=\"twitter:label1\" content=\"Gesch\u00e4tzte Lesezeit\" \/>\n\t<meta name=\"twitter:data1\" content=\"2\u00a0Minuten\" \/>\n<script type=\"application\/ld+json\" class=\"yoast-schema-graph\">{\"@context\":\"https:\\\/\\\/schema.org\",\"@graph\":[{\"@type\":\"WebPage\",\"@id\":\"https:\\\/\\\/garantie.be\\\/de\\\/datenschutz-bestimmungen\\\/\",\"url\":\"https:\\\/\\\/garantie.be\\\/de\\\/datenschutz-bestimmungen\\\/\",\"name\":\"Datenschutzrichtlinie\",\"isPartOf\":{\"@id\":\"https:\\\/\\\/garantie.be\\\/de\\\/#website\"},\"datePublished\":\"2021-10-11T09:03:42+00:00\",\"dateModified\":\"2026-01-07T09:18:30+00:00\",\"description\":\"Erfahren Sie mehr \u00fcber die Datenschutzbestimmungen unserer Website garantie.be, die auf Online-Mietkautionen spezialisiert ist.\",\"breadcrumb\":{\"@id\":\"https:\\\/\\\/garantie.be\\\/de\\\/datenschutz-bestimmungen\\\/#breadcrumb\"},\"inLanguage\":\"de\",\"potentialAction\":[{\"@type\":\"ReadAction\",\"target\":[\"https:\\\/\\\/garantie.be\\\/de\\\/datenschutz-bestimmungen\\\/\"]}]},{\"@type\":\"BreadcrumbList\",\"@id\":\"https:\\\/\\\/garantie.be\\\/de\\\/datenschutz-bestimmungen\\\/#breadcrumb\",\"itemListElement\":[{\"@type\":\"ListItem\",\"position\":1,\"name\":\"Accueil\",\"item\":\"https:\\\/\\\/garantie.be\\\/de\\\/\"},{\"@type\":\"ListItem\",\"position\":2,\"name\":\"Datenschutzrichtlinie\"}]},{\"@type\":\"WebSite\",\"@id\":\"https:\\\/\\\/garantie.be\\\/de\\\/#website\",\"url\":\"https:\\\/\\\/garantie.be\\\/de\\\/\",\"name\":\"Garantie\",\"description\":\"\",\"publisher\":{\"@id\":\"https:\\\/\\\/garantie.be\\\/de\\\/#organization\"},\"potentialAction\":[{\"@type\":\"SearchAction\",\"target\":{\"@type\":\"EntryPoint\",\"urlTemplate\":\"https:\\\/\\\/garantie.be\\\/de\\\/?s={search_term_string}\"},\"query-input\":{\"@type\":\"PropertyValueSpecification\",\"valueRequired\":true,\"valueName\":\"search_term_string\"}}],\"inLanguage\":\"de\"},{\"@type\":\"Organization\",\"@id\":\"https:\\\/\\\/garantie.be\\\/de\\\/#organization\",\"name\":\"Garantie.be\",\"url\":\"https:\\\/\\\/garantie.be\\\/de\\\/\",\"logo\":{\"@type\":\"ImageObject\",\"inLanguage\":\"de\",\"@id\":\"https:\\\/\\\/garantie.be\\\/de\\\/#\\\/schema\\\/logo\\\/image\\\/\",\"url\":\"\",\"contentUrl\":\"\",\"caption\":\"Garantie.be\"},\"image\":{\"@id\":\"https:\\\/\\\/garantie.be\\\/de\\\/#\\\/schema\\\/logo\\\/image\\\/\"}}]}<\/script>\n<!-- \/ Yoast SEO plugin. -->","yoast_head_json":{"title":"Datenschutzrichtlinie","description":"Erfahren Sie mehr \u00fcber die Datenschutzbestimmungen unserer Website garantie.be, die auf Online-Mietkautionen spezialisiert ist.","robots":{"index":"index","follow":"follow","max-snippet":"max-snippet:-1","max-image-preview":"max-image-preview:large","max-video-preview":"max-video-preview:-1"},"canonical":"https:\/\/garantie.be\/de\/datenschutz-bestimmungen\/","og_locale":"de_DE","og_type":"article","og_title":"Datenschutzrichtlinie","og_description":"Erfahren Sie mehr \u00fcber die Datenschutzbestimmungen unserer Website garantie.be, die auf Online-Mietkautionen spezialisiert ist.","og_url":"https:\/\/garantie.be\/de\/datenschutz-bestimmungen\/","og_site_name":"Garantie","article_modified_time":"2026-01-07T09:18:30+00:00","twitter_card":"summary_large_image","twitter_misc":{"Gesch\u00e4tzte Lesezeit":"2\u00a0Minuten"},"schema":{"@context":"https:\/\/schema.org","@graph":[{"@type":"WebPage","@id":"https:\/\/garantie.be\/de\/datenschutz-bestimmungen\/","url":"https:\/\/garantie.be\/de\/datenschutz-bestimmungen\/","name":"Datenschutzrichtlinie","isPartOf":{"@id":"https:\/\/garantie.be\/de\/#website"},"datePublished":"2021-10-11T09:03:42+00:00","dateModified":"2026-01-07T09:18:30+00:00","description":"Erfahren Sie mehr \u00fcber die Datenschutzbestimmungen unserer Website garantie.be, die auf Online-Mietkautionen spezialisiert ist.","breadcrumb":{"@id":"https:\/\/garantie.be\/de\/datenschutz-bestimmungen\/#breadcrumb"},"inLanguage":"de","potentialAction":[{"@type":"ReadAction","target":["https:\/\/garantie.be\/de\/datenschutz-bestimmungen\/"]}]},{"@type":"BreadcrumbList","@id":"https:\/\/garantie.be\/de\/datenschutz-bestimmungen\/#breadcrumb","itemListElement":[{"@type":"ListItem","position":1,"name":"Accueil","item":"https:\/\/garantie.be\/de\/"},{"@type":"ListItem","position":2,"name":"Datenschutzrichtlinie"}]},{"@type":"WebSite","@id":"https:\/\/garantie.be\/de\/#website","url":"https:\/\/garantie.be\/de\/","name":"Garantie","description":"","publisher":{"@id":"https:\/\/garantie.be\/de\/#organization"},"potentialAction":[{"@type":"SearchAction","target":{"@type":"EntryPoint","urlTemplate":"https:\/\/garantie.be\/de\/?s={search_term_string}"},"query-input":{"@type":"PropertyValueSpecification","valueRequired":true,"valueName":"search_term_string"}}],"inLanguage":"de"},{"@type":"Organization","@id":"https:\/\/garantie.be\/de\/#organization","name":"Garantie.be","url":"https:\/\/garantie.be\/de\/","logo":{"@type":"ImageObject","inLanguage":"de","@id":"https:\/\/garantie.be\/de\/#\/schema\/logo\/image\/","url":"","contentUrl":"","caption":"Garantie.be"},"image":{"@id":"https:\/\/garantie.be\/de\/#\/schema\/logo\/image\/"}}]}},"_links":{"self":[{"href":"https:\/\/garantie.be\/de\/wp-json\/wp\/v2\/pages\/14588","targetHints":{"allow":["GET"]}}],"collection":[{"href":"https:\/\/garantie.be\/de\/wp-json\/wp\/v2\/pages"}],"about":[{"href":"https:\/\/garantie.be\/de\/wp-json\/wp\/v2\/types\/page"}],"author":[{"embeddable":true,"href":"https:\/\/garantie.be\/de\/wp-json\/wp\/v2\/users\/1"}],"replies":[{"embeddable":true,"href":"https:\/\/garantie.be\/de\/wp-json\/wp\/v2\/comments?post=14588"}],"version-history":[{"count":0,"href":"https:\/\/garantie.be\/de\/wp-json\/wp\/v2\/pages\/14588\/revisions"}],"wp:attachment":[{"href":"https:\/\/garantie.be\/de\/wp-json\/wp\/v2\/media?parent=14588"}],"curies":[{"name":"wp","href":"https:\/\/api.w.org\/{rel}","templated":true}]}}