{"id":15467,"date":"2022-01-18T17:25:39","date_gmt":"2022-01-18T16:25:39","guid":{"rendered":"https:\/\/garantie.be\/vermietung-von-immobilien\/"},"modified":"2025-10-30T21:26:59","modified_gmt":"2025-10-30T20:26:59","slug":"vermietung-von-immobilien","status":"publish","type":"page","link":"https:\/\/garantie.be\/de\/vermietung-von-immobilien\/","title":{"rendered":"Mietvertrag f\u00fcr Immobilien"},"content":{"rendered":"\t\t<div data-elementor-type=\"wp-page\" data-elementor-id=\"15467\" class=\"elementor elementor-15467 elementor-15294\" data-elementor-post-type=\"page\">\n\t\t\t\t\t\t<section class=\"elementor-section elementor-top-section elementor-element elementor-element-50d8edd1 elementor-section-boxed elementor-section-height-default elementor-section-height-default\" data-id=\"50d8edd1\" data-element_type=\"section\" data-e-type=\"section\">\n\t\t\t\t\t\t<div class=\"elementor-container elementor-column-gap-default\">\n\t\t\t\t\t<div class=\"elementor-column elementor-col-100 elementor-top-column elementor-element elementor-element-9b1a255\" data-id=\"9b1a255\" data-element_type=\"column\" data-e-type=\"column\">\n\t\t\t<div class=\"elementor-widget-wrap elementor-element-populated\">\n\t\t\t\t\t\t<div class=\"elementor-element elementor-element-31e95bc3 elementor-widget elementor-widget-spacer\" data-id=\"31e95bc3\" data-element_type=\"widget\" data-e-type=\"widget\" data-widget_type=\"spacer.default\">\n\t\t\t\t<div class=\"elementor-widget-container\">\n\t\t\t\t\t\t\t<div class=\"elementor-spacer\">\n\t\t\t<div class=\"elementor-spacer-inner\"><\/div>\n\t\t<\/div>\n\t\t\t\t\t\t<\/div>\n\t\t\t\t<\/div>\n\t\t\t\t<div class=\"elementor-element elementor-element-7d12ccf1 elementor-widget elementor-widget-heading\" data-id=\"7d12ccf1\" data-element_type=\"widget\" data-e-type=\"widget\" data-widget_type=\"heading.default\">\n\t\t\t\t<div class=\"elementor-widget-container\">\n\t\t\t\t\t<h1 class=\"elementor-heading-title elementor-size-default\"><b>Mietvertrag<\/b><br>BELGIEN<\/h1>\t\t\t\t<\/div>\n\t\t\t\t<\/div>\n\t\t\t\t<div class=\"elementor-element elementor-element-2e0980a9 elementor-widget elementor-widget-spacer\" data-id=\"2e0980a9\" data-element_type=\"widget\" data-e-type=\"widget\" data-widget_type=\"spacer.default\">\n\t\t\t\t<div class=\"elementor-widget-container\">\n\t\t\t\t\t\t\t<div class=\"elementor-spacer\">\n\t\t\t<div class=\"elementor-spacer-inner\"><\/div>\n\t\t<\/div>\n\t\t\t\t\t\t<\/div>\n\t\t\t\t<\/div>\n\t\t\t\t<div class=\"elementor-element elementor-element-e651595 elementor-widget elementor-widget-text-editor\" data-id=\"e651595\" data-element_type=\"widget\" data-e-type=\"widget\" data-widget_type=\"text-editor.default\">\n\t\t\t\t<div class=\"elementor-widget-container\">\n\t\t\t\t\t\t\t\t\t<p>Bei der Vermietung einer Immobilie schlie\u00dfen der Vermieter und der Mieter gemeinsam einen Vertrag ab, der die Bedingungen festlegt, unter denen die Vermietung stattfindet. Dieser Vertrag zwischen dem Mieter und dem Vermieter wird als Mietvertrag bezeichnet. <\/p><p>Seit 2018 ist der Mietvertrag regional geworden. Jede der drei belgischen Regionen hat ihr eigenes regionales Wohnungsgesetzbuch aufgestellt.   <\/p><p>Nachstehend finden Sie <strong>kostenlose Vorlagen zum Herunterladen von Mietvertr\u00e4gen, die den jeweiligen regionalen Wohngesetzen entsprechen<\/strong>.<\/p>\t\t\t\t\t\t\t\t<\/div>\n\t\t\t\t<\/div>\n\t\t\t\t<div class=\"elementor-element elementor-element-482a672 elementor-widget elementor-widget-heading\" data-id=\"482a672\" data-element_type=\"widget\" data-e-type=\"widget\" data-widget_type=\"heading.default\">\n\t\t\t\t<div class=\"elementor-widget-container\">\n\t\t\t\t\t<h2 class=\"elementor-heading-title elementor-size-default\">Kostenlose Vorlage f\u00fcr einen Mietvertrag zum Herunterladen<\/h2>\t\t\t\t<\/div>\n\t\t\t\t<\/div>\n\t\t\t\t<div class=\"elementor-element elementor-element-7307896 elementor-widget elementor-widget-text-editor\" data-id=\"7307896\" data-element_type=\"widget\" data-e-type=\"widget\" data-widget_type=\"text-editor.default\">\n\t\t\t\t<div class=\"elementor-widget-container\">\n\t\t\t\t\t\t\t\t\t<p style=\"text-align: left;\">\u2b95 <a href=\"https:\/\/garantie.be\/de\/vorlagen-briefe-mietverwaltung\/mietvertragsvorlage-brussel\/\">Kostenlose Vorlage f\u00fcr einen mietvertrag f\u00fcr Br\u00fcssel<\/a><\/p><p style=\"text-align: left;\">\u2b95 <a href=\"https:\/\/garantie.be\/de\/vorlagen-briefe-mietverwaltung\/studentenmietvertrag\/\">Kostenlose Vorlage f\u00fcr einen Studentenmietvertrag<\/a><\/p><p style=\"text-align: left;\">\u2b95 <a href=\"https:\/\/garantie.be\/de\/vorlagen-briefe-mietverwaltung\/kostenlose-vorlage-fuer-einen-untermietvertrag\/\">Kostenlose Vorlage f\u00fcr einen Untermietvertrag<\/a><\/p><p style=\"text-align: left;\">\u2b95 Vorlagen f\u00fcr mietvertr\u00e4ge f\u00fcr Flandern<\/p><p style=\"text-align: left;\">\u2b95 Muster-Mietvertr\u00e4ge f\u00fcr Wallonien<\/p>\t\t\t\t\t\t\t\t<\/div>\n\t\t\t\t<\/div>\n\t\t\t\t\t<\/div>\n\t\t<\/div>\n\t\t\t\t\t<\/div>\n\t\t<\/section>\n\t\t\t\t<section class=\"elementor-section elementor-top-section elementor-element elementor-element-2bcbbeb elementor-section-boxed elementor-section-height-default elementor-section-height-default\" data-id=\"2bcbbeb\" data-element_type=\"section\" data-e-type=\"section\">\n\t\t\t\t\t\t<div class=\"elementor-container elementor-column-gap-default\">\n\t\t\t\t\t<div class=\"elementor-column elementor-col-100 elementor-top-column elementor-element elementor-element-a0621dc\" data-id=\"a0621dc\" data-element_type=\"column\" data-e-type=\"column\">\n\t\t\t<div class=\"elementor-widget-wrap elementor-element-populated\">\n\t\t\t\t\t\t<div class=\"elementor-element elementor-element-95ce07e elementor-widget elementor-widget-heading\" data-id=\"95ce07e\" data-element_type=\"widget\" data-e-type=\"widget\" data-widget_type=\"heading.default\">\n\t\t\t\t<div class=\"elementor-widget-container\">\n\t\t\t\t\t<h2 class=\"elementor-heading-title elementor-size-default\">Was ist der mietvertrag?<\/h2>\t\t\t\t<\/div>\n\t\t\t\t<\/div>\n\t\t\t\t<div class=\"elementor-element elementor-element-dc3c13e elementor-widget elementor-widget-text-editor\" data-id=\"dc3c13e\" data-element_type=\"widget\" data-e-type=\"widget\" data-widget_type=\"text-editor.default\">\n\t\t\t\t<div class=\"elementor-widget-container\">\n\t\t\t\t\t\t\t\t\t<p>Der Mietvertrag ist ein Vertrag \u00fcber die Vermietung einer Immobilie f\u00fcr einen bestimmten Zeitraum, der zwischen einem Vermieter und einem Mieter geschlossen wird. Der Mietvertrag legt die Regeln f\u00fcr die Vermietung der vermieteten Immobilie fest. Der Mieter zahlt dem Vermieter eine Miete als Gegenleistung f\u00fcr die Nutzung der vermieteten Immobilie.  <\/p><p>Seit 2018 ist der Mietvertrag regional geworden. Jede der drei belgischen Regionen hat ihr eigenes regionales Wohnungsgesetzbuch aufgestellt. Jede Verwaltungsregion in Belgien hat ein eigenes Muster f\u00fcr den Mietvertrag erstellt.  <\/p>\t\t\t\t\t\t\t\t<\/div>\n\t\t\t\t<\/div>\n\t\t\t\t<div class=\"elementor-element elementor-element-37320ef elementor-widget elementor-widget-heading\" data-id=\"37320ef\" data-element_type=\"widget\" data-e-type=\"widget\" data-widget_type=\"heading.default\">\n\t\t\t\t<div class=\"elementor-widget-container\">\n\t\t\t\t\t<h2 class=\"elementor-heading-title elementor-size-default\">Was enth\u00e4lt der mietvertrag?<\/h2>\t\t\t\t<\/div>\n\t\t\t\t<\/div>\n\t\t\t\t<div class=\"elementor-element elementor-element-92b0ccf elementor-widget elementor-widget-text-editor\" data-id=\"92b0ccf\" data-element_type=\"widget\" data-e-type=\"widget\" data-widget_type=\"text-editor.default\">\n\t\t\t\t<div class=\"elementor-widget-container\">\n\t\t\t\t\t\t\t\t\t<p>Der Mietvertrag muss bestimmte obligatorische Angaben enthalten, um dem belgischen Bundesgesetz in diesem Bereich zu entsprechen. Der Mietvertrag muss mindestens die folgenden Punkte enthalten: <\/p><ul><li>die pers\u00f6nlichen Informationen des Vermieters, seine vollst\u00e4ndige Identit\u00e4t und Adresse;<\/li><li>die pers\u00f6nlichen Daten des Mieters, d.h. seine vollst\u00e4ndige Identit\u00e4t und seine Adresse;<\/li><li>Adresse und detaillierte Beschreibung der Immobilie, die vermietet wird;<\/li><li>das Datum des Beginns der Mietperiode und die Dauer des mietvertrages ;<\/li><li>die genaue H\u00f6he der monatlichen Miete und eine Sch\u00e4tzung der Nebenkosten;<\/li><li>das Datum der Unterzeichnung des mietvertrages und die Unterschrift aller Parteien des Vertrages.<\/li><\/ul><p>Alle zus\u00e4tzlichen Informationen, die im mietvertrag angegeben werden, dienen dazu, den Vertrag zwischen dem Vermieter und dem Mieter zu pr\u00e4zisieren.<\/p><p>Die <a href=\"https:\/\/garantie.be\/de\/mietkaution\/\"><span style=\"text-decoration: underline;\">mietkaution<\/span><\/a> ist eine Garantie f\u00fcr den Mietvertrag. ist keine obligatorische Bedingung des mietvertrages, aber ein Absatz \u00fcber die mietkaution findet sich in fast allen mietvertr\u00e4gen in Belgien.<\/p>\t\t\t\t\t\t\t\t<\/div>\n\t\t\t\t<\/div>\n\t\t\t\t\t<\/div>\n\t\t<\/div>\n\t\t\t\t\t<\/div>\n\t\t<\/section>\n\t\t\t\t<section class=\"elementor-section elementor-top-section elementor-element elementor-element-cbcd652 elementor-section-boxed elementor-section-height-default elementor-section-height-default\" data-id=\"cbcd652\" data-element_type=\"section\" data-e-type=\"section\">\n\t\t\t\t\t\t<div class=\"elementor-container elementor-column-gap-default\">\n\t\t\t\t\t<div class=\"elementor-column elementor-col-100 elementor-top-column elementor-element elementor-element-b1ad937\" data-id=\"b1ad937\" data-element_type=\"column\" data-e-type=\"column\">\n\t\t\t<div class=\"elementor-widget-wrap elementor-element-populated\">\n\t\t\t\t\t\t<div class=\"elementor-element elementor-element-1aedfe7 elementor-widget elementor-widget-heading\" data-id=\"1aedfe7\" data-element_type=\"widget\" data-e-type=\"widget\" data-widget_type=\"heading.default\">\n\t\t\t\t<div class=\"elementor-widget-container\">\n\t\t\t\t\t<h2 class=\"elementor-heading-title elementor-size-default\">  Wie lange dauert ein mietvertrag?<\/h2>\t\t\t\t<\/div>\n\t\t\t\t<\/div>\n\t\t\t\t<div class=\"elementor-element elementor-element-e5b4de6 elementor-widget elementor-widget-text-editor\" data-id=\"e5b4de6\" data-element_type=\"widget\" data-e-type=\"widget\" data-widget_type=\"text-editor.default\">\n\t\t\t\t<div class=\"elementor-widget-container\">\n\t\t\t\t\t\t\t\t\t<p>In Belgien gibt es keinen unbefristeten Mietvertrag mehr. Der Mietvertrag muss eine bestimmte Dauer haben. Das Gesetz hat als Grundsatz eine Dauer von 9 Jahren f\u00fcr den Mietvertrag f\u00fcr den Hauptwohnsitz in Belgien festgelegt.  <\/p><p>Das Gesetz erlaubt unter bestimmten Bedingungen auch einen kurzfristigen Mietvertrag (Mietvertrag mit einer Dauer von weniger als 3 Jahren) oder einen langfristigen Mietvertrag (Mietvertrag mit einer Dauer von mehr als 9 Jahren) f\u00fcr den Mietvertrag des Hauptwohnsitzes.<\/p>\t\t\t\t\t\t\t\t<\/div>\n\t\t\t\t<\/div>\n\t\t\t\t<div class=\"elementor-element elementor-element-ee83dff elementor-widget elementor-widget-heading\" data-id=\"ee83dff\" data-element_type=\"widget\" data-e-type=\"widget\" data-widget_type=\"heading.default\">\n\t\t\t\t<div class=\"elementor-widget-container\">\n\t\t\t\t\t<h2 class=\"elementor-heading-title elementor-size-default\">Die verschiedenen Arten von Mietvertr\u00e4gen<\/h2>\t\t\t\t<\/div>\n\t\t\t\t<\/div>\n\t\t\t\t<div class=\"elementor-element elementor-element-e5981bd elementor-widget elementor-widget-text-editor\" data-id=\"e5981bd\" data-element_type=\"widget\" data-e-type=\"widget\" data-widget_type=\"text-editor.default\">\n\t\t\t\t<div class=\"elementor-widget-container\">\n\t\t\t\t\t\t\t\t\t<h3>Pachtvertrag f\u00fcr den Hauptwohnsitz<\/h3><p>Der Hauptwohnsitzmietvertrag ist der Mietvertrag, der sich auf die Wohnung des Hauptwohnsitzes des Mieters bezieht. Um ein Mietvertrag f\u00fcr den Hauptwohnsitz sein zu k\u00f6nnen, muss der Mietvertrag drei zwingende Bedingungen erf\u00fcllen: <\/p><ul><li>Der Mietvertrag muss ein Wohnmietvertrag sein. Dies bedeutet, dass der Mieter erkl\u00e4rt, in der gemieteten Immobilie zu wohnen; <\/li><li>Der Mieter muss auch angeben, dass es sich um seinen Hauptwohnsitz handelt. Der Mieter wohnt also haupts\u00e4chlich in dieser Wohnung; <\/li><li>Der Vermieter stimmt der Nutzung der Immobilie als Hauptwohnsitz zu.<\/li><\/ul><p> <\/p><p>Die Tatsache, dass es sich um einen Mietvertrag f\u00fcr den Hauptwohnsitz handelt, bietet dem Mieter mehrere Schutzmechanismen. Das belgische Gesetz verpflichtet den Vermieter zur Einhaltung zus\u00e4tzlicher Vorschriften bez\u00fcglich des Mietobjekts, die die Sicherheit, Gesundheit und Bewohnbarkeit des Mietobjekts betreffen. Die Regeln f\u00fcr die Dauer und Verl\u00e4ngerung des Mietvertrages f\u00fcr den Hauptwohnsitz sind ebenfalls gesetzlich festgelegt, um die Mieter zu sch\u00fctzen.  <\/p>\t\t\t\t\t\t\t\t<\/div>\n\t\t\t\t<\/div>\n\t\t\t\t<div class=\"elementor-element elementor-element-1f00121 elementor-widget elementor-widget-heading\" data-id=\"1f00121\" data-element_type=\"widget\" data-e-type=\"widget\" data-widget_type=\"heading.default\">\n\t\t\t\t<div class=\"elementor-widget-container\">\n\t\t\t\t\t<h2 class=\"elementor-heading-title elementor-size-default\">Wie man einen mietvertrag registriert<\/h2>\t\t\t\t<\/div>\n\t\t\t\t<\/div>\n\t\t\t\t<div class=\"elementor-element elementor-element-1261727 elementor-widget elementor-widget-text-editor\" data-id=\"1261727\" data-element_type=\"widget\" data-e-type=\"widget\" data-widget_type=\"text-editor.default\">\n\t\t\t\t<div class=\"elementor-widget-container\">\n\t\t\t\t\t\t\t\t\t<p><a href=\"https:\/\/garantie.be\/de\/vermietung-von-immobilien\/registrierung-mietvertrag\/\">Die Registrierung des mietvertrags<\/a> und seiner Anlagen erfolgt beim F\u00f6deralen \u00d6ffentlichen Dienst f\u00fcr Finanzen in Belgien (Myminfin). Die Registrierung kann durch einen Besuch in einem der zust\u00e4ndigen B\u00fcros des f\u00f6deralen Dienstes oder direkt online auf myminfin.be erfolgen.<\/p>\t\t\t\t\t\t\t\t<\/div>\n\t\t\t\t<\/div>\n\t\t\t\t\t<\/div>\n\t\t<\/div>\n\t\t\t\t\t<\/div>\n\t\t<\/section>\n\t\t\t\t<section class=\"elementor-section elementor-top-section elementor-element elementor-element-15d30bb elementor-section-boxed elementor-section-height-default elementor-section-height-default\" data-id=\"15d30bb\" data-element_type=\"section\" data-e-type=\"section\">\n\t\t\t\t\t\t<div class=\"elementor-container elementor-column-gap-default\">\n\t\t\t\t\t<div class=\"elementor-column elementor-col-100 elementor-top-column elementor-element elementor-element-5dc29e2\" data-id=\"5dc29e2\" data-element_type=\"column\" data-e-type=\"column\">\n\t\t\t<div class=\"elementor-widget-wrap elementor-element-populated\">\n\t\t\t\t\t\t<div class=\"elementor-element elementor-element-d154b53 elementor-widget elementor-widget-spacer\" data-id=\"d154b53\" data-element_type=\"widget\" data-e-type=\"widget\" data-widget_type=\"spacer.default\">\n\t\t\t\t<div class=\"elementor-widget-container\">\n\t\t\t\t\t\t\t<div class=\"elementor-spacer\">\n\t\t\t<div class=\"elementor-spacer-inner\"><\/div>\n\t\t<\/div>\n\t\t\t\t\t\t<\/div>\n\t\t\t\t<\/div>\n\t\t\t\t\t<\/div>\n\t\t<\/div>\n\t\t\t\t\t<\/div>\n\t\t<\/section>\n\t\t\t\t<section class=\"elementor-section elementor-top-section elementor-element elementor-element-fdcd484 elementor-section-boxed elementor-section-height-default elementor-section-height-default\" data-id=\"fdcd484\" data-element_type=\"section\" data-e-type=\"section\">\n\t\t\t\t\t\t<div class=\"elementor-container elementor-column-gap-default\">\n\t\t\t\t\t<div class=\"elementor-column elementor-col-100 elementor-top-column elementor-element elementor-element-3c9820c\" data-id=\"3c9820c\" data-element_type=\"column\" data-e-type=\"column\">\n\t\t\t<div class=\"elementor-widget-wrap elementor-element-populated\">\n\t\t\t\t\t\t<div class=\"elementor-element elementor-element-3510e1e elementor-widget elementor-widget-heading\" data-id=\"3510e1e\" data-element_type=\"widget\" data-e-type=\"widget\" data-widget_type=\"heading.default\">\n\t\t\t\t<div class=\"elementor-widget-container\">\n\t\t\t\t\t<h2 class=\"elementor-heading-title elementor-size-default\">Bild eines Mustermietvertrags in Belgien<\/h2>\t\t\t\t<\/div>\n\t\t\t\t<\/div>\n\t\t\t\t<div class=\"elementor-element elementor-element-b7b70f7 elementor-widget elementor-widget-image\" data-id=\"b7b70f7\" data-element_type=\"widget\" data-e-type=\"widget\" data-widget_type=\"image.default\">\n\t\t\t\t<div class=\"elementor-widget-container\">\n\t\t\t\t\t\t\t\t\t\t\t\t<figure class=\"wp-caption\">\n\t\t\t\t\t\t\t\t\t\t<img fetchpriority=\"high\" decoding=\"async\" width=\"627\" height=\"801\" src=\"https:\/\/garantie.be\/wp-content\/uploads\/2022\/01\/Bail-location-Bruxelles.png\" class=\"attachment-large size-large wp-image-15388\" alt=\"mietvertrag Br\u00fcssel\" srcset=\"https:\/\/garantie.be\/wp-content\/uploads\/2022\/01\/Bail-location-Bruxelles.png 627w, https:\/\/garantie.be\/wp-content\/uploads\/2022\/01\/Bail-location-Bruxelles-235x300.png 235w\" sizes=\"(max-width: 627px) 100vw, 627px\" \/>\t\t\t\t\t\t\t\t\t\t\t<figcaption class=\"widget-image-caption wp-caption-text\">Beispiel f\u00fcr einen mietvertrag in Br\u00fcssel<\/figcaption>\n\t\t\t\t\t\t\t\t\t\t<\/figure>\n\t\t\t\t\t\t\t\t\t<\/div>\n\t\t\t\t<\/div>\n\t\t\t\t\t<\/div>\n\t\t<\/div>\n\t\t\t\t\t<\/div>\n\t\t<\/section>\n\t\t\t\t<\/div>\n\t\t","protected":false},"excerpt":{"rendered":"<p>MietvertragBELGIEN Bei der Vermietung einer Immobilie schlie\u00dfen der Vermieter und der Mieter gemeinsam einen Vertrag ab, der die Bedingungen festlegt, unter denen die Vermietung stattfindet. Dieser Vertrag zwischen dem Mieter und dem Vermieter wird als Mietvertrag bezeichnet. Seit 2018 ist der Mietvertrag regional geworden. Jede der drei belgischen Regionen hat ihr eigenes regionales Wohnungsgesetzbuch aufgestellt. [&hellip;]<\/p>\n","protected":false},"author":1,"featured_media":0,"parent":0,"menu_order":0,"comment_status":"closed","ping_status":"closed","template":"","meta":{"footnotes":""},"class_list":["post-15467","page","type-page","status-publish","hentry"],"yoast_head":"<!-- This site is optimized with the Yoast SEO plugin v27.4 - https:\/\/yoast.com\/product\/yoast-seo-wordpress\/ -->\n<title>Mietvertrag f\u00fcr Immobilien<\/title>\n<meta name=\"robots\" content=\"index, follow, max-snippet:-1, max-image-preview:large, max-video-preview:-1\" \/>\n<link rel=\"canonical\" href=\"https:\/\/garantie.be\/de\/vermietung-von-immobilien\/\" \/>\n<meta property=\"og:locale\" content=\"de_DE\" \/>\n<meta property=\"og:type\" content=\"article\" \/>\n<meta property=\"og:title\" content=\"Mietvertrag f\u00fcr Immobilien\" \/>\n<meta property=\"og:description\" content=\"MietvertragBELGIEN Bei der Vermietung einer Immobilie schlie\u00dfen der Vermieter und der Mieter gemeinsam einen Vertrag ab, der die Bedingungen festlegt, unter denen die Vermietung stattfindet. Dieser Vertrag zwischen dem Mieter und dem Vermieter wird als Mietvertrag bezeichnet. Seit 2018 ist der Mietvertrag regional geworden. Jede der drei belgischen Regionen hat ihr eigenes regionales Wohnungsgesetzbuch aufgestellt. [&hellip;]\" \/>\n<meta property=\"og:url\" content=\"https:\/\/garantie.be\/de\/vermietung-von-immobilien\/\" \/>\n<meta property=\"og:site_name\" content=\"Garantie\" \/>\n<meta property=\"article:modified_time\" content=\"2025-10-30T20:26:59+00:00\" \/>\n<meta property=\"og:image\" content=\"https:\/\/garantie.be\/wp-content\/uploads\/2022\/01\/Bail-location-Bruxelles.png\" \/>\n<meta name=\"twitter:card\" content=\"summary_large_image\" \/>\n<meta name=\"twitter:label1\" content=\"Gesch\u00e4tzte Lesezeit\" \/>\n\t<meta name=\"twitter:data1\" content=\"3\u00a0Minuten\" \/>\n<script type=\"application\/ld+json\" class=\"yoast-schema-graph\">{\"@context\":\"https:\\\/\\\/schema.org\",\"@graph\":[{\"@type\":\"WebPage\",\"@id\":\"https:\\\/\\\/garantie.be\\\/de\\\/vermietung-von-immobilien\\\/\",\"url\":\"https:\\\/\\\/garantie.be\\\/de\\\/vermietung-von-immobilien\\\/\",\"name\":\"Mietvertrag f\u00fcr Immobilien\",\"isPartOf\":{\"@id\":\"https:\\\/\\\/garantie.be\\\/de\\\/#website\"},\"primaryImageOfPage\":{\"@id\":\"https:\\\/\\\/garantie.be\\\/de\\\/vermietung-von-immobilien\\\/#primaryimage\"},\"image\":{\"@id\":\"https:\\\/\\\/garantie.be\\\/de\\\/vermietung-von-immobilien\\\/#primaryimage\"},\"thumbnailUrl\":\"https:\\\/\\\/garantie.be\\\/wp-content\\\/uploads\\\/2022\\\/01\\\/Bail-location-Bruxelles.png\",\"datePublished\":\"2022-01-18T16:25:39+00:00\",\"dateModified\":\"2025-10-30T20:26:59+00:00\",\"breadcrumb\":{\"@id\":\"https:\\\/\\\/garantie.be\\\/de\\\/vermietung-von-immobilien\\\/#breadcrumb\"},\"inLanguage\":\"de\",\"potentialAction\":[{\"@type\":\"ReadAction\",\"target\":[\"https:\\\/\\\/garantie.be\\\/de\\\/vermietung-von-immobilien\\\/\"]}]},{\"@type\":\"ImageObject\",\"inLanguage\":\"de\",\"@id\":\"https:\\\/\\\/garantie.be\\\/de\\\/vermietung-von-immobilien\\\/#primaryimage\",\"url\":\"https:\\\/\\\/garantie.be\\\/wp-content\\\/uploads\\\/2022\\\/01\\\/Bail-location-Bruxelles.png\",\"contentUrl\":\"https:\\\/\\\/garantie.be\\\/wp-content\\\/uploads\\\/2022\\\/01\\\/Bail-location-Bruxelles.png\"},{\"@type\":\"BreadcrumbList\",\"@id\":\"https:\\\/\\\/garantie.be\\\/de\\\/vermietung-von-immobilien\\\/#breadcrumb\",\"itemListElement\":[{\"@type\":\"ListItem\",\"position\":1,\"name\":\"Accueil\",\"item\":\"https:\\\/\\\/garantie.be\\\/de\\\/\"},{\"@type\":\"ListItem\",\"position\":2,\"name\":\"Mietvertrag f\u00fcr Immobilien\"}]},{\"@type\":\"WebSite\",\"@id\":\"https:\\\/\\\/garantie.be\\\/de\\\/#website\",\"url\":\"https:\\\/\\\/garantie.be\\\/de\\\/\",\"name\":\"Garantie\",\"description\":\"\",\"publisher\":{\"@id\":\"https:\\\/\\\/garantie.be\\\/de\\\/#organization\"},\"potentialAction\":[{\"@type\":\"SearchAction\",\"target\":{\"@type\":\"EntryPoint\",\"urlTemplate\":\"https:\\\/\\\/garantie.be\\\/de\\\/?s={search_term_string}\"},\"query-input\":{\"@type\":\"PropertyValueSpecification\",\"valueRequired\":true,\"valueName\":\"search_term_string\"}}],\"inLanguage\":\"de\"},{\"@type\":\"Organization\",\"@id\":\"https:\\\/\\\/garantie.be\\\/de\\\/#organization\",\"name\":\"Garantie.be\",\"url\":\"https:\\\/\\\/garantie.be\\\/de\\\/\",\"logo\":{\"@type\":\"ImageObject\",\"inLanguage\":\"de\",\"@id\":\"https:\\\/\\\/garantie.be\\\/de\\\/#\\\/schema\\\/logo\\\/image\\\/\",\"url\":\"\",\"contentUrl\":\"\",\"caption\":\"Garantie.be\"},\"image\":{\"@id\":\"https:\\\/\\\/garantie.be\\\/de\\\/#\\\/schema\\\/logo\\\/image\\\/\"}}]}<\/script>\n<!-- \/ Yoast SEO plugin. -->","yoast_head_json":{"title":"Mietvertrag f\u00fcr Immobilien","robots":{"index":"index","follow":"follow","max-snippet":"max-snippet:-1","max-image-preview":"max-image-preview:large","max-video-preview":"max-video-preview:-1"},"canonical":"https:\/\/garantie.be\/de\/vermietung-von-immobilien\/","og_locale":"de_DE","og_type":"article","og_title":"Mietvertrag f\u00fcr Immobilien","og_description":"MietvertragBELGIEN Bei der Vermietung einer Immobilie schlie\u00dfen der Vermieter und der Mieter gemeinsam einen Vertrag ab, der die Bedingungen festlegt, unter denen die Vermietung stattfindet. Dieser Vertrag zwischen dem Mieter und dem Vermieter wird als Mietvertrag bezeichnet. Seit 2018 ist der Mietvertrag regional geworden. Jede der drei belgischen Regionen hat ihr eigenes regionales Wohnungsgesetzbuch aufgestellt. [&hellip;]","og_url":"https:\/\/garantie.be\/de\/vermietung-von-immobilien\/","og_site_name":"Garantie","article_modified_time":"2025-10-30T20:26:59+00:00","og_image":[{"url":"https:\/\/garantie.be\/wp-content\/uploads\/2022\/01\/Bail-location-Bruxelles.png","type":"","width":"","height":""}],"twitter_card":"summary_large_image","twitter_misc":{"Gesch\u00e4tzte Lesezeit":"3\u00a0Minuten"},"schema":{"@context":"https:\/\/schema.org","@graph":[{"@type":"WebPage","@id":"https:\/\/garantie.be\/de\/vermietung-von-immobilien\/","url":"https:\/\/garantie.be\/de\/vermietung-von-immobilien\/","name":"Mietvertrag f\u00fcr Immobilien","isPartOf":{"@id":"https:\/\/garantie.be\/de\/#website"},"primaryImageOfPage":{"@id":"https:\/\/garantie.be\/de\/vermietung-von-immobilien\/#primaryimage"},"image":{"@id":"https:\/\/garantie.be\/de\/vermietung-von-immobilien\/#primaryimage"},"thumbnailUrl":"https:\/\/garantie.be\/wp-content\/uploads\/2022\/01\/Bail-location-Bruxelles.png","datePublished":"2022-01-18T16:25:39+00:00","dateModified":"2025-10-30T20:26:59+00:00","breadcrumb":{"@id":"https:\/\/garantie.be\/de\/vermietung-von-immobilien\/#breadcrumb"},"inLanguage":"de","potentialAction":[{"@type":"ReadAction","target":["https:\/\/garantie.be\/de\/vermietung-von-immobilien\/"]}]},{"@type":"ImageObject","inLanguage":"de","@id":"https:\/\/garantie.be\/de\/vermietung-von-immobilien\/#primaryimage","url":"https:\/\/garantie.be\/wp-content\/uploads\/2022\/01\/Bail-location-Bruxelles.png","contentUrl":"https:\/\/garantie.be\/wp-content\/uploads\/2022\/01\/Bail-location-Bruxelles.png"},{"@type":"BreadcrumbList","@id":"https:\/\/garantie.be\/de\/vermietung-von-immobilien\/#breadcrumb","itemListElement":[{"@type":"ListItem","position":1,"name":"Accueil","item":"https:\/\/garantie.be\/de\/"},{"@type":"ListItem","position":2,"name":"Mietvertrag f\u00fcr Immobilien"}]},{"@type":"WebSite","@id":"https:\/\/garantie.be\/de\/#website","url":"https:\/\/garantie.be\/de\/","name":"Garantie","description":"","publisher":{"@id":"https:\/\/garantie.be\/de\/#organization"},"potentialAction":[{"@type":"SearchAction","target":{"@type":"EntryPoint","urlTemplate":"https:\/\/garantie.be\/de\/?s={search_term_string}"},"query-input":{"@type":"PropertyValueSpecification","valueRequired":true,"valueName":"search_term_string"}}],"inLanguage":"de"},{"@type":"Organization","@id":"https:\/\/garantie.be\/de\/#organization","name":"Garantie.be","url":"https:\/\/garantie.be\/de\/","logo":{"@type":"ImageObject","inLanguage":"de","@id":"https:\/\/garantie.be\/de\/#\/schema\/logo\/image\/","url":"","contentUrl":"","caption":"Garantie.be"},"image":{"@id":"https:\/\/garantie.be\/de\/#\/schema\/logo\/image\/"}}]}},"_links":{"self":[{"href":"https:\/\/garantie.be\/de\/wp-json\/wp\/v2\/pages\/15467","targetHints":{"allow":["GET"]}}],"collection":[{"href":"https:\/\/garantie.be\/de\/wp-json\/wp\/v2\/pages"}],"about":[{"href":"https:\/\/garantie.be\/de\/wp-json\/wp\/v2\/types\/page"}],"author":[{"embeddable":true,"href":"https:\/\/garantie.be\/de\/wp-json\/wp\/v2\/users\/1"}],"replies":[{"embeddable":true,"href":"https:\/\/garantie.be\/de\/wp-json\/wp\/v2\/comments?post=15467"}],"version-history":[{"count":0,"href":"https:\/\/garantie.be\/de\/wp-json\/wp\/v2\/pages\/15467\/revisions"}],"wp:attachment":[{"href":"https:\/\/garantie.be\/de\/wp-json\/wp\/v2\/media?parent=15467"}],"curies":[{"name":"wp","href":"https:\/\/api.w.org\/{rel}","templated":true}]}}