{"id":15483,"date":"2022-01-18T18:03:54","date_gmt":"2022-01-18T17:03:54","guid":{"rendered":"https:\/\/garantie.be\/garantie-mietbank\/"},"modified":"2025-04-07T11:25:27","modified_gmt":"2025-04-07T09:25:27","slug":"mietkaution-bankburgschaft","status":"publish","type":"page","link":"https:\/\/garantie.be\/de\/mietkaution-bankburgschaft\/","title":{"rendered":"Bankb\u00fcrgschaft Mietkaution | Online-Formular"},"content":{"rendered":"\t\t<div data-elementor-type=\"wp-page\" data-elementor-id=\"15483\" class=\"elementor elementor-15483 elementor-14323\" data-elementor-post-type=\"page\">\n\t\t\t\t\t\t<section class=\"elementor-section elementor-top-section elementor-element elementor-element-7cf6e785 elementor-section-boxed elementor-section-height-default elementor-section-height-default\" data-id=\"7cf6e785\" data-element_type=\"section\" data-e-type=\"section\">\n\t\t\t\t\t\t<div class=\"elementor-container elementor-column-gap-default\">\n\t\t\t\t\t<div class=\"elementor-column elementor-col-100 elementor-top-column elementor-element elementor-element-76f927c3\" data-id=\"76f927c3\" data-element_type=\"column\" data-e-type=\"column\">\n\t\t\t<div class=\"elementor-widget-wrap elementor-element-populated\">\n\t\t\t\t\t\t<div class=\"elementor-element elementor-element-1859ae2a elementor-widget elementor-widget-spacer\" data-id=\"1859ae2a\" data-element_type=\"widget\" data-e-type=\"widget\" data-widget_type=\"spacer.default\">\n\t\t\t\t<div class=\"elementor-widget-container\">\n\t\t\t\t\t\t\t<div class=\"elementor-spacer\">\n\t\t\t<div class=\"elementor-spacer-inner\"><\/div>\n\t\t<\/div>\n\t\t\t\t\t\t<\/div>\n\t\t\t\t<\/div>\n\t\t\t\t<div class=\"elementor-element elementor-element-46e8b9d3 elementor-widget elementor-widget-heading\" data-id=\"46e8b9d3\" data-element_type=\"widget\" data-e-type=\"widget\" data-widget_type=\"heading.default\">\n\t\t\t\t<div class=\"elementor-widget-container\">\n\t\t\t\t\t<h1 class=\"elementor-heading-title elementor-size-default\">Bankb\u00fcrgschaft<br><b>Mietkaution<\/b><\/h1>\t\t\t\t<\/div>\n\t\t\t\t<\/div>\n\t\t\t\t<div class=\"elementor-element elementor-element-5a286d19 elementor-widget elementor-widget-spacer\" data-id=\"5a286d19\" data-element_type=\"widget\" data-e-type=\"widget\" data-widget_type=\"spacer.default\">\n\t\t\t\t<div class=\"elementor-widget-container\">\n\t\t\t\t\t\t\t<div class=\"elementor-spacer\">\n\t\t\t<div class=\"elementor-spacer-inner\"><\/div>\n\t\t<\/div>\n\t\t\t\t\t\t<\/div>\n\t\t\t\t<\/div>\n\t\t\t\t\t<\/div>\n\t\t<\/div>\n\t\t\t\t\t<\/div>\n\t\t<\/section>\n\t\t\t\t<section class=\"elementor-section elementor-top-section elementor-element elementor-element-2d3dbde9 elementor-section-height-min-height elementor-section-content-middle elementor-section-boxed elementor-section-height-default elementor-section-items-middle\" data-id=\"2d3dbde9\" data-element_type=\"section\" data-e-type=\"section\" data-settings=\"{&quot;background_background&quot;:&quot;classic&quot;}\">\n\t\t\t\t\t\t<div class=\"elementor-container elementor-column-gap-default\">\n\t\t\t\t\t<div class=\"elementor-column elementor-col-100 elementor-top-column elementor-element elementor-element-191a8c16\" data-id=\"191a8c16\" data-element_type=\"column\" data-e-type=\"column\">\n\t\t\t<div class=\"elementor-widget-wrap elementor-element-populated\">\n\t\t\t\t\t\t<div class=\"elementor-element elementor-element-3a9596a3 elementor-widget-divider--view-line elementor-widget elementor-widget-divider\" data-id=\"3a9596a3\" data-element_type=\"widget\" data-e-type=\"widget\" data-widget_type=\"divider.default\">\n\t\t\t\t<div class=\"elementor-widget-container\">\n\t\t\t\t\t\t\t<div class=\"elementor-divider\">\n\t\t\t<span class=\"elementor-divider-separator\">\n\t\t\t\t\t\t<\/span>\n\t\t<\/div>\n\t\t\t\t\t\t<\/div>\n\t\t\t\t<\/div>\n\t\t\t\t<div class=\"elementor-element elementor-element-92bf5e1 elementor-widget elementor-widget-heading\" data-id=\"92bf5e1\" data-element_type=\"widget\" data-e-type=\"widget\" data-widget_type=\"heading.default\">\n\t\t\t\t<div class=\"elementor-widget-container\">\n\t\t\t\t\t<h2 class=\"elementor-heading-title elementor-size-default\">Bankb\u00fcrgschaft f\u00fcr die Mietkaution<\/h2>\t\t\t\t<\/div>\n\t\t\t\t<\/div>\n\t\t\t\t<div class=\"elementor-element elementor-element-d8db462 elementor-widget elementor-widget-text-editor\" data-id=\"d8db462\" data-element_type=\"widget\" data-e-type=\"widget\" data-widget_type=\"text-editor.default\">\n\t\t\t\t<div class=\"elementor-widget-container\">\n\t\t\t\t\t\t\t\t\t<p>Um eine Bankb\u00fcrgschaft f\u00fcr die Mietkaution abzuschlie\u00dfen, m\u00fcssen Sie sich, wie der Name schon sagt, an eine Bank wenden und einen speziellen Antrag auf eine Bankkaution stellen. Die von der Bank ausgestellte B\u00fcrgschaft erm\u00f6glicht es einem Mieter, dem Vermieter eine Zahlungsgarantie zu geben. Die Bank des Mieters b\u00fcrgt f\u00fcr den Mieter, der den Betrag in den ersten drei Jahren des Mietverh\u00e4ltnisses monatlich an die Bank zur\u00fcckzahlt.  <\/p>\t\t\t\t\t\t\t\t<\/div>\n\t\t\t\t<\/div>\n\t\t\t\t<div class=\"elementor-element elementor-element-69e0bf7 elementor-widget elementor-widget-text-editor\" data-id=\"69e0bf7\" data-element_type=\"widget\" data-e-type=\"widget\" data-widget_type=\"text-editor.default\">\n\t\t\t\t<div class=\"elementor-widget-container\">\n\t\t\t\t\t\t\t\t\t<p><span style=\"font-weight: 400;\"><strong>Um innerhalb weniger Stunden eine Bescheinigung \u00fcber die Mietkaution zu erhalten<\/strong>, f\u00fcllen Sie einfach das Formular aus, indem Sie auf die Schaltfl\u00e4che <\/span><span style=\"text-decoration: underline;\"><a href=\"https:\/\/garantie.be\/de\/online-mietkaution\/\"><span style=\"font-weight: 400;\">Mietkaution online<\/span><\/a><\/span><span style=\"font-weight: 400;\">.<\/span><\/p>\t\t\t\t\t\t\t\t<\/div>\n\t\t\t\t<\/div>\n\t\t\t\t<div class=\"elementor-element elementor-element-449dd65 elementor-widget elementor-widget-spacer\" data-id=\"449dd65\" data-element_type=\"widget\" data-e-type=\"widget\" data-widget_type=\"spacer.default\">\n\t\t\t\t<div class=\"elementor-widget-container\">\n\t\t\t\t\t\t\t<div class=\"elementor-spacer\">\n\t\t\t<div class=\"elementor-spacer-inner\"><\/div>\n\t\t<\/div>\n\t\t\t\t\t\t<\/div>\n\t\t\t\t<\/div>\n\t\t\t\t<div class=\"elementor-element elementor-element-a2bbcd6 elementor-widget elementor-widget-heading\" data-id=\"a2bbcd6\" data-element_type=\"widget\" data-e-type=\"widget\" data-widget_type=\"heading.default\">\n\t\t\t\t<div class=\"elementor-widget-container\">\n\t\t\t\t\t<h2 class=\"elementor-heading-title elementor-size-default\">Was ist die Mietkaution \u00fcber die Bank?<\/h2>\t\t\t\t<\/div>\n\t\t\t\t<\/div>\n\t\t\t\t<div class=\"elementor-element elementor-element-85fe357 elementor-widget elementor-widget-text-editor\" data-id=\"85fe357\" data-element_type=\"widget\" data-e-type=\"widget\" data-widget_type=\"text-editor.default\">\n\t\t\t\t<div class=\"elementor-widget-container\">\n\t\t\t\t\t\t\t\t\t<p>Die Mietkaution \u00fcber die Bank ist eine kaution, die die Bank im Namen des Mieters dem Vermieter gibt. Die Bankgarantie deckt die Mietverpflichtungen des Mieters im Rahmen des Mietvertrags. Die Bank l\u00e4sst den Mieter einen Garantievertrag unterzeichnen, der ihn verpflichtet, den Garantiebetrag in den ersten Jahren des <a href=\"\">Mietvertrages<\/a> bei der Bank wieder aufzuf\u00fcllen.  <\/p>\t\t\t\t\t\t\t\t<\/div>\n\t\t\t\t<\/div>\n\t\t\t\t<div class=\"elementor-element elementor-element-3b21038 elementor-widget elementor-widget-heading\" data-id=\"3b21038\" data-element_type=\"widget\" data-e-type=\"widget\" data-widget_type=\"heading.default\">\n\t\t\t\t<div class=\"elementor-widget-container\">\n\t\t\t\t\t<h2 class=\"elementor-heading-title elementor-size-default\">Wie funktioniert eine Bankb\u00fcrgschaft f\u00fcr die Mietkaution?<\/h2>\t\t\t\t<\/div>\n\t\t\t\t<\/div>\n\t\t\t\t<div class=\"elementor-element elementor-element-f2a2329 elementor-widget elementor-widget-text-editor\" data-id=\"f2a2329\" data-element_type=\"widget\" data-e-type=\"widget\" data-widget_type=\"text-editor.default\">\n\t\t\t\t<div class=\"elementor-widget-container\">\n\t\t\t\t\t\t\t\t\t<p>Die Bank b\u00fcrgt f\u00fcr den Mieter gegen\u00fcber dem Vermieter in H\u00f6he der im Mietvertrag angegebenen Mietsicherheit. Der Mieter verpflichtet sich im Gegenzug, den Betrag der B\u00fcrgschaft in monatlichen Raten an die Bank zur\u00fcckzuzahlen. In der Regel setzt die Bank eine Frist von 1 bis 3 Jahren, um den Betrag der gew\u00e4hrten Bankgarantie in monatlichen Raten zu begleichen. Wenn der Mieter die monatlichen Zahlungen einstellt, wird die Bank die sofortige Zahlung des gesamten Garantiebetrags verlangen.   <\/p>\t\t\t\t\t\t\t\t<\/div>\n\t\t\t\t<\/div>\n\t\t\t\t<div class=\"elementor-element elementor-element-7705c91 elementor-widget elementor-widget-heading\" data-id=\"7705c91\" data-element_type=\"widget\" data-e-type=\"widget\" data-widget_type=\"heading.default\">\n\t\t\t\t<div class=\"elementor-widget-container\">\n\t\t\t\t\t<h2 class=\"elementor-heading-title elementor-size-default\">Kann man eine Bankb\u00fcrgschaft f\u00fcr die Mietkaution online stellen?<\/h2>\t\t\t\t<\/div>\n\t\t\t\t<\/div>\n\t\t\t\t<div class=\"elementor-element elementor-element-05a67a2 elementor-widget elementor-widget-text-editor\" data-id=\"05a67a2\" data-element_type=\"widget\" data-e-type=\"widget\" data-widget_type=\"text-editor.default\">\n\t\t\t\t<div class=\"elementor-widget-container\">\n\t\t\t\t\t\t\t\t\t<p>Die Banken haben Online-Verfahren im Internet eingerichtet, um einen Antrag auf eine Bankb\u00fcrgschaft f\u00fcr die Mietkaution zu formalisieren. Allerdings k\u00f6nnen nicht alle Schritte online durchgef\u00fchrt werden. Die Einrichtung dieser Art von Garantie erfordert bei allen Banken mindestens einen Termin in der Filiale, um die Verpflichtung zu formalisieren. Die Annahme des Antrags ist nicht automatisch, sondern h\u00e4ngt von der Entscheidung eines internen Ausschusses der jeweiligen Bank ab.    <\/p>\t\t\t\t\t\t\t\t<\/div>\n\t\t\t\t<\/div>\n\t\t\t\t<div class=\"elementor-element elementor-element-90ae9a8 elementor-widget elementor-widget-heading\" data-id=\"90ae9a8\" data-element_type=\"widget\" data-e-type=\"widget\" data-widget_type=\"heading.default\">\n\t\t\t\t<div class=\"elementor-widget-container\">\n\t\t\t\t\t<h2 class=\"elementor-heading-title elementor-size-default\">Welche Bank bietet in Belgien die Bankb\u00fcrgschaft f\u00fcr die Mietkaution an?<\/h2>\t\t\t\t<\/div>\n\t\t\t\t<\/div>\n\t\t\t\t<div class=\"elementor-element elementor-element-2411974 elementor-widget elementor-widget-text-editor\" data-id=\"2411974\" data-element_type=\"widget\" data-e-type=\"widget\" data-widget_type=\"text-editor.default\">\n\t\t\t\t<div class=\"elementor-widget-container\">\n\t\t\t\t\t\t\t\t\t<p>Die Bank, die die Bankb\u00fcrgschaft f\u00fcr die Mietkaution ausstellt, ist die Bank, bei der der Mieter ein Bankkonto hat, auf dem sein Einkommen oder seine Ersatzleistungen eingehen. Die meisten Banken in Belgien bieten eine Bankb\u00fcrgschaft f\u00fcr die Mietkaution an. <\/p><ul><li>Entdecken Sie die <a href=\"https:\/\/garantie.be\/de\/ing-mietkaution\/\">ING Bankb\u00fcrgschaft Mietkaution<\/a><\/li><li>Entdecken Sie die <a href=\"https:\/\/garantie.be\/de\/mietgarantie-fortis\/\">Bankb\u00fcrgschaft Mietkaution BNPPARIBAS Fortis<\/a><\/li><li>Entdecken Sie die <a href=\"https:\/\/garantie.be\/de\/kbc-mietkaution\/\">KBC Bankb\u00fcrgschaft Mietkaution<\/a><\/li><li>Entdecken Sie die <a href=\"https:\/\/garantie.be\/de\/belfius-mietkaution\/\">Belfius Bankb\u00fcrgschaft Mietkaution<\/a><\/li><\/ul>\t\t\t\t\t\t\t\t<\/div>\n\t\t\t\t<\/div>\n\t\t\t\t<div class=\"elementor-element elementor-element-3067b7d elementor-widget elementor-widget-heading\" data-id=\"3067b7d\" data-element_type=\"widget\" data-e-type=\"widget\" data-widget_type=\"heading.default\">\n\t\t\t\t<div class=\"elementor-widget-container\">\n\t\t\t\t\t<h2 class=\"elementor-heading-title elementor-size-default\">Wie wird die Bankb\u00fcrgschaft Mietkaution freigegeben?<\/h2>\t\t\t\t<\/div>\n\t\t\t\t<\/div>\n\t\t\t\t<div class=\"elementor-element elementor-element-2e7d168 elementor-widget elementor-widget-text-editor\" data-id=\"2e7d168\" data-element_type=\"widget\" data-e-type=\"widget\" data-widget_type=\"text-editor.default\">\n\t\t\t\t<div class=\"elementor-widget-container\">\n\t\t\t\t\t\t\t\t\t<p>Die <a href=\"https:\/\/garantie.be\/de\/mietkaution-freigabe-online-formular\/\">Freigabe der Bankgarantie<\/a> erfolgt unter den gleichen Umst\u00e4nden wie bei der klassischen Mietgarantie, die auf einem Bankkonto blockiert wird. Die Bank zahlt den als Garantie gesperrten Betrag gem\u00e4\u00df den vom Mieter und Vermieter gemeinsam \u00fcbermittelten Angaben aus. Beide Parteien legen in der Regel ein gemeinsam unterzeichnetes, kontradiktorisches <a href=\"https:\/\/garantie.be\/de\/inventarmiete\/\">\u00dcbergabeprotokoll<\/a> vor. Wenn sich die Parteien nicht einigen k\u00f6nnen, gibt die Bank die <a href=\"https:\/\/garantie.be\/de\/mietkaution\/\">Mietkaution<\/a> nur auf der Grundlage eines vollstreckbaren Gerichtsurteils frei.    <\/p>\t\t\t\t\t\t\t\t<\/div>\n\t\t\t\t<\/div>\n\t\t\t\t\t<\/div>\n\t\t<\/div>\n\t\t\t\t\t<\/div>\n\t\t<\/section>\n\t\t\t\t<\/div>\n\t\t","protected":false},"excerpt":{"rendered":"<p>Bankb\u00fcrgschaftMietkaution Bankb\u00fcrgschaft f\u00fcr die Mietkaution Um eine Bankb\u00fcrgschaft f\u00fcr die Mietkaution abzuschlie\u00dfen, m\u00fcssen Sie sich, wie der Name schon sagt, an eine Bank wenden und einen speziellen Antrag auf eine Bankkaution stellen. Die von der Bank ausgestellte B\u00fcrgschaft erm\u00f6glicht es einem Mieter, dem Vermieter eine Zahlungsgarantie zu geben. Die Bank des Mieters b\u00fcrgt f\u00fcr den [&hellip;]<\/p>\n","protected":false},"author":1,"featured_media":0,"parent":0,"menu_order":0,"comment_status":"closed","ping_status":"closed","template":"","meta":{"footnotes":""},"class_list":["post-15483","page","type-page","status-publish","hentry"],"yoast_head":"<!-- This site is optimized with the Yoast SEO plugin v27.2 - https:\/\/yoast.com\/product\/yoast-seo-wordpress\/ -->\n<title>Bankb\u00fcrgschaft Mietkaution | Online-Formular<\/title>\n<meta name=\"description\" content=\"Wie man eine Mietkaution \u00fcber die Bank in Belgien erh\u00e4lt, um die Verpflichtungen des Mietvertrags zu erf\u00fcllen\" \/>\n<meta name=\"robots\" content=\"index, follow, max-snippet:-1, max-image-preview:large, max-video-preview:-1\" \/>\n<link rel=\"canonical\" href=\"https:\/\/garantie.be\/de\/mietkaution-bankburgschaft\/\" \/>\n<meta property=\"og:locale\" content=\"de_DE\" \/>\n<meta property=\"og:type\" content=\"article\" \/>\n<meta property=\"og:title\" content=\"Bankb\u00fcrgschaft Mietkaution | Online-Formular\" \/>\n<meta property=\"og:description\" content=\"Wie man eine Mietkaution \u00fcber die Bank in Belgien erh\u00e4lt, um die Verpflichtungen des Mietvertrags zu erf\u00fcllen\" \/>\n<meta property=\"og:url\" content=\"https:\/\/garantie.be\/de\/mietkaution-bankburgschaft\/\" \/>\n<meta property=\"og:site_name\" content=\"Garantie\" \/>\n<meta property=\"article:modified_time\" content=\"2025-04-07T09:25:27+00:00\" \/>\n<meta name=\"twitter:card\" content=\"summary_large_image\" \/>\n<meta name=\"twitter:label1\" content=\"Gesch\u00e4tzte Lesezeit\" \/>\n\t<meta name=\"twitter:data1\" content=\"3\u00a0Minuten\" \/>\n<script type=\"application\/ld+json\" class=\"yoast-schema-graph\">{\"@context\":\"https:\/\/schema.org\",\"@graph\":[{\"@type\":\"WebPage\",\"@id\":\"https:\/\/garantie.be\/de\/mietkaution-bankburgschaft\/\",\"url\":\"https:\/\/garantie.be\/de\/mietkaution-bankburgschaft\/\",\"name\":\"Bankb\u00fcrgschaft Mietkaution | Online-Formular\",\"isPartOf\":{\"@id\":\"https:\/\/garantie.be\/de\/#website\"},\"datePublished\":\"2022-01-18T17:03:54+00:00\",\"dateModified\":\"2025-04-07T09:25:27+00:00\",\"description\":\"Wie man eine Mietkaution \u00fcber die Bank in Belgien erh\u00e4lt, um die Verpflichtungen des Mietvertrags zu erf\u00fcllen\",\"breadcrumb\":{\"@id\":\"https:\/\/garantie.be\/de\/mietkaution-bankburgschaft\/#breadcrumb\"},\"inLanguage\":\"de\",\"potentialAction\":[{\"@type\":\"ReadAction\",\"target\":[\"https:\/\/garantie.be\/de\/mietkaution-bankburgschaft\/\"]}]},{\"@type\":\"BreadcrumbList\",\"@id\":\"https:\/\/garantie.be\/de\/mietkaution-bankburgschaft\/#breadcrumb\",\"itemListElement\":[{\"@type\":\"ListItem\",\"position\":1,\"name\":\"Accueil\",\"item\":\"https:\/\/garantie.be\/de\/\"},{\"@type\":\"ListItem\",\"position\":2,\"name\":\"Bankb\u00fcrgschaft Mietkaution | Online-Formular\"}]},{\"@type\":\"WebSite\",\"@id\":\"https:\/\/garantie.be\/de\/#website\",\"url\":\"https:\/\/garantie.be\/de\/\",\"name\":\"Garantie\",\"description\":\"\",\"publisher\":{\"@id\":\"https:\/\/garantie.be\/de\/#organization\"},\"potentialAction\":[{\"@type\":\"SearchAction\",\"target\":{\"@type\":\"EntryPoint\",\"urlTemplate\":\"https:\/\/garantie.be\/de\/?s={search_term_string}\"},\"query-input\":{\"@type\":\"PropertyValueSpecification\",\"valueRequired\":true,\"valueName\":\"search_term_string\"}}],\"inLanguage\":\"de\"},{\"@type\":\"Organization\",\"@id\":\"https:\/\/garantie.be\/de\/#organization\",\"name\":\"Garantie.be\",\"url\":\"https:\/\/garantie.be\/de\/\",\"logo\":{\"@type\":\"ImageObject\",\"inLanguage\":\"de\",\"@id\":\"https:\/\/garantie.be\/de\/#\/schema\/logo\/image\/\",\"url\":\"\",\"contentUrl\":\"\",\"caption\":\"Garantie.be\"},\"image\":{\"@id\":\"https:\/\/garantie.be\/de\/#\/schema\/logo\/image\/\"}}]}<\/script>\n<!-- \/ Yoast SEO plugin. -->","yoast_head_json":{"title":"Bankb\u00fcrgschaft Mietkaution | Online-Formular","description":"Wie man eine Mietkaution \u00fcber die Bank in Belgien erh\u00e4lt, um die Verpflichtungen des Mietvertrags zu erf\u00fcllen","robots":{"index":"index","follow":"follow","max-snippet":"max-snippet:-1","max-image-preview":"max-image-preview:large","max-video-preview":"max-video-preview:-1"},"canonical":"https:\/\/garantie.be\/de\/mietkaution-bankburgschaft\/","og_locale":"de_DE","og_type":"article","og_title":"Bankb\u00fcrgschaft Mietkaution | Online-Formular","og_description":"Wie man eine Mietkaution \u00fcber die Bank in Belgien erh\u00e4lt, um die Verpflichtungen des Mietvertrags zu erf\u00fcllen","og_url":"https:\/\/garantie.be\/de\/mietkaution-bankburgschaft\/","og_site_name":"Garantie","article_modified_time":"2025-04-07T09:25:27+00:00","twitter_card":"summary_large_image","twitter_misc":{"Gesch\u00e4tzte Lesezeit":"3\u00a0Minuten"},"schema":{"@context":"https:\/\/schema.org","@graph":[{"@type":"WebPage","@id":"https:\/\/garantie.be\/de\/mietkaution-bankburgschaft\/","url":"https:\/\/garantie.be\/de\/mietkaution-bankburgschaft\/","name":"Bankb\u00fcrgschaft Mietkaution | Online-Formular","isPartOf":{"@id":"https:\/\/garantie.be\/de\/#website"},"datePublished":"2022-01-18T17:03:54+00:00","dateModified":"2025-04-07T09:25:27+00:00","description":"Wie man eine Mietkaution \u00fcber die Bank in Belgien erh\u00e4lt, um die Verpflichtungen des Mietvertrags zu erf\u00fcllen","breadcrumb":{"@id":"https:\/\/garantie.be\/de\/mietkaution-bankburgschaft\/#breadcrumb"},"inLanguage":"de","potentialAction":[{"@type":"ReadAction","target":["https:\/\/garantie.be\/de\/mietkaution-bankburgschaft\/"]}]},{"@type":"BreadcrumbList","@id":"https:\/\/garantie.be\/de\/mietkaution-bankburgschaft\/#breadcrumb","itemListElement":[{"@type":"ListItem","position":1,"name":"Accueil","item":"https:\/\/garantie.be\/de\/"},{"@type":"ListItem","position":2,"name":"Bankb\u00fcrgschaft Mietkaution | Online-Formular"}]},{"@type":"WebSite","@id":"https:\/\/garantie.be\/de\/#website","url":"https:\/\/garantie.be\/de\/","name":"Garantie","description":"","publisher":{"@id":"https:\/\/garantie.be\/de\/#organization"},"potentialAction":[{"@type":"SearchAction","target":{"@type":"EntryPoint","urlTemplate":"https:\/\/garantie.be\/de\/?s={search_term_string}"},"query-input":{"@type":"PropertyValueSpecification","valueRequired":true,"valueName":"search_term_string"}}],"inLanguage":"de"},{"@type":"Organization","@id":"https:\/\/garantie.be\/de\/#organization","name":"Garantie.be","url":"https:\/\/garantie.be\/de\/","logo":{"@type":"ImageObject","inLanguage":"de","@id":"https:\/\/garantie.be\/de\/#\/schema\/logo\/image\/","url":"","contentUrl":"","caption":"Garantie.be"},"image":{"@id":"https:\/\/garantie.be\/de\/#\/schema\/logo\/image\/"}}]}},"_links":{"self":[{"href":"https:\/\/garantie.be\/de\/wp-json\/wp\/v2\/pages\/15483","targetHints":{"allow":["GET"]}}],"collection":[{"href":"https:\/\/garantie.be\/de\/wp-json\/wp\/v2\/pages"}],"about":[{"href":"https:\/\/garantie.be\/de\/wp-json\/wp\/v2\/types\/page"}],"author":[{"embeddable":true,"href":"https:\/\/garantie.be\/de\/wp-json\/wp\/v2\/users\/1"}],"replies":[{"embeddable":true,"href":"https:\/\/garantie.be\/de\/wp-json\/wp\/v2\/comments?post=15483"}],"version-history":[{"count":0,"href":"https:\/\/garantie.be\/de\/wp-json\/wp\/v2\/pages\/15483\/revisions"}],"wp:attachment":[{"href":"https:\/\/garantie.be\/de\/wp-json\/wp\/v2\/media?parent=15483"}],"curies":[{"name":"wp","href":"https:\/\/api.w.org\/{rel}","templated":true}]}}