{"id":16622,"date":"2025-03-18T14:17:29","date_gmt":"2025-03-18T13:17:29","guid":{"rendered":"https:\/\/garantie.be\/kautionen\/"},"modified":"2026-04-09T19:42:03","modified_gmt":"2026-04-09T17:42:03","slug":"kautionen","status":"publish","type":"page","link":"https:\/\/garantie.be\/de\/kautionen\/","title":{"rendered":"Die Hinterlegung der mietkaution in Immobilien"},"content":{"rendered":"\t\t<div data-elementor-type=\"wp-page\" data-elementor-id=\"16622\" class=\"elementor elementor-16622 elementor-16607\" data-elementor-post-type=\"page\">\n\t\t\t\t\t\t<section class=\"elementor-section elementor-top-section elementor-element elementor-element-70128eae elementor-section-boxed elementor-section-height-default elementor-section-height-default\" data-id=\"70128eae\" data-element_type=\"section\" data-e-type=\"section\">\n\t\t\t\t\t\t<div class=\"elementor-container elementor-column-gap-default\">\n\t\t\t\t\t<div class=\"elementor-column elementor-col-100 elementor-top-column elementor-element elementor-element-16d6919d\" data-id=\"16d6919d\" data-element_type=\"column\" data-e-type=\"column\">\n\t\t\t<div class=\"elementor-widget-wrap elementor-element-populated\">\n\t\t\t\t\t\t<div class=\"elementor-element elementor-element-7db7ae4c elementor-widget elementor-widget-spacer\" data-id=\"7db7ae4c\" data-element_type=\"widget\" data-e-type=\"widget\" data-widget_type=\"spacer.default\">\n\t\t\t\t<div class=\"elementor-widget-container\">\n\t\t\t\t\t\t\t<div class=\"elementor-spacer\">\n\t\t\t<div class=\"elementor-spacer-inner\"><\/div>\n\t\t<\/div>\n\t\t\t\t\t\t<\/div>\n\t\t\t\t<\/div>\n\t\t\t\t<div class=\"elementor-element elementor-element-712c0e9e elementor-widget elementor-widget-heading\" data-id=\"712c0e9e\" data-element_type=\"widget\" data-e-type=\"widget\" data-widget_type=\"heading.default\">\n\t\t\t\t<div class=\"elementor-widget-container\">\n\t\t\t\t\t<h1 class=\"elementor-heading-title elementor-size-default\"><b>Die Kaution<\/b><br>Immobilienvermietung<\/h1>\t\t\t\t<\/div>\n\t\t\t\t<\/div>\n\t\t\t\t<div class=\"elementor-element elementor-element-55fce9d5 elementor-widget elementor-widget-spacer\" data-id=\"55fce9d5\" data-element_type=\"widget\" data-e-type=\"widget\" data-widget_type=\"spacer.default\">\n\t\t\t\t<div class=\"elementor-widget-container\">\n\t\t\t\t\t\t\t<div class=\"elementor-spacer\">\n\t\t\t<div class=\"elementor-spacer-inner\"><\/div>\n\t\t<\/div>\n\t\t\t\t\t\t<\/div>\n\t\t\t\t<\/div>\n\t\t\t\t<div class=\"elementor-element elementor-element-1f2a8c6f elementor-widget elementor-widget-text-editor\" data-id=\"1f2a8c6f\" data-element_type=\"widget\" data-e-type=\"widget\" data-widget_type=\"text-editor.default\">\n\t\t\t\t<div class=\"elementor-widget-container\">\n\t\t\t\t\t\t\t\t\t<p>Der Vermieter einer Mietimmobilie kann vom Mieter eine mietkaution verlangen, die je nach Region in Belgien 2 oder 3 Monatsmieten entspricht. Sie muss bei Unterzeichnung des Mietvertrags oder innerhalb eines Monats nach dem Einzug in die Wohnung geleistet werden. Diese mietkaution dient dazu, eventuelle Sch\u00e4den des Mieters beim Auszug aus dem mietvertrag abzudecken.  <\/p><p>Um eine Mietkaution zu erhalten <strong>, ohne eine Bankeinlage zu machen,<\/strong> m\u00fcssen Sie lediglich eine Kaution bei garantie.be beantragen, indem Sie auf <span style=\"text-decoration: underline;\"><a href=\"https:\/\/garantie.be\/de\/online-mietkaution\/\">mietkaution online.<\/a><\/span><\/p>\t\t\t\t\t\t\t\t<\/div>\n\t\t\t\t<\/div>\n\t\t\t\t<div class=\"elementor-element elementor-element-5c4908d elementor-widget elementor-widget-heading\" data-id=\"5c4908d\" data-element_type=\"widget\" data-e-type=\"widget\" data-widget_type=\"heading.default\">\n\t\t\t\t<div class=\"elementor-widget-container\">\n\t\t\t\t\t<h2 class=\"elementor-heading-title elementor-size-default\">Was ist eine Mietkaution?<\/h2>\t\t\t\t<\/div>\n\t\t\t\t<\/div>\n\t\t\t\t<div class=\"elementor-element elementor-element-813cc06 elementor-widget elementor-widget-text-editor\" data-id=\"813cc06\" data-element_type=\"widget\" data-e-type=\"widget\" data-widget_type=\"text-editor.default\">\n\t\t\t\t<div class=\"elementor-widget-container\">\n\t\t\t\t\t\t\t\t\t<p>Dies ist ein Geldbetrag, der zwei oder drei Monatsmieten entspricht. Dieser Betrag wird zugunsten des Vermieters der Wohnung blockiert. <\/p><p>Es gibt mehrere M\u00f6glichkeiten, sie zu bilden:  <\/p><ul><li>Eine Bankgarantie abgeben <span style=\"text-decoration: underline;\"><a href=\"https:\/\/garantie.be\/de\/mietkaution-bankburgschaft\/\">Bankgarantie<\/a><\/span> bei einer Bank Ihrer Wahl. Die Bank \u00fcbernimmt die B\u00fcrgschaft f\u00fcr den Mieter. Im Gegenzug f\u00fcllt der Mieter den B\u00fcrgschaftsbetrag durch Zahlung gleichbleibender monatlicher Raten wieder auf. Die maximale Frist f\u00fcr die Wiederauff\u00fcllung der B\u00fcrgschaft betr\u00e4gt 3 Jahre. Die Bankb\u00fcrgschaft wird nach Terminvereinbarung mit der Bank erteilt.    <\/li><li>Erhalt einer <span style=\"text-decoration: underline;\"><a href=\"https:\/\/garantie.be\/de\/miet-kaution-belgien\/\">Mietkaution<\/a><\/span> ohne das Geld bei <strong>Garantie.be<\/strong> zu blockieren. Stellen Sie einfach einen Antrag. <span style=\"text-decoration: underline;\"><a href=\"https:\/\/garantie.be\/de\/online-mietkaution\/\">Online-Antrag auf eine B\u00fcrgschaft<\/a><\/span> und f\u00fcgen Sie die geforderten Dokumente bei. Das Verfahren ist einfach, schnell und sicher. Die sofortige Bearbeitung erm\u00f6glicht es, die B\u00fcrgschaft innerhalb weniger Stunden zu erhalten.   <\/li><li>Machen Sie eine <span style=\"text-decoration: underline;\"><a href=\"https:\/\/garantie.be\/de\/korfine-mietkaution\/\">Korfine mietkaution<\/a><\/span> indem Sie die Gelder blockieren. Korfine ist ein Makler, der eine Lebensversicherung anbietet. Der Mieter hinterlegt die gesamte Mietkaution in einem Vertrag. Das Verfahren wird online durchgef\u00fchrt und erfordert das Ausdrucken, Unterschreiben und Zur\u00fccksenden von Dokumenten. Die Bearbeitungszeit betr\u00e4gt einige Tage.    <\/li><li>Er\u00f6ffnung eines <strong>Sperrkontos bei einer Bank<\/strong>. Das gesamte Geld wird eingezahlt und bis zum Ende des Mietverh\u00e4ltnisses blockiert. Die Garantie kann nur mit Zustimmung des Vermieters und des Mieters freigegeben werden. Die Abwicklung ist langwierig, da ein Termin bei der Bank vereinbart werden muss.   <\/li><\/ul>\t\t\t\t\t\t\t\t<\/div>\n\t\t\t\t<\/div>\n\t\t\t\t<div class=\"elementor-element elementor-element-370bccd elementor-widget elementor-widget-heading\" data-id=\"370bccd\" data-element_type=\"widget\" data-e-type=\"widget\" data-widget_type=\"heading.default\">\n\t\t\t\t<div class=\"elementor-widget-container\">\n\t\t\t\t\t<h2 class=\"elementor-heading-title elementor-size-default\">Wozu dient die mietkaution?<\/h2>\t\t\t\t<\/div>\n\t\t\t\t<\/div>\n\t\t\t\t<div class=\"elementor-element elementor-element-f176d1f elementor-widget elementor-widget-text-editor\" data-id=\"f176d1f\" data-element_type=\"widget\" data-e-type=\"widget\" data-widget_type=\"text-editor.default\">\n\t\t\t\t<div class=\"elementor-widget-container\">\n\t\t\t\t\t\t\t\t\t<p>Die Kaution dient dem Vermieter dazu, sich gegen Sch\u00e4den oder ausstehende Zahlungen des Mieters zu sch\u00fctzen. Die Kaution kann nicht zur Zahlung von Mieten w\u00e4hrend des Mietverh\u00e4ltnisses verwendet werden.  Der Schaden wird bei der Abreise beziffert. <span style=\"text-decoration: underline;\"><a href=\"https:\/\/garantie.be\/de\/leitfaden-mieter-belgien\/bestandsaufnahme-bei-mietabschluss\/\">wohnungs\u00fcbergabeprotokoll.<\/a><\/span>. <\/p>\t\t\t\t\t\t\t\t<\/div>\n\t\t\t\t<\/div>\n\t\t\t\t<div class=\"elementor-element elementor-element-9809ebc elementor-widget elementor-widget-heading\" data-id=\"9809ebc\" data-element_type=\"widget\" data-e-type=\"widget\" data-widget_type=\"heading.default\">\n\t\t\t\t<div class=\"elementor-widget-container\">\n\t\t\t\t\t<h2 class=\"elementor-heading-title elementor-size-default\">Wie kann ich die R\u00fcckerstattung der Kaution erhalten?<\/h2>\t\t\t\t<\/div>\n\t\t\t\t<\/div>\n\t\t\t\t<div class=\"elementor-element elementor-element-6949332 elementor-widget elementor-widget-text-editor\" data-id=\"6949332\" data-element_type=\"widget\" data-e-type=\"widget\" data-widget_type=\"text-editor.default\">\n\t\t\t\t<div class=\"elementor-widget-container\">\n\t\t\t\t\t\t\t\t\t<p>Es gibt verschiedene Szenarien f\u00fcr die R\u00fcckgabe der Kaution:<\/p>\n<ul>\n<li>Vollst\u00e4ndige R\u00fcckgabe, wenn der Mieter keine Schulden oder Sch\u00e4den hat.<\/li>\n<li>Teilr\u00fcckgabe abz\u00fcglich eventueller Sch\u00e4den<\/li>\n<li>Keine R\u00fcckerstattung, wenn der Schaden die H\u00f6he der Kaution erreicht.<\/li>\n<\/ul>\n<p> <\/p>\n<p>In einigen F\u00e4llen reicht die Kaution nicht aus, um alle Kosten zu decken. Der Antrag auf R\u00fcckerstattung erfolgt durch Ausf\u00fcllen des Formulars f\u00fcr die R\u00fcckerstattung der Mietkaution. <span style=\"text-decoration: underline;\"><a href=\"https:\/\/garantie.be\/de\/mietkaution-freigabe-online-formular\/\">Freigabe der mietkaution.<\/a><\/span>. <\/p>\t\t\t\t\t\t\t\t<\/div>\n\t\t\t\t<\/div>\n\t\t\t\t<div class=\"elementor-element elementor-element-e0fa0cb elementor-widget elementor-widget-heading\" data-id=\"e0fa0cb\" data-element_type=\"widget\" data-e-type=\"widget\" data-widget_type=\"heading.default\">\n\t\t\t\t<div class=\"elementor-widget-container\">\n\t\t\t\t\t<h2 class=\"elementor-heading-title elementor-size-default\">Die mietkaution ohne Hinterlegung von Geldern<\/h2>\t\t\t\t<\/div>\n\t\t\t\t<\/div>\n\t\t\t\t<div class=\"elementor-element elementor-element-cca6016 elementor-widget elementor-widget-text-editor\" data-id=\"cca6016\" data-element_type=\"widget\" data-e-type=\"widget\" data-widget_type=\"text-editor.default\">\n\t\t\t\t<div class=\"elementor-widget-container\">\n\t\t\t\t\t\t\t\t\t<p>Es ist m\u00f6glich, eine mietkaution zu erhalten, ohne Geld bei einer Bank zu blockieren.<\/p>\n<p>Sie m\u00fcssen einen Antrag auf eine Mietgarantie stellen. <span style=\"text-decoration: underline;\"><a href=\"https:\/\/garantie.be\/de\/online-mietkaution\/\">mietkaution.de online beantragen.<\/a><\/span> bei Garantie.be einreichen. Sie k\u00f6nnen innerhalb weniger Stunden eine Mietkaution beantragen. Das Verfahren ist sehr schnell, da es online durchgef\u00fchrt wird.   Es ist nicht notwendig, zur Bank zu gehen oder Dokumente auszudrucken. <\/p>\t\t\t\t\t\t\t\t<\/div>\n\t\t\t\t<\/div>\n\t\t\t\t<div class=\"elementor-element elementor-element-fdec7e6 elementor-widget elementor-widget-heading\" data-id=\"fdec7e6\" data-element_type=\"widget\" data-e-type=\"widget\" data-widget_type=\"heading.default\">\n\t\t\t\t<div class=\"elementor-widget-container\">\n\t\t\t\t\t<h2 class=\"elementor-heading-title elementor-size-default\">Die mietkaution auf e-DEPO des F\u00d6D Finanzen<\/h2>\t\t\t\t<\/div>\n\t\t\t\t<\/div>\n\t\t\t\t<div class=\"elementor-element elementor-element-fcbbeaf elementor-widget elementor-widget-text-editor\" data-id=\"fcbbeaf\" data-element_type=\"widget\" data-e-type=\"widget\" data-widget_type=\"text-editor.default\">\n\t\t\t\t<div class=\"elementor-widget-container\">\n\t\t\t\t\t\t\t\t\t<p>Dieser Online-Blockierungsservice f\u00fcr Kautionsgelder wird vom F\u00f6deralen \u00d6ffentlichen Dienst (F\u00d6D) angeboten. Der Mieter hinterlegt das Geld bei der belgischen Depositen- und Konsignationskasse. Die <span style=\"text-decoration: underline;\"><a href=\"https:\/\/garantie.be\/de\/garantie-lokal-e-depo\/\">mietkaution e-Depo<\/a><\/span> ist \u00fcber das Portal MyMinfin zug\u00e4nglich. Der Vorgang ist schnell, aber Sie ben\u00f6tigen einen nationalen Personalausweis, um sich in den Online-Dienst einloggen zu k\u00f6nnen.   <\/p>\t\t\t\t\t\t\t\t<\/div>\n\t\t\t\t<\/div>\n\t\t\t\t\t<\/div>\n\t\t<\/div>\n\t\t\t\t\t<\/div>\n\t\t<\/section>\n\t\t\t\t<\/div>\n\t\t","protected":false},"excerpt":{"rendered":"<p>Die KautionImmobilienvermietung Der Vermieter einer Mietimmobilie kann vom Mieter eine mietkaution verlangen, die je nach Region in Belgien 2 oder 3 Monatsmieten entspricht. Sie muss bei Unterzeichnung des Mietvertrags oder innerhalb eines Monats nach dem Einzug in die Wohnung geleistet werden. Diese mietkaution dient dazu, eventuelle Sch\u00e4den des Mieters beim Auszug aus dem mietvertrag abzudecken. [&hellip;]<\/p>\n","protected":false},"author":1,"featured_media":0,"parent":0,"menu_order":0,"comment_status":"closed","ping_status":"closed","template":"","meta":{"footnotes":""},"class_list":["post-16622","page","type-page","status-publish","hentry"],"yoast_head":"<!-- This site is optimized with the Yoast SEO plugin v27.4 - https:\/\/yoast.com\/product\/yoast-seo-wordpress\/ -->\n<title>Die Hinterlegung der mietkaution in Immobilien<\/title>\n<meta name=\"description\" content=\"Die mietkaution an den Vermieter dient dazu, eventuelle Sch\u00e4den des Mieters bei Auszug aus dem mietvertrag zu decken.\" \/>\n<meta name=\"robots\" content=\"index, follow, max-snippet:-1, max-image-preview:large, max-video-preview:-1\" \/>\n<link rel=\"canonical\" href=\"https:\/\/garantie.be\/de\/kautionen\/\" \/>\n<meta property=\"og:locale\" content=\"de_DE\" \/>\n<meta property=\"og:type\" content=\"article\" \/>\n<meta property=\"og:title\" content=\"Die Hinterlegung der mietkaution in Immobilien\" \/>\n<meta property=\"og:description\" content=\"Die mietkaution an den Vermieter dient dazu, eventuelle Sch\u00e4den des Mieters bei Auszug aus dem mietvertrag zu decken.\" \/>\n<meta property=\"og:url\" content=\"https:\/\/garantie.be\/de\/kautionen\/\" \/>\n<meta property=\"og:site_name\" content=\"Garantie\" \/>\n<meta property=\"article:modified_time\" content=\"2026-04-09T17:42:03+00:00\" \/>\n<meta name=\"twitter:card\" content=\"summary_large_image\" \/>\n<meta name=\"twitter:label1\" content=\"Gesch\u00e4tzte Lesezeit\" \/>\n\t<meta name=\"twitter:data1\" content=\"3\u00a0Minuten\" \/>\n<script type=\"application\/ld+json\" class=\"yoast-schema-graph\">{\"@context\":\"https:\\\/\\\/schema.org\",\"@graph\":[{\"@type\":\"WebPage\",\"@id\":\"https:\\\/\\\/garantie.be\\\/de\\\/kautionen\\\/\",\"url\":\"https:\\\/\\\/garantie.be\\\/de\\\/kautionen\\\/\",\"name\":\"Die Hinterlegung der mietkaution in Immobilien\",\"isPartOf\":{\"@id\":\"https:\\\/\\\/garantie.be\\\/de\\\/#website\"},\"datePublished\":\"2025-03-18T13:17:29+00:00\",\"dateModified\":\"2026-04-09T17:42:03+00:00\",\"description\":\"Die mietkaution an den Vermieter dient dazu, eventuelle Sch\u00e4den des Mieters bei Auszug aus dem mietvertrag zu decken.\",\"breadcrumb\":{\"@id\":\"https:\\\/\\\/garantie.be\\\/de\\\/kautionen\\\/#breadcrumb\"},\"inLanguage\":\"de\",\"potentialAction\":[{\"@type\":\"ReadAction\",\"target\":[\"https:\\\/\\\/garantie.be\\\/de\\\/kautionen\\\/\"]}]},{\"@type\":\"BreadcrumbList\",\"@id\":\"https:\\\/\\\/garantie.be\\\/de\\\/kautionen\\\/#breadcrumb\",\"itemListElement\":[{\"@type\":\"ListItem\",\"position\":1,\"name\":\"Accueil\",\"item\":\"https:\\\/\\\/garantie.be\\\/de\\\/\"},{\"@type\":\"ListItem\",\"position\":2,\"name\":\"Die Hinterlegung der mietkaution in Immobilien\"}]},{\"@type\":\"WebSite\",\"@id\":\"https:\\\/\\\/garantie.be\\\/de\\\/#website\",\"url\":\"https:\\\/\\\/garantie.be\\\/de\\\/\",\"name\":\"Garantie\",\"description\":\"\",\"publisher\":{\"@id\":\"https:\\\/\\\/garantie.be\\\/de\\\/#organization\"},\"potentialAction\":[{\"@type\":\"SearchAction\",\"target\":{\"@type\":\"EntryPoint\",\"urlTemplate\":\"https:\\\/\\\/garantie.be\\\/de\\\/?s={search_term_string}\"},\"query-input\":{\"@type\":\"PropertyValueSpecification\",\"valueRequired\":true,\"valueName\":\"search_term_string\"}}],\"inLanguage\":\"de\"},{\"@type\":\"Organization\",\"@id\":\"https:\\\/\\\/garantie.be\\\/de\\\/#organization\",\"name\":\"Garantie.be\",\"url\":\"https:\\\/\\\/garantie.be\\\/de\\\/\",\"logo\":{\"@type\":\"ImageObject\",\"inLanguage\":\"de\",\"@id\":\"https:\\\/\\\/garantie.be\\\/de\\\/#\\\/schema\\\/logo\\\/image\\\/\",\"url\":\"\",\"contentUrl\":\"\",\"caption\":\"Garantie.be\"},\"image\":{\"@id\":\"https:\\\/\\\/garantie.be\\\/de\\\/#\\\/schema\\\/logo\\\/image\\\/\"}}]}<\/script>\n<!-- \/ Yoast SEO plugin. -->","yoast_head_json":{"title":"Die Hinterlegung der mietkaution in Immobilien","description":"Die mietkaution an den Vermieter dient dazu, eventuelle Sch\u00e4den des Mieters bei Auszug aus dem mietvertrag zu decken.","robots":{"index":"index","follow":"follow","max-snippet":"max-snippet:-1","max-image-preview":"max-image-preview:large","max-video-preview":"max-video-preview:-1"},"canonical":"https:\/\/garantie.be\/de\/kautionen\/","og_locale":"de_DE","og_type":"article","og_title":"Die Hinterlegung der mietkaution in Immobilien","og_description":"Die mietkaution an den Vermieter dient dazu, eventuelle Sch\u00e4den des Mieters bei Auszug aus dem mietvertrag zu decken.","og_url":"https:\/\/garantie.be\/de\/kautionen\/","og_site_name":"Garantie","article_modified_time":"2026-04-09T17:42:03+00:00","twitter_card":"summary_large_image","twitter_misc":{"Gesch\u00e4tzte Lesezeit":"3\u00a0Minuten"},"schema":{"@context":"https:\/\/schema.org","@graph":[{"@type":"WebPage","@id":"https:\/\/garantie.be\/de\/kautionen\/","url":"https:\/\/garantie.be\/de\/kautionen\/","name":"Die Hinterlegung der mietkaution in Immobilien","isPartOf":{"@id":"https:\/\/garantie.be\/de\/#website"},"datePublished":"2025-03-18T13:17:29+00:00","dateModified":"2026-04-09T17:42:03+00:00","description":"Die mietkaution an den Vermieter dient dazu, eventuelle Sch\u00e4den des Mieters bei Auszug aus dem mietvertrag zu decken.","breadcrumb":{"@id":"https:\/\/garantie.be\/de\/kautionen\/#breadcrumb"},"inLanguage":"de","potentialAction":[{"@type":"ReadAction","target":["https:\/\/garantie.be\/de\/kautionen\/"]}]},{"@type":"BreadcrumbList","@id":"https:\/\/garantie.be\/de\/kautionen\/#breadcrumb","itemListElement":[{"@type":"ListItem","position":1,"name":"Accueil","item":"https:\/\/garantie.be\/de\/"},{"@type":"ListItem","position":2,"name":"Die Hinterlegung der mietkaution in Immobilien"}]},{"@type":"WebSite","@id":"https:\/\/garantie.be\/de\/#website","url":"https:\/\/garantie.be\/de\/","name":"Garantie","description":"","publisher":{"@id":"https:\/\/garantie.be\/de\/#organization"},"potentialAction":[{"@type":"SearchAction","target":{"@type":"EntryPoint","urlTemplate":"https:\/\/garantie.be\/de\/?s={search_term_string}"},"query-input":{"@type":"PropertyValueSpecification","valueRequired":true,"valueName":"search_term_string"}}],"inLanguage":"de"},{"@type":"Organization","@id":"https:\/\/garantie.be\/de\/#organization","name":"Garantie.be","url":"https:\/\/garantie.be\/de\/","logo":{"@type":"ImageObject","inLanguage":"de","@id":"https:\/\/garantie.be\/de\/#\/schema\/logo\/image\/","url":"","contentUrl":"","caption":"Garantie.be"},"image":{"@id":"https:\/\/garantie.be\/de\/#\/schema\/logo\/image\/"}}]}},"_links":{"self":[{"href":"https:\/\/garantie.be\/de\/wp-json\/wp\/v2\/pages\/16622","targetHints":{"allow":["GET"]}}],"collection":[{"href":"https:\/\/garantie.be\/de\/wp-json\/wp\/v2\/pages"}],"about":[{"href":"https:\/\/garantie.be\/de\/wp-json\/wp\/v2\/types\/page"}],"author":[{"embeddable":true,"href":"https:\/\/garantie.be\/de\/wp-json\/wp\/v2\/users\/1"}],"replies":[{"embeddable":true,"href":"https:\/\/garantie.be\/de\/wp-json\/wp\/v2\/comments?post=16622"}],"version-history":[{"count":2,"href":"https:\/\/garantie.be\/de\/wp-json\/wp\/v2\/pages\/16622\/revisions"}],"predecessor-version":[{"id":21488,"href":"https:\/\/garantie.be\/de\/wp-json\/wp\/v2\/pages\/16622\/revisions\/21488"}],"wp:attachment":[{"href":"https:\/\/garantie.be\/de\/wp-json\/wp\/v2\/media?parent=16622"}],"curies":[{"name":"wp","href":"https:\/\/api.w.org\/{rel}","templated":true}]}}