{"id":16713,"date":"2025-03-19T16:18:24","date_gmt":"2025-03-19T15:18:24","guid":{"rendered":"https:\/\/garantie.be\/miet-kaution-belgien\/"},"modified":"2026-01-19T15:31:43","modified_gmt":"2026-01-19T14:31:43","slug":"miet-kaution-belgien","status":"publish","type":"page","link":"https:\/\/garantie.be\/de\/miet-kaution-belgien\/","title":{"rendered":"Die Mietkaution f\u00fcr Immobilien in Belgien"},"content":{"rendered":"\t\t<div data-elementor-type=\"wp-page\" data-elementor-id=\"16713\" class=\"elementor elementor-16713 elementor-16658\" data-elementor-post-type=\"page\">\n\t\t\t\t\t\t<section class=\"elementor-section elementor-top-section elementor-element elementor-element-548ac82 elementor-section-boxed elementor-section-height-default elementor-section-height-default\" data-id=\"548ac82\" data-element_type=\"section\" data-e-type=\"section\">\n\t\t\t\t\t\t<div class=\"elementor-container elementor-column-gap-default\">\n\t\t\t\t\t<div class=\"elementor-column elementor-col-100 elementor-top-column elementor-element elementor-element-3dba6e8b\" data-id=\"3dba6e8b\" data-element_type=\"column\" data-e-type=\"column\">\n\t\t\t<div class=\"elementor-widget-wrap elementor-element-populated\">\n\t\t\t\t\t\t<div class=\"elementor-element elementor-element-32ba3a49 elementor-widget elementor-widget-spacer\" data-id=\"32ba3a49\" data-element_type=\"widget\" data-e-type=\"widget\" data-widget_type=\"spacer.default\">\n\t\t\t\t<div class=\"elementor-widget-container\">\n\t\t\t\t\t\t\t<div class=\"elementor-spacer\">\n\t\t\t<div class=\"elementor-spacer-inner\"><\/div>\n\t\t<\/div>\n\t\t\t\t\t\t<\/div>\n\t\t\t\t<\/div>\n\t\t\t\t<div class=\"elementor-element elementor-element-6dfef8ad elementor-widget elementor-widget-heading\" data-id=\"6dfef8ad\" data-element_type=\"widget\" data-e-type=\"widget\" data-widget_type=\"heading.default\">\n\t\t\t\t<div class=\"elementor-widget-container\">\n\t\t\t\t\t<h1 class=\"elementor-heading-title elementor-size-default\">Die <b>Mietkaution<\/b><br>des Mietvertrags<\/h1>\t\t\t\t<\/div>\n\t\t\t\t<\/div>\n\t\t\t\t<div class=\"elementor-element elementor-element-3890697a elementor-widget elementor-widget-spacer\" data-id=\"3890697a\" data-element_type=\"widget\" data-e-type=\"widget\" data-widget_type=\"spacer.default\">\n\t\t\t\t<div class=\"elementor-widget-container\">\n\t\t\t\t\t\t\t<div class=\"elementor-spacer\">\n\t\t\t<div class=\"elementor-spacer-inner\"><\/div>\n\t\t<\/div>\n\t\t\t\t\t\t<\/div>\n\t\t\t\t<\/div>\n\t\t\t\t\t<\/div>\n\t\t<\/div>\n\t\t\t\t\t<\/div>\n\t\t<\/section>\n\t\t\t\t<section class=\"elementor-section elementor-top-section elementor-element elementor-element-1760b233 elementor-section-boxed elementor-section-height-default elementor-section-height-default\" data-id=\"1760b233\" data-element_type=\"section\" data-e-type=\"section\">\n\t\t\t\t\t\t<div class=\"elementor-container elementor-column-gap-default\">\n\t\t\t\t\t<div class=\"elementor-column elementor-col-100 elementor-top-column elementor-element elementor-element-50785c8f\" data-id=\"50785c8f\" data-element_type=\"column\" data-e-type=\"column\">\n\t\t\t<div class=\"elementor-widget-wrap elementor-element-populated\">\n\t\t\t\t\t\t<div class=\"elementor-element elementor-element-1eac5f8 elementor-widget elementor-widget-text-editor\" data-id=\"1eac5f8\" data-element_type=\"widget\" data-e-type=\"widget\" data-widget_type=\"text-editor.default\">\n\t\t\t\t<div class=\"elementor-widget-container\">\n\t\t\t\t\t\t\t\t\t<p>Die <b>Mietkaution<\/b> ist ein Geldbetrag, den der Mieter dem Vermieter zu Beginn des Mietverh\u00e4ltnisses \u00fcbergibt. Sie dient dazu, m\u00f6gliche Vers\u00e4umnisse des Mieters wie Mietr\u00fcckst\u00e4nde oder Sch\u00e4den an der Wohnung abzudecken. Obwohl sie nicht obligatorisch ist, wird sie h\u00e4ufig verlangt und muss im Mietvertrag angegeben werden.  <\/p><p>Um eine <b>Mietkaution ohne Bankdepot zu<\/b> erhalten, m\u00fcssen Sie lediglich eine B\u00fcrgschaft bei garantie.be beantragen, indem Sie auf <a href=\"https:\/\/garantie.be\/de\/online-mietkaution\/\"><span style=\"text-decoration: underline;\">Mietkaution online<\/span><\/a>.<\/p>\t\t\t\t\t\t\t\t<\/div>\n\t\t\t\t<\/div>\n\t\t\t\t<div class=\"elementor-element elementor-element-531cdd8 elementor-widget elementor-widget-heading\" data-id=\"531cdd8\" data-element_type=\"widget\" data-e-type=\"widget\" data-widget_type=\"heading.default\">\n\t\t\t\t<div class=\"elementor-widget-container\">\n\t\t\t\t\t<h2 class=\"elementor-heading-title elementor-size-default\">Wozu dient die Mietkaution?<\/h2>\t\t\t\t<\/div>\n\t\t\t\t<\/div>\n\t\t\t\t<div class=\"elementor-element elementor-element-f12b9f5 elementor-widget elementor-widget-text-editor\" data-id=\"f12b9f5\" data-element_type=\"widget\" data-e-type=\"widget\" data-widget_type=\"text-editor.default\">\n\t\t\t\t<div class=\"elementor-widget-container\">\n\t\t\t\t\t\t\t\t\t<p><span style=\"font-weight: 400;\">Die <strong>Mietkaution<\/strong> sch\u00fctzt den Eigent\u00fcmer vor den finanziellen Risiken, die mit dem Mietverh\u00e4ltnis verbunden sind. Im Falle von Sch\u00e4den in der Wohnung oder nicht gezahlten Mieten kann der Vermieter diese Summe verwenden, um sich selbst zu entsch\u00e4digen, vorausgesetzt, er hat die Zustimmung des Mieters oder einen Gerichtsbeschluss. <\/span><\/p>\t\t\t\t\t\t\t\t<\/div>\n\t\t\t\t<\/div>\n\t\t\t\t<div class=\"elementor-element elementor-element-c5f80ad elementor-widget elementor-widget-heading\" data-id=\"c5f80ad\" data-element_type=\"widget\" data-e-type=\"widget\" data-widget_type=\"heading.default\">\n\t\t\t\t<div class=\"elementor-widget-container\">\n\t\t\t\t\t<h2 class=\"elementor-heading-title elementor-size-default\">Wann muss eine Kaution hinterlegt werden?<\/h2>\t\t\t\t<\/div>\n\t\t\t\t<\/div>\n\t\t\t\t<div class=\"elementor-element elementor-element-5a529f0 elementor-widget elementor-widget-text-editor\" data-id=\"5a529f0\" data-element_type=\"widget\" data-e-type=\"widget\" data-widget_type=\"text-editor.default\">\n\t\t\t\t<div class=\"elementor-widget-container\">\n\t\t\t\t\t\t\t\t\t<p>Die <a href=\"https:\/\/garantie.be\/de\/mietkaution\/\">Mietkaution<\/a> muss vor oder bei der Unterzeichnung des <a href=\"https:\/\/garantie.be\/de\/vermietung-von-immobilien\/\">Mietvertrags<\/a> geleistet werden. Es wird empfohlen, dies einige Tage im Voraus zu tun, damit die Finanzinstitute die notwendigen Formalit\u00e4ten abschlie\u00dfen k\u00f6nnen. <\/p>\t\t\t\t\t\t\t\t<\/div>\n\t\t\t\t<\/div>\n\t\t\t\t<div class=\"elementor-element elementor-element-f3df64a elementor-widget elementor-widget-heading\" data-id=\"f3df64a\" data-element_type=\"widget\" data-e-type=\"widget\" data-widget_type=\"heading.default\">\n\t\t\t\t<div class=\"elementor-widget-container\">\n\t\t\t\t\t<h2 class=\"elementor-heading-title elementor-size-default\">Welche Kautionsl\u00f6sungen gibt es in Belgien?<\/h2>\t\t\t\t<\/div>\n\t\t\t\t<\/div>\n\t\t\t\t<div class=\"elementor-element elementor-element-d8ee4d0 elementor-widget elementor-widget-text-editor\" data-id=\"d8ee4d0\" data-element_type=\"widget\" data-e-type=\"widget\" data-widget_type=\"text-editor.default\">\n\t\t\t\t<div class=\"elementor-widget-container\">\n\t\t\t\t\t\t\t\t\t<p>In Belgien gibt es mehrere M\u00f6glichkeiten f\u00fcr Mieter, eine Mietkaution zu erhalten:<\/p><ul><li><b>Bankb\u00fcrgschaft<\/b>: Die Bank b\u00fcrgt f\u00fcr den Mieter im Austausch f\u00fcr eine spezielle Vereinbarung. Diese Option der <a href=\"https:\/\/garantie.be\/de\/mietkaution-bankburgschaft\/\">Bankb\u00fcrgschaft f\u00fcr den Mieter<\/a> kann mit Annahmebedingungen und Geb\u00fchren verbunden sein. <\/li><li><b>B\u00fcrgschaft des \u00d6SHZ<\/b>: Das \u00d6ffentliche Sozialhilfezentrum kann unter bestimmten Bedingungen f\u00fcr den Betrag der Mietgarantie b\u00fcrgen, insbesondere f\u00fcr Personen in einer prek\u00e4ren finanziellen Situation. Klicken Sie hier, um weitere Informationen \u00fcber die <a href=\"https:\/\/garantie.be\/de\/mietkaution-oshz\/\">Mietkaution<\/a> zu erhalten.<\/li><li><b>Spezialisierte Dienste<\/b>: Garantie.be erm\u00f6glicht es, innerhalb weniger Stunden <a href=\"https:\/\/garantie.be\/de\/online-mietkaution\/\">online eine Mietkaution<\/a> zu erhalten.<\/li><\/ul>\t\t\t\t\t\t\t\t<\/div>\n\t\t\t\t<\/div>\n\t\t\t\t<div class=\"elementor-element elementor-element-e7b68e4 elementor-widget elementor-widget-heading\" data-id=\"e7b68e4\" data-element_type=\"widget\" data-e-type=\"widget\" data-widget_type=\"heading.default\">\n\t\t\t\t<div class=\"elementor-widget-container\">\n\t\t\t\t\t<h2 class=\"elementor-heading-title elementor-size-default\">Welche Hilfen gibt es f\u00fcr die Mietkaution in Belgien?<\/h2>\t\t\t\t<\/div>\n\t\t\t\t<\/div>\n\t\t\t\t<div class=\"elementor-element elementor-element-604078e elementor-widget elementor-widget-text-editor\" data-id=\"604078e\" data-element_type=\"widget\" data-e-type=\"widget\" data-widget_type=\"text-editor.default\">\n\t\t\t\t<div class=\"elementor-widget-container\">\n\t\t\t\t\t\t\t\t\tEs gibt verschiedene Arten von Beihilfen, die Mietern helfen, ihre Mietkaution zu stellen.\n<ul>\n \t<li><b>Fonds du Logement (Wohnungsfonds<\/b>) : Bietet zinslose Darlehen zur Deckung von Mietgarantien unter bestimmten Bedingungen in Bezug auf das Einkommen und die Zusammensetzung des Haushalts.<\/li>\n \t<li><b>BRUGAL-Fonds<\/b>: Bietet Unterst\u00fctzung f\u00fcr Personen mit begrenztem Einkommen, wobei die R\u00fcckzahlungsmodalit\u00e4ten an die finanzielle Situation des Mieters angepasst sind.<\/li>\n<\/ul>\t\t\t\t\t\t\t\t<\/div>\n\t\t\t\t<\/div>\n\t\t\t\t<div class=\"elementor-element elementor-element-d010800 elementor-widget elementor-widget-heading\" data-id=\"d010800\" data-element_type=\"widget\" data-e-type=\"widget\" data-widget_type=\"heading.default\">\n\t\t\t\t<div class=\"elementor-widget-container\">\n\t\t\t\t\t<h2 class=\"elementor-heading-title elementor-size-default\">Die Mietkaution in der Wallonischen Region<\/h2>\t\t\t\t<\/div>\n\t\t\t\t<\/div>\n\t\t\t\t<div class=\"elementor-element elementor-element-d088c29 elementor-widget elementor-widget-text-editor\" data-id=\"d088c29\" data-element_type=\"widget\" data-e-type=\"widget\" data-widget_type=\"text-editor.default\">\n\t\t\t\t<div class=\"elementor-widget-container\">\n\t\t\t\t\t\t\t\t\tDie <a href=\"https:\/\/garantie.be\/de\/mietkaution-in-wallonien\/\">Mietkaution in Wallonien<\/a> darf nicht mehr als zwei Monatsmieten betragen. F\u00fcr Mieter, die Schwierigkeiten haben, eine solche Kaution zu stellen, gibt es spezielle Hilfen, wie z.B. zinslose Darlehen. \t\t\t\t\t\t\t\t<\/div>\n\t\t\t\t<\/div>\n\t\t\t\t<div class=\"elementor-element elementor-element-311aa86 elementor-widget elementor-widget-heading\" data-id=\"311aa86\" data-element_type=\"widget\" data-e-type=\"widget\" data-widget_type=\"heading.default\">\n\t\t\t\t<div class=\"elementor-widget-container\">\n\t\t\t\t\t<h2 class=\"elementor-heading-title elementor-size-default\">Die Kautionsurkunde f\u00fcr eine Mietwohnung<\/h2>\t\t\t\t<\/div>\n\t\t\t\t<\/div>\n\t\t\t\t<div class=\"elementor-element elementor-element-969427a elementor-widget elementor-widget-text-editor\" data-id=\"969427a\" data-element_type=\"widget\" data-e-type=\"widget\" data-widget_type=\"text-editor.default\">\n\t\t\t\t<div class=\"elementor-widget-container\">\n\t\t\t\t\t\t\t\t\tDie B\u00fcrgschaftsurkunde ist eine schriftliche Verpflichtung, in der sich eine dritte Person, der sogenannte B\u00fcrge, verpflichtet, die Schulden des Mieters zu bezahlen, wenn dieser ausf\u00e4llt. Diese Urkunde muss sorgf\u00e4ltig verfasst werden und bestimmte Formalit\u00e4ten erf\u00fcllen, um in Belgien g\u00fcltig zu sein. \t\t\t\t\t\t\t\t<\/div>\n\t\t\t\t<\/div>\n\t\t\t\t\t<\/div>\n\t\t<\/div>\n\t\t\t\t\t<\/div>\n\t\t<\/section>\n\t\t\t\t<\/div>\n\t\t","protected":false},"excerpt":{"rendered":"<p>Die Mietkautiondes Mietvertrags Die Mietkaution ist ein Geldbetrag, den der Mieter dem Vermieter zu Beginn des Mietverh\u00e4ltnisses \u00fcbergibt. Sie dient dazu, m\u00f6gliche Vers\u00e4umnisse des Mieters wie Mietr\u00fcckst\u00e4nde oder Sch\u00e4den an der Wohnung abzudecken. Obwohl sie nicht obligatorisch ist, wird sie h\u00e4ufig verlangt und muss im Mietvertrag angegeben werden. Um eine Mietkaution ohne Bankdepot zu erhalten, [&hellip;]<\/p>\n","protected":false},"author":1,"featured_media":0,"parent":0,"menu_order":0,"comment_status":"closed","ping_status":"closed","template":"","meta":{"footnotes":""},"class_list":["post-16713","page","type-page","status-publish","hentry"],"yoast_head":"<!-- This site is optimized with the Yoast SEO plugin v27.3 - https:\/\/yoast.com\/product\/yoast-seo-wordpress\/ -->\n<title>Die Mietkaution f\u00fcr Immobilien in Belgien<\/title>\n<meta name=\"robots\" content=\"index, follow, max-snippet:-1, max-image-preview:large, max-video-preview:-1\" \/>\n<link rel=\"canonical\" href=\"https:\/\/garantie.be\/de\/miet-kaution-belgien\/\" \/>\n<meta property=\"og:locale\" content=\"de_DE\" \/>\n<meta property=\"og:type\" content=\"article\" \/>\n<meta property=\"og:title\" content=\"Die Mietkaution f\u00fcr Immobilien in Belgien\" \/>\n<meta property=\"og:description\" content=\"Die Mietkautiondes Mietvertrags Die Mietkaution ist ein Geldbetrag, den der Mieter dem Vermieter zu Beginn des Mietverh\u00e4ltnisses \u00fcbergibt. Sie dient dazu, m\u00f6gliche Vers\u00e4umnisse des Mieters wie Mietr\u00fcckst\u00e4nde oder Sch\u00e4den an der Wohnung abzudecken. Obwohl sie nicht obligatorisch ist, wird sie h\u00e4ufig verlangt und muss im Mietvertrag angegeben werden. Um eine Mietkaution ohne Bankdepot zu erhalten, [&hellip;]\" \/>\n<meta property=\"og:url\" content=\"https:\/\/garantie.be\/de\/miet-kaution-belgien\/\" \/>\n<meta property=\"og:site_name\" content=\"Garantie\" \/>\n<meta property=\"article:modified_time\" content=\"2026-01-19T14:31:43+00:00\" \/>\n<meta name=\"twitter:card\" content=\"summary_large_image\" \/>\n<meta name=\"twitter:label1\" content=\"Gesch\u00e4tzte Lesezeit\" \/>\n\t<meta name=\"twitter:data1\" content=\"2\u00a0Minuten\" \/>\n<script type=\"application\/ld+json\" class=\"yoast-schema-graph\">{\"@context\":\"https:\\\/\\\/schema.org\",\"@graph\":[{\"@type\":\"WebPage\",\"@id\":\"https:\\\/\\\/garantie.be\\\/de\\\/miet-kaution-belgien\\\/\",\"url\":\"https:\\\/\\\/garantie.be\\\/de\\\/miet-kaution-belgien\\\/\",\"name\":\"Die Mietkaution f\u00fcr Immobilien in Belgien\",\"isPartOf\":{\"@id\":\"https:\\\/\\\/garantie.be\\\/de\\\/#website\"},\"datePublished\":\"2025-03-19T15:18:24+00:00\",\"dateModified\":\"2026-01-19T14:31:43+00:00\",\"breadcrumb\":{\"@id\":\"https:\\\/\\\/garantie.be\\\/de\\\/miet-kaution-belgien\\\/#breadcrumb\"},\"inLanguage\":\"de\",\"potentialAction\":[{\"@type\":\"ReadAction\",\"target\":[\"https:\\\/\\\/garantie.be\\\/de\\\/miet-kaution-belgien\\\/\"]}]},{\"@type\":\"BreadcrumbList\",\"@id\":\"https:\\\/\\\/garantie.be\\\/de\\\/miet-kaution-belgien\\\/#breadcrumb\",\"itemListElement\":[{\"@type\":\"ListItem\",\"position\":1,\"name\":\"Accueil\",\"item\":\"https:\\\/\\\/garantie.be\\\/de\\\/\"},{\"@type\":\"ListItem\",\"position\":2,\"name\":\"Die Mietkaution f\u00fcr Immobilien in Belgien\"}]},{\"@type\":\"WebSite\",\"@id\":\"https:\\\/\\\/garantie.be\\\/de\\\/#website\",\"url\":\"https:\\\/\\\/garantie.be\\\/de\\\/\",\"name\":\"Garantie\",\"description\":\"\",\"publisher\":{\"@id\":\"https:\\\/\\\/garantie.be\\\/de\\\/#organization\"},\"potentialAction\":[{\"@type\":\"SearchAction\",\"target\":{\"@type\":\"EntryPoint\",\"urlTemplate\":\"https:\\\/\\\/garantie.be\\\/de\\\/?s={search_term_string}\"},\"query-input\":{\"@type\":\"PropertyValueSpecification\",\"valueRequired\":true,\"valueName\":\"search_term_string\"}}],\"inLanguage\":\"de\"},{\"@type\":\"Organization\",\"@id\":\"https:\\\/\\\/garantie.be\\\/de\\\/#organization\",\"name\":\"Garantie.be\",\"url\":\"https:\\\/\\\/garantie.be\\\/de\\\/\",\"logo\":{\"@type\":\"ImageObject\",\"inLanguage\":\"de\",\"@id\":\"https:\\\/\\\/garantie.be\\\/de\\\/#\\\/schema\\\/logo\\\/image\\\/\",\"url\":\"\",\"contentUrl\":\"\",\"caption\":\"Garantie.be\"},\"image\":{\"@id\":\"https:\\\/\\\/garantie.be\\\/de\\\/#\\\/schema\\\/logo\\\/image\\\/\"}}]}<\/script>\n<!-- \/ Yoast SEO plugin. -->","yoast_head_json":{"title":"Die Mietkaution f\u00fcr Immobilien in Belgien","robots":{"index":"index","follow":"follow","max-snippet":"max-snippet:-1","max-image-preview":"max-image-preview:large","max-video-preview":"max-video-preview:-1"},"canonical":"https:\/\/garantie.be\/de\/miet-kaution-belgien\/","og_locale":"de_DE","og_type":"article","og_title":"Die Mietkaution f\u00fcr Immobilien in Belgien","og_description":"Die Mietkautiondes Mietvertrags Die Mietkaution ist ein Geldbetrag, den der Mieter dem Vermieter zu Beginn des Mietverh\u00e4ltnisses \u00fcbergibt. Sie dient dazu, m\u00f6gliche Vers\u00e4umnisse des Mieters wie Mietr\u00fcckst\u00e4nde oder Sch\u00e4den an der Wohnung abzudecken. Obwohl sie nicht obligatorisch ist, wird sie h\u00e4ufig verlangt und muss im Mietvertrag angegeben werden. Um eine Mietkaution ohne Bankdepot zu erhalten, [&hellip;]","og_url":"https:\/\/garantie.be\/de\/miet-kaution-belgien\/","og_site_name":"Garantie","article_modified_time":"2026-01-19T14:31:43+00:00","twitter_card":"summary_large_image","twitter_misc":{"Gesch\u00e4tzte Lesezeit":"2\u00a0Minuten"},"schema":{"@context":"https:\/\/schema.org","@graph":[{"@type":"WebPage","@id":"https:\/\/garantie.be\/de\/miet-kaution-belgien\/","url":"https:\/\/garantie.be\/de\/miet-kaution-belgien\/","name":"Die Mietkaution f\u00fcr Immobilien in Belgien","isPartOf":{"@id":"https:\/\/garantie.be\/de\/#website"},"datePublished":"2025-03-19T15:18:24+00:00","dateModified":"2026-01-19T14:31:43+00:00","breadcrumb":{"@id":"https:\/\/garantie.be\/de\/miet-kaution-belgien\/#breadcrumb"},"inLanguage":"de","potentialAction":[{"@type":"ReadAction","target":["https:\/\/garantie.be\/de\/miet-kaution-belgien\/"]}]},{"@type":"BreadcrumbList","@id":"https:\/\/garantie.be\/de\/miet-kaution-belgien\/#breadcrumb","itemListElement":[{"@type":"ListItem","position":1,"name":"Accueil","item":"https:\/\/garantie.be\/de\/"},{"@type":"ListItem","position":2,"name":"Die Mietkaution f\u00fcr Immobilien in Belgien"}]},{"@type":"WebSite","@id":"https:\/\/garantie.be\/de\/#website","url":"https:\/\/garantie.be\/de\/","name":"Garantie","description":"","publisher":{"@id":"https:\/\/garantie.be\/de\/#organization"},"potentialAction":[{"@type":"SearchAction","target":{"@type":"EntryPoint","urlTemplate":"https:\/\/garantie.be\/de\/?s={search_term_string}"},"query-input":{"@type":"PropertyValueSpecification","valueRequired":true,"valueName":"search_term_string"}}],"inLanguage":"de"},{"@type":"Organization","@id":"https:\/\/garantie.be\/de\/#organization","name":"Garantie.be","url":"https:\/\/garantie.be\/de\/","logo":{"@type":"ImageObject","inLanguage":"de","@id":"https:\/\/garantie.be\/de\/#\/schema\/logo\/image\/","url":"","contentUrl":"","caption":"Garantie.be"},"image":{"@id":"https:\/\/garantie.be\/de\/#\/schema\/logo\/image\/"}}]}},"_links":{"self":[{"href":"https:\/\/garantie.be\/de\/wp-json\/wp\/v2\/pages\/16713","targetHints":{"allow":["GET"]}}],"collection":[{"href":"https:\/\/garantie.be\/de\/wp-json\/wp\/v2\/pages"}],"about":[{"href":"https:\/\/garantie.be\/de\/wp-json\/wp\/v2\/types\/page"}],"author":[{"embeddable":true,"href":"https:\/\/garantie.be\/de\/wp-json\/wp\/v2\/users\/1"}],"replies":[{"embeddable":true,"href":"https:\/\/garantie.be\/de\/wp-json\/wp\/v2\/comments?post=16713"}],"version-history":[{"count":0,"href":"https:\/\/garantie.be\/de\/wp-json\/wp\/v2\/pages\/16713\/revisions"}],"wp:attachment":[{"href":"https:\/\/garantie.be\/de\/wp-json\/wp\/v2\/media?parent=16713"}],"curies":[{"name":"wp","href":"https:\/\/api.w.org\/{rel}","templated":true}]}}