{"id":16939,"date":"2025-04-12T16:34:32","date_gmt":"2025-04-12T14:34:32","guid":{"rendered":"https:\/\/garantie.be\/myminfin-edepo-garantie-be-de\/"},"modified":"2025-04-12T16:52:25","modified_gmt":"2025-04-12T14:52:25","slug":"myminfin-edepo-garantie-be-de","status":"publish","type":"page","link":"https:\/\/garantie.be\/de\/garantie-lokal-e-depo\/myminfin-edepo-garantie-be-de\/","title":{"rendered":"MyMinfin e-DEPO oder Garantie.be: Vor- und Nachteile"},"content":{"rendered":"\t\t<div data-elementor-type=\"wp-page\" data-elementor-id=\"16939\" class=\"elementor elementor-16939 elementor-16916\" data-elementor-post-type=\"page\">\n\t\t\t\t\t\t<section class=\"elementor-section elementor-top-section elementor-element elementor-element-6e72edbe elementor-section-boxed elementor-section-height-default elementor-section-height-default\" data-id=\"6e72edbe\" data-element_type=\"section\" data-e-type=\"section\">\n\t\t\t\t\t\t<div class=\"elementor-container elementor-column-gap-default\">\n\t\t\t\t\t<div class=\"elementor-column elementor-col-100 elementor-top-column elementor-element elementor-element-232f0bc1\" data-id=\"232f0bc1\" data-element_type=\"column\" data-e-type=\"column\">\n\t\t\t<div class=\"elementor-widget-wrap elementor-element-populated\">\n\t\t\t\t\t\t<div class=\"elementor-element elementor-element-7bfb1d15 elementor-widget elementor-widget-spacer\" data-id=\"7bfb1d15\" data-element_type=\"widget\" data-e-type=\"widget\" data-widget_type=\"spacer.default\">\n\t\t\t\t<div class=\"elementor-widget-container\">\n\t\t\t\t\t\t\t<div class=\"elementor-spacer\">\n\t\t\t<div class=\"elementor-spacer-inner\"><\/div>\n\t\t<\/div>\n\t\t\t\t\t\t<\/div>\n\t\t\t\t<\/div>\n\t\t\t\t<div class=\"elementor-element elementor-element-6686bddb elementor-widget elementor-widget-heading\" data-id=\"6686bddb\" data-element_type=\"widget\" data-e-type=\"widget\" data-widget_type=\"heading.default\">\n\t\t\t\t<div class=\"elementor-widget-container\">\n\t\t\t\t\t<h1 class=\"elementor-heading-title elementor-size-default\"><b>MyMinfin e-DEPO<\/b><br> oder Garantie.be<\/h1>\t\t\t\t<\/div>\n\t\t\t\t<\/div>\n\t\t\t\t<div class=\"elementor-element elementor-element-67589501 elementor-widget elementor-widget-spacer\" data-id=\"67589501\" data-element_type=\"widget\" data-e-type=\"widget\" data-widget_type=\"spacer.default\">\n\t\t\t\t<div class=\"elementor-widget-container\">\n\t\t\t\t\t\t\t<div class=\"elementor-spacer\">\n\t\t\t<div class=\"elementor-spacer-inner\"><\/div>\n\t\t<\/div>\n\t\t\t\t\t\t<\/div>\n\t\t\t\t<\/div>\n\t\t\t\t<div class=\"elementor-element elementor-element-1228268c elementor-widget elementor-widget-text-editor\" data-id=\"1228268c\" data-element_type=\"widget\" data-e-type=\"widget\" data-widget_type=\"text-editor.default\">\n\t\t\t\t<div class=\"elementor-widget-container\">\n\t\t\t\t\t\t\t\t\t<p>In Belgien m\u00fcssen die Mieter eine <span style=\"text-decoration: underline;\"><a href=\"https:\/\/garantie.be\/de\/mietkaution\/\">Mietkaution<\/a><\/span> bevor sie Zugang zu einer Wohnung erhalten. Es gibt zwei Hauptl\u00f6sungen: <\/p>\n<p><\/p>\n<ul class=\"wp-block-list\">\n<li>Das Blockieren von Geld \u00fcber <span style=\"text-decoration: underline;\"><a href=\"https:\/\/garantie.be\/de\/garantie-lokal-e-depo\/\">e-DEPO auf MyMinfin<\/a><\/span>Dies ist ein Service der Steuerbeh\u00f6rden,<\/li>\n\n<li>Die <span style=\"text-decoration: underline;\"><a href=\"https:\/\/garantie.be\/de\/miet-kaution-belgien\/\">Mietkaution<\/a><\/span> \u00fcber Garantie.be, die anstelle des Mieters b\u00fcrgt.<\/li>\n<\/ul>\n<p><\/p>\n<p>Welche L\u00f6sung w\u00e4hlen Sie? Hier ist ein umfassender Vergleich der <strong>Vor- und Nachteile<\/strong> jeder Option. <\/p>\t\t\t\t\t\t\t\t<\/div>\n\t\t\t\t<\/div>\n\t\t\t\t<div class=\"elementor-element elementor-element-1e06341c elementor-widget elementor-widget-heading\" data-id=\"1e06341c\" data-element_type=\"widget\" data-e-type=\"widget\" data-widget_type=\"heading.default\">\n\t\t\t\t<div class=\"elementor-widget-container\">\n\t\t\t\t\t<h2 class=\"elementor-heading-title elementor-size-default\">Funktionsweise von eDEPO und Garantie.be?<\/h2>\t\t\t\t<\/div>\n\t\t\t\t<\/div>\n\t\t\t\t<div class=\"elementor-element elementor-element-454d5ef6 elementor-widget elementor-widget-text-editor\" data-id=\"454d5ef6\" data-element_type=\"widget\" data-e-type=\"widget\" data-widget_type=\"text-editor.default\">\n\t\t\t\t<div class=\"elementor-widget-container\">\n\t\t\t\t\t\t\t\t\t<h3 class=\"wp-block-heading\">e-DEPO auf MyMinfin<\/h3>\n<p><\/p>\n<p>Der Mieter blockiert einen Geldbetrag (normalerweise 2 bis 3 Monatsmieten) auf einem staatlich verwalteten Konto. Das Geld bleibt bis zum Ende des Mietverh\u00e4ltnisses unzug\u00e4nglich. <\/p>\n<p><\/p>\n<h3 class=\"wp-block-heading\">Garantie.be<\/h3>\n<p><\/p>\n<p>Der Mieter hinterlegt kein Geld. Garantie.be stellt dem Eigent\u00fcmer eine <strong>selbstschuldnerische B\u00fcrgschaft<\/strong> zur Verf\u00fcgung, die die Zahlung im Falle von Mietschulden garantiert. Der Mieter zahlt eine <strong>j\u00e4hrliche Pr\u00e4mie<\/strong> f\u00fcr die Kautionskosten.  <\/p>\t\t\t\t\t\t\t\t<\/div>\n\t\t\t\t<\/div>\n\t\t\t\t<div class=\"elementor-element elementor-element-2cbf77fd elementor-widget elementor-widget-heading\" data-id=\"2cbf77fd\" data-element_type=\"widget\" data-e-type=\"widget\" data-widget_type=\"heading.default\">\n\t\t\t\t<div class=\"elementor-widget-container\">\n\t\t\t\t\t<h2 class=\"elementor-heading-title elementor-size-default\">Zug\u00e4nglichkeit und Flexibilit\u00e4t beider L\u00f6sungen<\/h2>\t\t\t\t<\/div>\n\t\t\t\t<\/div>\n\t\t\t\t<div class=\"elementor-element elementor-element-7c3c0e38 elementor-widget elementor-widget-text-editor\" data-id=\"7c3c0e38\" data-element_type=\"widget\" data-e-type=\"widget\" data-widget_type=\"text-editor.default\">\n\t\t\t\t<div class=\"elementor-widget-container\">\n\t\t\t\t\t\t\t\t\t<p>Was die Zug\u00e4nglichkeit und Flexibilit\u00e4t der beiden L\u00f6sungen betrifft, ist Garantie.be im Vorteil:<\/p>\n<h3>\u2705 Garantie.be<\/h3>\n<ul>\n<li><strong>Keine Notwendigkeit, Gelder zu blockieren<\/strong>: ideal f\u00fcr Mieter.<\/li>\n<li><strong>Schnelle Bearbeitung<\/strong>: Die Garantie kann innerhalb von 24 Stunden bereitgestellt werden.<\/li>\n<li><strong>Online zug\u00e4ngliches Dossier<\/strong> mit menschlicher Begleitung.<\/li>\n<\/ul>\n<h3>\u274c e-DEPO<\/h3>\n<ul>\n<li>Der Mieter muss von Anfang an <strong>\u00fcber den gesamten zu blockierenden Betrag verf\u00fcgen<\/strong>.<\/li>\n<li>Manchmal komplexe oder technische Verfahren (Verbindung zu MyMinfin, Dokumente, \u00dcberweisung).<\/li>\n<\/ul>\t\t\t\t\t\t\t\t<\/div>\n\t\t\t\t<\/div>\n\t\t\t\t<div class=\"elementor-element elementor-element-4ad6e57d elementor-widget elementor-widget-spacer\" data-id=\"4ad6e57d\" data-element_type=\"widget\" data-e-type=\"widget\" data-widget_type=\"spacer.default\">\n\t\t\t\t<div class=\"elementor-widget-container\">\n\t\t\t\t\t\t\t<div class=\"elementor-spacer\">\n\t\t\t<div class=\"elementor-spacer-inner\"><\/div>\n\t\t<\/div>\n\t\t\t\t\t\t<\/div>\n\t\t\t\t<\/div>\n\t\t\t\t<div class=\"elementor-element elementor-element-a5a43c7 elementor-widget elementor-widget-heading\" data-id=\"a5a43c7\" data-element_type=\"widget\" data-e-type=\"widget\" data-widget_type=\"heading.default\">\n\t\t\t\t<div class=\"elementor-widget-container\">\n\t\t\t\t\t<h2 class=\"elementor-heading-title elementor-size-default\">Kosten der beiden Online-Mietkaution-L\u00f6sungen<\/h2>\t\t\t\t<\/div>\n\t\t\t\t<\/div>\n\t\t\t\t<div class=\"elementor-element elementor-element-78a9997f elementor-widget elementor-widget-text-editor\" data-id=\"78a9997f\" data-element_type=\"widget\" data-e-type=\"widget\" data-widget_type=\"text-editor.default\">\n\t\t\t\t<div class=\"elementor-widget-container\">\n\t\t\t\t\t\t\t\t\t<h3>\u2705 e-DEPO<\/h3>\n<ul>\n<li><strong>Kostenlos<\/strong>: keine Geb\u00fchren oder Provisionen<\/li>\n<li>Das Geld bleibt Eigentum des Mieters und wird zur\u00fcckerstattet, wenn es keine Probleme gibt.<\/li><\/ul>\n<h3>\u274c Garantie.be<\/h3>\n<ul>\n<li>Der Mieter <strong>zahlt eine nicht r\u00fcckzahlbare Jahrespr\u00e4mie<\/strong>.<\/li>\n<li>Diese Kosten k\u00f6nnen jedoch als <strong>Zugang zu einem Finanzierungsdienst<\/strong> betrachtet werden.<\/li>\n<\/ul>\t\t\t\t\t\t\t\t<\/div>\n\t\t\t\t<\/div>\n\t\t\t\t<div class=\"elementor-element elementor-element-78c3346d elementor-widget elementor-widget-spacer\" data-id=\"78c3346d\" data-element_type=\"widget\" data-e-type=\"widget\" data-widget_type=\"spacer.default\">\n\t\t\t\t<div class=\"elementor-widget-container\">\n\t\t\t\t\t\t\t<div class=\"elementor-spacer\">\n\t\t\t<div class=\"elementor-spacer-inner\"><\/div>\n\t\t<\/div>\n\t\t\t\t\t\t<\/div>\n\t\t\t\t<\/div>\n\t\t\t\t<div class=\"elementor-element elementor-element-7a682bdd elementor-widget elementor-widget-heading\" data-id=\"7a682bdd\" data-element_type=\"widget\" data-e-type=\"widget\" data-widget_type=\"heading.default\">\n\t\t\t\t<div class=\"elementor-widget-container\">\n\t\t\t\t\t<h2 class=\"elementor-heading-title elementor-size-default\">Verwaltung der Garantie am Ende des Mietvertrags<\/h2>\t\t\t\t<\/div>\n\t\t\t\t<\/div>\n\t\t\t\t<div class=\"elementor-element elementor-element-7910381c elementor-widget elementor-widget-text-editor\" data-id=\"7910381c\" data-element_type=\"widget\" data-e-type=\"widget\" data-widget_type=\"text-editor.default\">\n\t\t\t\t<div class=\"elementor-widget-container\">\n\t\t\t\t\t\t\t\t\t<h3>\u2705 e-DEPO<\/h3>\n<ul>\n<li>R\u00fcckgabe <strong>nur<\/strong> m\u00f6glich <strong>, wenn beide Parteien einverstanden sind<\/strong>.<\/li>\n<li>Bei Uneinigkeit werden die Mittel bis zu einer gerichtlichen Entscheidung blockiert.<\/li>\n<\/ul>\n<h3>\u2705 Garantie.be<\/h3>\n<ul>\n<li>Der Eigent\u00fcmer kann Garantie.be im Falle von unbezahlten Rechnungen oder Sch\u00e4den in Anspruch nehmen.<\/li>\n<li>Garantie.be fordert dann den Mieter auf, die gezahlten Betr\u00e4ge zur\u00fcckzufordern.<\/li>\n<\/ul>\t\t\t\t\t\t\t\t<\/div>\n\t\t\t\t<\/div>\n\t\t\t\t<div class=\"elementor-element elementor-element-dda6f75 elementor-widget elementor-widget-spacer\" data-id=\"dda6f75\" data-element_type=\"widget\" data-e-type=\"widget\" data-widget_type=\"spacer.default\">\n\t\t\t\t<div class=\"elementor-widget-container\">\n\t\t\t\t\t\t\t<div class=\"elementor-spacer\">\n\t\t\t<div class=\"elementor-spacer-inner\"><\/div>\n\t\t<\/div>\n\t\t\t\t\t\t<\/div>\n\t\t\t\t<\/div>\n\t\t\t\t<div class=\"elementor-element elementor-element-84f9fa8 elementor-widget elementor-widget-heading\" data-id=\"84f9fa8\" data-element_type=\"widget\" data-e-type=\"widget\" data-widget_type=\"heading.default\">\n\t\t\t\t<div class=\"elementor-widget-container\">\n\t\t\t\t\t<h2 class=\"elementor-heading-title elementor-size-default\">Image des Garantiedienstes bei den Eigent\u00fcmern<\/h2>\t\t\t\t<\/div>\n\t\t\t\t<\/div>\n\t\t\t\t<div class=\"elementor-element elementor-element-09e8971 elementor-widget elementor-widget-text-editor\" data-id=\"09e8971\" data-element_type=\"widget\" data-e-type=\"widget\" data-widget_type=\"text-editor.default\">\n\t\t\t\t<div class=\"elementor-widget-container\">\n\t\t\t\t\t\t\t\t\t<h3>\u2705 Garantie.be<\/h3>\n<ul>\n<li>Diese Garantie wird h\u00e4ufig <strong>von professionellen Agenturen und Vermietern akzeptiert<\/strong>.<\/li>\n<li>Wenn sie von einer <strong>klaren vertraglichen Verpflichtung<\/strong> begleitet wird, gibt sie Sicherheit.<\/li>\n<\/ul>\n<h3>\u2705 e-DEPO<\/h3>\n<ul>\n<li>Bekannte und beliebte L\u00f6sung, da <strong>von der Steuerverwaltung<\/strong> geregelt.<\/li>\n<li>Wird manchmal als sicherer angesehen, wenn der Mieter \u00fcber finanzielle Mittel verf\u00fcgt.<\/li>\n<\/ul>\t\t\t\t\t\t\t\t<\/div>\n\t\t\t\t<\/div>\n\t\t\t\t<div class=\"elementor-element elementor-element-54da430 elementor-widget elementor-widget-spacer\" data-id=\"54da430\" data-element_type=\"widget\" data-e-type=\"widget\" data-widget_type=\"spacer.default\">\n\t\t\t\t<div class=\"elementor-widget-container\">\n\t\t\t\t\t\t\t<div class=\"elementor-spacer\">\n\t\t\t<div class=\"elementor-spacer-inner\"><\/div>\n\t\t<\/div>\n\t\t\t\t\t\t<\/div>\n\t\t\t\t<\/div>\n\t\t\t\t<div class=\"elementor-element elementor-element-8245195 elementor-widget elementor-widget-heading\" data-id=\"8245195\" data-element_type=\"widget\" data-e-type=\"widget\" data-widget_type=\"heading.default\">\n\t\t\t\t<div class=\"elementor-widget-container\">\n\t\t\t\t\t<h2 class=\"elementor-heading-title elementor-size-default\">Schlussfolgerung<\/h2>\t\t\t\t<\/div>\n\t\t\t\t<\/div>\n\t\t\t\t<div class=\"elementor-element elementor-element-07afd5a elementor-widget elementor-widget-text-editor\" data-id=\"07afd5a\" data-element_type=\"widget\" data-e-type=\"widget\" data-widget_type=\"text-editor.default\">\n\t\t\t\t<div class=\"elementor-widget-container\">\n\t\t\t\t\t\t\t\t\t<p>Die Wahl zwischen <span style=\"text-decoration: underline;\"><a href=\"https:\/\/garantie.be\/de\/garantie-lokal-e-depo\/\">e-DEPO auf MyMinfin<\/a><\/span> und die <span style=\"text-decoration: underline;\"><a href=\"https:\/\/garantie.be\/de\/mietkaution\/\">Mietkaution<\/a><\/span> <strong>\u00fcber Garantie.be<\/strong> h\u00e4ngt in erster Linie von Ihrer finanziellen Situation und Ihren Priorit\u00e4ten ab:<\/p>\n<ul>\n<li>W\u00e4hlen Sie <strong>e-DEPO<\/strong>, wenn Sie \u00fcber verf\u00fcgbare Mittel verf\u00fcgen und Kosten vermeiden m\u00f6chten.<\/li>\n<li>Entscheiden Sie sich f\u00fcr <strong>Garantie.be<\/strong>, wenn Sie Ihr Bargeld behalten und schnell Zugang zu einer Wohnung haben m\u00f6chten.<\/li>\n<\/ul>\n<p> <\/p>\n<p>Beide L\u00f6sungen sind <strong>sicher, legal und<\/strong> in Belgien <strong>anerkannt<\/strong>. Wichtig ist, dass Sie die Mechanismen verstehen, um eine informierte Wahl treffen zu k\u00f6nnen. <\/p>\t\t\t\t\t\t\t\t<\/div>\n\t\t\t\t<\/div>\n\t\t\t\t\t<\/div>\n\t\t<\/div>\n\t\t\t\t\t<\/div>\n\t\t<\/section>\n\t\t\t\t<\/div>\n\t\t","protected":false},"excerpt":{"rendered":"<p>MyMinfin e-DEPO oder Garantie.be In Belgien m\u00fcssen die Mieter eine Mietkaution bevor sie Zugang zu einer Wohnung erhalten. Es gibt zwei Hauptl\u00f6sungen: Das Blockieren von Geld \u00fcber e-DEPO auf MyMinfinDies ist ein Service der Steuerbeh\u00f6rden, Die Mietkaution \u00fcber Garantie.be, die anstelle des Mieters b\u00fcrgt. Welche L\u00f6sung w\u00e4hlen Sie? Hier ist ein umfassender Vergleich der Vor- [&hellip;]<\/p>\n","protected":false},"author":1,"featured_media":0,"parent":15917,"menu_order":0,"comment_status":"closed","ping_status":"closed","template":"","meta":{"footnotes":""},"class_list":["post-16939","page","type-page","status-publish","hentry"],"yoast_head":"<!-- This site is optimized with the Yoast SEO plugin v27.3 - https:\/\/yoast.com\/product\/yoast-seo-wordpress\/ -->\n<title>MyMinfin e-DEPO oder Garantie.be: Vor- und Nachteile<\/title>\n<meta name=\"description\" content=\"Welche L\u00f6sung f\u00fcr die Immobiliensicherheit w\u00e4hlen Sie zwischen e-DEPO auf MyMinfin und der Mietkaution \u00fcber Garantie.be?\" \/>\n<meta name=\"robots\" content=\"index, follow, max-snippet:-1, max-image-preview:large, max-video-preview:-1\" \/>\n<link rel=\"canonical\" href=\"https:\/\/garantie.be\/de\/garantie-lokal-e-depo\/myminfin-edepo-garantie-be-de\/\" \/>\n<meta property=\"og:locale\" content=\"de_DE\" \/>\n<meta property=\"og:type\" content=\"article\" \/>\n<meta property=\"og:title\" content=\"MyMinfin e-DEPO oder Garantie.be: Vor- und Nachteile\" \/>\n<meta property=\"og:description\" content=\"Welche L\u00f6sung f\u00fcr die Immobiliensicherheit w\u00e4hlen Sie zwischen e-DEPO auf MyMinfin und der Mietkaution \u00fcber Garantie.be?\" \/>\n<meta property=\"og:url\" content=\"https:\/\/garantie.be\/de\/garantie-lokal-e-depo\/myminfin-edepo-garantie-be-de\/\" \/>\n<meta property=\"og:site_name\" content=\"Garantie\" \/>\n<meta property=\"article:modified_time\" content=\"2025-04-12T14:52:25+00:00\" \/>\n<meta name=\"twitter:card\" content=\"summary_large_image\" \/>\n<meta name=\"twitter:label1\" content=\"Gesch\u00e4tzte Lesezeit\" \/>\n\t<meta name=\"twitter:data1\" content=\"2\u00a0Minuten\" \/>\n<script type=\"application\/ld+json\" class=\"yoast-schema-graph\">{\"@context\":\"https:\\\/\\\/schema.org\",\"@graph\":[{\"@type\":\"WebPage\",\"@id\":\"https:\\\/\\\/garantie.be\\\/de\\\/garantie-lokal-e-depo\\\/myminfin-edepo-garantie-be-de\\\/\",\"url\":\"https:\\\/\\\/garantie.be\\\/de\\\/garantie-lokal-e-depo\\\/myminfin-edepo-garantie-be-de\\\/\",\"name\":\"MyMinfin e-DEPO oder Garantie.be: Vor- und Nachteile\",\"isPartOf\":{\"@id\":\"https:\\\/\\\/garantie.be\\\/de\\\/#website\"},\"datePublished\":\"2025-04-12T14:34:32+00:00\",\"dateModified\":\"2025-04-12T14:52:25+00:00\",\"description\":\"Welche L\u00f6sung f\u00fcr die Immobiliensicherheit w\u00e4hlen Sie zwischen e-DEPO auf MyMinfin und der Mietkaution \u00fcber Garantie.be?\",\"breadcrumb\":{\"@id\":\"https:\\\/\\\/garantie.be\\\/de\\\/garantie-lokal-e-depo\\\/myminfin-edepo-garantie-be-de\\\/#breadcrumb\"},\"inLanguage\":\"de\",\"potentialAction\":[{\"@type\":\"ReadAction\",\"target\":[\"https:\\\/\\\/garantie.be\\\/de\\\/garantie-lokal-e-depo\\\/myminfin-edepo-garantie-be-de\\\/\"]}]},{\"@type\":\"BreadcrumbList\",\"@id\":\"https:\\\/\\\/garantie.be\\\/de\\\/garantie-lokal-e-depo\\\/myminfin-edepo-garantie-be-de\\\/#breadcrumb\",\"itemListElement\":[{\"@type\":\"ListItem\",\"position\":1,\"name\":\"Accueil\",\"item\":\"https:\\\/\\\/garantie.be\\\/de\\\/\"},{\"@type\":\"ListItem\",\"position\":2,\"name\":\"e-DEPO mietkaution online | F\u00d6D Finanzen\",\"item\":\"https:\\\/\\\/garantie.be\\\/de\\\/garantie-lokal-e-depo\\\/\"},{\"@type\":\"ListItem\",\"position\":3,\"name\":\"MyMinfin e-DEPO oder Garantie.be: Vor- und Nachteile\"}]},{\"@type\":\"WebSite\",\"@id\":\"https:\\\/\\\/garantie.be\\\/de\\\/#website\",\"url\":\"https:\\\/\\\/garantie.be\\\/de\\\/\",\"name\":\"Garantie\",\"description\":\"\",\"publisher\":{\"@id\":\"https:\\\/\\\/garantie.be\\\/de\\\/#organization\"},\"potentialAction\":[{\"@type\":\"SearchAction\",\"target\":{\"@type\":\"EntryPoint\",\"urlTemplate\":\"https:\\\/\\\/garantie.be\\\/de\\\/?s={search_term_string}\"},\"query-input\":{\"@type\":\"PropertyValueSpecification\",\"valueRequired\":true,\"valueName\":\"search_term_string\"}}],\"inLanguage\":\"de\"},{\"@type\":\"Organization\",\"@id\":\"https:\\\/\\\/garantie.be\\\/de\\\/#organization\",\"name\":\"Garantie.be\",\"url\":\"https:\\\/\\\/garantie.be\\\/de\\\/\",\"logo\":{\"@type\":\"ImageObject\",\"inLanguage\":\"de\",\"@id\":\"https:\\\/\\\/garantie.be\\\/de\\\/#\\\/schema\\\/logo\\\/image\\\/\",\"url\":\"\",\"contentUrl\":\"\",\"caption\":\"Garantie.be\"},\"image\":{\"@id\":\"https:\\\/\\\/garantie.be\\\/de\\\/#\\\/schema\\\/logo\\\/image\\\/\"}}]}<\/script>\n<!-- \/ Yoast SEO plugin. -->","yoast_head_json":{"title":"MyMinfin e-DEPO oder Garantie.be: Vor- und Nachteile","description":"Welche L\u00f6sung f\u00fcr die Immobiliensicherheit w\u00e4hlen Sie zwischen e-DEPO auf MyMinfin und der Mietkaution \u00fcber Garantie.be?","robots":{"index":"index","follow":"follow","max-snippet":"max-snippet:-1","max-image-preview":"max-image-preview:large","max-video-preview":"max-video-preview:-1"},"canonical":"https:\/\/garantie.be\/de\/garantie-lokal-e-depo\/myminfin-edepo-garantie-be-de\/","og_locale":"de_DE","og_type":"article","og_title":"MyMinfin e-DEPO oder Garantie.be: Vor- und Nachteile","og_description":"Welche L\u00f6sung f\u00fcr die Immobiliensicherheit w\u00e4hlen Sie zwischen e-DEPO auf MyMinfin und der Mietkaution \u00fcber Garantie.be?","og_url":"https:\/\/garantie.be\/de\/garantie-lokal-e-depo\/myminfin-edepo-garantie-be-de\/","og_site_name":"Garantie","article_modified_time":"2025-04-12T14:52:25+00:00","twitter_card":"summary_large_image","twitter_misc":{"Gesch\u00e4tzte Lesezeit":"2\u00a0Minuten"},"schema":{"@context":"https:\/\/schema.org","@graph":[{"@type":"WebPage","@id":"https:\/\/garantie.be\/de\/garantie-lokal-e-depo\/myminfin-edepo-garantie-be-de\/","url":"https:\/\/garantie.be\/de\/garantie-lokal-e-depo\/myminfin-edepo-garantie-be-de\/","name":"MyMinfin e-DEPO oder Garantie.be: Vor- und Nachteile","isPartOf":{"@id":"https:\/\/garantie.be\/de\/#website"},"datePublished":"2025-04-12T14:34:32+00:00","dateModified":"2025-04-12T14:52:25+00:00","description":"Welche L\u00f6sung f\u00fcr die Immobiliensicherheit w\u00e4hlen Sie zwischen e-DEPO auf MyMinfin und der Mietkaution \u00fcber Garantie.be?","breadcrumb":{"@id":"https:\/\/garantie.be\/de\/garantie-lokal-e-depo\/myminfin-edepo-garantie-be-de\/#breadcrumb"},"inLanguage":"de","potentialAction":[{"@type":"ReadAction","target":["https:\/\/garantie.be\/de\/garantie-lokal-e-depo\/myminfin-edepo-garantie-be-de\/"]}]},{"@type":"BreadcrumbList","@id":"https:\/\/garantie.be\/de\/garantie-lokal-e-depo\/myminfin-edepo-garantie-be-de\/#breadcrumb","itemListElement":[{"@type":"ListItem","position":1,"name":"Accueil","item":"https:\/\/garantie.be\/de\/"},{"@type":"ListItem","position":2,"name":"e-DEPO mietkaution online | F\u00d6D Finanzen","item":"https:\/\/garantie.be\/de\/garantie-lokal-e-depo\/"},{"@type":"ListItem","position":3,"name":"MyMinfin e-DEPO oder Garantie.be: Vor- und Nachteile"}]},{"@type":"WebSite","@id":"https:\/\/garantie.be\/de\/#website","url":"https:\/\/garantie.be\/de\/","name":"Garantie","description":"","publisher":{"@id":"https:\/\/garantie.be\/de\/#organization"},"potentialAction":[{"@type":"SearchAction","target":{"@type":"EntryPoint","urlTemplate":"https:\/\/garantie.be\/de\/?s={search_term_string}"},"query-input":{"@type":"PropertyValueSpecification","valueRequired":true,"valueName":"search_term_string"}}],"inLanguage":"de"},{"@type":"Organization","@id":"https:\/\/garantie.be\/de\/#organization","name":"Garantie.be","url":"https:\/\/garantie.be\/de\/","logo":{"@type":"ImageObject","inLanguage":"de","@id":"https:\/\/garantie.be\/de\/#\/schema\/logo\/image\/","url":"","contentUrl":"","caption":"Garantie.be"},"image":{"@id":"https:\/\/garantie.be\/de\/#\/schema\/logo\/image\/"}}]}},"_links":{"self":[{"href":"https:\/\/garantie.be\/de\/wp-json\/wp\/v2\/pages\/16939","targetHints":{"allow":["GET"]}}],"collection":[{"href":"https:\/\/garantie.be\/de\/wp-json\/wp\/v2\/pages"}],"about":[{"href":"https:\/\/garantie.be\/de\/wp-json\/wp\/v2\/types\/page"}],"author":[{"embeddable":true,"href":"https:\/\/garantie.be\/de\/wp-json\/wp\/v2\/users\/1"}],"replies":[{"embeddable":true,"href":"https:\/\/garantie.be\/de\/wp-json\/wp\/v2\/comments?post=16939"}],"version-history":[{"count":0,"href":"https:\/\/garantie.be\/de\/wp-json\/wp\/v2\/pages\/16939\/revisions"}],"up":[{"embeddable":true,"href":"https:\/\/garantie.be\/de\/wp-json\/wp\/v2\/pages\/15917"}],"wp:attachment":[{"href":"https:\/\/garantie.be\/de\/wp-json\/wp\/v2\/media?parent=16939"}],"curies":[{"name":"wp","href":"https:\/\/api.w.org\/{rel}","templated":true}]}}