{"id":18074,"date":"2025-05-20T12:16:22","date_gmt":"2025-05-20T10:16:22","guid":{"rendered":"https:\/\/garantie.be\/frist-fur-mietkaution-belgien\/"},"modified":"2025-10-14T17:41:22","modified_gmt":"2025-10-14T15:41:22","slug":"frist-fur-mietkaution-belgien","status":"publish","type":"page","link":"https:\/\/garantie.be\/de\/mietkaution\/frist-fur-mietkaution-belgien\/","title":{"rendered":"Frist f\u00fcr den Erhalt einer mietkaution | Kompletter Leitfaden 2025"},"content":{"rendered":"\t\t<div data-elementor-type=\"wp-page\" data-elementor-id=\"18074\" class=\"elementor elementor-18074 elementor-18055\" data-elementor-post-type=\"page\">\n\t\t\t\t\t\t<section class=\"elementor-section elementor-top-section elementor-element elementor-element-7741018e elementor-section-boxed elementor-section-height-default elementor-section-height-default\" data-id=\"7741018e\" data-element_type=\"section\" data-e-type=\"section\">\n\t\t\t\t\t\t<div class=\"elementor-container elementor-column-gap-default\">\n\t\t\t\t\t<div class=\"elementor-column elementor-col-100 elementor-top-column elementor-element elementor-element-6a2dedfa\" data-id=\"6a2dedfa\" data-element_type=\"column\" data-e-type=\"column\">\n\t\t\t<div class=\"elementor-widget-wrap elementor-element-populated\">\n\t\t\t\t\t\t<div class=\"elementor-element elementor-element-5cc88601 elementor-widget elementor-widget-spacer\" data-id=\"5cc88601\" data-element_type=\"widget\" data-e-type=\"widget\" data-widget_type=\"spacer.default\">\n\t\t\t\t<div class=\"elementor-widget-container\">\n\t\t\t\t\t\t\t<div class=\"elementor-spacer\">\n\t\t\t<div class=\"elementor-spacer-inner\"><\/div>\n\t\t<\/div>\n\t\t\t\t\t\t<\/div>\n\t\t\t\t<\/div>\n\t\t\t\t<div class=\"elementor-element elementor-element-a462e71 elementor-widget elementor-widget-heading\" data-id=\"a462e71\" data-element_type=\"widget\" data-e-type=\"widget\" data-widget_type=\"heading.default\">\n\t\t\t\t<div class=\"elementor-widget-container\">\n\t\t\t\t\t<h1 class=\"elementor-heading-title elementor-size-default\">Welche Frist f\u00fcr eine<br>\n  <b>mietkaution<\/b>\n<\/h1>\t\t\t\t<\/div>\n\t\t\t\t<\/div>\n\t\t\t\t<div class=\"elementor-element elementor-element-27d020b elementor-widget elementor-widget-spacer\" data-id=\"27d020b\" data-element_type=\"widget\" data-e-type=\"widget\" data-widget_type=\"spacer.default\">\n\t\t\t\t<div class=\"elementor-widget-container\">\n\t\t\t\t\t\t\t<div class=\"elementor-spacer\">\n\t\t\t<div class=\"elementor-spacer-inner\"><\/div>\n\t\t<\/div>\n\t\t\t\t\t\t<\/div>\n\t\t\t\t<\/div>\n\t\t\t\t\t<\/div>\n\t\t<\/div>\n\t\t\t\t\t<\/div>\n\t\t<\/section>\n\t\t\t\t<section class=\"elementor-section elementor-top-section elementor-element elementor-element-436ffff5 elementor-section-boxed elementor-section-height-default elementor-section-height-default\" data-id=\"436ffff5\" data-element_type=\"section\" data-e-type=\"section\">\n\t\t\t\t\t\t<div class=\"elementor-container elementor-column-gap-default\">\n\t\t\t\t\t<div class=\"elementor-column elementor-col-100 elementor-top-column elementor-element elementor-element-26f9186\" data-id=\"26f9186\" data-element_type=\"column\" data-e-type=\"column\">\n\t\t\t<div class=\"elementor-widget-wrap elementor-element-populated\">\n\t\t\t\t\t\t<div class=\"elementor-element elementor-element-4fafd0b2 elementor-widget elementor-widget-text-editor\" data-id=\"4fafd0b2\" data-element_type=\"widget\" data-e-type=\"widget\" data-widget_type=\"text-editor.default\">\n\t\t\t\t<div class=\"elementor-widget-container\">\n\t\t\t\t\t\t\t\t\t\n<p>Die <strong>Frist f\u00fcr die Beantragung von mietkaution in Belgien<\/strong> h\u00e4ngt von der Art der gew\u00e4hlten Sicherheit ab: Sperrkonto, Bankgarantie, e-DEPO, privater B\u00fcrge oder Online-Dienst. Die Organisation, bei der der Antrag gestellt wird, kann ebenfalls spezifische Verz\u00f6gerungen verursachen. <\/p>\n<p>Einige Systeme sind schnell und digital, andere erfordern mehrere administrative Schritte oder einen Besuch in einer Agentur. Hier ist eine vollst\u00e4ndige \u00dcbersicht \u00fcber die verschiedenen Fristen f\u00fcr die in Belgien verf\u00fcgbaren Optionen. <\/p>\n\t\t\t\t\t\t\t\t<\/div>\n\t\t\t\t<\/div>\n\t\t\t\t\t<\/div>\n\t\t<\/div>\n\t\t\t\t\t<\/div>\n\t\t<\/section>\n\t\t\t\t<section class=\"elementor-section elementor-top-section elementor-element elementor-element-91468d2 elementor-section-boxed elementor-section-height-default elementor-section-height-default\" data-id=\"91468d2\" data-element_type=\"section\" data-e-type=\"section\">\n\t\t\t\t\t\t<div class=\"elementor-container elementor-column-gap-default\">\n\t\t\t\t\t<div class=\"elementor-column elementor-col-100 elementor-top-column elementor-element elementor-element-1b56e3b\" data-id=\"1b56e3b\" data-element_type=\"column\" data-e-type=\"column\">\n\t\t\t<div class=\"elementor-widget-wrap elementor-element-populated\">\n\t\t\t\t\t\t<div class=\"elementor-element elementor-element-d879dec elementor-widget elementor-widget-heading\" data-id=\"d879dec\" data-element_type=\"widget\" data-e-type=\"widget\" data-widget_type=\"heading.default\">\n\t\t\t\t<div class=\"elementor-widget-container\">\n\t\t\t\t\t<h2 class=\"elementor-heading-title elementor-size-default\">1. Gesperrtes Konto bei einer Bank<\/h2>\t\t\t\t<\/div>\n\t\t\t\t<\/div>\n\t\t\t\t<div class=\"elementor-element elementor-element-3bea5f6 elementor-widget elementor-widget-text-editor\" data-id=\"3bea5f6\" data-element_type=\"widget\" data-e-type=\"widget\" data-widget_type=\"text-editor.default\">\n\t\t\t\t<div class=\"elementor-widget-container\">\n\t\t\t\t\t\t\t\t\t<p>Diese Art der Garantie ist in Belgien am gebr\u00e4uchlichsten. Der Mieter er\u00f6ffnet ein <span style=\"text-decoration: underline;\">\n  <a href=\"https:\/\/garantie.be\/de\/mietkaution\/bankkonto-mietkaution\/\">gesperrtes Konto<\/a>\n<\/span> bei einer Bank, auf das er den Betrag der <span style=\"text-decoration: underline;\">\n  <a href=\"https:\/\/garantie.be\/de\/kautionen\/\">mietkaution<\/a>\n<\/span> einzahlt. <\/p>\n<ul>\n<li>\n<p><strong>Gesch\u00e4tzte Dauer: 3 bis 10 Werktage<\/strong>, je nach Bank.<\/p>\n<\/li>\n<li>\n<p>Einige Banken erm\u00f6glichen es, <strong>den Antrag online zu starten<\/strong>, aber oft ist eine manuelle Best\u00e4tigung durch einen Berater erforderlich.<\/p>\n<\/li>\n<li>\nF\u00fcr die wichtigsten Banken haben wir spezielle Seiten erstellt:\n<ul>\n<li>\n<span style=\"text-decoration: underline;\"><a href=\"https:\/\/garantie.be\/de\/mietgarantie-fortis\/\">Mietgarantie BNP Paribas Fortis<\/a><\/span>\n<\/li>\n<li>\n<span style=\"text-decoration: underline;\"><a href=\"https:\/\/garantie.be\/de\/ing-mietkaution\/\">ING Mietkaution<\/a><\/span>\n<\/li>\n<li>\n<span style=\"text-decoration: underline;\"><a href=\"https:\/\/garantie.be\/de\/kbc-mietkaution\/\">KBC Mietkaution<\/a><\/span>\n<\/li>\n<li>\n<span style=\"text-decoration: underline;\"><a href=\"https:\/\/garantie.be\/de\/belfius-mietkaution\/\">Belfius Mietkaution<\/a><\/span>\n<\/li>\n<\/ul>\n<\/li>\n<\/ul>\t\t\t\t\t\t\t\t<\/div>\n\t\t\t\t<\/div>\n\t\t\t\t\t<\/div>\n\t\t<\/div>\n\t\t\t\t\t<\/div>\n\t\t<\/section>\n\t\t\t\t<section class=\"elementor-section elementor-top-section elementor-element elementor-element-59f85524 elementor-section-content-middle elementor-section-height-min-height elementor-section-items-stretch elementor-section-boxed elementor-section-height-default\" data-id=\"59f85524\" data-element_type=\"section\" data-e-type=\"section\">\n\t\t\t\t\t\t<div class=\"elementor-container elementor-column-gap-no\">\n\t\t\t\t\t<div class=\"elementor-column elementor-col-100 elementor-top-column elementor-element elementor-element-4e84115d\" data-id=\"4e84115d\" data-element_type=\"column\" data-e-type=\"column\" data-settings=\"{&quot;background_background&quot;:&quot;classic&quot;}\">\n\t\t\t<div class=\"elementor-widget-wrap elementor-element-populated\">\n\t\t\t\t\t\t<div class=\"elementor-element elementor-element-43241d65 elementor-widget elementor-widget-image\" data-id=\"43241d65\" data-element_type=\"widget\" data-e-type=\"widget\" data-widget_type=\"image.default\">\n\t\t\t\t<div class=\"elementor-widget-container\">\n\t\t\t\t\t\t\t\t\t\t\t\t\t\t\t<img decoding=\"async\" src=\"https:\/\/garantie.be\/wp-content\/uploads\/elementor\/thumbs\/Logo-2-garantie-alone-1-pe5xec7dnfsf8cs3rtfffen34plb9ip2rjyfhjeqd0.jpg\" title=\"garantien\" alt=\"garantie\" loading=\"lazy\" \/>\t\t\t\t\t\t\t\t\t\t\t\t\t\t\t<\/div>\n\t\t\t\t<\/div>\n\t\t\t\t<div class=\"elementor-element elementor-element-18dd6ff1 elementor-widget elementor-widget-text-editor\" data-id=\"18dd6ff1\" data-element_type=\"widget\" data-e-type=\"widget\" data-widget_type=\"text-editor.default\">\n\t\t\t\t<div class=\"elementor-widget-container\">\n\t\t\t\t\t\t\t\t\t<p>F\u00fcllen Sie unser Formular aus, um <strong>Ihre mietkaution innerhalb weniger Stunden zu erhalten<\/strong>. Sie m\u00fcssen kein Geld blockieren, da wir wie eine <span style=\"text-decoration: underline;\">\n  <a href=\"https:\/\/garantie.be\/de\/mietkaution-bankburgschaft\/\">mietkaution Bank<\/a>\n<\/span> arbeiten. <\/p>\t\t\t\t\t\t\t\t<\/div>\n\t\t\t\t<\/div>\n\t\t\t\t<div class=\"elementor-element elementor-element-51b48e0b elementor-mobile-align-center elementor-align-center elementor-widget elementor-widget-button\" data-id=\"51b48e0b\" data-element_type=\"widget\" data-e-type=\"widget\" data-widget_type=\"button.default\">\n\t\t\t\t<div class=\"elementor-widget-container\">\n\t\t\t\t\t\t\t\t\t<div class=\"elementor-button-wrapper\">\n\t\t\t\t\t<a class=\"elementor-button elementor-button-link elementor-size-sm\" href=\"https:\/\/account.garantie.be\/en\/register\/lease\">\n\t\t\t\t\t\t<span class=\"elementor-button-content-wrapper\">\n\t\t\t\t\t\t\t\t\t<span class=\"elementor-button-text\">Formular mietkaution<\/span>\n\t\t\t\t\t<\/span>\n\t\t\t\t\t<\/a>\n\t\t\t\t<\/div>\n\t\t\t\t\t\t\t\t<\/div>\n\t\t\t\t<\/div>\n\t\t\t\t\t<\/div>\n\t\t<\/div>\n\t\t\t\t\t<\/div>\n\t\t<\/section>\n\t\t\t\t<section class=\"elementor-section elementor-top-section elementor-element elementor-element-63fc990 elementor-section-boxed elementor-section-height-default elementor-section-height-default\" data-id=\"63fc990\" data-element_type=\"section\" data-e-type=\"section\">\n\t\t\t\t\t\t<div class=\"elementor-container elementor-column-gap-default\">\n\t\t\t\t\t<div class=\"elementor-column elementor-col-100 elementor-top-column elementor-element elementor-element-e42a9a5\" data-id=\"e42a9a5\" data-element_type=\"column\" data-e-type=\"column\">\n\t\t\t<div class=\"elementor-widget-wrap elementor-element-populated\">\n\t\t\t\t\t\t<div class=\"elementor-element elementor-element-d2ead0f elementor-widget elementor-widget-spacer\" data-id=\"d2ead0f\" data-element_type=\"widget\" data-e-type=\"widget\" data-widget_type=\"spacer.default\">\n\t\t\t\t<div class=\"elementor-widget-container\">\n\t\t\t\t\t\t\t<div class=\"elementor-spacer\">\n\t\t\t<div class=\"elementor-spacer-inner\"><\/div>\n\t\t<\/div>\n\t\t\t\t\t\t<\/div>\n\t\t\t\t<\/div>\n\t\t\t\t<div class=\"elementor-element elementor-element-ecbc511 elementor-widget elementor-widget-heading\" data-id=\"ecbc511\" data-element_type=\"widget\" data-e-type=\"widget\" data-widget_type=\"heading.default\">\n\t\t\t\t<div class=\"elementor-widget-container\">\n\t\t\t\t\t<h2 class=\"elementor-heading-title elementor-size-default\">2. Mietkaution \u00fcber garantie.be<\/h2>\t\t\t\t<\/div>\n\t\t\t\t<\/div>\n\t\t\t\t<div class=\"elementor-element elementor-element-9d8f344 elementor-widget elementor-widget-text-editor\" data-id=\"9d8f344\" data-element_type=\"widget\" data-e-type=\"widget\" data-widget_type=\"text-editor.default\">\n\t\t\t\t<div class=\"elementor-widget-container\">\n\t\t\t\t\t\t\t\t\t<p>Unser Online-Service erm\u00f6glicht es, eine Mietgarantie zu erstellen. <span style=\"text-decoration: underline;\">\n  <a href=\"https:\/\/garantie.be\/de\/mietkaution\/\">mietkaution zu stellen.<\/a>\n<\/span> ohne dass Sie Geld auf der Bank blockieren m\u00fcssen.<\/p>\n<ul>\n<li>\n<strong>Gesch\u00e4tzte Zeit bis zur Fertigstellung: nur wenige Stunden<\/strong>.\n<\/li>\n<li>\nDies ist die schnellste L\u00f6sung, die derzeit auf dem belgischen Markt verf\u00fcgbar ist.\n<\/li>\n<\/ul>\t\t\t\t\t\t\t\t<\/div>\n\t\t\t\t<\/div>\n\t\t\t\t<div class=\"elementor-element elementor-element-36478b5 elementor-widget elementor-widget-heading\" data-id=\"36478b5\" data-element_type=\"widget\" data-e-type=\"widget\" data-widget_type=\"heading.default\">\n\t\t\t\t<div class=\"elementor-widget-container\">\n\t\t\t\t\t<h2 class=\"elementor-heading-title elementor-size-default\">3. Mietkaution \u00fcber e-DEPO<\/h2>\t\t\t\t<\/div>\n\t\t\t\t<\/div>\n\t\t\t\t<div class=\"elementor-element elementor-element-53d3659 elementor-widget elementor-widget-text-editor\" data-id=\"53d3659\" data-element_type=\"widget\" data-e-type=\"widget\" data-widget_type=\"text-editor.default\">\n\t\t\t\t<div class=\"elementor-widget-container\">\n\t\t\t\t\t\t\t\t\t<p><span style=\"text-decoration: underline;\">\n  <a href=\"https:\/\/garantie.be\/de\/garantie-lokal-e-depo\/\">e-DEPO<\/a>\n<\/span> ist der \u00f6ffentliche Online-Dienst, der vom F\u00d6D Finanzen angeboten wird, um kostenlos eine mietkaution zu stellen.<\/p>\n<ul>\n<li>\n<strong>Voraussichtliche Dauer: mindestens 7 Tage<\/strong>.\n<\/li>\n<li>\nDer Prozess kann l\u00e4nger dauern, wenn der Mieter Schwierigkeiten hat, bestimmte Informationen zu liefern (z.B. Identifizierung des Vermieters).\n<\/li>\n<\/ul>\t\t\t\t\t\t\t\t<\/div>\n\t\t\t\t<\/div>\n\t\t\t\t<div class=\"elementor-element elementor-element-b0e43a5 elementor-widget elementor-widget-heading\" data-id=\"b0e43a5\" data-element_type=\"widget\" data-e-type=\"widget\" data-widget_type=\"heading.default\">\n\t\t\t\t<div class=\"elementor-widget-container\">\n\t\t\t\t\t<h2 class=\"elementor-heading-title elementor-size-default\">4. Bankgarantie<\/h2>\t\t\t\t<\/div>\n\t\t\t\t<\/div>\n\t\t\t\t<div class=\"elementor-element elementor-element-20886c6 elementor-widget elementor-widget-text-editor\" data-id=\"20886c6\" data-element_type=\"widget\" data-e-type=\"widget\" data-widget_type=\"text-editor.default\">\n\t\t\t\t<div class=\"elementor-widget-container\">\n\t\t\t\t\t\t\t\t\t<p>Im Falle einer <span style=\"text-decoration: underline;\">\n  <a href=\"https:\/\/garantie.be\/de\/mietkaution-bankburgschaft\/\">Bankgarantie<\/a>\n<\/span>Bei einer Bankb\u00fcrgschaft b\u00fcrgt die Bank anstelle des Mieters, vorausgesetzt, dass der Mieter monatliche Raten zahlt, um den Betrag der Mietkaution wieder aufzuf\u00fcllen. <span style=\"text-decoration: underline;\">\n  <a href=\"https:\/\/garantie.be\/de\/miet-kaution-belgien\/\">Mietkaution<\/a>\n<\/span>.<\/p>\n<ul>\n<li>\n<strong>Gesch\u00e4tzte Dauer: 2 bis 4 Wochen<\/strong>.\n<\/li>\n<li>\nDie Bank muss ein <strong>vollst\u00e4ndiges Dossier<\/strong> mit Einkommensnachweisen des Mieters und seiner F\u00e4higkeit, den Betrag wieder aufzuf\u00fcllen, einreichen.\n<\/li>\n<\/ul>\t\t\t\t\t\t\t\t<\/div>\n\t\t\t\t<\/div>\n\t\t\t\t<div class=\"elementor-element elementor-element-cc7f0d7 elementor-widget elementor-widget-wp-widget-custom_html\" data-id=\"cc7f0d7\" data-element_type=\"widget\" data-e-type=\"widget\" data-widget_type=\"wp-widget-custom_html.default\">\n\t\t\t\t<div class=\"elementor-widget-container\">\n\t\t\t\t\t<h5>Zusammenfassende Tabelle der Fristen nach Art der mietkaution<\/h5><div class=\"textwidget custom-html-widget\"><table border=\"1\" cellspacing=\"0\" cellpadding=\"8\" style=\"border-collapse: collapse;width: 100%;max-width: 800px;margin: auto\">\r\n    <tr>\r\n      <th>Art der Sicherheit<\/th>\r\n      <th>Gesch\u00e4tzte Frist<\/th>\r\n      <th>Besonderheiten<\/th>\r\n    <\/tr>\r\n  <tbody>\r\n    <tr>\r\n      <td>Gesperrtes Konto in der Bank<\/td>\r\n      <td>3 bis 10 Werktage<\/td>\r\n      <td>Online m\u00f6glich, manuelle Best\u00e4tigung erforderlich<\/td>\r\n    <\/tr>\r\n    <tr>\r\n      <td>Garantie.be online<\/td>\r\n      <td>Innerhalb weniger Stunden<\/td>\r\n      <td>100% digital, keine Blockierung von Geldern<\/td>\r\n    <\/tr>\r\n<tr>\r\n      <td>Mietkaution \u00fcber e-DEPO<\/td>\r\n<td>Mindestens 7 Tage<\/td>\r\n<td>\u00d6ffentlicher Dienst, kostenlos, erfordert genaue Informationen<\/td>\r\n    <\/tr>\r\n    <tr>\r\n      <td>Bankgarantie<\/td>\r\n      <td>2 bis 4 Wochen<\/td>\r\n      <td>Vollst\u00e4ndige Unterlagen m\u00fcssen zusammengestellt werden, l\u00e4ngere Frist<\/td>\r\n    <\/tr>\r\n    <tr>\r\n      <td>Kaution eines Dritten<\/td>\r\n      <td>1 bis 3 Wochen<\/td>\r\n      <td>Unterschiedlich je nach Art des B\u00fcrgen (Angeh\u00f6riger oder Organisation)<\/td>\r\n    <\/tr>\r\n  <\/tbody>\r\n<\/table><\/div>\t\t\t\t<\/div>\n\t\t\t\t<\/div>\n\t\t\t\t\t<\/div>\n\t\t<\/div>\n\t\t\t\t\t<\/div>\n\t\t<\/section>\n\t\t\t\t<\/div>\n\t\t","protected":false},"excerpt":{"rendered":"<p>Welche Frist f\u00fcr eine mietkaution Die Frist f\u00fcr die Beantragung von mietkaution in Belgien h\u00e4ngt von der Art der gew\u00e4hlten Sicherheit ab: Sperrkonto, Bankgarantie, e-DEPO, privater B\u00fcrge oder Online-Dienst. Die Organisation, bei der der Antrag gestellt wird, kann ebenfalls spezifische Verz\u00f6gerungen verursachen. Einige Systeme sind schnell und digital, andere erfordern mehrere administrative Schritte oder einen [&hellip;]<\/p>\n","protected":false},"author":1,"featured_media":0,"parent":2880,"menu_order":0,"comment_status":"closed","ping_status":"closed","template":"","meta":{"footnotes":""},"class_list":["post-18074","page","type-page","status-publish","hentry"],"yoast_head":"<!-- This site is optimized with the Yoast SEO plugin v27.3 - https:\/\/yoast.com\/product\/yoast-seo-wordpress\/ -->\n<title>Frist f\u00fcr den Erhalt einer mietkaution | Kompletter Leitfaden 2025<\/title>\n<meta name=\"description\" content=\"Hier sind die Fristen f\u00fcr den Erhalt einer Mietkaution je nach Art der Garantie: Bank, e-DEPO, B\u00fcrge oder Online-L\u00f6sungen.\" \/>\n<meta name=\"robots\" content=\"index, follow, max-snippet:-1, max-image-preview:large, max-video-preview:-1\" \/>\n<link rel=\"canonical\" href=\"https:\/\/garantie.be\/de\/mietkaution\/frist-fur-mietkaution-belgien\/\" \/>\n<meta property=\"og:locale\" content=\"de_DE\" \/>\n<meta property=\"og:type\" content=\"article\" \/>\n<meta property=\"og:title\" content=\"Frist f\u00fcr den Erhalt einer mietkaution | Kompletter Leitfaden 2025\" \/>\n<meta property=\"og:description\" content=\"Hier sind die Fristen f\u00fcr den Erhalt einer Mietkaution je nach Art der Garantie: Bank, e-DEPO, B\u00fcrge oder Online-L\u00f6sungen.\" \/>\n<meta property=\"og:url\" content=\"https:\/\/garantie.be\/de\/mietkaution\/frist-fur-mietkaution-belgien\/\" \/>\n<meta property=\"og:site_name\" content=\"Garantie\" \/>\n<meta property=\"article:modified_time\" content=\"2025-10-14T15:41:22+00:00\" \/>\n<meta property=\"og:image\" content=\"https:\/\/garantie.be\/wp-content\/uploads\/elementor\/thumbs\/Logo-2-garantie-alone-1-pe5xec7dnfsf8cs3rtfffen34plb9ip2rjyfhjeqd0.jpg\" \/>\n<meta name=\"twitter:card\" content=\"summary_large_image\" \/>\n<meta name=\"twitter:label1\" content=\"Gesch\u00e4tzte Lesezeit\" \/>\n\t<meta name=\"twitter:data1\" content=\"2\u00a0Minuten\" \/>\n<script type=\"application\/ld+json\" class=\"yoast-schema-graph\">{\"@context\":\"https:\\\/\\\/schema.org\",\"@graph\":[{\"@type\":\"WebPage\",\"@id\":\"https:\\\/\\\/garantie.be\\\/de\\\/mietkaution\\\/frist-fur-mietkaution-belgien\\\/\",\"url\":\"https:\\\/\\\/garantie.be\\\/de\\\/mietkaution\\\/frist-fur-mietkaution-belgien\\\/\",\"name\":\"Frist f\u00fcr den Erhalt einer mietkaution | Kompletter Leitfaden 2025\",\"isPartOf\":{\"@id\":\"https:\\\/\\\/garantie.be\\\/de\\\/#website\"},\"primaryImageOfPage\":{\"@id\":\"https:\\\/\\\/garantie.be\\\/de\\\/mietkaution\\\/frist-fur-mietkaution-belgien\\\/#primaryimage\"},\"image\":{\"@id\":\"https:\\\/\\\/garantie.be\\\/de\\\/mietkaution\\\/frist-fur-mietkaution-belgien\\\/#primaryimage\"},\"thumbnailUrl\":\"https:\\\/\\\/garantie.be\\\/wp-content\\\/uploads\\\/elementor\\\/thumbs\\\/Logo-2-garantie-alone-1-pe5xec7dnfsf8cs3rtfffen34plb9ip2rjyfhjeqd0.jpg\",\"datePublished\":\"2025-05-20T10:16:22+00:00\",\"dateModified\":\"2025-10-14T15:41:22+00:00\",\"description\":\"Hier sind die Fristen f\u00fcr den Erhalt einer Mietkaution je nach Art der Garantie: Bank, e-DEPO, B\u00fcrge oder Online-L\u00f6sungen.\",\"breadcrumb\":{\"@id\":\"https:\\\/\\\/garantie.be\\\/de\\\/mietkaution\\\/frist-fur-mietkaution-belgien\\\/#breadcrumb\"},\"inLanguage\":\"de\",\"potentialAction\":[{\"@type\":\"ReadAction\",\"target\":[\"https:\\\/\\\/garantie.be\\\/de\\\/mietkaution\\\/frist-fur-mietkaution-belgien\\\/\"]}]},{\"@type\":\"ImageObject\",\"inLanguage\":\"de\",\"@id\":\"https:\\\/\\\/garantie.be\\\/de\\\/mietkaution\\\/frist-fur-mietkaution-belgien\\\/#primaryimage\",\"url\":\"https:\\\/\\\/garantie.be\\\/wp-content\\\/uploads\\\/elementor\\\/thumbs\\\/Logo-2-garantie-alone-1-pe5xec7dnfsf8cs3rtfffen34plb9ip2rjyfhjeqd0.jpg\",\"contentUrl\":\"https:\\\/\\\/garantie.be\\\/wp-content\\\/uploads\\\/elementor\\\/thumbs\\\/Logo-2-garantie-alone-1-pe5xec7dnfsf8cs3rtfffen34plb9ip2rjyfhjeqd0.jpg\"},{\"@type\":\"BreadcrumbList\",\"@id\":\"https:\\\/\\\/garantie.be\\\/de\\\/mietkaution\\\/frist-fur-mietkaution-belgien\\\/#breadcrumb\",\"itemListElement\":[{\"@type\":\"ListItem\",\"position\":1,\"name\":\"Accueil\",\"item\":\"https:\\\/\\\/garantie.be\\\/de\\\/\"},{\"@type\":\"ListItem\",\"position\":2,\"name\":\"Mietkaution\",\"item\":\"https:\\\/\\\/garantie.be\\\/de\\\/mietkaution\\\/\"},{\"@type\":\"ListItem\",\"position\":3,\"name\":\"Frist f\u00fcr den Erhalt einer mietkaution | Kompletter Leitfaden 2025\"}]},{\"@type\":\"WebSite\",\"@id\":\"https:\\\/\\\/garantie.be\\\/de\\\/#website\",\"url\":\"https:\\\/\\\/garantie.be\\\/de\\\/\",\"name\":\"Garantie\",\"description\":\"\",\"publisher\":{\"@id\":\"https:\\\/\\\/garantie.be\\\/de\\\/#organization\"},\"potentialAction\":[{\"@type\":\"SearchAction\",\"target\":{\"@type\":\"EntryPoint\",\"urlTemplate\":\"https:\\\/\\\/garantie.be\\\/de\\\/?s={search_term_string}\"},\"query-input\":{\"@type\":\"PropertyValueSpecification\",\"valueRequired\":true,\"valueName\":\"search_term_string\"}}],\"inLanguage\":\"de\"},{\"@type\":\"Organization\",\"@id\":\"https:\\\/\\\/garantie.be\\\/de\\\/#organization\",\"name\":\"Garantie.be\",\"url\":\"https:\\\/\\\/garantie.be\\\/de\\\/\",\"logo\":{\"@type\":\"ImageObject\",\"inLanguage\":\"de\",\"@id\":\"https:\\\/\\\/garantie.be\\\/de\\\/#\\\/schema\\\/logo\\\/image\\\/\",\"url\":\"\",\"contentUrl\":\"\",\"caption\":\"Garantie.be\"},\"image\":{\"@id\":\"https:\\\/\\\/garantie.be\\\/de\\\/#\\\/schema\\\/logo\\\/image\\\/\"}}]}<\/script>\n<!-- \/ Yoast SEO plugin. -->","yoast_head_json":{"title":"Frist f\u00fcr den Erhalt einer mietkaution | Kompletter Leitfaden 2025","description":"Hier sind die Fristen f\u00fcr den Erhalt einer Mietkaution je nach Art der Garantie: Bank, e-DEPO, B\u00fcrge oder Online-L\u00f6sungen.","robots":{"index":"index","follow":"follow","max-snippet":"max-snippet:-1","max-image-preview":"max-image-preview:large","max-video-preview":"max-video-preview:-1"},"canonical":"https:\/\/garantie.be\/de\/mietkaution\/frist-fur-mietkaution-belgien\/","og_locale":"de_DE","og_type":"article","og_title":"Frist f\u00fcr den Erhalt einer mietkaution | Kompletter Leitfaden 2025","og_description":"Hier sind die Fristen f\u00fcr den Erhalt einer Mietkaution je nach Art der Garantie: Bank, e-DEPO, B\u00fcrge oder Online-L\u00f6sungen.","og_url":"https:\/\/garantie.be\/de\/mietkaution\/frist-fur-mietkaution-belgien\/","og_site_name":"Garantie","article_modified_time":"2025-10-14T15:41:22+00:00","og_image":[{"url":"https:\/\/garantie.be\/wp-content\/uploads\/elementor\/thumbs\/Logo-2-garantie-alone-1-pe5xec7dnfsf8cs3rtfffen34plb9ip2rjyfhjeqd0.jpg","type":"","width":"","height":""}],"twitter_card":"summary_large_image","twitter_misc":{"Gesch\u00e4tzte Lesezeit":"2\u00a0Minuten"},"schema":{"@context":"https:\/\/schema.org","@graph":[{"@type":"WebPage","@id":"https:\/\/garantie.be\/de\/mietkaution\/frist-fur-mietkaution-belgien\/","url":"https:\/\/garantie.be\/de\/mietkaution\/frist-fur-mietkaution-belgien\/","name":"Frist f\u00fcr den Erhalt einer mietkaution | Kompletter Leitfaden 2025","isPartOf":{"@id":"https:\/\/garantie.be\/de\/#website"},"primaryImageOfPage":{"@id":"https:\/\/garantie.be\/de\/mietkaution\/frist-fur-mietkaution-belgien\/#primaryimage"},"image":{"@id":"https:\/\/garantie.be\/de\/mietkaution\/frist-fur-mietkaution-belgien\/#primaryimage"},"thumbnailUrl":"https:\/\/garantie.be\/wp-content\/uploads\/elementor\/thumbs\/Logo-2-garantie-alone-1-pe5xec7dnfsf8cs3rtfffen34plb9ip2rjyfhjeqd0.jpg","datePublished":"2025-05-20T10:16:22+00:00","dateModified":"2025-10-14T15:41:22+00:00","description":"Hier sind die Fristen f\u00fcr den Erhalt einer Mietkaution je nach Art der Garantie: Bank, e-DEPO, B\u00fcrge oder Online-L\u00f6sungen.","breadcrumb":{"@id":"https:\/\/garantie.be\/de\/mietkaution\/frist-fur-mietkaution-belgien\/#breadcrumb"},"inLanguage":"de","potentialAction":[{"@type":"ReadAction","target":["https:\/\/garantie.be\/de\/mietkaution\/frist-fur-mietkaution-belgien\/"]}]},{"@type":"ImageObject","inLanguage":"de","@id":"https:\/\/garantie.be\/de\/mietkaution\/frist-fur-mietkaution-belgien\/#primaryimage","url":"https:\/\/garantie.be\/wp-content\/uploads\/elementor\/thumbs\/Logo-2-garantie-alone-1-pe5xec7dnfsf8cs3rtfffen34plb9ip2rjyfhjeqd0.jpg","contentUrl":"https:\/\/garantie.be\/wp-content\/uploads\/elementor\/thumbs\/Logo-2-garantie-alone-1-pe5xec7dnfsf8cs3rtfffen34plb9ip2rjyfhjeqd0.jpg"},{"@type":"BreadcrumbList","@id":"https:\/\/garantie.be\/de\/mietkaution\/frist-fur-mietkaution-belgien\/#breadcrumb","itemListElement":[{"@type":"ListItem","position":1,"name":"Accueil","item":"https:\/\/garantie.be\/de\/"},{"@type":"ListItem","position":2,"name":"Mietkaution","item":"https:\/\/garantie.be\/de\/mietkaution\/"},{"@type":"ListItem","position":3,"name":"Frist f\u00fcr den Erhalt einer mietkaution | Kompletter Leitfaden 2025"}]},{"@type":"WebSite","@id":"https:\/\/garantie.be\/de\/#website","url":"https:\/\/garantie.be\/de\/","name":"Garantie","description":"","publisher":{"@id":"https:\/\/garantie.be\/de\/#organization"},"potentialAction":[{"@type":"SearchAction","target":{"@type":"EntryPoint","urlTemplate":"https:\/\/garantie.be\/de\/?s={search_term_string}"},"query-input":{"@type":"PropertyValueSpecification","valueRequired":true,"valueName":"search_term_string"}}],"inLanguage":"de"},{"@type":"Organization","@id":"https:\/\/garantie.be\/de\/#organization","name":"Garantie.be","url":"https:\/\/garantie.be\/de\/","logo":{"@type":"ImageObject","inLanguage":"de","@id":"https:\/\/garantie.be\/de\/#\/schema\/logo\/image\/","url":"","contentUrl":"","caption":"Garantie.be"},"image":{"@id":"https:\/\/garantie.be\/de\/#\/schema\/logo\/image\/"}}]}},"_links":{"self":[{"href":"https:\/\/garantie.be\/de\/wp-json\/wp\/v2\/pages\/18074","targetHints":{"allow":["GET"]}}],"collection":[{"href":"https:\/\/garantie.be\/de\/wp-json\/wp\/v2\/pages"}],"about":[{"href":"https:\/\/garantie.be\/de\/wp-json\/wp\/v2\/types\/page"}],"author":[{"embeddable":true,"href":"https:\/\/garantie.be\/de\/wp-json\/wp\/v2\/users\/1"}],"replies":[{"embeddable":true,"href":"https:\/\/garantie.be\/de\/wp-json\/wp\/v2\/comments?post=18074"}],"version-history":[{"count":0,"href":"https:\/\/garantie.be\/de\/wp-json\/wp\/v2\/pages\/18074\/revisions"}],"up":[{"embeddable":true,"href":"https:\/\/garantie.be\/de\/wp-json\/wp\/v2\/pages\/2880"}],"wp:attachment":[{"href":"https:\/\/garantie.be\/de\/wp-json\/wp\/v2\/media?parent=18074"}],"curies":[{"name":"wp","href":"https:\/\/api.w.org\/{rel}","templated":true}]}}