{"id":18134,"date":"2025-05-20T15:11:59","date_gmt":"2025-05-20T13:11:59","guid":{"rendered":"https:\/\/garantie.be\/zekir-naim-ramadan\/"},"modified":"2025-12-19T10:36:25","modified_gmt":"2025-12-19T09:36:25","slug":"zekir-naim-ramadan","status":"publish","type":"page","link":"https:\/\/garantie.be\/de\/datei\/zekir-naim-ramadan\/","title":{"rendered":"Z\u00e9kir Naim &#8211; Belgien"},"content":{"rendered":"\t\t<div data-elementor-type=\"wp-page\" data-elementor-id=\"18134\" class=\"elementor elementor-18134 elementor-18110\" data-elementor-post-type=\"page\">\n\t\t\t\t\t\t<section class=\"elementor-section elementor-top-section elementor-element elementor-element-45b54c23 elementor-section-boxed elementor-section-height-default elementor-section-height-default\" data-id=\"45b54c23\" data-element_type=\"section\" data-e-type=\"section\">\n\t\t\t\t\t\t<div class=\"elementor-container elementor-column-gap-default\">\n\t\t\t\t\t<div class=\"elementor-column elementor-col-100 elementor-top-column elementor-element elementor-element-782f2a39\" data-id=\"782f2a39\" data-element_type=\"column\" data-e-type=\"column\">\n\t\t\t<div class=\"elementor-widget-wrap elementor-element-populated\">\n\t\t\t\t\t\t<div class=\"elementor-element elementor-element-21807361 elementor-widget elementor-widget-spacer\" data-id=\"21807361\" data-element_type=\"widget\" data-e-type=\"widget\" data-widget_type=\"spacer.default\">\n\t\t\t\t<div class=\"elementor-widget-container\">\n\t\t\t\t\t\t\t<div class=\"elementor-spacer\">\n\t\t\t<div class=\"elementor-spacer-inner\"><\/div>\n\t\t<\/div>\n\t\t\t\t\t\t<\/div>\n\t\t\t\t<\/div>\n\t\t\t\t\t<\/div>\n\t\t<\/div>\n\t\t\t\t\t<\/div>\n\t\t<\/section>\n\t\t\t\t<section class=\"elementor-section elementor-top-section elementor-element elementor-element-60066d8a elementor-section-boxed elementor-section-height-default elementor-section-height-default\" data-id=\"60066d8a\" data-element_type=\"section\" data-e-type=\"section\">\n\t\t\t\t\t\t<div class=\"elementor-container elementor-column-gap-default\">\n\t\t\t\t\t<div class=\"elementor-column elementor-col-100 elementor-top-column elementor-element elementor-element-4095f3a7\" data-id=\"4095f3a7\" data-element_type=\"column\" data-e-type=\"column\">\n\t\t\t<div class=\"elementor-widget-wrap elementor-element-populated\">\n\t\t\t\t\t\t<div class=\"elementor-element elementor-element-4e98a1fa elementor-widget elementor-widget-heading\" data-id=\"4e98a1fa\" data-element_type=\"widget\" data-e-type=\"widget\" data-widget_type=\"heading.default\">\n\t\t\t\t<div class=\"elementor-widget-container\">\n\t\t\t\t\t<h1 class=\"elementor-heading-title elementor-size-default\">Zekir Naim<\/h1>\t\t\t\t<\/div>\n\t\t\t\t<\/div>\n\t\t\t\t\t<\/div>\n\t\t<\/div>\n\t\t\t\t\t<\/div>\n\t\t<\/section>\n\t\t\t\t<section class=\"elementor-section elementor-top-section elementor-element elementor-element-62bc228d elementor-section-boxed elementor-section-height-default elementor-section-height-default\" data-id=\"62bc228d\" data-element_type=\"section\" data-e-type=\"section\">\n\t\t\t\t\t\t<div class=\"elementor-container elementor-column-gap-default\">\n\t\t\t\t\t<div class=\"elementor-column elementor-col-100 elementor-top-column elementor-element elementor-element-4962a303\" data-id=\"4962a303\" data-element_type=\"column\" data-e-type=\"column\">\n\t\t\t<div class=\"elementor-widget-wrap elementor-element-populated\">\n\t\t\t\t\t\t<div class=\"elementor-element elementor-element-2c5449a6 elementor-widget elementor-widget-text-editor\" data-id=\"2c5449a6\" data-element_type=\"widget\" data-e-type=\"widget\" data-widget_type=\"text-editor.default\">\n\t\t\t\t<div class=\"elementor-widget-container\">\n\t\t\t\t\t\t\t\t\t<p><strong data-start=\"268\" data-end=\"435\">Diese Seite informiert Sie dar\u00fcber, dass Z\u00e9kir Naim zu den ehemaligen Kunden von garantie.be geh\u00f6rt.<\/strong><\/p><p>Z\u00e9kir Naim hat von unserem Service der Mietkaution profitiert. <span style=\"text-decoration: underline;\"><a href=\"https:\/\/garantie.be\/de\/miet-kaution-belgien\/\">Mietkaution<\/a><\/span>. Im Rahmen unserer B\u00fcrgschaftsverpflichtung gegen\u00fcber seinem Vermieter mussten wir f\u00fcr seine Mietschulden aufkommen. Derzeit wird versucht, eine g\u00fctliche Einigung zu erzielen.<\/p>\t\t\t\t\t\t\t\t<\/div>\n\t\t\t\t<\/div>\n\t\t\t\t\t<\/div>\n\t\t<\/div>\n\t\t\t\t\t<\/div>\n\t\t<\/section>\n\t\t\t\t<section class=\"elementor-section elementor-top-section elementor-element elementor-element-2823f324 elementor-section-boxed elementor-section-height-default elementor-section-height-default\" data-id=\"2823f324\" data-element_type=\"section\" data-e-type=\"section\">\n\t\t\t\t\t\t<div class=\"elementor-container elementor-column-gap-default\">\n\t\t\t\t\t<div class=\"elementor-column elementor-col-100 elementor-top-column elementor-element elementor-element-50da16e0\" data-id=\"50da16e0\" data-element_type=\"column\" data-e-type=\"column\">\n\t\t\t<div class=\"elementor-widget-wrap elementor-element-populated\">\n\t\t\t\t\t\t<div class=\"elementor-element elementor-element-7b628a01 elementor-widget elementor-widget-text-editor\" data-id=\"7b628a01\" data-element_type=\"widget\" data-e-type=\"widget\" data-widget_type=\"text-editor.default\">\n\t\t\t\t<div class=\"elementor-widget-container\">\n\t\t\t\t\t\t\t\t\t<p class=\"\" data-start=\"404\" data-end=\"705\">Z\u00e9kir Naim ist ein ehemaliger Mieter, der <strong data-start=\"757\" data-end=\"808\">\u00fcber die Plattform garantie.be eine mietkaution<\/strong> zur Absicherung eines mietvertraglichen Vertrages in Belgien abgeschlossen hat. Mit Hilfe unseres Dienstes b\u00fcrgten wir in seinem Namen, damit er in die Wohnung einziehen konnte, ohne die vom Vermieter geforderte Kaution pers\u00f6nlich vorstrecken zu m\u00fcssen.<\/p>\t\t\t\t\t\t\t\t<\/div>\n\t\t\t\t<\/div>\n\t\t\t\t\t<\/div>\n\t\t<\/div>\n\t\t\t\t\t<\/div>\n\t\t<\/section>\n\t\t\t\t<section class=\"elementor-section elementor-top-section elementor-element elementor-element-3a215822 elementor-section-boxed elementor-section-height-default elementor-section-height-default\" data-id=\"3a215822\" data-element_type=\"section\" data-e-type=\"section\">\n\t\t\t\t\t\t<div class=\"elementor-container elementor-column-gap-default\">\n\t\t\t\t\t<div class=\"elementor-column elementor-col-50 elementor-top-column elementor-element elementor-element-27546f47\" data-id=\"27546f47\" data-element_type=\"column\" data-e-type=\"column\">\n\t\t\t<div class=\"elementor-widget-wrap elementor-element-populated\">\n\t\t\t\t\t\t<div class=\"elementor-element elementor-element-1ef98fd5 elementor-widget elementor-widget-image\" data-id=\"1ef98fd5\" data-element_type=\"widget\" data-e-type=\"widget\" data-widget_type=\"image.default\">\n\t\t\t\t<div class=\"elementor-widget-container\">\n\t\t\t\t\t\t\t\t\t\t\t\t\t\t\t<img decoding=\"async\" width=\"94\" height=\"94\" src=\"https:\/\/garantie.be\/wp-content\/uploads\/2021\/04\/IPID-exlcus-assurance.jpg\" class=\"attachment-large size-large wp-image-3089\" alt=\"IPID exlcus Versicherung\" \/>\t\t\t\t\t\t\t\t\t\t\t\t\t\t\t<\/div>\n\t\t\t\t<\/div>\n\t\t\t\t\t<\/div>\n\t\t<\/div>\n\t\t\t\t<div class=\"elementor-column elementor-col-50 elementor-top-column elementor-element elementor-element-6b7b955d\" data-id=\"6b7b955d\" data-element_type=\"column\" data-e-type=\"column\">\n\t\t\t<div class=\"elementor-widget-wrap elementor-element-populated\">\n\t\t\t\t\t\t<div class=\"elementor-element elementor-element-fb7d01a elementor-widget elementor-widget-heading\" data-id=\"fb7d01a\" data-element_type=\"widget\" data-e-type=\"widget\" data-widget_type=\"heading.default\">\n\t\t\t\t<div class=\"elementor-widget-container\">\n\t\t\t\t\t<h2 class=\"elementor-heading-title elementor-size-default\">Warnung<\/h2>\t\t\t\t<\/div>\n\t\t\t\t<\/div>\n\t\t\t\t<div class=\"elementor-element elementor-element-400e2636 elementor-widget elementor-widget-text-editor\" data-id=\"400e2636\" data-element_type=\"widget\" data-e-type=\"widget\" data-widget_type=\"text-editor.default\">\n\t\t\t\t<div class=\"elementor-widget-container\">\n\t\t\t\t\t\t\t\t\t<p>Wenn Sie Eigent\u00fcmer, Vermieter oder Dienstleister im Immobilienbereich sind, sollten Sie bei <strong data-start=\"2512\" data-end=\"2608\">einer m\u00f6glichen Besch\u00e4ftigung mit Z\u00e9kir Naim Vorsicht walten<\/strong> lassen.<\/p><p>Diese Seite soll dazu dienen, andere Strukturen vor der <strong data-start=\"2671\" data-end=\"2701\">schlechten Vertragstreue<\/strong> dieses Kunden zu warnen und zu erh\u00f6hter Wachsamkeit bei k\u00fcnftigen Kooperationen zu ermutigen.<\/p>\t\t\t\t\t\t\t\t<\/div>\n\t\t\t\t<\/div>\n\t\t\t\t\t<\/div>\n\t\t<\/div>\n\t\t\t\t\t<\/div>\n\t\t<\/section>\n\t\t\t\t<\/div>\n\t\t","protected":false},"excerpt":{"rendered":"<p>Zekir Naim Diese Seite informiert Sie dar\u00fcber, dass Z\u00e9kir Naim zu den ehemaligen Kunden von garantie.be geh\u00f6rt. Z\u00e9kir Naim hat von unserem Service der Mietkaution profitiert. Mietkaution. Im Rahmen unserer B\u00fcrgschaftsverpflichtung gegen\u00fcber seinem Vermieter mussten wir f\u00fcr seine Mietschulden aufkommen. Derzeit wird versucht, eine g\u00fctliche Einigung zu erzielen. Z\u00e9kir Naim ist ein ehemaliger Mieter, der [&hellip;]<\/p>\n","protected":false},"author":1,"featured_media":0,"parent":17877,"menu_order":0,"comment_status":"closed","ping_status":"closed","template":"","meta":{"footnotes":""},"class_list":["post-18134","page","type-page","status-publish","hentry"],"yoast_head":"<!-- This site is optimized with the Yoast SEO plugin v27.3 - https:\/\/yoast.com\/product\/yoast-seo-wordpress\/ -->\n<title>Z\u00e9kir Naim - Belgien<\/title>\n<meta name=\"description\" content=\"Z\u00e9kir Naim hat von unserer Mietkaution profitiert. Kontaktieren Sie uns, bevor Sie einen mietvertrag f\u00fcr eine Wohnung mit Z\u00e9kir Naim unterzeichnen.\" \/>\n<meta name=\"robots\" content=\"index, follow, max-snippet:-1, max-image-preview:large, max-video-preview:-1\" \/>\n<link rel=\"canonical\" href=\"https:\/\/garantie.be\/de\/datei\/zekir-naim-ramadan\/\" \/>\n<meta property=\"og:locale\" content=\"de_DE\" \/>\n<meta property=\"og:type\" content=\"article\" \/>\n<meta property=\"og:title\" content=\"Z\u00e9kir Naim - Belgien\" \/>\n<meta property=\"og:description\" content=\"Z\u00e9kir Naim hat von unserer Mietkaution profitiert. Kontaktieren Sie uns, bevor Sie einen mietvertrag f\u00fcr eine Wohnung mit Z\u00e9kir Naim unterzeichnen.\" \/>\n<meta property=\"og:url\" content=\"https:\/\/garantie.be\/de\/datei\/zekir-naim-ramadan\/\" \/>\n<meta property=\"og:site_name\" content=\"Garantie\" \/>\n<meta property=\"article:modified_time\" content=\"2025-12-19T09:36:25+00:00\" \/>\n<meta property=\"og:image\" content=\"https:\/\/garantie.be\/wp-content\/uploads\/2021\/04\/IPID-exlcus-assurance.jpg\" \/>\n<meta name=\"twitter:card\" content=\"summary_large_image\" \/>\n<meta name=\"twitter:label1\" content=\"Gesch\u00e4tzte Lesezeit\" \/>\n\t<meta name=\"twitter:data1\" content=\"1\u00a0Minute\" \/>\n<script type=\"application\/ld+json\" class=\"yoast-schema-graph\">{\"@context\":\"https:\\\/\\\/schema.org\",\"@graph\":[{\"@type\":\"WebPage\",\"@id\":\"https:\\\/\\\/garantie.be\\\/de\\\/datei\\\/zekir-naim-ramadan\\\/\",\"url\":\"https:\\\/\\\/garantie.be\\\/de\\\/datei\\\/zekir-naim-ramadan\\\/\",\"name\":\"Z\u00e9kir Naim - Belgien\",\"isPartOf\":{\"@id\":\"https:\\\/\\\/garantie.be\\\/de\\\/#website\"},\"primaryImageOfPage\":{\"@id\":\"https:\\\/\\\/garantie.be\\\/de\\\/datei\\\/zekir-naim-ramadan\\\/#primaryimage\"},\"image\":{\"@id\":\"https:\\\/\\\/garantie.be\\\/de\\\/datei\\\/zekir-naim-ramadan\\\/#primaryimage\"},\"thumbnailUrl\":\"https:\\\/\\\/garantie.be\\\/wp-content\\\/uploads\\\/2021\\\/04\\\/IPID-exlcus-assurance.jpg\",\"datePublished\":\"2025-05-20T13:11:59+00:00\",\"dateModified\":\"2025-12-19T09:36:25+00:00\",\"description\":\"Z\u00e9kir Naim hat von unserer Mietkaution profitiert. Kontaktieren Sie uns, bevor Sie einen mietvertrag f\u00fcr eine Wohnung mit Z\u00e9kir Naim unterzeichnen.\",\"breadcrumb\":{\"@id\":\"https:\\\/\\\/garantie.be\\\/de\\\/datei\\\/zekir-naim-ramadan\\\/#breadcrumb\"},\"inLanguage\":\"de\",\"potentialAction\":[{\"@type\":\"ReadAction\",\"target\":[\"https:\\\/\\\/garantie.be\\\/de\\\/datei\\\/zekir-naim-ramadan\\\/\"]}]},{\"@type\":\"ImageObject\",\"inLanguage\":\"de\",\"@id\":\"https:\\\/\\\/garantie.be\\\/de\\\/datei\\\/zekir-naim-ramadan\\\/#primaryimage\",\"url\":\"https:\\\/\\\/garantie.be\\\/wp-content\\\/uploads\\\/2021\\\/04\\\/IPID-exlcus-assurance.jpg\",\"contentUrl\":\"https:\\\/\\\/garantie.be\\\/wp-content\\\/uploads\\\/2021\\\/04\\\/IPID-exlcus-assurance.jpg\"},{\"@type\":\"BreadcrumbList\",\"@id\":\"https:\\\/\\\/garantie.be\\\/de\\\/datei\\\/zekir-naim-ramadan\\\/#breadcrumb\",\"itemListElement\":[{\"@type\":\"ListItem\",\"position\":1,\"name\":\"Accueil\",\"item\":\"https:\\\/\\\/garantie.be\\\/de\\\/\"},{\"@type\":\"ListItem\",\"position\":2,\"name\":\"Unerledigte Kundenakten\",\"item\":\"https:\\\/\\\/garantie.be\\\/de\\\/datei\\\/\"},{\"@type\":\"ListItem\",\"position\":3,\"name\":\"Z\u00e9kir Naim &#8211; Belgien\"}]},{\"@type\":\"WebSite\",\"@id\":\"https:\\\/\\\/garantie.be\\\/de\\\/#website\",\"url\":\"https:\\\/\\\/garantie.be\\\/de\\\/\",\"name\":\"Garantie\",\"description\":\"\",\"publisher\":{\"@id\":\"https:\\\/\\\/garantie.be\\\/de\\\/#organization\"},\"potentialAction\":[{\"@type\":\"SearchAction\",\"target\":{\"@type\":\"EntryPoint\",\"urlTemplate\":\"https:\\\/\\\/garantie.be\\\/de\\\/?s={search_term_string}\"},\"query-input\":{\"@type\":\"PropertyValueSpecification\",\"valueRequired\":true,\"valueName\":\"search_term_string\"}}],\"inLanguage\":\"de\"},{\"@type\":\"Organization\",\"@id\":\"https:\\\/\\\/garantie.be\\\/de\\\/#organization\",\"name\":\"Garantie.be\",\"url\":\"https:\\\/\\\/garantie.be\\\/de\\\/\",\"logo\":{\"@type\":\"ImageObject\",\"inLanguage\":\"de\",\"@id\":\"https:\\\/\\\/garantie.be\\\/de\\\/#\\\/schema\\\/logo\\\/image\\\/\",\"url\":\"\",\"contentUrl\":\"\",\"caption\":\"Garantie.be\"},\"image\":{\"@id\":\"https:\\\/\\\/garantie.be\\\/de\\\/#\\\/schema\\\/logo\\\/image\\\/\"}}]}<\/script>\n<!-- \/ Yoast SEO plugin. -->","yoast_head_json":{"title":"Z\u00e9kir Naim - Belgien","description":"Z\u00e9kir Naim hat von unserer Mietkaution profitiert. Kontaktieren Sie uns, bevor Sie einen mietvertrag f\u00fcr eine Wohnung mit Z\u00e9kir Naim unterzeichnen.","robots":{"index":"index","follow":"follow","max-snippet":"max-snippet:-1","max-image-preview":"max-image-preview:large","max-video-preview":"max-video-preview:-1"},"canonical":"https:\/\/garantie.be\/de\/datei\/zekir-naim-ramadan\/","og_locale":"de_DE","og_type":"article","og_title":"Z\u00e9kir Naim - Belgien","og_description":"Z\u00e9kir Naim hat von unserer Mietkaution profitiert. Kontaktieren Sie uns, bevor Sie einen mietvertrag f\u00fcr eine Wohnung mit Z\u00e9kir Naim unterzeichnen.","og_url":"https:\/\/garantie.be\/de\/datei\/zekir-naim-ramadan\/","og_site_name":"Garantie","article_modified_time":"2025-12-19T09:36:25+00:00","og_image":[{"url":"https:\/\/garantie.be\/wp-content\/uploads\/2021\/04\/IPID-exlcus-assurance.jpg","type":"","width":"","height":""}],"twitter_card":"summary_large_image","twitter_misc":{"Gesch\u00e4tzte Lesezeit":"1\u00a0Minute"},"schema":{"@context":"https:\/\/schema.org","@graph":[{"@type":"WebPage","@id":"https:\/\/garantie.be\/de\/datei\/zekir-naim-ramadan\/","url":"https:\/\/garantie.be\/de\/datei\/zekir-naim-ramadan\/","name":"Z\u00e9kir Naim - Belgien","isPartOf":{"@id":"https:\/\/garantie.be\/de\/#website"},"primaryImageOfPage":{"@id":"https:\/\/garantie.be\/de\/datei\/zekir-naim-ramadan\/#primaryimage"},"image":{"@id":"https:\/\/garantie.be\/de\/datei\/zekir-naim-ramadan\/#primaryimage"},"thumbnailUrl":"https:\/\/garantie.be\/wp-content\/uploads\/2021\/04\/IPID-exlcus-assurance.jpg","datePublished":"2025-05-20T13:11:59+00:00","dateModified":"2025-12-19T09:36:25+00:00","description":"Z\u00e9kir Naim hat von unserer Mietkaution profitiert. Kontaktieren Sie uns, bevor Sie einen mietvertrag f\u00fcr eine Wohnung mit Z\u00e9kir Naim unterzeichnen.","breadcrumb":{"@id":"https:\/\/garantie.be\/de\/datei\/zekir-naim-ramadan\/#breadcrumb"},"inLanguage":"de","potentialAction":[{"@type":"ReadAction","target":["https:\/\/garantie.be\/de\/datei\/zekir-naim-ramadan\/"]}]},{"@type":"ImageObject","inLanguage":"de","@id":"https:\/\/garantie.be\/de\/datei\/zekir-naim-ramadan\/#primaryimage","url":"https:\/\/garantie.be\/wp-content\/uploads\/2021\/04\/IPID-exlcus-assurance.jpg","contentUrl":"https:\/\/garantie.be\/wp-content\/uploads\/2021\/04\/IPID-exlcus-assurance.jpg"},{"@type":"BreadcrumbList","@id":"https:\/\/garantie.be\/de\/datei\/zekir-naim-ramadan\/#breadcrumb","itemListElement":[{"@type":"ListItem","position":1,"name":"Accueil","item":"https:\/\/garantie.be\/de\/"},{"@type":"ListItem","position":2,"name":"Unerledigte Kundenakten","item":"https:\/\/garantie.be\/de\/datei\/"},{"@type":"ListItem","position":3,"name":"Z\u00e9kir Naim &#8211; Belgien"}]},{"@type":"WebSite","@id":"https:\/\/garantie.be\/de\/#website","url":"https:\/\/garantie.be\/de\/","name":"Garantie","description":"","publisher":{"@id":"https:\/\/garantie.be\/de\/#organization"},"potentialAction":[{"@type":"SearchAction","target":{"@type":"EntryPoint","urlTemplate":"https:\/\/garantie.be\/de\/?s={search_term_string}"},"query-input":{"@type":"PropertyValueSpecification","valueRequired":true,"valueName":"search_term_string"}}],"inLanguage":"de"},{"@type":"Organization","@id":"https:\/\/garantie.be\/de\/#organization","name":"Garantie.be","url":"https:\/\/garantie.be\/de\/","logo":{"@type":"ImageObject","inLanguage":"de","@id":"https:\/\/garantie.be\/de\/#\/schema\/logo\/image\/","url":"","contentUrl":"","caption":"Garantie.be"},"image":{"@id":"https:\/\/garantie.be\/de\/#\/schema\/logo\/image\/"}}]}},"_links":{"self":[{"href":"https:\/\/garantie.be\/de\/wp-json\/wp\/v2\/pages\/18134","targetHints":{"allow":["GET"]}}],"collection":[{"href":"https:\/\/garantie.be\/de\/wp-json\/wp\/v2\/pages"}],"about":[{"href":"https:\/\/garantie.be\/de\/wp-json\/wp\/v2\/types\/page"}],"author":[{"embeddable":true,"href":"https:\/\/garantie.be\/de\/wp-json\/wp\/v2\/users\/1"}],"replies":[{"embeddable":true,"href":"https:\/\/garantie.be\/de\/wp-json\/wp\/v2\/comments?post=18134"}],"version-history":[{"count":0,"href":"https:\/\/garantie.be\/de\/wp-json\/wp\/v2\/pages\/18134\/revisions"}],"up":[{"embeddable":true,"href":"https:\/\/garantie.be\/de\/wp-json\/wp\/v2\/pages\/17877"}],"wp:attachment":[{"href":"https:\/\/garantie.be\/de\/wp-json\/wp\/v2\/media?parent=18134"}],"curies":[{"name":"wp","href":"https:\/\/api.w.org\/{rel}","templated":true}]}}