{"id":18391,"date":"2025-08-21T10:54:32","date_gmt":"2025-08-21T08:54:32","guid":{"rendered":"https:\/\/garantie.be\/bewertungen-garantie-be\/"},"modified":"2026-01-19T15:15:11","modified_gmt":"2026-01-19T14:15:11","slug":"bewertungen-garantie-be","status":"publish","type":"page","link":"https:\/\/garantie.be\/de\/bewertungen-garantie-be\/","title":{"rendered":"Alle Bewertungen auf garantie.be"},"content":{"rendered":"\t\t<div data-elementor-type=\"wp-page\" data-elementor-id=\"18391\" class=\"elementor elementor-18391 elementor-18353\" data-elementor-post-type=\"page\">\n\t\t\t\t\t\t<section class=\"elementor-section elementor-top-section elementor-element elementor-element-68c2c0bc elementor-section-boxed elementor-section-height-default elementor-section-height-default\" data-id=\"68c2c0bc\" data-element_type=\"section\" data-e-type=\"section\">\n\t\t\t\t\t\t<div class=\"elementor-container elementor-column-gap-default\">\n\t\t\t\t\t<div class=\"elementor-column elementor-col-100 elementor-top-column elementor-element elementor-element-67b42e20\" data-id=\"67b42e20\" data-element_type=\"column\" data-e-type=\"column\">\n\t\t\t<div class=\"elementor-widget-wrap elementor-element-populated\">\n\t\t\t\t\t\t<div class=\"elementor-element elementor-element-1427cf8c elementor-widget elementor-widget-spacer\" data-id=\"1427cf8c\" data-element_type=\"widget\" data-e-type=\"widget\" data-widget_type=\"spacer.default\">\n\t\t\t\t<div class=\"elementor-widget-container\">\n\t\t\t\t\t\t\t<div class=\"elementor-spacer\">\n\t\t\t<div class=\"elementor-spacer-inner\"><\/div>\n\t\t<\/div>\n\t\t\t\t\t\t<\/div>\n\t\t\t\t<\/div>\n\t\t\t\t<div class=\"elementor-element elementor-element-32c47b87 elementor-widget elementor-widget-heading\" data-id=\"32c47b87\" data-element_type=\"widget\" data-e-type=\"widget\" data-widget_type=\"heading.default\">\n\t\t\t\t<div class=\"elementor-widget-container\">\n\t\t\t\t\t<h1 class=\"elementor-heading-title elementor-size-default\">Alle Bewertungen auf garantie.be<\/h1>\t\t\t\t<\/div>\n\t\t\t\t<\/div>\n\t\t\t\t<div class=\"elementor-element elementor-element-3e7134f5 elementor-widget elementor-widget-text-editor\" data-id=\"3e7134f5\" data-element_type=\"widget\" data-e-type=\"widget\" data-widget_type=\"text-editor.default\">\n\t\t\t\t<div class=\"elementor-widget-container\">\n\t\t\t\t\t\t\t\t\t<p>Die Plattform garantie.be ist seit Oktober 2021 online verf\u00fcgbar. Sie erm\u00f6glicht es, <span style=\"font-size: 1rem;\">eine <\/span> Mietgarantie zu beantragen. <span style=\"font-size: 1rem; text-decoration-line: underline;\"><a href=\"https:\/\/garantie.be\/de\/online-mietkaution\/\">Online-Mietkaution<\/a><\/span> <span style=\"font-size: 1rem;\"> <\/span><span style=\"font-size: 1rem;\">ohne die<\/span> <span style=\"font-size: 1rem;\">Bank zu besuchen.<\/span> Viele Nutzer des Dienstes wollten einen Kommentar online abgeben. Das Lesen dieser Google-Bewertungen erm\u00f6glicht es, sich ein Bild von der Qualit\u00e4t des Service zu machen. <\/p>\t\t\t\t\t\t\t\t<\/div>\n\t\t\t\t<\/div>\n\t\t\t\t\t<\/div>\n\t\t<\/div>\n\t\t\t\t\t<\/div>\n\t\t<\/section>\n\t\t\t\t<section class=\"elementor-section elementor-top-section elementor-element elementor-element-b277648 elementor-section-boxed elementor-section-height-default elementor-section-height-default\" data-id=\"b277648\" data-element_type=\"section\" data-e-type=\"section\">\n\t\t\t\t\t\t<div class=\"elementor-container elementor-column-gap-default\">\n\t\t\t\t\t<div class=\"elementor-column elementor-col-100 elementor-top-column elementor-element elementor-element-b114638\" data-id=\"b114638\" data-element_type=\"column\" data-e-type=\"column\">\n\t\t\t<div class=\"elementor-widget-wrap elementor-element-populated\">\n\t\t\t\t\t\t<div class=\"elementor-element elementor-element-9afd304 elementor-widget elementor-widget-Google\" data-id=\"9afd304\" data-element_type=\"widget\" data-e-type=\"widget\" data-widget_type=\"Google.default\">\n\t\t\t\t<div class=\"elementor-widget-container\">\n\t\t\t\t\t<div data-src=\"https:\/\/cdn.trustindex.io\/loader.js?4f6e4a3529b46645a57638704d2\"><\/div>\t\t\t\t<\/div>\n\t\t\t\t<\/div>\n\t\t\t\t\t<\/div>\n\t\t<\/div>\n\t\t\t\t\t<\/div>\n\t\t<\/section>\n\t\t\t\t<section class=\"elementor-section elementor-top-section elementor-element elementor-element-9c1b9fb elementor-section-boxed elementor-section-height-default elementor-section-height-default\" data-id=\"9c1b9fb\" data-element_type=\"section\" data-e-type=\"section\">\n\t\t\t\t\t\t<div class=\"elementor-container elementor-column-gap-default\">\n\t\t\t\t\t<div class=\"elementor-column elementor-col-100 elementor-top-column elementor-element elementor-element-9f681b4\" data-id=\"9f681b4\" data-element_type=\"column\" data-e-type=\"column\">\n\t\t\t<div class=\"elementor-widget-wrap elementor-element-populated\">\n\t\t\t\t\t\t<div class=\"elementor-element elementor-element-e8d3d55 elementor-widget elementor-widget-heading\" data-id=\"e8d3d55\" data-element_type=\"widget\" data-e-type=\"widget\" data-widget_type=\"heading.default\">\n\t\t\t\t<div class=\"elementor-widget-container\">\n\t\t\t\t\t<h2 class=\"elementor-heading-title elementor-size-default\">Automatische \u00dcbersetzung von Google Erfahrungsberichten<\/h2>\t\t\t\t<\/div>\n\t\t\t\t<\/div>\n\t\t\t\t<div class=\"elementor-element elementor-element-a8208d3 elementor-widget elementor-widget-text-editor\" data-id=\"a8208d3\" data-element_type=\"widget\" data-e-type=\"widget\" data-widget_type=\"text-editor.default\">\n\t\t\t\t<div class=\"elementor-widget-container\">\n\t\t\t\t\t\t\t\t\t<p>Die auf Google abgegebenen Erfahrungsberichte werden automatisch in Ihre Sprache \u00fcbersetzt, damit Sie sie leichter lesen k\u00f6nnen. Die Erfahrungsberichte werden nach Datum aufgelistet, um die neuesten Erfahrungsberichte zuerst zu pr\u00e4sentieren. <\/p>\t\t\t\t\t\t\t\t<\/div>\n\t\t\t\t<\/div>\n\t\t\t\t\t<\/div>\n\t\t<\/div>\n\t\t\t\t\t<\/div>\n\t\t<\/section>\n\t\t\t\t<section class=\"elementor-section elementor-top-section elementor-element elementor-element-5e483e27 elementor-section-content-middle elementor-section-height-min-height elementor-section-items-stretch elementor-section-boxed elementor-section-height-default\" data-id=\"5e483e27\" data-element_type=\"section\" data-e-type=\"section\">\n\t\t\t\t\t\t<div class=\"elementor-container elementor-column-gap-no\">\n\t\t\t\t\t<div class=\"elementor-column elementor-col-100 elementor-top-column elementor-element elementor-element-779e58d6\" data-id=\"779e58d6\" data-element_type=\"column\" data-e-type=\"column\" data-settings=\"{&quot;background_background&quot;:&quot;classic&quot;}\">\n\t\t\t<div class=\"elementor-widget-wrap elementor-element-populated\">\n\t\t\t\t\t\t<div class=\"elementor-element elementor-element-529717d9 elementor-widget elementor-widget-text-editor\" data-id=\"529717d9\" data-element_type=\"widget\" data-e-type=\"widget\" data-widget_type=\"text-editor.default\">\n\t\t\t\t<div class=\"elementor-widget-container\">\n\t\t\t\t\t\t\t\t\t<p>F\u00fcllen Sie unser Online-Formular aus, um Ihre Mietkaution innerhalb weniger Stunden zu erhalten. Sie m\u00fcssen kein Geld blockieren, da wir wie eine <span style=\"text-decoration: underline;\"><a href=\"https:\/\/garantie.be\/de\/mietkaution-bankburgschaft\/\">Mietkaution auf bankbasis<\/a><\/span> funktionieren. <\/p>\t\t\t\t\t\t\t\t<\/div>\n\t\t\t\t<\/div>\n\t\t\t\t<div class=\"elementor-element elementor-element-48845ad6 elementor-mobile-align-center elementor-align-center elementor-widget elementor-widget-button\" data-id=\"48845ad6\" data-element_type=\"widget\" data-e-type=\"widget\" data-widget_type=\"button.default\">\n\t\t\t\t<div class=\"elementor-widget-container\">\n\t\t\t\t\t\t\t\t\t<div class=\"elementor-button-wrapper\">\n\t\t\t\t\t<a class=\"elementor-button elementor-button-link elementor-size-sm\" href=\"https:\/\/account.garantie.be\/en\/register\/lease\">\n\t\t\t\t\t\t<span class=\"elementor-button-content-wrapper\">\n\t\t\t\t\t\t\t\t\t<span class=\"elementor-button-text\">Formular mietkaution<\/span>\n\t\t\t\t\t<\/span>\n\t\t\t\t\t<\/a>\n\t\t\t\t<\/div>\n\t\t\t\t\t\t\t\t<\/div>\n\t\t\t\t<\/div>\n\t\t\t\t\t<\/div>\n\t\t<\/div>\n\t\t\t\t\t<\/div>\n\t\t<\/section>\n\t\t\t\t<\/div>\n\t\t","protected":false},"excerpt":{"rendered":"<p>Alle Bewertungen auf garantie.be Die Plattform garantie.be ist seit Oktober 2021 online verf\u00fcgbar. Sie erm\u00f6glicht es, eine Mietgarantie zu beantragen. Online-Mietkaution ohne die Bank zu besuchen. Viele Nutzer des Dienstes wollten einen Kommentar online abgeben. Das Lesen dieser Google-Bewertungen erm\u00f6glicht es, sich ein Bild von der Qualit\u00e4t des Service zu machen. Automatische \u00dcbersetzung von Google [&hellip;]<\/p>\n","protected":false},"author":1,"featured_media":0,"parent":0,"menu_order":0,"comment_status":"closed","ping_status":"closed","template":"","meta":{"footnotes":""},"class_list":["post-18391","page","type-page","status-publish","hentry"],"yoast_head":"<!-- This site is optimized with the Yoast SEO plugin v27.3 - https:\/\/yoast.com\/product\/yoast-seo-wordpress\/ -->\n<title>Alle Bewertungen auf garantie.be<\/title>\n<meta name=\"description\" content=\"Lesen Sie alle Erfahrungsberichte \u00fcber garantie.be, die auf Google online gestellt wurden. Lesen Sie jede einzelne Bewertung von Nutzern des Dienstes.\" \/>\n<meta name=\"robots\" content=\"index, follow, max-snippet:-1, max-image-preview:large, max-video-preview:-1\" \/>\n<link rel=\"canonical\" href=\"https:\/\/garantie.be\/de\/bewertungen-garantie-be\/\" \/>\n<meta property=\"og:locale\" content=\"de_DE\" \/>\n<meta property=\"og:type\" content=\"article\" \/>\n<meta property=\"og:title\" content=\"Alle Bewertungen auf garantie.be\" \/>\n<meta property=\"og:description\" content=\"Lesen Sie alle Erfahrungsberichte \u00fcber garantie.be, die auf Google online gestellt wurden. Lesen Sie jede einzelne Bewertung von Nutzern des Dienstes.\" \/>\n<meta property=\"og:url\" content=\"https:\/\/garantie.be\/de\/bewertungen-garantie-be\/\" \/>\n<meta property=\"og:site_name\" content=\"Garantie\" \/>\n<meta property=\"article:modified_time\" content=\"2026-01-19T14:15:11+00:00\" \/>\n<meta name=\"twitter:card\" content=\"summary_large_image\" \/>\n<meta name=\"twitter:label1\" content=\"Gesch\u00e4tzte Lesezeit\" \/>\n\t<meta name=\"twitter:data1\" content=\"28\u00a0Minuten\" \/>\n<script type=\"application\/ld+json\" class=\"yoast-schema-graph\">{\"@context\":\"https:\\\/\\\/schema.org\",\"@graph\":[{\"@type\":\"WebPage\",\"@id\":\"https:\\\/\\\/garantie.be\\\/de\\\/bewertungen-garantie-be\\\/\",\"url\":\"https:\\\/\\\/garantie.be\\\/de\\\/bewertungen-garantie-be\\\/\",\"name\":\"Alle Bewertungen auf garantie.be\",\"isPartOf\":{\"@id\":\"https:\\\/\\\/garantie.be\\\/de\\\/#website\"},\"datePublished\":\"2025-08-21T08:54:32+00:00\",\"dateModified\":\"2026-01-19T14:15:11+00:00\",\"description\":\"Lesen Sie alle Erfahrungsberichte \u00fcber garantie.be, die auf Google online gestellt wurden. Lesen Sie jede einzelne Bewertung von Nutzern des Dienstes.\",\"breadcrumb\":{\"@id\":\"https:\\\/\\\/garantie.be\\\/de\\\/bewertungen-garantie-be\\\/#breadcrumb\"},\"inLanguage\":\"de\",\"potentialAction\":[{\"@type\":\"ReadAction\",\"target\":[\"https:\\\/\\\/garantie.be\\\/de\\\/bewertungen-garantie-be\\\/\"]}]},{\"@type\":\"BreadcrumbList\",\"@id\":\"https:\\\/\\\/garantie.be\\\/de\\\/bewertungen-garantie-be\\\/#breadcrumb\",\"itemListElement\":[{\"@type\":\"ListItem\",\"position\":1,\"name\":\"Accueil\",\"item\":\"https:\\\/\\\/garantie.be\\\/de\\\/\"},{\"@type\":\"ListItem\",\"position\":2,\"name\":\"Alle Bewertungen auf garantie.be\"}]},{\"@type\":\"WebSite\",\"@id\":\"https:\\\/\\\/garantie.be\\\/de\\\/#website\",\"url\":\"https:\\\/\\\/garantie.be\\\/de\\\/\",\"name\":\"Garantie\",\"description\":\"\",\"publisher\":{\"@id\":\"https:\\\/\\\/garantie.be\\\/de\\\/#organization\"},\"potentialAction\":[{\"@type\":\"SearchAction\",\"target\":{\"@type\":\"EntryPoint\",\"urlTemplate\":\"https:\\\/\\\/garantie.be\\\/de\\\/?s={search_term_string}\"},\"query-input\":{\"@type\":\"PropertyValueSpecification\",\"valueRequired\":true,\"valueName\":\"search_term_string\"}}],\"inLanguage\":\"de\"},{\"@type\":\"Organization\",\"@id\":\"https:\\\/\\\/garantie.be\\\/de\\\/#organization\",\"name\":\"Garantie.be\",\"url\":\"https:\\\/\\\/garantie.be\\\/de\\\/\",\"logo\":{\"@type\":\"ImageObject\",\"inLanguage\":\"de\",\"@id\":\"https:\\\/\\\/garantie.be\\\/de\\\/#\\\/schema\\\/logo\\\/image\\\/\",\"url\":\"\",\"contentUrl\":\"\",\"caption\":\"Garantie.be\"},\"image\":{\"@id\":\"https:\\\/\\\/garantie.be\\\/de\\\/#\\\/schema\\\/logo\\\/image\\\/\"}}]}<\/script>\n<!-- \/ Yoast SEO plugin. -->","yoast_head_json":{"title":"Alle Bewertungen auf garantie.be","description":"Lesen Sie alle Erfahrungsberichte \u00fcber garantie.be, die auf Google online gestellt wurden. Lesen Sie jede einzelne Bewertung von Nutzern des Dienstes.","robots":{"index":"index","follow":"follow","max-snippet":"max-snippet:-1","max-image-preview":"max-image-preview:large","max-video-preview":"max-video-preview:-1"},"canonical":"https:\/\/garantie.be\/de\/bewertungen-garantie-be\/","og_locale":"de_DE","og_type":"article","og_title":"Alle Bewertungen auf garantie.be","og_description":"Lesen Sie alle Erfahrungsberichte \u00fcber garantie.be, die auf Google online gestellt wurden. Lesen Sie jede einzelne Bewertung von Nutzern des Dienstes.","og_url":"https:\/\/garantie.be\/de\/bewertungen-garantie-be\/","og_site_name":"Garantie","article_modified_time":"2026-01-19T14:15:11+00:00","twitter_card":"summary_large_image","twitter_misc":{"Gesch\u00e4tzte Lesezeit":"28\u00a0Minuten"},"schema":{"@context":"https:\/\/schema.org","@graph":[{"@type":"WebPage","@id":"https:\/\/garantie.be\/de\/bewertungen-garantie-be\/","url":"https:\/\/garantie.be\/de\/bewertungen-garantie-be\/","name":"Alle Bewertungen auf garantie.be","isPartOf":{"@id":"https:\/\/garantie.be\/de\/#website"},"datePublished":"2025-08-21T08:54:32+00:00","dateModified":"2026-01-19T14:15:11+00:00","description":"Lesen Sie alle Erfahrungsberichte \u00fcber garantie.be, die auf Google online gestellt wurden. Lesen Sie jede einzelne Bewertung von Nutzern des Dienstes.","breadcrumb":{"@id":"https:\/\/garantie.be\/de\/bewertungen-garantie-be\/#breadcrumb"},"inLanguage":"de","potentialAction":[{"@type":"ReadAction","target":["https:\/\/garantie.be\/de\/bewertungen-garantie-be\/"]}]},{"@type":"BreadcrumbList","@id":"https:\/\/garantie.be\/de\/bewertungen-garantie-be\/#breadcrumb","itemListElement":[{"@type":"ListItem","position":1,"name":"Accueil","item":"https:\/\/garantie.be\/de\/"},{"@type":"ListItem","position":2,"name":"Alle Bewertungen auf garantie.be"}]},{"@type":"WebSite","@id":"https:\/\/garantie.be\/de\/#website","url":"https:\/\/garantie.be\/de\/","name":"Garantie","description":"","publisher":{"@id":"https:\/\/garantie.be\/de\/#organization"},"potentialAction":[{"@type":"SearchAction","target":{"@type":"EntryPoint","urlTemplate":"https:\/\/garantie.be\/de\/?s={search_term_string}"},"query-input":{"@type":"PropertyValueSpecification","valueRequired":true,"valueName":"search_term_string"}}],"inLanguage":"de"},{"@type":"Organization","@id":"https:\/\/garantie.be\/de\/#organization","name":"Garantie.be","url":"https:\/\/garantie.be\/de\/","logo":{"@type":"ImageObject","inLanguage":"de","@id":"https:\/\/garantie.be\/de\/#\/schema\/logo\/image\/","url":"","contentUrl":"","caption":"Garantie.be"},"image":{"@id":"https:\/\/garantie.be\/de\/#\/schema\/logo\/image\/"}}]}},"_links":{"self":[{"href":"https:\/\/garantie.be\/de\/wp-json\/wp\/v2\/pages\/18391","targetHints":{"allow":["GET"]}}],"collection":[{"href":"https:\/\/garantie.be\/de\/wp-json\/wp\/v2\/pages"}],"about":[{"href":"https:\/\/garantie.be\/de\/wp-json\/wp\/v2\/types\/page"}],"author":[{"embeddable":true,"href":"https:\/\/garantie.be\/de\/wp-json\/wp\/v2\/users\/1"}],"replies":[{"embeddable":true,"href":"https:\/\/garantie.be\/de\/wp-json\/wp\/v2\/comments?post=18391"}],"version-history":[{"count":0,"href":"https:\/\/garantie.be\/de\/wp-json\/wp\/v2\/pages\/18391\/revisions"}],"wp:attachment":[{"href":"https:\/\/garantie.be\/de\/wp-json\/wp\/v2\/media?parent=18391"}],"curies":[{"name":"wp","href":"https:\/\/api.w.org\/{rel}","templated":true}]}}