{"id":18824,"date":"2025-10-07T12:40:45","date_gmt":"2025-10-07T10:40:45","guid":{"rendered":"https:\/\/garantie.be\/vorlagen-briefe-mietverwaltung\/"},"modified":"2025-10-30T21:33:27","modified_gmt":"2025-10-30T20:33:27","slug":"vorlagen-briefe-mietverwaltung","status":"publish","type":"page","link":"https:\/\/garantie.be\/de\/vorlagen-briefe-mietverwaltung\/","title":{"rendered":"Musterbriefe und praktische Hilfsmittel f\u00fcr die Wohnungsverwaltung"},"content":{"rendered":"\t\t<div data-elementor-type=\"wp-page\" data-elementor-id=\"18824\" class=\"elementor elementor-18824 elementor-18764\" data-elementor-post-type=\"page\">\n\t\t\t\t\t\t<section class=\"elementor-section elementor-top-section elementor-element elementor-element-53c6fe9 elementor-section-boxed elementor-section-height-default elementor-section-height-default\" data-id=\"53c6fe9\" data-element_type=\"section\" data-e-type=\"section\">\n\t\t\t\t\t\t<div class=\"elementor-container elementor-column-gap-default\">\n\t\t\t\t\t<div class=\"elementor-column elementor-col-100 elementor-top-column elementor-element elementor-element-151e1754\" data-id=\"151e1754\" data-element_type=\"column\" data-e-type=\"column\">\n\t\t\t<div class=\"elementor-widget-wrap elementor-element-populated\">\n\t\t\t\t\t\t<div class=\"elementor-element elementor-element-4cd4ad78 elementor-widget elementor-widget-spacer\" data-id=\"4cd4ad78\" data-element_type=\"widget\" data-e-type=\"widget\" data-widget_type=\"spacer.default\">\n\t\t\t\t<div class=\"elementor-widget-container\">\n\t\t\t\t\t\t\t<div class=\"elementor-spacer\">\n\t\t\t<div class=\"elementor-spacer-inner\"><\/div>\n\t\t<\/div>\n\t\t\t\t\t\t<\/div>\n\t\t\t\t<\/div>\n\t\t\t\t<div class=\"elementor-element elementor-element-cf06844 elementor-widget elementor-widget-heading\" data-id=\"cf06844\" data-element_type=\"widget\" data-e-type=\"widget\" data-widget_type=\"heading.default\">\n\t\t\t\t<div class=\"elementor-widget-container\">\n\t\t\t\t\t<h1 class=\"elementor-heading-title elementor-size-default\">Vorlagen &amp; praktische Tools<br><b>Vermietung von Wohnraum<\/b><\/h1>\t\t\t\t<\/div>\n\t\t\t\t<\/div>\n\t\t\t\t<div class=\"elementor-element elementor-element-817c212 elementor-widget elementor-widget-spacer\" data-id=\"817c212\" data-element_type=\"widget\" data-e-type=\"widget\" data-widget_type=\"spacer.default\">\n\t\t\t\t<div class=\"elementor-widget-container\">\n\t\t\t\t\t\t\t<div class=\"elementor-spacer\">\n\t\t\t<div class=\"elementor-spacer-inner\"><\/div>\n\t\t<\/div>\n\t\t\t\t\t\t<\/div>\n\t\t\t\t<\/div>\n\t\t\t\t<div class=\"elementor-element elementor-element-37b7afe9 elementor-widget elementor-widget-text-editor\" data-id=\"37b7afe9\" data-element_type=\"widget\" data-e-type=\"widget\" data-widget_type=\"text-editor.default\">\n\t\t\t\t<div class=\"elementor-widget-container\">\n\t\t\t\t\t\t\t\t\t<p>Auf dieser Seite finden Sie alle Vorlagen f\u00fcr Dokumente, die f\u00fcr Mieter n\u00fctzlich sind: Briefe, Formulare, Vertr\u00e4ge und Checklisten zum Herunterladen. Sie sind in mehreren Sprachen verf\u00fcgbar und werden regelm\u00e4\u00dfig gem\u00e4\u00df der regionalen Gesetzgebung in Belgien aktualisiert. <\/p><p><strong>Alle Vorlagen sind kostenlos<\/strong> und k\u00f6nnen online ausgef\u00fcllt oder ausgedruckt werden. Am Ende der Seite finden Sie auch die besten Artikel aus dem <a href=\"https:\/\/garantie.be\/de\/leitfaden-mieter-belgien\/\">Leitfaden f\u00fcr Mieter in Belgien 2026<\/a>. <\/p>\t\t\t\t\t\t\t\t<\/div>\n\t\t\t\t<\/div>\n\t\t\t\t<div class=\"elementor-element elementor-element-bf14563 elementor-widget elementor-widget-heading\" data-id=\"bf14563\" data-element_type=\"widget\" data-e-type=\"widget\" data-widget_type=\"heading.default\">\n\t\t\t\t<div class=\"elementor-widget-container\">\n\t\t\t\t\t<h2 class=\"elementor-heading-title elementor-size-default\">1. Bevor Sie eine Wohnung mieten<\/h2>\t\t\t\t<\/div>\n\t\t\t\t<\/div>\n\t\t\t\t<div class=\"elementor-element elementor-element-6afac25f elementor-widget elementor-widget-text-editor\" data-id=\"6afac25f\" data-element_type=\"widget\" data-e-type=\"widget\" data-widget_type=\"text-editor.default\">\n\t\t\t\t<div class=\"elementor-widget-container\">\n\t\t\t\t\t\t\t\t\t<table><thead><tr><th>Modell<\/th><th>Beschreibung<\/th><\/tr><\/thead><tbody><tr><td>\u2b07\ufe0f <a href=\"https:\/\/garantie.be\/de\/vorlagen-briefe-mietverwaltung\/checkliste-immobilienbesichtigung\/\">Checkliste f\u00fcr die Besichtigung der Mietwohnung<\/a><\/td><td>Wird bei der Besichtigung ausgef\u00fcllt, um die Konformit\u00e4t und den allgemeinen Zustand der Wohnung zu \u00fcberpr\u00fcfen.<\/td><\/tr><tr><td>Brief zur Anforderung von Dokumenten vor der Unterzeichnung<\/td><td>Erm\u00f6glicht es, den Eigent\u00fcmer um die obligatorischen Bescheinigungen (PEB, Strom, Gas&#8230;) zu bitten.<\/td><\/tr><tr><td>Best\u00e4tigung der Wohnungsbesichtigung<\/td><td>Best\u00e4tigt die Besichtigung der Wohnung vor der Unterzeichnung (n\u00fctzlich f\u00fcr Studenten oder Sozialagenturen)<\/td><\/tr><tr> <td>&gt; <a href=\"https:\/\/garantie.be\/de\/online-mietkaution\/\">100% Online mietkaution<\/a><\/td><td>Erhalten Sie Ihre <strong>Garantiebescheinigung innerhalb weniger Stunden,<\/strong> ohne Geld zu blockieren.<\/td><\/tr><\/tbody><\/table>\t\t\t\t\t\t\t\t<\/div>\n\t\t\t\t<\/div>\n\t\t\t\t\t<\/div>\n\t\t<\/div>\n\t\t\t\t\t<\/div>\n\t\t<\/section>\n\t\t\t\t<section class=\"elementor-section elementor-top-section elementor-element elementor-element-08fd230 elementor-section-boxed elementor-section-height-default elementor-section-height-default\" data-id=\"08fd230\" data-element_type=\"section\" data-e-type=\"section\">\n\t\t\t\t\t\t<div class=\"elementor-container elementor-column-gap-default\">\n\t\t\t\t\t<div class=\"elementor-column elementor-col-100 elementor-top-column elementor-element elementor-element-5c96306\" data-id=\"5c96306\" data-element_type=\"column\" data-e-type=\"column\">\n\t\t\t<div class=\"elementor-widget-wrap elementor-element-populated\">\n\t\t\t\t\t\t<div class=\"elementor-element elementor-element-1c7bc1c elementor-widget elementor-widget-heading\" data-id=\"1c7bc1c\" data-element_type=\"widget\" data-e-type=\"widget\" data-widget_type=\"heading.default\">\n\t\t\t\t<div class=\"elementor-widget-container\">\n\t\t\t\t\t<h2 class=\"elementor-heading-title elementor-size-default\">2. F\u00fcr die Unterzeichnung des Mietvertrags und der Garantien<\/h2>\t\t\t\t<\/div>\n\t\t\t\t<\/div>\n\t\t\t\t<div class=\"elementor-element elementor-element-0237f7e elementor-widget elementor-widget-text-editor\" data-id=\"0237f7e\" data-element_type=\"widget\" data-e-type=\"widget\" data-widget_type=\"text-editor.default\">\n\t\t\t\t<div class=\"elementor-widget-container\">\n\t\t\t\t\t\t\t\t\t<p> <\/p><table><thead><tr><th>Modell<\/th><th>Beschreibung<\/th><\/tr><\/thead><tbody><tr><td><a href=\"https:\/\/garantie.be\/de\/vorlagen-briefe-mietverwaltung\/mietvertragsvorlage-brussel\/\">\u2b07\ufe0f Mietvertrag &#8211; Br\u00fcssel <\/a><\/td><td>Mustervertrag gem\u00e4\u00df dem Wohnraumgesetz von Br\u00fcssel Hauptstadt.<\/td><\/tr><tr><td>Mietvertrag f\u00fcr kurze Zeit (\u22643 Jahre)<\/td><td>Spezielles Modell f\u00fcr kurzfristige Mietvertr\u00e4ge mit eingeschr\u00e4nkten Klauseln<\/td><\/tr><tr><td><a href=\"https:\/\/garantie.be\/de\/vorlagen-briefe-mietverwaltung\/studentenmietvertrag\/\">\u2b07\ufe0f Mietvertrag f\u00fcr Studenten<\/a><\/td><td>F\u00fcr ein Einzel-\/Wohngemeinschaftskot oder ein Studentenwohnheim<\/td><\/tr><tr><td><a href=\"https:\/\/garantie.be\/de\/vorlagen-briefe-mietverwaltung\/studentenmietvertrag\/\">\u2b07\ufe0f Mitbewohnervertrag<\/a><\/td><td>Legt die Verpflichtungen jedes Mitbewohners fest.<\/td><\/tr><tr><td><a href=\"https:\/\/garantie.be\/de\/vorlagen-briefe-mietverwaltung\/kostenlose-vorlage-fuer-einen-untermietvertrag\/\"><span data-sheets-root=\"1\">\u2b07\ufe0f Untermietvertrag<\/span><\/a><\/td><td>Untermietvertrag<\/td><\/tr><tr><td>Nachweis der Hinterlegung einer Mietkaution<\/td><td>Dokument, das die Online-Kaution oder -Garantie belegt.<\/td><\/tr><tr><td>Brief &#8211; Information Feuerversicherung<\/td><td>Schriftliche Best\u00e4tigung des Abschlusses einer Hausratversicherung.<\/td><\/tr><tr><td>Muster einer Vereinbarung zwischen Vermieter und Mieter \u00fcber Nebenkosten<\/td><td>Auflistung der umlagef\u00e4higen Nebenkosten und deren Berechnung<\/td><\/tr><tr><td>Formular zur Registrierung des Mietvertrags<\/td><td>Zusammenfassung der zu registrierenden Informationen (n\u00fctzlich f\u00fcr administrative Erinnerungen)<\/td><\/tr><tr> <td>&gt; <a href=\"https:\/\/garantie.be\/de\/online-mietkaution\/\">100% Online mietkaution<\/a><\/td><td>Erhalten Sie Ihre <strong>Garantiebescheinigung innerhalb weniger Stunden,<\/strong> ohne Geld zu blockieren.<\/td><\/tr><\/tbody><\/table>\t\t\t\t\t\t\t\t<\/div>\n\t\t\t\t<\/div>\n\t\t\t\t\t<\/div>\n\t\t<\/div>\n\t\t\t\t\t<\/div>\n\t\t<\/section>\n\t\t\t\t<section class=\"elementor-section elementor-top-section elementor-element elementor-element-ff078ce elementor-section-boxed elementor-section-height-default elementor-section-height-default\" data-id=\"ff078ce\" data-element_type=\"section\" data-e-type=\"section\">\n\t\t\t\t\t\t<div class=\"elementor-container elementor-column-gap-default\">\n\t\t\t\t\t<div class=\"elementor-column elementor-col-100 elementor-top-column elementor-element elementor-element-f73377c\" data-id=\"f73377c\" data-element_type=\"column\" data-e-type=\"column\">\n\t\t\t<div class=\"elementor-widget-wrap elementor-element-populated\">\n\t\t\t\t\t\t<div class=\"elementor-element elementor-element-cce4618 elementor-widget elementor-widget-heading\" data-id=\"cce4618\" data-element_type=\"widget\" data-e-type=\"widget\" data-widget_type=\"heading.default\">\n\t\t\t\t<div class=\"elementor-widget-container\">\n\t\t\t\t\t<h2 class=\"elementor-heading-title elementor-size-default\">3. W\u00e4hrend des Mietverh\u00e4ltnisses<\/h2>\t\t\t\t<\/div>\n\t\t\t\t<\/div>\n\t\t\t\t<div class=\"elementor-element elementor-element-4d689ce elementor-widget elementor-widget-text-editor\" data-id=\"4d689ce\" data-element_type=\"widget\" data-e-type=\"widget\" data-widget_type=\"text-editor.default\">\n\t\t\t\t<div class=\"elementor-widget-container\">\n\t\t\t\t\t\t\t\t\t<table><thead><tr><th>Modell<\/th><th>Beschreibung<\/th><\/tr><\/thead><tbody><tr><td>Brief zur Beantragung von Reparaturen \/ Wartung<\/td><td>Erm\u00f6glicht es dem Mieter, eine Panne oder ein Problem zu melden, das vom Vermieter zu tragen ist.<\/td><\/tr><tr><td>Brief des Vermieters zur Benachrichtigung \u00fcber Arbeiten<\/td><td>Benachrichtigung des Mieters \u00fcber Bauarbeiten (falls Sie auch die Vorlage des Vermieters vorschlagen m\u00f6chten)<\/td><\/tr><tr><td>Tabelle &#8222;Reparaturen zu Lasten des Mieters oder des Eigent\u00fcmers&#8220;.<\/td><td>Praktisches Referenzblatt (Typ Liste des k\u00f6niglichen Erlasses 1981)<\/td><\/tr><tr><td>Brief zur Anfechtung einer Mieterh\u00f6hung<\/td><td>Bei nicht ordnungsgem\u00e4\u00dfer Indexierung oder ungerechtfertigter Mieterh\u00f6hung<\/td><\/tr><tr><td>Schreiben zur Anfechtung von Nebenkosten<\/td><td>Anforderung von Belegen f\u00fcr Nebenkosten oder R\u00fcckerstattung<\/td><\/tr><tr><td>Muster f\u00fcr eine Mietquittung<\/td><td>Offizielle Quittung \u00fcber die Zahlung der Miete<\/td><\/tr><tr><td>Musterbrief &#8222;Genehmigung der Domizilierung&#8220;<\/td><td>Um den Vermieter zu bitten, die Einzugserm\u00e4chtigung zu erteilen (n\u00fctzlich f\u00fcr Studenten, Auswanderer)<\/td><\/tr><tr><td>Antrag auf Genehmigung eines Haustieres<\/td><td>Brief an den Vermieter bei unklarer Klausel oder Verbot<\/td><\/tr><\/tbody><\/table>\t\t\t\t\t\t\t\t<\/div>\n\t\t\t\t<\/div>\n\t\t\t\t\t<\/div>\n\t\t<\/div>\n\t\t\t\t\t<\/div>\n\t\t<\/section>\n\t\t\t\t<section class=\"elementor-section elementor-top-section elementor-element elementor-element-57b7fe9 elementor-section-boxed elementor-section-height-default elementor-section-height-default\" data-id=\"57b7fe9\" data-element_type=\"section\" data-e-type=\"section\">\n\t\t\t\t\t\t<div class=\"elementor-container elementor-column-gap-default\">\n\t\t\t\t\t<div class=\"elementor-column elementor-col-100 elementor-top-column elementor-element elementor-element-5c2202b\" data-id=\"5c2202b\" data-element_type=\"column\" data-e-type=\"column\">\n\t\t\t<div class=\"elementor-widget-wrap elementor-element-populated\">\n\t\t\t\t\t\t<div class=\"elementor-element elementor-element-aa5d554 elementor-widget elementor-widget-heading\" data-id=\"aa5d554\" data-element_type=\"widget\" data-e-type=\"widget\" data-widget_type=\"heading.default\">\n\t\t\t\t<div class=\"elementor-widget-container\">\n\t\t\t\t\t<h2 class=\"elementor-heading-title elementor-size-default\">4. Verlassen Sie die Unterkunft<\/h2>\t\t\t\t<\/div>\n\t\t\t\t<\/div>\n\t\t\t\t<div class=\"elementor-element elementor-element-9c5c66d elementor-widget elementor-widget-text-editor\" data-id=\"9c5c66d\" data-element_type=\"widget\" data-e-type=\"widget\" data-widget_type=\"text-editor.default\">\n\t\t\t\t<div class=\"elementor-widget-container\">\n\t\t\t\t\t\t\t\t\t<table><thead><tr><th>Modell<\/th><th>Beschreibung<\/th><\/tr><\/thead><tbody><tr><td>\u2b07\ufe0f <a href=\"https:\/\/garantie.be\/de\/vorlagen-briefe-mietverwaltung\/kundigungsschreiben-langzeit-leasing\/\">Brief zur K\u00fcndigung des Mietvertrags (9-Jahres-Mietvertrag)<\/a><\/td><td>Standardmodell mit gesetzlicher K\u00fcndigungsfrist (3 Monate)<\/td><\/tr><tr><td>\u2b07\ufe0f <a href=\"https:\/\/garantie.be\/de\/vorlagen-briefe-mietverwaltung\/kundigungsschreiben-kurzfristiges-leasing\/\">Brief zur K\u00fcndigung eines kurzfristigen Mietvertrags<\/a><\/td><td>K\u00fcndigungsfrist nach spezifischer Dauer (1 oder 2 Monate)<\/td><\/tr><tr><td>K\u00fcndigungsschreiben Mitbewohner<\/td><td>Mitteilung zwischen Mitbewohnern und Vermieter<\/td><\/tr><tr><td>\u2b07\ufe0f <a href=\"https:\/\/garantie.be\/de\/vorlagen-briefe-mietverwaltung\/musterbrief-ruckerstattung-mietkaution\/\">Brief zur R\u00fcckforderung der mietkaution<\/a><\/td><td>Brief an die Bank \/ Organisation \/ Vermieter<\/td><\/tr><tr><td>Formular f\u00fcr Meinungsverschiedenheiten \u00fcber die R\u00fcckgabe von Sicherheiten<\/td><td>Zu senden, wenn Sie mit dem einbehaltenen Betrag nicht einverstanden sind<\/td><\/tr><tr><td>\u2b07\ufe0f <a href=\"https:\/\/garantie.be\/de\/vorlagen-briefe-mietverwaltung\/vorlage-wohnungsuebergabeprotokoll\/\">Checkliste wohnungs\u00fcbergabeprotokoll<\/a><\/td><td>\u00dcberpr\u00fcft den Zustand der Wohnung bei der Abreise<\/td><\/tr><tr><td>Protokoll des wohnungs\u00fcbergabeprotokolls (leer)<\/td><td>Dokument zur Feststellung des wohnungs\u00fcbergabeprotokolls<\/td><\/tr><tr><td>Brief mit der Bitte um einen Termin zur Bestandsaufnahme<\/td><td><span data-sheets-root=\"1\">Offizielle Vorladung (n\u00fctzlich im Falle eines Rechtsstreits)<\/span><\/td><\/tr><\/tbody><\/table>\t\t\t\t\t\t\t\t<\/div>\n\t\t\t\t<\/div>\n\t\t\t\t\t<\/div>\n\t\t<\/div>\n\t\t\t\t\t<\/div>\n\t\t<\/section>\n\t\t\t\t<section class=\"elementor-section elementor-top-section elementor-element elementor-element-3eb566f1 elementor-section-content-middle elementor-section-height-min-height elementor-section-items-stretch elementor-section-boxed elementor-section-height-default\" data-id=\"3eb566f1\" data-element_type=\"section\" data-e-type=\"section\">\n\t\t\t\t\t\t<div class=\"elementor-container elementor-column-gap-no\">\n\t\t\t\t\t<div class=\"elementor-column elementor-col-100 elementor-top-column elementor-element elementor-element-1a9ebe5\" data-id=\"1a9ebe5\" data-element_type=\"column\" data-e-type=\"column\" data-settings=\"{&quot;background_background&quot;:&quot;classic&quot;}\">\n\t\t\t<div class=\"elementor-widget-wrap elementor-element-populated\">\n\t\t\t\t\t\t<div class=\"elementor-element elementor-element-cd7173e elementor-widget elementor-widget-text-editor\" data-id=\"cd7173e\" data-element_type=\"widget\" data-e-type=\"widget\" data-widget_type=\"text-editor.default\">\n\t\t\t\t<div class=\"elementor-widget-container\">\n\t\t\t\t\t\t\t\t\t<p>F\u00fcllen Sie unser Formular aus, um innerhalb weniger Stunden <a href=\"https:\/\/garantie.be\/de\/online-mietkaution\/\">online eine mietkaution<\/a> zu erhalten. Sie blockieren kein Geld, da wir wie eine Bankgarantie funktionieren.<\/p>\t\t\t\t\t\t\t\t<\/div>\n\t\t\t\t<\/div>\n\t\t\t\t<div class=\"elementor-element elementor-element-46d0289f elementor-mobile-align-center elementor-align-center elementor-widget elementor-widget-button\" data-id=\"46d0289f\" data-element_type=\"widget\" data-e-type=\"widget\" data-widget_type=\"button.default\">\n\t\t\t\t<div class=\"elementor-widget-container\">\n\t\t\t\t\t\t\t\t\t<div class=\"elementor-button-wrapper\">\n\t\t\t\t\t<a class=\"elementor-button elementor-button-link elementor-size-sm\" href=\"https:\/\/account.garantie.be\/en\/register\/lease\">\n\t\t\t\t\t\t<span class=\"elementor-button-content-wrapper\">\n\t\t\t\t\t\t\t\t\t<span class=\"elementor-button-text\">100% Online-Formular mietkaution<\/span>\n\t\t\t\t\t<\/span>\n\t\t\t\t\t<\/a>\n\t\t\t\t<\/div>\n\t\t\t\t\t\t\t\t<\/div>\n\t\t\t\t<\/div>\n\t\t\t\t\t<\/div>\n\t\t<\/div>\n\t\t\t\t\t<\/div>\n\t\t<\/section>\n\t\t\t\t<\/div>\n\t\t","protected":false},"excerpt":{"rendered":"<p>Vorlagen &amp; praktische ToolsVermietung von Wohnraum Auf dieser Seite finden Sie alle Vorlagen f\u00fcr Dokumente, die f\u00fcr Mieter n\u00fctzlich sind: Briefe, Formulare, Vertr\u00e4ge und Checklisten zum Herunterladen. Sie sind in mehreren Sprachen verf\u00fcgbar und werden regelm\u00e4\u00dfig gem\u00e4\u00df der regionalen Gesetzgebung in Belgien aktualisiert. Alle Vorlagen sind kostenlos und k\u00f6nnen online ausgef\u00fcllt oder ausgedruckt werden. Am [&hellip;]<\/p>\n","protected":false},"author":1,"featured_media":0,"parent":0,"menu_order":0,"comment_status":"closed","ping_status":"closed","template":"","meta":{"footnotes":""},"class_list":["post-18824","page","type-page","status-publish","hentry"],"yoast_head":"<!-- This site is optimized with the Yoast SEO plugin v27.3 - https:\/\/yoast.com\/product\/yoast-seo-wordpress\/ -->\n<title>Musterbriefe und praktische Hilfsmittel f\u00fcr die Wohnungsverwaltung<\/title>\n<meta name=\"description\" content=\"Sehen Sie sich unsere Musterbriefe f\u00fcr die Verwaltung Ihres mietvertrages f\u00fcr Immobilien in 2026 an und laden Sie diese herunter.\" \/>\n<meta name=\"robots\" content=\"index, follow, max-snippet:-1, max-image-preview:large, max-video-preview:-1\" \/>\n<link rel=\"canonical\" href=\"https:\/\/garantie.be\/de\/vorlagen-briefe-mietverwaltung\/\" \/>\n<meta property=\"og:locale\" content=\"de_DE\" \/>\n<meta property=\"og:type\" content=\"article\" \/>\n<meta property=\"og:title\" content=\"Musterbriefe und praktische Hilfsmittel f\u00fcr die Wohnungsverwaltung\" \/>\n<meta property=\"og:description\" content=\"Sehen Sie sich unsere Musterbriefe f\u00fcr die Verwaltung Ihres mietvertrages f\u00fcr Immobilien in 2026 an und laden Sie diese herunter.\" \/>\n<meta property=\"og:url\" content=\"https:\/\/garantie.be\/de\/vorlagen-briefe-mietverwaltung\/\" \/>\n<meta property=\"og:site_name\" content=\"Garantie\" \/>\n<meta property=\"article:modified_time\" content=\"2025-10-30T20:33:27+00:00\" \/>\n<meta name=\"twitter:card\" content=\"summary_large_image\" \/>\n<meta name=\"twitter:label1\" content=\"Gesch\u00e4tzte Lesezeit\" \/>\n\t<meta name=\"twitter:data1\" content=\"3\u00a0Minuten\" \/>\n<script type=\"application\/ld+json\" class=\"yoast-schema-graph\">{\"@context\":\"https:\\\/\\\/schema.org\",\"@graph\":[{\"@type\":\"WebPage\",\"@id\":\"https:\\\/\\\/garantie.be\\\/de\\\/vorlagen-briefe-mietverwaltung\\\/\",\"url\":\"https:\\\/\\\/garantie.be\\\/de\\\/vorlagen-briefe-mietverwaltung\\\/\",\"name\":\"Musterbriefe und praktische Hilfsmittel f\u00fcr die Wohnungsverwaltung\",\"isPartOf\":{\"@id\":\"https:\\\/\\\/garantie.be\\\/de\\\/#website\"},\"datePublished\":\"2025-10-07T10:40:45+00:00\",\"dateModified\":\"2025-10-30T20:33:27+00:00\",\"description\":\"Sehen Sie sich unsere Musterbriefe f\u00fcr die Verwaltung Ihres mietvertrages f\u00fcr Immobilien in 2026 an und laden Sie diese herunter.\",\"breadcrumb\":{\"@id\":\"https:\\\/\\\/garantie.be\\\/de\\\/vorlagen-briefe-mietverwaltung\\\/#breadcrumb\"},\"inLanguage\":\"de\",\"potentialAction\":[{\"@type\":\"ReadAction\",\"target\":[\"https:\\\/\\\/garantie.be\\\/de\\\/vorlagen-briefe-mietverwaltung\\\/\"]}]},{\"@type\":\"BreadcrumbList\",\"@id\":\"https:\\\/\\\/garantie.be\\\/de\\\/vorlagen-briefe-mietverwaltung\\\/#breadcrumb\",\"itemListElement\":[{\"@type\":\"ListItem\",\"position\":1,\"name\":\"Accueil\",\"item\":\"https:\\\/\\\/garantie.be\\\/de\\\/\"},{\"@type\":\"ListItem\",\"position\":2,\"name\":\"Musterbriefe und praktische Hilfsmittel f\u00fcr die Wohnungsverwaltung\"}]},{\"@type\":\"WebSite\",\"@id\":\"https:\\\/\\\/garantie.be\\\/de\\\/#website\",\"url\":\"https:\\\/\\\/garantie.be\\\/de\\\/\",\"name\":\"Garantie\",\"description\":\"\",\"publisher\":{\"@id\":\"https:\\\/\\\/garantie.be\\\/de\\\/#organization\"},\"potentialAction\":[{\"@type\":\"SearchAction\",\"target\":{\"@type\":\"EntryPoint\",\"urlTemplate\":\"https:\\\/\\\/garantie.be\\\/de\\\/?s={search_term_string}\"},\"query-input\":{\"@type\":\"PropertyValueSpecification\",\"valueRequired\":true,\"valueName\":\"search_term_string\"}}],\"inLanguage\":\"de\"},{\"@type\":\"Organization\",\"@id\":\"https:\\\/\\\/garantie.be\\\/de\\\/#organization\",\"name\":\"Garantie.be\",\"url\":\"https:\\\/\\\/garantie.be\\\/de\\\/\",\"logo\":{\"@type\":\"ImageObject\",\"inLanguage\":\"de\",\"@id\":\"https:\\\/\\\/garantie.be\\\/de\\\/#\\\/schema\\\/logo\\\/image\\\/\",\"url\":\"\",\"contentUrl\":\"\",\"caption\":\"Garantie.be\"},\"image\":{\"@id\":\"https:\\\/\\\/garantie.be\\\/de\\\/#\\\/schema\\\/logo\\\/image\\\/\"}}]}<\/script>\n<!-- \/ Yoast SEO plugin. -->","yoast_head_json":{"title":"Musterbriefe und praktische Hilfsmittel f\u00fcr die Wohnungsverwaltung","description":"Sehen Sie sich unsere Musterbriefe f\u00fcr die Verwaltung Ihres mietvertrages f\u00fcr Immobilien in 2026 an und laden Sie diese herunter.","robots":{"index":"index","follow":"follow","max-snippet":"max-snippet:-1","max-image-preview":"max-image-preview:large","max-video-preview":"max-video-preview:-1"},"canonical":"https:\/\/garantie.be\/de\/vorlagen-briefe-mietverwaltung\/","og_locale":"de_DE","og_type":"article","og_title":"Musterbriefe und praktische Hilfsmittel f\u00fcr die Wohnungsverwaltung","og_description":"Sehen Sie sich unsere Musterbriefe f\u00fcr die Verwaltung Ihres mietvertrages f\u00fcr Immobilien in 2026 an und laden Sie diese herunter.","og_url":"https:\/\/garantie.be\/de\/vorlagen-briefe-mietverwaltung\/","og_site_name":"Garantie","article_modified_time":"2025-10-30T20:33:27+00:00","twitter_card":"summary_large_image","twitter_misc":{"Gesch\u00e4tzte Lesezeit":"3\u00a0Minuten"},"schema":{"@context":"https:\/\/schema.org","@graph":[{"@type":"WebPage","@id":"https:\/\/garantie.be\/de\/vorlagen-briefe-mietverwaltung\/","url":"https:\/\/garantie.be\/de\/vorlagen-briefe-mietverwaltung\/","name":"Musterbriefe und praktische Hilfsmittel f\u00fcr die Wohnungsverwaltung","isPartOf":{"@id":"https:\/\/garantie.be\/de\/#website"},"datePublished":"2025-10-07T10:40:45+00:00","dateModified":"2025-10-30T20:33:27+00:00","description":"Sehen Sie sich unsere Musterbriefe f\u00fcr die Verwaltung Ihres mietvertrages f\u00fcr Immobilien in 2026 an und laden Sie diese herunter.","breadcrumb":{"@id":"https:\/\/garantie.be\/de\/vorlagen-briefe-mietverwaltung\/#breadcrumb"},"inLanguage":"de","potentialAction":[{"@type":"ReadAction","target":["https:\/\/garantie.be\/de\/vorlagen-briefe-mietverwaltung\/"]}]},{"@type":"BreadcrumbList","@id":"https:\/\/garantie.be\/de\/vorlagen-briefe-mietverwaltung\/#breadcrumb","itemListElement":[{"@type":"ListItem","position":1,"name":"Accueil","item":"https:\/\/garantie.be\/de\/"},{"@type":"ListItem","position":2,"name":"Musterbriefe und praktische Hilfsmittel f\u00fcr die Wohnungsverwaltung"}]},{"@type":"WebSite","@id":"https:\/\/garantie.be\/de\/#website","url":"https:\/\/garantie.be\/de\/","name":"Garantie","description":"","publisher":{"@id":"https:\/\/garantie.be\/de\/#organization"},"potentialAction":[{"@type":"SearchAction","target":{"@type":"EntryPoint","urlTemplate":"https:\/\/garantie.be\/de\/?s={search_term_string}"},"query-input":{"@type":"PropertyValueSpecification","valueRequired":true,"valueName":"search_term_string"}}],"inLanguage":"de"},{"@type":"Organization","@id":"https:\/\/garantie.be\/de\/#organization","name":"Garantie.be","url":"https:\/\/garantie.be\/de\/","logo":{"@type":"ImageObject","inLanguage":"de","@id":"https:\/\/garantie.be\/de\/#\/schema\/logo\/image\/","url":"","contentUrl":"","caption":"Garantie.be"},"image":{"@id":"https:\/\/garantie.be\/de\/#\/schema\/logo\/image\/"}}]}},"_links":{"self":[{"href":"https:\/\/garantie.be\/de\/wp-json\/wp\/v2\/pages\/18824","targetHints":{"allow":["GET"]}}],"collection":[{"href":"https:\/\/garantie.be\/de\/wp-json\/wp\/v2\/pages"}],"about":[{"href":"https:\/\/garantie.be\/de\/wp-json\/wp\/v2\/types\/page"}],"author":[{"embeddable":true,"href":"https:\/\/garantie.be\/de\/wp-json\/wp\/v2\/users\/1"}],"replies":[{"embeddable":true,"href":"https:\/\/garantie.be\/de\/wp-json\/wp\/v2\/comments?post=18824"}],"version-history":[{"count":0,"href":"https:\/\/garantie.be\/de\/wp-json\/wp\/v2\/pages\/18824\/revisions"}],"wp:attachment":[{"href":"https:\/\/garantie.be\/de\/wp-json\/wp\/v2\/media?parent=18824"}],"curies":[{"name":"wp","href":"https:\/\/api.w.org\/{rel}","templated":true}]}}