{"id":18833,"date":"2025-10-07T13:17:11","date_gmt":"2025-10-07T11:17:11","guid":{"rendered":"https:\/\/garantie.be\/vorlagen-briefe-mietverwaltung\/musterbrief-ruckerstattung-mietkaution\/"},"modified":"2025-10-14T17:49:46","modified_gmt":"2025-10-14T15:49:46","slug":"musterbrief-ruckerstattung-mietkaution","status":"publish","type":"page","link":"https:\/\/garantie.be\/de\/vorlagen-briefe-mietverwaltung\/musterbrief-ruckerstattung-mietkaution\/","title":{"rendered":"Brief mit der Aufforderung zur R\u00fcckgabe der mietkaution"},"content":{"rendered":"\t\t<div data-elementor-type=\"wp-page\" data-elementor-id=\"18833\" class=\"elementor elementor-18833 elementor-18768\" data-elementor-post-type=\"page\">\n\t\t\t\t\t\t<section class=\"elementor-section elementor-top-section elementor-element elementor-element-2f0593a2 elementor-section-boxed elementor-section-height-default elementor-section-height-default\" data-id=\"2f0593a2\" data-element_type=\"section\" data-e-type=\"section\">\n\t\t\t\t\t\t<div class=\"elementor-container elementor-column-gap-default\">\n\t\t\t\t\t<div class=\"elementor-column elementor-col-100 elementor-top-column elementor-element elementor-element-3162ecbe\" data-id=\"3162ecbe\" data-element_type=\"column\" data-e-type=\"column\">\n\t\t\t<div class=\"elementor-widget-wrap elementor-element-populated\">\n\t\t\t\t\t\t<div class=\"elementor-element elementor-element-153d2d78 elementor-widget elementor-widget-spacer\" data-id=\"153d2d78\" data-element_type=\"widget\" data-e-type=\"widget\" data-widget_type=\"spacer.default\">\n\t\t\t\t<div class=\"elementor-widget-container\">\n\t\t\t\t\t\t\t<div class=\"elementor-spacer\">\n\t\t\t<div class=\"elementor-spacer-inner\"><\/div>\n\t\t<\/div>\n\t\t\t\t\t\t<\/div>\n\t\t\t\t<\/div>\n\t\t\t\t<div class=\"elementor-element elementor-element-170b0df4 elementor-widget elementor-widget-heading\" data-id=\"170b0df4\" data-element_type=\"widget\" data-e-type=\"widget\" data-widget_type=\"heading.default\">\n\t\t\t\t<div class=\"elementor-widget-container\">\n\t\t\t\t\t<h1 class=\"elementor-heading-title elementor-size-default\">Musterbrief<br><b>Antrag auf R\u00fcckgabe der mietkaution<\/b><\/h1>\t\t\t\t<\/div>\n\t\t\t\t<\/div>\n\t\t\t\t<div class=\"elementor-element elementor-element-535503dd elementor-widget elementor-widget-spacer\" data-id=\"535503dd\" data-element_type=\"widget\" data-e-type=\"widget\" data-widget_type=\"spacer.default\">\n\t\t\t\t<div class=\"elementor-widget-container\">\n\t\t\t\t\t\t\t<div class=\"elementor-spacer\">\n\t\t\t<div class=\"elementor-spacer-inner\"><\/div>\n\t\t<\/div>\n\t\t\t\t\t\t<\/div>\n\t\t\t\t<\/div>\n\t\t\t\t<div class=\"elementor-element elementor-element-5d2e0631 elementor-widget elementor-widget-text-editor\" data-id=\"5d2e0631\" data-element_type=\"widget\" data-e-type=\"widget\" data-widget_type=\"text-editor.default\">\n\t\t\t\t<div class=\"elementor-widget-container\">\n\t\t\t\t\t\t\t\t\t<p>Die Wohnungsabnahme ist abgeschlossen und die Wohnung wurde in gutem Zustand zur\u00fcckgegeben. <span style=\"text-decoration: underline;\">\n  <a href=\"https:\/\/garantie.be\/de\/mietkaution\/\">mietkaution zur\u00fcck.<\/a>\n<\/span>.<\/p>\n<p>Hier ist ein Musterbrief f\u00fcr eine klare und formelle Anfrage an Ihren Vermieter, die Agentur oder die Bank, je nach Art der Garantie. Dieses Muster ist in allen drei belgischen Regionen<g id=\"gid_0\">(Br\u00fcssel<\/g>, <g id=\"gid_1\">Flandern<\/g>, <g id=\"gid_2\">Wallonien<\/g>) g\u00fcltig. Es kann per Einschreiben oder per E-Mail mit Empfangsbest\u00e4tigung versandt werden.  <\/p>\t\t\t\t\t\t\t\t<\/div>\n\t\t\t\t<\/div>\n\t\t\t\t<div class=\"elementor-element elementor-element-47e8b516 elementor-widget elementor-widget-text-editor\" data-id=\"47e8b516\" data-element_type=\"widget\" data-e-type=\"widget\" data-widget_type=\"text-editor.default\">\n\t\t\t\t<div class=\"elementor-widget-container\">\n\t\t\t\t\t\t\t\t\t<ul>\n<li><strong>Wann ist es zu verwenden<\/strong>? Sobald die Unterkunft zur\u00fcckgegeben und das \u00dcbergabeprotokoll unterzeichnet wurde.<\/li>\n<li><strong>Art des Dokuments<\/strong>: Offizielles Antragsschreiben (Word \/ PDF)<\/li>\n<li><strong>Empf\u00e4nger<\/strong>: Eigent\u00fcmer, Agentur oder Garantiegeber<\/li>\n<li><strong>G\u00fcltig<\/strong> in : Br\u00fcssel &#8211; Flandern &#8211; Wallonien<\/li>\n<li><strong>Beizulegendes<\/strong> Material: Kopie des <a href=\"https:\/\/garantie.be\/de\/vermietung-von-immobilien\/\">Mietvertrags<\/a>, <a href=\"https:\/\/garantie.be\/de\/bestandsaufnahme-bei-mietabschluss\/\">inventory report<\/a>, Nachweis \u00fcber die Hinterlegung einer <a href=\"https:\/\/garantie.be\/de\/kautionen\/\">Kaution<\/a><\/li>\n<\/ul>\t\t\t\t\t\t\t\t<\/div>\n\t\t\t\t<\/div>\n\t\t\t\t<div class=\"elementor-element elementor-element-53450b0 elementor-widget elementor-widget-spacer\" data-id=\"53450b0\" data-element_type=\"widget\" data-e-type=\"widget\" data-widget_type=\"spacer.default\">\n\t\t\t\t<div class=\"elementor-widget-container\">\n\t\t\t\t\t\t\t<div class=\"elementor-spacer\">\n\t\t\t<div class=\"elementor-spacer-inner\"><\/div>\n\t\t<\/div>\n\t\t\t\t\t\t<\/div>\n\t\t\t\t<\/div>\n\t\t\t\t<div class=\"elementor-element elementor-element-1f14dd23 elementor-widget elementor-widget-text-editor\" data-id=\"1f14dd23\" data-element_type=\"widget\" data-e-type=\"widget\" data-widget_type=\"text-editor.default\">\n\t\t\t\t<div class=\"elementor-widget-container\">\n\t\t\t\t\t\t\t\t\t<p>Sie k\u00f6nnen den unten stehenden Text kopieren und mit Ihren eigenen Informationen versehen. Sie k\u00f6nnen auch <strong>kostenlos ausf\u00fcllbare Versionen<\/strong> im Word- oder PDF-Format <strong>herunterladen<\/strong>, die Sie weiter unten auf der Seite \u2b07\ufe0f finden. <\/p>\t\t\t\t\t\t\t\t<\/div>\n\t\t\t\t<\/div>\n\t\t\t\t<div class=\"elementor-element elementor-element-732532cf elementor-widget elementor-widget-text-editor\" data-id=\"732532cf\" data-element_type=\"widget\" data-e-type=\"widget\" data-widget_type=\"text-editor.default\">\n\t\t\t\t<div class=\"elementor-widget-container\">\n\t\t\t\t\t\t\t\t\t<section class=\"modele-lettre\">\n  <div class=\"zone-lettre\">\n    <p>\n      <span class=\"champ\">[Name und Vorname des Mieters]<\/span><br> <span class=\"champ\">[Vollst\u00e4ndige Adresse]<\/span><br> <span class=\"champ\">[Postleitzahl, Gemeinde]<\/span><br> Telefon: &#8230;&#8230;&#8230;&#8230;&#8230;&#8230;&#8230;&#8230;&#8230;&#8230;&#8230;&#8230;&#8230;&#8230;&#8230;.<br> E-Mail: &#8230;&#8230;&#8230;&#8230;&#8230;&#8230;&#8230;&#8230;&#8230;&#8230;&#8230;&#8230;&#8230;&#8230;&#8230;&#8230;&#8230;\n    <\/p>\n\n    <p style=\"text-align:right;\">\n      <span class=\"champ\">[Name und Vorname des Vermieters]<\/span><br>      <span class=\"champ\">[Adresse des Vermieters]<\/span><br>      <span class=\"champ\">[Postleitzahl, Gemeinde].<\/span><br>    <\/p>\n\n    <p style=\"text-align:right;\">Geschehen zu &#8230;&#8230;&#8230;&#8230;&#8230;&#8230;&#8230;&#8230;&#8230;&#8230;.., am &#8230;&#8230;\/&#8230;&#8230;\/&#8230;&#8230;&#8230;.<\/p>\n\n    <p><strong>Betrifft:<\/strong> Antrag auf R\u00fcckgabe der mietkaution<\/p>\n\n    <p><strong>Frau, Herr,<\/strong><\/p>\n\n    <p>\n  Nach Beendigung des Mietverh\u00e4ltnisses f\u00fcr die Wohnung in \n, die sich in der N\u00e4he des Hotels befindet, m\u00f6chte ich Ihnen mitteilen, dass der Mietvertrag beendet wurde.      <span class=\"champ\">\n  [adresse compl\u00e8te du bien lou\u00e9]\n<\/span>\n, dessen \u00dcbergabeprotokoll am &#8230;&#8230;\/&#8230;&#8230;\/&#8230;&#8230;, \n durchgef\u00fchrt wurde, m\u00f6chte ich Sie hiermit um die R\u00fcckerstattung der \n mietkaution bitten.\n    <\/p>\n\n    <p>\n  Gem\u00e4\u00df den gesetzlichen Bestimmungen und in Ermangelung von Sch\u00e4den oder geschuldeten Betr\u00e4gen, \n bitte ich Sie, die vollst\u00e4ndige R\u00fcckerstattung des Garantiebetrags, \n oder <span class=\"champ\">[Betrag in Euro]<\/span>, auf das folgende Konto zu veranlassen:\n    <\/p>\n\n    <p>\n  IBAN: <span class=\"champ\">[Kontonummer]<\/span><br> BIC: <span class=\"champ\">[BIC-Code, falls erforderlich].<\/span>\n    <\/p>\n\n    <p>\n  Ich stehe Ihnen gerne f\u00fcr weitere Informationen zur Verf\u00fcgung und danke Ihnen f\u00fcr die \n gute Zusammenarbeit w\u00e4hrend der Vermietung.\n    <\/p>\n\n    <p>\n  Ich verbleibe mit freundlichen Gr\u00fc\u00dfen.\n    <\/p>\n\n    <p style=\"text-align:right;\"><em>[Unterschrift].<\/em><\/p>\n  <\/div>\n<\/section>\n\n<style>\n  .modele-lettre {\n    background:#fafafa;\n    padding:20px;\n    border-radius:8px;\n    font-family:\"Segoe UI\", Roboto, sans-serif;\n    line-height:1.6;\n  }\n  .modele-lettre .champ {\n    background-color:#f1f1f1;\n    padding:2px 6px;\n    border-radius:3px;\n  }\n  .zone-lettre {\n    background:#fff;\n    padding:20px;\n    border:1px solid #ddd;\n    border-radius:6px;\n    margin:20px 0;\n  }\n<\/style>\n\t\t\t\t\t\t\t\t<\/div>\n\t\t\t\t<\/div>\n\t\t\t\t<div class=\"elementor-element elementor-element-43d3e50 elementor-widget elementor-widget-heading\" data-id=\"43d3e50\" data-element_type=\"widget\" data-e-type=\"widget\" data-widget_type=\"heading.default\">\n\t\t\t\t<div class=\"elementor-widget-container\">\n\t\t\t\t\t<h3 class=\"elementor-heading-title elementor-size-default\">Downloads im Word- oder PDF-Format<\/h3>\t\t\t\t<\/div>\n\t\t\t\t<\/div>\n\t\t\t\t<div class=\"elementor-element elementor-element-8dd5ba6 elementor-widget elementor-widget-text-editor\" data-id=\"8dd5ba6\" data-element_type=\"widget\" data-e-type=\"widget\" data-widget_type=\"text-editor.default\">\n\t\t\t\t<div class=\"elementor-widget-container\">\n\t\t\t\t\t\t\t\t\t<p>\u2b07\ufe0f Laden Sie das <a href=\"https:\/\/garantie.be\/wp-content\/uploads\/2025\/10\/Modele-lettre-de-restitution-de-la-garantie-locative.docx\">Schreiben zur R\u00fcckgabe der mietkaution im Word-Format<\/a> (.docx) herunter.<\/p><p>\u2b07\ufe0f Laden Sie das <a href=\"https:\/\/garantie.be\/wp-content\/uploads\/2025\/10\/Modele-lettre-de-restitution-de-la-garantie-locative.pdf\">Schreiben zur R\u00fcckgabe der mietkaution im PDF-Format<\/a> (.pdf) herunter.<\/p>\t\t\t\t\t\t\t\t<\/div>\n\t\t\t\t<\/div>\n\t\t\t\t<div class=\"elementor-element elementor-element-b9f08f1 elementor-widget elementor-widget-heading\" data-id=\"b9f08f1\" data-element_type=\"widget\" data-e-type=\"widget\" data-widget_type=\"heading.default\">\n\t\t\t\t<div class=\"elementor-widget-container\">\n\t\t\t\t\t<h2 class=\"elementor-heading-title elementor-size-default\">Tipps zur richtigen Verwendung dieses Modells<\/h2>\t\t\t\t<\/div>\n\t\t\t\t<\/div>\n\t\t\t\t<div class=\"elementor-element elementor-element-18017e9 elementor-widget elementor-widget-text-editor\" data-id=\"18017e9\" data-element_type=\"widget\" data-e-type=\"widget\" data-widget_type=\"text-editor.default\">\n\t\t\t\t<div class=\"elementor-widget-container\">\n\t\t\t\t\t\t\t\t\t<ul>\n<li>Senden Sie Ihren Brief per <strong>Einschreiben mit R\u00fcckschein<\/strong>, wenn Sie keine schnelle Antwort erhalten.<\/li>\n<li>F\u00fcgen Sie immer eine <strong>Kopie des Mietvertrags und des unterschriebenen \u00dcbergabe<\/strong>protokolls bei.<\/li>\n<li>Geben Sie Ihre <strong>IBAN<\/strong> an, um die \u00dcberweisung zu erleichtern.<\/li>\n<li>Wenn die Sicherheit bei der Bank gesperrt ist, k\u00f6nnen Sie <strong>diesen Brief<\/strong> auch <strong>an die depotf\u00fchrende Stelle<\/strong> (Bank, Garantie.be usw.) <strong>senden<\/strong>.<\/li>\n<li>Wenn Sie sich nicht einigen k\u00f6nnen, wenden Sie sich an das Friedensgericht in der Region, in der sich die Immobilie befindet.<\/li>\n<\/ul>\n<p> <\/p>\n<p><strong>\n  <em>Gut zu wissen<\/em>\n<\/strong> Der Vermieter hat eine Frist von 30 Tagen, um <span style=\"text-decoration: underline;\">\n  <a href=\"https:\/\/garantie.be\/de\/mietkaution-freigabe-online-formular\/\">die mietkaution freizugeben.<\/a>\n<\/span> nach R\u00fcckgabe der Wohnung. Nach Ablauf dieser Frist kann der Mieter die Freigabe direkt bei der Bank oder \u00fcber den Friedensrichter beantragen. <\/p>\t\t\t\t\t\t\t\t<\/div>\n\t\t\t\t<\/div>\n\t\t\t\t\t<\/div>\n\t\t<\/div>\n\t\t\t\t\t<\/div>\n\t\t<\/section>\n\t\t\t\t<section class=\"elementor-section elementor-top-section elementor-element elementor-element-323971d8 elementor-section-content-middle elementor-section-height-min-height elementor-section-items-stretch elementor-section-boxed elementor-section-height-default\" data-id=\"323971d8\" data-element_type=\"section\" data-e-type=\"section\">\n\t\t\t\t\t\t<div class=\"elementor-container elementor-column-gap-no\">\n\t\t\t\t\t<div class=\"elementor-column elementor-col-100 elementor-top-column elementor-element elementor-element-4d271a2\" data-id=\"4d271a2\" data-element_type=\"column\" data-e-type=\"column\" data-settings=\"{&quot;background_background&quot;:&quot;classic&quot;}\">\n\t\t\t<div class=\"elementor-widget-wrap elementor-element-populated\">\n\t\t\t\t\t\t<div class=\"elementor-element elementor-element-1cf184c0 elementor-widget elementor-widget-text-editor\" data-id=\"1cf184c0\" data-element_type=\"widget\" data-e-type=\"widget\" data-widget_type=\"text-editor.default\">\n\t\t\t\t<div class=\"elementor-widget-container\">\n\t\t\t\t\t\t\t\t\t<p>F\u00fcllen Sie unser Formular aus, um innerhalb weniger Stunden eine <a href=\"https:\/\/garantie.be\/de\/online-mietkaution\/\">Online-Mietkaution<\/a> zu erhalten. Sie m\u00fcssen kein Geld blockieren, da wir wie eine Bankgarantie funktionieren. <\/p>\t\t\t\t\t\t\t\t<\/div>\n\t\t\t\t<\/div>\n\t\t\t\t<div class=\"elementor-element elementor-element-4f02e2ee elementor-mobile-align-center elementor-align-center elementor-widget elementor-widget-button\" data-id=\"4f02e2ee\" data-element_type=\"widget\" data-e-type=\"widget\" data-widget_type=\"button.default\">\n\t\t\t\t<div class=\"elementor-widget-container\">\n\t\t\t\t\t\t\t\t\t<div class=\"elementor-button-wrapper\">\n\t\t\t\t\t<a class=\"elementor-button elementor-button-link elementor-size-sm\" href=\"https:\/\/account.garantie.be\/en\/register\/lease\">\n\t\t\t\t\t\t<span class=\"elementor-button-content-wrapper\">\n\t\t\t\t\t\t\t\t\t<span class=\"elementor-button-text\">100% Online-Formular mietkaution<\/span>\n\t\t\t\t\t<\/span>\n\t\t\t\t\t<\/a>\n\t\t\t\t<\/div>\n\t\t\t\t\t\t\t\t<\/div>\n\t\t\t\t<\/div>\n\t\t\t\t\t<\/div>\n\t\t<\/div>\n\t\t\t\t\t<\/div>\n\t\t<\/section>\n\t\t\t\t<section class=\"elementor-section elementor-top-section elementor-element elementor-element-2ec4e7c elementor-section-boxed elementor-section-height-default elementor-section-height-default\" data-id=\"2ec4e7c\" data-element_type=\"section\" data-e-type=\"section\">\n\t\t\t\t\t\t<div class=\"elementor-container elementor-column-gap-default\">\n\t\t\t\t\t<div class=\"elementor-column elementor-col-100 elementor-top-column elementor-element elementor-element-600c7f7\" data-id=\"600c7f7\" data-element_type=\"column\" data-e-type=\"column\">\n\t\t\t<div class=\"elementor-widget-wrap elementor-element-populated\">\n\t\t\t\t\t\t<div class=\"elementor-element elementor-element-5416f7dd elementor-widget elementor-widget-spacer\" data-id=\"5416f7dd\" data-element_type=\"widget\" data-e-type=\"widget\" data-widget_type=\"spacer.default\">\n\t\t\t\t<div class=\"elementor-widget-container\">\n\t\t\t\t\t\t\t<div class=\"elementor-spacer\">\n\t\t\t<div class=\"elementor-spacer-inner\"><\/div>\n\t\t<\/div>\n\t\t\t\t\t\t<\/div>\n\t\t\t\t<\/div>\n\t\t\t\t<div class=\"elementor-element elementor-element-660ab787 elementor-widget elementor-widget-heading\" data-id=\"660ab787\" data-element_type=\"widget\" data-e-type=\"widget\" data-widget_type=\"heading.default\">\n\t\t\t\t<div class=\"elementor-widget-container\">\n\t\t\t\t\t<h2 class=\"elementor-heading-title elementor-size-default\">Andere n\u00fctzliche Briefvorlagen<\/h2>\t\t\t\t<\/div>\n\t\t\t\t<\/div>\n\t\t\t\t<div class=\"elementor-element elementor-element-83766f8 elementor-widget elementor-widget-text-editor\" data-id=\"83766f8\" data-element_type=\"widget\" data-e-type=\"widget\" data-widget_type=\"text-editor.default\">\n\t\t\t\t<div class=\"elementor-widget-container\">\n\t\t\t\t\t\t\t\t\t<ul><li><a href=\"https:\/\/garantie.be\/de\/vorlagen-briefe-mietverwaltung\/kundigungsschreiben-langzeit-leasing\/\">Brief zur K\u00fcndigung des Mietvertrags \u00fcber 9 Jahre<\/a><\/li><li><a href=\"https:\/\/garantie.be\/de\/vorlagen-briefe-mietverwaltung\/kundigungsschreiben-kurzfristiges-leasing\/\">Brief zur K\u00fcndigung eines kurzfristigen Mietvertrags<\/a><\/li><li>Checkliste inventory report bei der Abreise<\/li><li>Protokoll der Bestandsaufnahme (leer)<\/li><\/ul>\t\t\t\t\t\t\t\t<\/div>\n\t\t\t\t<\/div>\n\t\t\t\t\t<\/div>\n\t\t<\/div>\n\t\t\t\t\t<\/div>\n\t\t<\/section>\n\t\t\t\t<\/div>\n\t\t","protected":false},"excerpt":{"rendered":"<p>MusterbriefAntrag auf R\u00fcckgabe der mietkaution Die Wohnungsabnahme ist abgeschlossen und die Wohnung wurde in gutem Zustand zur\u00fcckgegeben. mietkaution zur\u00fcck. . Hier ist ein Musterbrief f\u00fcr eine klare und formelle Anfrage an Ihren Vermieter, die Agentur oder die Bank, je nach Art der Garantie. Dieses Muster ist in allen drei belgischen Regionen(Br\u00fcssel, Flandern, Wallonien) g\u00fcltig. Es [&hellip;]<\/p>\n","protected":false},"author":1,"featured_media":0,"parent":18824,"menu_order":0,"comment_status":"closed","ping_status":"closed","template":"","meta":{"footnotes":""},"class_list":["post-18833","page","type-page","status-publish","hentry"],"yoast_head":"<!-- This site is optimized with the Yoast SEO plugin v27.3 - https:\/\/yoast.com\/product\/yoast-seo-wordpress\/ -->\n<title>Brief mit der Aufforderung zur R\u00fcckgabe der mietkaution<\/title>\n<meta name=\"description\" content=\"Sehen Sie sich unsere personalisierbare Briefvorlage f\u00fcr die R\u00fcckforderung der mietkaution an, kopieren Sie sie oder laden Sie sie herunter.\" \/>\n<meta name=\"robots\" content=\"index, follow, max-snippet:-1, max-image-preview:large, max-video-preview:-1\" \/>\n<link rel=\"canonical\" href=\"https:\/\/garantie.be\/de\/vorlagen-briefe-mietverwaltung\/musterbrief-ruckerstattung-mietkaution\/\" \/>\n<meta property=\"og:locale\" content=\"de_DE\" \/>\n<meta property=\"og:type\" content=\"article\" \/>\n<meta property=\"og:title\" content=\"Brief mit der Aufforderung zur R\u00fcckgabe der mietkaution\" \/>\n<meta property=\"og:description\" content=\"Sehen Sie sich unsere personalisierbare Briefvorlage f\u00fcr die R\u00fcckforderung der mietkaution an, kopieren Sie sie oder laden Sie sie herunter.\" \/>\n<meta property=\"og:url\" content=\"https:\/\/garantie.be\/de\/vorlagen-briefe-mietverwaltung\/musterbrief-ruckerstattung-mietkaution\/\" \/>\n<meta property=\"og:site_name\" content=\"Garantie\" \/>\n<meta property=\"article:modified_time\" content=\"2025-10-14T15:49:46+00:00\" \/>\n<meta name=\"twitter:card\" content=\"summary_large_image\" \/>\n<meta name=\"twitter:label1\" content=\"Gesch\u00e4tzte Lesezeit\" \/>\n\t<meta name=\"twitter:data1\" content=\"3\u00a0Minuten\" \/>\n<script type=\"application\/ld+json\" class=\"yoast-schema-graph\">{\"@context\":\"https:\\\/\\\/schema.org\",\"@graph\":[{\"@type\":\"WebPage\",\"@id\":\"https:\\\/\\\/garantie.be\\\/de\\\/vorlagen-briefe-mietverwaltung\\\/musterbrief-ruckerstattung-mietkaution\\\/\",\"url\":\"https:\\\/\\\/garantie.be\\\/de\\\/vorlagen-briefe-mietverwaltung\\\/musterbrief-ruckerstattung-mietkaution\\\/\",\"name\":\"Brief mit der Aufforderung zur R\u00fcckgabe der mietkaution\",\"isPartOf\":{\"@id\":\"https:\\\/\\\/garantie.be\\\/de\\\/#website\"},\"datePublished\":\"2025-10-07T11:17:11+00:00\",\"dateModified\":\"2025-10-14T15:49:46+00:00\",\"description\":\"Sehen Sie sich unsere personalisierbare Briefvorlage f\u00fcr die R\u00fcckforderung der mietkaution an, kopieren Sie sie oder laden Sie sie herunter.\",\"breadcrumb\":{\"@id\":\"https:\\\/\\\/garantie.be\\\/de\\\/vorlagen-briefe-mietverwaltung\\\/musterbrief-ruckerstattung-mietkaution\\\/#breadcrumb\"},\"inLanguage\":\"de\",\"potentialAction\":[{\"@type\":\"ReadAction\",\"target\":[\"https:\\\/\\\/garantie.be\\\/de\\\/vorlagen-briefe-mietverwaltung\\\/musterbrief-ruckerstattung-mietkaution\\\/\"]}]},{\"@type\":\"BreadcrumbList\",\"@id\":\"https:\\\/\\\/garantie.be\\\/de\\\/vorlagen-briefe-mietverwaltung\\\/musterbrief-ruckerstattung-mietkaution\\\/#breadcrumb\",\"itemListElement\":[{\"@type\":\"ListItem\",\"position\":1,\"name\":\"Accueil\",\"item\":\"https:\\\/\\\/garantie.be\\\/de\\\/\"},{\"@type\":\"ListItem\",\"position\":2,\"name\":\"Musterbriefe und praktische Hilfsmittel f\u00fcr die Wohnungsverwaltung\",\"item\":\"https:\\\/\\\/garantie.be\\\/de\\\/vorlagen-briefe-mietverwaltung\\\/\"},{\"@type\":\"ListItem\",\"position\":3,\"name\":\"Brief mit der Aufforderung zur R\u00fcckgabe der mietkaution\"}]},{\"@type\":\"WebSite\",\"@id\":\"https:\\\/\\\/garantie.be\\\/de\\\/#website\",\"url\":\"https:\\\/\\\/garantie.be\\\/de\\\/\",\"name\":\"Garantie\",\"description\":\"\",\"publisher\":{\"@id\":\"https:\\\/\\\/garantie.be\\\/de\\\/#organization\"},\"potentialAction\":[{\"@type\":\"SearchAction\",\"target\":{\"@type\":\"EntryPoint\",\"urlTemplate\":\"https:\\\/\\\/garantie.be\\\/de\\\/?s={search_term_string}\"},\"query-input\":{\"@type\":\"PropertyValueSpecification\",\"valueRequired\":true,\"valueName\":\"search_term_string\"}}],\"inLanguage\":\"de\"},{\"@type\":\"Organization\",\"@id\":\"https:\\\/\\\/garantie.be\\\/de\\\/#organization\",\"name\":\"Garantie.be\",\"url\":\"https:\\\/\\\/garantie.be\\\/de\\\/\",\"logo\":{\"@type\":\"ImageObject\",\"inLanguage\":\"de\",\"@id\":\"https:\\\/\\\/garantie.be\\\/de\\\/#\\\/schema\\\/logo\\\/image\\\/\",\"url\":\"\",\"contentUrl\":\"\",\"caption\":\"Garantie.be\"},\"image\":{\"@id\":\"https:\\\/\\\/garantie.be\\\/de\\\/#\\\/schema\\\/logo\\\/image\\\/\"}}]}<\/script>\n<!-- \/ Yoast SEO plugin. -->","yoast_head_json":{"title":"Brief mit der Aufforderung zur R\u00fcckgabe der mietkaution","description":"Sehen Sie sich unsere personalisierbare Briefvorlage f\u00fcr die R\u00fcckforderung der mietkaution an, kopieren Sie sie oder laden Sie sie herunter.","robots":{"index":"index","follow":"follow","max-snippet":"max-snippet:-1","max-image-preview":"max-image-preview:large","max-video-preview":"max-video-preview:-1"},"canonical":"https:\/\/garantie.be\/de\/vorlagen-briefe-mietverwaltung\/musterbrief-ruckerstattung-mietkaution\/","og_locale":"de_DE","og_type":"article","og_title":"Brief mit der Aufforderung zur R\u00fcckgabe der mietkaution","og_description":"Sehen Sie sich unsere personalisierbare Briefvorlage f\u00fcr die R\u00fcckforderung der mietkaution an, kopieren Sie sie oder laden Sie sie herunter.","og_url":"https:\/\/garantie.be\/de\/vorlagen-briefe-mietverwaltung\/musterbrief-ruckerstattung-mietkaution\/","og_site_name":"Garantie","article_modified_time":"2025-10-14T15:49:46+00:00","twitter_card":"summary_large_image","twitter_misc":{"Gesch\u00e4tzte Lesezeit":"3\u00a0Minuten"},"schema":{"@context":"https:\/\/schema.org","@graph":[{"@type":"WebPage","@id":"https:\/\/garantie.be\/de\/vorlagen-briefe-mietverwaltung\/musterbrief-ruckerstattung-mietkaution\/","url":"https:\/\/garantie.be\/de\/vorlagen-briefe-mietverwaltung\/musterbrief-ruckerstattung-mietkaution\/","name":"Brief mit der Aufforderung zur R\u00fcckgabe der mietkaution","isPartOf":{"@id":"https:\/\/garantie.be\/de\/#website"},"datePublished":"2025-10-07T11:17:11+00:00","dateModified":"2025-10-14T15:49:46+00:00","description":"Sehen Sie sich unsere personalisierbare Briefvorlage f\u00fcr die R\u00fcckforderung der mietkaution an, kopieren Sie sie oder laden Sie sie herunter.","breadcrumb":{"@id":"https:\/\/garantie.be\/de\/vorlagen-briefe-mietverwaltung\/musterbrief-ruckerstattung-mietkaution\/#breadcrumb"},"inLanguage":"de","potentialAction":[{"@type":"ReadAction","target":["https:\/\/garantie.be\/de\/vorlagen-briefe-mietverwaltung\/musterbrief-ruckerstattung-mietkaution\/"]}]},{"@type":"BreadcrumbList","@id":"https:\/\/garantie.be\/de\/vorlagen-briefe-mietverwaltung\/musterbrief-ruckerstattung-mietkaution\/#breadcrumb","itemListElement":[{"@type":"ListItem","position":1,"name":"Accueil","item":"https:\/\/garantie.be\/de\/"},{"@type":"ListItem","position":2,"name":"Musterbriefe und praktische Hilfsmittel f\u00fcr die Wohnungsverwaltung","item":"https:\/\/garantie.be\/de\/vorlagen-briefe-mietverwaltung\/"},{"@type":"ListItem","position":3,"name":"Brief mit der Aufforderung zur R\u00fcckgabe der mietkaution"}]},{"@type":"WebSite","@id":"https:\/\/garantie.be\/de\/#website","url":"https:\/\/garantie.be\/de\/","name":"Garantie","description":"","publisher":{"@id":"https:\/\/garantie.be\/de\/#organization"},"potentialAction":[{"@type":"SearchAction","target":{"@type":"EntryPoint","urlTemplate":"https:\/\/garantie.be\/de\/?s={search_term_string}"},"query-input":{"@type":"PropertyValueSpecification","valueRequired":true,"valueName":"search_term_string"}}],"inLanguage":"de"},{"@type":"Organization","@id":"https:\/\/garantie.be\/de\/#organization","name":"Garantie.be","url":"https:\/\/garantie.be\/de\/","logo":{"@type":"ImageObject","inLanguage":"de","@id":"https:\/\/garantie.be\/de\/#\/schema\/logo\/image\/","url":"","contentUrl":"","caption":"Garantie.be"},"image":{"@id":"https:\/\/garantie.be\/de\/#\/schema\/logo\/image\/"}}]}},"_links":{"self":[{"href":"https:\/\/garantie.be\/de\/wp-json\/wp\/v2\/pages\/18833","targetHints":{"allow":["GET"]}}],"collection":[{"href":"https:\/\/garantie.be\/de\/wp-json\/wp\/v2\/pages"}],"about":[{"href":"https:\/\/garantie.be\/de\/wp-json\/wp\/v2\/types\/page"}],"author":[{"embeddable":true,"href":"https:\/\/garantie.be\/de\/wp-json\/wp\/v2\/users\/1"}],"replies":[{"embeddable":true,"href":"https:\/\/garantie.be\/de\/wp-json\/wp\/v2\/comments?post=18833"}],"version-history":[{"count":0,"href":"https:\/\/garantie.be\/de\/wp-json\/wp\/v2\/pages\/18833\/revisions"}],"up":[{"embeddable":true,"href":"https:\/\/garantie.be\/de\/wp-json\/wp\/v2\/pages\/18824"}],"wp:attachment":[{"href":"https:\/\/garantie.be\/de\/wp-json\/wp\/v2\/media?parent=18833"}],"curies":[{"name":"wp","href":"https:\/\/api.w.org\/{rel}","templated":true}]}}