{"id":18891,"date":"2025-10-07T16:03:38","date_gmt":"2025-10-07T14:03:38","guid":{"rendered":"https:\/\/garantie.be\/checkliste-immobilienbesichtigung\/"},"modified":"2025-10-10T09:52:38","modified_gmt":"2025-10-10T07:52:38","slug":"checkliste-immobilienbesichtigung","status":"publish","type":"page","link":"https:\/\/garantie.be\/de\/vorlagen-briefe-mietverwaltung\/checkliste-immobilienbesichtigung\/","title":{"rendered":"Muster-Checkliste f\u00fcr die Besichtigung der zu vermietenden Wohnung"},"content":{"rendered":"\t\t<div data-elementor-type=\"wp-page\" data-elementor-id=\"18891\" class=\"elementor elementor-18891 elementor-18867\" data-elementor-post-type=\"page\">\n\t\t\t\t\t\t<section class=\"elementor-section elementor-top-section elementor-element elementor-element-123f5c3b elementor-section-boxed elementor-section-height-default elementor-section-height-default\" data-id=\"123f5c3b\" data-element_type=\"section\" data-e-type=\"section\">\n\t\t\t\t\t\t<div class=\"elementor-container elementor-column-gap-default\">\n\t\t\t\t\t<div class=\"elementor-column elementor-col-100 elementor-top-column elementor-element elementor-element-61e9bd82\" data-id=\"61e9bd82\" data-element_type=\"column\" data-e-type=\"column\">\n\t\t\t<div class=\"elementor-widget-wrap elementor-element-populated\">\n\t\t\t\t\t\t<div class=\"elementor-element elementor-element-36211f03 elementor-widget elementor-widget-spacer\" data-id=\"36211f03\" data-element_type=\"widget\" data-e-type=\"widget\" data-widget_type=\"spacer.default\">\n\t\t\t\t<div class=\"elementor-widget-container\">\n\t\t\t\t\t\t\t<div class=\"elementor-spacer\">\n\t\t\t<div class=\"elementor-spacer-inner\"><\/div>\n\t\t<\/div>\n\t\t\t\t\t\t<\/div>\n\t\t\t\t<\/div>\n\t\t\t\t<div class=\"elementor-element elementor-element-4fec0c2c elementor-widget elementor-widget-heading\" data-id=\"4fec0c2c\" data-element_type=\"widget\" data-e-type=\"widget\" data-widget_type=\"heading.default\">\n\t\t\t\t<div class=\"elementor-widget-container\">\n\t\t\t\t\t<h1 class=\"elementor-heading-title elementor-size-default\">Checkliste<br><b>Besichtigung eines Mietobjekts<\/b><\/h1>\t\t\t\t<\/div>\n\t\t\t\t<\/div>\n\t\t\t\t<div class=\"elementor-element elementor-element-225957dd elementor-widget elementor-widget-spacer\" data-id=\"225957dd\" data-element_type=\"widget\" data-e-type=\"widget\" data-widget_type=\"spacer.default\">\n\t\t\t\t<div class=\"elementor-widget-container\">\n\t\t\t\t\t\t\t<div class=\"elementor-spacer\">\n\t\t\t<div class=\"elementor-spacer-inner\"><\/div>\n\t\t<\/div>\n\t\t\t\t\t\t<\/div>\n\t\t\t\t<\/div>\n\t\t\t\t<div class=\"elementor-element elementor-element-7d4abd27 elementor-widget elementor-widget-text-editor\" data-id=\"7d4abd27\" data-element_type=\"widget\" data-e-type=\"widget\" data-widget_type=\"text-editor.default\">\n\t\t\t\t<div class=\"elementor-widget-container\">\n\t\t\t\t\t\t\t\t\t<p>Bevor Sie einen Mietvertrag in Belgien unterschreiben, ist es wichtig zu \u00fcberpr\u00fcfen, ob die Wohnung den Anforderungen entspricht, sicher und komfortabel ist. Diese Checkliste hilft Ihnen, alle wichtigen Punkte w\u00e4hrend Ihres Besuchs zu \u00fcberpr\u00fcfen, um unangenehme \u00dcberraschungen nach dem Einzug zu vermeiden. <\/p>\t\t\t\t\t\t\t\t<\/div>\n\t\t\t\t<\/div>\n\t\t\t\t<div class=\"elementor-element elementor-element-427aae14 elementor-widget elementor-widget-text-editor\" data-id=\"427aae14\" data-element_type=\"widget\" data-e-type=\"widget\" data-widget_type=\"text-editor.default\">\n\t\t\t\t<div class=\"elementor-widget-container\">\n\t\t\t\t\t\t\t\t\t<ul><li><strong>Wann sollte es verwendet<\/strong> werden? Vor der Unterzeichnung eines Mietvertrags, bei der Besichtigung der Wohnung.<\/li><li><strong>Art des Dokuments<\/strong>: Liste der zu kontrollierenden Punkte (Word \/ PDF)<\/li><li><strong>Nutzer<\/strong>: Mieter, Studenten, Mitbewohner, Familien.<\/li><li><strong>G\u00fcltig<\/strong> in : Br\u00fcssel &#8211; Flandern &#8211; Wallonien<\/li><li><strong>Zweck<\/strong>: \u00dcberpr\u00fcfung der Einhaltung der Vorschriften, des allgemeinen Zustands und der Ausstattung.<\/li><\/ul>\t\t\t\t\t\t\t\t<\/div>\n\t\t\t\t<\/div>\n\t\t\t\t<div class=\"elementor-element elementor-element-119e57e4 elementor-widget elementor-widget-spacer\" data-id=\"119e57e4\" data-element_type=\"widget\" data-e-type=\"widget\" data-widget_type=\"spacer.default\">\n\t\t\t\t<div class=\"elementor-widget-container\">\n\t\t\t\t\t\t\t<div class=\"elementor-spacer\">\n\t\t\t<div class=\"elementor-spacer-inner\"><\/div>\n\t\t<\/div>\n\t\t\t\t\t\t<\/div>\n\t\t\t\t<\/div>\n\t\t\t\t<div class=\"elementor-element elementor-element-4353d517 elementor-widget elementor-widget-heading\" data-id=\"4353d517\" data-element_type=\"widget\" data-e-type=\"widget\" data-widget_type=\"heading.default\">\n\t\t\t\t<div class=\"elementor-widget-container\">\n\t\t\t\t\t<h2 class=\"elementor-heading-title elementor-size-default\">Beispiel f\u00fcr eine Liste von Punkten, die Sie ausf\u00fcllen oder herunterladen k\u00f6nnen<\/h2>\t\t\t\t<\/div>\n\t\t\t\t<\/div>\n\t\t\t\t<div class=\"elementor-element elementor-element-23e52d7d elementor-widget elementor-widget-text-editor\" data-id=\"23e52d7d\" data-element_type=\"widget\" data-e-type=\"widget\" data-widget_type=\"text-editor.default\">\n\t\t\t\t<div class=\"elementor-widget-container\">\n\t\t\t\t\t\t\t\t\t<p>Kreuzen Sie die Punkte w\u00e4hrend Ihres Besuchs an. Wenn ein Punkt nicht konform ist oder fehlt, notieren Sie ihn in der Spalte &#8222;Bemerkungen&#8220;. <\/p><p><strong>Zwei Versionen dieser Checkliste k\u00f6nnen<\/strong> im Word-Format und im PDF-Format weiter unten auf dieser Seite \u2b07\ufe0f <strong>heruntergeladen werden<\/strong>.  <\/p>\t\t\t\t\t\t\t\t<\/div>\n\t\t\t\t<\/div>\n\t\t\t\t<div class=\"elementor-element elementor-element-165700bc elementor-widget elementor-widget-text-editor\" data-id=\"165700bc\" data-element_type=\"widget\" data-e-type=\"widget\" data-widget_type=\"text-editor.default\">\n\t\t\t\t<div class=\"elementor-widget-container\">\n\t\t\t\t\t\t\t\t\t<table><thead><tr><th>Kategorie<\/th><th>Zu \u00fcberpr\u00fcfende Elemente<\/th><th>Ja<\/th><th>Nein<\/th><th>Bemerkungen<\/th><\/tr><\/thead><tbody><tr><td>\n  <strong>Struktur &amp; Sicherheit<\/strong>\n<\/td><td>W\u00e4nde, B\u00f6den, Decken in gutem Zustand (keine Feuchtigkeit, gr\u00f6\u00dfere Risse).<\/td><td>\u2610<\/td><td>\u2610<\/td><td> <\/td> <\/tr><tr> <td> <\/td><td>Stabile Treppen, sichere Gel\u00e4nder.<\/td><td>\u2610<\/td><td>\u2610<\/td><td> <\/td> <\/tr><tr> <td> <\/td><td>T\u00fcren und Fenster schlie\u00dfen richtig.<\/td><td>\u2610<\/td><td>\u2610<\/td><td> <\/td> <\/tr><tr> <td> <\/td><td>Funktionelle Schl\u00f6sser und Schl\u00fcssel sind vorhanden.<\/td><td>\u2610<\/td><td>\u2610<\/td><td> <\/td> <\/tr><tr><td>\n  <strong>Elektrizit\u00e4t und Gas<\/strong>\n<\/td><td>Steckdosen und Schalter in gutem Zustand.<\/td><td>\u2610<\/td><td>\u2610<\/td><td> <\/td> <\/tr><tr> <td> <\/td><td>Elektrische Konformit\u00e4tsbescheinigung wird mitgeliefert.<\/td><td>\u2610<\/td><td>\u2610<\/td><td> <\/td> <\/tr><tr> <td> <\/td><td>Heizung und Kessel funktionieren.<\/td><td>\u2610<\/td><td>\u2610<\/td><td> <\/td> <\/tr><tr> <td> <\/td><td>Ausreichende Bel\u00fcftung in der Umgebung von Gasger\u00e4ten.<\/td><td>\u2610<\/td><td>\u2610<\/td><td> <\/td> <\/tr><tr><td>\n  <strong>Wasser und Hygiene<\/strong>\n<\/td><td>Trinkwasser (richtiger Wasserdruck, klares Wasser).<\/td><td>\u2610<\/td><td>\u2610<\/td><td> <\/td> <\/tr><tr> <td> <\/td><td>Warmes Wasser ist verf\u00fcgbar.<\/td><td>\u2610<\/td><td>\u2610<\/td><td> <\/td> <\/tr><tr> <td> <\/td><td>Komplettes Badezimmer (Waschbecken, Dusche\/Badewanne).<\/td><td>\u2610<\/td><td>\u2610<\/td><td> <\/td> <\/tr><tr> <td> <\/td><td>Sauberes und funktionelles WC.<\/td><td>\u2610<\/td><td>\u2610<\/td><td> <\/td> <\/tr><tr><td>\n  <strong>Bel\u00fcftung &amp; Isolierung<\/strong>\n<\/td><td>Vorhandensein von \u00d6ffnungen (Fenster, Bel\u00fcftung).<\/td><td>\u2610<\/td><td>\u2610<\/td><td> <\/td> <\/tr><tr> <td> <\/td><td>Keine sichtbare Feuchtigkeit oder Schimmel.<\/td><td>\u2610<\/td><td>\u2610<\/td><td> <\/td> <\/tr><tr> <td> <\/td><td>Gute Isolierung (doppelt verglaste Fenster, dichte Fugen).<\/td><td>\u2610<\/td><td>\u2610<\/td><td> <\/td> <\/tr><tr><td>\n  <strong>K\u00fcche &amp; Ausstattung<\/strong>\n<\/td><td>Sp\u00fcle mit flie\u00dfendem Wasser und Abfluss.<\/td><td>\u2610<\/td><td>\u2610<\/td><td> <\/td> <\/tr><tr> <td> <\/td><td>Platz f\u00fcr ein Kochfeld \/ K\u00fchlschrank.<\/td><td>\u2610<\/td><td>\u2610<\/td><td> <\/td> <\/tr><tr> <td> <\/td><td>Funktionelle Haube oder Bel\u00fcftung.<\/td><td>\u2610<\/td><td>\u2610<\/td><td> <\/td> <\/tr><tr><td>\n  <strong>Komfort &amp; Sicherheit<\/strong>\n<\/td><td>Vorhandensein eines Rauchmelders.<\/td><td>\u2610<\/td><td>\u2610<\/td><td> <\/td> <\/tr><tr> <td> <\/td><td>Vorhandensein eines ausreichenden Heizsystems.<\/td><td>\u2610<\/td><td>\u2610<\/td><td> <\/td> <\/tr><tr> <td> <\/td><td>Ausreichende Beleuchtung in jedem Raum.<\/td><td>\u2610<\/td><td>\u2610<\/td><td> <\/td> <\/tr><tr><td>\n  <strong>Zu beantragende Dokumente<\/strong>\n<\/td><td>PEB-Zertifikat (Energieeffizienz).<\/td><td>\u2610<\/td><td>\u2610<\/td><td> <\/td> <\/tr><tr> <td> <\/td><td>Bescheinigung f\u00fcr Strom \/ Gas.<\/td><td>\u2610<\/td><td>\u2610<\/td><td> <\/td> <\/tr><tr> <td> <\/td><td>Kopie der Eigentumsordnung (falls zutreffend).<\/td><td>\u2610<\/td><td>\u2610<\/td><td> <\/td> <\/tr><tr> <td> <\/td><td>Letzte Nebenkostenabrechnung (wenn Sie eine Wohnung mieten).<\/td><td>\u2610<\/td><td>\u2610<\/td><td> <\/td> <\/tr><\/tbody><\/table>\t\t\t\t\t\t\t\t<\/div>\n\t\t\t\t<\/div>\n\t\t\t\t\t<\/div>\n\t\t<\/div>\n\t\t\t\t\t<\/div>\n\t\t<\/section>\n\t\t\t\t<section class=\"elementor-section elementor-top-section elementor-element elementor-element-29d1d86f elementor-section-content-middle elementor-section-height-min-height elementor-section-items-stretch elementor-section-boxed elementor-section-height-default\" data-id=\"29d1d86f\" data-element_type=\"section\" data-e-type=\"section\">\n\t\t\t\t\t\t<div class=\"elementor-container elementor-column-gap-no\">\n\t\t\t\t\t<div class=\"elementor-column elementor-col-100 elementor-top-column elementor-element elementor-element-47c883e6\" data-id=\"47c883e6\" data-element_type=\"column\" data-e-type=\"column\" data-settings=\"{&quot;background_background&quot;:&quot;classic&quot;}\">\n\t\t\t<div class=\"elementor-widget-wrap elementor-element-populated\">\n\t\t\t\t\t\t<div class=\"elementor-element elementor-element-34733dfa elementor-widget elementor-widget-text-editor\" data-id=\"34733dfa\" data-element_type=\"widget\" data-e-type=\"widget\" data-widget_type=\"text-editor.default\">\n\t\t\t\t<div class=\"elementor-widget-container\">\n\t\t\t\t\t\t\t\t\t<p>F\u00fcllen Sie unser Formular aus, um innerhalb weniger Stunden eine <a href=\"https:\/\/garantie.be\/de\/online-mietkaution\/\">Online-Mietkaution<\/a> zu erhalten. Sie m\u00fcssen kein Geld blockieren, da wir wie eine Bankgarantie funktionieren. <\/p>\t\t\t\t\t\t\t\t<\/div>\n\t\t\t\t<\/div>\n\t\t\t\t<div class=\"elementor-element elementor-element-240cb541 elementor-mobile-align-center elementor-align-center elementor-widget elementor-widget-button\" data-id=\"240cb541\" data-element_type=\"widget\" data-e-type=\"widget\" data-widget_type=\"button.default\">\n\t\t\t\t<div class=\"elementor-widget-container\">\n\t\t\t\t\t\t\t\t\t<div class=\"elementor-button-wrapper\">\n\t\t\t\t\t<a class=\"elementor-button elementor-button-link elementor-size-sm\" href=\"https:\/\/account.garantie.be\/en\/register\/lease\">\n\t\t\t\t\t\t<span class=\"elementor-button-content-wrapper\">\n\t\t\t\t\t\t\t\t\t<span class=\"elementor-button-text\">100% Online-Formular mietkaution<\/span>\n\t\t\t\t\t<\/span>\n\t\t\t\t\t<\/a>\n\t\t\t\t<\/div>\n\t\t\t\t\t\t\t\t<\/div>\n\t\t\t\t<\/div>\n\t\t\t\t\t<\/div>\n\t\t<\/div>\n\t\t\t\t\t<\/div>\n\t\t<\/section>\n\t\t\t\t<section class=\"elementor-section elementor-top-section elementor-element elementor-element-9e561b7 elementor-section-boxed elementor-section-height-default elementor-section-height-default\" data-id=\"9e561b7\" data-element_type=\"section\" data-e-type=\"section\">\n\t\t\t\t\t\t<div class=\"elementor-container elementor-column-gap-default\">\n\t\t\t\t\t<div class=\"elementor-column elementor-col-100 elementor-top-column elementor-element elementor-element-2bfad6e\" data-id=\"2bfad6e\" data-element_type=\"column\" data-e-type=\"column\">\n\t\t\t<div class=\"elementor-widget-wrap elementor-element-populated\">\n\t\t\t\t\t\t<div class=\"elementor-element elementor-element-1794b2a elementor-widget elementor-widget-spacer\" data-id=\"1794b2a\" data-element_type=\"widget\" data-e-type=\"widget\" data-widget_type=\"spacer.default\">\n\t\t\t\t<div class=\"elementor-widget-container\">\n\t\t\t\t\t\t\t<div class=\"elementor-spacer\">\n\t\t\t<div class=\"elementor-spacer-inner\"><\/div>\n\t\t<\/div>\n\t\t\t\t\t\t<\/div>\n\t\t\t\t<\/div>\n\t\t\t\t<div class=\"elementor-element elementor-element-ca2c5bb elementor-widget elementor-widget-heading\" data-id=\"ca2c5bb\" data-element_type=\"widget\" data-e-type=\"widget\" data-widget_type=\"heading.default\">\n\t\t\t\t<div class=\"elementor-widget-container\">\n\t\t\t\t\t<h3 class=\"elementor-heading-title elementor-size-default\">Downloads im Word- oder PDF-Format<\/h3>\t\t\t\t<\/div>\n\t\t\t\t<\/div>\n\t\t\t\t<div class=\"elementor-element elementor-element-230a25a elementor-widget elementor-widget-text-editor\" data-id=\"230a25a\" data-element_type=\"widget\" data-e-type=\"widget\" data-widget_type=\"text-editor.default\">\n\t\t\t\t<div class=\"elementor-widget-container\">\n\t\t\t\t\t\t\t\t\t<p>\u2b07\ufe0f <a href=\"https:\/\/garantie.be\/wp-content\/uploads\/2025\/10\/Checkliste-Wohnungsbesichtigung-vor-Unterzeichnung-des-Mietvertrags-clean.docx\">Checkliste f\u00fcr die Besichtigung eines Mietobjekts im Word-Format<\/a> (.docx) herunterladen<\/p><p>\u2b07\ufe0f Download der <a href=\"https:\/\/garantie.be\/wp-content\/uploads\/2025\/10\/Checkliste-Wohnungsbesichtigung-vor-Unterzeichnung-des-Mietvertrags-clean.pdf\">Checkliste f\u00fcr die Kontrolle von Mietobjekten im PDF-Format<\/a> (.pdf)<\/p>\t\t\t\t\t\t\t\t<\/div>\n\t\t\t\t<\/div>\n\t\t\t\t<div class=\"elementor-element elementor-element-cc3d0c4 elementor-widget elementor-widget-heading\" data-id=\"cc3d0c4\" data-element_type=\"widget\" data-e-type=\"widget\" data-widget_type=\"heading.default\">\n\t\t\t\t<div class=\"elementor-widget-container\">\n\t\t\t\t\t<h2 class=\"elementor-heading-title elementor-size-default\">Tipps zur richtigen Verwendung dieser Checkliste<\/h2>\t\t\t\t<\/div>\n\t\t\t\t<\/div>\n\t\t\t\t<div class=\"elementor-element elementor-element-4d682f4 elementor-widget elementor-widget-text-editor\" data-id=\"4d682f4\" data-element_type=\"widget\" data-e-type=\"widget\" data-widget_type=\"text-editor.default\">\n\t\t\t\t<div class=\"elementor-widget-container\">\n\t\t\t\t\t\t\t\t\t<ul><li><strong>Drucken<\/strong> Sie die Checkliste vor dem Besuch <strong>aus<\/strong> und f\u00fcllen Sie sie vor Ort aus.<\/li><li><strong>Machen Sie Fotos<\/strong> von den Stellen, auf die Sie achten m\u00fcssen (Feuchtigkeit, Risse, Installationen).<\/li><li>Wenn der Vermieter bestimmte Dokumente (PEB, Strom) nicht zur Verf\u00fcgung stellt, <strong>fordern<\/strong> Sie <strong>diese vor der Unterzeichnung des Mietvertrags<\/strong> an.<\/li><li>Bewahren Sie die unterschriebene oder datierte Checkliste auf: Sie kann <strong>im Falle eines Rechtsstreits<\/strong> als <strong>Beweismittel<\/strong> dienen.<\/li><\/ul><p> <\/p><p><strong>\n  <em>Gut zu wissen<\/em>\n<\/strong> Sie k\u00f6nnen diese Checkliste auch zusammen mit Ihrem Antrag auf Ausstellung von Pflichtdokumenten an den Vermieter schicken.<\/p>\t\t\t\t\t\t\t\t<\/div>\n\t\t\t\t<\/div>\n\t\t\t\t\t<\/div>\n\t\t<\/div>\n\t\t\t\t\t<\/div>\n\t\t<\/section>\n\t\t\t\t<section class=\"elementor-section elementor-top-section elementor-element elementor-element-7f255b9e elementor-section-boxed elementor-section-height-default elementor-section-height-default\" data-id=\"7f255b9e\" data-element_type=\"section\" data-e-type=\"section\">\n\t\t\t\t\t\t<div class=\"elementor-container elementor-column-gap-default\">\n\t\t\t\t\t<div class=\"elementor-column elementor-col-100 elementor-top-column elementor-element elementor-element-50ea6d1c\" data-id=\"50ea6d1c\" data-element_type=\"column\" data-e-type=\"column\">\n\t\t\t<div class=\"elementor-widget-wrap elementor-element-populated\">\n\t\t\t\t\t\t<div class=\"elementor-element elementor-element-2942852f elementor-widget elementor-widget-spacer\" data-id=\"2942852f\" data-element_type=\"widget\" data-e-type=\"widget\" data-widget_type=\"spacer.default\">\n\t\t\t\t<div class=\"elementor-widget-container\">\n\t\t\t\t\t\t\t<div class=\"elementor-spacer\">\n\t\t\t<div class=\"elementor-spacer-inner\"><\/div>\n\t\t<\/div>\n\t\t\t\t\t\t<\/div>\n\t\t\t\t<\/div>\n\t\t\t\t<div class=\"elementor-element elementor-element-5bb41091 elementor-widget elementor-widget-heading\" data-id=\"5bb41091\" data-element_type=\"widget\" data-e-type=\"widget\" data-widget_type=\"heading.default\">\n\t\t\t\t<div class=\"elementor-widget-container\">\n\t\t\t\t\t<h2 class=\"elementor-heading-title elementor-size-default\">Andere n\u00fctzliche Briefvorlagen<\/h2>\t\t\t\t<\/div>\n\t\t\t\t<\/div>\n\t\t\t\t<div class=\"elementor-element elementor-element-4aaf80e6 elementor-widget elementor-widget-text-editor\" data-id=\"4aaf80e6\" data-element_type=\"widget\" data-e-type=\"widget\" data-widget_type=\"text-editor.default\">\n\t\t\t\t<div class=\"elementor-widget-container\">\n\t\t\t\t\t\t\t\t\t<ul><li>Brief zur Anforderung von Dokumenten vor der Unterzeichnung<\/li><li>Standardmietvertrag (Hauptwohnsitz)<\/li><li>Protokoll der Bestandsaufnahme (leer)<\/li><\/ul>\t\t\t\t\t\t\t\t<\/div>\n\t\t\t\t<\/div>\n\t\t\t\t\t<\/div>\n\t\t<\/div>\n\t\t\t\t\t<\/div>\n\t\t<\/section>\n\t\t\t\t<\/div>\n\t\t","protected":false},"excerpt":{"rendered":"<p>ChecklisteBesichtigung eines Mietobjekts Bevor Sie einen Mietvertrag in Belgien unterschreiben, ist es wichtig zu \u00fcberpr\u00fcfen, ob die Wohnung den Anforderungen entspricht, sicher und komfortabel ist. Diese Checkliste hilft Ihnen, alle wichtigen Punkte w\u00e4hrend Ihres Besuchs zu \u00fcberpr\u00fcfen, um unangenehme \u00dcberraschungen nach dem Einzug zu vermeiden. Wann sollte es verwendet werden? Vor der Unterzeichnung eines Mietvertrags, [&hellip;]<\/p>\n","protected":false},"author":1,"featured_media":0,"parent":18824,"menu_order":0,"comment_status":"closed","ping_status":"closed","template":"","meta":{"footnotes":""},"class_list":["post-18891","page","type-page","status-publish","hentry"],"yoast_head":"<!-- This site is optimized with the Yoast SEO plugin v27.3 - https:\/\/yoast.com\/product\/yoast-seo-wordpress\/ -->\n<title>Muster-Checkliste f\u00fcr die Besichtigung der zu vermietenden Wohnung<\/title>\n<meta name=\"description\" content=\"Drucken Sie eine Vorlage f\u00fcr eine Checkliste f\u00fcr die Besichtigung einer Mietwohnung in Belgien aus oder laden Sie diese herunter.\" \/>\n<meta name=\"robots\" content=\"index, follow, max-snippet:-1, max-image-preview:large, max-video-preview:-1\" \/>\n<link rel=\"canonical\" href=\"https:\/\/garantie.be\/de\/vorlagen-briefe-mietverwaltung\/checkliste-immobilienbesichtigung\/\" \/>\n<meta property=\"og:locale\" content=\"de_DE\" \/>\n<meta property=\"og:type\" content=\"article\" \/>\n<meta property=\"og:title\" content=\"Muster-Checkliste f\u00fcr die Besichtigung der zu vermietenden Wohnung\" \/>\n<meta property=\"og:description\" content=\"Drucken Sie eine Vorlage f\u00fcr eine Checkliste f\u00fcr die Besichtigung einer Mietwohnung in Belgien aus oder laden Sie diese herunter.\" \/>\n<meta property=\"og:url\" content=\"https:\/\/garantie.be\/de\/vorlagen-briefe-mietverwaltung\/checkliste-immobilienbesichtigung\/\" \/>\n<meta property=\"og:site_name\" content=\"Garantie\" \/>\n<meta property=\"article:modified_time\" content=\"2025-10-10T07:52:38+00:00\" \/>\n<meta name=\"twitter:card\" content=\"summary_large_image\" \/>\n<meta name=\"twitter:label1\" content=\"Gesch\u00e4tzte Lesezeit\" \/>\n\t<meta name=\"twitter:data1\" content=\"2\u00a0Minuten\" \/>\n<script type=\"application\/ld+json\" class=\"yoast-schema-graph\">{\"@context\":\"https:\\\/\\\/schema.org\",\"@graph\":[{\"@type\":\"WebPage\",\"@id\":\"https:\\\/\\\/garantie.be\\\/de\\\/vorlagen-briefe-mietverwaltung\\\/checkliste-immobilienbesichtigung\\\/\",\"url\":\"https:\\\/\\\/garantie.be\\\/de\\\/vorlagen-briefe-mietverwaltung\\\/checkliste-immobilienbesichtigung\\\/\",\"name\":\"Muster-Checkliste f\u00fcr die Besichtigung der zu vermietenden Wohnung\",\"isPartOf\":{\"@id\":\"https:\\\/\\\/garantie.be\\\/de\\\/#website\"},\"datePublished\":\"2025-10-07T14:03:38+00:00\",\"dateModified\":\"2025-10-10T07:52:38+00:00\",\"description\":\"Drucken Sie eine Vorlage f\u00fcr eine Checkliste f\u00fcr die Besichtigung einer Mietwohnung in Belgien aus oder laden Sie diese herunter.\",\"breadcrumb\":{\"@id\":\"https:\\\/\\\/garantie.be\\\/de\\\/vorlagen-briefe-mietverwaltung\\\/checkliste-immobilienbesichtigung\\\/#breadcrumb\"},\"inLanguage\":\"de\",\"potentialAction\":[{\"@type\":\"ReadAction\",\"target\":[\"https:\\\/\\\/garantie.be\\\/de\\\/vorlagen-briefe-mietverwaltung\\\/checkliste-immobilienbesichtigung\\\/\"]}]},{\"@type\":\"BreadcrumbList\",\"@id\":\"https:\\\/\\\/garantie.be\\\/de\\\/vorlagen-briefe-mietverwaltung\\\/checkliste-immobilienbesichtigung\\\/#breadcrumb\",\"itemListElement\":[{\"@type\":\"ListItem\",\"position\":1,\"name\":\"Accueil\",\"item\":\"https:\\\/\\\/garantie.be\\\/de\\\/\"},{\"@type\":\"ListItem\",\"position\":2,\"name\":\"Musterbriefe und praktische Hilfsmittel f\u00fcr die Wohnungsverwaltung\",\"item\":\"https:\\\/\\\/garantie.be\\\/de\\\/vorlagen-briefe-mietverwaltung\\\/\"},{\"@type\":\"ListItem\",\"position\":3,\"name\":\"Muster-Checkliste f\u00fcr die Besichtigung der zu vermietenden Wohnung\"}]},{\"@type\":\"WebSite\",\"@id\":\"https:\\\/\\\/garantie.be\\\/de\\\/#website\",\"url\":\"https:\\\/\\\/garantie.be\\\/de\\\/\",\"name\":\"Garantie\",\"description\":\"\",\"publisher\":{\"@id\":\"https:\\\/\\\/garantie.be\\\/de\\\/#organization\"},\"potentialAction\":[{\"@type\":\"SearchAction\",\"target\":{\"@type\":\"EntryPoint\",\"urlTemplate\":\"https:\\\/\\\/garantie.be\\\/de\\\/?s={search_term_string}\"},\"query-input\":{\"@type\":\"PropertyValueSpecification\",\"valueRequired\":true,\"valueName\":\"search_term_string\"}}],\"inLanguage\":\"de\"},{\"@type\":\"Organization\",\"@id\":\"https:\\\/\\\/garantie.be\\\/de\\\/#organization\",\"name\":\"Garantie.be\",\"url\":\"https:\\\/\\\/garantie.be\\\/de\\\/\",\"logo\":{\"@type\":\"ImageObject\",\"inLanguage\":\"de\",\"@id\":\"https:\\\/\\\/garantie.be\\\/de\\\/#\\\/schema\\\/logo\\\/image\\\/\",\"url\":\"\",\"contentUrl\":\"\",\"caption\":\"Garantie.be\"},\"image\":{\"@id\":\"https:\\\/\\\/garantie.be\\\/de\\\/#\\\/schema\\\/logo\\\/image\\\/\"}}]}<\/script>\n<!-- \/ Yoast SEO plugin. -->","yoast_head_json":{"title":"Muster-Checkliste f\u00fcr die Besichtigung der zu vermietenden Wohnung","description":"Drucken Sie eine Vorlage f\u00fcr eine Checkliste f\u00fcr die Besichtigung einer Mietwohnung in Belgien aus oder laden Sie diese herunter.","robots":{"index":"index","follow":"follow","max-snippet":"max-snippet:-1","max-image-preview":"max-image-preview:large","max-video-preview":"max-video-preview:-1"},"canonical":"https:\/\/garantie.be\/de\/vorlagen-briefe-mietverwaltung\/checkliste-immobilienbesichtigung\/","og_locale":"de_DE","og_type":"article","og_title":"Muster-Checkliste f\u00fcr die Besichtigung der zu vermietenden Wohnung","og_description":"Drucken Sie eine Vorlage f\u00fcr eine Checkliste f\u00fcr die Besichtigung einer Mietwohnung in Belgien aus oder laden Sie diese herunter.","og_url":"https:\/\/garantie.be\/de\/vorlagen-briefe-mietverwaltung\/checkliste-immobilienbesichtigung\/","og_site_name":"Garantie","article_modified_time":"2025-10-10T07:52:38+00:00","twitter_card":"summary_large_image","twitter_misc":{"Gesch\u00e4tzte Lesezeit":"2\u00a0Minuten"},"schema":{"@context":"https:\/\/schema.org","@graph":[{"@type":"WebPage","@id":"https:\/\/garantie.be\/de\/vorlagen-briefe-mietverwaltung\/checkliste-immobilienbesichtigung\/","url":"https:\/\/garantie.be\/de\/vorlagen-briefe-mietverwaltung\/checkliste-immobilienbesichtigung\/","name":"Muster-Checkliste f\u00fcr die Besichtigung der zu vermietenden Wohnung","isPartOf":{"@id":"https:\/\/garantie.be\/de\/#website"},"datePublished":"2025-10-07T14:03:38+00:00","dateModified":"2025-10-10T07:52:38+00:00","description":"Drucken Sie eine Vorlage f\u00fcr eine Checkliste f\u00fcr die Besichtigung einer Mietwohnung in Belgien aus oder laden Sie diese herunter.","breadcrumb":{"@id":"https:\/\/garantie.be\/de\/vorlagen-briefe-mietverwaltung\/checkliste-immobilienbesichtigung\/#breadcrumb"},"inLanguage":"de","potentialAction":[{"@type":"ReadAction","target":["https:\/\/garantie.be\/de\/vorlagen-briefe-mietverwaltung\/checkliste-immobilienbesichtigung\/"]}]},{"@type":"BreadcrumbList","@id":"https:\/\/garantie.be\/de\/vorlagen-briefe-mietverwaltung\/checkliste-immobilienbesichtigung\/#breadcrumb","itemListElement":[{"@type":"ListItem","position":1,"name":"Accueil","item":"https:\/\/garantie.be\/de\/"},{"@type":"ListItem","position":2,"name":"Musterbriefe und praktische Hilfsmittel f\u00fcr die Wohnungsverwaltung","item":"https:\/\/garantie.be\/de\/vorlagen-briefe-mietverwaltung\/"},{"@type":"ListItem","position":3,"name":"Muster-Checkliste f\u00fcr die Besichtigung der zu vermietenden Wohnung"}]},{"@type":"WebSite","@id":"https:\/\/garantie.be\/de\/#website","url":"https:\/\/garantie.be\/de\/","name":"Garantie","description":"","publisher":{"@id":"https:\/\/garantie.be\/de\/#organization"},"potentialAction":[{"@type":"SearchAction","target":{"@type":"EntryPoint","urlTemplate":"https:\/\/garantie.be\/de\/?s={search_term_string}"},"query-input":{"@type":"PropertyValueSpecification","valueRequired":true,"valueName":"search_term_string"}}],"inLanguage":"de"},{"@type":"Organization","@id":"https:\/\/garantie.be\/de\/#organization","name":"Garantie.be","url":"https:\/\/garantie.be\/de\/","logo":{"@type":"ImageObject","inLanguage":"de","@id":"https:\/\/garantie.be\/de\/#\/schema\/logo\/image\/","url":"","contentUrl":"","caption":"Garantie.be"},"image":{"@id":"https:\/\/garantie.be\/de\/#\/schema\/logo\/image\/"}}]}},"_links":{"self":[{"href":"https:\/\/garantie.be\/de\/wp-json\/wp\/v2\/pages\/18891","targetHints":{"allow":["GET"]}}],"collection":[{"href":"https:\/\/garantie.be\/de\/wp-json\/wp\/v2\/pages"}],"about":[{"href":"https:\/\/garantie.be\/de\/wp-json\/wp\/v2\/types\/page"}],"author":[{"embeddable":true,"href":"https:\/\/garantie.be\/de\/wp-json\/wp\/v2\/users\/1"}],"replies":[{"embeddable":true,"href":"https:\/\/garantie.be\/de\/wp-json\/wp\/v2\/comments?post=18891"}],"version-history":[{"count":0,"href":"https:\/\/garantie.be\/de\/wp-json\/wp\/v2\/pages\/18891\/revisions"}],"up":[{"embeddable":true,"href":"https:\/\/garantie.be\/de\/wp-json\/wp\/v2\/pages\/18824"}],"wp:attachment":[{"href":"https:\/\/garantie.be\/de\/wp-json\/wp\/v2\/media?parent=18891"}],"curies":[{"name":"wp","href":"https:\/\/api.w.org\/{rel}","templated":true}]}}