{"id":19078,"date":"2025-10-09T09:58:53","date_gmt":"2025-10-09T07:58:53","guid":{"rendered":"https:\/\/garantie.be\/vorlagen-briefe-mietverwaltung\/kundigungsschreiben-langzeit-leasing\/"},"modified":"2026-01-19T09:19:19","modified_gmt":"2026-01-19T08:19:19","slug":"kundigungsschreiben-langzeit-leasing","status":"publish","type":"page","link":"https:\/\/garantie.be\/de\/vorlagen-briefe-mietverwaltung\/kundigungsschreiben-langzeit-leasing\/","title":{"rendered":"Kostenloses Schreiben zur K\u00fcndigung des langfristigen Mietvertrags"},"content":{"rendered":"\t\t<div data-elementor-type=\"wp-page\" data-elementor-id=\"19078\" class=\"elementor elementor-19078 elementor-18996\" data-elementor-post-type=\"page\">\n\t\t\t\t\t\t<section class=\"elementor-section elementor-top-section elementor-element elementor-element-187d6841 elementor-section-boxed elementor-section-height-default elementor-section-height-default\" data-id=\"187d6841\" data-element_type=\"section\" data-e-type=\"section\">\n\t\t\t\t\t\t<div class=\"elementor-container elementor-column-gap-default\">\n\t\t\t\t\t<div class=\"elementor-column elementor-col-100 elementor-top-column elementor-element elementor-element-2f761286\" data-id=\"2f761286\" data-element_type=\"column\" data-e-type=\"column\">\n\t\t\t<div class=\"elementor-widget-wrap elementor-element-populated\">\n\t\t\t\t\t\t<div class=\"elementor-element elementor-element-5d1803bd elementor-widget elementor-widget-spacer\" data-id=\"5d1803bd\" data-element_type=\"widget\" data-e-type=\"widget\" data-widget_type=\"spacer.default\">\n\t\t\t\t<div class=\"elementor-widget-container\">\n\t\t\t\t\t\t\t<div class=\"elementor-spacer\">\n\t\t\t<div class=\"elementor-spacer-inner\"><\/div>\n\t\t<\/div>\n\t\t\t\t\t\t<\/div>\n\t\t\t\t<\/div>\n\t\t\t\t<div class=\"elementor-element elementor-element-65d2c61e elementor-widget elementor-widget-heading\" data-id=\"65d2c61e\" data-element_type=\"widget\" data-e-type=\"widget\" data-widget_type=\"heading.default\">\n\t\t\t\t<div class=\"elementor-widget-container\">\n\t\t\t\t\t<h1 class=\"elementor-heading-title elementor-size-default\">K\u00fcndigungsschreiben<br> des langfristigen Mietvertrags<\/h1>\t\t\t\t<\/div>\n\t\t\t\t<\/div>\n\t\t\t\t<div class=\"elementor-element elementor-element-111c7b40 elementor-widget elementor-widget-spacer\" data-id=\"111c7b40\" data-element_type=\"widget\" data-e-type=\"widget\" data-widget_type=\"spacer.default\">\n\t\t\t\t<div class=\"elementor-widget-container\">\n\t\t\t\t\t\t\t<div class=\"elementor-spacer\">\n\t\t\t<div class=\"elementor-spacer-inner\"><\/div>\n\t\t<\/div>\n\t\t\t\t\t\t<\/div>\n\t\t\t\t<\/div>\n\t\t\t\t<div class=\"elementor-element elementor-element-46da8f32 elementor-widget elementor-widget-heading\" data-id=\"46da8f32\" data-element_type=\"widget\" data-e-type=\"widget\" data-widget_type=\"heading.default\">\n\t\t\t\t<div class=\"elementor-widget-container\">\n\t\t\t\t\t<h2 class=\"elementor-heading-title elementor-size-default\">Wann sollte der Verzichtbrief verwendet werden?<\/h2>\t\t\t\t<\/div>\n\t\t\t\t<\/div>\n\t\t\t\t<div class=\"elementor-element elementor-element-2c727c9c elementor-widget elementor-widget-text-editor\" data-id=\"2c727c9c\" data-element_type=\"widget\" data-e-type=\"widget\" data-widget_type=\"text-editor.default\">\n\t\t\t\t<div class=\"elementor-widget-container\">\n\t\t\t\t\t\t\t\t\t<p>Dieser Musterbrief erm\u00f6glicht es dem Mieter, einen 9-j\u00e4hrigen Mietvertrag f\u00fcr seinen Hauptwohnsitz zu k\u00fcndigen. <span style=\"font-size: 1rem;\">Der Mieter kann <strong>jederzeit k\u00fcndigen<\/strong> <\/span>, wenn er eine K\u00fcndigungsfrist von 3 Monaten einh\u00e4lt. Dieser Brief gilt <strong>f\u00fcr Br\u00fcssel, Flandern und Wallonien<\/strong>. Der Antrag muss per Einschreiben oder gegen Empfangsbest\u00e4tigung eingereicht werden.<\/p>\t\t\t\t\t\t\t\t<\/div>\n\t\t\t\t<\/div>\n\t\t\t\t<div class=\"elementor-element elementor-element-65000af1 elementor-widget elementor-widget-text-editor\" data-id=\"65000af1\" data-element_type=\"widget\" data-e-type=\"widget\" data-widget_type=\"text-editor.default\">\n\t\t\t\t<div class=\"elementor-widget-container\">\n\t\t\t\t\t\t\t\t\t<p>Sie k\u00f6nnen den Text unten kopieren und mit Ihren eigenen Informationen versehen. Sie k\u00f6nnen auch <strong>eine kostenlose ausf\u00fcllbare Version<\/strong> im Word- oder PDF-Format <strong>herunterladen<\/strong>, die Sie weiter unten auf der Seite finden. <\/p>\t\t\t\t\t\t\t\t<\/div>\n\t\t\t\t<\/div>\n\t\t\t\t<div class=\"elementor-element elementor-element-20156244 elementor-widget elementor-widget-text-editor\" data-id=\"20156244\" data-element_type=\"widget\" data-e-type=\"widget\" data-widget_type=\"text-editor.default\">\n\t\t\t\t<div class=\"elementor-widget-container\">\n\t\t\t\t\t\t\t\t\t<section class=\"modele-lettre\">\n  <div class=\"zone-lettre\">\n    <p><span class=\"champ\">[Name und Vorname des Mieters]<\/span><br> <span class=\"champ\">[Vollst\u00e4ndige Adresse]<\/span><br> <span class=\"champ\">[Postleitzahl, Gemeinde]<\/span><br> Telefon: &#8230;&#8230;&#8230;&#8230;&#8230;&#8230;&#8230;&#8230;&#8230;&#8230;&#8230;&#8230;&#8230;&#8230;&#8230;.<br> E-Mail: &#8230;&#8230;&#8230;&#8230;&#8230;&#8230;&#8230;&#8230;&#8230;&#8230;&#8230;&#8230;&#8230;&#8230;&#8230;&#8230;&#8230;<\/p>\n\n    <p style=\"text-align:right;\">\n      <span class=\"champ\">[Name und Vorname des Vermieters]<\/span><br>      <span class=\"champ\">[Adresse des Vermieters]<\/span><br>      <span class=\"champ\">[Postleitzahl, Gemeinde].<\/span><br>    <\/p>\n\n    <p style=\"text-align:right;\">Geschehen zu &#8230;&#8230;&#8230;&#8230;&#8230;&#8230;&#8230;&#8230;&#8230;&#8230;.., am &#8230;&#8230;\/&#8230;&#8230;\/&#8230;&#8230;&#8230;.<\/p>\n\n    <p><strong>Einschreiben mit R\u00fcckschein<\/strong><\/p>\n\n    <p><strong>Betrifft:<\/strong> K\u00fcndigung des 9-j\u00e4hrigen Pachtvertrags &#8211; Mitteilung \u00fcber das Ende des Pachtvertrags<\/p>\n\n    <p><strong>Frau, Herr,<\/strong><\/p>\n\n    <p>\n  Ich beziehe mich auf unseren Mietvertrag f\u00fcr die Immobilie unter \n. <span class=\"champ\">[adresse compl\u00e8te du bien lou\u00e9]<\/span>\n, der am &#8230;&#8230;\/&#8230;&#8230;\/&#8230;&#8230; unterzeichnet wurde.\n    <\/p>\n\n    <p>\n  Gem\u00e4\u00df den gesetzlichen Bestimmungen f\u00fcr einen 9-j\u00e4hrigen Hauptwohnsitzmietvertrag,\n informiere ich Sie \u00fcber meine Entscheidung, <strong>den Miet<\/strong>vertrag zu <strong>k\u00fcndigen<\/strong>.\n Die <strong>dreimonatige<\/strong> K\u00fcndigungsfrist beginnt am ersten Tag des Monats, der auf \n den Erhalt dieses Schreibens folgt.\n    <\/p>\n\n    <p>\n Ich werde die Wohnung sp\u00e4testens am \nverlassen. <span class=\"champ\">[date de d\u00e9part pr\u00e9vue]<\/span>Ich werde die Wohnung ab sofort unter \nverlassen, nachdem ich das wohnungs\u00fcbergabeprotokoll erstellt und die Schl\u00fcssel zur\u00fcckgegeben habe.\n    <\/p>\n\n    <p>\n  Ich verbleibe mit freundlichen Gr\u00fc\u00dfen.\n    <\/p>\n\n    <p style=\"text-align:right;\"><em>[Unterschrift].<\/em><\/p>\n  <\/div>\n<\/section>\n\n<style>\n  .modele-lettre {\n    background:#fafafa;\n    padding:20px;\n    border-radius:8px;\n    font-family:\"Segoe UI\", Roboto, sans-serif;\n    line-height:1.6;\n  }\n  .modele-lettre h2 {\n    color:#333;\n    margin-bottom:10px;\n  }\n  .modele-lettre .champ {\n    background-color:#f1f1f1;\n    padding:2px 6px;\n    border-radius:3px;\n  }\n  .zone-lettre {\n    background:#fff;\n    padding:20px;\n    border:1px solid #ddd;\n    border-radius:6px;\n    margin:20px 0;\n  }\n<\/style>\n\t\t\t\t\t\t\t\t<\/div>\n\t\t\t\t<\/div>\n\t\t\t\t<div class=\"elementor-element elementor-element-1db869d3 elementor-widget elementor-widget-heading\" data-id=\"1db869d3\" data-element_type=\"widget\" data-e-type=\"widget\" data-widget_type=\"heading.default\">\n\t\t\t\t<div class=\"elementor-widget-container\">\n\t\t\t\t\t<h3 class=\"elementor-heading-title elementor-size-default\">Downloads im Word- oder PDF-Format<\/h3>\t\t\t\t<\/div>\n\t\t\t\t<\/div>\n\t\t\t\t<div class=\"elementor-element elementor-element-1bae1100 elementor-widget elementor-widget-text-editor\" data-id=\"1bae1100\" data-element_type=\"widget\" data-e-type=\"widget\" data-widget_type=\"text-editor.default\">\n\t\t\t\t<div class=\"elementor-widget-container\">\n\t\t\t\t\t\t\t\t\t<p>\u2b07\ufe0f Laden Sie das <a href=\"https:\/\/garantie.be\/wp-content\/uploads\/2025\/10\/Lettre-Resiliation-de-bail-9-ans.docx\">K\u00fcndigungsschreiben f\u00fcr den langfristigen Mietvertrag im Word-Format<\/a> (.docx) herunter.<\/p><p>\u2b07\ufe0f Laden Sie das <a href=\"https:\/\/garantie.be\/wp-content\/uploads\/2025\/10\/Lettre-Resiliation-de-bail-9-ans.pdf\">K\u00fcndigungsschreiben f\u00fcr den langfristigen Mietvertrag im PDF-Format<\/a> (.pdf) herunter.<\/p>\t\t\t\t\t\t\t\t<\/div>\n\t\t\t\t<\/div>\n\t\t\t\t<div class=\"elementor-element elementor-element-5325b934 elementor-widget elementor-widget-heading\" data-id=\"5325b934\" data-element_type=\"widget\" data-e-type=\"widget\" data-widget_type=\"heading.default\">\n\t\t\t\t<div class=\"elementor-widget-container\">\n\t\t\t\t\t<h2 class=\"elementor-heading-title elementor-size-default\">Tipps zur richtigen Verwendung dieses Modells<\/h2>\t\t\t\t<\/div>\n\t\t\t\t<\/div>\n\t\t\t\t<div class=\"elementor-element elementor-element-52807b0a elementor-widget elementor-widget-text-editor\" data-id=\"52807b0a\" data-element_type=\"widget\" data-e-type=\"widget\" data-widget_type=\"text-editor.default\">\n\t\t\t\t<div class=\"elementor-widget-container\">\n\t\t\t\t\t\t\t\t\t<ul><li><strong>Senden<\/strong> Sie den Brief zur K\u00fcndigung des Mietvertrages per Einschreiben mit R\u00fcckschein: Die K\u00fcndigungsfrist beginnt am 1. Tag des Monats, der auf den Empfang folgt. Wenn Sie den Brief z.B. am 15. Februar versenden, l\u00e4uft die K\u00fcndigungsfrist vom 1. M\u00e4rz bis zum 31. Mai. Sie m\u00fcssen die Wohnung bis zum 31. Mai verlassen.  <\/li><li><strong>Abfindung<\/strong>: Wenn Sie innerhalb der ersten drei Jahre gehen, erw\u00e4hnen Sie im Entlassungsschreiben, dass Sie die f\u00e4llige Abfindung zahlen werden.<\/li><li><strong>Bestandsaufnahme<\/strong>: Planen Sie diese sp\u00e4testens am Ende der K\u00fcndigungsfrist und vor der Schl\u00fcssel\u00fcbergabe.<\/li><li><strong>Beweis<\/strong>: Bewahren Sie die Postquittung oder die Empfangsbest\u00e4tigung auf, da diese im Streitfall als Beweismittel dienen.<\/li><\/ul>\t\t\t\t\t\t\t\t<\/div>\n\t\t\t\t<\/div>\n\t\t\t\t\t<\/div>\n\t\t<\/div>\n\t\t\t\t\t<\/div>\n\t\t<\/section>\n\t\t\t\t<section class=\"elementor-section elementor-top-section elementor-element elementor-element-674559bc elementor-section-content-middle elementor-section-height-min-height elementor-section-items-stretch elementor-section-boxed elementor-section-height-default\" data-id=\"674559bc\" data-element_type=\"section\" data-e-type=\"section\">\n\t\t\t\t\t\t<div class=\"elementor-container elementor-column-gap-no\">\n\t\t\t\t\t<div class=\"elementor-column elementor-col-100 elementor-top-column elementor-element elementor-element-12175fc7\" data-id=\"12175fc7\" data-element_type=\"column\" data-e-type=\"column\" data-settings=\"{&quot;background_background&quot;:&quot;classic&quot;}\">\n\t\t\t<div class=\"elementor-widget-wrap elementor-element-populated\">\n\t\t\t\t\t\t<div class=\"elementor-element elementor-element-254097cc elementor-widget elementor-widget-text-editor\" data-id=\"254097cc\" data-element_type=\"widget\" data-e-type=\"widget\" data-widget_type=\"text-editor.default\">\n\t\t\t\t<div class=\"elementor-widget-container\">\n\t\t\t\t\t\t\t\t\t<p>F\u00fcllen Sie unser Formular aus, um innerhalb weniger Stunden <a href=\"https:\/\/garantie.be\/de\/online-mietkaution\/\">online eine mietkaution<\/a> zu erhalten. Sie blockieren kein Geld, da wir wie eine Bankgarantie funktionieren.<\/p>\t\t\t\t\t\t\t\t<\/div>\n\t\t\t\t<\/div>\n\t\t\t\t<div class=\"elementor-element elementor-element-2390c3ba elementor-mobile-align-center elementor-align-center elementor-widget elementor-widget-button\" data-id=\"2390c3ba\" data-element_type=\"widget\" data-e-type=\"widget\" data-widget_type=\"button.default\">\n\t\t\t\t<div class=\"elementor-widget-container\">\n\t\t\t\t\t\t\t\t\t<div class=\"elementor-button-wrapper\">\n\t\t\t\t\t<a class=\"elementor-button elementor-button-link elementor-size-sm\" href=\"https:\/\/account.garantie.be\/en\/register\/lease\">\n\t\t\t\t\t\t<span class=\"elementor-button-content-wrapper\">\n\t\t\t\t\t\t\t\t\t<span class=\"elementor-button-text\">100% Online-Formular mietkaution<\/span>\n\t\t\t\t\t<\/span>\n\t\t\t\t\t<\/a>\n\t\t\t\t<\/div>\n\t\t\t\t\t\t\t\t<\/div>\n\t\t\t\t<\/div>\n\t\t\t\t\t<\/div>\n\t\t<\/div>\n\t\t\t\t\t<\/div>\n\t\t<\/section>\n\t\t\t\t<section class=\"elementor-section elementor-top-section elementor-element elementor-element-2e1ae340 elementor-section-boxed elementor-section-height-default elementor-section-height-default\" data-id=\"2e1ae340\" data-element_type=\"section\" data-e-type=\"section\">\n\t\t\t\t\t\t<div class=\"elementor-container elementor-column-gap-default\">\n\t\t\t\t\t<div class=\"elementor-column elementor-col-100 elementor-top-column elementor-element elementor-element-3a062558\" data-id=\"3a062558\" data-element_type=\"column\" data-e-type=\"column\">\n\t\t\t<div class=\"elementor-widget-wrap elementor-element-populated\">\n\t\t\t\t\t\t<div class=\"elementor-element elementor-element-65f0f774 elementor-widget elementor-widget-spacer\" data-id=\"65f0f774\" data-element_type=\"widget\" data-e-type=\"widget\" data-widget_type=\"spacer.default\">\n\t\t\t\t<div class=\"elementor-widget-container\">\n\t\t\t\t\t\t\t<div class=\"elementor-spacer\">\n\t\t\t<div class=\"elementor-spacer-inner\"><\/div>\n\t\t<\/div>\n\t\t\t\t\t\t<\/div>\n\t\t\t\t<\/div>\n\t\t\t\t<div class=\"elementor-element elementor-element-4bb73719 elementor-widget elementor-widget-heading\" data-id=\"4bb73719\" data-element_type=\"widget\" data-e-type=\"widget\" data-widget_type=\"heading.default\">\n\t\t\t\t<div class=\"elementor-widget-container\">\n\t\t\t\t\t<h2 class=\"elementor-heading-title elementor-size-default\">Andere n\u00fctzliche Briefvorlagen<\/h2>\t\t\t\t<\/div>\n\t\t\t\t<\/div>\n\t\t\t\t<div class=\"elementor-element elementor-element-1576e747 elementor-widget elementor-widget-text-editor\" data-id=\"1576e747\" data-element_type=\"widget\" data-e-type=\"widget\" data-widget_type=\"text-editor.default\">\n\t\t\t\t<div class=\"elementor-widget-container\">\n\t\t\t\t\t\t\t\t\t<ul><li><a href=\"https:\/\/garantie.be\/de\/vorlagen-briefe-mietverwaltung\/kundigungsschreiben-kurzfristiges-leasing\/\">Brief zur K\u00fcndigung eines kurzfristigen Mietvertrags<\/a><\/li><li><a href=\"https:\/\/garantie.be\/de\/vorlagen-briefe-mietverwaltung\/musterbrief-ruckerstattung-mietkaution\/\">Brief zur R\u00fcckforderung der mietkaution<\/a><\/li><li><a href=\"https:\/\/garantie.be\/de\/vorlagen-briefe-mietverwaltung\/vorlage-wohnungsuebergabeprotokoll\/\">Checkliste wohnungs\u00fcbergabeprotokoll<\/a><\/li><\/ul>\t\t\t\t\t\t\t\t<\/div>\n\t\t\t\t<\/div>\n\t\t\t\t\t<\/div>\n\t\t<\/div>\n\t\t\t\t\t<\/div>\n\t\t<\/section>\n\t\t\t\t<\/div>\n\t\t","protected":false},"excerpt":{"rendered":"<p>K\u00fcndigungsschreiben des langfristigen Mietvertrags Wann sollte der Verzichtbrief verwendet werden? Dieser Musterbrief erm\u00f6glicht es dem Mieter, einen 9-j\u00e4hrigen Mietvertrag f\u00fcr seinen Hauptwohnsitz zu k\u00fcndigen. Der Mieter kann jederzeit k\u00fcndigen , wenn er eine K\u00fcndigungsfrist von 3 Monaten einh\u00e4lt. Dieser Brief gilt f\u00fcr Br\u00fcssel, Flandern und Wallonien. Der Antrag muss per Einschreiben oder gegen Empfangsbest\u00e4tigung eingereicht [&hellip;]<\/p>\n","protected":false},"author":1,"featured_media":0,"parent":18824,"menu_order":0,"comment_status":"closed","ping_status":"closed","template":"","meta":{"footnotes":""},"class_list":["post-19078","page","type-page","status-publish","hentry"],"yoast_head":"<!-- This site is optimized with the Yoast SEO plugin v27.3 - https:\/\/yoast.com\/product\/yoast-seo-wordpress\/ -->\n<title>Kostenloses Schreiben zur K\u00fcndigung des langfristigen Mietvertrags<\/title>\n<meta name=\"description\" content=\"Kostenlose Vorlage f\u00fcr einen Brief zur K\u00fcndigung eines 9-j\u00e4hrigen mietvertrags in Text-, Word- und PDF-Format zum Herunterladen.\" \/>\n<meta name=\"robots\" content=\"index, follow, max-snippet:-1, max-image-preview:large, max-video-preview:-1\" \/>\n<link rel=\"canonical\" href=\"https:\/\/garantie.be\/de\/vorlagen-briefe-mietverwaltung\/kundigungsschreiben-langzeit-leasing\/\" \/>\n<meta property=\"og:locale\" content=\"de_DE\" \/>\n<meta property=\"og:type\" content=\"article\" \/>\n<meta property=\"og:title\" content=\"Kostenloses Schreiben zur K\u00fcndigung des langfristigen Mietvertrags\" \/>\n<meta property=\"og:description\" content=\"Kostenlose Vorlage f\u00fcr einen Brief zur K\u00fcndigung eines 9-j\u00e4hrigen mietvertrags in Text-, Word- und PDF-Format zum Herunterladen.\" \/>\n<meta property=\"og:url\" content=\"https:\/\/garantie.be\/de\/vorlagen-briefe-mietverwaltung\/kundigungsschreiben-langzeit-leasing\/\" \/>\n<meta property=\"og:site_name\" content=\"Garantie\" \/>\n<meta property=\"article:modified_time\" content=\"2026-01-19T08:19:19+00:00\" \/>\n<meta name=\"twitter:card\" content=\"summary_large_image\" \/>\n<meta name=\"twitter:label1\" content=\"Gesch\u00e4tzte Lesezeit\" \/>\n\t<meta name=\"twitter:data1\" content=\"2\u00a0Minuten\" \/>\n<script type=\"application\/ld+json\" class=\"yoast-schema-graph\">{\"@context\":\"https:\\\/\\\/schema.org\",\"@graph\":[{\"@type\":\"WebPage\",\"@id\":\"https:\\\/\\\/garantie.be\\\/de\\\/vorlagen-briefe-mietverwaltung\\\/kundigungsschreiben-langzeit-leasing\\\/\",\"url\":\"https:\\\/\\\/garantie.be\\\/de\\\/vorlagen-briefe-mietverwaltung\\\/kundigungsschreiben-langzeit-leasing\\\/\",\"name\":\"Kostenloses Schreiben zur K\u00fcndigung des langfristigen Mietvertrags\",\"isPartOf\":{\"@id\":\"https:\\\/\\\/garantie.be\\\/de\\\/#website\"},\"datePublished\":\"2025-10-09T07:58:53+00:00\",\"dateModified\":\"2026-01-19T08:19:19+00:00\",\"description\":\"Kostenlose Vorlage f\u00fcr einen Brief zur K\u00fcndigung eines 9-j\u00e4hrigen mietvertrags in Text-, Word- und PDF-Format zum Herunterladen.\",\"breadcrumb\":{\"@id\":\"https:\\\/\\\/garantie.be\\\/de\\\/vorlagen-briefe-mietverwaltung\\\/kundigungsschreiben-langzeit-leasing\\\/#breadcrumb\"},\"inLanguage\":\"de\",\"potentialAction\":[{\"@type\":\"ReadAction\",\"target\":[\"https:\\\/\\\/garantie.be\\\/de\\\/vorlagen-briefe-mietverwaltung\\\/kundigungsschreiben-langzeit-leasing\\\/\"]}]},{\"@type\":\"BreadcrumbList\",\"@id\":\"https:\\\/\\\/garantie.be\\\/de\\\/vorlagen-briefe-mietverwaltung\\\/kundigungsschreiben-langzeit-leasing\\\/#breadcrumb\",\"itemListElement\":[{\"@type\":\"ListItem\",\"position\":1,\"name\":\"Accueil\",\"item\":\"https:\\\/\\\/garantie.be\\\/de\\\/\"},{\"@type\":\"ListItem\",\"position\":2,\"name\":\"Musterbriefe und praktische Hilfsmittel f\u00fcr die Wohnungsverwaltung\",\"item\":\"https:\\\/\\\/garantie.be\\\/de\\\/vorlagen-briefe-mietverwaltung\\\/\"},{\"@type\":\"ListItem\",\"position\":3,\"name\":\"Kostenloses Schreiben zur K\u00fcndigung des langfristigen Mietvertrags\"}]},{\"@type\":\"WebSite\",\"@id\":\"https:\\\/\\\/garantie.be\\\/de\\\/#website\",\"url\":\"https:\\\/\\\/garantie.be\\\/de\\\/\",\"name\":\"Garantie\",\"description\":\"\",\"publisher\":{\"@id\":\"https:\\\/\\\/garantie.be\\\/de\\\/#organization\"},\"potentialAction\":[{\"@type\":\"SearchAction\",\"target\":{\"@type\":\"EntryPoint\",\"urlTemplate\":\"https:\\\/\\\/garantie.be\\\/de\\\/?s={search_term_string}\"},\"query-input\":{\"@type\":\"PropertyValueSpecification\",\"valueRequired\":true,\"valueName\":\"search_term_string\"}}],\"inLanguage\":\"de\"},{\"@type\":\"Organization\",\"@id\":\"https:\\\/\\\/garantie.be\\\/de\\\/#organization\",\"name\":\"Garantie.be\",\"url\":\"https:\\\/\\\/garantie.be\\\/de\\\/\",\"logo\":{\"@type\":\"ImageObject\",\"inLanguage\":\"de\",\"@id\":\"https:\\\/\\\/garantie.be\\\/de\\\/#\\\/schema\\\/logo\\\/image\\\/\",\"url\":\"\",\"contentUrl\":\"\",\"caption\":\"Garantie.be\"},\"image\":{\"@id\":\"https:\\\/\\\/garantie.be\\\/de\\\/#\\\/schema\\\/logo\\\/image\\\/\"}}]}<\/script>\n<!-- \/ Yoast SEO plugin. -->","yoast_head_json":{"title":"Kostenloses Schreiben zur K\u00fcndigung des langfristigen Mietvertrags","description":"Kostenlose Vorlage f\u00fcr einen Brief zur K\u00fcndigung eines 9-j\u00e4hrigen mietvertrags in Text-, Word- und PDF-Format zum Herunterladen.","robots":{"index":"index","follow":"follow","max-snippet":"max-snippet:-1","max-image-preview":"max-image-preview:large","max-video-preview":"max-video-preview:-1"},"canonical":"https:\/\/garantie.be\/de\/vorlagen-briefe-mietverwaltung\/kundigungsschreiben-langzeit-leasing\/","og_locale":"de_DE","og_type":"article","og_title":"Kostenloses Schreiben zur K\u00fcndigung des langfristigen Mietvertrags","og_description":"Kostenlose Vorlage f\u00fcr einen Brief zur K\u00fcndigung eines 9-j\u00e4hrigen mietvertrags in Text-, Word- und PDF-Format zum Herunterladen.","og_url":"https:\/\/garantie.be\/de\/vorlagen-briefe-mietverwaltung\/kundigungsschreiben-langzeit-leasing\/","og_site_name":"Garantie","article_modified_time":"2026-01-19T08:19:19+00:00","twitter_card":"summary_large_image","twitter_misc":{"Gesch\u00e4tzte Lesezeit":"2\u00a0Minuten"},"schema":{"@context":"https:\/\/schema.org","@graph":[{"@type":"WebPage","@id":"https:\/\/garantie.be\/de\/vorlagen-briefe-mietverwaltung\/kundigungsschreiben-langzeit-leasing\/","url":"https:\/\/garantie.be\/de\/vorlagen-briefe-mietverwaltung\/kundigungsschreiben-langzeit-leasing\/","name":"Kostenloses Schreiben zur K\u00fcndigung des langfristigen Mietvertrags","isPartOf":{"@id":"https:\/\/garantie.be\/de\/#website"},"datePublished":"2025-10-09T07:58:53+00:00","dateModified":"2026-01-19T08:19:19+00:00","description":"Kostenlose Vorlage f\u00fcr einen Brief zur K\u00fcndigung eines 9-j\u00e4hrigen mietvertrags in Text-, Word- und PDF-Format zum Herunterladen.","breadcrumb":{"@id":"https:\/\/garantie.be\/de\/vorlagen-briefe-mietverwaltung\/kundigungsschreiben-langzeit-leasing\/#breadcrumb"},"inLanguage":"de","potentialAction":[{"@type":"ReadAction","target":["https:\/\/garantie.be\/de\/vorlagen-briefe-mietverwaltung\/kundigungsschreiben-langzeit-leasing\/"]}]},{"@type":"BreadcrumbList","@id":"https:\/\/garantie.be\/de\/vorlagen-briefe-mietverwaltung\/kundigungsschreiben-langzeit-leasing\/#breadcrumb","itemListElement":[{"@type":"ListItem","position":1,"name":"Accueil","item":"https:\/\/garantie.be\/de\/"},{"@type":"ListItem","position":2,"name":"Musterbriefe und praktische Hilfsmittel f\u00fcr die Wohnungsverwaltung","item":"https:\/\/garantie.be\/de\/vorlagen-briefe-mietverwaltung\/"},{"@type":"ListItem","position":3,"name":"Kostenloses Schreiben zur K\u00fcndigung des langfristigen Mietvertrags"}]},{"@type":"WebSite","@id":"https:\/\/garantie.be\/de\/#website","url":"https:\/\/garantie.be\/de\/","name":"Garantie","description":"","publisher":{"@id":"https:\/\/garantie.be\/de\/#organization"},"potentialAction":[{"@type":"SearchAction","target":{"@type":"EntryPoint","urlTemplate":"https:\/\/garantie.be\/de\/?s={search_term_string}"},"query-input":{"@type":"PropertyValueSpecification","valueRequired":true,"valueName":"search_term_string"}}],"inLanguage":"de"},{"@type":"Organization","@id":"https:\/\/garantie.be\/de\/#organization","name":"Garantie.be","url":"https:\/\/garantie.be\/de\/","logo":{"@type":"ImageObject","inLanguage":"de","@id":"https:\/\/garantie.be\/de\/#\/schema\/logo\/image\/","url":"","contentUrl":"","caption":"Garantie.be"},"image":{"@id":"https:\/\/garantie.be\/de\/#\/schema\/logo\/image\/"}}]}},"_links":{"self":[{"href":"https:\/\/garantie.be\/de\/wp-json\/wp\/v2\/pages\/19078","targetHints":{"allow":["GET"]}}],"collection":[{"href":"https:\/\/garantie.be\/de\/wp-json\/wp\/v2\/pages"}],"about":[{"href":"https:\/\/garantie.be\/de\/wp-json\/wp\/v2\/types\/page"}],"author":[{"embeddable":true,"href":"https:\/\/garantie.be\/de\/wp-json\/wp\/v2\/users\/1"}],"replies":[{"embeddable":true,"href":"https:\/\/garantie.be\/de\/wp-json\/wp\/v2\/comments?post=19078"}],"version-history":[{"count":0,"href":"https:\/\/garantie.be\/de\/wp-json\/wp\/v2\/pages\/19078\/revisions"}],"up":[{"embeddable":true,"href":"https:\/\/garantie.be\/de\/wp-json\/wp\/v2\/pages\/18824"}],"wp:attachment":[{"href":"https:\/\/garantie.be\/de\/wp-json\/wp\/v2\/media?parent=19078"}],"curies":[{"name":"wp","href":"https:\/\/api.w.org\/{rel}","templated":true}]}}