{"id":19141,"date":"2025-10-10T09:55:18","date_gmt":"2025-10-10T07:55:18","guid":{"rendered":"https:\/\/garantie.be\/vorlagen-briefe-mietverwaltung\/kundigungsschreiben-kurzfristiges-leasing\/"},"modified":"2026-01-19T09:13:21","modified_gmt":"2026-01-19T08:13:21","slug":"kundigungsschreiben-kurzfristiges-leasing","status":"publish","type":"page","link":"https:\/\/garantie.be\/de\/vorlagen-briefe-mietverwaltung\/kundigungsschreiben-kurzfristiges-leasing\/","title":{"rendered":"Brief zur K\u00fcndigung des Kurzzeitmietvertrags"},"content":{"rendered":"\t\t<div data-elementor-type=\"wp-page\" data-elementor-id=\"19141\" class=\"elementor elementor-19141 elementor-19099\" data-elementor-post-type=\"page\">\n\t\t\t\t\t\t<section class=\"elementor-section elementor-top-section elementor-element elementor-element-5c9d359d elementor-section-boxed elementor-section-height-default elementor-section-height-default\" data-id=\"5c9d359d\" data-element_type=\"section\" data-e-type=\"section\">\n\t\t\t\t\t\t<div class=\"elementor-container elementor-column-gap-default\">\n\t\t\t\t\t<div class=\"elementor-column elementor-col-100 elementor-top-column elementor-element elementor-element-13c694de\" data-id=\"13c694de\" data-element_type=\"column\" data-e-type=\"column\">\n\t\t\t<div class=\"elementor-widget-wrap elementor-element-populated\">\n\t\t\t\t\t\t<div class=\"elementor-element elementor-element-1dcc67f5 elementor-widget elementor-widget-spacer\" data-id=\"1dcc67f5\" data-element_type=\"widget\" data-e-type=\"widget\" data-widget_type=\"spacer.default\">\n\t\t\t\t<div class=\"elementor-widget-container\">\n\t\t\t\t\t\t\t<div class=\"elementor-spacer\">\n\t\t\t<div class=\"elementor-spacer-inner\"><\/div>\n\t\t<\/div>\n\t\t\t\t\t\t<\/div>\n\t\t\t\t<\/div>\n\t\t\t\t<div class=\"elementor-element elementor-element-52de89cd elementor-widget elementor-widget-heading\" data-id=\"52de89cd\" data-element_type=\"widget\" data-e-type=\"widget\" data-widget_type=\"heading.default\">\n\t\t\t\t<div class=\"elementor-widget-container\">\n\t\t\t\t\t<h1 class=\"elementor-heading-title elementor-size-default\">K\u00fcndigungsschreiben<br>Kurzzeitmietvertrag<\/h1>\t\t\t\t<\/div>\n\t\t\t\t<\/div>\n\t\t\t\t<div class=\"elementor-element elementor-element-748e9962 elementor-widget elementor-widget-spacer\" data-id=\"748e9962\" data-element_type=\"widget\" data-e-type=\"widget\" data-widget_type=\"spacer.default\">\n\t\t\t\t<div class=\"elementor-widget-container\">\n\t\t\t\t\t\t\t<div class=\"elementor-spacer\">\n\t\t\t<div class=\"elementor-spacer-inner\"><\/div>\n\t\t<\/div>\n\t\t\t\t\t\t<\/div>\n\t\t\t\t<\/div>\n\t\t\t\t<div class=\"elementor-element elementor-element-1b8af801 elementor-widget elementor-widget-heading\" data-id=\"1b8af801\" data-element_type=\"widget\" data-e-type=\"widget\" data-widget_type=\"heading.default\">\n\t\t\t\t<div class=\"elementor-widget-container\">\n\t\t\t\t\t<h2 class=\"elementor-heading-title elementor-size-default\">K\u00fcndigung eines kurzfristigen Mietvertrags<\/h2>\t\t\t\t<\/div>\n\t\t\t\t<\/div>\n\t\t\t\t<div class=\"elementor-element elementor-element-1ddb0cd elementor-widget elementor-widget-text-editor\" data-id=\"1ddb0cd\" data-element_type=\"widget\" data-e-type=\"widget\" data-widget_type=\"text-editor.default\">\n\t\t\t\t<div class=\"elementor-widget-container\">\n\t\t\t\t\t\t\t\t\t<p>Ein kurzfristiger Mietvertrag (1, 2 oder 3 Jahre) wird f\u00fcr einen bestimmten Zeitraum abgeschlossen, kann aber unter bestimmten Bedingungen gek\u00fcndigt werden. Das vorliegende Muster erm\u00f6glicht es Ihnen, dem Vermieter Ihre Entscheidung unter Einhaltung der K\u00fcndigungsfrist und der in der regionalen Gesetzgebung vorgesehenen Entsch\u00e4digungen mitzuteilen. <\/p><p>Seit 2018 sind die Regeln in Flandern, Br\u00fcssel und Wallonien etwas anders, aber in allen drei Regionen kann der Mieter einen kurzfristigen Mietvertrag unter bestimmten Bedingungen beenden.<\/p>\t\t\t\t\t\t\t\t<\/div>\n\t\t\t\t<\/div>\n\t\t\t\t<div class=\"elementor-element elementor-element-2088788c elementor-widget elementor-widget-text-editor\" data-id=\"2088788c\" data-element_type=\"widget\" data-e-type=\"widget\" data-widget_type=\"text-editor.default\">\n\t\t\t\t<div class=\"elementor-widget-container\">\n\t\t\t\t\t\t\t\t\t<p>Sie k\u00f6nnen den Text unten kopieren und mit Ihren eigenen Informationen versehen. Sie k\u00f6nnen auch <strong>eine kostenlose ausf\u00fcllbare Version<\/strong> im Word- oder PDF-Format <strong>herunterladen<\/strong>, die Sie weiter unten auf der Seite finden. <\/p>\t\t\t\t\t\t\t\t<\/div>\n\t\t\t\t<\/div>\n\t\t\t\t<div class=\"elementor-element elementor-element-58cac079 elementor-widget elementor-widget-text-editor\" data-id=\"58cac079\" data-element_type=\"widget\" data-e-type=\"widget\" data-widget_type=\"text-editor.default\">\n\t\t\t\t<div class=\"elementor-widget-container\">\n\t\t\t\t\t\t\t\t\t<section class=\"modele-lettre\">\n  <div class=\"zone-lettre\">\n    <p><strong>Mieterinformationen<\/strong><br> <span class=\"champ\">[Name und Vorname des Mieters]<\/span><br> <span class=\"champ\">[Vollst\u00e4ndige Adresse]<\/span><br> <span class=\"champ\">[Postleitzahl, Gemeinde]<\/span><br> Telefon: &#8230;&#8230;&#8230;&#8230;&#8230;&#8230;&#8230;&#8230;&#8230;&#8230;&#8230;&#8230;&#8230;&#8230;&#8230;.<br> E-Mail: &#8230;&#8230;&#8230;&#8230;&#8230;&#8230;&#8230;&#8230;&#8230;&#8230;&#8230;&#8230;&#8230;&#8230;&#8230;&#8230;&#8230;<\/p>\n\n    <p><strong>Vermieterangaben<\/strong><br> <span class=\"champ\">[Name und Vorname des Vermieters]<\/span><br> <span class=\"champ\">[Vollst\u00e4ndige Adresse]<\/span><br> <span class=\"champ\">[Postleitzahl, Gemeinde]<\/span><br> Telefon: &#8230;&#8230;&#8230;&#8230;&#8230;&#8230;&#8230;&#8230;&#8230;&#8230;&#8230;&#8230;&#8230;&#8230;&#8230;.<br> E-Mail: &#8230;&#8230;&#8230;&#8230;&#8230;&#8230;&#8230;&#8230;&#8230;&#8230;&#8230;&#8230;&#8230;&#8230;&#8230;&#8230;&#8230;<\/p>\n\n    <p>Geschehen zu &#8230;&#8230;&#8230;&#8230;&#8230;&#8230;&#8230;&#8230;&#8230;&#8230;.., am &#8230;&#8230;\/&#8230;&#8230;\/&#8230;&#8230;&#8230;.<\/p>\n\n    <p><strong>Betrifft:<\/strong> K\u00fcndigung des kurzfristigen Mietvertrags &#8211; Mitteilung \u00fcber das Ende des Mietvertrags<\/p>\n\n    <p><strong>Frau, Herr,<\/strong><\/p>\n\n    <p>\n  Ich beziehe mich auf unseren Mietvertrag f\u00fcr <span class=\"champ\">[Dauer des Mietverh\u00e4ltnisses]<\/span> \n f\u00fcr die Wohnung in <span class=\"champ\">[<\/span> Ort]. <span class=\"champ\">[adresse compl\u00e8te du bien lou\u00e9]<\/span>\n, das am &#8230;&#8230;\/&#8230;&#8230;\/&#8230;&#8230; unterzeichnet wurde und am &#8230;&#8230;\/&#8230;&#8230;\/&#8230;&#8230; in Kraft tritt.\n    <\/p>\n\n    <p>\n  Gem\u00e4\u00df den gesetzlichen Bestimmungen f\u00fcr kurzfristige Mietvertr\u00e4ge, \n informiere ich Sie \u00fcber meine Entscheidung, <strong>den Mietvertrag zu k\u00fcndigen<\/strong>.\n Die <strong>dreimonatige<\/strong> K\u00fcndigungsfrist beginnt am ersten Tag des Monats \n nach Erhalt dieses Schreibens.\n    <\/p>\n\n    <p>\n  Nach dem Gesetz muss ich <strong>eine Entsch\u00e4digung in H\u00f6he einer Monatsmiete<\/strong> zahlen,\n aufgrund der vorzeitigen Beendigung des Mietverh\u00e4ltnisses.\n    <\/p>\n\n    <p>\n Ich werde die Wohnung sp\u00e4testens am \nverlassen. <span class=\"champ\">[date de d\u00e9part pr\u00e9vue]<\/span>Ich werde die Wohnung ab sofort unter \nverlassen, nachdem ich das wohnungs\u00fcbergabeprotokoll erstellt und die Schl\u00fcssel zur\u00fcckgegeben habe.\n    <\/p>\n\n    <p>\n  Ich verbleibe mit freundlichen Gr\u00fc\u00dfen.\n    <\/p>\n\n    <p style=\"text-align:right;\"><em>[Unterschrift].<\/em><\/p>\n  <\/div>\n<\/section>\n\n<style>\n  .modele-lettre {\n    background:#fafafa;\n    padding:20px;\n    border-radius:8px;\n    font-family:\"Segoe UI\", Roboto, sans-serif;\n    line-height:1.6;\n  }\n  .modele-lettre .champ {\n    background-color:#f1f1f1;\n    padding:2px 6px;\n    border-radius:3px;\n  }\n  .zone-lettre {\n    background:#fff;\n    padding:20px;\n    border:1px solid #ddd;\n    border-radius:6px;\n  }\n<\/style>\n\t\t\t\t\t\t\t\t<\/div>\n\t\t\t\t<\/div>\n\t\t\t\t<div class=\"elementor-element elementor-element-1618dc55 elementor-widget elementor-widget-heading\" data-id=\"1618dc55\" data-element_type=\"widget\" data-e-type=\"widget\" data-widget_type=\"heading.default\">\n\t\t\t\t<div class=\"elementor-widget-container\">\n\t\t\t\t\t<h3 class=\"elementor-heading-title elementor-size-default\">Downloads im Word- oder PDF-Format<\/h3>\t\t\t\t<\/div>\n\t\t\t\t<\/div>\n\t\t\t\t<div class=\"elementor-element elementor-element-1d6f041f elementor-widget elementor-widget-text-editor\" data-id=\"1d6f041f\" data-element_type=\"widget\" data-e-type=\"widget\" data-widget_type=\"text-editor.default\">\n\t\t\t\t<div class=\"elementor-widget-container\">\n\t\t\t\t\t\t\t\t\t<p>\u2b07\ufe0f Laden Sie das <a href=\"https:\/\/garantie.be\/wp-content\/uploads\/2025\/10\/Lettre-Resiliation-bail-courte-duree-FR.docx\">K\u00fcndigungsschreiben f\u00fcr den kurzfristigen Mietvertrag im Word-Format<\/a> (.docx) herunter.<\/p><p>\u2b07\ufe0f Laden Sie das <a href=\"https:\/\/garantie.be\/wp-content\/uploads\/2025\/10\/Lettre-Resiliation-bail-courte-duree-FR.pdf\">K\u00fcndigungsschreiben f\u00fcr den kurzfristigen Mietvertrag im PDF-Format<\/a> (.pdf) herunter.<\/p>\t\t\t\t\t\t\t\t<\/div>\n\t\t\t\t<\/div>\n\t\t\t\t<div class=\"elementor-element elementor-element-3363a1a7 elementor-widget elementor-widget-heading\" data-id=\"3363a1a7\" data-element_type=\"widget\" data-e-type=\"widget\" data-widget_type=\"heading.default\">\n\t\t\t\t<div class=\"elementor-widget-container\">\n\t\t\t\t\t<h2 class=\"elementor-heading-title elementor-size-default\">Tipps zur richtigen Verwendung dieses Modells<\/h2>\t\t\t\t<\/div>\n\t\t\t\t<\/div>\n\t\t\t\t<div class=\"elementor-element elementor-element-6d77df3f elementor-widget elementor-widget-text-editor\" data-id=\"6d77df3f\" data-element_type=\"widget\" data-e-type=\"widget\" data-widget_type=\"text-editor.default\">\n\t\t\t\t<div class=\"elementor-widget-container\">\n\t\t\t\t\t\t\t\t\t<ul><li><strong>Senden<\/strong> Sie den Brief per Einschreiben mit R\u00fcckschein: Die K\u00fcndigungsfrist beginnt am 1\u1d49\u02b3 Tag des Monats, der auf den Empfang folgt. Wenn Sie den Brief beispielsweise am 15. Februar abschicken, l\u00e4uft die K\u00fcndigungsfrist von 1\u1d49\u02b3 bis 31. M\u00e4rz. Sie m\u00fcssen die Wohnung bis zum 31. M\u00e4rz verlassen.  <\/li><li><strong>Entsch\u00e4digung<\/strong>: Wenn Sie vor dem vereinbarten Ende des Mietverh\u00e4ltnisses ausziehen, m\u00fcssen Sie unter Umst\u00e4nden eine Entsch\u00e4digung in H\u00f6he einer Monatsmiete zahlen.<\/li><li><strong>Bestandsaufnahme<\/strong>: Planen Sie diese sp\u00e4testens am Ende der K\u00fcndigungsfrist und vor der Schl\u00fcssel\u00fcbergabe.<\/li><li><strong>Beweis<\/strong>: Bewahren Sie die Empfangsbest\u00e4tigung des Schreibens f\u00fcr den Fall eines Rechtsstreits auf.<\/li><\/ul>\t\t\t\t\t\t\t\t<\/div>\n\t\t\t\t<\/div>\n\t\t\t\t\t<\/div>\n\t\t<\/div>\n\t\t\t\t\t<\/div>\n\t\t<\/section>\n\t\t\t\t<section class=\"elementor-section elementor-top-section elementor-element elementor-element-4681b27c elementor-section-content-middle elementor-section-height-min-height elementor-section-items-stretch elementor-section-boxed elementor-section-height-default\" data-id=\"4681b27c\" data-element_type=\"section\" data-e-type=\"section\">\n\t\t\t\t\t\t<div class=\"elementor-container elementor-column-gap-no\">\n\t\t\t\t\t<div class=\"elementor-column elementor-col-100 elementor-top-column elementor-element elementor-element-3ac743e6\" data-id=\"3ac743e6\" data-element_type=\"column\" data-e-type=\"column\" data-settings=\"{&quot;background_background&quot;:&quot;classic&quot;}\">\n\t\t\t<div class=\"elementor-widget-wrap elementor-element-populated\">\n\t\t\t\t\t\t<div class=\"elementor-element elementor-element-56e99d84 elementor-widget elementor-widget-text-editor\" data-id=\"56e99d84\" data-element_type=\"widget\" data-e-type=\"widget\" data-widget_type=\"text-editor.default\">\n\t\t\t\t<div class=\"elementor-widget-container\">\n\t\t\t\t\t\t\t\t\t<p>F\u00fcllen Sie unser Formular aus, um innerhalb weniger Stunden <a href=\"https:\/\/garantie.be\/de\/online-mietkaution\/\">online eine mietkaution<\/a> zu erhalten. Sie blockieren kein Geld, da wir wie eine Bankgarantie funktionieren.<\/p>\t\t\t\t\t\t\t\t<\/div>\n\t\t\t\t<\/div>\n\t\t\t\t<div class=\"elementor-element elementor-element-7365ee38 elementor-mobile-align-center elementor-align-center elementor-widget elementor-widget-button\" data-id=\"7365ee38\" data-element_type=\"widget\" data-e-type=\"widget\" data-widget_type=\"button.default\">\n\t\t\t\t<div class=\"elementor-widget-container\">\n\t\t\t\t\t\t\t\t\t<div class=\"elementor-button-wrapper\">\n\t\t\t\t\t<a class=\"elementor-button elementor-button-link elementor-size-sm\" href=\"https:\/\/account.garantie.be\/en\/register\/lease\">\n\t\t\t\t\t\t<span class=\"elementor-button-content-wrapper\">\n\t\t\t\t\t\t\t\t\t<span class=\"elementor-button-text\">100% Online-Formular mietkaution<\/span>\n\t\t\t\t\t<\/span>\n\t\t\t\t\t<\/a>\n\t\t\t\t<\/div>\n\t\t\t\t\t\t\t\t<\/div>\n\t\t\t\t<\/div>\n\t\t\t\t\t<\/div>\n\t\t<\/div>\n\t\t\t\t\t<\/div>\n\t\t<\/section>\n\t\t\t\t<section class=\"elementor-section elementor-top-section elementor-element elementor-element-406bcb32 elementor-section-boxed elementor-section-height-default elementor-section-height-default\" data-id=\"406bcb32\" data-element_type=\"section\" data-e-type=\"section\">\n\t\t\t\t\t\t<div class=\"elementor-container elementor-column-gap-default\">\n\t\t\t\t\t<div class=\"elementor-column elementor-col-100 elementor-top-column elementor-element elementor-element-1657d11\" data-id=\"1657d11\" data-element_type=\"column\" data-e-type=\"column\">\n\t\t\t<div class=\"elementor-widget-wrap elementor-element-populated\">\n\t\t\t\t\t\t<div class=\"elementor-element elementor-element-7054ab95 elementor-widget elementor-widget-spacer\" data-id=\"7054ab95\" data-element_type=\"widget\" data-e-type=\"widget\" data-widget_type=\"spacer.default\">\n\t\t\t\t<div class=\"elementor-widget-container\">\n\t\t\t\t\t\t\t<div class=\"elementor-spacer\">\n\t\t\t<div class=\"elementor-spacer-inner\"><\/div>\n\t\t<\/div>\n\t\t\t\t\t\t<\/div>\n\t\t\t\t<\/div>\n\t\t\t\t<div class=\"elementor-element elementor-element-699e27f7 elementor-widget elementor-widget-heading\" data-id=\"699e27f7\" data-element_type=\"widget\" data-e-type=\"widget\" data-widget_type=\"heading.default\">\n\t\t\t\t<div class=\"elementor-widget-container\">\n\t\t\t\t\t<h2 class=\"elementor-heading-title elementor-size-default\">Andere n\u00fctzliche Briefvorlagen<\/h2>\t\t\t\t<\/div>\n\t\t\t\t<\/div>\n\t\t\t\t<div class=\"elementor-element elementor-element-444d09ca elementor-widget elementor-widget-text-editor\" data-id=\"444d09ca\" data-element_type=\"widget\" data-e-type=\"widget\" data-widget_type=\"text-editor.default\">\n\t\t\t\t<div class=\"elementor-widget-container\">\n\t\t\t\t\t\t\t\t\t<ul><li><a href=\"https:\/\/garantie.be\/de\/vorlagen-briefe-mietverwaltung\/kundigungsschreiben-langzeit-leasing\/\">Brief zur K\u00fcndigung eines 9-j\u00e4hrigen Mietvertrags<\/a><\/li><li><a href=\"https:\/\/garantie.be\/de\/vorlagen-briefe-mietverwaltung\/musterbrief-ruckerstattung-mietkaution\/\">Brief zur R\u00fcckforderung der mietkaution<\/a><\/li><li>Checkliste wohnungs\u00fcbergabeprotokoll<\/li><\/ul>\t\t\t\t\t\t\t\t<\/div>\n\t\t\t\t<\/div>\n\t\t\t\t\t<\/div>\n\t\t<\/div>\n\t\t\t\t\t<\/div>\n\t\t<\/section>\n\t\t\t\t<\/div>\n\t\t","protected":false},"excerpt":{"rendered":"<p>K\u00fcndigungsschreibenKurzzeitmietvertrag K\u00fcndigung eines kurzfristigen Mietvertrags Ein kurzfristiger Mietvertrag (1, 2 oder 3 Jahre) wird f\u00fcr einen bestimmten Zeitraum abgeschlossen, kann aber unter bestimmten Bedingungen gek\u00fcndigt werden. Das vorliegende Muster erm\u00f6glicht es Ihnen, dem Vermieter Ihre Entscheidung unter Einhaltung der K\u00fcndigungsfrist und der in der regionalen Gesetzgebung vorgesehenen Entsch\u00e4digungen mitzuteilen. Seit 2018 sind die Regeln in [&hellip;]<\/p>\n","protected":false},"author":1,"featured_media":0,"parent":18824,"menu_order":0,"comment_status":"closed","ping_status":"closed","template":"","meta":{"footnotes":""},"class_list":["post-19141","page","type-page","status-publish","hentry"],"yoast_head":"<!-- This site is optimized with the Yoast SEO plugin v27.3 - https:\/\/yoast.com\/product\/yoast-seo-wordpress\/ -->\n<title>Brief zur K\u00fcndigung des Kurzzeitmietvertrags<\/title>\n<meta name=\"description\" content=\"Laden Sie kostenlos eine Vorlage f\u00fcr einen Brief zur K\u00fcndigung eines kurzfristigen Mietvertrags (1, 2 oder 3 Jahre) im Word- oder PDF-Format herunter.\" \/>\n<meta name=\"robots\" content=\"index, follow, max-snippet:-1, max-image-preview:large, max-video-preview:-1\" \/>\n<link rel=\"canonical\" href=\"https:\/\/garantie.be\/de\/vorlagen-briefe-mietverwaltung\/kundigungsschreiben-kurzfristiges-leasing\/\" \/>\n<meta property=\"og:locale\" content=\"de_DE\" \/>\n<meta property=\"og:type\" content=\"article\" \/>\n<meta property=\"og:title\" content=\"Brief zur K\u00fcndigung des Kurzzeitmietvertrags\" \/>\n<meta property=\"og:description\" content=\"Laden Sie kostenlos eine Vorlage f\u00fcr einen Brief zur K\u00fcndigung eines kurzfristigen Mietvertrags (1, 2 oder 3 Jahre) im Word- oder PDF-Format herunter.\" \/>\n<meta property=\"og:url\" content=\"https:\/\/garantie.be\/de\/vorlagen-briefe-mietverwaltung\/kundigungsschreiben-kurzfristiges-leasing\/\" \/>\n<meta property=\"og:site_name\" content=\"Garantie\" \/>\n<meta property=\"article:modified_time\" content=\"2026-01-19T08:13:21+00:00\" \/>\n<meta name=\"twitter:card\" content=\"summary_large_image\" \/>\n<meta name=\"twitter:label1\" content=\"Gesch\u00e4tzte Lesezeit\" \/>\n\t<meta name=\"twitter:data1\" content=\"2\u00a0Minuten\" \/>\n<script type=\"application\/ld+json\" class=\"yoast-schema-graph\">{\"@context\":\"https:\\\/\\\/schema.org\",\"@graph\":[{\"@type\":\"WebPage\",\"@id\":\"https:\\\/\\\/garantie.be\\\/de\\\/vorlagen-briefe-mietverwaltung\\\/kundigungsschreiben-kurzfristiges-leasing\\\/\",\"url\":\"https:\\\/\\\/garantie.be\\\/de\\\/vorlagen-briefe-mietverwaltung\\\/kundigungsschreiben-kurzfristiges-leasing\\\/\",\"name\":\"Brief zur K\u00fcndigung des Kurzzeitmietvertrags\",\"isPartOf\":{\"@id\":\"https:\\\/\\\/garantie.be\\\/de\\\/#website\"},\"datePublished\":\"2025-10-10T07:55:18+00:00\",\"dateModified\":\"2026-01-19T08:13:21+00:00\",\"description\":\"Laden Sie kostenlos eine Vorlage f\u00fcr einen Brief zur K\u00fcndigung eines kurzfristigen Mietvertrags (1, 2 oder 3 Jahre) im Word- oder PDF-Format herunter.\",\"breadcrumb\":{\"@id\":\"https:\\\/\\\/garantie.be\\\/de\\\/vorlagen-briefe-mietverwaltung\\\/kundigungsschreiben-kurzfristiges-leasing\\\/#breadcrumb\"},\"inLanguage\":\"de\",\"potentialAction\":[{\"@type\":\"ReadAction\",\"target\":[\"https:\\\/\\\/garantie.be\\\/de\\\/vorlagen-briefe-mietverwaltung\\\/kundigungsschreiben-kurzfristiges-leasing\\\/\"]}]},{\"@type\":\"BreadcrumbList\",\"@id\":\"https:\\\/\\\/garantie.be\\\/de\\\/vorlagen-briefe-mietverwaltung\\\/kundigungsschreiben-kurzfristiges-leasing\\\/#breadcrumb\",\"itemListElement\":[{\"@type\":\"ListItem\",\"position\":1,\"name\":\"Accueil\",\"item\":\"https:\\\/\\\/garantie.be\\\/de\\\/\"},{\"@type\":\"ListItem\",\"position\":2,\"name\":\"Musterbriefe und praktische Hilfsmittel f\u00fcr die Wohnungsverwaltung\",\"item\":\"https:\\\/\\\/garantie.be\\\/de\\\/vorlagen-briefe-mietverwaltung\\\/\"},{\"@type\":\"ListItem\",\"position\":3,\"name\":\"Brief zur K\u00fcndigung des Kurzzeitmietvertrags\"}]},{\"@type\":\"WebSite\",\"@id\":\"https:\\\/\\\/garantie.be\\\/de\\\/#website\",\"url\":\"https:\\\/\\\/garantie.be\\\/de\\\/\",\"name\":\"Garantie\",\"description\":\"\",\"publisher\":{\"@id\":\"https:\\\/\\\/garantie.be\\\/de\\\/#organization\"},\"potentialAction\":[{\"@type\":\"SearchAction\",\"target\":{\"@type\":\"EntryPoint\",\"urlTemplate\":\"https:\\\/\\\/garantie.be\\\/de\\\/?s={search_term_string}\"},\"query-input\":{\"@type\":\"PropertyValueSpecification\",\"valueRequired\":true,\"valueName\":\"search_term_string\"}}],\"inLanguage\":\"de\"},{\"@type\":\"Organization\",\"@id\":\"https:\\\/\\\/garantie.be\\\/de\\\/#organization\",\"name\":\"Garantie.be\",\"url\":\"https:\\\/\\\/garantie.be\\\/de\\\/\",\"logo\":{\"@type\":\"ImageObject\",\"inLanguage\":\"de\",\"@id\":\"https:\\\/\\\/garantie.be\\\/de\\\/#\\\/schema\\\/logo\\\/image\\\/\",\"url\":\"\",\"contentUrl\":\"\",\"caption\":\"Garantie.be\"},\"image\":{\"@id\":\"https:\\\/\\\/garantie.be\\\/de\\\/#\\\/schema\\\/logo\\\/image\\\/\"}}]}<\/script>\n<!-- \/ Yoast SEO plugin. -->","yoast_head_json":{"title":"Brief zur K\u00fcndigung des Kurzzeitmietvertrags","description":"Laden Sie kostenlos eine Vorlage f\u00fcr einen Brief zur K\u00fcndigung eines kurzfristigen Mietvertrags (1, 2 oder 3 Jahre) im Word- oder PDF-Format herunter.","robots":{"index":"index","follow":"follow","max-snippet":"max-snippet:-1","max-image-preview":"max-image-preview:large","max-video-preview":"max-video-preview:-1"},"canonical":"https:\/\/garantie.be\/de\/vorlagen-briefe-mietverwaltung\/kundigungsschreiben-kurzfristiges-leasing\/","og_locale":"de_DE","og_type":"article","og_title":"Brief zur K\u00fcndigung des Kurzzeitmietvertrags","og_description":"Laden Sie kostenlos eine Vorlage f\u00fcr einen Brief zur K\u00fcndigung eines kurzfristigen Mietvertrags (1, 2 oder 3 Jahre) im Word- oder PDF-Format herunter.","og_url":"https:\/\/garantie.be\/de\/vorlagen-briefe-mietverwaltung\/kundigungsschreiben-kurzfristiges-leasing\/","og_site_name":"Garantie","article_modified_time":"2026-01-19T08:13:21+00:00","twitter_card":"summary_large_image","twitter_misc":{"Gesch\u00e4tzte Lesezeit":"2\u00a0Minuten"},"schema":{"@context":"https:\/\/schema.org","@graph":[{"@type":"WebPage","@id":"https:\/\/garantie.be\/de\/vorlagen-briefe-mietverwaltung\/kundigungsschreiben-kurzfristiges-leasing\/","url":"https:\/\/garantie.be\/de\/vorlagen-briefe-mietverwaltung\/kundigungsschreiben-kurzfristiges-leasing\/","name":"Brief zur K\u00fcndigung des Kurzzeitmietvertrags","isPartOf":{"@id":"https:\/\/garantie.be\/de\/#website"},"datePublished":"2025-10-10T07:55:18+00:00","dateModified":"2026-01-19T08:13:21+00:00","description":"Laden Sie kostenlos eine Vorlage f\u00fcr einen Brief zur K\u00fcndigung eines kurzfristigen Mietvertrags (1, 2 oder 3 Jahre) im Word- oder PDF-Format herunter.","breadcrumb":{"@id":"https:\/\/garantie.be\/de\/vorlagen-briefe-mietverwaltung\/kundigungsschreiben-kurzfristiges-leasing\/#breadcrumb"},"inLanguage":"de","potentialAction":[{"@type":"ReadAction","target":["https:\/\/garantie.be\/de\/vorlagen-briefe-mietverwaltung\/kundigungsschreiben-kurzfristiges-leasing\/"]}]},{"@type":"BreadcrumbList","@id":"https:\/\/garantie.be\/de\/vorlagen-briefe-mietverwaltung\/kundigungsschreiben-kurzfristiges-leasing\/#breadcrumb","itemListElement":[{"@type":"ListItem","position":1,"name":"Accueil","item":"https:\/\/garantie.be\/de\/"},{"@type":"ListItem","position":2,"name":"Musterbriefe und praktische Hilfsmittel f\u00fcr die Wohnungsverwaltung","item":"https:\/\/garantie.be\/de\/vorlagen-briefe-mietverwaltung\/"},{"@type":"ListItem","position":3,"name":"Brief zur K\u00fcndigung des Kurzzeitmietvertrags"}]},{"@type":"WebSite","@id":"https:\/\/garantie.be\/de\/#website","url":"https:\/\/garantie.be\/de\/","name":"Garantie","description":"","publisher":{"@id":"https:\/\/garantie.be\/de\/#organization"},"potentialAction":[{"@type":"SearchAction","target":{"@type":"EntryPoint","urlTemplate":"https:\/\/garantie.be\/de\/?s={search_term_string}"},"query-input":{"@type":"PropertyValueSpecification","valueRequired":true,"valueName":"search_term_string"}}],"inLanguage":"de"},{"@type":"Organization","@id":"https:\/\/garantie.be\/de\/#organization","name":"Garantie.be","url":"https:\/\/garantie.be\/de\/","logo":{"@type":"ImageObject","inLanguage":"de","@id":"https:\/\/garantie.be\/de\/#\/schema\/logo\/image\/","url":"","contentUrl":"","caption":"Garantie.be"},"image":{"@id":"https:\/\/garantie.be\/de\/#\/schema\/logo\/image\/"}}]}},"_links":{"self":[{"href":"https:\/\/garantie.be\/de\/wp-json\/wp\/v2\/pages\/19141","targetHints":{"allow":["GET"]}}],"collection":[{"href":"https:\/\/garantie.be\/de\/wp-json\/wp\/v2\/pages"}],"about":[{"href":"https:\/\/garantie.be\/de\/wp-json\/wp\/v2\/types\/page"}],"author":[{"embeddable":true,"href":"https:\/\/garantie.be\/de\/wp-json\/wp\/v2\/users\/1"}],"replies":[{"embeddable":true,"href":"https:\/\/garantie.be\/de\/wp-json\/wp\/v2\/comments?post=19141"}],"version-history":[{"count":0,"href":"https:\/\/garantie.be\/de\/wp-json\/wp\/v2\/pages\/19141\/revisions"}],"up":[{"embeddable":true,"href":"https:\/\/garantie.be\/de\/wp-json\/wp\/v2\/pages\/18824"}],"wp:attachment":[{"href":"https:\/\/garantie.be\/de\/wp-json\/wp\/v2\/media?parent=19141"}],"curies":[{"name":"wp","href":"https:\/\/api.w.org\/{rel}","templated":true}]}}