{"id":19451,"date":"2025-10-15T15:06:52","date_gmt":"2025-10-15T13:06:52","guid":{"rendered":"https:\/\/garantie.be\/vorlagen-briefe-mietverwaltung\/mietvertragsvorlage-brussel\/"},"modified":"2025-10-15T16:08:18","modified_gmt":"2025-10-15T14:08:18","slug":"mietvertragsvorlage-brussel","status":"publish","type":"page","link":"https:\/\/garantie.be\/de\/vorlagen-briefe-mietverwaltung\/mietvertragsvorlage-brussel\/","title":{"rendered":"Muster eines Mietvertrags f\u00fcr Br\u00fcssel"},"content":{"rendered":"\t\t<div data-elementor-type=\"wp-page\" data-elementor-id=\"19451\" class=\"elementor elementor-19451 elementor-19431\" data-elementor-post-type=\"page\">\n\t\t\t\t\t\t<section class=\"elementor-section elementor-top-section elementor-element elementor-element-4284f2e8 elementor-section-boxed elementor-section-height-default elementor-section-height-default\" data-id=\"4284f2e8\" data-element_type=\"section\" data-e-type=\"section\">\n\t\t\t\t\t\t<div class=\"elementor-container elementor-column-gap-default\">\n\t\t\t\t\t<div class=\"elementor-column elementor-col-100 elementor-top-column elementor-element elementor-element-3b075ff5\" data-id=\"3b075ff5\" data-element_type=\"column\" data-e-type=\"column\">\n\t\t\t<div class=\"elementor-widget-wrap elementor-element-populated\">\n\t\t\t\t\t\t<div class=\"elementor-element elementor-element-4bbefaaf elementor-widget elementor-widget-spacer\" data-id=\"4bbefaaf\" data-element_type=\"widget\" data-e-type=\"widget\" data-widget_type=\"spacer.default\">\n\t\t\t\t<div class=\"elementor-widget-container\">\n\t\t\t\t\t\t\t<div class=\"elementor-spacer\">\n\t\t\t<div class=\"elementor-spacer-inner\"><\/div>\n\t\t<\/div>\n\t\t\t\t\t\t<\/div>\n\t\t\t\t<\/div>\n\t\t\t\t<div class=\"elementor-element elementor-element-770b355b elementor-widget elementor-widget-heading\" data-id=\"770b355b\" data-element_type=\"widget\" data-e-type=\"widget\" data-widget_type=\"heading.default\">\n\t\t\t\t<div class=\"elementor-widget-container\">\n\t\t\t\t\t<h1 class=\"elementor-heading-title elementor-size-default\">Kostenlose Vorlage<br>Mietvertrag Br\u00fcssel<\/h1>\t\t\t\t<\/div>\n\t\t\t\t<\/div>\n\t\t\t\t<div class=\"elementor-element elementor-element-6e6be5ec elementor-widget elementor-widget-spacer\" data-id=\"6e6be5ec\" data-element_type=\"widget\" data-e-type=\"widget\" data-widget_type=\"spacer.default\">\n\t\t\t\t<div class=\"elementor-widget-container\">\n\t\t\t\t\t\t\t<div class=\"elementor-spacer\">\n\t\t\t<div class=\"elementor-spacer-inner\"><\/div>\n\t\t<\/div>\n\t\t\t\t\t\t<\/div>\n\t\t\t\t<\/div>\n\t\t\t\t<div class=\"elementor-element elementor-element-338d0b71 elementor-widget elementor-widget-text-editor\" data-id=\"338d0b71\" data-element_type=\"widget\" data-e-type=\"widget\" data-widget_type=\"text-editor.default\">\n\t\t\t\t<div class=\"elementor-widget-container\">\n\t\t\t\t\t\t\t\t\t<p>Die Region Br\u00fcssel-Hauptstadt bietet ein <strong>offizielles Muster f\u00fcr einen Mietvertrag f\u00fcr Ihren Hauptwohnsitz<\/strong> an, das den Bestimmungen des Br\u00fcsseler Wohnungsgesetzes entspricht.<\/p><p>Dieser Standardvertrag gew\u00e4hrleistet, dass der Vermieter und der Mieter die in Br\u00fcssel geltenden gesetzlichen Verpflichtungen einhalten. Er ist besonders f\u00fcr Wohnungen geeignet, die f\u00fcr den Hauptwohnsitz des Mieters bestimmt sind. <\/p><p>Wir bieten Ihnen daher im Folgenden kostenlos :<\/p><ul><li><strong>Eine kostenlose Vorlage f\u00fcr einen Mietvertrag zum Herunterladen (Word \/ PDF)<\/strong><\/li><li>die wichtigsten obligatorischen Angaben im Br\u00fcsseler Mietvertrag,<\/li><li>Tipps zur Nutzung des Mietvertrags.<\/li><\/ul>\t\t\t\t\t\t\t\t<\/div>\n\t\t\t\t<\/div>\n\t\t\t\t<div class=\"elementor-element elementor-element-0145a0f elementor-widget elementor-widget-spacer\" data-id=\"0145a0f\" data-element_type=\"widget\" data-e-type=\"widget\" data-widget_type=\"spacer.default\">\n\t\t\t\t<div class=\"elementor-widget-container\">\n\t\t\t\t\t\t\t<div class=\"elementor-spacer\">\n\t\t\t<div class=\"elementor-spacer-inner\"><\/div>\n\t\t<\/div>\n\t\t\t\t\t\t<\/div>\n\t\t\t\t<\/div>\n\t\t\t\t<div class=\"elementor-element elementor-element-325ab17 elementor-widget elementor-widget-heading\" data-id=\"325ab17\" data-element_type=\"widget\" data-e-type=\"widget\" data-widget_type=\"heading.default\">\n\t\t\t\t<div class=\"elementor-widget-container\">\n\t\t\t\t\t<h2 class=\"elementor-heading-title elementor-size-default\">Kostenloser Download Mietvertrag Br\u00fcssel in Franz\u00f6sisch<\/h2>\t\t\t\t<\/div>\n\t\t\t\t<\/div>\n\t\t\t\t<div class=\"elementor-element elementor-element-6bed7726 elementor-widget elementor-widget-text-editor\" data-id=\"6bed7726\" data-element_type=\"widget\" data-e-type=\"widget\" data-widget_type=\"text-editor.default\">\n\t\t\t\t<div class=\"elementor-widget-container\">\n\t\t\t\t\t\t\t\t\t<p>\u2b07\ufe0f <a href=\"https:\/\/garantie.be\/wp-content\/uploads\/2025\/10\/Contrat-de-bail-bruxelles.docx\">Vorlage f\u00fcr Mietvertrag Br\u00fcssel (FR) als Word-Datei<\/a> herunterladen (.docx)<\/p><p>\u2b07\ufe0f <a href=\"https:\/\/garantie.be\/wp-content\/uploads\/2025\/10\/Contrat-de-bail-Bruxelles.pdf\">Mustermietvertrag Br\u00fcssel (FR) als PDF<\/a> herunterladen (.pdf)<\/p>\t\t\t\t\t\t\t\t<\/div>\n\t\t\t\t<\/div>\n\t\t\t\t<div class=\"elementor-element elementor-element-5d724c13 elementor-widget elementor-widget-heading\" data-id=\"5d724c13\" data-element_type=\"widget\" data-e-type=\"widget\" data-widget_type=\"heading.default\">\n\t\t\t\t<div class=\"elementor-widget-container\">\n\t\t\t\t\t<h2 class=\"elementor-heading-title elementor-size-default\">Kostenloser Download Mietvertrag Br\u00fcssel in Fl\u00e4misch<\/h2>\t\t\t\t<\/div>\n\t\t\t\t<\/div>\n\t\t\t\t<div class=\"elementor-element elementor-element-f2298fb elementor-widget elementor-widget-text-editor\" data-id=\"f2298fb\" data-element_type=\"widget\" data-e-type=\"widget\" data-widget_type=\"text-editor.default\">\n\t\t\t\t<div class=\"elementor-widget-container\">\n\t\t\t\t\t\t\t\t\t<p>\u2b07\ufe0f <a href=\"https:\/\/garantie.be\/wp-content\/uploads\/2025\/10\/Huurovereenkomst-brussels.docx\">Vorlage f\u00fcr Mietvertrag Br\u00fcssel (NL) als Word-Datei<\/a> herunterladen (.docx)<\/p><p>\u2b07\ufe0f <a href=\"https:\/\/garantie.be\/wp-content\/uploads\/2025\/10\/Huurovereenkomst-brussels.pdf\">Mustermietvertrag Br\u00fcssel (NL) im PDF-Format<\/a> herunterladen (.pdf)<\/p>\t\t\t\t\t\t\t\t<\/div>\n\t\t\t\t<\/div>\n\t\t\t\t\t<\/div>\n\t\t<\/div>\n\t\t\t\t\t<\/div>\n\t\t<\/section>\n\t\t\t\t<section class=\"elementor-section elementor-top-section elementor-element elementor-element-5ae2abad elementor-section-content-middle elementor-section-height-min-height elementor-section-items-stretch elementor-section-boxed elementor-section-height-default\" data-id=\"5ae2abad\" data-element_type=\"section\" data-e-type=\"section\">\n\t\t\t\t\t\t<div class=\"elementor-container elementor-column-gap-no\">\n\t\t\t\t\t<div class=\"elementor-column elementor-col-100 elementor-top-column elementor-element elementor-element-e664717\" data-id=\"e664717\" data-element_type=\"column\" data-e-type=\"column\" data-settings=\"{&quot;background_background&quot;:&quot;classic&quot;}\">\n\t\t\t<div class=\"elementor-widget-wrap elementor-element-populated\">\n\t\t\t\t\t\t<div class=\"elementor-element elementor-element-2bc5b844 elementor-widget elementor-widget-text-editor\" data-id=\"2bc5b844\" data-element_type=\"widget\" data-e-type=\"widget\" data-widget_type=\"text-editor.default\">\n\t\t\t\t<div class=\"elementor-widget-container\">\n\t\t\t\t\t\t\t\t\t<p>F\u00fcllen Sie unser Formular aus, um innerhalb weniger Stunden <a href=\"https:\/\/garantie.be\/de\/online-mietkaution\/\">online eine mietkaution<\/a> zu erhalten. Sie m\u00fcssen kein Geld blockieren, da wir wie eine Bankgarantie funktionieren. <\/p>\t\t\t\t\t\t\t\t<\/div>\n\t\t\t\t<\/div>\n\t\t\t\t<div class=\"elementor-element elementor-element-2d08de46 elementor-mobile-align-center elementor-align-center elementor-widget elementor-widget-button\" data-id=\"2d08de46\" data-element_type=\"widget\" data-e-type=\"widget\" data-widget_type=\"button.default\">\n\t\t\t\t<div class=\"elementor-widget-container\">\n\t\t\t\t\t\t\t\t\t<div class=\"elementor-button-wrapper\">\n\t\t\t\t\t<a class=\"elementor-button elementor-button-link elementor-size-sm\" href=\"https:\/\/account.garantie.be\/en\/register\/lease\">\n\t\t\t\t\t\t<span class=\"elementor-button-content-wrapper\">\n\t\t\t\t\t\t\t\t\t<span class=\"elementor-button-text\">100% Online-Formular mietkaution<\/span>\n\t\t\t\t\t<\/span>\n\t\t\t\t\t<\/a>\n\t\t\t\t<\/div>\n\t\t\t\t\t\t\t\t<\/div>\n\t\t\t\t<\/div>\n\t\t\t\t\t<\/div>\n\t\t<\/div>\n\t\t\t\t\t<\/div>\n\t\t<\/section>\n\t\t\t\t<section class=\"elementor-section elementor-top-section elementor-element elementor-element-3e9b96a elementor-section-boxed elementor-section-height-default elementor-section-height-default\" data-id=\"3e9b96a\" data-element_type=\"section\" data-e-type=\"section\">\n\t\t\t\t\t\t<div class=\"elementor-container elementor-column-gap-default\">\n\t\t\t\t\t<div class=\"elementor-column elementor-col-100 elementor-top-column elementor-element elementor-element-63bfabd0\" data-id=\"63bfabd0\" data-element_type=\"column\" data-e-type=\"column\">\n\t\t\t<div class=\"elementor-widget-wrap elementor-element-populated\">\n\t\t\t\t\t\t<div class=\"elementor-element elementor-element-7c91242f elementor-widget elementor-widget-spacer\" data-id=\"7c91242f\" data-element_type=\"widget\" data-e-type=\"widget\" data-widget_type=\"spacer.default\">\n\t\t\t\t<div class=\"elementor-widget-container\">\n\t\t\t\t\t\t\t<div class=\"elementor-spacer\">\n\t\t\t<div class=\"elementor-spacer-inner\"><\/div>\n\t\t<\/div>\n\t\t\t\t\t\t<\/div>\n\t\t\t\t<\/div>\n\t\t\t\t<div class=\"elementor-element elementor-element-2e66fe0f elementor-widget elementor-widget-heading\" data-id=\"2e66fe0f\" data-element_type=\"widget\" data-e-type=\"widget\" data-widget_type=\"heading.default\">\n\t\t\t\t<div class=\"elementor-widget-container\">\n\t\t\t\t\t<h2 class=\"elementor-heading-title elementor-size-default\">Tipps zum Ausf\u00fcllen dieser Vorlage<\/h2>\t\t\t\t<\/div>\n\t\t\t\t<\/div>\n\t\t\t\t<div class=\"elementor-element elementor-element-405ae16f elementor-widget elementor-widget-text-editor\" data-id=\"405ae16f\" data-element_type=\"widget\" data-e-type=\"widget\" data-widget_type=\"text-editor.default\">\n\t\t\t\t<div class=\"elementor-widget-container\">\n\t\t\t\t\t\t\t\t\t<ol><li><strong>Paraphieren Sie jede Seite<\/strong> des Vertrags, um sp\u00e4tere \u00c4nderungen zu vermeiden.<\/li><li><strong>F\u00fcllen Sie alle Abschnitte aus<\/strong> &#8211; lassen Sie kein Feld ohne &#8222;nicht zutreffend&#8220; leer, wenn dies erforderlich ist.<\/li><li><strong>F\u00fcgen Sie Fotos<\/strong> oder Pl\u00e4ne <strong>hinzu<\/strong>, um den Zustand der Wohnung zu erl\u00e4utern.<\/li><li><strong>\u00dcberpr\u00fcfen Sie doppelt die Betr\u00e4ge<\/strong> und Modalit\u00e4ten der Indexierung: Jeder Fehler kann die Klausel ung\u00fcltig machen.<\/li><li><strong>Lassen Sie beide Parteien<\/strong> gleichzeitig <strong>unterschreiben<\/strong> und behalten Sie f\u00fcr jede <strong>Partei<\/strong> ein Originalexemplar.<\/li><li><strong>Registrieren Sie den Mietvertrag<\/strong> innerhalb der gesetzlichen Fristen.<\/li><\/ol>\t\t\t\t\t\t\t\t<\/div>\n\t\t\t\t<\/div>\n\t\t\t\t<div class=\"elementor-element elementor-element-554d951 elementor-widget elementor-widget-spacer\" data-id=\"554d951\" data-element_type=\"widget\" data-e-type=\"widget\" data-widget_type=\"spacer.default\">\n\t\t\t\t<div class=\"elementor-widget-container\">\n\t\t\t\t\t\t\t<div class=\"elementor-spacer\">\n\t\t\t<div class=\"elementor-spacer-inner\"><\/div>\n\t\t<\/div>\n\t\t\t\t\t\t<\/div>\n\t\t\t\t<\/div>\n\t\t\t\t<div class=\"elementor-element elementor-element-203b2152 elementor-widget elementor-widget-heading\" data-id=\"203b2152\" data-element_type=\"widget\" data-e-type=\"widget\" data-widget_type=\"heading.default\">\n\t\t\t\t<div class=\"elementor-widget-container\">\n\t\t\t\t\t<h2 class=\"elementor-heading-title elementor-size-default\">Andere n\u00fctzliche Briefvorlagen<\/h2>\t\t\t\t<\/div>\n\t\t\t\t<\/div>\n\t\t\t\t<div class=\"elementor-element elementor-element-3a5521e5 elementor-widget elementor-widget-text-editor\" data-id=\"3a5521e5\" data-element_type=\"widget\" data-e-type=\"widget\" data-widget_type=\"text-editor.default\">\n\t\t\t\t<div class=\"elementor-widget-container\">\n\t\t\t\t\t\t\t\t\t<ul><li>Muster eines Mietvertrags f\u00fcr Flandern<\/li><li>Muster eines Mietvertrags f\u00fcr Wallonien<\/li><\/ul>\t\t\t\t\t\t\t\t<\/div>\n\t\t\t\t<\/div>\n\t\t\t\t\t<\/div>\n\t\t<\/div>\n\t\t\t\t\t<\/div>\n\t\t<\/section>\n\t\t\t\t<\/div>\n\t\t","protected":false},"excerpt":{"rendered":"<p>Kostenlose VorlageMietvertrag Br\u00fcssel Die Region Br\u00fcssel-Hauptstadt bietet ein offizielles Muster f\u00fcr einen Mietvertrag f\u00fcr Ihren Hauptwohnsitz an, das den Bestimmungen des Br\u00fcsseler Wohnungsgesetzes entspricht. Dieser Standardvertrag gew\u00e4hrleistet, dass der Vermieter und der Mieter die in Br\u00fcssel geltenden gesetzlichen Verpflichtungen einhalten. Er ist besonders f\u00fcr Wohnungen geeignet, die f\u00fcr den Hauptwohnsitz des Mieters bestimmt sind. Wir [&hellip;]<\/p>\n","protected":false},"author":1,"featured_media":0,"parent":18824,"menu_order":0,"comment_status":"closed","ping_status":"closed","template":"","meta":{"footnotes":""},"class_list":["post-19451","page","type-page","status-publish","hentry"],"yoast_head":"<!-- This site is optimized with the Yoast SEO plugin v27.4 - https:\/\/yoast.com\/product\/yoast-seo-wordpress\/ -->\n<title>Muster eines Mietvertrags f\u00fcr Br\u00fcssel<\/title>\n<meta name=\"robots\" content=\"index, follow, max-snippet:-1, max-image-preview:large, max-video-preview:-1\" \/>\n<link rel=\"canonical\" href=\"https:\/\/garantie.be\/de\/vorlagen-briefe-mietverwaltung\/mietvertragsvorlage-brussel\/\" \/>\n<meta property=\"og:locale\" content=\"de_DE\" \/>\n<meta property=\"og:type\" content=\"article\" \/>\n<meta property=\"og:title\" content=\"Muster eines Mietvertrags f\u00fcr Br\u00fcssel\" \/>\n<meta property=\"og:description\" content=\"Kostenlose VorlageMietvertrag Br\u00fcssel Die Region Br\u00fcssel-Hauptstadt bietet ein offizielles Muster f\u00fcr einen Mietvertrag f\u00fcr Ihren Hauptwohnsitz an, das den Bestimmungen des Br\u00fcsseler Wohnungsgesetzes entspricht. Dieser Standardvertrag gew\u00e4hrleistet, dass der Vermieter und der Mieter die in Br\u00fcssel geltenden gesetzlichen Verpflichtungen einhalten. Er ist besonders f\u00fcr Wohnungen geeignet, die f\u00fcr den Hauptwohnsitz des Mieters bestimmt sind. Wir [&hellip;]\" \/>\n<meta property=\"og:url\" content=\"https:\/\/garantie.be\/de\/vorlagen-briefe-mietverwaltung\/mietvertragsvorlage-brussel\/\" \/>\n<meta property=\"og:site_name\" content=\"Garantie\" \/>\n<meta property=\"article:modified_time\" content=\"2025-10-15T14:08:18+00:00\" \/>\n<meta name=\"twitter:card\" content=\"summary_large_image\" \/>\n<meta name=\"twitter:label1\" content=\"Gesch\u00e4tzte Lesezeit\" \/>\n\t<meta name=\"twitter:data1\" content=\"1\u00a0Minute\" \/>\n<script type=\"application\/ld+json\" class=\"yoast-schema-graph\">{\"@context\":\"https:\\\/\\\/schema.org\",\"@graph\":[{\"@type\":\"WebPage\",\"@id\":\"https:\\\/\\\/garantie.be\\\/de\\\/vorlagen-briefe-mietverwaltung\\\/mietvertragsvorlage-brussel\\\/\",\"url\":\"https:\\\/\\\/garantie.be\\\/de\\\/vorlagen-briefe-mietverwaltung\\\/mietvertragsvorlage-brussel\\\/\",\"name\":\"Muster eines Mietvertrags f\u00fcr Br\u00fcssel\",\"isPartOf\":{\"@id\":\"https:\\\/\\\/garantie.be\\\/de\\\/#website\"},\"datePublished\":\"2025-10-15T13:06:52+00:00\",\"dateModified\":\"2025-10-15T14:08:18+00:00\",\"breadcrumb\":{\"@id\":\"https:\\\/\\\/garantie.be\\\/de\\\/vorlagen-briefe-mietverwaltung\\\/mietvertragsvorlage-brussel\\\/#breadcrumb\"},\"inLanguage\":\"de\",\"potentialAction\":[{\"@type\":\"ReadAction\",\"target\":[\"https:\\\/\\\/garantie.be\\\/de\\\/vorlagen-briefe-mietverwaltung\\\/mietvertragsvorlage-brussel\\\/\"]}]},{\"@type\":\"BreadcrumbList\",\"@id\":\"https:\\\/\\\/garantie.be\\\/de\\\/vorlagen-briefe-mietverwaltung\\\/mietvertragsvorlage-brussel\\\/#breadcrumb\",\"itemListElement\":[{\"@type\":\"ListItem\",\"position\":1,\"name\":\"Accueil\",\"item\":\"https:\\\/\\\/garantie.be\\\/de\\\/\"},{\"@type\":\"ListItem\",\"position\":2,\"name\":\"Musterbriefe und praktische Hilfsmittel f\u00fcr die Wohnungsverwaltung\",\"item\":\"https:\\\/\\\/garantie.be\\\/de\\\/vorlagen-briefe-mietverwaltung\\\/\"},{\"@type\":\"ListItem\",\"position\":3,\"name\":\"Muster eines Mietvertrags f\u00fcr Br\u00fcssel\"}]},{\"@type\":\"WebSite\",\"@id\":\"https:\\\/\\\/garantie.be\\\/de\\\/#website\",\"url\":\"https:\\\/\\\/garantie.be\\\/de\\\/\",\"name\":\"Garantie\",\"description\":\"\",\"publisher\":{\"@id\":\"https:\\\/\\\/garantie.be\\\/de\\\/#organization\"},\"potentialAction\":[{\"@type\":\"SearchAction\",\"target\":{\"@type\":\"EntryPoint\",\"urlTemplate\":\"https:\\\/\\\/garantie.be\\\/de\\\/?s={search_term_string}\"},\"query-input\":{\"@type\":\"PropertyValueSpecification\",\"valueRequired\":true,\"valueName\":\"search_term_string\"}}],\"inLanguage\":\"de\"},{\"@type\":\"Organization\",\"@id\":\"https:\\\/\\\/garantie.be\\\/de\\\/#organization\",\"name\":\"Garantie.be\",\"url\":\"https:\\\/\\\/garantie.be\\\/de\\\/\",\"logo\":{\"@type\":\"ImageObject\",\"inLanguage\":\"de\",\"@id\":\"https:\\\/\\\/garantie.be\\\/de\\\/#\\\/schema\\\/logo\\\/image\\\/\",\"url\":\"\",\"contentUrl\":\"\",\"caption\":\"Garantie.be\"},\"image\":{\"@id\":\"https:\\\/\\\/garantie.be\\\/de\\\/#\\\/schema\\\/logo\\\/image\\\/\"}}]}<\/script>\n<!-- \/ Yoast SEO plugin. -->","yoast_head_json":{"title":"Muster eines Mietvertrags f\u00fcr Br\u00fcssel","robots":{"index":"index","follow":"follow","max-snippet":"max-snippet:-1","max-image-preview":"max-image-preview:large","max-video-preview":"max-video-preview:-1"},"canonical":"https:\/\/garantie.be\/de\/vorlagen-briefe-mietverwaltung\/mietvertragsvorlage-brussel\/","og_locale":"de_DE","og_type":"article","og_title":"Muster eines Mietvertrags f\u00fcr Br\u00fcssel","og_description":"Kostenlose VorlageMietvertrag Br\u00fcssel Die Region Br\u00fcssel-Hauptstadt bietet ein offizielles Muster f\u00fcr einen Mietvertrag f\u00fcr Ihren Hauptwohnsitz an, das den Bestimmungen des Br\u00fcsseler Wohnungsgesetzes entspricht. Dieser Standardvertrag gew\u00e4hrleistet, dass der Vermieter und der Mieter die in Br\u00fcssel geltenden gesetzlichen Verpflichtungen einhalten. Er ist besonders f\u00fcr Wohnungen geeignet, die f\u00fcr den Hauptwohnsitz des Mieters bestimmt sind. Wir [&hellip;]","og_url":"https:\/\/garantie.be\/de\/vorlagen-briefe-mietverwaltung\/mietvertragsvorlage-brussel\/","og_site_name":"Garantie","article_modified_time":"2025-10-15T14:08:18+00:00","twitter_card":"summary_large_image","twitter_misc":{"Gesch\u00e4tzte Lesezeit":"1\u00a0Minute"},"schema":{"@context":"https:\/\/schema.org","@graph":[{"@type":"WebPage","@id":"https:\/\/garantie.be\/de\/vorlagen-briefe-mietverwaltung\/mietvertragsvorlage-brussel\/","url":"https:\/\/garantie.be\/de\/vorlagen-briefe-mietverwaltung\/mietvertragsvorlage-brussel\/","name":"Muster eines Mietvertrags f\u00fcr Br\u00fcssel","isPartOf":{"@id":"https:\/\/garantie.be\/de\/#website"},"datePublished":"2025-10-15T13:06:52+00:00","dateModified":"2025-10-15T14:08:18+00:00","breadcrumb":{"@id":"https:\/\/garantie.be\/de\/vorlagen-briefe-mietverwaltung\/mietvertragsvorlage-brussel\/#breadcrumb"},"inLanguage":"de","potentialAction":[{"@type":"ReadAction","target":["https:\/\/garantie.be\/de\/vorlagen-briefe-mietverwaltung\/mietvertragsvorlage-brussel\/"]}]},{"@type":"BreadcrumbList","@id":"https:\/\/garantie.be\/de\/vorlagen-briefe-mietverwaltung\/mietvertragsvorlage-brussel\/#breadcrumb","itemListElement":[{"@type":"ListItem","position":1,"name":"Accueil","item":"https:\/\/garantie.be\/de\/"},{"@type":"ListItem","position":2,"name":"Musterbriefe und praktische Hilfsmittel f\u00fcr die Wohnungsverwaltung","item":"https:\/\/garantie.be\/de\/vorlagen-briefe-mietverwaltung\/"},{"@type":"ListItem","position":3,"name":"Muster eines Mietvertrags f\u00fcr Br\u00fcssel"}]},{"@type":"WebSite","@id":"https:\/\/garantie.be\/de\/#website","url":"https:\/\/garantie.be\/de\/","name":"Garantie","description":"","publisher":{"@id":"https:\/\/garantie.be\/de\/#organization"},"potentialAction":[{"@type":"SearchAction","target":{"@type":"EntryPoint","urlTemplate":"https:\/\/garantie.be\/de\/?s={search_term_string}"},"query-input":{"@type":"PropertyValueSpecification","valueRequired":true,"valueName":"search_term_string"}}],"inLanguage":"de"},{"@type":"Organization","@id":"https:\/\/garantie.be\/de\/#organization","name":"Garantie.be","url":"https:\/\/garantie.be\/de\/","logo":{"@type":"ImageObject","inLanguage":"de","@id":"https:\/\/garantie.be\/de\/#\/schema\/logo\/image\/","url":"","contentUrl":"","caption":"Garantie.be"},"image":{"@id":"https:\/\/garantie.be\/de\/#\/schema\/logo\/image\/"}}]}},"_links":{"self":[{"href":"https:\/\/garantie.be\/de\/wp-json\/wp\/v2\/pages\/19451","targetHints":{"allow":["GET"]}}],"collection":[{"href":"https:\/\/garantie.be\/de\/wp-json\/wp\/v2\/pages"}],"about":[{"href":"https:\/\/garantie.be\/de\/wp-json\/wp\/v2\/types\/page"}],"author":[{"embeddable":true,"href":"https:\/\/garantie.be\/de\/wp-json\/wp\/v2\/users\/1"}],"replies":[{"embeddable":true,"href":"https:\/\/garantie.be\/de\/wp-json\/wp\/v2\/comments?post=19451"}],"version-history":[{"count":0,"href":"https:\/\/garantie.be\/de\/wp-json\/wp\/v2\/pages\/19451\/revisions"}],"up":[{"embeddable":true,"href":"https:\/\/garantie.be\/de\/wp-json\/wp\/v2\/pages\/18824"}],"wp:attachment":[{"href":"https:\/\/garantie.be\/de\/wp-json\/wp\/v2\/media?parent=19451"}],"curies":[{"name":"wp","href":"https:\/\/api.w.org\/{rel}","templated":true}]}}