{"id":19688,"date":"2025-10-23T14:33:37","date_gmt":"2025-10-23T12:33:37","guid":{"rendered":"https:\/\/garantie.be\/vorlagen-briefe-mietverwaltung\/studentenmietvertrag\/"},"modified":"2026-01-19T09:39:04","modified_gmt":"2026-01-19T08:39:04","slug":"studentenmietvertrag","status":"publish","type":"page","link":"https:\/\/garantie.be\/de\/vorlagen-briefe-mietverwaltung\/studentenmietvertrag\/","title":{"rendered":"Kostenlose Vorlage f\u00fcr einen Studentenmietvertrag (kot in Belgien)"},"content":{"rendered":"\t\t<div data-elementor-type=\"wp-page\" data-elementor-id=\"19688\" class=\"elementor elementor-19688 elementor-19634\" data-elementor-post-type=\"page\">\n\t\t\t\t\t\t<section class=\"elementor-section elementor-top-section elementor-element elementor-element-64a02cb0 elementor-section-boxed elementor-section-height-default elementor-section-height-default\" data-id=\"64a02cb0\" data-element_type=\"section\" data-e-type=\"section\">\n\t\t\t\t\t\t<div class=\"elementor-container elementor-column-gap-default\">\n\t\t\t\t\t<div class=\"elementor-column elementor-col-100 elementor-top-column elementor-element elementor-element-27a93d43\" data-id=\"27a93d43\" data-element_type=\"column\" data-e-type=\"column\">\n\t\t\t<div class=\"elementor-widget-wrap elementor-element-populated\">\n\t\t\t\t\t\t<div class=\"elementor-element elementor-element-7812b74d elementor-widget elementor-widget-spacer\" data-id=\"7812b74d\" data-element_type=\"widget\" data-e-type=\"widget\" data-widget_type=\"spacer.default\">\n\t\t\t\t<div class=\"elementor-widget-container\">\n\t\t\t\t\t\t\t<div class=\"elementor-spacer\">\n\t\t\t<div class=\"elementor-spacer-inner\"><\/div>\n\t\t<\/div>\n\t\t\t\t\t\t<\/div>\n\t\t\t\t<\/div>\n\t\t\t\t<div class=\"elementor-element elementor-element-54932cbc elementor-widget elementor-widget-heading\" data-id=\"54932cbc\" data-element_type=\"widget\" data-e-type=\"widget\" data-widget_type=\"heading.default\">\n\t\t\t\t<div class=\"elementor-widget-container\">\n\t\t\t\t\t<h1 class=\"elementor-heading-title elementor-size-default\">Muster f\u00fcr<br><b>Studentenmietvertrag<\/b><\/h1>\t\t\t\t<\/div>\n\t\t\t\t<\/div>\n\t\t\t\t<div class=\"elementor-element elementor-element-46de2acb elementor-widget elementor-widget-spacer\" data-id=\"46de2acb\" data-element_type=\"widget\" data-e-type=\"widget\" data-widget_type=\"spacer.default\">\n\t\t\t\t<div class=\"elementor-widget-container\">\n\t\t\t\t\t\t\t<div class=\"elementor-spacer\">\n\t\t\t<div class=\"elementor-spacer-inner\"><\/div>\n\t\t<\/div>\n\t\t\t\t\t\t<\/div>\n\t\t\t\t<\/div>\n\t\t\t\t<div class=\"elementor-element elementor-element-44891721 elementor-widget elementor-widget-text-editor\" data-id=\"44891721\" data-element_type=\"widget\" data-e-type=\"widget\" data-widget_type=\"text-editor.default\">\n\t\t\t\t<div class=\"elementor-widget-container\">\n\t\t\t\t\t\t\t\t\t<p>Dieses Muster f\u00fcr einen Mietvertrag f\u00fcr Studenten ist f\u00fcr Kots, Zimmer und Studios gedacht, die von Studenten in Belgien gemietet werden. F\u00fcllen Sie die Felder in eckigen Klammern [ &#8230; ] aus und w\u00e4hlen Sie die Optionen (Br\u00fcssel \/ Wallonien \/ Flandern), die in einigen Klauseln angegeben sind, um den regionalen Vorschriften zu entsprechen. <\/p>\t\t\t\t\t\t\t\t<\/div>\n\t\t\t\t<\/div>\n\t\t\t\t<div class=\"elementor-element elementor-element-c2f660c elementor-widget elementor-widget-heading\" data-id=\"c2f660c\" data-element_type=\"widget\" data-e-type=\"widget\" data-widget_type=\"heading.default\">\n\t\t\t\t<div class=\"elementor-widget-container\">\n\t\t\t\t\t<h2 class=\"elementor-heading-title elementor-size-default\">Kostenlose Vorlage f\u00fcr einen Studentenmietvertrag zum Herunterladen<\/h2>\t\t\t\t<\/div>\n\t\t\t\t<\/div>\n\t\t\t\t<div class=\"elementor-element elementor-element-5ec20914 elementor-widget elementor-widget-text-editor\" data-id=\"5ec20914\" data-element_type=\"widget\" data-e-type=\"widget\" data-widget_type=\"text-editor.default\">\n\t\t\t\t<div class=\"elementor-widget-container\">\n\t\t\t\t\t\t\t\t\t<p>Sie k\u00f6nnen den unten stehenden Text kopieren und mit Ihren Informationen versehen. Sie k\u00f6nnen auch <strong>kostenlos ausf\u00fcllbare Versionen<\/strong> im Word- oder PDF-Format <strong>herunterladen<\/strong>, die Sie weiter unten auf der Seite \u2b07\ufe0f finden. <\/p>\t\t\t\t\t\t\t\t<\/div>\n\t\t\t\t<\/div>\n\t\t\t\t<div class=\"elementor-element elementor-element-13003d8 elementor-widget elementor-widget-text-editor\" data-id=\"13003d8\" data-element_type=\"widget\" data-e-type=\"widget\" data-widget_type=\"text-editor.default\">\n\t\t\t\t<div class=\"elementor-widget-container\">\n\t\t\t\t\t\t\t\t\t<section class=\"modele-lettre\">\n  <div class=\"zone-lettre\">\n    <p><strong>Vermieterangaben<\/strong><br> <span class=\"champ\">[Name und Vorname des Vermieters]<\/span><br> <span class=\"champ\">[Vollst\u00e4ndige Adresse]<\/span><br> <span class=\"champ\">[Postleitzahl, Gemeinde]<\/span><br> Telefon: &#8230;&#8230;&#8230;&#8230;&#8230;&#8230;&#8230;&#8230;&#8230;&#8230;&#8230;&#8230;&#8230;&#8230;&#8230;.<br> E-Mail: &#8230;&#8230;&#8230;&#8230;&#8230;&#8230;&#8230;&#8230;&#8230;&#8230;&#8230;&#8230;&#8230;&#8230;&#8230;&#8230;&#8230;<\/p>\n\n    <p><strong>Angaben zum Mieter (Student)<\/strong><br> <span class=\"champ\">[Name und Vorname des Studenten]<\/span><br> <span class=\"champ\">[Adresse des Hauptwohnsitzes<\/span> <span class=\"champ\">]<\/span><br> <span class=\"champ\">[Geburtsdatum]<\/span><br> <span class=\"champ\">[Besuchte Bildungseinrichtung]<\/span><br> Telefon: &#8230;&#8230;&#8230;&#8230;&#8230;&#8230;&#8230;&#8230;&#8230;&#8230;&#8230;&#8230;&#8230;&#8230;&#8230;.<br> E-Mail: &#8230;&#8230;&#8230;&#8230;&#8230;&#8230;&#8230;&#8230;&#8230;&#8230;&#8230;&#8230;&#8230;&#8230;&#8230;&#8230;&#8230;<\/p>\n\n    <p><strong>Betrifft:<\/strong> Mietvertrag f\u00fcr Studenten (kot)<\/p>\n\n    <p>\n  Zwischen dem oben genannten Vermieter und dem oben genannten Studenten wurde Folgendes vereinbart:\n    <\/p>\n\n    <p><strong>Artikel 1 &#8211; Gemietete<\/strong> Unterkunft<br> Der Vermieter vermietet an den Studenten eine Unterkunft, die sich in \n befindet.    <span class=\"champ\">[adresse compl\u00e8te du logement]<\/span>Die Wohnung befindet sich in \n und besteht aus <span class=\"champ\">[Beschreibung des Objekts: Zimmer, Studio, Wohnung],<\/span>\n mit einer ungef\u00e4hren Fl\u00e4che von <span class=\"champ\">[m\u00b2]<\/span>.\n    <\/p>\n\n    <p><strong>Artikel 2 &#8211; Zweckbestimmung der<\/strong> Immobilie<br> Die Immobilie ist ausschlie\u00dflich f\u00fcr die Nutzung als <strong>Studienwohnsitz<\/strong> bestimmt.\n Jede andere Nutzung ist ohne schriftliche Genehmigung des Vermieters untersagt.\n    <\/p>\n\n    <p><strong>Artikel 3 &#8211; Dauer des Pachtvertrags<\/strong><br> Der vorliegende Pachtvertrag wird f\u00fcr eine Dauer von <span class=\"champ\">[X Monaten]<\/span> abgeschlossen,\n beginnend am. <span class=\"champ\">[date de d\u00e9but]<\/span> und endet am \n <span class=\"champ\">[date de fin]<\/span>.<br> Am Ende der Laufzeit endet der Mietvertrag automatisch, es sei denn, es wurde schriftlich eine Verl\u00e4ngerung vereinbart.\n    <\/p>\n\n    <p><strong>Artikel 4 &#8211; Miete und Nebenkosten<\/strong><br> Die monatliche Miete wird auf <span class=\"champ\">[Betrag in Euro]<\/span> \u20ac festgesetzt und ist monatlich im Voraus zahlbar.<br> Die Mietnebenkosten umfassen: <span class=\"champ\">[Liste: Wasser, Heizung, Strom, Internet, usw.]<\/span>.<br> Diese Nebenkosten werden auf der Grundlage von <span class=\"champ\">[pauschal \/ vorl\u00e4ufig mit j\u00e4hrlicher Regulierung]<\/span> berechnet.\n    <\/p>\n\n    <p><strong>Artikel 5 &#8211; Mietkaution<\/strong><br> Der Sch\u00fcler zahlt eine Mietkaution <span class=\"champ\"> in H\u00f6he<\/span> von <span class=\"champ\">[Betrag in Euro]<\/span> \u20ac, \n hinterlegt gem\u00e4\u00df den gesetzlichen Bestimmungen <span class=\"champ\"> in<\/span> der jeweiligen Region.\n    <\/p>\n\n    <p><strong>Artikel 6 &#8211;<\/strong> Wohnungs\u00fcbergabeprotokoll\nEin kontradiktorisches Wohnungs\u00fcbergabeprotokoll wird sp\u00e4testens am \nerstellt. <span class=\"champ\">[date]<\/span>. <br>Ein wohnungs\u00fcbergabeprotokoll wird bei der Abreise des Sch\u00fclers erstellt.\n    <\/p>\n\n    <p><strong>Artikel 7 &#8211; Versicherung<\/strong><br> Der Sch\u00fcler verpflichtet sich, eine Versicherung abzuschlie\u00dfen, die seine Miethaftung abdeckt\n und den Nachweis dar\u00fcber vor dem Einzug zu erbringen.\n    <\/p>\n\n    <p><strong>Artikel 8 &#8211; K\u00fcndigung und K\u00fcndigungsfrist<\/strong><br> Gem\u00e4\u00df der regionalen Gesetzgebung :\n    <\/p>\n    <ul>\n      <li><strong>Region Br\u00fcssel-Hauptstadt<\/strong>: Der Student kann jederzeit mit einer Frist von zwei Monaten k\u00fcndigen.<\/li>\n      <li><strong>Region Wallonien<\/strong>: Der Student kann bis zum 15. M\u00e4rz mit einer Frist von 2 Monaten k\u00fcndigen.<\/li>\n      <li><strong>Region Flandern<\/strong>: Besondere Bestimmungen des &#8222;Vlaams Woninghuurdecreet&#8220; (2 Monate K\u00fcndigungsfrist).<\/li>\n    <\/ul>\n    <p>\n  Der Vermieter kann nur zum Ende des Mietverh\u00e4ltnisses mit einer Frist von 3 Monaten k\u00fcndigen.\n    <\/p>\n\n    <p><strong>Artikel 9 &#8211; Instandhaltung und Reparaturen<\/strong><br> Der Sch\u00fcler ist verpflichtet, die Unterkunft instand zu halten, kleine Reparaturen durchzuf\u00fchren,\n und den Vermieter im Falle von Sch\u00e4den oder Funktionsst\u00f6rungen sofort zu benachrichtigen.\n    <\/p>\n\n    <p><strong>Artikel 10 &#8211; Hausordnung<\/strong><br> Der Sch\u00fcler verpflichtet sich, die Hausordnung, die dem vorliegenden Mietvertrag beigef\u00fcgt ist, zu befolgen\n und die Ruhe, Sauberkeit und Sicherheit des Geb\u00e4udes zu beachten.\n    <\/p>\n\n    <p><strong>Artikel 11 &#8211; Anh\u00e4nge<\/strong><br> Dem vorliegenden Mietvertrag sind beigef\u00fcgt:\n    <\/p>\n    <ul>\n      <li>Immatrikulationsbescheinigung oder Kopie des Studentenausweises<\/li>\n      <li>inventory report bei der Ankunft<\/li>\n      <li>Bescheinigung der Mietversicherung<\/li>\n      <li>Interne Gesch\u00e4ftsordnung<\/li>\n    <\/ul>\n\n    <p><strong>Artikel 12 &#8211; Geschehen zu<\/strong> \n <span class=\"champ\">[Stadt]<\/span>, am <span class=\"champ\">[Datum]<\/span>.\n    <\/p>\n\n    <p style=\"text-align:left;\">\n      <strong>Der Vermieter<\/strong>: &#8230;&#8230;&#8230;&#8230;&#8230;&#8230;&#8230;&#8230;&#8230;&#8230;&#8230;&#8230;&#8230;&#8230;&#8230;<br><br>    <strong>Der Student als Mieter<\/strong>: &#8230;&#8230;&#8230;&#8230;&#8230;&#8230;&#8230;&#8230;&#8230;&#8230;&#8230;&#8230;&#8230;&#8230;&#8230;\n    <\/p>\n  <\/div>\n<\/section>\n\n<style>\n  .modele-lettre {\n    background:#fafafa;\n    padding:20px;\n    border-radius:8px;\n    font-family:\"Segoe UI\", Roboto, sans-serif;\n    line-height:1.6;\n  }\n  .modele-lettre .champ {\n    background-color:#f1f1f1;\n    padding:2px 6px;\n    border-radius:3px;\n  }\n  .zone-lettre {\n    background:#fff;\n    padding:20px;\n    border:1px solid #ddd;\n    border-radius:6px;\n  }\n  .zone-lettre ul {\n    margin:10px 0 10px 20px;\n  }\n<\/style>\n\t\t\t\t\t\t\t\t<\/div>\n\t\t\t\t<\/div>\n\t\t\t\t<div class=\"elementor-element elementor-element-74f6a721 elementor-widget elementor-widget-spacer\" data-id=\"74f6a721\" data-element_type=\"widget\" data-e-type=\"widget\" data-widget_type=\"spacer.default\">\n\t\t\t\t<div class=\"elementor-widget-container\">\n\t\t\t\t\t\t\t<div class=\"elementor-spacer\">\n\t\t\t<div class=\"elementor-spacer-inner\"><\/div>\n\t\t<\/div>\n\t\t\t\t\t\t<\/div>\n\t\t\t\t<\/div>\n\t\t\t\t<div class=\"elementor-element elementor-element-10b47e90 elementor-widget elementor-widget-heading\" data-id=\"10b47e90\" data-element_type=\"widget\" data-e-type=\"widget\" data-widget_type=\"heading.default\">\n\t\t\t\t<div class=\"elementor-widget-container\">\n\t\t\t\t\t<h3 class=\"elementor-heading-title elementor-size-default\">Downloads im Word- oder PDF-Format<\/h3>\t\t\t\t<\/div>\n\t\t\t\t<\/div>\n\t\t\t\t<div class=\"elementor-element elementor-element-626cba91 elementor-widget elementor-widget-text-editor\" data-id=\"626cba91\" data-element_type=\"widget\" data-e-type=\"widget\" data-widget_type=\"text-editor.default\">\n\t\t\t\t<div class=\"elementor-widget-container\">\n\t\t\t\t\t\t\t\t\t<p>\u2b07\ufe0f Laden Sie die Vorlage f\u00fcr einen <a href=\"https:\/\/garantie.be\/wp-content\/uploads\/2025\/10\/Modele-de-contrat-de-bail-etudiant.docx\">studentischen mietvertrag im Word-Format<\/a> (.docx) herunter.<\/p><p>\u2b07\ufe0f Laden Sie den <a href=\"https:\/\/garantie.be\/wp-content\/uploads\/2025\/10\/Modele-de-contrat-de-bail-etudiant.pdf\">Muster-Mietvertrag f\u00fcr Studenten im PDF-Format<\/a> (.pdf) herunter.<\/p>\t\t\t\t\t\t\t\t<\/div>\n\t\t\t\t<\/div>\n\t\t\t\t\t<\/div>\n\t\t<\/div>\n\t\t\t\t\t<\/div>\n\t\t<\/section>\n\t\t\t\t<section class=\"elementor-section elementor-top-section elementor-element elementor-element-7e661571 elementor-section-content-middle elementor-section-height-min-height elementor-section-items-stretch elementor-section-boxed elementor-section-height-default\" data-id=\"7e661571\" data-element_type=\"section\" data-e-type=\"section\">\n\t\t\t\t\t\t<div class=\"elementor-container elementor-column-gap-no\">\n\t\t\t\t\t<div class=\"elementor-column elementor-col-100 elementor-top-column elementor-element elementor-element-595ed3f8\" data-id=\"595ed3f8\" data-element_type=\"column\" data-e-type=\"column\" data-settings=\"{&quot;background_background&quot;:&quot;classic&quot;}\">\n\t\t\t<div class=\"elementor-widget-wrap elementor-element-populated\">\n\t\t\t\t\t\t<div class=\"elementor-element elementor-element-6ef404b4 elementor-widget elementor-widget-text-editor\" data-id=\"6ef404b4\" data-element_type=\"widget\" data-e-type=\"widget\" data-widget_type=\"text-editor.default\">\n\t\t\t\t<div class=\"elementor-widget-container\">\n\t\t\t\t\t\t\t\t\t<p>F\u00fcllen Sie unser Formular aus, um <a href=\"https:\/\/garantie.be\/de\/online-mietkaution\/\">online eine mietkaution<\/a> f\u00fcr ein kot zu erhalten. Sie blockieren kein Geld und erhalten innerhalb weniger Stunden eine Antwort.<\/p>\t\t\t\t\t\t\t\t<\/div>\n\t\t\t\t<\/div>\n\t\t\t\t<div class=\"elementor-element elementor-element-7cef9bd4 elementor-mobile-align-center elementor-align-center elementor-widget elementor-widget-button\" data-id=\"7cef9bd4\" data-element_type=\"widget\" data-e-type=\"widget\" data-widget_type=\"button.default\">\n\t\t\t\t<div class=\"elementor-widget-container\">\n\t\t\t\t\t\t\t\t\t<div class=\"elementor-button-wrapper\">\n\t\t\t\t\t<a class=\"elementor-button elementor-button-link elementor-size-sm\" href=\"https:\/\/account.garantie.be\/en\/register\/lease\">\n\t\t\t\t\t\t<span class=\"elementor-button-content-wrapper\">\n\t\t\t\t\t\t\t\t\t<span class=\"elementor-button-text\">100% Online-Formular mietkaution<\/span>\n\t\t\t\t\t<\/span>\n\t\t\t\t\t<\/a>\n\t\t\t\t<\/div>\n\t\t\t\t\t\t\t\t<\/div>\n\t\t\t\t<\/div>\n\t\t\t\t\t<\/div>\n\t\t<\/div>\n\t\t\t\t\t<\/div>\n\t\t<\/section>\n\t\t\t\t<section class=\"elementor-section elementor-top-section elementor-element elementor-element-7528823f elementor-section-boxed elementor-section-height-default elementor-section-height-default\" data-id=\"7528823f\" data-element_type=\"section\" data-e-type=\"section\">\n\t\t\t\t\t\t<div class=\"elementor-container elementor-column-gap-default\">\n\t\t\t\t\t<div class=\"elementor-column elementor-col-100 elementor-top-column elementor-element elementor-element-564e3bb2\" data-id=\"564e3bb2\" data-element_type=\"column\" data-e-type=\"column\">\n\t\t\t<div class=\"elementor-widget-wrap elementor-element-populated\">\n\t\t\t\t\t\t<div class=\"elementor-element elementor-element-7588e74e elementor-widget elementor-widget-spacer\" data-id=\"7588e74e\" data-element_type=\"widget\" data-e-type=\"widget\" data-widget_type=\"spacer.default\">\n\t\t\t\t<div class=\"elementor-widget-container\">\n\t\t\t\t\t\t\t<div class=\"elementor-spacer\">\n\t\t\t<div class=\"elementor-spacer-inner\"><\/div>\n\t\t<\/div>\n\t\t\t\t\t\t<\/div>\n\t\t\t\t<\/div>\n\t\t\t\t<div class=\"elementor-element elementor-element-74443212 elementor-widget elementor-widget-heading\" data-id=\"74443212\" data-element_type=\"widget\" data-e-type=\"widget\" data-widget_type=\"heading.default\">\n\t\t\t\t<div class=\"elementor-widget-container\">\n\t\t\t\t\t<h2 class=\"elementor-heading-title elementor-size-default\">Andere n\u00fctzliche Briefvorlagen<\/h2>\t\t\t\t<\/div>\n\t\t\t\t<\/div>\n\t\t\t\t<div class=\"elementor-element elementor-element-178d8418 elementor-widget elementor-widget-text-editor\" data-id=\"178d8418\" data-element_type=\"widget\" data-e-type=\"widget\" data-widget_type=\"text-editor.default\">\n\t\t\t\t<div class=\"elementor-widget-container\">\n\t\t\t\t\t\t\t\t\t<ul><li><a href=\"https:\/\/garantie.be\/de\/vorlagen-briefe-mietverwaltung\/mietvertragsvorlage-brussel\/\">Mustermietvertrag f\u00fcr Br\u00fcssel<\/a><\/li><li>Muster eines kurzfristigen mietvertrages<\/li><li><a href=\"https:\/\/garantie.be\/de\/vorlagen-briefe-mietverwaltung\/checkliste-immobilienbesichtigung\/\">Checkliste f\u00fcr die Besichtigung einer Mietwohnung<\/a><\/li><\/ul>\t\t\t\t\t\t\t\t<\/div>\n\t\t\t\t<\/div>\n\t\t\t\t\t<\/div>\n\t\t<\/div>\n\t\t\t\t\t<\/div>\n\t\t<\/section>\n\t\t\t\t<\/div>\n\t\t","protected":false},"excerpt":{"rendered":"<p>Muster f\u00fcrStudentenmietvertrag Dieses Muster f\u00fcr einen Mietvertrag f\u00fcr Studenten ist f\u00fcr Kots, Zimmer und Studios gedacht, die von Studenten in Belgien gemietet werden. F\u00fcllen Sie die Felder in eckigen Klammern [ &#8230; ] aus und w\u00e4hlen Sie die Optionen (Br\u00fcssel \/ Wallonien \/ Flandern), die in einigen Klauseln angegeben sind, um den regionalen Vorschriften zu [&hellip;]<\/p>\n","protected":false},"author":1,"featured_media":0,"parent":18824,"menu_order":0,"comment_status":"closed","ping_status":"closed","template":"","meta":{"footnotes":""},"class_list":["post-19688","page","type-page","status-publish","hentry"],"yoast_head":"<!-- This site is optimized with the Yoast SEO plugin v27.4 - https:\/\/yoast.com\/product\/yoast-seo-wordpress\/ -->\n<title>Kostenlose Vorlage f\u00fcr einen Studentenmietvertrag (kot in Belgien)<\/title>\n<meta name=\"description\" content=\"Vorlage f\u00fcr einen Studentenmietvertrag, der kostenlos in Word- und PDF-Format heruntergeladen werden kann und in allen drei Regionen Belgiens g\u00fcltig ist.\" \/>\n<meta name=\"robots\" content=\"index, follow, max-snippet:-1, max-image-preview:large, max-video-preview:-1\" \/>\n<link rel=\"canonical\" href=\"https:\/\/garantie.be\/de\/vorlagen-briefe-mietverwaltung\/studentenmietvertrag\/\" \/>\n<meta property=\"og:locale\" content=\"de_DE\" \/>\n<meta property=\"og:type\" content=\"article\" \/>\n<meta property=\"og:title\" content=\"Kostenlose Vorlage f\u00fcr einen Studentenmietvertrag (kot in Belgien)\" \/>\n<meta property=\"og:description\" content=\"Vorlage f\u00fcr einen Studentenmietvertrag, der kostenlos in Word- und PDF-Format heruntergeladen werden kann und in allen drei Regionen Belgiens g\u00fcltig ist.\" \/>\n<meta property=\"og:url\" content=\"https:\/\/garantie.be\/de\/vorlagen-briefe-mietverwaltung\/studentenmietvertrag\/\" \/>\n<meta property=\"og:site_name\" content=\"Garantie\" \/>\n<meta property=\"article:modified_time\" content=\"2026-01-19T08:39:04+00:00\" \/>\n<meta name=\"twitter:card\" content=\"summary_large_image\" \/>\n<meta name=\"twitter:label1\" content=\"Gesch\u00e4tzte Lesezeit\" \/>\n\t<meta name=\"twitter:data1\" content=\"3\u00a0Minuten\" \/>\n<script type=\"application\/ld+json\" class=\"yoast-schema-graph\">{\"@context\":\"https:\\\/\\\/schema.org\",\"@graph\":[{\"@type\":\"WebPage\",\"@id\":\"https:\\\/\\\/garantie.be\\\/de\\\/vorlagen-briefe-mietverwaltung\\\/studentenmietvertrag\\\/\",\"url\":\"https:\\\/\\\/garantie.be\\\/de\\\/vorlagen-briefe-mietverwaltung\\\/studentenmietvertrag\\\/\",\"name\":\"Kostenlose Vorlage f\u00fcr einen Studentenmietvertrag (kot in Belgien)\",\"isPartOf\":{\"@id\":\"https:\\\/\\\/garantie.be\\\/de\\\/#website\"},\"datePublished\":\"2025-10-23T12:33:37+00:00\",\"dateModified\":\"2026-01-19T08:39:04+00:00\",\"description\":\"Vorlage f\u00fcr einen Studentenmietvertrag, der kostenlos in Word- und PDF-Format heruntergeladen werden kann und in allen drei Regionen Belgiens g\u00fcltig ist.\",\"breadcrumb\":{\"@id\":\"https:\\\/\\\/garantie.be\\\/de\\\/vorlagen-briefe-mietverwaltung\\\/studentenmietvertrag\\\/#breadcrumb\"},\"inLanguage\":\"de\",\"potentialAction\":[{\"@type\":\"ReadAction\",\"target\":[\"https:\\\/\\\/garantie.be\\\/de\\\/vorlagen-briefe-mietverwaltung\\\/studentenmietvertrag\\\/\"]}]},{\"@type\":\"BreadcrumbList\",\"@id\":\"https:\\\/\\\/garantie.be\\\/de\\\/vorlagen-briefe-mietverwaltung\\\/studentenmietvertrag\\\/#breadcrumb\",\"itemListElement\":[{\"@type\":\"ListItem\",\"position\":1,\"name\":\"Accueil\",\"item\":\"https:\\\/\\\/garantie.be\\\/de\\\/\"},{\"@type\":\"ListItem\",\"position\":2,\"name\":\"Musterbriefe und praktische Hilfsmittel f\u00fcr die Wohnungsverwaltung\",\"item\":\"https:\\\/\\\/garantie.be\\\/de\\\/vorlagen-briefe-mietverwaltung\\\/\"},{\"@type\":\"ListItem\",\"position\":3,\"name\":\"Kostenlose Vorlage f\u00fcr einen Studentenmietvertrag (kot in Belgien)\"}]},{\"@type\":\"WebSite\",\"@id\":\"https:\\\/\\\/garantie.be\\\/de\\\/#website\",\"url\":\"https:\\\/\\\/garantie.be\\\/de\\\/\",\"name\":\"Garantie\",\"description\":\"\",\"publisher\":{\"@id\":\"https:\\\/\\\/garantie.be\\\/de\\\/#organization\"},\"potentialAction\":[{\"@type\":\"SearchAction\",\"target\":{\"@type\":\"EntryPoint\",\"urlTemplate\":\"https:\\\/\\\/garantie.be\\\/de\\\/?s={search_term_string}\"},\"query-input\":{\"@type\":\"PropertyValueSpecification\",\"valueRequired\":true,\"valueName\":\"search_term_string\"}}],\"inLanguage\":\"de\"},{\"@type\":\"Organization\",\"@id\":\"https:\\\/\\\/garantie.be\\\/de\\\/#organization\",\"name\":\"Garantie.be\",\"url\":\"https:\\\/\\\/garantie.be\\\/de\\\/\",\"logo\":{\"@type\":\"ImageObject\",\"inLanguage\":\"de\",\"@id\":\"https:\\\/\\\/garantie.be\\\/de\\\/#\\\/schema\\\/logo\\\/image\\\/\",\"url\":\"\",\"contentUrl\":\"\",\"caption\":\"Garantie.be\"},\"image\":{\"@id\":\"https:\\\/\\\/garantie.be\\\/de\\\/#\\\/schema\\\/logo\\\/image\\\/\"}}]}<\/script>\n<!-- \/ Yoast SEO plugin. -->","yoast_head_json":{"title":"Kostenlose Vorlage f\u00fcr einen Studentenmietvertrag (kot in Belgien)","description":"Vorlage f\u00fcr einen Studentenmietvertrag, der kostenlos in Word- und PDF-Format heruntergeladen werden kann und in allen drei Regionen Belgiens g\u00fcltig ist.","robots":{"index":"index","follow":"follow","max-snippet":"max-snippet:-1","max-image-preview":"max-image-preview:large","max-video-preview":"max-video-preview:-1"},"canonical":"https:\/\/garantie.be\/de\/vorlagen-briefe-mietverwaltung\/studentenmietvertrag\/","og_locale":"de_DE","og_type":"article","og_title":"Kostenlose Vorlage f\u00fcr einen Studentenmietvertrag (kot in Belgien)","og_description":"Vorlage f\u00fcr einen Studentenmietvertrag, der kostenlos in Word- und PDF-Format heruntergeladen werden kann und in allen drei Regionen Belgiens g\u00fcltig ist.","og_url":"https:\/\/garantie.be\/de\/vorlagen-briefe-mietverwaltung\/studentenmietvertrag\/","og_site_name":"Garantie","article_modified_time":"2026-01-19T08:39:04+00:00","twitter_card":"summary_large_image","twitter_misc":{"Gesch\u00e4tzte Lesezeit":"3\u00a0Minuten"},"schema":{"@context":"https:\/\/schema.org","@graph":[{"@type":"WebPage","@id":"https:\/\/garantie.be\/de\/vorlagen-briefe-mietverwaltung\/studentenmietvertrag\/","url":"https:\/\/garantie.be\/de\/vorlagen-briefe-mietverwaltung\/studentenmietvertrag\/","name":"Kostenlose Vorlage f\u00fcr einen Studentenmietvertrag (kot in Belgien)","isPartOf":{"@id":"https:\/\/garantie.be\/de\/#website"},"datePublished":"2025-10-23T12:33:37+00:00","dateModified":"2026-01-19T08:39:04+00:00","description":"Vorlage f\u00fcr einen Studentenmietvertrag, der kostenlos in Word- und PDF-Format heruntergeladen werden kann und in allen drei Regionen Belgiens g\u00fcltig ist.","breadcrumb":{"@id":"https:\/\/garantie.be\/de\/vorlagen-briefe-mietverwaltung\/studentenmietvertrag\/#breadcrumb"},"inLanguage":"de","potentialAction":[{"@type":"ReadAction","target":["https:\/\/garantie.be\/de\/vorlagen-briefe-mietverwaltung\/studentenmietvertrag\/"]}]},{"@type":"BreadcrumbList","@id":"https:\/\/garantie.be\/de\/vorlagen-briefe-mietverwaltung\/studentenmietvertrag\/#breadcrumb","itemListElement":[{"@type":"ListItem","position":1,"name":"Accueil","item":"https:\/\/garantie.be\/de\/"},{"@type":"ListItem","position":2,"name":"Musterbriefe und praktische Hilfsmittel f\u00fcr die Wohnungsverwaltung","item":"https:\/\/garantie.be\/de\/vorlagen-briefe-mietverwaltung\/"},{"@type":"ListItem","position":3,"name":"Kostenlose Vorlage f\u00fcr einen Studentenmietvertrag (kot in Belgien)"}]},{"@type":"WebSite","@id":"https:\/\/garantie.be\/de\/#website","url":"https:\/\/garantie.be\/de\/","name":"Garantie","description":"","publisher":{"@id":"https:\/\/garantie.be\/de\/#organization"},"potentialAction":[{"@type":"SearchAction","target":{"@type":"EntryPoint","urlTemplate":"https:\/\/garantie.be\/de\/?s={search_term_string}"},"query-input":{"@type":"PropertyValueSpecification","valueRequired":true,"valueName":"search_term_string"}}],"inLanguage":"de"},{"@type":"Organization","@id":"https:\/\/garantie.be\/de\/#organization","name":"Garantie.be","url":"https:\/\/garantie.be\/de\/","logo":{"@type":"ImageObject","inLanguage":"de","@id":"https:\/\/garantie.be\/de\/#\/schema\/logo\/image\/","url":"","contentUrl":"","caption":"Garantie.be"},"image":{"@id":"https:\/\/garantie.be\/de\/#\/schema\/logo\/image\/"}}]}},"_links":{"self":[{"href":"https:\/\/garantie.be\/de\/wp-json\/wp\/v2\/pages\/19688","targetHints":{"allow":["GET"]}}],"collection":[{"href":"https:\/\/garantie.be\/de\/wp-json\/wp\/v2\/pages"}],"about":[{"href":"https:\/\/garantie.be\/de\/wp-json\/wp\/v2\/types\/page"}],"author":[{"embeddable":true,"href":"https:\/\/garantie.be\/de\/wp-json\/wp\/v2\/users\/1"}],"replies":[{"embeddable":true,"href":"https:\/\/garantie.be\/de\/wp-json\/wp\/v2\/comments?post=19688"}],"version-history":[{"count":0,"href":"https:\/\/garantie.be\/de\/wp-json\/wp\/v2\/pages\/19688\/revisions"}],"up":[{"embeddable":true,"href":"https:\/\/garantie.be\/de\/wp-json\/wp\/v2\/pages\/18824"}],"wp:attachment":[{"href":"https:\/\/garantie.be\/de\/wp-json\/wp\/v2\/media?parent=19688"}],"curies":[{"name":"wp","href":"https:\/\/api.w.org\/{rel}","templated":true}]}}