{"id":19917,"date":"2025-10-25T11:42:45","date_gmt":"2025-10-25T09:42:45","guid":{"rendered":"https:\/\/garantie.be\/partner-garantie-be\/"},"modified":"2025-10-25T11:42:46","modified_gmt":"2025-10-25T09:42:46","slug":"partner-garantie-be","status":"publish","type":"page","link":"https:\/\/garantie.be\/de\/partner-garantie-be\/","title":{"rendered":"Vorstellung der Partner von garantie.be"},"content":{"rendered":"\t\t<div data-elementor-type=\"wp-page\" data-elementor-id=\"19917\" class=\"elementor elementor-19917 elementor-19708\" data-elementor-post-type=\"page\">\n\t\t\t\t\t\t<section class=\"elementor-section elementor-top-section elementor-element elementor-element-4e711802 elementor-section-boxed elementor-section-height-default elementor-section-height-default\" data-id=\"4e711802\" data-element_type=\"section\" data-e-type=\"section\">\n\t\t\t\t\t\t<div class=\"elementor-container elementor-column-gap-default\">\n\t\t\t\t\t<div class=\"elementor-column elementor-col-100 elementor-top-column elementor-element elementor-element-6a1dac7a\" data-id=\"6a1dac7a\" data-element_type=\"column\" data-e-type=\"column\">\n\t\t\t<div class=\"elementor-widget-wrap elementor-element-populated\">\n\t\t\t\t\t\t<div class=\"elementor-element elementor-element-12f9803e elementor-widget elementor-widget-spacer\" data-id=\"12f9803e\" data-element_type=\"widget\" data-e-type=\"widget\" data-widget_type=\"spacer.default\">\n\t\t\t\t<div class=\"elementor-widget-container\">\n\t\t\t\t\t\t\t<div class=\"elementor-spacer\">\n\t\t\t<div class=\"elementor-spacer-inner\"><\/div>\n\t\t<\/div>\n\t\t\t\t\t\t<\/div>\n\t\t\t\t<\/div>\n\t\t\t\t<div class=\"elementor-element elementor-element-2c6ab149 elementor-widget elementor-widget-heading\" data-id=\"2c6ab149\" data-element_type=\"widget\" data-e-type=\"widget\" data-widget_type=\"heading.default\">\n\t\t\t\t<div class=\"elementor-widget-container\">\n\t\t\t\t\t<h1 class=\"elementor-heading-title elementor-size-default\">Partner von<br> GARANTiE<b>.BE<\/b><\/h1>\t\t\t\t<\/div>\n\t\t\t\t<\/div>\n\t\t\t\t<div class=\"elementor-element elementor-element-4d770326 elementor-widget elementor-widget-spacer\" data-id=\"4d770326\" data-element_type=\"widget\" data-e-type=\"widget\" data-widget_type=\"spacer.default\">\n\t\t\t\t<div class=\"elementor-widget-container\">\n\t\t\t\t\t\t\t<div class=\"elementor-spacer\">\n\t\t\t<div class=\"elementor-spacer-inner\"><\/div>\n\t\t<\/div>\n\t\t\t\t\t\t<\/div>\n\t\t\t\t<\/div>\n\t\t\t\t<div class=\"elementor-element elementor-element-73309db2 elementor-widget elementor-widget-text-editor\" data-id=\"73309db2\" data-element_type=\"widget\" data-e-type=\"widget\" data-widget_type=\"text-editor.default\">\n\t\t\t\t<div class=\"elementor-widget-container\">\n\t\t\t\t\t\t\t\t\t<p><a href=\"https:\/\/garantie.be\/de\/\">garantie.be<\/a> arbeitet mit einem Netzwerk von <strong>vertrauensw\u00fcrdigen Partnern<\/strong> (Finanzinstitute, Versicherungsgesellschaften und Akteure des Wohnungswesens) zusammen, um Mietern und Eigent\u00fcmern<strong> einfache und 100% digitale L\u00f6sungen f\u00fcr die Erstellung ihrer mietkaution<\/strong> anzubieten.<\/p><p><a href=\"https:\/\/garantie.be\/de\/\">garantie.be<\/a> wird von GARANTIR SRL herausgegeben, einer belgischen Gesellschaft, die als Versicherungsmakler zugelassen und bei der FSMA (Beh\u00f6rde f\u00fcr Dienstleistungen und Finanzm\u00e4rkte) registriert ist.<\/p><p>Durch diese Partnerschaften gew\u00e4hrleistet <a href=\"https:\/\/garantie.be\/de\/\">garantie.be<\/a> eine umfassende Betreuung, die den gesetzlichen Anforderungen in Belgien entspricht, und bietet den Nutzern, ob Mieter, Vermieter oder Immobilienmakler, eine nahtlose und transparente Erfahrung.<\/p>\t\t\t\t\t\t\t\t<\/div>\n\t\t\t\t<\/div>\n\t\t\t\t\t<\/div>\n\t\t<\/div>\n\t\t\t\t\t<\/div>\n\t\t<\/section>\n\t\t\t\t<section class=\"elementor-section elementor-top-section elementor-element elementor-element-c4239be elementor-section-boxed elementor-section-height-default elementor-section-height-default\" data-id=\"c4239be\" data-element_type=\"section\" data-e-type=\"section\">\n\t\t\t\t\t\t<div class=\"elementor-container elementor-column-gap-default\">\n\t\t\t\t\t<div class=\"elementor-column elementor-col-100 elementor-top-column elementor-element elementor-element-c52cb05\" data-id=\"c52cb05\" data-element_type=\"column\" data-e-type=\"column\">\n\t\t\t<div class=\"elementor-widget-wrap elementor-element-populated\">\n\t\t\t\t\t\t<div class=\"elementor-element elementor-element-68965926 elementor-widget-divider--view-line elementor-widget elementor-widget-divider\" data-id=\"68965926\" data-element_type=\"widget\" data-e-type=\"widget\" data-widget_type=\"divider.default\">\n\t\t\t\t<div class=\"elementor-widget-container\">\n\t\t\t\t\t\t\t<div class=\"elementor-divider\">\n\t\t\t<span class=\"elementor-divider-separator\">\n\t\t\t\t\t\t<\/span>\n\t\t<\/div>\n\t\t\t\t\t\t<\/div>\n\t\t\t\t<\/div>\n\t\t\t\t<div class=\"elementor-element elementor-element-a8ab795 elementor-widget elementor-widget-heading\" data-id=\"a8ab795\" data-element_type=\"widget\" data-e-type=\"widget\" data-widget_type=\"heading.default\">\n\t\t\t\t<div class=\"elementor-widget-container\">\n\t\t\t\t\t<h2 class=\"elementor-heading-title elementor-size-default\">Unsere Partnerseiten<\/h2>\t\t\t\t<\/div>\n\t\t\t\t<\/div>\n\t\t\t\t<div class=\"elementor-element elementor-element-0344b4a elementor-widget elementor-widget-text-editor\" data-id=\"0344b4a\" data-element_type=\"widget\" data-e-type=\"widget\" data-widget_type=\"text-editor.default\">\n\t\t\t\t<div class=\"elementor-widget-container\">\n\t\t\t\t\t\t\t\t\t<p>Unsere Partner bieten Online-Dienste f\u00fcr Mieter und Vermieter an.<\/p>\t\t\t\t\t\t\t\t<\/div>\n\t\t\t\t<\/div>\n\t\t\t\t<section class=\"elementor-section elementor-inner-section elementor-element elementor-element-2195c0ac elementor-section-boxed elementor-section-height-default elementor-section-height-default\" data-id=\"2195c0ac\" data-element_type=\"section\" data-e-type=\"section\">\n\t\t\t\t\t\t<div class=\"elementor-container elementor-column-gap-wider\">\n\t\t\t\t\t<div class=\"elementor-column elementor-col-50 elementor-inner-column elementor-element elementor-element-29a1153b\" data-id=\"29a1153b\" data-element_type=\"column\" data-e-type=\"column\">\n\t\t\t<div class=\"elementor-widget-wrap elementor-element-populated\">\n\t\t\t\t\t\t<div class=\"elementor-element elementor-element-1ca2ae4f elementor-position-left elementor-vertical-align-middle elementor-widget elementor-widget-image-box\" data-id=\"1ca2ae4f\" data-element_type=\"widget\" data-e-type=\"widget\" data-widget_type=\"image-box.default\">\n\t\t\t\t<div class=\"elementor-widget-container\">\n\t\t\t\t\t<div class=\"elementor-image-box-wrapper\"><figure class=\"elementor-image-box-img\"><a href=\"https:\/\/www.mon-etatdeslieux.be\/contact-expert-immobilier\/?utm_source=garantie&#038;utm_medium=referral&#038;utm_campaign=partenariat&#038;utm_content=cta\" target=\"_blank\" tabindex=\"-1\"><img fetchpriority=\"high\" decoding=\"async\" width=\"339\" height=\"320\" src=\"https:\/\/garantie.be\/wp-content\/uploads\/2025\/10\/Logo-mon-etatdeslieux.png\" class=\"attachment-full size-full wp-image-19199\" alt=\"Status\" srcset=\"https:\/\/garantie.be\/wp-content\/uploads\/2025\/10\/Logo-mon-etatdeslieux.png 339w, https:\/\/garantie.be\/wp-content\/uploads\/2025\/10\/Logo-mon-etatdeslieux-300x283.png 300w\" sizes=\"(max-width: 339px) 100vw, 339px\" \/><\/a><\/figure><div class=\"elementor-image-box-content\"><h2 class=\"elementor-image-box-title\"><a href=\"https:\/\/www.mon-etatdeslieux.be\/contact-expert-immobilier\/?utm_source=garantie&#038;utm_medium=referral&#038;utm_campaign=partenariat&#038;utm_content=cta\" target=\"_blank\">Status<\/a><\/h2><p class=\"elementor-image-box-description\">Mein-wohnungs\u00fcbergabeprotokoll.be ist eine Plattform, die sich auf die Erstellung von wohnungs\u00fcbergabeprotokollen durch zugelassene Experten spezialisiert hat, ein wesentlicher Schritt zum Schutz sowohl des Mieters als auch des Vermieters bei der Vermietung einer Wohnung.<\/p><\/div><\/div>\t\t\t\t<\/div>\n\t\t\t\t<\/div>\n\t\t\t\t\t<\/div>\n\t\t<\/div>\n\t\t\t\t<div class=\"elementor-column elementor-col-50 elementor-inner-column elementor-element elementor-element-383d8a62\" data-id=\"383d8a62\" data-element_type=\"column\" data-e-type=\"column\">\n\t\t\t<div class=\"elementor-widget-wrap elementor-element-populated\">\n\t\t\t\t\t\t<div class=\"elementor-element elementor-element-5b753803 elementor-position-left elementor-vertical-align-middle elementor-widget elementor-widget-image-box\" data-id=\"5b753803\" data-element_type=\"widget\" data-e-type=\"widget\" data-widget_type=\"image-box.default\">\n\t\t\t\t<div class=\"elementor-widget-container\">\n\t\t\t\t\t<div class=\"elementor-image-box-wrapper\"><figure class=\"elementor-image-box-img\"><a href=\"https:\/\/www.swinz.be\/\" target=\"_blank\" tabindex=\"-1\"><img decoding=\"async\" width=\"231\" height=\"218\" src=\"https:\/\/garantie.be\/wp-content\/uploads\/2025\/10\/logo-swinz.png\" class=\"attachment-full size-full wp-image-19916\" alt=\"Swinz\" \/><\/a><\/figure><div class=\"elementor-image-box-content\"><h2 class=\"elementor-image-box-title\"><a href=\"https:\/\/www.swinz.be\/\" target=\"_blank\">Feuerversicherung<\/a><\/h2><p class=\"elementor-image-box-description\">Swinz.be ist eine innovative Plattform f\u00fcr Wohngeb\u00e4udeversicherungen, die den Abschluss und die Verwaltung von Vertr\u00e4gen online vereinfacht und den Mietern einen umfassenden und transparenten Versicherungsschutz bietet, der auf jede Wohnung zugeschnitten ist.<\/p><\/div><\/div>\t\t\t\t<\/div>\n\t\t\t\t<\/div>\n\t\t\t\t\t<\/div>\n\t\t<\/div>\n\t\t\t\t\t<\/div>\n\t\t<\/section>\n\t\t\t\t\t<\/div>\n\t\t<\/div>\n\t\t\t\t\t<\/div>\n\t\t<\/section>\n\t\t\t\t<section class=\"elementor-section elementor-top-section elementor-element elementor-element-446bf263 elementor-section-content-middle elementor-section-height-min-height elementor-section-items-stretch elementor-section-boxed elementor-section-height-default\" data-id=\"446bf263\" data-element_type=\"section\" data-e-type=\"section\">\n\t\t\t\t\t\t<div class=\"elementor-container elementor-column-gap-no\">\n\t\t\t\t\t<div class=\"elementor-column elementor-col-100 elementor-top-column elementor-element elementor-element-268aac9a\" data-id=\"268aac9a\" data-element_type=\"column\" data-e-type=\"column\" data-settings=\"{&quot;background_background&quot;:&quot;classic&quot;}\">\n\t\t\t<div class=\"elementor-widget-wrap elementor-element-populated\">\n\t\t\t\t\t\t<div class=\"elementor-element elementor-element-295ba026 elementor-widget elementor-widget-text-editor\" data-id=\"295ba026\" data-element_type=\"widget\" data-e-type=\"widget\" data-widget_type=\"text-editor.default\">\n\t\t\t\t<div class=\"elementor-widget-container\">\n\t\t\t\t\t\t\t\t\t<p>F\u00fcllen Sie unser Formular aus, um innerhalb weniger Stunden <a href=\"https:\/\/garantie.be\/de\/online-mietkaution\/\">online eine mietkaution<\/a> zu erhalten.<\/p>\t\t\t\t\t\t\t\t<\/div>\n\t\t\t\t<\/div>\n\t\t\t\t<div class=\"elementor-element elementor-element-77bc22e4 elementor-mobile-align-center elementor-align-center elementor-widget elementor-widget-button\" data-id=\"77bc22e4\" data-element_type=\"widget\" data-e-type=\"widget\" data-widget_type=\"button.default\">\n\t\t\t\t<div class=\"elementor-widget-container\">\n\t\t\t\t\t\t\t\t\t<div class=\"elementor-button-wrapper\">\n\t\t\t\t\t<a class=\"elementor-button elementor-button-link elementor-size-sm\" href=\"https:\/\/account.garantie.be\/en\/register\/lease\">\n\t\t\t\t\t\t<span class=\"elementor-button-content-wrapper\">\n\t\t\t\t\t\t\t\t\t<span class=\"elementor-button-text\">100% Online-Formular mietkaution<\/span>\n\t\t\t\t\t<\/span>\n\t\t\t\t\t<\/a>\n\t\t\t\t<\/div>\n\t\t\t\t\t\t\t\t<\/div>\n\t\t\t\t<\/div>\n\t\t\t\t\t<\/div>\n\t\t<\/div>\n\t\t\t\t\t<\/div>\n\t\t<\/section>\n\t\t\t\t<\/div>\n\t\t","protected":false},"excerpt":{"rendered":"<p>Partner von GARANTiE.BE garantie.be arbeitet mit einem Netzwerk von vertrauensw\u00fcrdigen Partnern (Finanzinstitute, Versicherungsgesellschaften und Akteure des Wohnungswesens) zusammen, um Mietern und Eigent\u00fcmern einfache und 100% digitale L\u00f6sungen f\u00fcr die Erstellung ihrer mietkaution anzubieten. garantie.be wird von GARANTIR SRL herausgegeben, einer belgischen Gesellschaft, die als Versicherungsmakler zugelassen und bei der FSMA (Beh\u00f6rde f\u00fcr Dienstleistungen und Finanzm\u00e4rkte) [&hellip;]<\/p>\n","protected":false},"author":1,"featured_media":0,"parent":0,"menu_order":0,"comment_status":"closed","ping_status":"closed","template":"","meta":{"footnotes":""},"class_list":["post-19917","page","type-page","status-publish","hentry"],"yoast_head":"<!-- This site is optimized with the Yoast SEO plugin v27.3 - https:\/\/yoast.com\/product\/yoast-seo-wordpress\/ -->\n<title>Vorstellung der Partner von garantie.be<\/title>\n<meta name=\"description\" content=\"Liste der Partner der Website garantie.be mit einer Beschreibung der zus\u00e4tzlichen Dienstleistungen, die online angeboten werden.\" \/>\n<meta name=\"robots\" content=\"index, follow, max-snippet:-1, max-image-preview:large, max-video-preview:-1\" \/>\n<link rel=\"canonical\" href=\"https:\/\/garantie.be\/de\/partner-garantie-be\/\" \/>\n<meta property=\"og:locale\" content=\"de_DE\" \/>\n<meta property=\"og:type\" content=\"article\" \/>\n<meta property=\"og:title\" content=\"Vorstellung der Partner von garantie.be\" \/>\n<meta property=\"og:description\" content=\"Liste der Partner der Website garantie.be mit einer Beschreibung der zus\u00e4tzlichen Dienstleistungen, die online angeboten werden.\" \/>\n<meta property=\"og:url\" content=\"https:\/\/garantie.be\/de\/partner-garantie-be\/\" \/>\n<meta property=\"og:site_name\" content=\"Garantie\" \/>\n<meta property=\"article:modified_time\" content=\"2025-10-25T09:42:46+00:00\" \/>\n<meta property=\"og:image\" content=\"https:\/\/garantie.be\/wp-content\/uploads\/2025\/10\/Logo-mon-etatdeslieux.png\" \/>\n<meta name=\"twitter:card\" content=\"summary_large_image\" \/>\n<meta name=\"twitter:label1\" content=\"Gesch\u00e4tzte Lesezeit\" \/>\n\t<meta name=\"twitter:data1\" content=\"1\u00a0Minute\" \/>\n<script type=\"application\/ld+json\" class=\"yoast-schema-graph\">{\"@context\":\"https:\\\/\\\/schema.org\",\"@graph\":[{\"@type\":\"WebPage\",\"@id\":\"https:\\\/\\\/garantie.be\\\/de\\\/partner-garantie-be\\\/\",\"url\":\"https:\\\/\\\/garantie.be\\\/de\\\/partner-garantie-be\\\/\",\"name\":\"Vorstellung der Partner von garantie.be\",\"isPartOf\":{\"@id\":\"https:\\\/\\\/garantie.be\\\/de\\\/#website\"},\"primaryImageOfPage\":{\"@id\":\"https:\\\/\\\/garantie.be\\\/de\\\/partner-garantie-be\\\/#primaryimage\"},\"image\":{\"@id\":\"https:\\\/\\\/garantie.be\\\/de\\\/partner-garantie-be\\\/#primaryimage\"},\"thumbnailUrl\":\"https:\\\/\\\/garantie.be\\\/wp-content\\\/uploads\\\/2025\\\/10\\\/Logo-mon-etatdeslieux.png\",\"datePublished\":\"2025-10-25T09:42:45+00:00\",\"dateModified\":\"2025-10-25T09:42:46+00:00\",\"description\":\"Liste der Partner der Website garantie.be mit einer Beschreibung der zus\u00e4tzlichen Dienstleistungen, die online angeboten werden.\",\"breadcrumb\":{\"@id\":\"https:\\\/\\\/garantie.be\\\/de\\\/partner-garantie-be\\\/#breadcrumb\"},\"inLanguage\":\"de\",\"potentialAction\":[{\"@type\":\"ReadAction\",\"target\":[\"https:\\\/\\\/garantie.be\\\/de\\\/partner-garantie-be\\\/\"]}]},{\"@type\":\"ImageObject\",\"inLanguage\":\"de\",\"@id\":\"https:\\\/\\\/garantie.be\\\/de\\\/partner-garantie-be\\\/#primaryimage\",\"url\":\"https:\\\/\\\/garantie.be\\\/wp-content\\\/uploads\\\/2025\\\/10\\\/Logo-mon-etatdeslieux.png\",\"contentUrl\":\"https:\\\/\\\/garantie.be\\\/wp-content\\\/uploads\\\/2025\\\/10\\\/Logo-mon-etatdeslieux.png\"},{\"@type\":\"BreadcrumbList\",\"@id\":\"https:\\\/\\\/garantie.be\\\/de\\\/partner-garantie-be\\\/#breadcrumb\",\"itemListElement\":[{\"@type\":\"ListItem\",\"position\":1,\"name\":\"Accueil\",\"item\":\"https:\\\/\\\/garantie.be\\\/de\\\/\"},{\"@type\":\"ListItem\",\"position\":2,\"name\":\"Vorstellung der Partner von garantie.be\"}]},{\"@type\":\"WebSite\",\"@id\":\"https:\\\/\\\/garantie.be\\\/de\\\/#website\",\"url\":\"https:\\\/\\\/garantie.be\\\/de\\\/\",\"name\":\"Garantie\",\"description\":\"\",\"publisher\":{\"@id\":\"https:\\\/\\\/garantie.be\\\/de\\\/#organization\"},\"potentialAction\":[{\"@type\":\"SearchAction\",\"target\":{\"@type\":\"EntryPoint\",\"urlTemplate\":\"https:\\\/\\\/garantie.be\\\/de\\\/?s={search_term_string}\"},\"query-input\":{\"@type\":\"PropertyValueSpecification\",\"valueRequired\":true,\"valueName\":\"search_term_string\"}}],\"inLanguage\":\"de\"},{\"@type\":\"Organization\",\"@id\":\"https:\\\/\\\/garantie.be\\\/de\\\/#organization\",\"name\":\"Garantie.be\",\"url\":\"https:\\\/\\\/garantie.be\\\/de\\\/\",\"logo\":{\"@type\":\"ImageObject\",\"inLanguage\":\"de\",\"@id\":\"https:\\\/\\\/garantie.be\\\/de\\\/#\\\/schema\\\/logo\\\/image\\\/\",\"url\":\"\",\"contentUrl\":\"\",\"caption\":\"Garantie.be\"},\"image\":{\"@id\":\"https:\\\/\\\/garantie.be\\\/de\\\/#\\\/schema\\\/logo\\\/image\\\/\"}}]}<\/script>\n<!-- \/ Yoast SEO plugin. -->","yoast_head_json":{"title":"Vorstellung der Partner von garantie.be","description":"Liste der Partner der Website garantie.be mit einer Beschreibung der zus\u00e4tzlichen Dienstleistungen, die online angeboten werden.","robots":{"index":"index","follow":"follow","max-snippet":"max-snippet:-1","max-image-preview":"max-image-preview:large","max-video-preview":"max-video-preview:-1"},"canonical":"https:\/\/garantie.be\/de\/partner-garantie-be\/","og_locale":"de_DE","og_type":"article","og_title":"Vorstellung der Partner von garantie.be","og_description":"Liste der Partner der Website garantie.be mit einer Beschreibung der zus\u00e4tzlichen Dienstleistungen, die online angeboten werden.","og_url":"https:\/\/garantie.be\/de\/partner-garantie-be\/","og_site_name":"Garantie","article_modified_time":"2025-10-25T09:42:46+00:00","og_image":[{"url":"https:\/\/garantie.be\/wp-content\/uploads\/2025\/10\/Logo-mon-etatdeslieux.png","type":"","width":"","height":""}],"twitter_card":"summary_large_image","twitter_misc":{"Gesch\u00e4tzte Lesezeit":"1\u00a0Minute"},"schema":{"@context":"https:\/\/schema.org","@graph":[{"@type":"WebPage","@id":"https:\/\/garantie.be\/de\/partner-garantie-be\/","url":"https:\/\/garantie.be\/de\/partner-garantie-be\/","name":"Vorstellung der Partner von garantie.be","isPartOf":{"@id":"https:\/\/garantie.be\/de\/#website"},"primaryImageOfPage":{"@id":"https:\/\/garantie.be\/de\/partner-garantie-be\/#primaryimage"},"image":{"@id":"https:\/\/garantie.be\/de\/partner-garantie-be\/#primaryimage"},"thumbnailUrl":"https:\/\/garantie.be\/wp-content\/uploads\/2025\/10\/Logo-mon-etatdeslieux.png","datePublished":"2025-10-25T09:42:45+00:00","dateModified":"2025-10-25T09:42:46+00:00","description":"Liste der Partner der Website garantie.be mit einer Beschreibung der zus\u00e4tzlichen Dienstleistungen, die online angeboten werden.","breadcrumb":{"@id":"https:\/\/garantie.be\/de\/partner-garantie-be\/#breadcrumb"},"inLanguage":"de","potentialAction":[{"@type":"ReadAction","target":["https:\/\/garantie.be\/de\/partner-garantie-be\/"]}]},{"@type":"ImageObject","inLanguage":"de","@id":"https:\/\/garantie.be\/de\/partner-garantie-be\/#primaryimage","url":"https:\/\/garantie.be\/wp-content\/uploads\/2025\/10\/Logo-mon-etatdeslieux.png","contentUrl":"https:\/\/garantie.be\/wp-content\/uploads\/2025\/10\/Logo-mon-etatdeslieux.png"},{"@type":"BreadcrumbList","@id":"https:\/\/garantie.be\/de\/partner-garantie-be\/#breadcrumb","itemListElement":[{"@type":"ListItem","position":1,"name":"Accueil","item":"https:\/\/garantie.be\/de\/"},{"@type":"ListItem","position":2,"name":"Vorstellung der Partner von garantie.be"}]},{"@type":"WebSite","@id":"https:\/\/garantie.be\/de\/#website","url":"https:\/\/garantie.be\/de\/","name":"Garantie","description":"","publisher":{"@id":"https:\/\/garantie.be\/de\/#organization"},"potentialAction":[{"@type":"SearchAction","target":{"@type":"EntryPoint","urlTemplate":"https:\/\/garantie.be\/de\/?s={search_term_string}"},"query-input":{"@type":"PropertyValueSpecification","valueRequired":true,"valueName":"search_term_string"}}],"inLanguage":"de"},{"@type":"Organization","@id":"https:\/\/garantie.be\/de\/#organization","name":"Garantie.be","url":"https:\/\/garantie.be\/de\/","logo":{"@type":"ImageObject","inLanguage":"de","@id":"https:\/\/garantie.be\/de\/#\/schema\/logo\/image\/","url":"","contentUrl":"","caption":"Garantie.be"},"image":{"@id":"https:\/\/garantie.be\/de\/#\/schema\/logo\/image\/"}}]}},"_links":{"self":[{"href":"https:\/\/garantie.be\/de\/wp-json\/wp\/v2\/pages\/19917","targetHints":{"allow":["GET"]}}],"collection":[{"href":"https:\/\/garantie.be\/de\/wp-json\/wp\/v2\/pages"}],"about":[{"href":"https:\/\/garantie.be\/de\/wp-json\/wp\/v2\/types\/page"}],"author":[{"embeddable":true,"href":"https:\/\/garantie.be\/de\/wp-json\/wp\/v2\/users\/1"}],"replies":[{"embeddable":true,"href":"https:\/\/garantie.be\/de\/wp-json\/wp\/v2\/comments?post=19917"}],"version-history":[{"count":0,"href":"https:\/\/garantie.be\/de\/wp-json\/wp\/v2\/pages\/19917\/revisions"}],"wp:attachment":[{"href":"https:\/\/garantie.be\/de\/wp-json\/wp\/v2\/media?parent=19917"}],"curies":[{"name":"wp","href":"https:\/\/api.w.org\/{rel}","templated":true}]}}