{"id":20418,"date":"2025-12-15T17:16:26","date_gmt":"2025-12-15T16:16:26","guid":{"rendered":"https:\/\/garantie.be\/korfine-mietkaution\/befreiung\/"},"modified":"2026-01-07T09:45:02","modified_gmt":"2026-01-07T08:45:02","slug":"befreiung","status":"publish","type":"page","link":"https:\/\/garantie.be\/de\/korfine-mietkaution\/befreiung\/","title":{"rendered":"Wie man die mietkaution Korfine freigibt"},"content":{"rendered":"\t\t<div data-elementor-type=\"wp-page\" data-elementor-id=\"20418\" class=\"elementor elementor-20418 elementor-20357\" data-elementor-post-type=\"page\">\n\t\t\t\t\t\t<section class=\"elementor-section elementor-top-section elementor-element elementor-element-17282ba elementor-section-boxed elementor-section-height-default elementor-section-height-default\" data-id=\"17282ba\" data-element_type=\"section\" data-e-type=\"section\">\n\t\t\t\t\t\t<div class=\"elementor-container elementor-column-gap-default\">\n\t\t\t\t\t<div class=\"elementor-column elementor-col-100 elementor-top-column elementor-element elementor-element-3ea0d1e8\" data-id=\"3ea0d1e8\" data-element_type=\"column\" data-e-type=\"column\">\n\t\t\t<div class=\"elementor-widget-wrap elementor-element-populated\">\n\t\t\t\t\t\t<div class=\"elementor-element elementor-element-e4c401c elementor-widget elementor-widget-spacer\" data-id=\"e4c401c\" data-element_type=\"widget\" data-e-type=\"widget\" data-widget_type=\"spacer.default\">\n\t\t\t\t<div class=\"elementor-widget-container\">\n\t\t\t\t\t\t\t<div class=\"elementor-spacer\">\n\t\t\t<div class=\"elementor-spacer-inner\"><\/div>\n\t\t<\/div>\n\t\t\t\t\t\t<\/div>\n\t\t\t\t<\/div>\n\t\t\t\t<div class=\"elementor-element elementor-element-e9079f6 elementor-widget elementor-widget-heading\" data-id=\"e9079f6\" data-element_type=\"widget\" data-e-type=\"widget\" data-widget_type=\"heading.default\">\n\t\t\t\t<div class=\"elementor-widget-container\">\n\t\t\t\t\t<h1 class=\"elementor-heading-title elementor-size-default\">Freigabe der <br>mietkaution Korfine<\/h1>\t\t\t\t<\/div>\n\t\t\t\t<\/div>\n\t\t\t\t<div class=\"elementor-element elementor-element-116dad27 elementor-widget elementor-widget-spacer\" data-id=\"116dad27\" data-element_type=\"widget\" data-e-type=\"widget\" data-widget_type=\"spacer.default\">\n\t\t\t\t<div class=\"elementor-widget-container\">\n\t\t\t\t\t\t\t<div class=\"elementor-spacer\">\n\t\t\t<div class=\"elementor-spacer-inner\"><\/div>\n\t\t<\/div>\n\t\t\t\t\t\t<\/div>\n\t\t\t\t<\/div>\n\t\t\t\t<div class=\"elementor-element elementor-element-148674d5 elementor-widget elementor-widget-text-editor\" data-id=\"148674d5\" data-element_type=\"widget\" data-e-type=\"widget\" data-widget_type=\"text-editor.default\">\n\t\t\t\t<div class=\"elementor-widget-container\">\n\t\t\t\t\t\t\t\t\t<p>Die Freigabe einer <a href=\"https:\/\/garantie.be\/de\/korfine-mietkaution\/\">Korfine mietkaution<\/a> erfolgt in der Regel am Ende des mietvertrags, wenn die Wohnung zur\u00fcckgegeben wurde und die Konten zwischen Vermieter und Mieter geschlossen sind. Dieser Schritt ist wichtig, damit der Mieter das gesamte oder einen Teil des blockierten Geldes zur\u00fcckerhalten kann.<\/p>\t\t\t\t\t\t\t\t<\/div>\n\t\t\t\t<\/div>\n\t\t\t\t<div class=\"elementor-element elementor-element-be0a113 elementor-widget elementor-widget-heading\" data-id=\"be0a113\" data-element_type=\"widget\" data-e-type=\"widget\" data-widget_type=\"heading.default\">\n\t\t\t\t<div class=\"elementor-widget-container\">\n\t\t\t\t\t<h2 class=\"elementor-heading-title elementor-size-default\">Wann kann eine Korfine mietkaution freigegeben werden?<\/h2>\t\t\t\t<\/div>\n\t\t\t\t<\/div>\n\t\t\t\t<div class=\"elementor-element elementor-element-2564c7ea elementor-widget elementor-widget-text-editor\" data-id=\"2564c7ea\" data-element_type=\"widget\" data-e-type=\"widget\" data-widget_type=\"text-editor.default\">\n\t\t\t\t<div class=\"elementor-widget-container\">\n\t\t\t\t\t\t\t\t\t<p>Die mietkaution Korfine kann freigegeben werden:<\/p><ul><li>Am Ende des Mietverh\u00e4ltnisses, nach dem wohnungs\u00fcbergabeprotokoll,<\/li><li>Oder seltener vor dem Ende des Mietverh\u00e4ltnisses, im Falle einer vorzeitigen Beendigung mit Zustimmung der Parteien.<\/li><\/ul><p> <\/p><p>In jedem Fall ist die Freigabe rechtlich streng geregelt. Besuchen Sie unsere Seite \u00fcber die <a href=\"https:\/\/garantie.be\/de\/korfine-mietkaution\/betrieb\/\">Funktionsweise der Korfine mietkaution<\/a>, um mehr zu erfahren. <\/p>\t\t\t\t\t\t\t\t<\/div>\n\t\t\t\t<\/div>\n\t\t\t\t<div class=\"elementor-element elementor-element-4177b513 elementor-widget elementor-widget-heading\" data-id=\"4177b513\" data-element_type=\"widget\" data-e-type=\"widget\" data-widget_type=\"heading.default\">\n\t\t\t\t<div class=\"elementor-widget-container\">\n\t\t\t\t\t<h2 class=\"elementor-heading-title elementor-size-default\">Die beiden m\u00f6glichen Freisetzungsmodi<\/h2>\t\t\t\t<\/div>\n\t\t\t\t<\/div>\n\t\t\t\t<div class=\"elementor-element elementor-element-40ddf86 elementor-widget elementor-widget-heading\" data-id=\"40ddf86\" data-element_type=\"widget\" data-e-type=\"widget\" data-widget_type=\"heading.default\">\n\t\t\t\t<div class=\"elementor-widget-container\">\n\t\t\t\t\t<h3 class=\"elementor-heading-title elementor-size-default\">1. Freistellung mit Zustimmung des Vermieters und des Mieters<\/h3>\t\t\t\t<\/div>\n\t\t\t\t<\/div>\n\t\t\t\t<div class=\"elementor-element elementor-element-d9ab9a4 elementor-widget elementor-widget-text-editor\" data-id=\"d9ab9a4\" data-element_type=\"widget\" data-e-type=\"widget\" data-widget_type=\"text-editor.default\">\n\t\t\t\t<div class=\"elementor-widget-container\">\n\t\t\t\t\t\t\t\t\t<p>Dies ist der h\u00e4ufigste Fall. Der Vermieter und der Mieter m\u00fcssen : <\/p><ul><li>Einigen Sie sich auf den Betrag, der eingezahlt werden soll,<\/li><li>Unterschreiben Sie das Korfine Liberierungsformular, das die Verteilung der Betr\u00e4ge angibt.<\/li><\/ul><p>Sobald das Dokument ausgef\u00fcllt und von beiden Parteien unterzeichnet ist, wird der Antrag an Korfine weitergeleitet, die ihn bei der Versicherungsgesellschaft bearbeitet. <strong>Sie k\u00f6nnen das<\/strong> <a href=\"https:\/\/garantie.be\/wp-content\/uploads\/2025\/12\/Formulaire-liberation-korfine.png\">Korfine Garantiefreigabeformular<\/a> <strong>herunterladen<\/strong> \u2b07\ufe0f<\/p>\t\t\t\t\t\t\t\t<\/div>\n\t\t\t\t<\/div>\n\t\t\t\t<div class=\"elementor-element elementor-element-9d0ea9d elementor-widget elementor-widget-heading\" data-id=\"9d0ea9d\" data-element_type=\"widget\" data-e-type=\"widget\" data-widget_type=\"heading.default\">\n\t\t\t\t<div class=\"elementor-widget-container\">\n\t\t\t\t\t<h3 class=\"elementor-heading-title elementor-size-default\">2. Entlassung aufgrund eines Urteils<\/h3>\t\t\t\t<\/div>\n\t\t\t\t<\/div>\n\t\t\t\t<div class=\"elementor-element elementor-element-4107842 elementor-widget elementor-widget-text-editor\" data-id=\"4107842\" data-element_type=\"widget\" data-e-type=\"widget\" data-widget_type=\"text-editor.default\">\n\t\t\t\t<div class=\"elementor-widget-container\">\n\t\t\t\t\t\t\t\t\t<p>Bei Meinungsverschiedenheiten zwischen dem Vermieter und dem Mieter kann die Garantie nicht einvernehmlich freigegeben werden. In diesem Fall : <\/p><ul><li>Eine gerichtliche Entscheidung ist erforderlich,<\/li><li>Das Urteil legt die Aufteilung der Betr\u00e4ge fest, Korfine gibt die Garantie gem\u00e4\u00df der Entscheidung des Richters frei.<\/li><\/ul>\t\t\t\t\t\t\t\t<\/div>\n\t\t\t\t<\/div>\n\t\t\t\t<div class=\"elementor-element elementor-element-cca7cb9 elementor-widget elementor-widget-image\" data-id=\"cca7cb9\" data-element_type=\"widget\" data-e-type=\"widget\" data-widget_type=\"image.default\">\n\t\t\t\t<div class=\"elementor-widget-container\">\n\t\t\t\t\t\t\t\t\t\t\t\t\t\t\t<img fetchpriority=\"high\" decoding=\"async\" width=\"723\" height=\"1024\" src=\"https:\/\/garantie.be\/wp-content\/uploads\/2025\/12\/Formulaire-liberation-korfine-723x1024.png\" class=\"attachment-large size-large wp-image-20417\" alt=\"Formular Freigabe Korfine\" srcset=\"https:\/\/garantie.be\/wp-content\/uploads\/2025\/12\/Formulaire-liberation-korfine-723x1024.png 723w, https:\/\/garantie.be\/wp-content\/uploads\/2025\/12\/Formulaire-liberation-korfine-212x300.png 212w, https:\/\/garantie.be\/wp-content\/uploads\/2025\/12\/Formulaire-liberation-korfine-768x1088.png 768w, https:\/\/garantie.be\/wp-content\/uploads\/2025\/12\/Formulaire-liberation-korfine.png 852w\" sizes=\"(max-width: 723px) 100vw, 723px\" \/>\t\t\t\t\t\t\t\t\t\t\t\t\t\t\t<\/div>\n\t\t\t\t<\/div>\n\t\t\t\t<div class=\"elementor-element elementor-element-9260309 elementor-widget elementor-widget-spacer\" data-id=\"9260309\" data-element_type=\"widget\" data-e-type=\"widget\" data-widget_type=\"spacer.default\">\n\t\t\t\t<div class=\"elementor-widget-container\">\n\t\t\t\t\t\t\t<div class=\"elementor-spacer\">\n\t\t\t<div class=\"elementor-spacer-inner\"><\/div>\n\t\t<\/div>\n\t\t\t\t\t\t<\/div>\n\t\t\t\t<\/div>\n\t\t\t\t\t<\/div>\n\t\t<\/div>\n\t\t\t\t\t<\/div>\n\t\t<\/section>\n\t\t\t\t<section class=\"elementor-section elementor-top-section elementor-element elementor-element-75514c93 elementor-section-content-middle elementor-section-height-min-height elementor-section-items-stretch elementor-section-boxed elementor-section-height-default\" data-id=\"75514c93\" data-element_type=\"section\" data-e-type=\"section\">\n\t\t\t\t\t\t<div class=\"elementor-container elementor-column-gap-no\">\n\t\t\t\t\t<div class=\"elementor-column elementor-col-100 elementor-top-column elementor-element elementor-element-2500593\" data-id=\"2500593\" data-element_type=\"column\" data-e-type=\"column\" data-settings=\"{&quot;background_background&quot;:&quot;classic&quot;}\">\n\t\t\t<div class=\"elementor-widget-wrap elementor-element-populated\">\n\t\t\t\t\t\t<div class=\"elementor-element elementor-element-4d2d0d6 elementor-widget elementor-widget-heading\" data-id=\"4d2d0d6\" data-element_type=\"widget\" data-e-type=\"widget\" data-widget_type=\"heading.default\">\n\t\t\t\t<div class=\"elementor-widget-container\">\n\t\t\t\t\t<h2 class=\"elementor-heading-title elementor-size-default\">Eine Alternative, um die Mittel nicht zu blockieren<\/h2>\t\t\t\t<\/div>\n\t\t\t\t<\/div>\n\t\t\t\t<div class=\"elementor-element elementor-element-7782ad6 elementor-widget elementor-widget-text-editor\" data-id=\"7782ad6\" data-element_type=\"widget\" data-e-type=\"widget\" data-widget_type=\"text-editor.default\">\n\t\t\t\t<div class=\"elementor-widget-container\">\n\t\t\t\t\t\t\t\t\t<p>F\u00fcllen Sie unser Formular aus, um innerhalb weniger Stunden <a href=\"https:\/\/garantie.be\/de\/online-mietkaution\/\">online eine mietkaution<\/a> auf <strong>Garantie.be<\/strong> zu erhalten. Sie m\u00fcssen kein Geld blockieren, da wir eine finanzielle Garantie \u00fcbernehmen.<\/p>\t\t\t\t\t\t\t\t<\/div>\n\t\t\t\t<\/div>\n\t\t\t\t<div class=\"elementor-element elementor-element-6d8f2b70 elementor-mobile-align-center elementor-align-center elementor-widget elementor-widget-button\" data-id=\"6d8f2b70\" data-element_type=\"widget\" data-e-type=\"widget\" data-widget_type=\"button.default\">\n\t\t\t\t<div class=\"elementor-widget-container\">\n\t\t\t\t\t\t\t\t\t<div class=\"elementor-button-wrapper\">\n\t\t\t\t\t<a class=\"elementor-button elementor-button-link elementor-size-sm\" href=\"https:\/\/account.garantie.be\/en\/register\/lease\">\n\t\t\t\t\t\t<span class=\"elementor-button-content-wrapper\">\n\t\t\t\t\t\t\t\t\t<span class=\"elementor-button-text\">100% Online-Formular mietkaution<\/span>\n\t\t\t\t\t<\/span>\n\t\t\t\t\t<\/a>\n\t\t\t\t<\/div>\n\t\t\t\t\t\t\t\t<\/div>\n\t\t\t\t<\/div>\n\t\t\t\t\t<\/div>\n\t\t<\/div>\n\t\t\t\t\t<\/div>\n\t\t<\/section>\n\t\t\t\t<section class=\"elementor-section elementor-top-section elementor-element elementor-element-624b971e elementor-section-boxed elementor-section-height-default elementor-section-height-default\" data-id=\"624b971e\" data-element_type=\"section\" data-e-type=\"section\">\n\t\t\t\t\t\t<div class=\"elementor-container elementor-column-gap-default\">\n\t\t\t\t\t<div class=\"elementor-column elementor-col-100 elementor-top-column elementor-element elementor-element-4061de4b\" data-id=\"4061de4b\" data-element_type=\"column\" data-e-type=\"column\">\n\t\t\t<div class=\"elementor-widget-wrap elementor-element-populated\">\n\t\t\t\t\t\t<div class=\"elementor-element elementor-element-5406d506 elementor-widget elementor-widget-spacer\" data-id=\"5406d506\" data-element_type=\"widget\" data-e-type=\"widget\" data-widget_type=\"spacer.default\">\n\t\t\t\t<div class=\"elementor-widget-container\">\n\t\t\t\t\t\t\t<div class=\"elementor-spacer\">\n\t\t\t<div class=\"elementor-spacer-inner\"><\/div>\n\t\t<\/div>\n\t\t\t\t\t\t<\/div>\n\t\t\t\t<\/div>\n\t\t\t\t<div class=\"elementor-element elementor-element-13f47265 elementor-widget elementor-widget-heading\" data-id=\"13f47265\" data-element_type=\"widget\" data-e-type=\"widget\" data-widget_type=\"heading.default\">\n\t\t\t\t<div class=\"elementor-widget-container\">\n\t\t\t\t\t<h2 class=\"elementor-heading-title elementor-size-default\">Wie l\u00e4uft das Verfahren konkret ab?<\/h2>\t\t\t\t<\/div>\n\t\t\t\t<\/div>\n\t\t\t\t<div class=\"elementor-element elementor-element-15d48b07 elementor-widget elementor-widget-text-editor\" data-id=\"15d48b07\" data-element_type=\"widget\" data-e-type=\"widget\" data-widget_type=\"text-editor.default\">\n\t\t\t\t<div class=\"elementor-widget-container\">\n\t\t\t\t\t\t\t\t\t<ol>\n<li>Beendigung des Mietverh\u00e4ltnisses und wohnungs\u00fcbergabeprotokoll<\/li>\n<li>Vereinbarung zwischen Vermieter und Mieter (oder Urteil)<\/li>\n<li>Ausf\u00fcllen und Unterzeichnen des Freigabeformulars<\/li>\n<li>Weiterleitung der Akte an Korfine<\/li>\n<li>Bearbeitung durch den Partnerversicherer<\/li>\n<li>Auszahlung der Betr\u00e4ge gem\u00e4\u00df der vereinbarten Aufteilung<\/li>\n<\/ol>\t\t\t\t\t\t\t\t<\/div>\n\t\t\t\t<\/div>\n\t\t\t\t<div class=\"elementor-element elementor-element-dc887b5 elementor-widget elementor-widget-spacer\" data-id=\"dc887b5\" data-element_type=\"widget\" data-e-type=\"widget\" data-widget_type=\"spacer.default\">\n\t\t\t\t<div class=\"elementor-widget-container\">\n\t\t\t\t\t\t\t<div class=\"elementor-spacer\">\n\t\t\t<div class=\"elementor-spacer-inner\"><\/div>\n\t\t<\/div>\n\t\t\t\t\t\t<\/div>\n\t\t\t\t<\/div>\n\t\t\t\t<div class=\"elementor-element elementor-element-d96f272 elementor-widget elementor-widget-heading\" data-id=\"d96f272\" data-element_type=\"widget\" data-e-type=\"widget\" data-widget_type=\"heading.default\">\n\t\t\t\t<div class=\"elementor-widget-container\">\n\t\t\t\t\t<h2 class=\"elementor-heading-title elementor-size-default\">Welche Fristen gelten f\u00fcr die R\u00fcckerstattung des Geldes?<\/h2>\t\t\t\t<\/div>\n\t\t\t\t<\/div>\n\t\t\t\t<div class=\"elementor-element elementor-element-70bb9559 elementor-widget elementor-widget-text-editor\" data-id=\"70bb9559\" data-element_type=\"widget\" data-e-type=\"widget\" data-widget_type=\"text-editor.default\">\n\t\t\t\t<div class=\"elementor-widget-container\">\n\t\t\t\t\t\t\t\t\t<p>Die Fristen f\u00fcr die Freigabe einer Korfine mietkaution h\u00e4ngen davon ab, wie schnell die Dokumente \u00fcbermittelt werden und ob die Freigabe auf g\u00fctlichem oder gerichtlichem Wege erfolgt.<\/p><p><strong>In der Praxis<\/strong>: Mit einem vollst\u00e4ndigen Dossier und einer g\u00fctlichen Einigung erfolgt die Entlassung oft innerhalb von Tagen bis Wochen. Es kann jedoch vorkommen, dass sich die Fristen bei bestimmten F\u00e4llen, die zus\u00e4tzliche Informationen erfordern, verl\u00e4ngern. <\/p>\t\t\t\t\t\t\t\t<\/div>\n\t\t\t\t<\/div>\n\t\t\t\t\t<\/div>\n\t\t<\/div>\n\t\t\t\t\t<\/div>\n\t\t<\/section>\n\t\t\t\t<\/div>\n\t\t","protected":false},"excerpt":{"rendered":"<p>Freigabe der mietkaution Korfine Die Freigabe einer Korfine mietkaution erfolgt in der Regel am Ende des mietvertrags, wenn die Wohnung zur\u00fcckgegeben wurde und die Konten zwischen Vermieter und Mieter geschlossen sind. Dieser Schritt ist wichtig, damit der Mieter das gesamte oder einen Teil des blockierten Geldes zur\u00fcckerhalten kann. Wann kann eine Korfine mietkaution freigegeben werden? [&hellip;]<\/p>\n","protected":false},"author":1,"featured_media":0,"parent":2938,"menu_order":0,"comment_status":"closed","ping_status":"closed","template":"","meta":{"footnotes":""},"class_list":["post-20418","page","type-page","status-publish","hentry"],"yoast_head":"<!-- This site is optimized with the Yoast SEO plugin v27.2 - https:\/\/yoast.com\/product\/yoast-seo-wordpress\/ -->\n<title>Wie man die mietkaution Korfine freigibt<\/title>\n<meta name=\"description\" content=\"Ist Ihr Geld bei Korfine gesperrt? Hier erfahren Sie, wie Sie Ihre mietkaution freigeben k\u00f6nnen: Verfahren, Formular und Fristen werden erl\u00e4utert.\" \/>\n<meta name=\"robots\" content=\"index, follow, max-snippet:-1, max-image-preview:large, max-video-preview:-1\" \/>\n<link rel=\"canonical\" href=\"https:\/\/garantie.be\/de\/korfine-mietkaution\/befreiung\/\" \/>\n<meta property=\"og:locale\" content=\"de_DE\" \/>\n<meta property=\"og:type\" content=\"article\" \/>\n<meta property=\"og:title\" content=\"Wie man die mietkaution Korfine freigibt\" \/>\n<meta property=\"og:description\" content=\"Ist Ihr Geld bei Korfine gesperrt? Hier erfahren Sie, wie Sie Ihre mietkaution freigeben k\u00f6nnen: Verfahren, Formular und Fristen werden erl\u00e4utert.\" \/>\n<meta property=\"og:url\" content=\"https:\/\/garantie.be\/de\/korfine-mietkaution\/befreiung\/\" \/>\n<meta property=\"og:site_name\" content=\"Garantie\" \/>\n<meta property=\"article:modified_time\" content=\"2026-01-07T08:45:02+00:00\" \/>\n<meta property=\"og:image\" content=\"https:\/\/garantie.be\/wp-content\/uploads\/2025\/12\/Formulaire-liberation-korfine-723x1024.png\" \/>\n<meta name=\"twitter:card\" content=\"summary_large_image\" \/>\n<meta name=\"twitter:label1\" content=\"Gesch\u00e4tzte Lesezeit\" \/>\n\t<meta name=\"twitter:data1\" content=\"2\u00a0Minuten\" \/>\n<script type=\"application\/ld+json\" class=\"yoast-schema-graph\">{\"@context\":\"https:\/\/schema.org\",\"@graph\":[{\"@type\":\"WebPage\",\"@id\":\"https:\/\/garantie.be\/de\/korfine-mietkaution\/befreiung\/\",\"url\":\"https:\/\/garantie.be\/de\/korfine-mietkaution\/befreiung\/\",\"name\":\"Wie man die mietkaution Korfine freigibt\",\"isPartOf\":{\"@id\":\"https:\/\/garantie.be\/de\/#website\"},\"primaryImageOfPage\":{\"@id\":\"https:\/\/garantie.be\/de\/korfine-mietkaution\/befreiung\/#primaryimage\"},\"image\":{\"@id\":\"https:\/\/garantie.be\/de\/korfine-mietkaution\/befreiung\/#primaryimage\"},\"thumbnailUrl\":\"https:\/\/garantie.be\/wp-content\/uploads\/2025\/12\/Formulaire-liberation-korfine-723x1024.png\",\"datePublished\":\"2025-12-15T16:16:26+00:00\",\"dateModified\":\"2026-01-07T08:45:02+00:00\",\"description\":\"Ist Ihr Geld bei Korfine gesperrt? Hier erfahren Sie, wie Sie Ihre mietkaution freigeben k\u00f6nnen: Verfahren, Formular und Fristen werden erl\u00e4utert.\",\"breadcrumb\":{\"@id\":\"https:\/\/garantie.be\/de\/korfine-mietkaution\/befreiung\/#breadcrumb\"},\"inLanguage\":\"de\",\"potentialAction\":[{\"@type\":\"ReadAction\",\"target\":[\"https:\/\/garantie.be\/de\/korfine-mietkaution\/befreiung\/\"]}]},{\"@type\":\"ImageObject\",\"inLanguage\":\"de\",\"@id\":\"https:\/\/garantie.be\/de\/korfine-mietkaution\/befreiung\/#primaryimage\",\"url\":\"https:\/\/garantie.be\/wp-content\/uploads\/2025\/12\/Formulaire-liberation-korfine-723x1024.png\",\"contentUrl\":\"https:\/\/garantie.be\/wp-content\/uploads\/2025\/12\/Formulaire-liberation-korfine-723x1024.png\"},{\"@type\":\"BreadcrumbList\",\"@id\":\"https:\/\/garantie.be\/de\/korfine-mietkaution\/befreiung\/#breadcrumb\",\"itemListElement\":[{\"@type\":\"ListItem\",\"position\":1,\"name\":\"Accueil\",\"item\":\"https:\/\/garantie.be\/de\/\"},{\"@type\":\"ListItem\",\"position\":2,\"name\":\"Mietkaution korfine\",\"item\":\"https:\/\/garantie.be\/de\/korfine-mietkaution\/\"},{\"@type\":\"ListItem\",\"position\":3,\"name\":\"Wie man die mietkaution Korfine freigibt\"}]},{\"@type\":\"WebSite\",\"@id\":\"https:\/\/garantie.be\/de\/#website\",\"url\":\"https:\/\/garantie.be\/de\/\",\"name\":\"Garantie\",\"description\":\"\",\"publisher\":{\"@id\":\"https:\/\/garantie.be\/de\/#organization\"},\"potentialAction\":[{\"@type\":\"SearchAction\",\"target\":{\"@type\":\"EntryPoint\",\"urlTemplate\":\"https:\/\/garantie.be\/de\/?s={search_term_string}\"},\"query-input\":{\"@type\":\"PropertyValueSpecification\",\"valueRequired\":true,\"valueName\":\"search_term_string\"}}],\"inLanguage\":\"de\"},{\"@type\":\"Organization\",\"@id\":\"https:\/\/garantie.be\/de\/#organization\",\"name\":\"Garantie.be\",\"url\":\"https:\/\/garantie.be\/de\/\",\"logo\":{\"@type\":\"ImageObject\",\"inLanguage\":\"de\",\"@id\":\"https:\/\/garantie.be\/de\/#\/schema\/logo\/image\/\",\"url\":\"\",\"contentUrl\":\"\",\"caption\":\"Garantie.be\"},\"image\":{\"@id\":\"https:\/\/garantie.be\/de\/#\/schema\/logo\/image\/\"}}]}<\/script>\n<!-- \/ Yoast SEO plugin. -->","yoast_head_json":{"title":"Wie man die mietkaution Korfine freigibt","description":"Ist Ihr Geld bei Korfine gesperrt? Hier erfahren Sie, wie Sie Ihre mietkaution freigeben k\u00f6nnen: Verfahren, Formular und Fristen werden erl\u00e4utert.","robots":{"index":"index","follow":"follow","max-snippet":"max-snippet:-1","max-image-preview":"max-image-preview:large","max-video-preview":"max-video-preview:-1"},"canonical":"https:\/\/garantie.be\/de\/korfine-mietkaution\/befreiung\/","og_locale":"de_DE","og_type":"article","og_title":"Wie man die mietkaution Korfine freigibt","og_description":"Ist Ihr Geld bei Korfine gesperrt? Hier erfahren Sie, wie Sie Ihre mietkaution freigeben k\u00f6nnen: Verfahren, Formular und Fristen werden erl\u00e4utert.","og_url":"https:\/\/garantie.be\/de\/korfine-mietkaution\/befreiung\/","og_site_name":"Garantie","article_modified_time":"2026-01-07T08:45:02+00:00","og_image":[{"url":"https:\/\/garantie.be\/wp-content\/uploads\/2025\/12\/Formulaire-liberation-korfine-723x1024.png","type":"","width":"","height":""}],"twitter_card":"summary_large_image","twitter_misc":{"Gesch\u00e4tzte Lesezeit":"2\u00a0Minuten"},"schema":{"@context":"https:\/\/schema.org","@graph":[{"@type":"WebPage","@id":"https:\/\/garantie.be\/de\/korfine-mietkaution\/befreiung\/","url":"https:\/\/garantie.be\/de\/korfine-mietkaution\/befreiung\/","name":"Wie man die mietkaution Korfine freigibt","isPartOf":{"@id":"https:\/\/garantie.be\/de\/#website"},"primaryImageOfPage":{"@id":"https:\/\/garantie.be\/de\/korfine-mietkaution\/befreiung\/#primaryimage"},"image":{"@id":"https:\/\/garantie.be\/de\/korfine-mietkaution\/befreiung\/#primaryimage"},"thumbnailUrl":"https:\/\/garantie.be\/wp-content\/uploads\/2025\/12\/Formulaire-liberation-korfine-723x1024.png","datePublished":"2025-12-15T16:16:26+00:00","dateModified":"2026-01-07T08:45:02+00:00","description":"Ist Ihr Geld bei Korfine gesperrt? Hier erfahren Sie, wie Sie Ihre mietkaution freigeben k\u00f6nnen: Verfahren, Formular und Fristen werden erl\u00e4utert.","breadcrumb":{"@id":"https:\/\/garantie.be\/de\/korfine-mietkaution\/befreiung\/#breadcrumb"},"inLanguage":"de","potentialAction":[{"@type":"ReadAction","target":["https:\/\/garantie.be\/de\/korfine-mietkaution\/befreiung\/"]}]},{"@type":"ImageObject","inLanguage":"de","@id":"https:\/\/garantie.be\/de\/korfine-mietkaution\/befreiung\/#primaryimage","url":"https:\/\/garantie.be\/wp-content\/uploads\/2025\/12\/Formulaire-liberation-korfine-723x1024.png","contentUrl":"https:\/\/garantie.be\/wp-content\/uploads\/2025\/12\/Formulaire-liberation-korfine-723x1024.png"},{"@type":"BreadcrumbList","@id":"https:\/\/garantie.be\/de\/korfine-mietkaution\/befreiung\/#breadcrumb","itemListElement":[{"@type":"ListItem","position":1,"name":"Accueil","item":"https:\/\/garantie.be\/de\/"},{"@type":"ListItem","position":2,"name":"Mietkaution korfine","item":"https:\/\/garantie.be\/de\/korfine-mietkaution\/"},{"@type":"ListItem","position":3,"name":"Wie man die mietkaution Korfine freigibt"}]},{"@type":"WebSite","@id":"https:\/\/garantie.be\/de\/#website","url":"https:\/\/garantie.be\/de\/","name":"Garantie","description":"","publisher":{"@id":"https:\/\/garantie.be\/de\/#organization"},"potentialAction":[{"@type":"SearchAction","target":{"@type":"EntryPoint","urlTemplate":"https:\/\/garantie.be\/de\/?s={search_term_string}"},"query-input":{"@type":"PropertyValueSpecification","valueRequired":true,"valueName":"search_term_string"}}],"inLanguage":"de"},{"@type":"Organization","@id":"https:\/\/garantie.be\/de\/#organization","name":"Garantie.be","url":"https:\/\/garantie.be\/de\/","logo":{"@type":"ImageObject","inLanguage":"de","@id":"https:\/\/garantie.be\/de\/#\/schema\/logo\/image\/","url":"","contentUrl":"","caption":"Garantie.be"},"image":{"@id":"https:\/\/garantie.be\/de\/#\/schema\/logo\/image\/"}}]}},"_links":{"self":[{"href":"https:\/\/garantie.be\/de\/wp-json\/wp\/v2\/pages\/20418","targetHints":{"allow":["GET"]}}],"collection":[{"href":"https:\/\/garantie.be\/de\/wp-json\/wp\/v2\/pages"}],"about":[{"href":"https:\/\/garantie.be\/de\/wp-json\/wp\/v2\/types\/page"}],"author":[{"embeddable":true,"href":"https:\/\/garantie.be\/de\/wp-json\/wp\/v2\/users\/1"}],"replies":[{"embeddable":true,"href":"https:\/\/garantie.be\/de\/wp-json\/wp\/v2\/comments?post=20418"}],"version-history":[{"count":0,"href":"https:\/\/garantie.be\/de\/wp-json\/wp\/v2\/pages\/20418\/revisions"}],"up":[{"embeddable":true,"href":"https:\/\/garantie.be\/de\/wp-json\/wp\/v2\/pages\/2938"}],"wp:attachment":[{"href":"https:\/\/garantie.be\/de\/wp-json\/wp\/v2\/media?parent=20418"}],"curies":[{"name":"wp","href":"https:\/\/api.w.org\/{rel}","templated":true}]}}