{"id":20425,"date":"2025-12-15T17:18:59","date_gmt":"2025-12-15T16:18:59","guid":{"rendered":"https:\/\/garantie.be\/korfine-mietkaution\/blockkonto-versicherung\/"},"modified":"2025-12-18T12:35:52","modified_gmt":"2025-12-18T11:35:52","slug":"blockkonto-versicherung","status":"publish","type":"page","link":"https:\/\/garantie.be\/de\/korfine-mietkaution\/blockkonto-versicherung\/","title":{"rendered":"Ist die mietkaution Korfine ein gesperrtes Bankkonto?"},"content":{"rendered":"\t\t<div data-elementor-type=\"wp-page\" data-elementor-id=\"20425\" class=\"elementor elementor-20425 elementor-20360\" data-elementor-post-type=\"page\">\n\t\t\t\t\t\t<section class=\"elementor-section elementor-top-section elementor-element elementor-element-33e54244 elementor-section-boxed elementor-section-height-default elementor-section-height-default\" data-id=\"33e54244\" data-element_type=\"section\" data-e-type=\"section\">\n\t\t\t\t\t\t<div class=\"elementor-container elementor-column-gap-default\">\n\t\t\t\t\t<div class=\"elementor-column elementor-col-100 elementor-top-column elementor-element elementor-element-7d0b6370\" data-id=\"7d0b6370\" data-element_type=\"column\" data-e-type=\"column\">\n\t\t\t<div class=\"elementor-widget-wrap elementor-element-populated\">\n\t\t\t\t\t\t<div class=\"elementor-element elementor-element-1ffec6aa elementor-widget elementor-widget-spacer\" data-id=\"1ffec6aa\" data-element_type=\"widget\" data-e-type=\"widget\" data-widget_type=\"spacer.default\">\n\t\t\t\t<div class=\"elementor-widget-container\">\n\t\t\t\t\t\t\t<div class=\"elementor-spacer\">\n\t\t\t<div class=\"elementor-spacer-inner\"><\/div>\n\t\t<\/div>\n\t\t\t\t\t\t<\/div>\n\t\t\t\t<\/div>\n\t\t\t\t<div class=\"elementor-element elementor-element-45bc2b14 elementor-widget elementor-widget-heading\" data-id=\"45bc2b14\" data-element_type=\"widget\" data-e-type=\"widget\" data-widget_type=\"heading.default\">\n\t\t\t\t<div class=\"elementor-widget-container\">\n\t\t\t\t\t<h1 class=\"elementor-heading-title elementor-size-default\">Korfine Huurwaarborg<br><b>Sperrkonto oder Versicherung?<\/b><\/h1>\t\t\t\t<\/div>\n\t\t\t\t<\/div>\n\t\t\t\t<div class=\"elementor-element elementor-element-300b7733 elementor-widget elementor-widget-spacer\" data-id=\"300b7733\" data-element_type=\"widget\" data-e-type=\"widget\" data-widget_type=\"spacer.default\">\n\t\t\t\t<div class=\"elementor-widget-container\">\n\t\t\t\t\t\t\t<div class=\"elementor-spacer\">\n\t\t\t<div class=\"elementor-spacer-inner\"><\/div>\n\t\t<\/div>\n\t\t\t\t\t\t<\/div>\n\t\t\t\t<\/div>\n\t\t\t\t<div class=\"elementor-element elementor-element-5815b2a4 elementor-widget elementor-widget-text-editor\" data-id=\"5815b2a4\" data-element_type=\"widget\" data-e-type=\"widget\" data-widget_type=\"text-editor.default\">\n\t\t\t\t<div class=\"elementor-widget-container\">\n\t\t\t\t\t\t\t\t\t<p>Viele Mieter und Vermieter stellen sich <strong>die<\/strong> gleiche Frage: <strong>Ist die Korfine mietkaution ein gesperrtes Bankkonto oder eine Versicherung?<\/strong> Die Verwechslung ist h\u00e4ufig, da das angestrebte Ergebnis \u00e4hnlich ist: Sicherheit f\u00fcr den Vermieter, w\u00e4hrend ein Betrag des Mieters blockiert wird.<\/p><p>Wir erkl\u00e4ren Ihnen die genaue Natur der <a href=\"https:\/\/garantie.be\/de\/korfine-mietkaution\/\">mietkaution Korfine<\/a>, die Unterschiede zu einem klassischen gesperrten Bankkonto und die praktischen Folgen f\u00fcr den Mieter und Vermieter.<\/p>\t\t\t\t\t\t\t\t<\/div>\n\t\t\t\t<\/div>\n\t\t\t\t<div class=\"elementor-element elementor-element-387a4df0 elementor-widget elementor-widget-heading\" data-id=\"387a4df0\" data-element_type=\"widget\" data-e-type=\"widget\" data-widget_type=\"heading.default\">\n\t\t\t\t<div class=\"elementor-widget-container\">\n\t\t\t\t\t<h2 class=\"elementor-heading-title elementor-size-default\">Warum sprechen wir von einem gesperrten Konto Korfine?<\/h2>\t\t\t\t<\/div>\n\t\t\t\t<\/div>\n\t\t\t\t<div class=\"elementor-element elementor-element-7e63377c elementor-widget elementor-widget-text-editor\" data-id=\"7e63377c\" data-element_type=\"widget\" data-e-type=\"widget\" data-widget_type=\"text-editor.default\">\n\t\t\t\t<div class=\"elementor-widget-container\">\n\t\t\t\t\t\t\t\t\t<p>In der Umgangssprache wird oft von einem &#8222;gesperrten Korfine-Konto&#8220; gesprochen. Dieser Begriff ist jedoch rechtlich nicht korrekt. <\/p><p>Die Verwirrung kommt daher, dass die Funktionsweise \u00e4hnlich einer <a href=\"https:\/\/garantie.be\/de\/mietkaution\/bankkonto-mietkaution\/\">mietkaution mit einem gesperrten Bankkonto<\/a> ist:<\/p><ul><li>das Geld w\u00e4hrend des Mietverh\u00e4ltnisses tats\u00e4chlich blockiert ist,<\/li><li>Der Vermieter erh\u00e4lt eine Sicherheit, die mit einem gesperrten Bankkonto vergleichbar ist,<\/li><li>Die Freilassung kann nur mit Zustimmung der Parteien oder durch ein Urteil erfolgen.<\/li><\/ul><p> <\/p><p>Sie basiert auf einem <strong>kapitalisierenden Versicherungsvertrag &#8211; Zweig 26<\/strong>.<\/p>\t\t\t\t\t\t\t\t<\/div>\n\t\t\t\t<\/div>\n\t\t\t\t\t<\/div>\n\t\t<\/div>\n\t\t\t\t\t<\/div>\n\t\t<\/section>\n\t\t\t\t<section class=\"elementor-section elementor-top-section elementor-element elementor-element-26e34507 elementor-section-content-middle elementor-section-height-min-height elementor-section-items-stretch elementor-section-boxed elementor-section-height-default\" data-id=\"26e34507\" data-element_type=\"section\" data-e-type=\"section\">\n\t\t\t\t\t\t<div class=\"elementor-container elementor-column-gap-no\">\n\t\t\t\t\t<div class=\"elementor-column elementor-col-100 elementor-top-column elementor-element elementor-element-38ac6640\" data-id=\"38ac6640\" data-element_type=\"column\" data-e-type=\"column\" data-settings=\"{&quot;background_background&quot;:&quot;classic&quot;}\">\n\t\t\t<div class=\"elementor-widget-wrap elementor-element-populated\">\n\t\t\t\t\t\t<div class=\"elementor-element elementor-element-1faa319c elementor-widget elementor-widget-text-editor\" data-id=\"1faa319c\" data-element_type=\"widget\" data-e-type=\"widget\" data-widget_type=\"text-editor.default\">\n\t\t\t\t<div class=\"elementor-widget-container\">\n\t\t\t\t\t\t\t\t\t<p>F\u00fcllen Sie unser Formular aus, um innerhalb weniger Stunden <a href=\"https:\/\/garantie.be\/de\/online-mietkaution\/\">online eine mietkaution<\/a> auf <strong>Garantie.be<\/strong> zu erhalten. Sie blockieren kein Geld, da wir wie eine Bankgarantie funktionieren.<\/p>\t\t\t\t\t\t\t\t<\/div>\n\t\t\t\t<\/div>\n\t\t\t\t<div class=\"elementor-element elementor-element-6242f059 elementor-mobile-align-center elementor-align-center elementor-widget elementor-widget-button\" data-id=\"6242f059\" data-element_type=\"widget\" data-e-type=\"widget\" data-widget_type=\"button.default\">\n\t\t\t\t<div class=\"elementor-widget-container\">\n\t\t\t\t\t\t\t\t\t<div class=\"elementor-button-wrapper\">\n\t\t\t\t\t<a class=\"elementor-button elementor-button-link elementor-size-sm\" href=\"https:\/\/account.garantie.be\/en\/register\/lease\">\n\t\t\t\t\t\t<span class=\"elementor-button-content-wrapper\">\n\t\t\t\t\t\t\t\t\t<span class=\"elementor-button-text\">100% Online-Formular mietkaution<\/span>\n\t\t\t\t\t<\/span>\n\t\t\t\t\t<\/a>\n\t\t\t\t<\/div>\n\t\t\t\t\t\t\t\t<\/div>\n\t\t\t\t<\/div>\n\t\t\t\t\t<\/div>\n\t\t<\/div>\n\t\t\t\t\t<\/div>\n\t\t<\/section>\n\t\t\t\t<section class=\"elementor-section elementor-top-section elementor-element elementor-element-720a75bd elementor-section-boxed elementor-section-height-default elementor-section-height-default\" data-id=\"720a75bd\" data-element_type=\"section\" data-e-type=\"section\">\n\t\t\t\t\t\t<div class=\"elementor-container elementor-column-gap-default\">\n\t\t\t\t\t<div class=\"elementor-column elementor-col-100 elementor-top-column elementor-element elementor-element-5b867421\" data-id=\"5b867421\" data-element_type=\"column\" data-e-type=\"column\">\n\t\t\t<div class=\"elementor-widget-wrap elementor-element-populated\">\n\t\t\t\t\t\t<div class=\"elementor-element elementor-element-39908187 elementor-widget elementor-widget-spacer\" data-id=\"39908187\" data-element_type=\"widget\" data-e-type=\"widget\" data-widget_type=\"spacer.default\">\n\t\t\t\t<div class=\"elementor-widget-container\">\n\t\t\t\t\t\t\t<div class=\"elementor-spacer\">\n\t\t\t<div class=\"elementor-spacer-inner\"><\/div>\n\t\t<\/div>\n\t\t\t\t\t\t<\/div>\n\t\t\t\t<\/div>\n\t\t\t\t<div class=\"elementor-element elementor-element-2e160790 elementor-widget elementor-widget-heading\" data-id=\"2e160790\" data-element_type=\"widget\" data-e-type=\"widget\" data-widget_type=\"heading.default\">\n\t\t\t\t<div class=\"elementor-widget-container\">\n\t\t\t\t\t<h2 class=\"elementor-heading-title elementor-size-default\">Die Korfine mietkaution ist kein Bankkonto.<\/h2>\t\t\t\t<\/div>\n\t\t\t\t<\/div>\n\t\t\t\t<div class=\"elementor-element elementor-element-5911b059 elementor-widget elementor-widget-text-editor\" data-id=\"5911b059\" data-element_type=\"widget\" data-e-type=\"widget\" data-widget_type=\"text-editor.default\">\n\t\t\t\t<div class=\"elementor-widget-container\">\n\t\t\t\t\t\t\t\t\t<p>Die Besonderheiten, die das gesperrte Bankkonto vom Korfine-Vertrag unterscheiden, sind, dass es :<\/p><ul><li>in einer Bank er\u00f6ffnet,<\/li><li>der Bankenregulierung unterliegen,<\/li><li>durch das Einlagensicherungssystem abgedeckt (bis zu 100.000 \u20ac),<\/li><li>in der Regel unbezahlt oder sehr gering bezahlt.<\/li><\/ul><p> <\/p><p>Die <a href=\"https:\/\/garantie.be\/de\/korfine-mietkaution\/\">Korfine-B\u00fcrgschaft<\/a> erf\u00fcllt diese Kriterien nicht. Sie wird nicht von einer Bank gehalten und f\u00e4llt daher nicht unter das klassische Bankregime. <\/p>\t\t\t\t\t\t\t\t<\/div>\n\t\t\t\t<\/div>\n\t\t\t\t<div class=\"elementor-element elementor-element-5fb35585 elementor-widget elementor-widget-heading\" data-id=\"5fb35585\" data-element_type=\"widget\" data-e-type=\"widget\" data-widget_type=\"heading.default\">\n\t\t\t\t<div class=\"elementor-widget-container\">\n\t\t\t\t\t<h2 class=\"elementor-heading-title elementor-size-default\">Die Korfine mietkaution ist eine Versicherung (Zweig 26).<\/h2>\t\t\t\t<\/div>\n\t\t\t\t<\/div>\n\t\t\t\t<div class=\"elementor-element elementor-element-1fdacf9 elementor-widget elementor-widget-text-editor\" data-id=\"1fdacf9\" data-element_type=\"widget\" data-e-type=\"widget\" data-widget_type=\"text-editor.default\">\n\t\t\t\t<div class=\"elementor-widget-container\">\n\t\t\t\t\t\t\t\t\t<p>Die Korfine mietkaution basiert auf einem Kapitalisierungsvertrag Zweig 26, der bei einer zugelassenen belgischen Versicherungsgesellschaft abgeschlossen wurde.<\/p><h3>Was ist Zweig 26?<\/h3><ul><li>Biometrische risikofreie Lebensversicherung<\/li><li>Mit einer einmaligen Zahlung<\/li><li>Ein vom Versicherer garantiertes Kapital<\/li><li>Ein garantierter Zinssatz bei der Zeichnung<\/li><li>Ein Vertrag, der dem belgischen Recht unterliegt<\/li><\/ul><p> <\/p><p>Das Geld des Mieters wird also <strong>in ein Versicherungsprodukt und nicht auf ein Bankkonto investiert<\/strong>.<\/p>\t\t\t\t\t\t\t\t<\/div>\n\t\t\t\t<\/div>\n\t\t\t\t<div class=\"elementor-element elementor-element-3598ec00 elementor-widget elementor-widget-heading\" data-id=\"3598ec00\" data-element_type=\"widget\" data-e-type=\"widget\" data-widget_type=\"heading.default\">\n\t\t\t\t<div class=\"elementor-widget-container\">\n\t\t\t\t\t<h2 class=\"elementor-heading-title elementor-size-default\">Wer h\u00e4lt das Geld und wer wird gesch\u00fctzt?<\/h2>\t\t\t\t<\/div>\n\t\t\t\t<\/div>\n\t\t\t\t<div class=\"elementor-element elementor-element-6c659a8d elementor-widget elementor-widget-text-editor\" data-id=\"6c659a8d\" data-element_type=\"widget\" data-e-type=\"widget\" data-widget_type=\"text-editor.default\">\n\t\t\t\t<div class=\"elementor-widget-container\">\n\t\t\t\t\t\t\t\t\t<p><strong>Der Mieter bleibt Eigent\u00fcmer des Kapitals<\/strong>. Der Vermieter hat einen Anspruch auf die Summe im Falle von Mietsch\u00e4den oder Schulden, der Versicherer garantiert das Kapital. <\/p><p><strong>Korfine fungiert als Versicherungsmakler<\/strong>, ohne die Mittel zu besitzen. Das Kapital wird rechtlich als Sicherheit f\u00fcr den Vermieter verwendet. <\/p>\t\t\t\t\t\t\t\t<\/div>\n\t\t\t\t<\/div>\n\t\t\t\t<div class=\"elementor-element elementor-element-4f911d92 elementor-widget elementor-widget-heading\" data-id=\"4f911d92\" data-element_type=\"widget\" data-e-type=\"widget\" data-widget_type=\"heading.default\">\n\t\t\t\t<div class=\"elementor-widget-container\">\n\t\t\t\t\t<h2 class=\"elementor-heading-title elementor-size-default\">Vergleich: Korfine vs. gesperrtes Bankkonto<\/h2>\t\t\t\t<\/div>\n\t\t\t\t<\/div>\n\t\t\t\t<div class=\"elementor-element elementor-element-3c3f56c7 elementor-widget elementor-widget-text-editor\" data-id=\"3c3f56c7\" data-element_type=\"widget\" data-e-type=\"widget\" data-widget_type=\"text-editor.default\">\n\t\t\t\t<div class=\"elementor-widget-container\">\n\t\t\t\t\t\t\t\t\t<table class=\"kb-compare-table\" role=\"table\" aria-label=\"Comparaison Korfine vs compte bancaire bloqu\u00e9\"><thead><tr><th scope=\"col\">Kriterium<\/th><th scope=\"col\">Korfine<\/th><th scope=\"col\">Gesperrtes Bankkonto<\/th><\/tr><\/thead><tbody><tr><th scope=\"row\">Natur<\/th><td>Versicherung \/ Kapitalisierungsvertrag Zweig 26<\/td><td>Gesperrtes Bankkonto<\/td><\/tr><tr><th scope=\"row\">Garantiertes Kapital<\/th><td>Ja, vom Versicherer garantiert<\/td><td>Ja, gem\u00e4\u00df den Bedingungen der Bank<\/td><\/tr><tr><th scope=\"row\">Einlagensicherung<\/th><td>Nein, es handelt sich nicht um eine Bankeinlage.<\/td><td>Ja, im Rahmen des Einlagensicherungssystems, unter bestimmten Bedingungen<\/td><\/tr><tr><th scope=\"row\">Zinsen<\/th><td>H\u00e4ufig ein garantierter Zinssatz bei der Zeichnung.<\/td><td>Je nach Bank niedrig oder nicht vorhanden<\/td><\/tr><tr><th scope=\"row\">Geb\u00fchren<\/th><td>H\u00e4ufig variabler Ausgabeaufschlag<\/td><td>In der Regel wenig oder keine Geb\u00fchren, abh\u00e4ngig von der Bank<\/td><\/tr><tr><th scope=\"row\">Freigabe<\/th><td>Vereinbarung zwischen Vermieter und Mieter oder Urteil<\/td><td>Vereinbarung Vermieter + Mieter oder Urteil<\/td><\/tr><\/tbody><\/table>\t\t\t\t\t\t\t\t<\/div>\n\t\t\t\t<\/div>\n\t\t\t\t<div class=\"elementor-element elementor-element-737cd25a elementor-widget elementor-widget-heading\" data-id=\"737cd25a\" data-element_type=\"widget\" data-e-type=\"widget\" data-widget_type=\"heading.default\">\n\t\t\t\t<div class=\"elementor-widget-container\">\n\t\t\t\t\t<h2 class=\"elementor-heading-title elementor-size-default\">Was sind die praktischen Folgen f\u00fcr den Mieter?<\/h2>\t\t\t\t<\/div>\n\t\t\t\t<\/div>\n\t\t\t\t<div class=\"elementor-element elementor-element-1c1a1964 elementor-widget elementor-widget-text-editor\" data-id=\"1c1a1964\" data-element_type=\"widget\" data-e-type=\"widget\" data-widget_type=\"text-editor.default\">\n\t\t\t\t<div class=\"elementor-widget-container\">\n\t\t\t\t\t\t\t\t\t<p><strong>Bevor Sie sich f\u00fcr Korfine entscheiden<\/strong>, ist es wichtig, dass Sie die folgenden Punkte verstehen:<\/p><ul><li>das Geld w\u00e4hrend des Mietverh\u00e4ltnisses vollst\u00e4ndig immobilisiert ist,<\/li><li>er bei Bedarf nicht verf\u00fcgbar ist,<\/li><li>Die R\u00fcckforderung h\u00e4ngt von der Zustimmung des Vermieters oder von einem Gerichtsurteil ab,<\/li><li>k\u00f6nnen Eintrittsgeb\u00fchren anfallen,<\/li><li>Zinsen unterliegen der Quellensteuer.<\/li><\/ul>\t\t\t\t\t\t\t\t<\/div>\n\t\t\t\t<\/div>\n\t\t\t\t<div class=\"elementor-element elementor-element-718d76d elementor-widget elementor-widget-spacer\" data-id=\"718d76d\" data-element_type=\"widget\" data-e-type=\"widget\" data-widget_type=\"spacer.default\">\n\t\t\t\t<div class=\"elementor-widget-container\">\n\t\t\t\t\t\t\t<div class=\"elementor-spacer\">\n\t\t\t<div class=\"elementor-spacer-inner\"><\/div>\n\t\t<\/div>\n\t\t\t\t\t\t<\/div>\n\t\t\t\t<\/div>\n\t\t\t\t<div class=\"elementor-element elementor-element-7b8a9e70 elementor-widget elementor-widget-heading\" data-id=\"7b8a9e70\" data-element_type=\"widget\" data-e-type=\"widget\" data-widget_type=\"heading.default\">\n\t\t\t\t<div class=\"elementor-widget-container\">\n\t\t\t\t\t<h2 class=\"elementor-heading-title elementor-size-default\">H\u00e4ufig gestellte Fragen<\/h2>\t\t\t\t<\/div>\n\t\t\t\t<\/div>\n\t\t\t\t<div class=\"elementor-element elementor-element-5410aba4 elementor-widget elementor-widget-text-editor\" data-id=\"5410aba4\" data-element_type=\"widget\" data-e-type=\"widget\" data-widget_type=\"text-editor.default\">\n\t\t\t\t<div class=\"elementor-widget-container\">\n\t\t\t\t\t\t\t\t\t<p><strong>Kann man ein gesperrtes Konto als Korfine bezeichnen?<\/strong><br>In der Umgangssprache ja, aber rechtlich nicht.<\/p><p><strong>Ist mein Geld bei Korfine sicher?<\/strong><br>Ja, das Kapital wird von einer zugelassenen belgischen Versicherungsgesellschaft garantiert.<\/p><p><strong>Kann ich meine Meinung nach der Zeichnung \u00e4ndern?<\/strong><br>Nein, das Kapital bleibt w\u00e4hrend des Mietverh\u00e4ltnisses blockiert, es sei denn, der Vermieter stimmt zu oder es liegt ein Gerichtsurteil vor.<\/p>\t\t\t\t\t\t\t\t<\/div>\n\t\t\t\t<\/div>\n\t\t\t\t\t<\/div>\n\t\t<\/div>\n\t\t\t\t\t<\/div>\n\t\t<\/section>\n\t\t\t\t<\/div>\n\t\t","protected":false},"excerpt":{"rendered":"<p>Korfine HuurwaarborgSperrkonto oder Versicherung? Viele Mieter und Vermieter stellen sich die gleiche Frage: Ist die Korfine mietkaution ein gesperrtes Bankkonto oder eine Versicherung? Die Verwechslung ist h\u00e4ufig, da das angestrebte Ergebnis \u00e4hnlich ist: Sicherheit f\u00fcr den Vermieter, w\u00e4hrend ein Betrag des Mieters blockiert wird. Wir erkl\u00e4ren Ihnen die genaue Natur der mietkaution Korfine, die Unterschiede [&hellip;]<\/p>\n","protected":false},"author":1,"featured_media":0,"parent":2938,"menu_order":0,"comment_status":"closed","ping_status":"closed","template":"","meta":{"footnotes":""},"class_list":["post-20425","page","type-page","status-publish","hentry"],"yoast_head":"<!-- This site is optimized with the Yoast SEO plugin v27.2 - https:\/\/yoast.com\/product\/yoast-seo-wordpress\/ -->\n<title>Ist die mietkaution Korfine ein gesperrtes Bankkonto?<\/title>\n<meta name=\"description\" content=\"Ist Korfine ein Sperrkonto oder eine Versicherung? Entdecken Sie den Unterschied zwischen einer Bankgarantie und einer Versicherung f\u00fcr den Mieter.\" \/>\n<meta name=\"robots\" content=\"index, follow, max-snippet:-1, max-image-preview:large, max-video-preview:-1\" \/>\n<link rel=\"canonical\" href=\"https:\/\/garantie.be\/de\/korfine-mietkaution\/blockkonto-versicherung\/\" \/>\n<meta property=\"og:locale\" content=\"de_DE\" \/>\n<meta property=\"og:type\" content=\"article\" \/>\n<meta property=\"og:title\" content=\"Ist die mietkaution Korfine ein gesperrtes Bankkonto?\" \/>\n<meta property=\"og:description\" content=\"Ist Korfine ein Sperrkonto oder eine Versicherung? Entdecken Sie den Unterschied zwischen einer Bankgarantie und einer Versicherung f\u00fcr den Mieter.\" \/>\n<meta property=\"og:url\" content=\"https:\/\/garantie.be\/de\/korfine-mietkaution\/blockkonto-versicherung\/\" \/>\n<meta property=\"og:site_name\" content=\"Garantie\" \/>\n<meta property=\"article:modified_time\" content=\"2025-12-18T11:35:52+00:00\" \/>\n<meta name=\"twitter:card\" content=\"summary_large_image\" \/>\n<meta name=\"twitter:label1\" content=\"Gesch\u00e4tzte Lesezeit\" \/>\n\t<meta name=\"twitter:data1\" content=\"3\u00a0Minuten\" \/>\n<script type=\"application\/ld+json\" class=\"yoast-schema-graph\">{\"@context\":\"https:\/\/schema.org\",\"@graph\":[{\"@type\":\"WebPage\",\"@id\":\"https:\/\/garantie.be\/de\/korfine-mietkaution\/blockkonto-versicherung\/\",\"url\":\"https:\/\/garantie.be\/de\/korfine-mietkaution\/blockkonto-versicherung\/\",\"name\":\"Ist die mietkaution Korfine ein gesperrtes Bankkonto?\",\"isPartOf\":{\"@id\":\"https:\/\/garantie.be\/de\/#website\"},\"datePublished\":\"2025-12-15T16:18:59+00:00\",\"dateModified\":\"2025-12-18T11:35:52+00:00\",\"description\":\"Ist Korfine ein Sperrkonto oder eine Versicherung? Entdecken Sie den Unterschied zwischen einer Bankgarantie und einer Versicherung f\u00fcr den Mieter.\",\"breadcrumb\":{\"@id\":\"https:\/\/garantie.be\/de\/korfine-mietkaution\/blockkonto-versicherung\/#breadcrumb\"},\"inLanguage\":\"de\",\"potentialAction\":[{\"@type\":\"ReadAction\",\"target\":[\"https:\/\/garantie.be\/de\/korfine-mietkaution\/blockkonto-versicherung\/\"]}]},{\"@type\":\"BreadcrumbList\",\"@id\":\"https:\/\/garantie.be\/de\/korfine-mietkaution\/blockkonto-versicherung\/#breadcrumb\",\"itemListElement\":[{\"@type\":\"ListItem\",\"position\":1,\"name\":\"Accueil\",\"item\":\"https:\/\/garantie.be\/de\/\"},{\"@type\":\"ListItem\",\"position\":2,\"name\":\"Mietkaution korfine\",\"item\":\"https:\/\/garantie.be\/de\/korfine-mietkaution\/\"},{\"@type\":\"ListItem\",\"position\":3,\"name\":\"Ist die mietkaution Korfine ein gesperrtes Bankkonto?\"}]},{\"@type\":\"WebSite\",\"@id\":\"https:\/\/garantie.be\/de\/#website\",\"url\":\"https:\/\/garantie.be\/de\/\",\"name\":\"Garantie\",\"description\":\"\",\"publisher\":{\"@id\":\"https:\/\/garantie.be\/de\/#organization\"},\"potentialAction\":[{\"@type\":\"SearchAction\",\"target\":{\"@type\":\"EntryPoint\",\"urlTemplate\":\"https:\/\/garantie.be\/de\/?s={search_term_string}\"},\"query-input\":{\"@type\":\"PropertyValueSpecification\",\"valueRequired\":true,\"valueName\":\"search_term_string\"}}],\"inLanguage\":\"de\"},{\"@type\":\"Organization\",\"@id\":\"https:\/\/garantie.be\/de\/#organization\",\"name\":\"Garantie.be\",\"url\":\"https:\/\/garantie.be\/de\/\",\"logo\":{\"@type\":\"ImageObject\",\"inLanguage\":\"de\",\"@id\":\"https:\/\/garantie.be\/de\/#\/schema\/logo\/image\/\",\"url\":\"\",\"contentUrl\":\"\",\"caption\":\"Garantie.be\"},\"image\":{\"@id\":\"https:\/\/garantie.be\/de\/#\/schema\/logo\/image\/\"}}]}<\/script>\n<!-- \/ Yoast SEO plugin. -->","yoast_head_json":{"title":"Ist die mietkaution Korfine ein gesperrtes Bankkonto?","description":"Ist Korfine ein Sperrkonto oder eine Versicherung? Entdecken Sie den Unterschied zwischen einer Bankgarantie und einer Versicherung f\u00fcr den Mieter.","robots":{"index":"index","follow":"follow","max-snippet":"max-snippet:-1","max-image-preview":"max-image-preview:large","max-video-preview":"max-video-preview:-1"},"canonical":"https:\/\/garantie.be\/de\/korfine-mietkaution\/blockkonto-versicherung\/","og_locale":"de_DE","og_type":"article","og_title":"Ist die mietkaution Korfine ein gesperrtes Bankkonto?","og_description":"Ist Korfine ein Sperrkonto oder eine Versicherung? Entdecken Sie den Unterschied zwischen einer Bankgarantie und einer Versicherung f\u00fcr den Mieter.","og_url":"https:\/\/garantie.be\/de\/korfine-mietkaution\/blockkonto-versicherung\/","og_site_name":"Garantie","article_modified_time":"2025-12-18T11:35:52+00:00","twitter_card":"summary_large_image","twitter_misc":{"Gesch\u00e4tzte Lesezeit":"3\u00a0Minuten"},"schema":{"@context":"https:\/\/schema.org","@graph":[{"@type":"WebPage","@id":"https:\/\/garantie.be\/de\/korfine-mietkaution\/blockkonto-versicherung\/","url":"https:\/\/garantie.be\/de\/korfine-mietkaution\/blockkonto-versicherung\/","name":"Ist die mietkaution Korfine ein gesperrtes Bankkonto?","isPartOf":{"@id":"https:\/\/garantie.be\/de\/#website"},"datePublished":"2025-12-15T16:18:59+00:00","dateModified":"2025-12-18T11:35:52+00:00","description":"Ist Korfine ein Sperrkonto oder eine Versicherung? Entdecken Sie den Unterschied zwischen einer Bankgarantie und einer Versicherung f\u00fcr den Mieter.","breadcrumb":{"@id":"https:\/\/garantie.be\/de\/korfine-mietkaution\/blockkonto-versicherung\/#breadcrumb"},"inLanguage":"de","potentialAction":[{"@type":"ReadAction","target":["https:\/\/garantie.be\/de\/korfine-mietkaution\/blockkonto-versicherung\/"]}]},{"@type":"BreadcrumbList","@id":"https:\/\/garantie.be\/de\/korfine-mietkaution\/blockkonto-versicherung\/#breadcrumb","itemListElement":[{"@type":"ListItem","position":1,"name":"Accueil","item":"https:\/\/garantie.be\/de\/"},{"@type":"ListItem","position":2,"name":"Mietkaution korfine","item":"https:\/\/garantie.be\/de\/korfine-mietkaution\/"},{"@type":"ListItem","position":3,"name":"Ist die mietkaution Korfine ein gesperrtes Bankkonto?"}]},{"@type":"WebSite","@id":"https:\/\/garantie.be\/de\/#website","url":"https:\/\/garantie.be\/de\/","name":"Garantie","description":"","publisher":{"@id":"https:\/\/garantie.be\/de\/#organization"},"potentialAction":[{"@type":"SearchAction","target":{"@type":"EntryPoint","urlTemplate":"https:\/\/garantie.be\/de\/?s={search_term_string}"},"query-input":{"@type":"PropertyValueSpecification","valueRequired":true,"valueName":"search_term_string"}}],"inLanguage":"de"},{"@type":"Organization","@id":"https:\/\/garantie.be\/de\/#organization","name":"Garantie.be","url":"https:\/\/garantie.be\/de\/","logo":{"@type":"ImageObject","inLanguage":"de","@id":"https:\/\/garantie.be\/de\/#\/schema\/logo\/image\/","url":"","contentUrl":"","caption":"Garantie.be"},"image":{"@id":"https:\/\/garantie.be\/de\/#\/schema\/logo\/image\/"}}]}},"_links":{"self":[{"href":"https:\/\/garantie.be\/de\/wp-json\/wp\/v2\/pages\/20425","targetHints":{"allow":["GET"]}}],"collection":[{"href":"https:\/\/garantie.be\/de\/wp-json\/wp\/v2\/pages"}],"about":[{"href":"https:\/\/garantie.be\/de\/wp-json\/wp\/v2\/types\/page"}],"author":[{"embeddable":true,"href":"https:\/\/garantie.be\/de\/wp-json\/wp\/v2\/users\/1"}],"replies":[{"embeddable":true,"href":"https:\/\/garantie.be\/de\/wp-json\/wp\/v2\/comments?post=20425"}],"version-history":[{"count":0,"href":"https:\/\/garantie.be\/de\/wp-json\/wp\/v2\/pages\/20425\/revisions"}],"up":[{"embeddable":true,"href":"https:\/\/garantie.be\/de\/wp-json\/wp\/v2\/pages\/2938"}],"wp:attachment":[{"href":"https:\/\/garantie.be\/de\/wp-json\/wp\/v2\/media?parent=20425"}],"curies":[{"name":"wp","href":"https:\/\/api.w.org\/{rel}","templated":true}]}}