{"id":20512,"date":"2025-12-18T16:14:35","date_gmt":"2025-12-18T15:14:35","guid":{"rendered":"https:\/\/garantie.be\/datei\/anne-segers\/"},"modified":"2025-12-19T10:45:31","modified_gmt":"2025-12-19T09:45:31","slug":"anne-segers","status":"publish","type":"page","link":"https:\/\/garantie.be\/de\/datei\/anne-segers\/","title":{"rendered":"Anne Segers &#8211; Belgien"},"content":{"rendered":"\t\t<div data-elementor-type=\"wp-page\" data-elementor-id=\"20512\" class=\"elementor elementor-20512 elementor-20475\" data-elementor-post-type=\"page\">\n\t\t\t\t\t\t<section class=\"elementor-section elementor-top-section elementor-element elementor-element-545cf687 elementor-section-boxed elementor-section-height-default elementor-section-height-default\" data-id=\"545cf687\" data-element_type=\"section\" data-e-type=\"section\">\n\t\t\t\t\t\t<div class=\"elementor-container elementor-column-gap-default\">\n\t\t\t\t\t<div class=\"elementor-column elementor-col-100 elementor-top-column elementor-element elementor-element-2f328260\" data-id=\"2f328260\" data-element_type=\"column\" data-e-type=\"column\">\n\t\t\t<div class=\"elementor-widget-wrap elementor-element-populated\">\n\t\t\t\t\t\t<div class=\"elementor-element elementor-element-17d27e63 elementor-widget elementor-widget-spacer\" data-id=\"17d27e63\" data-element_type=\"widget\" data-e-type=\"widget\" data-widget_type=\"spacer.default\">\n\t\t\t\t<div class=\"elementor-widget-container\">\n\t\t\t\t\t\t\t<div class=\"elementor-spacer\">\n\t\t\t<div class=\"elementor-spacer-inner\"><\/div>\n\t\t<\/div>\n\t\t\t\t\t\t<\/div>\n\t\t\t\t<\/div>\n\t\t\t\t\t<\/div>\n\t\t<\/div>\n\t\t\t\t\t<\/div>\n\t\t<\/section>\n\t\t\t\t<section class=\"elementor-section elementor-top-section elementor-element elementor-element-44f5b0f8 elementor-section-boxed elementor-section-height-default elementor-section-height-default\" data-id=\"44f5b0f8\" data-element_type=\"section\" data-e-type=\"section\">\n\t\t\t\t\t\t<div class=\"elementor-container elementor-column-gap-default\">\n\t\t\t\t\t<div class=\"elementor-column elementor-col-100 elementor-top-column elementor-element elementor-element-30dfdb59\" data-id=\"30dfdb59\" data-element_type=\"column\" data-e-type=\"column\">\n\t\t\t<div class=\"elementor-widget-wrap elementor-element-populated\">\n\t\t\t\t\t\t<div class=\"elementor-element elementor-element-2c06ac6e elementor-widget elementor-widget-heading\" data-id=\"2c06ac6e\" data-element_type=\"widget\" data-e-type=\"widget\" data-widget_type=\"heading.default\">\n\t\t\t\t<div class=\"elementor-widget-container\">\n\t\t\t\t\t<h1 class=\"elementor-heading-title elementor-size-default\">Anne Segers<\/h1>\t\t\t\t<\/div>\n\t\t\t\t<\/div>\n\t\t\t\t\t<\/div>\n\t\t<\/div>\n\t\t\t\t\t<\/div>\n\t\t<\/section>\n\t\t\t\t<section class=\"elementor-section elementor-top-section elementor-element elementor-element-6db03a96 elementor-section-boxed elementor-section-height-default elementor-section-height-default\" data-id=\"6db03a96\" data-element_type=\"section\" data-e-type=\"section\">\n\t\t\t\t\t\t<div class=\"elementor-container elementor-column-gap-default\">\n\t\t\t\t\t<div class=\"elementor-column elementor-col-100 elementor-top-column elementor-element elementor-element-17738bfb\" data-id=\"17738bfb\" data-element_type=\"column\" data-e-type=\"column\">\n\t\t\t<div class=\"elementor-widget-wrap elementor-element-populated\">\n\t\t\t\t\t\t<div class=\"elementor-element elementor-element-1ca9b79e elementor-widget elementor-widget-text-editor\" data-id=\"1ca9b79e\" data-element_type=\"widget\" data-e-type=\"widget\" data-widget_type=\"text-editor.default\">\n\t\t\t\t<div class=\"elementor-widget-container\">\n\t\t\t\t\t\t\t\t\t<p><strong data-start=\"268\" data-end=\"435\">Diese Seite informiert Sie dar\u00fcber, dass Frau Anne Segers zu den ehemaligen Kunden von garantie.be geh\u00f6rt.<\/strong><\/p><p>Frau Anne Segers hat von unserem Service der Mietkaution profitiert. <span style=\"text-decoration: underline;\"><a href=\"https:\/\/garantie.be\/de\/miet-kaution-belgien\/\">Mietkaution<\/a><\/span>. Im Rahmen unserer B\u00fcrgschaftsverpflichtung gegen\u00fcber seinem Vermieter mussten wir f\u00fcr seine Mietschulden aufkommen. Derzeit wird versucht, eine g\u00fctliche Einigung zu erzielen.<\/p>\t\t\t\t\t\t\t\t<\/div>\n\t\t\t\t<\/div>\n\t\t\t\t\t<\/div>\n\t\t<\/div>\n\t\t\t\t\t<\/div>\n\t\t<\/section>\n\t\t\t\t<section class=\"elementor-section elementor-top-section elementor-element elementor-element-3a3c2ce9 elementor-section-boxed elementor-section-height-default elementor-section-height-default\" data-id=\"3a3c2ce9\" data-element_type=\"section\" data-e-type=\"section\">\n\t\t\t\t\t\t<div class=\"elementor-container elementor-column-gap-default\">\n\t\t\t\t\t<div class=\"elementor-column elementor-col-100 elementor-top-column elementor-element elementor-element-26faf94d\" data-id=\"26faf94d\" data-element_type=\"column\" data-e-type=\"column\">\n\t\t\t<div class=\"elementor-widget-wrap elementor-element-populated\">\n\t\t\t\t\t\t<div class=\"elementor-element elementor-element-3f608dbe elementor-widget elementor-widget-text-editor\" data-id=\"3f608dbe\" data-element_type=\"widget\" data-e-type=\"widget\" data-widget_type=\"text-editor.default\">\n\t\t\t\t<div class=\"elementor-widget-container\">\n\t\t\t\t\t\t\t\t\t<p class=\"\" data-start=\"404\" data-end=\"705\">Anne Segers ist eine ehemalige Mieterin, die <strong data-start=\"757\" data-end=\"808\">\u00fcber die Plattform garantie.be<\/strong> eine mietkaution zur Absicherung eines mietvertrages in Belgien abgeschlossen hat. Mit Hilfe unseres Dienstes b\u00fcrgten wir in seinem Namen, damit er in die Wohnung einziehen konnte, ohne die vom Vermieter geforderte Kaution pers\u00f6nlich vorstrecken zu m\u00fcssen.<\/p>\t\t\t\t\t\t\t\t<\/div>\n\t\t\t\t<\/div>\n\t\t\t\t\t<\/div>\n\t\t<\/div>\n\t\t\t\t\t<\/div>\n\t\t<\/section>\n\t\t\t\t<section class=\"elementor-section elementor-top-section elementor-element elementor-element-6e3e8b84 elementor-section-boxed elementor-section-height-default elementor-section-height-default\" data-id=\"6e3e8b84\" data-element_type=\"section\" data-e-type=\"section\">\n\t\t\t\t\t\t<div class=\"elementor-container elementor-column-gap-default\">\n\t\t\t\t\t<div class=\"elementor-column elementor-col-50 elementor-top-column elementor-element elementor-element-766123f3\" data-id=\"766123f3\" data-element_type=\"column\" data-e-type=\"column\">\n\t\t\t<div class=\"elementor-widget-wrap elementor-element-populated\">\n\t\t\t\t\t\t<div class=\"elementor-element elementor-element-76d4b006 elementor-widget elementor-widget-image\" data-id=\"76d4b006\" data-element_type=\"widget\" data-e-type=\"widget\" data-widget_type=\"image.default\">\n\t\t\t\t<div class=\"elementor-widget-container\">\n\t\t\t\t\t\t\t\t\t\t\t\t\t\t\t<img decoding=\"async\" width=\"94\" height=\"94\" src=\"https:\/\/garantie.be\/wp-content\/uploads\/2021\/04\/IPID-exlcus-assurance.jpg\" class=\"attachment-large size-large wp-image-3089\" alt=\"IPID exlcus Versicherung\" \/>\t\t\t\t\t\t\t\t\t\t\t\t\t\t\t<\/div>\n\t\t\t\t<\/div>\n\t\t\t\t\t<\/div>\n\t\t<\/div>\n\t\t\t\t<div class=\"elementor-column elementor-col-50 elementor-top-column elementor-element elementor-element-61d64b55\" data-id=\"61d64b55\" data-element_type=\"column\" data-e-type=\"column\">\n\t\t\t<div class=\"elementor-widget-wrap elementor-element-populated\">\n\t\t\t\t\t\t<div class=\"elementor-element elementor-element-37cdc72a elementor-widget elementor-widget-heading\" data-id=\"37cdc72a\" data-element_type=\"widget\" data-e-type=\"widget\" data-widget_type=\"heading.default\">\n\t\t\t\t<div class=\"elementor-widget-container\">\n\t\t\t\t\t<h2 class=\"elementor-heading-title elementor-size-default\">Warnung<\/h2>\t\t\t\t<\/div>\n\t\t\t\t<\/div>\n\t\t\t\t<div class=\"elementor-element elementor-element-439c7266 elementor-widget elementor-widget-text-editor\" data-id=\"439c7266\" data-element_type=\"widget\" data-e-type=\"widget\" data-widget_type=\"text-editor.default\">\n\t\t\t\t<div class=\"elementor-widget-container\">\n\t\t\t\t\t\t\t\t\t<p>Wenn Sie Eigent\u00fcmer, Vermieter oder Dienstleister im Immobilienbereich sind, <strong data-start=\"2512\" data-end=\"2608\">raten wir Ihnen zur Vorsicht bei einer m\u00f6glichen Besch\u00e4ftigung mit Anne Segers<\/strong>.<\/p><p>Diese Seite soll dazu dienen, andere Strukturen vor der <strong data-start=\"2671\" data-end=\"2701\">schlechten Vertragstreue<\/strong> dieses Kunden zu warnen und zu erh\u00f6hter Wachsamkeit bei k\u00fcnftigen Kooperationen zu ermutigen.<\/p>\t\t\t\t\t\t\t\t<\/div>\n\t\t\t\t<\/div>\n\t\t\t\t\t<\/div>\n\t\t<\/div>\n\t\t\t\t\t<\/div>\n\t\t<\/section>\n\t\t\t\t<\/div>\n\t\t","protected":false},"excerpt":{"rendered":"<p>Anne Segers Diese Seite informiert Sie dar\u00fcber, dass Frau Anne Segers zu den ehemaligen Kunden von garantie.be geh\u00f6rt. Frau Anne Segers hat von unserem Service der Mietkaution profitiert. Mietkaution. Im Rahmen unserer B\u00fcrgschaftsverpflichtung gegen\u00fcber seinem Vermieter mussten wir f\u00fcr seine Mietschulden aufkommen. Derzeit wird versucht, eine g\u00fctliche Einigung zu erzielen. Anne Segers ist eine ehemalige [&hellip;]<\/p>\n","protected":false},"author":1,"featured_media":0,"parent":17877,"menu_order":0,"comment_status":"closed","ping_status":"closed","template":"","meta":{"footnotes":""},"class_list":["post-20512","page","type-page","status-publish","hentry"],"yoast_head":"<!-- This site is optimized with the Yoast SEO plugin v27.3 - https:\/\/yoast.com\/product\/yoast-seo-wordpress\/ -->\n<title>Anne Segers - Belgien<\/title>\n<meta name=\"description\" content=\"Anne Segers hat von unserer Mietkaution profitiert. Kontaktieren Sie uns, bevor Sie mit Anne Segers einen mietvertrag f\u00fcr eine Wohnung unterschreiben.\" \/>\n<meta name=\"robots\" content=\"index, follow, max-snippet:-1, max-image-preview:large, max-video-preview:-1\" \/>\n<link rel=\"canonical\" href=\"https:\/\/garantie.be\/de\/datei\/anne-segers\/\" \/>\n<meta property=\"og:locale\" content=\"de_DE\" \/>\n<meta property=\"og:type\" content=\"article\" \/>\n<meta property=\"og:title\" content=\"Anne Segers - Belgien\" \/>\n<meta property=\"og:description\" content=\"Anne Segers hat von unserer Mietkaution profitiert. Kontaktieren Sie uns, bevor Sie mit Anne Segers einen mietvertrag f\u00fcr eine Wohnung unterschreiben.\" \/>\n<meta property=\"og:url\" content=\"https:\/\/garantie.be\/de\/datei\/anne-segers\/\" \/>\n<meta property=\"og:site_name\" content=\"Garantie\" \/>\n<meta property=\"article:modified_time\" content=\"2025-12-19T09:45:31+00:00\" \/>\n<meta property=\"og:image\" content=\"https:\/\/garantie.be\/wp-content\/uploads\/2021\/04\/IPID-exlcus-assurance.jpg\" \/>\n<meta name=\"twitter:card\" content=\"summary_large_image\" \/>\n<meta name=\"twitter:label1\" content=\"Gesch\u00e4tzte Lesezeit\" \/>\n\t<meta name=\"twitter:data1\" content=\"1\u00a0Minute\" \/>\n<script type=\"application\/ld+json\" class=\"yoast-schema-graph\">{\"@context\":\"https:\\\/\\\/schema.org\",\"@graph\":[{\"@type\":\"WebPage\",\"@id\":\"https:\\\/\\\/garantie.be\\\/de\\\/datei\\\/anne-segers\\\/\",\"url\":\"https:\\\/\\\/garantie.be\\\/de\\\/datei\\\/anne-segers\\\/\",\"name\":\"Anne Segers - Belgien\",\"isPartOf\":{\"@id\":\"https:\\\/\\\/garantie.be\\\/de\\\/#website\"},\"primaryImageOfPage\":{\"@id\":\"https:\\\/\\\/garantie.be\\\/de\\\/datei\\\/anne-segers\\\/#primaryimage\"},\"image\":{\"@id\":\"https:\\\/\\\/garantie.be\\\/de\\\/datei\\\/anne-segers\\\/#primaryimage\"},\"thumbnailUrl\":\"https:\\\/\\\/garantie.be\\\/wp-content\\\/uploads\\\/2021\\\/04\\\/IPID-exlcus-assurance.jpg\",\"datePublished\":\"2025-12-18T15:14:35+00:00\",\"dateModified\":\"2025-12-19T09:45:31+00:00\",\"description\":\"Anne Segers hat von unserer Mietkaution profitiert. Kontaktieren Sie uns, bevor Sie mit Anne Segers einen mietvertrag f\u00fcr eine Wohnung unterschreiben.\",\"breadcrumb\":{\"@id\":\"https:\\\/\\\/garantie.be\\\/de\\\/datei\\\/anne-segers\\\/#breadcrumb\"},\"inLanguage\":\"de\",\"potentialAction\":[{\"@type\":\"ReadAction\",\"target\":[\"https:\\\/\\\/garantie.be\\\/de\\\/datei\\\/anne-segers\\\/\"]}]},{\"@type\":\"ImageObject\",\"inLanguage\":\"de\",\"@id\":\"https:\\\/\\\/garantie.be\\\/de\\\/datei\\\/anne-segers\\\/#primaryimage\",\"url\":\"https:\\\/\\\/garantie.be\\\/wp-content\\\/uploads\\\/2021\\\/04\\\/IPID-exlcus-assurance.jpg\",\"contentUrl\":\"https:\\\/\\\/garantie.be\\\/wp-content\\\/uploads\\\/2021\\\/04\\\/IPID-exlcus-assurance.jpg\"},{\"@type\":\"BreadcrumbList\",\"@id\":\"https:\\\/\\\/garantie.be\\\/de\\\/datei\\\/anne-segers\\\/#breadcrumb\",\"itemListElement\":[{\"@type\":\"ListItem\",\"position\":1,\"name\":\"Accueil\",\"item\":\"https:\\\/\\\/garantie.be\\\/de\\\/\"},{\"@type\":\"ListItem\",\"position\":2,\"name\":\"Unerledigte Kundenakten\",\"item\":\"https:\\\/\\\/garantie.be\\\/de\\\/datei\\\/\"},{\"@type\":\"ListItem\",\"position\":3,\"name\":\"Anne Segers &#8211; Belgien\"}]},{\"@type\":\"WebSite\",\"@id\":\"https:\\\/\\\/garantie.be\\\/de\\\/#website\",\"url\":\"https:\\\/\\\/garantie.be\\\/de\\\/\",\"name\":\"Garantie\",\"description\":\"\",\"publisher\":{\"@id\":\"https:\\\/\\\/garantie.be\\\/de\\\/#organization\"},\"potentialAction\":[{\"@type\":\"SearchAction\",\"target\":{\"@type\":\"EntryPoint\",\"urlTemplate\":\"https:\\\/\\\/garantie.be\\\/de\\\/?s={search_term_string}\"},\"query-input\":{\"@type\":\"PropertyValueSpecification\",\"valueRequired\":true,\"valueName\":\"search_term_string\"}}],\"inLanguage\":\"de\"},{\"@type\":\"Organization\",\"@id\":\"https:\\\/\\\/garantie.be\\\/de\\\/#organization\",\"name\":\"Garantie.be\",\"url\":\"https:\\\/\\\/garantie.be\\\/de\\\/\",\"logo\":{\"@type\":\"ImageObject\",\"inLanguage\":\"de\",\"@id\":\"https:\\\/\\\/garantie.be\\\/de\\\/#\\\/schema\\\/logo\\\/image\\\/\",\"url\":\"\",\"contentUrl\":\"\",\"caption\":\"Garantie.be\"},\"image\":{\"@id\":\"https:\\\/\\\/garantie.be\\\/de\\\/#\\\/schema\\\/logo\\\/image\\\/\"}}]}<\/script>\n<!-- \/ Yoast SEO plugin. -->","yoast_head_json":{"title":"Anne Segers - Belgien","description":"Anne Segers hat von unserer Mietkaution profitiert. Kontaktieren Sie uns, bevor Sie mit Anne Segers einen mietvertrag f\u00fcr eine Wohnung unterschreiben.","robots":{"index":"index","follow":"follow","max-snippet":"max-snippet:-1","max-image-preview":"max-image-preview:large","max-video-preview":"max-video-preview:-1"},"canonical":"https:\/\/garantie.be\/de\/datei\/anne-segers\/","og_locale":"de_DE","og_type":"article","og_title":"Anne Segers - Belgien","og_description":"Anne Segers hat von unserer Mietkaution profitiert. Kontaktieren Sie uns, bevor Sie mit Anne Segers einen mietvertrag f\u00fcr eine Wohnung unterschreiben.","og_url":"https:\/\/garantie.be\/de\/datei\/anne-segers\/","og_site_name":"Garantie","article_modified_time":"2025-12-19T09:45:31+00:00","og_image":[{"url":"https:\/\/garantie.be\/wp-content\/uploads\/2021\/04\/IPID-exlcus-assurance.jpg","type":"","width":"","height":""}],"twitter_card":"summary_large_image","twitter_misc":{"Gesch\u00e4tzte Lesezeit":"1\u00a0Minute"},"schema":{"@context":"https:\/\/schema.org","@graph":[{"@type":"WebPage","@id":"https:\/\/garantie.be\/de\/datei\/anne-segers\/","url":"https:\/\/garantie.be\/de\/datei\/anne-segers\/","name":"Anne Segers - Belgien","isPartOf":{"@id":"https:\/\/garantie.be\/de\/#website"},"primaryImageOfPage":{"@id":"https:\/\/garantie.be\/de\/datei\/anne-segers\/#primaryimage"},"image":{"@id":"https:\/\/garantie.be\/de\/datei\/anne-segers\/#primaryimage"},"thumbnailUrl":"https:\/\/garantie.be\/wp-content\/uploads\/2021\/04\/IPID-exlcus-assurance.jpg","datePublished":"2025-12-18T15:14:35+00:00","dateModified":"2025-12-19T09:45:31+00:00","description":"Anne Segers hat von unserer Mietkaution profitiert. Kontaktieren Sie uns, bevor Sie mit Anne Segers einen mietvertrag f\u00fcr eine Wohnung unterschreiben.","breadcrumb":{"@id":"https:\/\/garantie.be\/de\/datei\/anne-segers\/#breadcrumb"},"inLanguage":"de","potentialAction":[{"@type":"ReadAction","target":["https:\/\/garantie.be\/de\/datei\/anne-segers\/"]}]},{"@type":"ImageObject","inLanguage":"de","@id":"https:\/\/garantie.be\/de\/datei\/anne-segers\/#primaryimage","url":"https:\/\/garantie.be\/wp-content\/uploads\/2021\/04\/IPID-exlcus-assurance.jpg","contentUrl":"https:\/\/garantie.be\/wp-content\/uploads\/2021\/04\/IPID-exlcus-assurance.jpg"},{"@type":"BreadcrumbList","@id":"https:\/\/garantie.be\/de\/datei\/anne-segers\/#breadcrumb","itemListElement":[{"@type":"ListItem","position":1,"name":"Accueil","item":"https:\/\/garantie.be\/de\/"},{"@type":"ListItem","position":2,"name":"Unerledigte Kundenakten","item":"https:\/\/garantie.be\/de\/datei\/"},{"@type":"ListItem","position":3,"name":"Anne Segers &#8211; Belgien"}]},{"@type":"WebSite","@id":"https:\/\/garantie.be\/de\/#website","url":"https:\/\/garantie.be\/de\/","name":"Garantie","description":"","publisher":{"@id":"https:\/\/garantie.be\/de\/#organization"},"potentialAction":[{"@type":"SearchAction","target":{"@type":"EntryPoint","urlTemplate":"https:\/\/garantie.be\/de\/?s={search_term_string}"},"query-input":{"@type":"PropertyValueSpecification","valueRequired":true,"valueName":"search_term_string"}}],"inLanguage":"de"},{"@type":"Organization","@id":"https:\/\/garantie.be\/de\/#organization","name":"Garantie.be","url":"https:\/\/garantie.be\/de\/","logo":{"@type":"ImageObject","inLanguage":"de","@id":"https:\/\/garantie.be\/de\/#\/schema\/logo\/image\/","url":"","contentUrl":"","caption":"Garantie.be"},"image":{"@id":"https:\/\/garantie.be\/de\/#\/schema\/logo\/image\/"}}]}},"_links":{"self":[{"href":"https:\/\/garantie.be\/de\/wp-json\/wp\/v2\/pages\/20512","targetHints":{"allow":["GET"]}}],"collection":[{"href":"https:\/\/garantie.be\/de\/wp-json\/wp\/v2\/pages"}],"about":[{"href":"https:\/\/garantie.be\/de\/wp-json\/wp\/v2\/types\/page"}],"author":[{"embeddable":true,"href":"https:\/\/garantie.be\/de\/wp-json\/wp\/v2\/users\/1"}],"replies":[{"embeddable":true,"href":"https:\/\/garantie.be\/de\/wp-json\/wp\/v2\/comments?post=20512"}],"version-history":[{"count":0,"href":"https:\/\/garantie.be\/de\/wp-json\/wp\/v2\/pages\/20512\/revisions"}],"up":[{"embeddable":true,"href":"https:\/\/garantie.be\/de\/wp-json\/wp\/v2\/pages\/17877"}],"wp:attachment":[{"href":"https:\/\/garantie.be\/de\/wp-json\/wp\/v2\/media?parent=20512"}],"curies":[{"name":"wp","href":"https:\/\/api.w.org\/{rel}","templated":true}]}}