{"id":20525,"date":"2025-12-18T16:19:38","date_gmt":"2025-12-18T15:19:38","guid":{"rendered":"https:\/\/garantie.be\/datei\/bakkach-tasnime\/"},"modified":"2025-12-19T10:49:55","modified_gmt":"2025-12-19T09:49:55","slug":"bakkach-tasnime","status":"publish","type":"page","link":"https:\/\/garantie.be\/de\/datei\/bakkach-tasnime\/","title":{"rendered":"Bakkach Tasnime &#8211; Belgien"},"content":{"rendered":"\t\t<div data-elementor-type=\"wp-page\" data-elementor-id=\"20525\" class=\"elementor elementor-20525 elementor-20473\" data-elementor-post-type=\"page\">\n\t\t\t\t\t\t<section class=\"elementor-section elementor-top-section elementor-element elementor-element-5092fae1 elementor-section-boxed elementor-section-height-default elementor-section-height-default\" data-id=\"5092fae1\" data-element_type=\"section\" data-e-type=\"section\">\n\t\t\t\t\t\t<div class=\"elementor-container elementor-column-gap-default\">\n\t\t\t\t\t<div class=\"elementor-column elementor-col-100 elementor-top-column elementor-element elementor-element-2b68cf4e\" data-id=\"2b68cf4e\" data-element_type=\"column\" data-e-type=\"column\">\n\t\t\t<div class=\"elementor-widget-wrap elementor-element-populated\">\n\t\t\t\t\t\t<div class=\"elementor-element elementor-element-2000f97d elementor-widget elementor-widget-spacer\" data-id=\"2000f97d\" data-element_type=\"widget\" data-e-type=\"widget\" data-widget_type=\"spacer.default\">\n\t\t\t\t<div class=\"elementor-widget-container\">\n\t\t\t\t\t\t\t<div class=\"elementor-spacer\">\n\t\t\t<div class=\"elementor-spacer-inner\"><\/div>\n\t\t<\/div>\n\t\t\t\t\t\t<\/div>\n\t\t\t\t<\/div>\n\t\t\t\t\t<\/div>\n\t\t<\/div>\n\t\t\t\t\t<\/div>\n\t\t<\/section>\n\t\t\t\t<section class=\"elementor-section elementor-top-section elementor-element elementor-element-301d4833 elementor-section-boxed elementor-section-height-default elementor-section-height-default\" data-id=\"301d4833\" data-element_type=\"section\" data-e-type=\"section\">\n\t\t\t\t\t\t<div class=\"elementor-container elementor-column-gap-default\">\n\t\t\t\t\t<div class=\"elementor-column elementor-col-100 elementor-top-column elementor-element elementor-element-5563600e\" data-id=\"5563600e\" data-element_type=\"column\" data-e-type=\"column\">\n\t\t\t<div class=\"elementor-widget-wrap elementor-element-populated\">\n\t\t\t\t\t\t<div class=\"elementor-element elementor-element-36d91072 elementor-widget elementor-widget-heading\" data-id=\"36d91072\" data-element_type=\"widget\" data-e-type=\"widget\" data-widget_type=\"heading.default\">\n\t\t\t\t<div class=\"elementor-widget-container\">\n\t\t\t\t\t<h1 class=\"elementor-heading-title elementor-size-default\">Bakkach Tasnime<\/h1>\t\t\t\t<\/div>\n\t\t\t\t<\/div>\n\t\t\t\t\t<\/div>\n\t\t<\/div>\n\t\t\t\t\t<\/div>\n\t\t<\/section>\n\t\t\t\t<section class=\"elementor-section elementor-top-section elementor-element elementor-element-255e3324 elementor-section-boxed elementor-section-height-default elementor-section-height-default\" data-id=\"255e3324\" data-element_type=\"section\" data-e-type=\"section\">\n\t\t\t\t\t\t<div class=\"elementor-container elementor-column-gap-default\">\n\t\t\t\t\t<div class=\"elementor-column elementor-col-100 elementor-top-column elementor-element elementor-element-70e4b941\" data-id=\"70e4b941\" data-element_type=\"column\" data-e-type=\"column\">\n\t\t\t<div class=\"elementor-widget-wrap elementor-element-populated\">\n\t\t\t\t\t\t<div class=\"elementor-element elementor-element-63d12f99 elementor-widget elementor-widget-text-editor\" data-id=\"63d12f99\" data-element_type=\"widget\" data-e-type=\"widget\" data-widget_type=\"text-editor.default\">\n\t\t\t\t<div class=\"elementor-widget-container\">\n\t\t\t\t\t\t\t\t\t<p><strong data-start=\"268\" data-end=\"435\">Diese Seite informiert Sie dar\u00fcber, dass Bakkach Tasnime zu den ehemaligen Kunden von garantie.be geh\u00f6rt.<\/strong><\/p><p>Bakkach Tasnime hat unseren Service der Mietkaution in Anspruch genommen. <span style=\"text-decoration: underline;\"><a href=\"https:\/\/garantie.be\/de\/miet-kaution-belgien\/\">Mietkaution<\/a><\/span>. Im Rahmen unserer B\u00fcrgschaftsverpflichtung gegen\u00fcber seinem Vermieter mussten wir f\u00fcr seine Mietschulden aufkommen. Derzeit wird versucht, eine g\u00fctliche Einigung zu erzielen.<\/p>\t\t\t\t\t\t\t\t<\/div>\n\t\t\t\t<\/div>\n\t\t\t\t\t<\/div>\n\t\t<\/div>\n\t\t\t\t\t<\/div>\n\t\t<\/section>\n\t\t\t\t<section class=\"elementor-section elementor-top-section elementor-element elementor-element-27ef2d50 elementor-section-boxed elementor-section-height-default elementor-section-height-default\" data-id=\"27ef2d50\" data-element_type=\"section\" data-e-type=\"section\">\n\t\t\t\t\t\t<div class=\"elementor-container elementor-column-gap-default\">\n\t\t\t\t\t<div class=\"elementor-column elementor-col-100 elementor-top-column elementor-element elementor-element-199a1ee8\" data-id=\"199a1ee8\" data-element_type=\"column\" data-e-type=\"column\">\n\t\t\t<div class=\"elementor-widget-wrap elementor-element-populated\">\n\t\t\t\t\t\t<div class=\"elementor-element elementor-element-51c96ba5 elementor-widget elementor-widget-text-editor\" data-id=\"51c96ba5\" data-element_type=\"widget\" data-e-type=\"widget\" data-widget_type=\"text-editor.default\">\n\t\t\t\t<div class=\"elementor-widget-container\">\n\t\t\t\t\t\t\t\t\t<p class=\"\" data-start=\"404\" data-end=\"705\">Bakkach Tasnime ist eine ehemalige Mieterin, die <strong data-start=\"757\" data-end=\"808\">\u00fcber die Plattform garantie.be<\/strong> eine mietkaution zur Absicherung eines mietvertrages in Belgien abgeschlossen hat. Mit Hilfe unseres Dienstes b\u00fcrgten wir in seinem Namen, damit er in die Wohnung einziehen konnte, ohne die vom Vermieter geforderte Kaution pers\u00f6nlich vorstrecken zu m\u00fcssen.<\/p>\t\t\t\t\t\t\t\t<\/div>\n\t\t\t\t<\/div>\n\t\t\t\t\t<\/div>\n\t\t<\/div>\n\t\t\t\t\t<\/div>\n\t\t<\/section>\n\t\t\t\t<section class=\"elementor-section elementor-top-section elementor-element elementor-element-2961e048 elementor-section-boxed elementor-section-height-default elementor-section-height-default\" data-id=\"2961e048\" data-element_type=\"section\" data-e-type=\"section\">\n\t\t\t\t\t\t<div class=\"elementor-container elementor-column-gap-default\">\n\t\t\t\t\t<div class=\"elementor-column elementor-col-50 elementor-top-column elementor-element elementor-element-4654be3a\" data-id=\"4654be3a\" data-element_type=\"column\" data-e-type=\"column\">\n\t\t\t<div class=\"elementor-widget-wrap elementor-element-populated\">\n\t\t\t\t\t\t<div class=\"elementor-element elementor-element-5245e5ab elementor-widget elementor-widget-image\" data-id=\"5245e5ab\" data-element_type=\"widget\" data-e-type=\"widget\" data-widget_type=\"image.default\">\n\t\t\t\t<div class=\"elementor-widget-container\">\n\t\t\t\t\t\t\t\t\t\t\t\t\t\t\t<img decoding=\"async\" width=\"94\" height=\"94\" src=\"https:\/\/garantie.be\/wp-content\/uploads\/2021\/04\/IPID-exlcus-assurance.jpg\" class=\"attachment-large size-large wp-image-3089\" alt=\"IPID exlcus Versicherung\" \/>\t\t\t\t\t\t\t\t\t\t\t\t\t\t\t<\/div>\n\t\t\t\t<\/div>\n\t\t\t\t\t<\/div>\n\t\t<\/div>\n\t\t\t\t<div class=\"elementor-column elementor-col-50 elementor-top-column elementor-element elementor-element-5d8adeb2\" data-id=\"5d8adeb2\" data-element_type=\"column\" data-e-type=\"column\">\n\t\t\t<div class=\"elementor-widget-wrap elementor-element-populated\">\n\t\t\t\t\t\t<div class=\"elementor-element elementor-element-368143ea elementor-widget elementor-widget-heading\" data-id=\"368143ea\" data-element_type=\"widget\" data-e-type=\"widget\" data-widget_type=\"heading.default\">\n\t\t\t\t<div class=\"elementor-widget-container\">\n\t\t\t\t\t<h2 class=\"elementor-heading-title elementor-size-default\">Warnung<\/h2>\t\t\t\t<\/div>\n\t\t\t\t<\/div>\n\t\t\t\t<div class=\"elementor-element elementor-element-78fc9da8 elementor-widget elementor-widget-text-editor\" data-id=\"78fc9da8\" data-element_type=\"widget\" data-e-type=\"widget\" data-widget_type=\"text-editor.default\">\n\t\t\t\t<div class=\"elementor-widget-container\">\n\t\t\t\t\t\t\t\t\t<p>Wenn Sie Eigent\u00fcmer, Vermieter oder Dienstleister im Immobilienbereich sind, <strong data-start=\"2512\" data-end=\"2608\">raten wir Ihnen zur Vorsicht bei einer m\u00f6glichen Besch\u00e4ftigung mit Bakkach Tasnime<\/strong>.<\/p><p>Diese Seite soll dazu dienen, andere Strukturen vor der <strong data-start=\"2671\" data-end=\"2701\">schlechten Vertragstreue<\/strong> dieses Kunden zu warnen und zu erh\u00f6hter Wachsamkeit bei k\u00fcnftigen Kooperationen zu ermutigen.<\/p>\t\t\t\t\t\t\t\t<\/div>\n\t\t\t\t<\/div>\n\t\t\t\t\t<\/div>\n\t\t<\/div>\n\t\t\t\t\t<\/div>\n\t\t<\/section>\n\t\t\t\t<\/div>\n\t\t","protected":false},"excerpt":{"rendered":"<p>Bakkach Tasnime Diese Seite informiert Sie dar\u00fcber, dass Bakkach Tasnime zu den ehemaligen Kunden von garantie.be geh\u00f6rt. Bakkach Tasnime hat unseren Service der Mietkaution in Anspruch genommen. Mietkaution. Im Rahmen unserer B\u00fcrgschaftsverpflichtung gegen\u00fcber seinem Vermieter mussten wir f\u00fcr seine Mietschulden aufkommen. Derzeit wird versucht, eine g\u00fctliche Einigung zu erzielen. Bakkach Tasnime ist eine ehemalige Mieterin, [&hellip;]<\/p>\n","protected":false},"author":1,"featured_media":0,"parent":17877,"menu_order":0,"comment_status":"closed","ping_status":"closed","template":"","meta":{"footnotes":""},"class_list":["post-20525","page","type-page","status-publish","hentry"],"yoast_head":"<!-- This site is optimized with the Yoast SEO plugin v27.3 - https:\/\/yoast.com\/product\/yoast-seo-wordpress\/ -->\n<title>Bakkach Tasnime - Belgien<\/title>\n<meta name=\"description\" content=\"Bakkach Tasnime hat von unserer Mietkaution profitiert. Kontaktieren Sie uns, bevor Sie mit Bakkach Tasnime einen mietvertrag f\u00fcr eine Wohnung unterzeichnen.\" \/>\n<meta name=\"robots\" content=\"index, follow, max-snippet:-1, max-image-preview:large, max-video-preview:-1\" \/>\n<link rel=\"canonical\" href=\"https:\/\/garantie.be\/de\/datei\/bakkach-tasnime\/\" \/>\n<meta property=\"og:locale\" content=\"de_DE\" \/>\n<meta property=\"og:type\" content=\"article\" \/>\n<meta property=\"og:title\" content=\"Bakkach Tasnime - Belgien\" \/>\n<meta property=\"og:description\" content=\"Bakkach Tasnime hat von unserer Mietkaution profitiert. Kontaktieren Sie uns, bevor Sie mit Bakkach Tasnime einen mietvertrag f\u00fcr eine Wohnung unterzeichnen.\" \/>\n<meta property=\"og:url\" content=\"https:\/\/garantie.be\/de\/datei\/bakkach-tasnime\/\" \/>\n<meta property=\"og:site_name\" content=\"Garantie\" \/>\n<meta property=\"article:modified_time\" content=\"2025-12-19T09:49:55+00:00\" \/>\n<meta property=\"og:image\" content=\"https:\/\/garantie.be\/wp-content\/uploads\/2021\/04\/IPID-exlcus-assurance.jpg\" \/>\n<meta name=\"twitter:card\" content=\"summary_large_image\" \/>\n<meta name=\"twitter:label1\" content=\"Gesch\u00e4tzte Lesezeit\" \/>\n\t<meta name=\"twitter:data1\" content=\"1\u00a0Minute\" \/>\n<script type=\"application\/ld+json\" class=\"yoast-schema-graph\">{\"@context\":\"https:\\\/\\\/schema.org\",\"@graph\":[{\"@type\":\"WebPage\",\"@id\":\"https:\\\/\\\/garantie.be\\\/de\\\/datei\\\/bakkach-tasnime\\\/\",\"url\":\"https:\\\/\\\/garantie.be\\\/de\\\/datei\\\/bakkach-tasnime\\\/\",\"name\":\"Bakkach Tasnime - Belgien\",\"isPartOf\":{\"@id\":\"https:\\\/\\\/garantie.be\\\/de\\\/#website\"},\"primaryImageOfPage\":{\"@id\":\"https:\\\/\\\/garantie.be\\\/de\\\/datei\\\/bakkach-tasnime\\\/#primaryimage\"},\"image\":{\"@id\":\"https:\\\/\\\/garantie.be\\\/de\\\/datei\\\/bakkach-tasnime\\\/#primaryimage\"},\"thumbnailUrl\":\"https:\\\/\\\/garantie.be\\\/wp-content\\\/uploads\\\/2021\\\/04\\\/IPID-exlcus-assurance.jpg\",\"datePublished\":\"2025-12-18T15:19:38+00:00\",\"dateModified\":\"2025-12-19T09:49:55+00:00\",\"description\":\"Bakkach Tasnime hat von unserer Mietkaution profitiert. Kontaktieren Sie uns, bevor Sie mit Bakkach Tasnime einen mietvertrag f\u00fcr eine Wohnung unterzeichnen.\",\"breadcrumb\":{\"@id\":\"https:\\\/\\\/garantie.be\\\/de\\\/datei\\\/bakkach-tasnime\\\/#breadcrumb\"},\"inLanguage\":\"de\",\"potentialAction\":[{\"@type\":\"ReadAction\",\"target\":[\"https:\\\/\\\/garantie.be\\\/de\\\/datei\\\/bakkach-tasnime\\\/\"]}]},{\"@type\":\"ImageObject\",\"inLanguage\":\"de\",\"@id\":\"https:\\\/\\\/garantie.be\\\/de\\\/datei\\\/bakkach-tasnime\\\/#primaryimage\",\"url\":\"https:\\\/\\\/garantie.be\\\/wp-content\\\/uploads\\\/2021\\\/04\\\/IPID-exlcus-assurance.jpg\",\"contentUrl\":\"https:\\\/\\\/garantie.be\\\/wp-content\\\/uploads\\\/2021\\\/04\\\/IPID-exlcus-assurance.jpg\"},{\"@type\":\"BreadcrumbList\",\"@id\":\"https:\\\/\\\/garantie.be\\\/de\\\/datei\\\/bakkach-tasnime\\\/#breadcrumb\",\"itemListElement\":[{\"@type\":\"ListItem\",\"position\":1,\"name\":\"Accueil\",\"item\":\"https:\\\/\\\/garantie.be\\\/de\\\/\"},{\"@type\":\"ListItem\",\"position\":2,\"name\":\"Unerledigte Kundenakten\",\"item\":\"https:\\\/\\\/garantie.be\\\/de\\\/datei\\\/\"},{\"@type\":\"ListItem\",\"position\":3,\"name\":\"Bakkach Tasnime &#8211; Belgien\"}]},{\"@type\":\"WebSite\",\"@id\":\"https:\\\/\\\/garantie.be\\\/de\\\/#website\",\"url\":\"https:\\\/\\\/garantie.be\\\/de\\\/\",\"name\":\"Garantie\",\"description\":\"\",\"publisher\":{\"@id\":\"https:\\\/\\\/garantie.be\\\/de\\\/#organization\"},\"potentialAction\":[{\"@type\":\"SearchAction\",\"target\":{\"@type\":\"EntryPoint\",\"urlTemplate\":\"https:\\\/\\\/garantie.be\\\/de\\\/?s={search_term_string}\"},\"query-input\":{\"@type\":\"PropertyValueSpecification\",\"valueRequired\":true,\"valueName\":\"search_term_string\"}}],\"inLanguage\":\"de\"},{\"@type\":\"Organization\",\"@id\":\"https:\\\/\\\/garantie.be\\\/de\\\/#organization\",\"name\":\"Garantie.be\",\"url\":\"https:\\\/\\\/garantie.be\\\/de\\\/\",\"logo\":{\"@type\":\"ImageObject\",\"inLanguage\":\"de\",\"@id\":\"https:\\\/\\\/garantie.be\\\/de\\\/#\\\/schema\\\/logo\\\/image\\\/\",\"url\":\"\",\"contentUrl\":\"\",\"caption\":\"Garantie.be\"},\"image\":{\"@id\":\"https:\\\/\\\/garantie.be\\\/de\\\/#\\\/schema\\\/logo\\\/image\\\/\"}}]}<\/script>\n<!-- \/ Yoast SEO plugin. -->","yoast_head_json":{"title":"Bakkach Tasnime - Belgien","description":"Bakkach Tasnime hat von unserer Mietkaution profitiert. Kontaktieren Sie uns, bevor Sie mit Bakkach Tasnime einen mietvertrag f\u00fcr eine Wohnung unterzeichnen.","robots":{"index":"index","follow":"follow","max-snippet":"max-snippet:-1","max-image-preview":"max-image-preview:large","max-video-preview":"max-video-preview:-1"},"canonical":"https:\/\/garantie.be\/de\/datei\/bakkach-tasnime\/","og_locale":"de_DE","og_type":"article","og_title":"Bakkach Tasnime - Belgien","og_description":"Bakkach Tasnime hat von unserer Mietkaution profitiert. Kontaktieren Sie uns, bevor Sie mit Bakkach Tasnime einen mietvertrag f\u00fcr eine Wohnung unterzeichnen.","og_url":"https:\/\/garantie.be\/de\/datei\/bakkach-tasnime\/","og_site_name":"Garantie","article_modified_time":"2025-12-19T09:49:55+00:00","og_image":[{"url":"https:\/\/garantie.be\/wp-content\/uploads\/2021\/04\/IPID-exlcus-assurance.jpg","type":"","width":"","height":""}],"twitter_card":"summary_large_image","twitter_misc":{"Gesch\u00e4tzte Lesezeit":"1\u00a0Minute"},"schema":{"@context":"https:\/\/schema.org","@graph":[{"@type":"WebPage","@id":"https:\/\/garantie.be\/de\/datei\/bakkach-tasnime\/","url":"https:\/\/garantie.be\/de\/datei\/bakkach-tasnime\/","name":"Bakkach Tasnime - Belgien","isPartOf":{"@id":"https:\/\/garantie.be\/de\/#website"},"primaryImageOfPage":{"@id":"https:\/\/garantie.be\/de\/datei\/bakkach-tasnime\/#primaryimage"},"image":{"@id":"https:\/\/garantie.be\/de\/datei\/bakkach-tasnime\/#primaryimage"},"thumbnailUrl":"https:\/\/garantie.be\/wp-content\/uploads\/2021\/04\/IPID-exlcus-assurance.jpg","datePublished":"2025-12-18T15:19:38+00:00","dateModified":"2025-12-19T09:49:55+00:00","description":"Bakkach Tasnime hat von unserer Mietkaution profitiert. Kontaktieren Sie uns, bevor Sie mit Bakkach Tasnime einen mietvertrag f\u00fcr eine Wohnung unterzeichnen.","breadcrumb":{"@id":"https:\/\/garantie.be\/de\/datei\/bakkach-tasnime\/#breadcrumb"},"inLanguage":"de","potentialAction":[{"@type":"ReadAction","target":["https:\/\/garantie.be\/de\/datei\/bakkach-tasnime\/"]}]},{"@type":"ImageObject","inLanguage":"de","@id":"https:\/\/garantie.be\/de\/datei\/bakkach-tasnime\/#primaryimage","url":"https:\/\/garantie.be\/wp-content\/uploads\/2021\/04\/IPID-exlcus-assurance.jpg","contentUrl":"https:\/\/garantie.be\/wp-content\/uploads\/2021\/04\/IPID-exlcus-assurance.jpg"},{"@type":"BreadcrumbList","@id":"https:\/\/garantie.be\/de\/datei\/bakkach-tasnime\/#breadcrumb","itemListElement":[{"@type":"ListItem","position":1,"name":"Accueil","item":"https:\/\/garantie.be\/de\/"},{"@type":"ListItem","position":2,"name":"Unerledigte Kundenakten","item":"https:\/\/garantie.be\/de\/datei\/"},{"@type":"ListItem","position":3,"name":"Bakkach Tasnime &#8211; Belgien"}]},{"@type":"WebSite","@id":"https:\/\/garantie.be\/de\/#website","url":"https:\/\/garantie.be\/de\/","name":"Garantie","description":"","publisher":{"@id":"https:\/\/garantie.be\/de\/#organization"},"potentialAction":[{"@type":"SearchAction","target":{"@type":"EntryPoint","urlTemplate":"https:\/\/garantie.be\/de\/?s={search_term_string}"},"query-input":{"@type":"PropertyValueSpecification","valueRequired":true,"valueName":"search_term_string"}}],"inLanguage":"de"},{"@type":"Organization","@id":"https:\/\/garantie.be\/de\/#organization","name":"Garantie.be","url":"https:\/\/garantie.be\/de\/","logo":{"@type":"ImageObject","inLanguage":"de","@id":"https:\/\/garantie.be\/de\/#\/schema\/logo\/image\/","url":"","contentUrl":"","caption":"Garantie.be"},"image":{"@id":"https:\/\/garantie.be\/de\/#\/schema\/logo\/image\/"}}]}},"_links":{"self":[{"href":"https:\/\/garantie.be\/de\/wp-json\/wp\/v2\/pages\/20525","targetHints":{"allow":["GET"]}}],"collection":[{"href":"https:\/\/garantie.be\/de\/wp-json\/wp\/v2\/pages"}],"about":[{"href":"https:\/\/garantie.be\/de\/wp-json\/wp\/v2\/types\/page"}],"author":[{"embeddable":true,"href":"https:\/\/garantie.be\/de\/wp-json\/wp\/v2\/users\/1"}],"replies":[{"embeddable":true,"href":"https:\/\/garantie.be\/de\/wp-json\/wp\/v2\/comments?post=20525"}],"version-history":[{"count":0,"href":"https:\/\/garantie.be\/de\/wp-json\/wp\/v2\/pages\/20525\/revisions"}],"up":[{"embeddable":true,"href":"https:\/\/garantie.be\/de\/wp-json\/wp\/v2\/pages\/17877"}],"wp:attachment":[{"href":"https:\/\/garantie.be\/de\/wp-json\/wp\/v2\/media?parent=20525"}],"curies":[{"name":"wp","href":"https:\/\/api.w.org\/{rel}","templated":true}]}}