{"id":20681,"date":"2026-01-07T09:13:19","date_gmt":"2026-01-07T08:13:19","guid":{"rendered":"https:\/\/garantie.be\/datei\/ted-eriksson-belgien\/"},"modified":"2026-01-07T09:13:20","modified_gmt":"2026-01-07T08:13:20","slug":"ted-eriksson-belgien","status":"publish","type":"page","link":"https:\/\/garantie.be\/de\/datei\/ted-eriksson-belgien\/","title":{"rendered":"Ted Eriksson &#8211; Br\u00fcssel"},"content":{"rendered":"\t\t<div data-elementor-type=\"wp-page\" data-elementor-id=\"20681\" class=\"elementor elementor-20681 elementor-20665\" data-elementor-post-type=\"page\">\n\t\t\t\t\t\t<section class=\"elementor-section elementor-top-section elementor-element elementor-element-6adebb73 elementor-section-boxed elementor-section-height-default elementor-section-height-default\" data-id=\"6adebb73\" data-element_type=\"section\" data-e-type=\"section\">\n\t\t\t\t\t\t<div class=\"elementor-container elementor-column-gap-default\">\n\t\t\t\t\t<div class=\"elementor-column elementor-col-100 elementor-top-column elementor-element elementor-element-7f386202\" data-id=\"7f386202\" data-element_type=\"column\" data-e-type=\"column\">\n\t\t\t<div class=\"elementor-widget-wrap elementor-element-populated\">\n\t\t\t\t\t\t<div class=\"elementor-element elementor-element-7eaa62e5 elementor-widget elementor-widget-spacer\" data-id=\"7eaa62e5\" data-element_type=\"widget\" data-e-type=\"widget\" data-widget_type=\"spacer.default\">\n\t\t\t\t<div class=\"elementor-widget-container\">\n\t\t\t\t\t\t\t<div class=\"elementor-spacer\">\n\t\t\t<div class=\"elementor-spacer-inner\"><\/div>\n\t\t<\/div>\n\t\t\t\t\t\t<\/div>\n\t\t\t\t<\/div>\n\t\t\t\t\t<\/div>\n\t\t<\/div>\n\t\t\t\t\t<\/div>\n\t\t<\/section>\n\t\t\t\t<section class=\"elementor-section elementor-top-section elementor-element elementor-element-6bc4d77d elementor-section-boxed elementor-section-height-default elementor-section-height-default\" data-id=\"6bc4d77d\" data-element_type=\"section\" data-e-type=\"section\">\n\t\t\t\t\t\t<div class=\"elementor-container elementor-column-gap-default\">\n\t\t\t\t\t<div class=\"elementor-column elementor-col-100 elementor-top-column elementor-element elementor-element-78600273\" data-id=\"78600273\" data-element_type=\"column\" data-e-type=\"column\">\n\t\t\t<div class=\"elementor-widget-wrap elementor-element-populated\">\n\t\t\t\t\t\t<div class=\"elementor-element elementor-element-331a6505 elementor-widget elementor-widget-heading\" data-id=\"331a6505\" data-element_type=\"widget\" data-e-type=\"widget\" data-widget_type=\"heading.default\">\n\t\t\t\t<div class=\"elementor-widget-container\">\n\t\t\t\t\t<h1 class=\"elementor-heading-title elementor-size-default\">Ted Eriksson<\/h1>\t\t\t\t<\/div>\n\t\t\t\t<\/div>\n\t\t\t\t\t<\/div>\n\t\t<\/div>\n\t\t\t\t\t<\/div>\n\t\t<\/section>\n\t\t\t\t<section class=\"elementor-section elementor-top-section elementor-element elementor-element-2d6ddd0d elementor-section-boxed elementor-section-height-default elementor-section-height-default\" data-id=\"2d6ddd0d\" data-element_type=\"section\" data-e-type=\"section\">\n\t\t\t\t\t\t<div class=\"elementor-container elementor-column-gap-default\">\n\t\t\t\t\t<div class=\"elementor-column elementor-col-100 elementor-top-column elementor-element elementor-element-6f534d0\" data-id=\"6f534d0\" data-element_type=\"column\" data-e-type=\"column\">\n\t\t\t<div class=\"elementor-widget-wrap elementor-element-populated\">\n\t\t\t\t\t\t<div class=\"elementor-element elementor-element-7049a831 elementor-widget elementor-widget-text-editor\" data-id=\"7049a831\" data-element_type=\"widget\" data-e-type=\"widget\" data-widget_type=\"text-editor.default\">\n\t\t\t\t<div class=\"elementor-widget-container\">\n\t\t\t\t\t\t\t\t\t<p><strong data-start=\"268\" data-end=\"435\">Herr Ted Eriksson ist einer der fr\u00fcheren Kunden von garantie.be.<\/strong><\/p><p>Herr Ted Eriksson profitierte von unserem Service der Mietkaution. <span style=\"text-decoration: underline;\"><a href=\"https:\/\/garantie.be\/de\/miet-kaution-belgien\/\">Mietkaution<\/a><\/span>. Im Rahmen unserer B\u00fcrgschaftsverpflichtung gegen\u00fcber seinem Vermieter mussten wir f\u00fcr seine Mietschulden aufkommen. Derzeit wird versucht, eine g\u00fctliche Einigung zu erzielen.<\/p>\t\t\t\t\t\t\t\t<\/div>\n\t\t\t\t<\/div>\n\t\t\t\t\t<\/div>\n\t\t<\/div>\n\t\t\t\t\t<\/div>\n\t\t<\/section>\n\t\t\t\t<section class=\"elementor-section elementor-top-section elementor-element elementor-element-1b9cde95 elementor-section-boxed elementor-section-height-default elementor-section-height-default\" data-id=\"1b9cde95\" data-element_type=\"section\" data-e-type=\"section\">\n\t\t\t\t\t\t<div class=\"elementor-container elementor-column-gap-default\">\n\t\t\t\t\t<div class=\"elementor-column elementor-col-100 elementor-top-column elementor-element elementor-element-626631a1\" data-id=\"626631a1\" data-element_type=\"column\" data-e-type=\"column\">\n\t\t\t<div class=\"elementor-widget-wrap elementor-element-populated\">\n\t\t\t\t\t\t<div class=\"elementor-element elementor-element-61a595b8 elementor-widget elementor-widget-text-editor\" data-id=\"61a595b8\" data-element_type=\"widget\" data-e-type=\"widget\" data-widget_type=\"text-editor.default\">\n\t\t\t\t<div class=\"elementor-widget-container\">\n\t\t\t\t\t\t\t\t\t<p class=\"\" data-start=\"404\" data-end=\"705\">Ted Eriksson ist ein ehemaliger Mieter, der <strong data-start=\"757\" data-end=\"808\">\u00fcber die Plattform garantie.be<\/strong> eine mietkaution zur Absicherung eines mietvertraglichen Vertrages in Belgien abgeschlossen hat. Mit Hilfe unseres Dienstes b\u00fcrgten wir in seinem Namen, damit er in die Wohnung einziehen konnte, ohne die vom Vermieter geforderte Kaution pers\u00f6nlich vorstrecken zu m\u00fcssen.<\/p><p data-start=\"404\" data-end=\"705\">Ted Eriksson scheint laut <a href=\"https:\/\/www.linkedin.com\/in\/ted-eriksson-3ba025a\/\" target=\"_blank\" rel=\"noopener\">seinem Linkedin-Profil<\/a> bei den Europ\u00e4ischen Institutionen zu arbeiten.  <\/p>\t\t\t\t\t\t\t\t<\/div>\n\t\t\t\t<\/div>\n\t\t\t\t\t<\/div>\n\t\t<\/div>\n\t\t\t\t\t<\/div>\n\t\t<\/section>\n\t\t\t\t<section class=\"elementor-section elementor-top-section elementor-element elementor-element-3e5c9832 elementor-section-boxed elementor-section-height-default elementor-section-height-default\" data-id=\"3e5c9832\" data-element_type=\"section\" data-e-type=\"section\">\n\t\t\t\t\t\t<div class=\"elementor-container elementor-column-gap-default\">\n\t\t\t\t\t<div class=\"elementor-column elementor-col-50 elementor-top-column elementor-element elementor-element-645ad155\" data-id=\"645ad155\" data-element_type=\"column\" data-e-type=\"column\">\n\t\t\t<div class=\"elementor-widget-wrap elementor-element-populated\">\n\t\t\t\t\t\t<div class=\"elementor-element elementor-element-44cce6eb elementor-widget elementor-widget-image\" data-id=\"44cce6eb\" data-element_type=\"widget\" data-e-type=\"widget\" data-widget_type=\"image.default\">\n\t\t\t\t<div class=\"elementor-widget-container\">\n\t\t\t\t\t\t\t\t\t\t\t\t\t\t\t<img decoding=\"async\" width=\"94\" height=\"94\" src=\"https:\/\/garantie.be\/wp-content\/uploads\/2021\/04\/IPID-exlcus-assurance.jpg\" class=\"attachment-large size-large wp-image-3089\" alt=\"IPID exlcus Versicherung\" \/>\t\t\t\t\t\t\t\t\t\t\t\t\t\t\t<\/div>\n\t\t\t\t<\/div>\n\t\t\t\t\t<\/div>\n\t\t<\/div>\n\t\t\t\t<div class=\"elementor-column elementor-col-50 elementor-top-column elementor-element elementor-element-6e6a7e40\" data-id=\"6e6a7e40\" data-element_type=\"column\" data-e-type=\"column\">\n\t\t\t<div class=\"elementor-widget-wrap elementor-element-populated\">\n\t\t\t\t\t\t<div class=\"elementor-element elementor-element-664e30f0 elementor-widget elementor-widget-heading\" data-id=\"664e30f0\" data-element_type=\"widget\" data-e-type=\"widget\" data-widget_type=\"heading.default\">\n\t\t\t\t<div class=\"elementor-widget-container\">\n\t\t\t\t\t<h2 class=\"elementor-heading-title elementor-size-default\">Warnung an andere Anbieter<\/h2>\t\t\t\t<\/div>\n\t\t\t\t<\/div>\n\t\t\t\t<div class=\"elementor-element elementor-element-2dd6d67 elementor-widget elementor-widget-text-editor\" data-id=\"2dd6d67\" data-element_type=\"widget\" data-e-type=\"widget\" data-widget_type=\"text-editor.default\">\n\t\t\t\t<div class=\"elementor-widget-container\">\n\t\t\t\t\t\t\t\t\t<p>Wenn Sie Eigent\u00fcmer, Vermieter oder Dienstleister im Immobilienbereich sind, sollten Sie bei <strong data-start=\"2512\" data-end=\"2608\">einer m\u00f6glichen Besch\u00e4ftigung mit Ted Eriksson Vorsicht walten<\/strong> lassen.<\/p><p>Diese Seite soll dazu dienen, andere Strukturen vor der <strong data-start=\"2671\" data-end=\"2701\">schlechten Vertragstreue<\/strong> dieses Kunden zu warnen und zu erh\u00f6hter Wachsamkeit bei k\u00fcnftigen Kooperationen zu ermutigen.<\/p>\t\t\t\t\t\t\t\t<\/div>\n\t\t\t\t<\/div>\n\t\t\t\t\t<\/div>\n\t\t<\/div>\n\t\t\t\t\t<\/div>\n\t\t<\/section>\n\t\t\t\t<\/div>\n\t\t","protected":false},"excerpt":{"rendered":"<p>Ted Eriksson Herr Ted Eriksson ist einer der fr\u00fcheren Kunden von garantie.be. Herr Ted Eriksson profitierte von unserem Service der Mietkaution. Mietkaution. Im Rahmen unserer B\u00fcrgschaftsverpflichtung gegen\u00fcber seinem Vermieter mussten wir f\u00fcr seine Mietschulden aufkommen. Derzeit wird versucht, eine g\u00fctliche Einigung zu erzielen. Ted Eriksson ist ein ehemaliger Mieter, der \u00fcber die Plattform garantie.be eine [&hellip;]<\/p>\n","protected":false},"author":1,"featured_media":0,"parent":17877,"menu_order":0,"comment_status":"closed","ping_status":"closed","template":"","meta":{"footnotes":""},"class_list":["post-20681","page","type-page","status-publish","hentry"],"yoast_head":"<!-- This site is optimized with the Yoast SEO plugin v27.3 - https:\/\/yoast.com\/product\/yoast-seo-wordpress\/ -->\n<title>Ted Eriksson - Br\u00fcssel<\/title>\n<meta name=\"description\" content=\"Ted Eriksson hat unsere Mietkaution in Anspruch genommen. Kontaktieren Sie uns, bevor Sie mit Ted Eriksson einen mietvertrag f\u00fcr eine Wohnung abschlie\u00dfen.\" \/>\n<meta name=\"robots\" content=\"index, follow, max-snippet:-1, max-image-preview:large, max-video-preview:-1\" \/>\n<link rel=\"canonical\" href=\"https:\/\/garantie.be\/de\/datei\/ted-eriksson-belgien\/\" \/>\n<meta property=\"og:locale\" content=\"de_DE\" \/>\n<meta property=\"og:type\" content=\"article\" \/>\n<meta property=\"og:title\" content=\"Ted Eriksson - Br\u00fcssel\" \/>\n<meta property=\"og:description\" content=\"Ted Eriksson hat unsere Mietkaution in Anspruch genommen. Kontaktieren Sie uns, bevor Sie mit Ted Eriksson einen mietvertrag f\u00fcr eine Wohnung abschlie\u00dfen.\" \/>\n<meta property=\"og:url\" content=\"https:\/\/garantie.be\/de\/datei\/ted-eriksson-belgien\/\" \/>\n<meta property=\"og:site_name\" content=\"Garantie\" \/>\n<meta property=\"article:modified_time\" content=\"2026-01-07T08:13:20+00:00\" \/>\n<meta property=\"og:image\" content=\"https:\/\/garantie.be\/wp-content\/uploads\/2021\/04\/IPID-exlcus-assurance.jpg\" \/>\n<meta name=\"twitter:card\" content=\"summary_large_image\" \/>\n<meta name=\"twitter:label1\" content=\"Gesch\u00e4tzte Lesezeit\" \/>\n\t<meta name=\"twitter:data1\" content=\"1\u00a0Minute\" \/>\n<script type=\"application\/ld+json\" class=\"yoast-schema-graph\">{\"@context\":\"https:\\\/\\\/schema.org\",\"@graph\":[{\"@type\":\"WebPage\",\"@id\":\"https:\\\/\\\/garantie.be\\\/de\\\/datei\\\/ted-eriksson-belgien\\\/\",\"url\":\"https:\\\/\\\/garantie.be\\\/de\\\/datei\\\/ted-eriksson-belgien\\\/\",\"name\":\"Ted Eriksson - Br\u00fcssel\",\"isPartOf\":{\"@id\":\"https:\\\/\\\/garantie.be\\\/de\\\/#website\"},\"primaryImageOfPage\":{\"@id\":\"https:\\\/\\\/garantie.be\\\/de\\\/datei\\\/ted-eriksson-belgien\\\/#primaryimage\"},\"image\":{\"@id\":\"https:\\\/\\\/garantie.be\\\/de\\\/datei\\\/ted-eriksson-belgien\\\/#primaryimage\"},\"thumbnailUrl\":\"https:\\\/\\\/garantie.be\\\/wp-content\\\/uploads\\\/2021\\\/04\\\/IPID-exlcus-assurance.jpg\",\"datePublished\":\"2026-01-07T08:13:19+00:00\",\"dateModified\":\"2026-01-07T08:13:20+00:00\",\"description\":\"Ted Eriksson hat unsere Mietkaution in Anspruch genommen. Kontaktieren Sie uns, bevor Sie mit Ted Eriksson einen mietvertrag f\u00fcr eine Wohnung abschlie\u00dfen.\",\"breadcrumb\":{\"@id\":\"https:\\\/\\\/garantie.be\\\/de\\\/datei\\\/ted-eriksson-belgien\\\/#breadcrumb\"},\"inLanguage\":\"de\",\"potentialAction\":[{\"@type\":\"ReadAction\",\"target\":[\"https:\\\/\\\/garantie.be\\\/de\\\/datei\\\/ted-eriksson-belgien\\\/\"]}]},{\"@type\":\"ImageObject\",\"inLanguage\":\"de\",\"@id\":\"https:\\\/\\\/garantie.be\\\/de\\\/datei\\\/ted-eriksson-belgien\\\/#primaryimage\",\"url\":\"https:\\\/\\\/garantie.be\\\/wp-content\\\/uploads\\\/2021\\\/04\\\/IPID-exlcus-assurance.jpg\",\"contentUrl\":\"https:\\\/\\\/garantie.be\\\/wp-content\\\/uploads\\\/2021\\\/04\\\/IPID-exlcus-assurance.jpg\"},{\"@type\":\"BreadcrumbList\",\"@id\":\"https:\\\/\\\/garantie.be\\\/de\\\/datei\\\/ted-eriksson-belgien\\\/#breadcrumb\",\"itemListElement\":[{\"@type\":\"ListItem\",\"position\":1,\"name\":\"Accueil\",\"item\":\"https:\\\/\\\/garantie.be\\\/de\\\/\"},{\"@type\":\"ListItem\",\"position\":2,\"name\":\"Unerledigte Kundenakten\",\"item\":\"https:\\\/\\\/garantie.be\\\/de\\\/datei\\\/\"},{\"@type\":\"ListItem\",\"position\":3,\"name\":\"Ted Eriksson &#8211; Br\u00fcssel\"}]},{\"@type\":\"WebSite\",\"@id\":\"https:\\\/\\\/garantie.be\\\/de\\\/#website\",\"url\":\"https:\\\/\\\/garantie.be\\\/de\\\/\",\"name\":\"Garantie\",\"description\":\"\",\"publisher\":{\"@id\":\"https:\\\/\\\/garantie.be\\\/de\\\/#organization\"},\"potentialAction\":[{\"@type\":\"SearchAction\",\"target\":{\"@type\":\"EntryPoint\",\"urlTemplate\":\"https:\\\/\\\/garantie.be\\\/de\\\/?s={search_term_string}\"},\"query-input\":{\"@type\":\"PropertyValueSpecification\",\"valueRequired\":true,\"valueName\":\"search_term_string\"}}],\"inLanguage\":\"de\"},{\"@type\":\"Organization\",\"@id\":\"https:\\\/\\\/garantie.be\\\/de\\\/#organization\",\"name\":\"Garantie.be\",\"url\":\"https:\\\/\\\/garantie.be\\\/de\\\/\",\"logo\":{\"@type\":\"ImageObject\",\"inLanguage\":\"de\",\"@id\":\"https:\\\/\\\/garantie.be\\\/de\\\/#\\\/schema\\\/logo\\\/image\\\/\",\"url\":\"\",\"contentUrl\":\"\",\"caption\":\"Garantie.be\"},\"image\":{\"@id\":\"https:\\\/\\\/garantie.be\\\/de\\\/#\\\/schema\\\/logo\\\/image\\\/\"}}]}<\/script>\n<!-- \/ Yoast SEO plugin. -->","yoast_head_json":{"title":"Ted Eriksson - Br\u00fcssel","description":"Ted Eriksson hat unsere Mietkaution in Anspruch genommen. Kontaktieren Sie uns, bevor Sie mit Ted Eriksson einen mietvertrag f\u00fcr eine Wohnung abschlie\u00dfen.","robots":{"index":"index","follow":"follow","max-snippet":"max-snippet:-1","max-image-preview":"max-image-preview:large","max-video-preview":"max-video-preview:-1"},"canonical":"https:\/\/garantie.be\/de\/datei\/ted-eriksson-belgien\/","og_locale":"de_DE","og_type":"article","og_title":"Ted Eriksson - Br\u00fcssel","og_description":"Ted Eriksson hat unsere Mietkaution in Anspruch genommen. Kontaktieren Sie uns, bevor Sie mit Ted Eriksson einen mietvertrag f\u00fcr eine Wohnung abschlie\u00dfen.","og_url":"https:\/\/garantie.be\/de\/datei\/ted-eriksson-belgien\/","og_site_name":"Garantie","article_modified_time":"2026-01-07T08:13:20+00:00","og_image":[{"url":"https:\/\/garantie.be\/wp-content\/uploads\/2021\/04\/IPID-exlcus-assurance.jpg","type":"","width":"","height":""}],"twitter_card":"summary_large_image","twitter_misc":{"Gesch\u00e4tzte Lesezeit":"1\u00a0Minute"},"schema":{"@context":"https:\/\/schema.org","@graph":[{"@type":"WebPage","@id":"https:\/\/garantie.be\/de\/datei\/ted-eriksson-belgien\/","url":"https:\/\/garantie.be\/de\/datei\/ted-eriksson-belgien\/","name":"Ted Eriksson - Br\u00fcssel","isPartOf":{"@id":"https:\/\/garantie.be\/de\/#website"},"primaryImageOfPage":{"@id":"https:\/\/garantie.be\/de\/datei\/ted-eriksson-belgien\/#primaryimage"},"image":{"@id":"https:\/\/garantie.be\/de\/datei\/ted-eriksson-belgien\/#primaryimage"},"thumbnailUrl":"https:\/\/garantie.be\/wp-content\/uploads\/2021\/04\/IPID-exlcus-assurance.jpg","datePublished":"2026-01-07T08:13:19+00:00","dateModified":"2026-01-07T08:13:20+00:00","description":"Ted Eriksson hat unsere Mietkaution in Anspruch genommen. Kontaktieren Sie uns, bevor Sie mit Ted Eriksson einen mietvertrag f\u00fcr eine Wohnung abschlie\u00dfen.","breadcrumb":{"@id":"https:\/\/garantie.be\/de\/datei\/ted-eriksson-belgien\/#breadcrumb"},"inLanguage":"de","potentialAction":[{"@type":"ReadAction","target":["https:\/\/garantie.be\/de\/datei\/ted-eriksson-belgien\/"]}]},{"@type":"ImageObject","inLanguage":"de","@id":"https:\/\/garantie.be\/de\/datei\/ted-eriksson-belgien\/#primaryimage","url":"https:\/\/garantie.be\/wp-content\/uploads\/2021\/04\/IPID-exlcus-assurance.jpg","contentUrl":"https:\/\/garantie.be\/wp-content\/uploads\/2021\/04\/IPID-exlcus-assurance.jpg"},{"@type":"BreadcrumbList","@id":"https:\/\/garantie.be\/de\/datei\/ted-eriksson-belgien\/#breadcrumb","itemListElement":[{"@type":"ListItem","position":1,"name":"Accueil","item":"https:\/\/garantie.be\/de\/"},{"@type":"ListItem","position":2,"name":"Unerledigte Kundenakten","item":"https:\/\/garantie.be\/de\/datei\/"},{"@type":"ListItem","position":3,"name":"Ted Eriksson &#8211; Br\u00fcssel"}]},{"@type":"WebSite","@id":"https:\/\/garantie.be\/de\/#website","url":"https:\/\/garantie.be\/de\/","name":"Garantie","description":"","publisher":{"@id":"https:\/\/garantie.be\/de\/#organization"},"potentialAction":[{"@type":"SearchAction","target":{"@type":"EntryPoint","urlTemplate":"https:\/\/garantie.be\/de\/?s={search_term_string}"},"query-input":{"@type":"PropertyValueSpecification","valueRequired":true,"valueName":"search_term_string"}}],"inLanguage":"de"},{"@type":"Organization","@id":"https:\/\/garantie.be\/de\/#organization","name":"Garantie.be","url":"https:\/\/garantie.be\/de\/","logo":{"@type":"ImageObject","inLanguage":"de","@id":"https:\/\/garantie.be\/de\/#\/schema\/logo\/image\/","url":"","contentUrl":"","caption":"Garantie.be"},"image":{"@id":"https:\/\/garantie.be\/de\/#\/schema\/logo\/image\/"}}]}},"_links":{"self":[{"href":"https:\/\/garantie.be\/de\/wp-json\/wp\/v2\/pages\/20681","targetHints":{"allow":["GET"]}}],"collection":[{"href":"https:\/\/garantie.be\/de\/wp-json\/wp\/v2\/pages"}],"about":[{"href":"https:\/\/garantie.be\/de\/wp-json\/wp\/v2\/types\/page"}],"author":[{"embeddable":true,"href":"https:\/\/garantie.be\/de\/wp-json\/wp\/v2\/users\/1"}],"replies":[{"embeddable":true,"href":"https:\/\/garantie.be\/de\/wp-json\/wp\/v2\/comments?post=20681"}],"version-history":[{"count":0,"href":"https:\/\/garantie.be\/de\/wp-json\/wp\/v2\/pages\/20681\/revisions"}],"up":[{"embeddable":true,"href":"https:\/\/garantie.be\/de\/wp-json\/wp\/v2\/pages\/17877"}],"wp:attachment":[{"href":"https:\/\/garantie.be\/de\/wp-json\/wp\/v2\/media?parent=20681"}],"curies":[{"name":"wp","href":"https:\/\/api.w.org\/{rel}","templated":true}]}}