{"id":20760,"date":"2026-01-09T10:54:52","date_gmt":"2026-01-09T09:54:52","guid":{"rendered":"https:\/\/garantie.be\/leitfaden-mieter-belgien\/wie-schreibt-man-einen-leasingvertrag\/"},"modified":"2026-01-09T10:54:52","modified_gmt":"2026-01-09T09:54:52","slug":"wie-schreibt-man-einen-leasingvertrag","status":"publish","type":"page","link":"https:\/\/garantie.be\/de\/leitfaden-mieter-belgien\/wie-schreibt-man-einen-leasingvertrag\/","title":{"rendered":"Wie schreibe ich einen Brief zur Beendigung des Mietverh\u00e4ltnisses in Belgien?"},"content":{"rendered":"\t\t<div data-elementor-type=\"wp-page\" data-elementor-id=\"20760\" class=\"elementor elementor-20760 elementor-20747\" data-elementor-post-type=\"page\">\n\t\t\t\t\t\t<section class=\"elementor-section elementor-top-section elementor-element elementor-element-4a6257a1 elementor-section-boxed elementor-section-height-default elementor-section-height-default\" data-id=\"4a6257a1\" data-element_type=\"section\" data-e-type=\"section\">\n\t\t\t\t\t\t<div class=\"elementor-container elementor-column-gap-default\">\n\t\t\t\t\t<div class=\"elementor-column elementor-col-100 elementor-top-column elementor-element elementor-element-168458d7\" data-id=\"168458d7\" data-element_type=\"column\" data-e-type=\"column\">\n\t\t\t<div class=\"elementor-widget-wrap elementor-element-populated\">\n\t\t\t\t\t\t<div class=\"elementor-element elementor-element-3bc37719 elementor-widget elementor-widget-spacer\" data-id=\"3bc37719\" data-element_type=\"widget\" data-e-type=\"widget\" data-widget_type=\"spacer.default\">\n\t\t\t\t<div class=\"elementor-widget-container\">\n\t\t\t\t\t\t\t<div class=\"elementor-spacer\">\n\t\t\t<div class=\"elementor-spacer-inner\"><\/div>\n\t\t<\/div>\n\t\t\t\t\t\t<\/div>\n\t\t\t\t<\/div>\n\t\t\t\t<div class=\"elementor-element elementor-element-3cd6d960 elementor-widget elementor-widget-heading\" data-id=\"3cd6d960\" data-element_type=\"widget\" data-e-type=\"widget\" data-widget_type=\"heading.default\">\n\t\t\t\t<div class=\"elementor-widget-container\">\n\t\t\t\t\t<h1 class=\"elementor-heading-title elementor-size-default\">Wie man einen<br><b>Brief zur Beendigung des Mietverh\u00e4ltnisses<\/b> schreibt<\/h1>\t\t\t\t<\/div>\n\t\t\t\t<\/div>\n\t\t\t\t<div class=\"elementor-element elementor-element-3cb01f39 elementor-widget elementor-widget-spacer\" data-id=\"3cb01f39\" data-element_type=\"widget\" data-e-type=\"widget\" data-widget_type=\"spacer.default\">\n\t\t\t\t<div class=\"elementor-widget-container\">\n\t\t\t\t\t\t\t<div class=\"elementor-spacer\">\n\t\t\t<div class=\"elementor-spacer-inner\"><\/div>\n\t\t<\/div>\n\t\t\t\t\t\t<\/div>\n\t\t\t\t<\/div>\n\t\t\t\t<div class=\"elementor-element elementor-element-589d2c44 elementor-widget elementor-widget-text-editor\" data-id=\"589d2c44\" data-element_type=\"widget\" data-e-type=\"widget\" data-widget_type=\"text-editor.default\">\n\t\t\t\t<div class=\"elementor-widget-container\">\n\t\t\t\t\t\t\t\t\t<p>Die Beendigung eines mietvertraglichen Verh\u00e4ltnisses erfordert fast immer die Zusendung eines K\u00fcndigungsschreibens (auch als K\u00fcndigungsschreiben bezeichnet). Dieses Dokument ist von entscheidender Bedeutung: ohne ein korrektes Schreiben kann die K\u00fcndigung angefochten werden und unn\u00f6tige Kosten verursachen. <\/p><p>Hier erfahren Sie, wie Sie in Belgien einen einfachen, g\u00fcltigen und wirksamen Brief zur K\u00fcndigung des Mietvertrags verfassen k\u00f6nnen.<\/p>\t\t\t\t\t\t\t\t<\/div>\n\t\t\t\t<\/div>\n\t\t\t\t<div class=\"elementor-element elementor-element-2b67182f elementor-widget elementor-widget-heading\" data-id=\"2b67182f\" data-element_type=\"widget\" data-e-type=\"widget\" data-widget_type=\"heading.default\">\n\t\t\t\t<div class=\"elementor-widget-container\">\n\t\t\t\t\t<h2 class=\"elementor-heading-title elementor-size-default\">Was ist ein Mietvertragsaufhebungsschreiben?<\/h2>\t\t\t\t<\/div>\n\t\t\t\t<\/div>\n\t\t\t\t<div class=\"elementor-element elementor-element-16d34ba1 elementor-widget elementor-widget-text-editor\" data-id=\"16d34ba1\" data-element_type=\"widget\" data-e-type=\"widget\" data-widget_type=\"text-editor.default\">\n\t\t\t\t<div class=\"elementor-widget-container\">\n\t\t\t\t\t\t\t\t\t<p>Die <strong>K\u00fcndigung des<\/strong> <a href=\"https:\/\/garantie.be\/de\/vermietung-von-immobilien\/\">Mietvertrages<\/a> ist ein offizielles Schreiben, mit dem der Mieter <strong>den Vermieter<\/strong> \u00fcber seine Absicht <strong>informiert<\/strong>, den Mietvertrag zu beenden.<\/p><p>Sie erm\u00f6glicht :<\/p><ul><li>die vertraglich vereinbarte K\u00fcndigungsfrist einhalten;<\/li><li>ein klares Enddatum f\u00fcr den Mietvertrag festlegen;<\/li><li>Vermeidung von Streitigkeiten \u00fcber Fristen oder geschuldete Mieten.<\/li><\/ul><p>Ohne ein schriftliches Schreiben wird die K\u00fcndigung des Mietvertrages in der Regel nicht anerkannt.<\/p>\t\t\t\t\t\t\t\t<\/div>\n\t\t\t\t<\/div>\n\t\t\t\t<div class=\"elementor-element elementor-element-6e70d3d elementor-widget elementor-widget-heading\" data-id=\"6e70d3d\" data-element_type=\"widget\" data-e-type=\"widget\" data-widget_type=\"heading.default\">\n\t\t\t\t<div class=\"elementor-widget-container\">\n\t\t\t\t\t<h2 class=\"elementor-heading-title elementor-size-default\">Wann sollte ein Brief zur K\u00fcndigung des Mietvertrags verschickt werden?<\/h2>\t\t\t\t<\/div>\n\t\t\t\t<\/div>\n\t\t\t\t<div class=\"elementor-element elementor-element-a3333f5 elementor-widget elementor-widget-text-editor\" data-id=\"a3333f5\" data-element_type=\"widget\" data-e-type=\"widget\" data-widget_type=\"text-editor.default\">\n\t\t\t\t<div class=\"elementor-widget-container\">\n\t\t\t\t\t\t\t\t\t<p>Der Brief muss <strong>vor Beginn der K\u00fcndigungsfrist<\/strong> abgeschickt werden, deren Dauer von der Art des Mietverh\u00e4ltnisses<a href=\"https:\/\/garantie.be\/de\/vorlagen-briefe-mietverwaltung\/studentenmietvertrag\/\">(Studentenmietvertrag<\/a>, Kurzzeitmietvertrag usw.) und den im Mietvertrag festgelegten Bedingungen abh\u00e4ngt.<\/p><p>In der Praxis beginnt die K\u00fcndigungsfrist am 1. Tag des Monats, der auf den Eingang des Briefes beim Vermieter folgt. Zum Beispiel beginnt die K\u00fcndigungsfrist bei einem Brief, der am 15. M\u00e4rz eingeht, am 1. April. <\/p>\t\t\t\t\t\t\t\t<\/div>\n\t\t\t\t<\/div>\n\t\t\t\t\t<\/div>\n\t\t<\/div>\n\t\t\t\t\t<\/div>\n\t\t<\/section>\n\t\t\t\t<section class=\"elementor-section elementor-top-section elementor-element elementor-element-1badc583 elementor-section-content-middle elementor-section-height-min-height elementor-section-items-stretch elementor-section-boxed elementor-section-height-default\" data-id=\"1badc583\" data-element_type=\"section\" data-e-type=\"section\">\n\t\t\t\t\t\t<div class=\"elementor-container elementor-column-gap-no\">\n\t\t\t\t\t<div class=\"elementor-column elementor-col-100 elementor-top-column elementor-element elementor-element-49a6e08c\" data-id=\"49a6e08c\" data-element_type=\"column\" data-e-type=\"column\" data-settings=\"{&quot;background_background&quot;:&quot;classic&quot;}\">\n\t\t\t<div class=\"elementor-widget-wrap elementor-element-populated\">\n\t\t\t\t\t\t<div class=\"elementor-element elementor-element-a45d448 elementor-widget elementor-widget-text-editor\" data-id=\"a45d448\" data-element_type=\"widget\" data-e-type=\"widget\" data-widget_type=\"text-editor.default\">\n\t\t\t\t<div class=\"elementor-widget-container\">\n\t\t\t\t\t\t\t\t\t<p>F\u00fcllen Sie unser Formular aus, um innerhalb weniger Stunden <a href=\"https:\/\/garantie.be\/de\/online-mietkaution\/\">online eine mietkaution<\/a> zu erhalten. Sie blockieren kein Geld, da wir wie eine Bankgarantie funktionieren.<\/p>\t\t\t\t\t\t\t\t<\/div>\n\t\t\t\t<\/div>\n\t\t\t\t<div class=\"elementor-element elementor-element-17f3349b elementor-mobile-align-center elementor-align-center elementor-widget elementor-widget-button\" data-id=\"17f3349b\" data-element_type=\"widget\" data-e-type=\"widget\" data-widget_type=\"button.default\">\n\t\t\t\t<div class=\"elementor-widget-container\">\n\t\t\t\t\t\t\t\t\t<div class=\"elementor-button-wrapper\">\n\t\t\t\t\t<a class=\"elementor-button elementor-button-link elementor-size-sm\" href=\"https:\/\/account.garantie.be\/en\/register\/lease\">\n\t\t\t\t\t\t<span class=\"elementor-button-content-wrapper\">\n\t\t\t\t\t\t\t\t\t<span class=\"elementor-button-text\">100% Online-Formular mietkaution<\/span>\n\t\t\t\t\t<\/span>\n\t\t\t\t\t<\/a>\n\t\t\t\t<\/div>\n\t\t\t\t\t\t\t\t<\/div>\n\t\t\t\t<\/div>\n\t\t\t\t\t<\/div>\n\t\t<\/div>\n\t\t\t\t\t<\/div>\n\t\t<\/section>\n\t\t\t\t<section class=\"elementor-section elementor-top-section elementor-element elementor-element-392d422d elementor-section-boxed elementor-section-height-default elementor-section-height-default\" data-id=\"392d422d\" data-element_type=\"section\" data-e-type=\"section\">\n\t\t\t\t\t\t<div class=\"elementor-container elementor-column-gap-default\">\n\t\t\t\t\t<div class=\"elementor-column elementor-col-100 elementor-top-column elementor-element elementor-element-70136bcc\" data-id=\"70136bcc\" data-element_type=\"column\" data-e-type=\"column\">\n\t\t\t<div class=\"elementor-widget-wrap elementor-element-populated\">\n\t\t\t\t\t\t<div class=\"elementor-element elementor-element-352a4cf3 elementor-widget elementor-widget-spacer\" data-id=\"352a4cf3\" data-element_type=\"widget\" data-e-type=\"widget\" data-widget_type=\"spacer.default\">\n\t\t\t\t<div class=\"elementor-widget-container\">\n\t\t\t\t\t\t\t<div class=\"elementor-spacer\">\n\t\t\t<div class=\"elementor-spacer-inner\"><\/div>\n\t\t<\/div>\n\t\t\t\t\t\t<\/div>\n\t\t\t\t<\/div>\n\t\t\t\t<div class=\"elementor-element elementor-element-6c8c157e elementor-widget elementor-widget-heading\" data-id=\"6c8c157e\" data-element_type=\"widget\" data-e-type=\"widget\" data-widget_type=\"heading.default\">\n\t\t\t\t<div class=\"elementor-widget-container\">\n\t\t\t\t\t<h2 class=\"elementor-heading-title elementor-size-default\">Einfache Vorlage f\u00fcr einen Brief zur K\u00fcndigung des Mietvertrags<\/h2>\t\t\t\t<\/div>\n\t\t\t\t<\/div>\n\t\t\t\t<div class=\"elementor-element elementor-element-76f2e425 elementor-widget elementor-widget-text-editor\" data-id=\"76f2e425\" data-element_type=\"widget\" data-e-type=\"widget\" data-widget_type=\"text-editor.default\">\n\t\t\t\t<div class=\"elementor-widget-container\">\n\t\t\t\t\t\t\t\t\t<p><strong>Betrifft: Verzicht auf Mietvertrag &#8211; Wohnung in  [adresse compl\u00e8te]<\/strong><\/p><p>Frau, Herr,<\/p><p>Hiermit informiere ich Sie \u00fcber meine Entscheidung, den Mietvertrag f\u00fcr die Wohnung an der oben genannten Adresse zu k\u00fcndigen.<\/p><p>Gem\u00e4\u00df den Bedingungen des Mietvertrags beginnt die K\u00fcndigungsfrist am [date] und endet am [date].<\/p><p>Ich stehe Ihnen gerne zur Verf\u00fcgung, um einen Termin f\u00fcr das wohnungs\u00fcbergabeprotokoll und die Schl\u00fcssel\u00fcbergabe zu vereinbaren.<\/p><p>Bitte nehmen Sie den Ausdruck meiner freundlichen Gr\u00fc\u00dfe an.<\/p><p>Name, Vorname<br>Unterschrift<\/p><p><strong>N\u00fctzliche Vorlagen zum Herunterladen<\/strong>:<\/p><ul><li><a href=\"https:\/\/garantie.be\/de\/vorlagen-briefe-mietverwaltung\/kundigungsschreiben-langzeit-leasing\/\">Brief zur K\u00fcndigung des 9-Jahres-Pachtvertrags<\/a><\/li><li><a href=\"https:\/\/garantie.be\/de\/vorlagen-briefe-mietverwaltung\/kundigungsschreiben-kurzfristiges-leasing\/\">Brief zur K\u00fcndigung eines kurzfristigen Mietvertrags<\/a><\/li><\/ul>\t\t\t\t\t\t\t\t<\/div>\n\t\t\t\t<\/div>\n\t\t\t\t<div class=\"elementor-element elementor-element-24cb7b3 elementor-widget elementor-widget-spacer\" data-id=\"24cb7b3\" data-element_type=\"widget\" data-e-type=\"widget\" data-widget_type=\"spacer.default\">\n\t\t\t\t<div class=\"elementor-widget-container\">\n\t\t\t\t\t\t\t<div class=\"elementor-spacer\">\n\t\t\t<div class=\"elementor-spacer-inner\"><\/div>\n\t\t<\/div>\n\t\t\t\t\t\t<\/div>\n\t\t\t\t<\/div>\n\t\t\t\t<div class=\"elementor-element elementor-element-82c018f elementor-widget elementor-widget-heading\" data-id=\"82c018f\" data-element_type=\"widget\" data-e-type=\"widget\" data-widget_type=\"heading.default\">\n\t\t\t\t<div class=\"elementor-widget-container\">\n\t\t\t\t\t<h2 class=\"elementor-heading-title elementor-size-default\">Wie versende ich den Brief zur Beendigung des Mietverh\u00e4ltnisses?<\/h2>\t\t\t\t<\/div>\n\t\t\t\t<\/div>\n\t\t\t\t<div class=\"elementor-element elementor-element-01ace93 elementor-widget elementor-widget-text-editor\" data-id=\"01ace93\" data-element_type=\"widget\" data-e-type=\"widget\" data-widget_type=\"text-editor.default\">\n\t\t\t\t<div class=\"elementor-widget-container\">\n\t\t\t\t\t\t\t\t\t<p>Um g\u00fcltig zu sein und Anfechtungen zu vermeiden, muss der Brief an :<\/p><ul><li>per Einschreiben (sicherste L\u00f6sung),<\/li><li>\u00dcbergabe durch einen Gerichtsvollzieher,<\/li><li>manchmal durch pers\u00f6nliche \u00dcbergabe gegen Unterschrift (wenn der Vermieter damit einverstanden ist).<\/li><\/ul><p> <\/p><p><strong>Achtung: Eine E-Mail allein ist in der Regel nicht ausreichend, es sei denn, der Vermieter hat schriftlich zugestimmt.<\/strong><\/p>\t\t\t\t\t\t\t\t<\/div>\n\t\t\t\t<\/div>\n\t\t\t\t<div class=\"elementor-element elementor-element-4e737a74 elementor-widget elementor-widget-heading\" data-id=\"4e737a74\" data-element_type=\"widget\" data-e-type=\"widget\" data-widget_type=\"heading.default\">\n\t\t\t\t<div class=\"elementor-widget-container\">\n\t\t\t\t\t<h2 class=\"elementor-heading-title elementor-size-default\">Nach dem Versand des Briefes: die zu erwartenden Schritte<\/h2>\t\t\t\t<\/div>\n\t\t\t\t<\/div>\n\t\t\t\t<div class=\"elementor-element elementor-element-48a81b13 elementor-widget elementor-widget-text-editor\" data-id=\"48a81b13\" data-element_type=\"widget\" data-e-type=\"widget\" data-widget_type=\"text-editor.default\">\n\t\t\t\t<div class=\"elementor-widget-container\">\n\t\t\t\t\t\t\t\t\t<p>Nachdem der Mieter den <a href=\"https:\/\/garantie.be\/de\/vorlagen-briefe-mietverwaltung\/kundigungsschreiben-langzeit-leasing\/\">Brief zur Beendigung des Mietverh\u00e4ltnisses<\/a> abgeschickt hat, muss er daran denken, dass er die folgenden Punkte beachten muss:<\/p><ul><li><strong>die K\u00fcndigungsfrist<\/strong> bis zum Ende <strong>einhalten<\/strong>;<\/li><li><strong>die Miete und die Nebenkosten<\/strong> w\u00e4hrend dieser Zeit weiter <strong>zahlen<\/strong>;<\/li><li>Organisation eines <a href=\"https:\/\/garantie.be\/de\/leitfaden-mieter-belgien\/bestandsaufnahme-bei-mietabschluss\/\">wohnungs\u00fcbergabeprotokolls<\/a>;<\/li><li>die Wohnung in einem Zustand zur\u00fcckgeben, der dem wohnungs\u00fcbergabeprotokoll entspricht;<\/li><li>die <a href=\"https:\/\/garantie.be\/de\/mietkaution\/\">mietkaution<\/a> zur\u00fcckfordern, es sei denn, es liegt ein begr\u00fcndeter Einbehalt vor.<\/li><\/ul>\t\t\t\t\t\t\t\t<\/div>\n\t\t\t\t<\/div>\n\t\t\t\t\t<\/div>\n\t\t<\/div>\n\t\t\t\t\t<\/div>\n\t\t<\/section>\n\t\t\t\t<\/div>\n\t\t","protected":false},"excerpt":{"rendered":"<p>Wie man einenBrief zur Beendigung des Mietverh\u00e4ltnisses schreibt Die Beendigung eines mietvertraglichen Verh\u00e4ltnisses erfordert fast immer die Zusendung eines K\u00fcndigungsschreibens (auch als K\u00fcndigungsschreiben bezeichnet). Dieses Dokument ist von entscheidender Bedeutung: ohne ein korrektes Schreiben kann die K\u00fcndigung angefochten werden und unn\u00f6tige Kosten verursachen. Hier erfahren Sie, wie Sie in Belgien einen einfachen, g\u00fcltigen und wirksamen [&hellip;]<\/p>\n","protected":false},"author":1,"featured_media":0,"parent":18819,"menu_order":0,"comment_status":"closed","ping_status":"closed","template":"","meta":{"footnotes":""},"class_list":["post-20760","page","type-page","status-publish","hentry"],"yoast_head":"<!-- This site is optimized with the Yoast SEO plugin v27.3 - https:\/\/yoast.com\/product\/yoast-seo-wordpress\/ -->\n<title>Wie schreibe ich einen Brief zur Beendigung des Mietverh\u00e4ltnisses in Belgien?<\/title>\n<meta name=\"description\" content=\"Praktischer Leitfaden f\u00fcr die Erstellung eines Briefes zur Beendigung des Mietverh\u00e4ltnisses in Belgien: Inhalt, Versand, Fristen, zu vermeidende Fehler und einfache Vorlage.\" \/>\n<meta name=\"robots\" content=\"index, follow, max-snippet:-1, max-image-preview:large, max-video-preview:-1\" \/>\n<link rel=\"canonical\" href=\"https:\/\/garantie.be\/de\/leitfaden-mieter-belgien\/wie-schreibt-man-einen-leasingvertrag\/\" \/>\n<meta property=\"og:locale\" content=\"de_DE\" \/>\n<meta property=\"og:type\" content=\"article\" \/>\n<meta property=\"og:title\" content=\"Wie schreibe ich einen Brief zur Beendigung des Mietverh\u00e4ltnisses in Belgien?\" \/>\n<meta property=\"og:description\" content=\"Praktischer Leitfaden f\u00fcr die Erstellung eines Briefes zur Beendigung des Mietverh\u00e4ltnisses in Belgien: Inhalt, Versand, Fristen, zu vermeidende Fehler und einfache Vorlage.\" \/>\n<meta property=\"og:url\" content=\"https:\/\/garantie.be\/de\/leitfaden-mieter-belgien\/wie-schreibt-man-einen-leasingvertrag\/\" \/>\n<meta property=\"og:site_name\" content=\"Garantie\" \/>\n<meta name=\"twitter:card\" content=\"summary_large_image\" \/>\n<meta name=\"twitter:label1\" content=\"Gesch\u00e4tzte Lesezeit\" \/>\n\t<meta name=\"twitter:data1\" content=\"2\u00a0Minuten\" \/>\n<script type=\"application\/ld+json\" class=\"yoast-schema-graph\">{\"@context\":\"https:\\\/\\\/schema.org\",\"@graph\":[{\"@type\":\"WebPage\",\"@id\":\"https:\\\/\\\/garantie.be\\\/de\\\/leitfaden-mieter-belgien\\\/wie-schreibt-man-einen-leasingvertrag\\\/\",\"url\":\"https:\\\/\\\/garantie.be\\\/de\\\/leitfaden-mieter-belgien\\\/wie-schreibt-man-einen-leasingvertrag\\\/\",\"name\":\"Wie schreibe ich einen Brief zur Beendigung des Mietverh\u00e4ltnisses in Belgien?\",\"isPartOf\":{\"@id\":\"https:\\\/\\\/garantie.be\\\/de\\\/#website\"},\"datePublished\":\"2026-01-09T09:54:52+00:00\",\"description\":\"Praktischer Leitfaden f\u00fcr die Erstellung eines Briefes zur Beendigung des Mietverh\u00e4ltnisses in Belgien: Inhalt, Versand, Fristen, zu vermeidende Fehler und einfache Vorlage.\",\"breadcrumb\":{\"@id\":\"https:\\\/\\\/garantie.be\\\/de\\\/leitfaden-mieter-belgien\\\/wie-schreibt-man-einen-leasingvertrag\\\/#breadcrumb\"},\"inLanguage\":\"de\",\"potentialAction\":[{\"@type\":\"ReadAction\",\"target\":[\"https:\\\/\\\/garantie.be\\\/de\\\/leitfaden-mieter-belgien\\\/wie-schreibt-man-einen-leasingvertrag\\\/\"]}]},{\"@type\":\"BreadcrumbList\",\"@id\":\"https:\\\/\\\/garantie.be\\\/de\\\/leitfaden-mieter-belgien\\\/wie-schreibt-man-einen-leasingvertrag\\\/#breadcrumb\",\"itemListElement\":[{\"@type\":\"ListItem\",\"position\":1,\"name\":\"Accueil\",\"item\":\"https:\\\/\\\/garantie.be\\\/de\\\/\"},{\"@type\":\"ListItem\",\"position\":2,\"name\":\"Leitfaden f\u00fcr Mieter in Belgien 2026 | Rechte, Verfahren, Modelle und Pflichten\",\"item\":\"https:\\\/\\\/garantie.be\\\/de\\\/leitfaden-mieter-belgien\\\/\"},{\"@type\":\"ListItem\",\"position\":3,\"name\":\"Wie schreibe ich einen Brief zur Beendigung des Mietverh\u00e4ltnisses in Belgien?\"}]},{\"@type\":\"WebSite\",\"@id\":\"https:\\\/\\\/garantie.be\\\/de\\\/#website\",\"url\":\"https:\\\/\\\/garantie.be\\\/de\\\/\",\"name\":\"Garantie\",\"description\":\"\",\"publisher\":{\"@id\":\"https:\\\/\\\/garantie.be\\\/de\\\/#organization\"},\"potentialAction\":[{\"@type\":\"SearchAction\",\"target\":{\"@type\":\"EntryPoint\",\"urlTemplate\":\"https:\\\/\\\/garantie.be\\\/de\\\/?s={search_term_string}\"},\"query-input\":{\"@type\":\"PropertyValueSpecification\",\"valueRequired\":true,\"valueName\":\"search_term_string\"}}],\"inLanguage\":\"de\"},{\"@type\":\"Organization\",\"@id\":\"https:\\\/\\\/garantie.be\\\/de\\\/#organization\",\"name\":\"Garantie.be\",\"url\":\"https:\\\/\\\/garantie.be\\\/de\\\/\",\"logo\":{\"@type\":\"ImageObject\",\"inLanguage\":\"de\",\"@id\":\"https:\\\/\\\/garantie.be\\\/de\\\/#\\\/schema\\\/logo\\\/image\\\/\",\"url\":\"\",\"contentUrl\":\"\",\"caption\":\"Garantie.be\"},\"image\":{\"@id\":\"https:\\\/\\\/garantie.be\\\/de\\\/#\\\/schema\\\/logo\\\/image\\\/\"}}]}<\/script>\n<!-- \/ Yoast SEO plugin. -->","yoast_head_json":{"title":"Wie schreibe ich einen Brief zur Beendigung des Mietverh\u00e4ltnisses in Belgien?","description":"Praktischer Leitfaden f\u00fcr die Erstellung eines Briefes zur Beendigung des Mietverh\u00e4ltnisses in Belgien: Inhalt, Versand, Fristen, zu vermeidende Fehler und einfache Vorlage.","robots":{"index":"index","follow":"follow","max-snippet":"max-snippet:-1","max-image-preview":"max-image-preview:large","max-video-preview":"max-video-preview:-1"},"canonical":"https:\/\/garantie.be\/de\/leitfaden-mieter-belgien\/wie-schreibt-man-einen-leasingvertrag\/","og_locale":"de_DE","og_type":"article","og_title":"Wie schreibe ich einen Brief zur Beendigung des Mietverh\u00e4ltnisses in Belgien?","og_description":"Praktischer Leitfaden f\u00fcr die Erstellung eines Briefes zur Beendigung des Mietverh\u00e4ltnisses in Belgien: Inhalt, Versand, Fristen, zu vermeidende Fehler und einfache Vorlage.","og_url":"https:\/\/garantie.be\/de\/leitfaden-mieter-belgien\/wie-schreibt-man-einen-leasingvertrag\/","og_site_name":"Garantie","twitter_card":"summary_large_image","twitter_misc":{"Gesch\u00e4tzte Lesezeit":"2\u00a0Minuten"},"schema":{"@context":"https:\/\/schema.org","@graph":[{"@type":"WebPage","@id":"https:\/\/garantie.be\/de\/leitfaden-mieter-belgien\/wie-schreibt-man-einen-leasingvertrag\/","url":"https:\/\/garantie.be\/de\/leitfaden-mieter-belgien\/wie-schreibt-man-einen-leasingvertrag\/","name":"Wie schreibe ich einen Brief zur Beendigung des Mietverh\u00e4ltnisses in Belgien?","isPartOf":{"@id":"https:\/\/garantie.be\/de\/#website"},"datePublished":"2026-01-09T09:54:52+00:00","description":"Praktischer Leitfaden f\u00fcr die Erstellung eines Briefes zur Beendigung des Mietverh\u00e4ltnisses in Belgien: Inhalt, Versand, Fristen, zu vermeidende Fehler und einfache Vorlage.","breadcrumb":{"@id":"https:\/\/garantie.be\/de\/leitfaden-mieter-belgien\/wie-schreibt-man-einen-leasingvertrag\/#breadcrumb"},"inLanguage":"de","potentialAction":[{"@type":"ReadAction","target":["https:\/\/garantie.be\/de\/leitfaden-mieter-belgien\/wie-schreibt-man-einen-leasingvertrag\/"]}]},{"@type":"BreadcrumbList","@id":"https:\/\/garantie.be\/de\/leitfaden-mieter-belgien\/wie-schreibt-man-einen-leasingvertrag\/#breadcrumb","itemListElement":[{"@type":"ListItem","position":1,"name":"Accueil","item":"https:\/\/garantie.be\/de\/"},{"@type":"ListItem","position":2,"name":"Leitfaden f\u00fcr Mieter in Belgien 2026 | Rechte, Verfahren, Modelle und Pflichten","item":"https:\/\/garantie.be\/de\/leitfaden-mieter-belgien\/"},{"@type":"ListItem","position":3,"name":"Wie schreibe ich einen Brief zur Beendigung des Mietverh\u00e4ltnisses in Belgien?"}]},{"@type":"WebSite","@id":"https:\/\/garantie.be\/de\/#website","url":"https:\/\/garantie.be\/de\/","name":"Garantie","description":"","publisher":{"@id":"https:\/\/garantie.be\/de\/#organization"},"potentialAction":[{"@type":"SearchAction","target":{"@type":"EntryPoint","urlTemplate":"https:\/\/garantie.be\/de\/?s={search_term_string}"},"query-input":{"@type":"PropertyValueSpecification","valueRequired":true,"valueName":"search_term_string"}}],"inLanguage":"de"},{"@type":"Organization","@id":"https:\/\/garantie.be\/de\/#organization","name":"Garantie.be","url":"https:\/\/garantie.be\/de\/","logo":{"@type":"ImageObject","inLanguage":"de","@id":"https:\/\/garantie.be\/de\/#\/schema\/logo\/image\/","url":"","contentUrl":"","caption":"Garantie.be"},"image":{"@id":"https:\/\/garantie.be\/de\/#\/schema\/logo\/image\/"}}]}},"_links":{"self":[{"href":"https:\/\/garantie.be\/de\/wp-json\/wp\/v2\/pages\/20760","targetHints":{"allow":["GET"]}}],"collection":[{"href":"https:\/\/garantie.be\/de\/wp-json\/wp\/v2\/pages"}],"about":[{"href":"https:\/\/garantie.be\/de\/wp-json\/wp\/v2\/types\/page"}],"author":[{"embeddable":true,"href":"https:\/\/garantie.be\/de\/wp-json\/wp\/v2\/users\/1"}],"replies":[{"embeddable":true,"href":"https:\/\/garantie.be\/de\/wp-json\/wp\/v2\/comments?post=20760"}],"version-history":[{"count":0,"href":"https:\/\/garantie.be\/de\/wp-json\/wp\/v2\/pages\/20760\/revisions"}],"up":[{"embeddable":true,"href":"https:\/\/garantie.be\/de\/wp-json\/wp\/v2\/pages\/18819"}],"wp:attachment":[{"href":"https:\/\/garantie.be\/de\/wp-json\/wp\/v2\/media?parent=20760"}],"curies":[{"name":"wp","href":"https:\/\/api.w.org\/{rel}","templated":true}]}}