{"id":2837,"date":"2021-03-31T15:39:51","date_gmt":"2021-03-31T13:39:51","guid":{"rendered":"https:\/\/garantie.be\/belfius-mietgarantie\/"},"modified":"2025-10-09T09:57:40","modified_gmt":"2025-10-09T07:57:40","slug":"belfius-mietkaution","status":"publish","type":"page","link":"https:\/\/garantie.be\/de\/belfius-mietkaution\/","title":{"rendered":"Belfius Mietkaution"},"content":{"rendered":"\t\t<div data-elementor-type=\"wp-page\" data-elementor-id=\"2837\" class=\"elementor elementor-2837 elementor-376\" data-elementor-post-type=\"page\">\n\t\t\t\t\t\t<section class=\"elementor-section elementor-top-section elementor-element elementor-element-d235123 elementor-section-height-min-height elementor-section-boxed elementor-section-height-default elementor-section-items-middle\" data-id=\"d235123\" data-element_type=\"section\" data-e-type=\"section\">\n\t\t\t\t\t\t<div class=\"elementor-container elementor-column-gap-default\">\n\t\t\t\t\t<div class=\"elementor-column elementor-col-100 elementor-top-column elementor-element elementor-element-5d286b5d\" data-id=\"5d286b5d\" data-element_type=\"column\" data-e-type=\"column\">\n\t\t\t<div class=\"elementor-widget-wrap elementor-element-populated\">\n\t\t\t\t\t\t<div class=\"elementor-element elementor-element-79ab4342 elementor-widget elementor-widget-spacer\" data-id=\"79ab4342\" data-element_type=\"widget\" data-e-type=\"widget\" data-widget_type=\"spacer.default\">\n\t\t\t\t<div class=\"elementor-widget-container\">\n\t\t\t\t\t\t\t<div class=\"elementor-spacer\">\n\t\t\t<div class=\"elementor-spacer-inner\"><\/div>\n\t\t<\/div>\n\t\t\t\t\t\t<\/div>\n\t\t\t\t<\/div>\n\t\t\t\t<div class=\"elementor-element elementor-element-24968f70 elementor-widget elementor-widget-heading\" data-id=\"24968f70\" data-element_type=\"widget\" data-e-type=\"widget\" data-widget_type=\"heading.default\">\n\t\t\t\t<div class=\"elementor-widget-container\">\n\t\t\t\t\t<h1 class=\"elementor-heading-title elementor-size-default\">BELFIUS Mietkaution<\/h1>\t\t\t\t<\/div>\n\t\t\t\t<\/div>\n\t\t\t\t<div class=\"elementor-element elementor-element-01a15a1 elementor-widget elementor-widget-spacer\" data-id=\"01a15a1\" data-element_type=\"widget\" data-e-type=\"widget\" data-widget_type=\"spacer.default\">\n\t\t\t\t<div class=\"elementor-widget-container\">\n\t\t\t\t\t\t\t<div class=\"elementor-spacer\">\n\t\t\t<div class=\"elementor-spacer-inner\"><\/div>\n\t\t<\/div>\n\t\t\t\t\t\t<\/div>\n\t\t\t\t<\/div>\n\t\t\t\t\t<\/div>\n\t\t<\/div>\n\t\t\t\t\t<\/div>\n\t\t<\/section>\n\t\t\t\t<section class=\"elementor-section elementor-top-section elementor-element elementor-element-c4d8a5e elementor-section-height-min-height elementor-section-content-middle elementor-section-boxed elementor-section-height-default elementor-section-items-middle\" data-id=\"c4d8a5e\" data-element_type=\"section\" data-e-type=\"section\" data-settings=\"{&quot;background_background&quot;:&quot;classic&quot;}\">\n\t\t\t\t\t\t<div class=\"elementor-container elementor-column-gap-default\">\n\t\t\t\t\t<div class=\"elementor-column elementor-col-100 elementor-top-column elementor-element elementor-element-56e5b717\" data-id=\"56e5b717\" data-element_type=\"column\" data-e-type=\"column\">\n\t\t\t<div class=\"elementor-widget-wrap elementor-element-populated\">\n\t\t\t\t\t\t<div class=\"elementor-element elementor-element-b5ac2ea elementor-widget elementor-widget-text-editor\" data-id=\"b5ac2ea\" data-element_type=\"widget\" data-e-type=\"widget\" data-widget_type=\"text-editor.default\">\n\t\t\t\t<div class=\"elementor-widget-container\">\n\t\t\t\t\t\t\t\t\t<p>Die Belfius Bank ist ein Allfinanzunternehmen, das in ganz Belgien lokal verankert ist. Die Belfius Bank ist in Belgien in drei Gesch\u00e4ftsbereichen t\u00e4tig: Gesch\u00e4ftsbank, Finanzdienstleistungen und Versicherungen. <\/p><p>Die <a href=\"https:\/\/www.belfius.be\/retail\/fr\/index.aspx\">Belfius Bank<\/a> ist seit 150 Jahren in der Finanzierung des \u00f6ffentlichen Sektors und seit 50 Jahren im Privatkundengesch\u00e4ft t\u00e4tig. Belfius ist eine Bank, die sich vollst\u00e4ndig im Besitz des belgischen Staates befindet.<\/p>\t\t\t\t\t\t\t\t<\/div>\n\t\t\t\t<\/div>\n\t\t\t\t<div class=\"elementor-element elementor-element-56d5f34 elementor-widget elementor-widget-heading\" data-id=\"56d5f34\" data-element_type=\"widget\" data-e-type=\"widget\" data-widget_type=\"heading.default\">\n\t\t\t\t<div class=\"elementor-widget-container\">\n\t\t\t\t\t<h2 class=\"elementor-heading-title elementor-size-default\">Was ist die Belfius-Mietkaution?<\/h2>\t\t\t\t<\/div>\n\t\t\t\t<\/div>\n\t\t\t\t<div class=\"elementor-element elementor-element-65bde32 elementor-widget elementor-widget-text-editor\" data-id=\"65bde32\" data-element_type=\"widget\" data-e-type=\"widget\" data-widget_type=\"text-editor.default\">\n\t\t\t\t<div class=\"elementor-widget-container\">\n\t\t\t\t\t\t\t\t\t<p>Die <span style=\"text-decoration: underline;\"><a href=\"https:\/\/garantie.be\/de\/mietkaution\/\">Mietkaution<\/a><\/span> wurde eingef\u00fchrt, um den Eigent\u00fcmer vor dem Versagen seiner Mieter und den mit der Vermietung verbundenen Risiken zu sch\u00fctzen. Sie ist gesetzlich geregelt, aber nicht obligatorisch. Sie ist in den meisten Mietvertr\u00e4gen f\u00fcr Wohnraum vorgeschrieben. Um herauszufinden, ob in Ihrem <span style=\"text-decoration: underline;\"><a href=\"https:\/\/garantie.be\/de\/vermietung-von-immobilien\/\">Mietvertrag<\/a><\/span> eine Mietkaution enthalten ist, lesen Sie diesen einfach durch und informieren Sie sich dar\u00fcber, wie die Verpflichtungen des Mieters abgesichert sind.<\/p><p>Das Mietgesetz sieht vor, dass die Sicherheit des Mieters durch das Blockieren eines Geldbetrages auf einem speziellen Bankkonto geleistet werden kann. Die Belfius Bank bietet diesen Service der Er\u00f6ffnung eines individuellen Bankkontos f\u00fcr die Mietkaution an. Das individuelle Konto, das bei der Belfius Bank er\u00f6ffnet wurde, um den Betrag der Kaution zu verwahren, l\u00e4uft auf den Namen des Mieters. Der Betrag wird solange gesperrt, bis der Mieter und der Vermieter eine Einigung \u00fcber die Freigabe der Mietkaution erzielt haben.<\/p>\t\t\t\t\t\t\t\t<\/div>\n\t\t\t\t<\/div>\n\t\t\t\t\t<\/div>\n\t\t<\/div>\n\t\t\t\t\t<\/div>\n\t\t<\/section>\n\t\t\t\t<section class=\"elementor-section elementor-top-section elementor-element elementor-element-5393e880 elementor-section-content-middle elementor-section-height-min-height elementor-section-items-stretch elementor-section-boxed elementor-section-height-default\" data-id=\"5393e880\" data-element_type=\"section\" data-e-type=\"section\">\n\t\t\t\t\t\t<div class=\"elementor-container elementor-column-gap-no\">\n\t\t\t\t\t<div class=\"elementor-column elementor-col-100 elementor-top-column elementor-element elementor-element-42056ddd\" data-id=\"42056ddd\" data-element_type=\"column\" data-e-type=\"column\" data-settings=\"{&quot;background_background&quot;:&quot;classic&quot;}\">\n\t\t\t<div class=\"elementor-widget-wrap elementor-element-populated\">\n\t\t\t\t\t\t<div class=\"elementor-element elementor-element-6560471c elementor-widget elementor-widget-image\" data-id=\"6560471c\" data-element_type=\"widget\" data-e-type=\"widget\" data-widget_type=\"image.default\">\n\t\t\t\t<div class=\"elementor-widget-container\">\n\t\t\t\t\t\t\t\t\t\t\t\t\t\t\t<img decoding=\"async\" src=\"https:\/\/garantie.be\/wp-content\/uploads\/elementor\/thumbs\/Logo-2-garantie-alone-1-pe5xec7dnfsf8cs3rtfffen34plb9ip2rjyfhjeqd0.jpg\" title=\"garantien\" alt=\"garantie\" loading=\"lazy\" \/>\t\t\t\t\t\t\t\t\t\t\t\t\t\t\t<\/div>\n\t\t\t\t<\/div>\n\t\t\t\t<div class=\"elementor-element elementor-element-6fbb8f70 elementor-widget elementor-widget-text-editor\" data-id=\"6fbb8f70\" data-element_type=\"widget\" data-e-type=\"widget\" data-widget_type=\"text-editor.default\">\n\t\t\t\t<div class=\"elementor-widget-container\">\n\t\t\t\t\t\t\t\t\t<p>F\u00fcllen Sie unser Online-Formular aus, um Ihre Mietkaution innerhalb weniger Stunden zu erhalten. Sie m\u00fcssen kein Geld blockieren, da wir wie eine <span style=\"text-decoration: underline;\"><a href=\"https:\/\/garantie.be\/de\/mietkaution-bankburgschaft\/\">Mietkaution auf bankbasis<\/a><\/span> funktionieren. <\/p>\t\t\t\t\t\t\t\t<\/div>\n\t\t\t\t<\/div>\n\t\t\t\t<div class=\"elementor-element elementor-element-18da1cf7 elementor-mobile-align-center elementor-align-center elementor-widget elementor-widget-button\" data-id=\"18da1cf7\" data-element_type=\"widget\" data-e-type=\"widget\" data-widget_type=\"button.default\">\n\t\t\t\t<div class=\"elementor-widget-container\">\n\t\t\t\t\t\t\t\t\t<div class=\"elementor-button-wrapper\">\n\t\t\t\t\t<a class=\"elementor-button elementor-button-link elementor-size-sm\" href=\"https:\/\/account.garantie.be\/en\/register\/lease\">\n\t\t\t\t\t\t<span class=\"elementor-button-content-wrapper\">\n\t\t\t\t\t\t\t\t\t<span class=\"elementor-button-text\">Formular Mietkaution<\/span>\n\t\t\t\t\t<\/span>\n\t\t\t\t\t<\/a>\n\t\t\t\t<\/div>\n\t\t\t\t\t\t\t\t<\/div>\n\t\t\t\t<\/div>\n\t\t\t\t\t<\/div>\n\t\t<\/div>\n\t\t\t\t\t<\/div>\n\t\t<\/section>\n\t\t\t\t<section class=\"elementor-section elementor-top-section elementor-element elementor-element-06ae966 elementor-section-height-min-height elementor-section-content-middle elementor-section-boxed elementor-section-height-default elementor-section-items-middle\" data-id=\"06ae966\" data-element_type=\"section\" data-e-type=\"section\" data-settings=\"{&quot;background_background&quot;:&quot;classic&quot;}\">\n\t\t\t\t\t\t<div class=\"elementor-container elementor-column-gap-default\">\n\t\t\t\t\t<div class=\"elementor-column elementor-col-100 elementor-top-column elementor-element elementor-element-5423dba\" data-id=\"5423dba\" data-element_type=\"column\" data-e-type=\"column\">\n\t\t\t<div class=\"elementor-widget-wrap elementor-element-populated\">\n\t\t\t\t\t\t<div class=\"elementor-element elementor-element-cfa6033 elementor-widget elementor-widget-spacer\" data-id=\"cfa6033\" data-element_type=\"widget\" data-e-type=\"widget\" data-widget_type=\"spacer.default\">\n\t\t\t\t<div class=\"elementor-widget-container\">\n\t\t\t\t\t\t\t<div class=\"elementor-spacer\">\n\t\t\t<div class=\"elementor-spacer-inner\"><\/div>\n\t\t<\/div>\n\t\t\t\t\t\t<\/div>\n\t\t\t\t<\/div>\n\t\t\t\t<div class=\"elementor-element elementor-element-ad7d686 elementor-widget elementor-widget-heading\" data-id=\"ad7d686\" data-element_type=\"widget\" data-e-type=\"widget\" data-widget_type=\"heading.default\">\n\t\t\t\t<div class=\"elementor-widget-container\">\n\t\t\t\t\t<h2 class=\"elementor-heading-title elementor-size-default\">Wie funktioniert die Belfius-Mietkaution?<\/h2>\t\t\t\t<\/div>\n\t\t\t\t<\/div>\n\t\t\t\t<div class=\"elementor-element elementor-element-927d29e elementor-widget elementor-widget-text-editor\" data-id=\"927d29e\" data-element_type=\"widget\" data-e-type=\"widget\" data-widget_type=\"text-editor.default\">\n\t\t\t\t<div class=\"elementor-widget-container\">\n\t\t\t\t\t\t\t\t\t<p>Die bei der Belfius Bank im Rahmen der Mietkaution gesperrten Gelder werden verzinst. Diese werden j\u00e4hrlich gez\u00e4hlt. <\/p>\t\t\t\t\t\t\t\t<\/div>\n\t\t\t\t<\/div>\n\t\t\t\t<div class=\"elementor-element elementor-element-cd9e7fe elementor-widget elementor-widget-heading\" data-id=\"cd9e7fe\" data-element_type=\"widget\" data-e-type=\"widget\" data-widget_type=\"heading.default\">\n\t\t\t\t<div class=\"elementor-widget-container\">\n\t\t\t\t\t<h2 class=\"elementor-heading-title elementor-size-default\">Kann die Belfius-Mietkaution online abgeschlossen werden?<\/h2>\t\t\t\t<\/div>\n\t\t\t\t<\/div>\n\t\t\t\t<div class=\"elementor-element elementor-element-890a15a elementor-widget elementor-widget-text-editor\" data-id=\"890a15a\" data-element_type=\"widget\" data-e-type=\"widget\" data-widget_type=\"text-editor.default\">\n\t\t\t\t<div class=\"elementor-widget-container\">\n\t\t\t\t\t\t\t\t\t<p>Der Mieter, der Kunde der Belfius Bank ist, kann online einen Termin bei seiner Filiale f\u00fcr die Er\u00f6ffnung des Mietkautionkontos vereinbaren.<\/p><p>Die Banken m\u00fcssen bei der Er\u00f6ffnung eines Bankkontos zunehmend mehr Sorgfaltspflichten erf\u00fcllen, so dass es noch nicht m\u00f6glich ist, ein vollst\u00e4ndig digitales Mietkautionkonto zu er\u00f6ffnen.<\/p>\t\t\t\t\t\t\t\t<\/div>\n\t\t\t\t<\/div>\n\t\t\t\t<div class=\"elementor-element elementor-element-cc288f1 elementor-widget elementor-widget-heading\" data-id=\"cc288f1\" data-element_type=\"widget\" data-e-type=\"widget\" data-widget_type=\"heading.default\">\n\t\t\t\t<div class=\"elementor-widget-container\">\n\t\t\t\t\t<h2 class=\"elementor-heading-title elementor-size-default\">Wie lange dauert es, bis ich eine Bescheinigung \u00fcber eine bei der Belfius Bank gestellte Sicherheit erhalte?<\/h2>\t\t\t\t<\/div>\n\t\t\t\t<\/div>\n\t\t\t\t<div class=\"elementor-element elementor-element-c9a0851 elementor-widget elementor-widget-text-editor\" data-id=\"c9a0851\" data-element_type=\"widget\" data-e-type=\"widget\" data-widget_type=\"text-editor.default\">\n\t\t\t\t<div class=\"elementor-widget-container\">\n\t\t\t\t\t\t\t\t\t<p>Die Mietkaution kann bereits beim Termin im Maklerb\u00fcro gestellt werden, sofern beide Parteien anwesend sind und die zu blockierenden Mittel direkt eingezahlt werden. Der Vermieter erh\u00e4lt die Bescheinigung \u00fcber die Blockierung der Mittel direkt im B\u00fcro.  <\/p>\t\t\t\t\t\t\t\t<\/div>\n\t\t\t\t<\/div>\n\t\t\t\t<div class=\"elementor-element elementor-element-f2219de elementor-widget elementor-widget-heading\" data-id=\"f2219de\" data-element_type=\"widget\" data-e-type=\"widget\" data-widget_type=\"heading.default\">\n\t\t\t\t<div class=\"elementor-widget-container\">\n\t\t\t\t\t<h2 class=\"elementor-heading-title elementor-size-default\">Was ist der Unterschied zwischen der Belfius-Mietkaution und einer Bankgarantie?<\/h2>\t\t\t\t<\/div>\n\t\t\t\t<\/div>\n\t\t\t\t<div class=\"elementor-element elementor-element-20b15c3 elementor-widget elementor-widget-text-editor\" data-id=\"20b15c3\" data-element_type=\"widget\" data-e-type=\"widget\" data-widget_type=\"text-editor.default\">\n\t\t\t\t<div class=\"elementor-widget-container\">\n\t\t\t\t\t\t\t\t\t<p>Der Unterschied zwischen einer <span style=\"text-decoration: underline;\"><a href=\"https:\/\/garantie.be\/de\/mietkaution-bankburgschaft\/\">Mietb\u00fcrgschaft<\/a><\/span> und einer Mietgarantie ist, dass bei einer Mietkaution tats\u00e4chlich Geld hinterlegt wird. Bei einer Mietb\u00fcrgschaft ist dies nicht der Fall, aber die Bank garantiert die Mietkaution. Eine Bankgarantie ist f\u00fcr den Mieter nicht kostenlos. Dar\u00fcber hinaus gibt es je nach Region, in der sich das Mietobjekt befindet, unterschiedliche Regelungen.<\/p>\t\t\t\t\t\t\t\t<\/div>\n\t\t\t\t<\/div>\n\t\t\t\t<div class=\"elementor-element elementor-element-629ce96 elementor-widget elementor-widget-heading\" data-id=\"629ce96\" data-element_type=\"widget\" data-e-type=\"widget\" data-widget_type=\"heading.default\">\n\t\t\t\t<div class=\"elementor-widget-container\">\n\t\t\t\t\t<h2 class=\"elementor-heading-title elementor-size-default\">Die Belfius Mietkaution vorzeitig freigeben<\/h2>\t\t\t\t<\/div>\n\t\t\t\t<\/div>\n\t\t\t\t<div class=\"elementor-element elementor-element-983547b elementor-widget elementor-widget-text-editor\" data-id=\"983547b\" data-element_type=\"widget\" data-e-type=\"widget\" data-widget_type=\"text-editor.default\">\n\t\t\t\t<div class=\"elementor-widget-container\">\n\t\t\t\t\t\t\t\t\t<p>Es besteht die M\u00f6glichkeit, eine <span style=\"text-decoration: underline;\"><a href=\"https:\/\/garantie.be\/de\/mietkaution-freigabe-online-formular\/\">Freigabe der Mietkaution<\/a><\/span> Sie k\u00f6nnen die Mietkaution vor Ablauf des Mietvertrages auf Ihrem Bankkonto bei Belfius einl\u00f6sen. Um die bei Belfius im Rahmen der Mietkaution gesperrten Gelder vor oder bei Beendigung des Mietvertrages abzuholen, m\u00fcssen sowohl der Mieter als auch der Vermieter eine Belfius Niederlassung aufsuchen.<\/p><p>Die Freigabe der Garantie kann auf der Grundlage des <span style=\"text-decoration: underline;\"><a href=\"https:\/\/garantie.be\/de\/bestandsaufnahme-bei-mietabschluss\/\">Protokolls der \u00dcbergabe<\/a><\/span> erfolgen. <\/p>\t\t\t\t\t\t\t\t<\/div>\n\t\t\t\t<\/div>\n\t\t\t\t<div class=\"elementor-element elementor-element-818300f elementor-widget elementor-widget-heading\" data-id=\"818300f\" data-element_type=\"widget\" data-e-type=\"widget\" data-widget_type=\"heading.default\">\n\t\t\t\t<div class=\"elementor-widget-container\">\n\t\t\t\t\t<h2 class=\"elementor-heading-title elementor-size-default\">Was ist der Unterschied zwischen e-DEPO Myminfin und einer Belfius Mietkaution?<\/h2>\t\t\t\t<\/div>\n\t\t\t\t<\/div>\n\t\t\t\t<div class=\"elementor-element elementor-element-b03e455 elementor-widget elementor-widget-text-editor\" data-id=\"b03e455\" data-element_type=\"widget\" data-e-type=\"widget\" data-widget_type=\"text-editor.default\">\n\t\t\t\t<div class=\"elementor-widget-container\">\n\t\t\t\t\t\t\t\t\t<p>Der Mietgarantie-Service <span style=\"text-decoration: underline;\"><a href=\"https:\/\/garantie.be\/de\/garantie-lokal-e-depo\/\">e DEPO<\/a><\/span> wird von der belgischen Verwaltung \u00fcber das Portal Myminfin des F\u00d6D Finanzen angeboten. Die Anwendung e DEPO erm\u00f6glicht es, Gelder bei der Caisse des d\u00e9p\u00f4ts et consignations zu blockieren. Das BELFIUS Bankennetzwerk ist eine Privatbank, die ihren Kunden die Er\u00f6ffnung eines Kontos auf den Namen des Mieters und die Sperrung von Geldern auf diesem Konto anbietet.<\/p>\t\t\t\t\t\t\t\t<\/div>\n\t\t\t\t<\/div>\n\t\t\t\t\t<\/div>\n\t\t<\/div>\n\t\t\t\t\t<\/div>\n\t\t<\/section>\n\t\t\t\t<\/div>\n\t\t","protected":false},"excerpt":{"rendered":"<p>BELFIUS Mietkaution Die Belfius Bank ist ein Allfinanzunternehmen, das in ganz Belgien lokal verankert ist. Die Belfius Bank ist in Belgien in drei Gesch\u00e4ftsbereichen t\u00e4tig: Gesch\u00e4ftsbank, Finanzdienstleistungen und Versicherungen. Die Belfius Bank ist seit 150 Jahren in der Finanzierung des \u00f6ffentlichen Sektors und seit 50 Jahren im Privatkundengesch\u00e4ft t\u00e4tig. Belfius ist eine Bank, die sich [&hellip;]<\/p>\n","protected":false},"author":1,"featured_media":0,"parent":0,"menu_order":0,"comment_status":"closed","ping_status":"closed","template":"","meta":{"footnotes":""},"class_list":["post-2837","page","type-page","status-publish","hentry"],"yoast_head":"<!-- This site is optimized with the Yoast SEO plugin v27.2 - https:\/\/yoast.com\/product\/yoast-seo-wordpress\/ -->\n<title>Belfius Mietkaution | Online-Formular<\/title>\n<meta name=\"description\" content=\"Auf dieser Website, die auf Mietkaution spezialisiert ist, stellen wir Ihnen die Besonderheiten dieser Dienstleistung der BELFIUS Bank in Belgien vor.\" \/>\n<meta name=\"robots\" content=\"index, follow, max-snippet:-1, max-image-preview:large, max-video-preview:-1\" \/>\n<link rel=\"canonical\" href=\"https:\/\/garantie.be\/de\/belfius-mietkaution\/\" \/>\n<meta property=\"og:locale\" content=\"de_DE\" \/>\n<meta property=\"og:type\" content=\"article\" \/>\n<meta property=\"og:title\" content=\"Belfius Mietkaution | Online-Formular\" \/>\n<meta property=\"og:description\" content=\"Auf dieser Website, die auf Mietkaution spezialisiert ist, stellen wir Ihnen die Besonderheiten dieser Dienstleistung der BELFIUS Bank in Belgien vor.\" \/>\n<meta property=\"og:url\" content=\"https:\/\/garantie.be\/de\/belfius-mietkaution\/\" \/>\n<meta property=\"og:site_name\" content=\"Garantie\" \/>\n<meta property=\"article:modified_time\" content=\"2025-10-09T07:57:40+00:00\" \/>\n<meta property=\"og:image\" content=\"https:\/\/garantie.be\/wp-content\/uploads\/elementor\/thumbs\/Logo-2-garantie-alone-1-pe5xec7dnfsf8cs3rtfffen34plb9ip2rjyfhjeqd0.jpg\" \/>\n<meta name=\"twitter:card\" content=\"summary_large_image\" \/>\n<meta name=\"twitter:label1\" content=\"Gesch\u00e4tzte Lesezeit\" \/>\n\t<meta name=\"twitter:data1\" content=\"3\u00a0Minuten\" \/>\n<script type=\"application\/ld+json\" class=\"yoast-schema-graph\">{\"@context\":\"https:\/\/schema.org\",\"@graph\":[{\"@type\":\"WebPage\",\"@id\":\"https:\/\/garantie.be\/de\/belfius-mietkaution\/\",\"url\":\"https:\/\/garantie.be\/de\/belfius-mietkaution\/\",\"name\":\"Belfius Mietkaution | Online-Formular\",\"isPartOf\":{\"@id\":\"https:\/\/garantie.be\/de\/#website\"},\"primaryImageOfPage\":{\"@id\":\"https:\/\/garantie.be\/de\/belfius-mietkaution\/#primaryimage\"},\"image\":{\"@id\":\"https:\/\/garantie.be\/de\/belfius-mietkaution\/#primaryimage\"},\"thumbnailUrl\":\"https:\/\/garantie.be\/wp-content\/uploads\/elementor\/thumbs\/Logo-2-garantie-alone-1-pe5xec7dnfsf8cs3rtfffen34plb9ip2rjyfhjeqd0.jpg\",\"datePublished\":\"2021-03-31T13:39:51+00:00\",\"dateModified\":\"2025-10-09T07:57:40+00:00\",\"description\":\"Auf dieser Website, die auf Mietkaution spezialisiert ist, stellen wir Ihnen die Besonderheiten dieser Dienstleistung der BELFIUS Bank in Belgien vor.\",\"breadcrumb\":{\"@id\":\"https:\/\/garantie.be\/de\/belfius-mietkaution\/#breadcrumb\"},\"inLanguage\":\"de\",\"potentialAction\":[{\"@type\":\"ReadAction\",\"target\":[\"https:\/\/garantie.be\/de\/belfius-mietkaution\/\"]}]},{\"@type\":\"ImageObject\",\"inLanguage\":\"de\",\"@id\":\"https:\/\/garantie.be\/de\/belfius-mietkaution\/#primaryimage\",\"url\":\"https:\/\/garantie.be\/wp-content\/uploads\/elementor\/thumbs\/Logo-2-garantie-alone-1-pe5xec7dnfsf8cs3rtfffen34plb9ip2rjyfhjeqd0.jpg\",\"contentUrl\":\"https:\/\/garantie.be\/wp-content\/uploads\/elementor\/thumbs\/Logo-2-garantie-alone-1-pe5xec7dnfsf8cs3rtfffen34plb9ip2rjyfhjeqd0.jpg\"},{\"@type\":\"BreadcrumbList\",\"@id\":\"https:\/\/garantie.be\/de\/belfius-mietkaution\/#breadcrumb\",\"itemListElement\":[{\"@type\":\"ListItem\",\"position\":1,\"name\":\"Accueil\",\"item\":\"https:\/\/garantie.be\/de\/\"},{\"@type\":\"ListItem\",\"position\":2,\"name\":\"Belfius Mietkaution\"}]},{\"@type\":\"WebSite\",\"@id\":\"https:\/\/garantie.be\/de\/#website\",\"url\":\"https:\/\/garantie.be\/de\/\",\"name\":\"Garantie\",\"description\":\"\",\"publisher\":{\"@id\":\"https:\/\/garantie.be\/de\/#organization\"},\"potentialAction\":[{\"@type\":\"SearchAction\",\"target\":{\"@type\":\"EntryPoint\",\"urlTemplate\":\"https:\/\/garantie.be\/de\/?s={search_term_string}\"},\"query-input\":{\"@type\":\"PropertyValueSpecification\",\"valueRequired\":true,\"valueName\":\"search_term_string\"}}],\"inLanguage\":\"de\"},{\"@type\":\"Organization\",\"@id\":\"https:\/\/garantie.be\/de\/#organization\",\"name\":\"Garantie.be\",\"url\":\"https:\/\/garantie.be\/de\/\",\"logo\":{\"@type\":\"ImageObject\",\"inLanguage\":\"de\",\"@id\":\"https:\/\/garantie.be\/de\/#\/schema\/logo\/image\/\",\"url\":\"\",\"contentUrl\":\"\",\"caption\":\"Garantie.be\"},\"image\":{\"@id\":\"https:\/\/garantie.be\/de\/#\/schema\/logo\/image\/\"}}]}<\/script>\n<!-- \/ Yoast SEO plugin. -->","yoast_head_json":{"title":"Belfius Mietkaution | Online-Formular","description":"Auf dieser Website, die auf Mietkaution spezialisiert ist, stellen wir Ihnen die Besonderheiten dieser Dienstleistung der BELFIUS Bank in Belgien vor.","robots":{"index":"index","follow":"follow","max-snippet":"max-snippet:-1","max-image-preview":"max-image-preview:large","max-video-preview":"max-video-preview:-1"},"canonical":"https:\/\/garantie.be\/de\/belfius-mietkaution\/","og_locale":"de_DE","og_type":"article","og_title":"Belfius Mietkaution | Online-Formular","og_description":"Auf dieser Website, die auf Mietkaution spezialisiert ist, stellen wir Ihnen die Besonderheiten dieser Dienstleistung der BELFIUS Bank in Belgien vor.","og_url":"https:\/\/garantie.be\/de\/belfius-mietkaution\/","og_site_name":"Garantie","article_modified_time":"2025-10-09T07:57:40+00:00","og_image":[{"url":"https:\/\/garantie.be\/wp-content\/uploads\/elementor\/thumbs\/Logo-2-garantie-alone-1-pe5xec7dnfsf8cs3rtfffen34plb9ip2rjyfhjeqd0.jpg","type":"","width":"","height":""}],"twitter_card":"summary_large_image","twitter_misc":{"Gesch\u00e4tzte Lesezeit":"3\u00a0Minuten"},"schema":{"@context":"https:\/\/schema.org","@graph":[{"@type":"WebPage","@id":"https:\/\/garantie.be\/de\/belfius-mietkaution\/","url":"https:\/\/garantie.be\/de\/belfius-mietkaution\/","name":"Belfius Mietkaution | Online-Formular","isPartOf":{"@id":"https:\/\/garantie.be\/de\/#website"},"primaryImageOfPage":{"@id":"https:\/\/garantie.be\/de\/belfius-mietkaution\/#primaryimage"},"image":{"@id":"https:\/\/garantie.be\/de\/belfius-mietkaution\/#primaryimage"},"thumbnailUrl":"https:\/\/garantie.be\/wp-content\/uploads\/elementor\/thumbs\/Logo-2-garantie-alone-1-pe5xec7dnfsf8cs3rtfffen34plb9ip2rjyfhjeqd0.jpg","datePublished":"2021-03-31T13:39:51+00:00","dateModified":"2025-10-09T07:57:40+00:00","description":"Auf dieser Website, die auf Mietkaution spezialisiert ist, stellen wir Ihnen die Besonderheiten dieser Dienstleistung der BELFIUS Bank in Belgien vor.","breadcrumb":{"@id":"https:\/\/garantie.be\/de\/belfius-mietkaution\/#breadcrumb"},"inLanguage":"de","potentialAction":[{"@type":"ReadAction","target":["https:\/\/garantie.be\/de\/belfius-mietkaution\/"]}]},{"@type":"ImageObject","inLanguage":"de","@id":"https:\/\/garantie.be\/de\/belfius-mietkaution\/#primaryimage","url":"https:\/\/garantie.be\/wp-content\/uploads\/elementor\/thumbs\/Logo-2-garantie-alone-1-pe5xec7dnfsf8cs3rtfffen34plb9ip2rjyfhjeqd0.jpg","contentUrl":"https:\/\/garantie.be\/wp-content\/uploads\/elementor\/thumbs\/Logo-2-garantie-alone-1-pe5xec7dnfsf8cs3rtfffen34plb9ip2rjyfhjeqd0.jpg"},{"@type":"BreadcrumbList","@id":"https:\/\/garantie.be\/de\/belfius-mietkaution\/#breadcrumb","itemListElement":[{"@type":"ListItem","position":1,"name":"Accueil","item":"https:\/\/garantie.be\/de\/"},{"@type":"ListItem","position":2,"name":"Belfius Mietkaution"}]},{"@type":"WebSite","@id":"https:\/\/garantie.be\/de\/#website","url":"https:\/\/garantie.be\/de\/","name":"Garantie","description":"","publisher":{"@id":"https:\/\/garantie.be\/de\/#organization"},"potentialAction":[{"@type":"SearchAction","target":{"@type":"EntryPoint","urlTemplate":"https:\/\/garantie.be\/de\/?s={search_term_string}"},"query-input":{"@type":"PropertyValueSpecification","valueRequired":true,"valueName":"search_term_string"}}],"inLanguage":"de"},{"@type":"Organization","@id":"https:\/\/garantie.be\/de\/#organization","name":"Garantie.be","url":"https:\/\/garantie.be\/de\/","logo":{"@type":"ImageObject","inLanguage":"de","@id":"https:\/\/garantie.be\/de\/#\/schema\/logo\/image\/","url":"","contentUrl":"","caption":"Garantie.be"},"image":{"@id":"https:\/\/garantie.be\/de\/#\/schema\/logo\/image\/"}}]}},"_links":{"self":[{"href":"https:\/\/garantie.be\/de\/wp-json\/wp\/v2\/pages\/2837","targetHints":{"allow":["GET"]}}],"collection":[{"href":"https:\/\/garantie.be\/de\/wp-json\/wp\/v2\/pages"}],"about":[{"href":"https:\/\/garantie.be\/de\/wp-json\/wp\/v2\/types\/page"}],"author":[{"embeddable":true,"href":"https:\/\/garantie.be\/de\/wp-json\/wp\/v2\/users\/1"}],"replies":[{"embeddable":true,"href":"https:\/\/garantie.be\/de\/wp-json\/wp\/v2\/comments?post=2837"}],"version-history":[{"count":0,"href":"https:\/\/garantie.be\/de\/wp-json\/wp\/v2\/pages\/2837\/revisions"}],"wp:attachment":[{"href":"https:\/\/garantie.be\/de\/wp-json\/wp\/v2\/media?parent=2837"}],"curies":[{"name":"wp","href":"https:\/\/api.w.org\/{rel}","templated":true}]}}