{"id":2845,"date":"2021-03-31T16:11:57","date_gmt":"2021-03-31T14:11:57","guid":{"rendered":"https:\/\/garantie.be\/mietgarantie-cpas\/"},"modified":"2025-10-09T09:57:48","modified_gmt":"2025-10-09T07:57:48","slug":"mietkaution-oshz","status":"publish","type":"page","link":"https:\/\/garantie.be\/de\/mietkaution-oshz\/","title":{"rendered":"Mietkaution \u00d6SHZ"},"content":{"rendered":"\t\t<div data-elementor-type=\"wp-page\" data-elementor-id=\"2845\" class=\"elementor elementor-2845 elementor-391\" data-elementor-post-type=\"page\">\n\t\t\t\t\t\t<section class=\"elementor-section elementor-top-section elementor-element elementor-element-28405035 elementor-section-boxed elementor-section-height-default elementor-section-height-default\" data-id=\"28405035\" data-element_type=\"section\" data-e-type=\"section\">\n\t\t\t\t\t\t<div class=\"elementor-container elementor-column-gap-default\">\n\t\t\t\t\t<div class=\"elementor-column elementor-col-100 elementor-top-column elementor-element elementor-element-21004414\" data-id=\"21004414\" data-element_type=\"column\" data-e-type=\"column\">\n\t\t\t<div class=\"elementor-widget-wrap elementor-element-populated\">\n\t\t\t\t\t\t<div class=\"elementor-element elementor-element-205c4463 elementor-widget elementor-widget-spacer\" data-id=\"205c4463\" data-element_type=\"widget\" data-e-type=\"widget\" data-widget_type=\"spacer.default\">\n\t\t\t\t<div class=\"elementor-widget-container\">\n\t\t\t\t\t\t\t<div class=\"elementor-spacer\">\n\t\t\t<div class=\"elementor-spacer-inner\"><\/div>\n\t\t<\/div>\n\t\t\t\t\t\t<\/div>\n\t\t\t\t<\/div>\n\t\t\t\t<div class=\"elementor-element elementor-element-1bce35c9 elementor-widget elementor-widget-heading\" data-id=\"1bce35c9\" data-element_type=\"widget\" data-e-type=\"widget\" data-widget_type=\"heading.default\">\n\t\t\t\t<div class=\"elementor-widget-container\">\n\t\t\t\t\t<h1 class=\"elementor-heading-title elementor-size-default\">Mietkaution \u00d6SHZ<br><b> \u00d6ffentliches Zentrum f\u00fcr Soziale Aktion<\/b><\/h1>\t\t\t\t<\/div>\n\t\t\t\t<\/div>\n\t\t\t\t<div class=\"elementor-element elementor-element-66ab87a4 elementor-widget elementor-widget-spacer\" data-id=\"66ab87a4\" data-element_type=\"widget\" data-e-type=\"widget\" data-widget_type=\"spacer.default\">\n\t\t\t\t<div class=\"elementor-widget-container\">\n\t\t\t\t\t\t\t<div class=\"elementor-spacer\">\n\t\t\t<div class=\"elementor-spacer-inner\"><\/div>\n\t\t<\/div>\n\t\t\t\t\t\t<\/div>\n\t\t\t\t<\/div>\n\t\t\t\t\t<\/div>\n\t\t<\/div>\n\t\t\t\t\t<\/div>\n\t\t<\/section>\n\t\t\t\t<section class=\"elementor-section elementor-top-section elementor-element elementor-element-4558bb68 elementor-section-boxed elementor-section-height-default elementor-section-height-default\" data-id=\"4558bb68\" data-element_type=\"section\" data-e-type=\"section\">\n\t\t\t\t\t\t<div class=\"elementor-container elementor-column-gap-default\">\n\t\t\t\t\t<div class=\"elementor-column elementor-col-100 elementor-top-column elementor-element elementor-element-4e502c46\" data-id=\"4e502c46\" data-element_type=\"column\" data-e-type=\"column\">\n\t\t\t<div class=\"elementor-widget-wrap elementor-element-populated\">\n\t\t\t\t\t\t<div class=\"elementor-element elementor-element-ae4b303 elementor-widget elementor-widget-heading\" data-id=\"ae4b303\" data-element_type=\"widget\" data-e-type=\"widget\" data-widget_type=\"heading.default\">\n\t\t\t\t<div class=\"elementor-widget-container\">\n\t\t\t\t\t<h2 class=\"elementor-heading-title elementor-size-default\">Was ist die Mietkaution und das \u00d6SHZ?<\/h2>\t\t\t\t<\/div>\n\t\t\t\t<\/div>\n\t\t\t\t<div class=\"elementor-element elementor-element-b641859 elementor-widget elementor-widget-text-editor\" data-id=\"b641859\" data-element_type=\"widget\" data-e-type=\"widget\" data-widget_type=\"text-editor.default\">\n\t\t\t\t<div class=\"elementor-widget-container\">\n\t\t\t\t\t\t\t\t\t<p>Das \u00d6SHZ bietet den Bed\u00fcrftigsten Hilfe bei der Bildung einer <a href=\"https:\/\/garantie.be\/de\/mietkaution\/\">Mietkaution<\/a> und der Suche nach einer Wohnung.<\/p><p>In jeder belgischen Gemeinde gibt es ein Sozialhilfezentrum, um &#8222;jedem ein Leben zu erm\u00f6glichen, das der menschlichen W\u00fcrde entspricht&#8220;. Diese \u00f6ffentlichen Einrichtungen bieten den Bed\u00fcrftigsten Sozialhilfe, soziale, medizinische, psychologische, administrative und finanzielle Unterst\u00fctzung. Das Hauptziel besteht darin, ihnen zu helfen, sich in ein soziales Leben zu integrieren.<\/p>\t\t\t\t\t\t\t\t<\/div>\n\t\t\t\t<\/div>\n\t\t\t\t<div class=\"elementor-element elementor-element-8065bbf elementor-widget elementor-widget-text-editor\" data-id=\"8065bbf\" data-element_type=\"widget\" data-e-type=\"widget\" data-widget_type=\"text-editor.default\">\n\t\t\t\t<div class=\"elementor-widget-container\">\n\t\t\t\t\t\t\t\t\t<p><span style=\"font-weight: 400;\"><strong>Um eine Mietkautionbescheinigung innerhalb weniger Stunden ohne das \u00d6SHZ zu erhalten<\/strong>, f\u00fcllen Sie einfach das Formular aus, indem Sie auf klicken. <\/span><span style=\"text-decoration: underline;\"><a href=\"https:\/\/garantie.be\/de\/online-mietkaution\/\"><span style=\"font-weight: 400;\">Mietkaution online<\/span><\/a><\/span><span style=\"font-weight: 400;\">.<\/span><\/p>\t\t\t\t\t\t\t\t<\/div>\n\t\t\t\t<\/div>\n\t\t\t\t<div class=\"elementor-element elementor-element-1a49d32 elementor-widget elementor-widget-spacer\" data-id=\"1a49d32\" data-element_type=\"widget\" data-e-type=\"widget\" data-widget_type=\"spacer.default\">\n\t\t\t\t<div class=\"elementor-widget-container\">\n\t\t\t\t\t\t\t<div class=\"elementor-spacer\">\n\t\t\t<div class=\"elementor-spacer-inner\"><\/div>\n\t\t<\/div>\n\t\t\t\t\t\t<\/div>\n\t\t\t\t<\/div>\n\t\t\t\t<div class=\"elementor-element elementor-element-7bcdd81 elementor-widget elementor-widget-heading\" data-id=\"7bcdd81\" data-element_type=\"widget\" data-e-type=\"widget\" data-widget_type=\"heading.default\">\n\t\t\t\t<div class=\"elementor-widget-container\">\n\t\t\t\t\t<h2 class=\"elementor-heading-title elementor-size-default\">Die Mietkaution des \u00d6SHZ<\/h2>\t\t\t\t<\/div>\n\t\t\t\t<\/div>\n\t\t\t\t<div class=\"elementor-element elementor-element-77e6344 elementor-widget elementor-widget-text-editor\" data-id=\"77e6344\" data-element_type=\"widget\" data-e-type=\"widget\" data-widget_type=\"text-editor.default\">\n\t\t\t\t<div class=\"elementor-widget-container\">\n\t\t\t\t\t\t\t\t\t<p>Im Rahmen seiner Aufgaben kann das \u00d6SHZ seit 2007 Mietern mit geringen finanziellen Mitteln wertvolle Hilfe leisten. Die Hilfe des \u00d6SHZ kann verschiedene Formen annehmen, die beiden wichtigsten M\u00f6glichkeiten sind :<\/p><ul><li>Erhalten Sie eine Mietkaution von einer Bank. In diesem Fall verpflichtet sich die Bank im Namen des \u00d6SHZ und nicht im Namen des zuk\u00fcnftigen Mieters;<\/li><li>Das \u00d6SHZ kann auch ein B\u00fcrgschaftsschreiben verwenden, in dem es sich verpflichtet, die Mietkaution an den Vermieter zu zahlen, wenn der Mieter seinen Verpflichtungen nicht nachkommt.<\/li><\/ul>\t\t\t\t\t\t\t\t<\/div>\n\t\t\t\t<\/div>\n\t\t\t\t<div class=\"elementor-element elementor-element-4d2b02a elementor-widget elementor-widget-heading\" data-id=\"4d2b02a\" data-element_type=\"widget\" data-e-type=\"widget\" data-widget_type=\"heading.default\">\n\t\t\t\t<div class=\"elementor-widget-container\">\n\t\t\t\t\t<h2 class=\"elementor-heading-title elementor-size-default\">Was ist der Unterschied zwischen Sozialarbeit und dem \u00d6SHZ?<\/h2>\t\t\t\t<\/div>\n\t\t\t\t<\/div>\n\t\t\t\t<div class=\"elementor-element elementor-element-3d43696 elementor-widget elementor-widget-text-editor\" data-id=\"3d43696\" data-element_type=\"widget\" data-e-type=\"widget\" data-widget_type=\"text-editor.default\">\n\t\t\t\t<div class=\"elementor-widget-container\">\n\t\t\t\t\t\t\t\t\t<p>Die Sozialarbeit richtet sich haupts\u00e4chlich an Personen, die keinen Anspruch auf Sozialversicherung haben, insbesondere belgische Minderj\u00e4hrige und politische Fl\u00fcchtlinge. Je nach ihrer pers\u00f6nlichen Situation kann ihnen ein Integrationseinkommen zuerkannt werden.<\/p><p>Das Sozialhilfezentrum \u00d6SHZ ist f\u00fcr andere Personen in Schwierigkeiten zust\u00e4ndig, f\u00fcr die eine punktuelle Hilfe beantragt werden kann.<\/p>\t\t\t\t\t\t\t\t<\/div>\n\t\t\t\t<\/div>\n\t\t\t\t<div class=\"elementor-element elementor-element-25d8906 elementor-widget elementor-widget-heading\" data-id=\"25d8906\" data-element_type=\"widget\" data-e-type=\"widget\" data-widget_type=\"heading.default\">\n\t\t\t\t<div class=\"elementor-widget-container\">\n\t\t\t\t\t<h2 class=\"elementor-heading-title elementor-size-default\">Die Mietkaution des \u00d6SHZ<\/h2>\t\t\t\t<\/div>\n\t\t\t\t<\/div>\n\t\t\t\t<div class=\"elementor-element elementor-element-5b09f2a elementor-widget elementor-widget-text-editor\" data-id=\"5b09f2a\" data-element_type=\"widget\" data-e-type=\"widget\" data-widget_type=\"text-editor.default\">\n\t\t\t\t<div class=\"elementor-widget-container\">\n\t\t\t\t\t\t\t\t\t<p>Im Rahmen seiner Aufgaben kann das \u00d6SHZ seit 2007 Mietern mit geringen finanziellen Mitteln wertvolle Hilfe leisten. Die Hilfe des \u00d6SHZ kann verschiedene Formen annehmen, die beiden wichtigsten M\u00f6glichkeiten sind :<\/p><ul><li>Erhalten Sie eine Mietkaution von einer Bank. In diesem Fall verpflichtet sich die Bank im Namen des \u00d6SHZ und nicht im Namen des zuk\u00fcnftigen Mieters;<\/li><li>Das \u00d6SHZ kann auch ein B\u00fcrgschaftsschreiben verwenden, in dem es sich verpflichtet, die Mietkaution an den Vermieter zu zahlen, wenn der Mieter seinen Verpflichtungen nicht nachkommt.<\/li><\/ul>\t\t\t\t\t\t\t\t<\/div>\n\t\t\t\t<\/div>\n\t\t\t\t<div class=\"elementor-element elementor-element-5a1b72d elementor-widget elementor-widget-heading\" data-id=\"5a1b72d\" data-element_type=\"widget\" data-e-type=\"widget\" data-widget_type=\"heading.default\">\n\t\t\t\t<div class=\"elementor-widget-container\">\n\t\t\t\t\t<h2 class=\"elementor-heading-title elementor-size-default\">Wie hoch ist die \u00d6SHZ-Mietkaution?<\/h2>\t\t\t\t<\/div>\n\t\t\t\t<\/div>\n\t\t\t\t<div class=\"elementor-element elementor-element-94d4c7c elementor-widget elementor-widget-text-editor\" data-id=\"94d4c7c\" data-element_type=\"widget\" data-e-type=\"widget\" data-widget_type=\"text-editor.default\">\n\t\t\t\t<div class=\"elementor-widget-container\">\n\t\t\t\t\t\t\t\t\t<p>Im Rahmen der vom \u00d6SHZ gew\u00e4hrten Bankgarantie kann der Betrag der Mietgarantie bis zu drei Monatsmieten der Mietsache betragen.<\/p>\t\t\t\t\t\t\t\t<\/div>\n\t\t\t\t<\/div>\n\t\t\t\t<div class=\"elementor-element elementor-element-9897b4e elementor-widget elementor-widget-heading\" data-id=\"9897b4e\" data-element_type=\"widget\" data-e-type=\"widget\" data-widget_type=\"heading.default\">\n\t\t\t\t<div class=\"elementor-widget-container\">\n\t\t\t\t\t<h2 class=\"elementor-heading-title elementor-size-default\">Sozialhilfe des \u00d6SHZ und der SI - Soziale Immobilienagenturen<\/h2>\t\t\t\t<\/div>\n\t\t\t\t<\/div>\n\t\t\t\t<div class=\"elementor-element elementor-element-e08df61 elementor-widget elementor-widget-text-editor\" data-id=\"e08df61\" data-element_type=\"widget\" data-e-type=\"widget\" data-widget_type=\"text-editor.default\">\n\t\t\t\t<div class=\"elementor-widget-container\">\n\t\t\t\t\t\t\t\t\t<p>Ein Teil des sozialen Wohnungsbestands in Belgien wird von den <a href=\"https:\/\/garantie.be\/de\/si-mietkaution\/\">Soziale Immobilienagentur<\/a> verwaltet. Diese sozialen Agenturen verwalten einen Bestand an Immobilien, die sich im Besitz von privaten Vermietern befinden, die ihre Immobilien verwalten lassen. Diese Immobilien werden als Mietobjekte mit begrenztem Einkommen angeboten.<\/p>\t\t\t\t\t\t\t\t<\/div>\n\t\t\t\t<\/div>\n\t\t\t\t\t<\/div>\n\t\t<\/div>\n\t\t\t\t\t<\/div>\n\t\t<\/section>\n\t\t\t\t<section class=\"elementor-section elementor-top-section elementor-element elementor-element-590a6ed5 elementor-section-height-min-height elementor-section-content-middle elementor-section-boxed elementor-section-height-default elementor-section-items-middle\" data-id=\"590a6ed5\" data-element_type=\"section\" data-e-type=\"section\" data-settings=\"{&quot;background_background&quot;:&quot;classic&quot;}\">\n\t\t\t\t\t\t<div class=\"elementor-container elementor-column-gap-default\">\n\t\t\t\t\t<div class=\"elementor-column elementor-col-50 elementor-top-column elementor-element elementor-element-dc7e2b\" data-id=\"dc7e2b\" data-element_type=\"column\" data-e-type=\"column\">\n\t\t\t<div class=\"elementor-widget-wrap elementor-element-populated\">\n\t\t\t\t\t\t<div class=\"elementor-element elementor-element-40697bbd elementor-widget elementor-widget-image\" data-id=\"40697bbd\" data-element_type=\"widget\" data-e-type=\"widget\" data-widget_type=\"image.default\">\n\t\t\t\t<div class=\"elementor-widget-container\">\n\t\t\t\t\t\t\t\t\t\t\t\t\t\t\t<img fetchpriority=\"high\" decoding=\"async\" width=\"1337\" height=\"326\" src=\"https:\/\/garantie.be\/wp-content\/uploads\/2021\/10\/Logo-2-garantie-blanc.jpg\" class=\"attachment-full size-full wp-image-14328\" alt=\"Garantie\" srcset=\"https:\/\/garantie.be\/wp-content\/uploads\/2021\/10\/Logo-2-garantie-blanc.jpg 1337w, https:\/\/garantie.be\/wp-content\/uploads\/2021\/10\/Logo-2-garantie-blanc-300x73.jpg 300w, https:\/\/garantie.be\/wp-content\/uploads\/2021\/10\/Logo-2-garantie-blanc-1024x250.jpg 1024w, https:\/\/garantie.be\/wp-content\/uploads\/2021\/10\/Logo-2-garantie-blanc-768x187.jpg 768w\" sizes=\"(max-width: 1337px) 100vw, 1337px\" \/>\t\t\t\t\t\t\t\t\t\t\t\t\t\t\t<\/div>\n\t\t\t\t<\/div>\n\t\t\t\t\t<\/div>\n\t\t<\/div>\n\t\t\t\t<div class=\"elementor-column elementor-col-50 elementor-top-column elementor-element elementor-element-3cf8626\" data-id=\"3cf8626\" data-element_type=\"column\" data-e-type=\"column\">\n\t\t\t<div class=\"elementor-widget-wrap elementor-element-populated\">\n\t\t\t\t\t\t<div class=\"elementor-element elementor-element-70d2d2e elementor-widget-divider--view-line elementor-widget elementor-widget-divider\" data-id=\"70d2d2e\" data-element_type=\"widget\" data-e-type=\"widget\" data-widget_type=\"divider.default\">\n\t\t\t\t<div class=\"elementor-widget-container\">\n\t\t\t\t\t\t\t<div class=\"elementor-divider\">\n\t\t\t<span class=\"elementor-divider-separator\">\n\t\t\t\t\t\t<\/span>\n\t\t<\/div>\n\t\t\t\t\t\t<\/div>\n\t\t\t\t<\/div>\n\t\t\t\t<div class=\"elementor-element elementor-element-279b2b8c elementor-widget elementor-widget-heading\" data-id=\"279b2b8c\" data-element_type=\"widget\" data-e-type=\"widget\" data-widget_type=\"heading.default\">\n\t\t\t\t<div class=\"elementor-widget-container\">\n\t\t\t\t\t<h2 class=\"elementor-heading-title elementor-size-large\">die Mietkaution OHNE Bankdepot<\/h2>\t\t\t\t<\/div>\n\t\t\t\t<\/div>\n\t\t\t\t<div class=\"elementor-element elementor-element-a9dbdec elementor-widget elementor-widget-text-editor\" data-id=\"a9dbdec\" data-element_type=\"widget\" data-e-type=\"widget\" data-widget_type=\"text-editor.default\">\n\t\t\t\t<div class=\"elementor-widget-container\">\n\t\t\t\t\t\t\t\t\t<p>Sie befinden sich auf der Website <strong>garantie.be<\/strong>. Wir sind eine private Finanzgesellschaft. Wir bieten einen Service an, mit dem Sie eine <a href=\"https:\/\/garantie.be\/de\/mietkaution\/\">Mietkaution<\/a> erhalten k\u00f6nnen, <strong>ohne Geld auf der Bank zu blockieren<\/strong>.<\/p>\t\t\t\t\t\t\t\t<\/div>\n\t\t\t\t<\/div>\n\t\t\t\t<div class=\"elementor-element elementor-element-1925d2f5 elementor-widget elementor-widget-heading\" data-id=\"1925d2f5\" data-element_type=\"widget\" data-e-type=\"widget\" data-widget_type=\"heading.default\">\n\t\t\t\t<div class=\"elementor-widget-container\">\n\t\t\t\t\t<p class=\"elementor-heading-title elementor-size-medium\"><a href=\"https:\/\/garantie.be\/de\/online-mietkaution\/\" target=\"_blank\" rel=\"nofollow\">&gt; Online-Antrag auf Mietkaution<\/a><\/p>\t\t\t\t<\/div>\n\t\t\t\t<\/div>\n\t\t\t\t\t<\/div>\n\t\t<\/div>\n\t\t\t\t\t<\/div>\n\t\t<\/section>\n\t\t\t\t<\/div>\n\t\t","protected":false},"excerpt":{"rendered":"<p>Mietkaution \u00d6SHZ \u00d6ffentliches Zentrum f\u00fcr Soziale Aktion Was ist die Mietkaution und das \u00d6SHZ? Das \u00d6SHZ bietet den Bed\u00fcrftigsten Hilfe bei der Bildung einer Mietkaution und der Suche nach einer Wohnung. In jeder belgischen Gemeinde gibt es ein Sozialhilfezentrum, um &#8222;jedem ein Leben zu erm\u00f6glichen, das der menschlichen W\u00fcrde entspricht&#8220;. Diese \u00f6ffentlichen Einrichtungen bieten den [&hellip;]<\/p>\n","protected":false},"author":1,"featured_media":0,"parent":0,"menu_order":0,"comment_status":"closed","ping_status":"closed","template":"","meta":{"footnotes":""},"class_list":["post-2845","page","type-page","status-publish","hentry"],"yoast_head":"<!-- This site is optimized with the Yoast SEO plugin v27.2 - https:\/\/yoast.com\/product\/yoast-seo-wordpress\/ -->\n<title>Mietkaution \u00d6SHZ | Mietkautionhilfen<\/title>\n<meta name=\"description\" content=\"Entdecken Sie die Informationen \u00fcber die Mietkaution, die Sie mit dem \u00d6SHZ erhalten haben. Eine Mietkaution trotz begrenzter Mittel.\" \/>\n<meta name=\"robots\" content=\"index, follow, max-snippet:-1, max-image-preview:large, max-video-preview:-1\" \/>\n<link rel=\"canonical\" href=\"https:\/\/garantie.be\/de\/mietkaution-oshz\/\" \/>\n<meta property=\"og:locale\" content=\"de_DE\" \/>\n<meta property=\"og:type\" content=\"article\" \/>\n<meta property=\"og:title\" content=\"Mietkaution \u00d6SHZ | Mietkautionhilfen\" \/>\n<meta property=\"og:description\" content=\"Entdecken Sie die Informationen \u00fcber die Mietkaution, die Sie mit dem \u00d6SHZ erhalten haben. Eine Mietkaution trotz begrenzter Mittel.\" \/>\n<meta property=\"og:url\" content=\"https:\/\/garantie.be\/de\/mietkaution-oshz\/\" \/>\n<meta property=\"og:site_name\" content=\"Garantie\" \/>\n<meta property=\"article:modified_time\" content=\"2025-10-09T07:57:48+00:00\" \/>\n<meta property=\"og:image\" content=\"https:\/\/garantie.be\/wp-content\/uploads\/2021\/10\/Logo-2-garantie-blanc.jpg\" \/>\n<meta name=\"twitter:card\" content=\"summary_large_image\" \/>\n<meta name=\"twitter:label1\" content=\"Gesch\u00e4tzte Lesezeit\" \/>\n\t<meta name=\"twitter:data1\" content=\"2\u00a0Minuten\" \/>\n<script type=\"application\/ld+json\" class=\"yoast-schema-graph\">{\"@context\":\"https:\/\/schema.org\",\"@graph\":[{\"@type\":\"WebPage\",\"@id\":\"https:\/\/garantie.be\/de\/mietkaution-oshz\/\",\"url\":\"https:\/\/garantie.be\/de\/mietkaution-oshz\/\",\"name\":\"Mietkaution \u00d6SHZ | Mietkautionhilfen\",\"isPartOf\":{\"@id\":\"https:\/\/garantie.be\/de\/#website\"},\"primaryImageOfPage\":{\"@id\":\"https:\/\/garantie.be\/de\/mietkaution-oshz\/#primaryimage\"},\"image\":{\"@id\":\"https:\/\/garantie.be\/de\/mietkaution-oshz\/#primaryimage\"},\"thumbnailUrl\":\"https:\/\/garantie.be\/wp-content\/uploads\/2021\/10\/Logo-2-garantie-blanc.jpg\",\"datePublished\":\"2021-03-31T14:11:57+00:00\",\"dateModified\":\"2025-10-09T07:57:48+00:00\",\"description\":\"Entdecken Sie die Informationen \u00fcber die Mietkaution, die Sie mit dem \u00d6SHZ erhalten haben. Eine Mietkaution trotz begrenzter Mittel.\",\"breadcrumb\":{\"@id\":\"https:\/\/garantie.be\/de\/mietkaution-oshz\/#breadcrumb\"},\"inLanguage\":\"de\",\"potentialAction\":[{\"@type\":\"ReadAction\",\"target\":[\"https:\/\/garantie.be\/de\/mietkaution-oshz\/\"]}]},{\"@type\":\"ImageObject\",\"inLanguage\":\"de\",\"@id\":\"https:\/\/garantie.be\/de\/mietkaution-oshz\/#primaryimage\",\"url\":\"https:\/\/garantie.be\/wp-content\/uploads\/2021\/10\/Logo-2-garantie-blanc.jpg\",\"contentUrl\":\"https:\/\/garantie.be\/wp-content\/uploads\/2021\/10\/Logo-2-garantie-blanc.jpg\"},{\"@type\":\"BreadcrumbList\",\"@id\":\"https:\/\/garantie.be\/de\/mietkaution-oshz\/#breadcrumb\",\"itemListElement\":[{\"@type\":\"ListItem\",\"position\":1,\"name\":\"Accueil\",\"item\":\"https:\/\/garantie.be\/de\/\"},{\"@type\":\"ListItem\",\"position\":2,\"name\":\"Mietkaution \u00d6SHZ\"}]},{\"@type\":\"WebSite\",\"@id\":\"https:\/\/garantie.be\/de\/#website\",\"url\":\"https:\/\/garantie.be\/de\/\",\"name\":\"Garantie\",\"description\":\"\",\"publisher\":{\"@id\":\"https:\/\/garantie.be\/de\/#organization\"},\"potentialAction\":[{\"@type\":\"SearchAction\",\"target\":{\"@type\":\"EntryPoint\",\"urlTemplate\":\"https:\/\/garantie.be\/de\/?s={search_term_string}\"},\"query-input\":{\"@type\":\"PropertyValueSpecification\",\"valueRequired\":true,\"valueName\":\"search_term_string\"}}],\"inLanguage\":\"de\"},{\"@type\":\"Organization\",\"@id\":\"https:\/\/garantie.be\/de\/#organization\",\"name\":\"Garantie.be\",\"url\":\"https:\/\/garantie.be\/de\/\",\"logo\":{\"@type\":\"ImageObject\",\"inLanguage\":\"de\",\"@id\":\"https:\/\/garantie.be\/de\/#\/schema\/logo\/image\/\",\"url\":\"\",\"contentUrl\":\"\",\"caption\":\"Garantie.be\"},\"image\":{\"@id\":\"https:\/\/garantie.be\/de\/#\/schema\/logo\/image\/\"}}]}<\/script>\n<!-- \/ Yoast SEO plugin. -->","yoast_head_json":{"title":"Mietkaution \u00d6SHZ | Mietkautionhilfen","description":"Entdecken Sie die Informationen \u00fcber die Mietkaution, die Sie mit dem \u00d6SHZ erhalten haben. Eine Mietkaution trotz begrenzter Mittel.","robots":{"index":"index","follow":"follow","max-snippet":"max-snippet:-1","max-image-preview":"max-image-preview:large","max-video-preview":"max-video-preview:-1"},"canonical":"https:\/\/garantie.be\/de\/mietkaution-oshz\/","og_locale":"de_DE","og_type":"article","og_title":"Mietkaution \u00d6SHZ | Mietkautionhilfen","og_description":"Entdecken Sie die Informationen \u00fcber die Mietkaution, die Sie mit dem \u00d6SHZ erhalten haben. Eine Mietkaution trotz begrenzter Mittel.","og_url":"https:\/\/garantie.be\/de\/mietkaution-oshz\/","og_site_name":"Garantie","article_modified_time":"2025-10-09T07:57:48+00:00","og_image":[{"url":"https:\/\/garantie.be\/wp-content\/uploads\/2021\/10\/Logo-2-garantie-blanc.jpg","type":"","width":"","height":""}],"twitter_card":"summary_large_image","twitter_misc":{"Gesch\u00e4tzte Lesezeit":"2\u00a0Minuten"},"schema":{"@context":"https:\/\/schema.org","@graph":[{"@type":"WebPage","@id":"https:\/\/garantie.be\/de\/mietkaution-oshz\/","url":"https:\/\/garantie.be\/de\/mietkaution-oshz\/","name":"Mietkaution \u00d6SHZ | Mietkautionhilfen","isPartOf":{"@id":"https:\/\/garantie.be\/de\/#website"},"primaryImageOfPage":{"@id":"https:\/\/garantie.be\/de\/mietkaution-oshz\/#primaryimage"},"image":{"@id":"https:\/\/garantie.be\/de\/mietkaution-oshz\/#primaryimage"},"thumbnailUrl":"https:\/\/garantie.be\/wp-content\/uploads\/2021\/10\/Logo-2-garantie-blanc.jpg","datePublished":"2021-03-31T14:11:57+00:00","dateModified":"2025-10-09T07:57:48+00:00","description":"Entdecken Sie die Informationen \u00fcber die Mietkaution, die Sie mit dem \u00d6SHZ erhalten haben. Eine Mietkaution trotz begrenzter Mittel.","breadcrumb":{"@id":"https:\/\/garantie.be\/de\/mietkaution-oshz\/#breadcrumb"},"inLanguage":"de","potentialAction":[{"@type":"ReadAction","target":["https:\/\/garantie.be\/de\/mietkaution-oshz\/"]}]},{"@type":"ImageObject","inLanguage":"de","@id":"https:\/\/garantie.be\/de\/mietkaution-oshz\/#primaryimage","url":"https:\/\/garantie.be\/wp-content\/uploads\/2021\/10\/Logo-2-garantie-blanc.jpg","contentUrl":"https:\/\/garantie.be\/wp-content\/uploads\/2021\/10\/Logo-2-garantie-blanc.jpg"},{"@type":"BreadcrumbList","@id":"https:\/\/garantie.be\/de\/mietkaution-oshz\/#breadcrumb","itemListElement":[{"@type":"ListItem","position":1,"name":"Accueil","item":"https:\/\/garantie.be\/de\/"},{"@type":"ListItem","position":2,"name":"Mietkaution \u00d6SHZ"}]},{"@type":"WebSite","@id":"https:\/\/garantie.be\/de\/#website","url":"https:\/\/garantie.be\/de\/","name":"Garantie","description":"","publisher":{"@id":"https:\/\/garantie.be\/de\/#organization"},"potentialAction":[{"@type":"SearchAction","target":{"@type":"EntryPoint","urlTemplate":"https:\/\/garantie.be\/de\/?s={search_term_string}"},"query-input":{"@type":"PropertyValueSpecification","valueRequired":true,"valueName":"search_term_string"}}],"inLanguage":"de"},{"@type":"Organization","@id":"https:\/\/garantie.be\/de\/#organization","name":"Garantie.be","url":"https:\/\/garantie.be\/de\/","logo":{"@type":"ImageObject","inLanguage":"de","@id":"https:\/\/garantie.be\/de\/#\/schema\/logo\/image\/","url":"","contentUrl":"","caption":"Garantie.be"},"image":{"@id":"https:\/\/garantie.be\/de\/#\/schema\/logo\/image\/"}}]}},"_links":{"self":[{"href":"https:\/\/garantie.be\/de\/wp-json\/wp\/v2\/pages\/2845","targetHints":{"allow":["GET"]}}],"collection":[{"href":"https:\/\/garantie.be\/de\/wp-json\/wp\/v2\/pages"}],"about":[{"href":"https:\/\/garantie.be\/de\/wp-json\/wp\/v2\/types\/page"}],"author":[{"embeddable":true,"href":"https:\/\/garantie.be\/de\/wp-json\/wp\/v2\/users\/1"}],"replies":[{"embeddable":true,"href":"https:\/\/garantie.be\/de\/wp-json\/wp\/v2\/comments?post=2845"}],"version-history":[{"count":0,"href":"https:\/\/garantie.be\/de\/wp-json\/wp\/v2\/pages\/2845\/revisions"}],"wp:attachment":[{"href":"https:\/\/garantie.be\/de\/wp-json\/wp\/v2\/media?parent=2845"}],"curies":[{"name":"wp","href":"https:\/\/api.w.org\/{rel}","templated":true}]}}