{"id":2855,"date":"2021-03-31T16:51:18","date_gmt":"2021-03-31T14:51:18","guid":{"rendered":"https:\/\/garantie.be\/mietgarantie-flandern\/"},"modified":"2025-10-09T09:57:35","modified_gmt":"2025-10-09T07:57:35","slug":"mietkaution-flandern","status":"publish","type":"page","link":"https:\/\/garantie.be\/de\/mietkaution-flandern\/","title":{"rendered":"Mietkaution Flandern"},"content":{"rendered":"\t\t<div data-elementor-type=\"wp-page\" data-elementor-id=\"2855\" class=\"elementor elementor-2855 elementor-144\" data-elementor-post-type=\"page\">\n\t\t\t\t\t\t<section class=\"elementor-section elementor-top-section elementor-element elementor-element-4f8cf6e8 elementor-section-boxed elementor-section-height-default elementor-section-height-default\" data-id=\"4f8cf6e8\" data-element_type=\"section\" data-e-type=\"section\">\n\t\t\t\t\t\t<div class=\"elementor-container elementor-column-gap-default\">\n\t\t\t\t\t<div class=\"elementor-column elementor-col-100 elementor-top-column elementor-element elementor-element-2592b17b\" data-id=\"2592b17b\" data-element_type=\"column\" data-e-type=\"column\">\n\t\t\t<div class=\"elementor-widget-wrap elementor-element-populated\">\n\t\t\t\t\t\t<div class=\"elementor-element elementor-element-5bf026b2 elementor-widget elementor-widget-spacer\" data-id=\"5bf026b2\" data-element_type=\"widget\" data-e-type=\"widget\" data-widget_type=\"spacer.default\">\n\t\t\t\t<div class=\"elementor-widget-container\">\n\t\t\t\t\t\t\t<div class=\"elementor-spacer\">\n\t\t\t<div class=\"elementor-spacer-inner\"><\/div>\n\t\t<\/div>\n\t\t\t\t\t\t<\/div>\n\t\t\t\t<\/div>\n\t\t\t\t<div class=\"elementor-element elementor-element-f0f076e elementor-widget elementor-widget-heading\" data-id=\"f0f076e\" data-element_type=\"widget\" data-e-type=\"widget\" data-widget_type=\"heading.default\">\n\t\t\t\t<div class=\"elementor-widget-container\">\n\t\t\t\t\t<h1 class=\"elementor-heading-title elementor-size-default\">Die Mietkaution\n<b><br>in Flandern<\/b><\/h1>\t\t\t\t<\/div>\n\t\t\t\t<\/div>\n\t\t\t\t<div class=\"elementor-element elementor-element-55b6e55 elementor-widget elementor-widget-spacer\" data-id=\"55b6e55\" data-element_type=\"widget\" data-e-type=\"widget\" data-widget_type=\"spacer.default\">\n\t\t\t\t<div class=\"elementor-widget-container\">\n\t\t\t\t\t\t\t<div class=\"elementor-spacer\">\n\t\t\t<div class=\"elementor-spacer-inner\"><\/div>\n\t\t<\/div>\n\t\t\t\t\t\t<\/div>\n\t\t\t\t<\/div>\n\t\t\t\t\t<\/div>\n\t\t<\/div>\n\t\t\t\t\t<\/div>\n\t\t<\/section>\n\t\t\t\t<section class=\"elementor-section elementor-top-section elementor-element elementor-element-0a47ba8 elementor-section-boxed elementor-section-height-default elementor-section-height-default\" data-id=\"0a47ba8\" data-element_type=\"section\" data-e-type=\"section\">\n\t\t\t\t\t\t<div class=\"elementor-container elementor-column-gap-default\">\n\t\t\t\t\t<div class=\"elementor-column elementor-col-100 elementor-top-column elementor-element elementor-element-ad6fca3\" data-id=\"ad6fca3\" data-element_type=\"column\" data-e-type=\"column\">\n\t\t\t<div class=\"elementor-widget-wrap elementor-element-populated\">\n\t\t\t\t\t\t<div class=\"elementor-element elementor-element-c32d8c0 elementor-widget elementor-widget-heading\" data-id=\"c32d8c0\" data-element_type=\"widget\" data-e-type=\"widget\" data-widget_type=\"heading.default\">\n\t\t\t\t<div class=\"elementor-widget-container\">\n\t\t\t\t\t<h2 class=\"elementor-heading-title elementor-size-default\">Was ist die Mietkaution in Flandern?<\/h2>\t\t\t\t<\/div>\n\t\t\t\t<\/div>\n\t\t\t\t<div class=\"elementor-element elementor-element-5197fd6 elementor-widget elementor-widget-text-editor\" data-id=\"5197fd6\" data-element_type=\"widget\" data-e-type=\"widget\" data-widget_type=\"text-editor.default\">\n\t\t\t\t<div class=\"elementor-widget-container\">\n\t\t\t\t\t\t\t\t\t<p>Die Regeln f\u00fcr die <span style=\"text-decoration: underline;\"><a href=\"https:\/\/garantie.be\/de\/mietkaution\/\">Mietkaution<\/a><\/span> sind spezifisch f\u00fcr Flandern, da jede der drei belgischen Regionen ihre eigenen Regeln f\u00fcr den Wohnungsmietvertrag eingef\u00fchrt hat.<\/p><p>In der Region Flandern ist seit dem 1. Januar 2020 das regionale Wohnungsgesetzbuch in Kraft. Diese regionale Regelung ersetzt das f\u00f6derale Gesetz in Bezug auf Mietvertr\u00e4ge f\u00fcr Hauptwohnsitze. <\/p><p>Um die Besonderheiten der Region Wallonien zu verstehen, k\u00f6nnen Sie unsere Seite \u00fcber die <span style=\"text-decoration: underline;\"><a href=\"https:\/\/garantie.be\/de\/mietkaution-in-wallonien\/\">Mietkaution in Wallonien<\/a><\/span>. Bez\u00fcglich des neuen Wohnraumgesetzes in der Hauptstadtregion Br\u00fcssel lesen Sie bitte unsere Seite \u00fcber die <span style=\"text-decoration: underline;\"><a href=\"https:\/\/garantie.be\/de\/mietkaution-brussels-capital\/\">Mietkaution Br\u00fcssel<\/a><\/span>.<\/p>\t\t\t\t\t\t\t\t<\/div>\n\t\t\t\t<\/div>\n\t\t\t\t<div class=\"elementor-element elementor-element-138e5b2 elementor-widget elementor-widget-text-editor\" data-id=\"138e5b2\" data-element_type=\"widget\" data-e-type=\"widget\" data-widget_type=\"text-editor.default\">\n\t\t\t\t<div class=\"elementor-widget-container\">\n\t\t\t\t\t\t\t\t\t<p><strong>Sie k\u00f6nnen innerhalb weniger Stunden eine Garantiebescheinigung erhalten<\/strong>, indem Sie das Formular f\u00fcr die <span style=\"text-decoration: underline;\"><a href=\"https:\/\/garantie.be\/de\/online-mietkaution\/\">Mietkaution online<\/a><\/span> ausf\u00fcllen.<\/p><p> <\/p>\t\t\t\t\t\t\t\t<\/div>\n\t\t\t\t<\/div>\n\t\t\t\t<div class=\"elementor-element elementor-element-a697926 elementor-widget elementor-widget-heading\" data-id=\"a697926\" data-element_type=\"widget\" data-e-type=\"widget\" data-widget_type=\"heading.default\">\n\t\t\t\t<div class=\"elementor-widget-container\">\n\t\t\t\t\t<h2 class=\"elementor-heading-title elementor-size-default\">Wie hoch ist die Mietkaution in Flandern?<\/h2>\t\t\t\t<\/div>\n\t\t\t\t<\/div>\n\t\t\t\t<div class=\"elementor-element elementor-element-428f233 elementor-widget elementor-widget-text-editor\" data-id=\"428f233\" data-element_type=\"widget\" data-e-type=\"widget\" data-widget_type=\"text-editor.default\">\n\t\t\t\t<div class=\"elementor-widget-container\">\n\t\t\t\t\t\t\t\t\t<p>Der H\u00f6chstbetrag h\u00e4ngt von der Art der Mietkaution ab, die im <span style=\"text-decoration: underline;\"><a href=\"https:\/\/garantie.be\/de\/vermietung-von-immobilien\/\">Mietvertrag<\/a><\/span> angegeben ist.<\/p><ul><li>In Flandern wie auch in anderen belgischen Regionen muss im Rahmen einer direkt oder mit Hilfe des CPAS erhaltenen <span style=\"text-decoration: underline;\"><a href=\"https:\/\/garantie.be\/de\/mietkaution-bankburgschaft\/\">Bankmietkaution<\/a><\/span> der Betrag der Bankgarantie drei Monatsmieten f\u00fcr die gemietete Immobilie entsprechen;<\/li><li>Im Rahmen einer Mietkaution, die auf einem Sperrkonto hinterlegt ist, betr\u00e4gt der vom Vermieter zu zahlende Betrag in Flandern maximal 3 Monatsmieten. Diese Regel ist spezifisch f\u00fcr Flandern; <\/li><li>In Bezug auf andere m\u00f6gliche Arten von Sicherheiten legt das Gesetz keine Grunds\u00e4tze fest und \u00fcberl\u00e4sst es den Vertragsparteien, diese zu vereinbaren. In der fl\u00e4mischen Region ist es jedoch \u00fcblich, maximal drei Monatsmieten einzubehalten, z.B. bei einer Kaution, die von einem B\u00fcrgen gestellt wird. <\/li><\/ul>\t\t\t\t\t\t\t\t<\/div>\n\t\t\t\t<\/div>\n\t\t\t\t<div class=\"elementor-element elementor-element-f75d4c3 elementor-widget elementor-widget-spacer\" data-id=\"f75d4c3\" data-element_type=\"widget\" data-e-type=\"widget\" data-widget_type=\"spacer.default\">\n\t\t\t\t<div class=\"elementor-widget-container\">\n\t\t\t\t\t\t\t<div class=\"elementor-spacer\">\n\t\t\t<div class=\"elementor-spacer-inner\"><\/div>\n\t\t<\/div>\n\t\t\t\t\t\t<\/div>\n\t\t\t\t<\/div>\n\t\t\t\t\t<\/div>\n\t\t<\/div>\n\t\t\t\t\t<\/div>\n\t\t<\/section>\n\t\t\t\t<section class=\"elementor-section elementor-top-section elementor-element elementor-element-3bc43de3 elementor-section-content-middle elementor-section-height-min-height elementor-section-items-stretch elementor-section-boxed elementor-section-height-default\" data-id=\"3bc43de3\" data-element_type=\"section\" data-e-type=\"section\">\n\t\t\t\t\t\t<div class=\"elementor-container elementor-column-gap-no\">\n\t\t\t\t\t<div class=\"elementor-column elementor-col-100 elementor-top-column elementor-element elementor-element-64a8d795\" data-id=\"64a8d795\" data-element_type=\"column\" data-e-type=\"column\" data-settings=\"{&quot;background_background&quot;:&quot;classic&quot;}\">\n\t\t\t<div class=\"elementor-widget-wrap elementor-element-populated\">\n\t\t\t\t\t\t<div class=\"elementor-element elementor-element-2b4e1574 elementor-widget elementor-widget-image\" data-id=\"2b4e1574\" data-element_type=\"widget\" data-e-type=\"widget\" data-widget_type=\"image.default\">\n\t\t\t\t<div class=\"elementor-widget-container\">\n\t\t\t\t\t\t\t\t\t\t\t\t\t\t\t<img decoding=\"async\" src=\"https:\/\/garantie.be\/wp-content\/uploads\/elementor\/thumbs\/Logo-2-garantie-alone-1-pe5xec7dnfsf8cs3rtfffen34plb9ip2rjyfhjeqd0.jpg\" title=\"garantien\" alt=\"garantie\" loading=\"lazy\" \/>\t\t\t\t\t\t\t\t\t\t\t\t\t\t\t<\/div>\n\t\t\t\t<\/div>\n\t\t\t\t<div class=\"elementor-element elementor-element-57432368 elementor-widget elementor-widget-text-editor\" data-id=\"57432368\" data-element_type=\"widget\" data-e-type=\"widget\" data-widget_type=\"text-editor.default\">\n\t\t\t\t<div class=\"elementor-widget-container\">\n\t\t\t\t\t\t\t\t\t<p>F\u00fcllen Sie unser Formular aus, um Ihre Mietkaution innerhalb weniger Stunden zu erhalten. Sie m\u00fcssen kein Geld blockieren, da wir wie eine <span style=\"text-decoration: underline;\"><a href=\"https:\/\/garantie.be\/de\/mietkaution-bankburgschaft\/\">Mietkaution bei einer Bank<\/a><\/span>. <\/p>\t\t\t\t\t\t\t\t<\/div>\n\t\t\t\t<\/div>\n\t\t\t\t<div class=\"elementor-element elementor-element-1b42a0f0 elementor-mobile-align-center elementor-align-center elementor-widget elementor-widget-button\" data-id=\"1b42a0f0\" data-element_type=\"widget\" data-e-type=\"widget\" data-widget_type=\"button.default\">\n\t\t\t\t<div class=\"elementor-widget-container\">\n\t\t\t\t\t\t\t\t\t<div class=\"elementor-button-wrapper\">\n\t\t\t\t\t<a class=\"elementor-button elementor-button-link elementor-size-sm\" href=\"https:\/\/account.garantie.be\/en\/register\/lease\">\n\t\t\t\t\t\t<span class=\"elementor-button-content-wrapper\">\n\t\t\t\t\t\t\t\t\t<span class=\"elementor-button-text\">Formular Mietkaution<\/span>\n\t\t\t\t\t<\/span>\n\t\t\t\t\t<\/a>\n\t\t\t\t<\/div>\n\t\t\t\t\t\t\t\t<\/div>\n\t\t\t\t<\/div>\n\t\t\t\t\t<\/div>\n\t\t<\/div>\n\t\t\t\t\t<\/div>\n\t\t<\/section>\n\t\t\t\t<section class=\"elementor-section elementor-top-section elementor-element elementor-element-d5f95de elementor-section-boxed elementor-section-height-default elementor-section-height-default\" data-id=\"d5f95de\" data-element_type=\"section\" data-e-type=\"section\">\n\t\t\t\t\t\t<div class=\"elementor-container elementor-column-gap-default\">\n\t\t\t\t\t<div class=\"elementor-column elementor-col-100 elementor-top-column elementor-element elementor-element-ba21927\" data-id=\"ba21927\" data-element_type=\"column\" data-e-type=\"column\">\n\t\t\t<div class=\"elementor-widget-wrap elementor-element-populated\">\n\t\t\t\t\t\t<div class=\"elementor-element elementor-element-7fcc002 elementor-widget elementor-widget-spacer\" data-id=\"7fcc002\" data-element_type=\"widget\" data-e-type=\"widget\" data-widget_type=\"spacer.default\">\n\t\t\t\t<div class=\"elementor-widget-container\">\n\t\t\t\t\t\t\t<div class=\"elementor-spacer\">\n\t\t\t<div class=\"elementor-spacer-inner\"><\/div>\n\t\t<\/div>\n\t\t\t\t\t\t<\/div>\n\t\t\t\t<\/div>\n\t\t\t\t\t<\/div>\n\t\t<\/div>\n\t\t\t\t\t<\/div>\n\t\t<\/section>\n\t\t\t\t<section class=\"elementor-section elementor-top-section elementor-element elementor-element-7485dd5 elementor-section-boxed elementor-section-height-default elementor-section-height-default\" data-id=\"7485dd5\" data-element_type=\"section\" data-e-type=\"section\">\n\t\t\t\t\t\t<div class=\"elementor-container elementor-column-gap-default\">\n\t\t\t\t\t<div class=\"elementor-column elementor-col-100 elementor-top-column elementor-element elementor-element-19e8178\" data-id=\"19e8178\" data-element_type=\"column\" data-e-type=\"column\">\n\t\t\t<div class=\"elementor-widget-wrap elementor-element-populated\">\n\t\t\t\t\t\t<div class=\"elementor-element elementor-element-5d49edc elementor-widget elementor-widget-heading\" data-id=\"5d49edc\" data-element_type=\"widget\" data-e-type=\"widget\" data-widget_type=\"heading.default\">\n\t\t\t\t<div class=\"elementor-widget-container\">\n\t\t\t\t\t<h2 class=\"elementor-heading-title elementor-size-default\">Das fl\u00e4mische Wohngesetzbuch<\/h2>\t\t\t\t<\/div>\n\t\t\t\t<\/div>\n\t\t\t\t<div class=\"elementor-element elementor-element-b0a1f55 elementor-widget elementor-widget-text-editor\" data-id=\"b0a1f55\" data-element_type=\"widget\" data-e-type=\"widget\" data-widget_type=\"text-editor.default\">\n\t\t\t\t<div class=\"elementor-widget-container\">\n\t\t\t\t\t\t\t\t\t<p>Das auf f\u00f6deraler Ebene in Belgien geltende Gesetz in Bezug auf den Mietvertrag f\u00fcr Hauptwohnsitze zu Wohnzwecken ist das Mietgesetz. Die letzte Aktualisierung dieses f\u00f6deralen Gesetzes erfolgte in der 14. Ausgabe im M\u00e4rz 2013. <\/p><p>In den letzten Jahren hat jede Region eine eigene regionale Regelung f\u00fcr die Wohnraummiete eingef\u00fchrt. Flandern hat 2019 ein neues Wohngesetzbuch eingef\u00fchrt, das das f\u00f6derale Gesetz \u00fcber Mietvertr\u00e4ge f\u00fcr Hauptwohnsitze ersetzt. <\/p><p>Das fl\u00e4mische Wohnraumgesetzbuch \u00fcbernimmt weitgehend die Grundz\u00fcge und Regeln f\u00fcr gew\u00f6hnliche Mietvertr\u00e4ge mit einer Laufzeit von 9 Jahren aus dem fr\u00fcheren Bundesrecht. Im Gegensatz dazu enth\u00e4lt das regionale Wohnungsgesetzbuch in Bezug auf bestimmte Aspekte des Mietverh\u00e4ltnisses f\u00fcr den Hauptwohnsitz Vorschriften, die ausschlie\u00dflich f\u00fcr Flandern gelten.<\/p>\t\t\t\t\t\t\t\t<\/div>\n\t\t\t\t<\/div>\n\t\t\t\t<div class=\"elementor-element elementor-element-b0a8db5 elementor-widget elementor-widget-heading\" data-id=\"b0a8db5\" data-element_type=\"widget\" data-e-type=\"widget\" data-widget_type=\"heading.default\">\n\t\t\t\t<div class=\"elementor-widget-container\">\n\t\t\t\t\t<h2 class=\"elementor-heading-title elementor-size-default\">Welche Hilfen gibt es in Flandern f\u00fcr die Mietkaution?<\/h2>\t\t\t\t<\/div>\n\t\t\t\t<\/div>\n\t\t\t\t<div class=\"elementor-element elementor-element-7352826 elementor-widget elementor-widget-text-editor\" data-id=\"7352826\" data-element_type=\"widget\" data-e-type=\"widget\" data-widget_type=\"text-editor.default\">\n\t\t\t\t<div class=\"elementor-widget-container\">\n\t\t\t\t\t\t\t\t\t<p>Flandern bietet verschiedene Arten von Unterst\u00fctzung f\u00fcr eine erfolgreiche Mietkaution. Diese L\u00f6sungen sind f\u00fcr Personen mit niedrigem Einkommen zug\u00e4nglich und werden anonym beantragt, um Diskriminierung zu vermeiden. <\/p><p>Die wichtigste Unterst\u00fctzung in Flandern wird vom <a href=\"https:\/\/www.vlaamswoningfonds.be\/\">Fl\u00e4mischen Wohnraumfonds<\/a> angeboten. Seit dem 1. Januar 2019 wird von Flandern ein zinsloses Darlehen f\u00fcr Personen mit finanziellen Schwierigkeiten angeboten. Der Darlehensbetrag ist auf 1.800 EUR begrenzt und kann je nach Zusammensetzung des Familienhaushalts erh\u00f6ht werden. Das Darlehen muss vom beg\u00fcnstigten Mieter innerhalb von zwei Jahren zur\u00fcckgezahlt werden.<\/p>\t\t\t\t\t\t\t\t<\/div>\n\t\t\t\t<\/div>\n\t\t\t\t\t<\/div>\n\t\t<\/div>\n\t\t\t\t\t<\/div>\n\t\t<\/section>\n\t\t\t\t<\/div>\n\t\t","protected":false},"excerpt":{"rendered":"<p>Die Mietkaution in Flandern Was ist die Mietkaution in Flandern? Die Regeln f\u00fcr die Mietkaution sind spezifisch f\u00fcr Flandern, da jede der drei belgischen Regionen ihre eigenen Regeln f\u00fcr den Wohnungsmietvertrag eingef\u00fchrt hat. In der Region Flandern ist seit dem 1. Januar 2020 das regionale Wohnungsgesetzbuch in Kraft. Diese regionale Regelung ersetzt das f\u00f6derale Gesetz [&hellip;]<\/p>\n","protected":false},"author":1,"featured_media":0,"parent":0,"menu_order":0,"comment_status":"closed","ping_status":"closed","template":"","meta":{"footnotes":""},"class_list":["post-2855","page","type-page","status-publish","hentry"],"yoast_head":"<!-- This site is optimized with the Yoast SEO plugin v27.2 - https:\/\/yoast.com\/product\/yoast-seo-wordpress\/ -->\n<title>Mietkaution Flandern | Online-Formular<\/title>\n<meta name=\"description\" content=\"Entdecken Sie die Regeln des neuen Wohngesetzes f\u00fcr die Mietkaution, die ab 2019 in der Region Flandern gelten.\" \/>\n<meta name=\"robots\" content=\"index, follow, max-snippet:-1, max-image-preview:large, max-video-preview:-1\" \/>\n<link rel=\"canonical\" href=\"https:\/\/garantie.be\/de\/mietkaution-flandern\/\" \/>\n<meta property=\"og:locale\" content=\"de_DE\" \/>\n<meta property=\"og:type\" content=\"article\" \/>\n<meta property=\"og:title\" content=\"Mietkaution Flandern | Online-Formular\" \/>\n<meta property=\"og:description\" content=\"Entdecken Sie die Regeln des neuen Wohngesetzes f\u00fcr die Mietkaution, die ab 2019 in der Region Flandern gelten.\" \/>\n<meta property=\"og:url\" content=\"https:\/\/garantie.be\/de\/mietkaution-flandern\/\" \/>\n<meta property=\"og:site_name\" content=\"Garantie\" \/>\n<meta property=\"article:modified_time\" content=\"2025-10-09T07:57:35+00:00\" \/>\n<meta property=\"og:image\" content=\"https:\/\/garantie.be\/wp-content\/uploads\/elementor\/thumbs\/Logo-2-garantie-alone-1-pe5xec7dnfsf8cs3rtfffen34plb9ip2rjyfhjeqd0.jpg\" \/>\n<meta name=\"twitter:card\" content=\"summary_large_image\" \/>\n<meta name=\"twitter:label1\" content=\"Gesch\u00e4tzte Lesezeit\" \/>\n\t<meta name=\"twitter:data1\" content=\"3\u00a0Minuten\" \/>\n<script type=\"application\/ld+json\" class=\"yoast-schema-graph\">{\"@context\":\"https:\/\/schema.org\",\"@graph\":[{\"@type\":\"WebPage\",\"@id\":\"https:\/\/garantie.be\/de\/mietkaution-flandern\/\",\"url\":\"https:\/\/garantie.be\/de\/mietkaution-flandern\/\",\"name\":\"Mietkaution Flandern | Online-Formular\",\"isPartOf\":{\"@id\":\"https:\/\/garantie.be\/de\/#website\"},\"primaryImageOfPage\":{\"@id\":\"https:\/\/garantie.be\/de\/mietkaution-flandern\/#primaryimage\"},\"image\":{\"@id\":\"https:\/\/garantie.be\/de\/mietkaution-flandern\/#primaryimage\"},\"thumbnailUrl\":\"https:\/\/garantie.be\/wp-content\/uploads\/elementor\/thumbs\/Logo-2-garantie-alone-1-pe5xec7dnfsf8cs3rtfffen34plb9ip2rjyfhjeqd0.jpg\",\"datePublished\":\"2021-03-31T14:51:18+00:00\",\"dateModified\":\"2025-10-09T07:57:35+00:00\",\"description\":\"Entdecken Sie die Regeln des neuen Wohngesetzes f\u00fcr die Mietkaution, die ab 2019 in der Region Flandern gelten.\",\"breadcrumb\":{\"@id\":\"https:\/\/garantie.be\/de\/mietkaution-flandern\/#breadcrumb\"},\"inLanguage\":\"de\",\"potentialAction\":[{\"@type\":\"ReadAction\",\"target\":[\"https:\/\/garantie.be\/de\/mietkaution-flandern\/\"]}]},{\"@type\":\"ImageObject\",\"inLanguage\":\"de\",\"@id\":\"https:\/\/garantie.be\/de\/mietkaution-flandern\/#primaryimage\",\"url\":\"https:\/\/garantie.be\/wp-content\/uploads\/elementor\/thumbs\/Logo-2-garantie-alone-1-pe5xec7dnfsf8cs3rtfffen34plb9ip2rjyfhjeqd0.jpg\",\"contentUrl\":\"https:\/\/garantie.be\/wp-content\/uploads\/elementor\/thumbs\/Logo-2-garantie-alone-1-pe5xec7dnfsf8cs3rtfffen34plb9ip2rjyfhjeqd0.jpg\"},{\"@type\":\"BreadcrumbList\",\"@id\":\"https:\/\/garantie.be\/de\/mietkaution-flandern\/#breadcrumb\",\"itemListElement\":[{\"@type\":\"ListItem\",\"position\":1,\"name\":\"Accueil\",\"item\":\"https:\/\/garantie.be\/de\/\"},{\"@type\":\"ListItem\",\"position\":2,\"name\":\"Mietkaution Flandern\"}]},{\"@type\":\"WebSite\",\"@id\":\"https:\/\/garantie.be\/de\/#website\",\"url\":\"https:\/\/garantie.be\/de\/\",\"name\":\"Garantie\",\"description\":\"\",\"publisher\":{\"@id\":\"https:\/\/garantie.be\/de\/#organization\"},\"potentialAction\":[{\"@type\":\"SearchAction\",\"target\":{\"@type\":\"EntryPoint\",\"urlTemplate\":\"https:\/\/garantie.be\/de\/?s={search_term_string}\"},\"query-input\":{\"@type\":\"PropertyValueSpecification\",\"valueRequired\":true,\"valueName\":\"search_term_string\"}}],\"inLanguage\":\"de\"},{\"@type\":\"Organization\",\"@id\":\"https:\/\/garantie.be\/de\/#organization\",\"name\":\"Garantie.be\",\"url\":\"https:\/\/garantie.be\/de\/\",\"logo\":{\"@type\":\"ImageObject\",\"inLanguage\":\"de\",\"@id\":\"https:\/\/garantie.be\/de\/#\/schema\/logo\/image\/\",\"url\":\"\",\"contentUrl\":\"\",\"caption\":\"Garantie.be\"},\"image\":{\"@id\":\"https:\/\/garantie.be\/de\/#\/schema\/logo\/image\/\"}}]}<\/script>\n<!-- \/ Yoast SEO plugin. -->","yoast_head_json":{"title":"Mietkaution Flandern | Online-Formular","description":"Entdecken Sie die Regeln des neuen Wohngesetzes f\u00fcr die Mietkaution, die ab 2019 in der Region Flandern gelten.","robots":{"index":"index","follow":"follow","max-snippet":"max-snippet:-1","max-image-preview":"max-image-preview:large","max-video-preview":"max-video-preview:-1"},"canonical":"https:\/\/garantie.be\/de\/mietkaution-flandern\/","og_locale":"de_DE","og_type":"article","og_title":"Mietkaution Flandern | Online-Formular","og_description":"Entdecken Sie die Regeln des neuen Wohngesetzes f\u00fcr die Mietkaution, die ab 2019 in der Region Flandern gelten.","og_url":"https:\/\/garantie.be\/de\/mietkaution-flandern\/","og_site_name":"Garantie","article_modified_time":"2025-10-09T07:57:35+00:00","og_image":[{"url":"https:\/\/garantie.be\/wp-content\/uploads\/elementor\/thumbs\/Logo-2-garantie-alone-1-pe5xec7dnfsf8cs3rtfffen34plb9ip2rjyfhjeqd0.jpg","type":"","width":"","height":""}],"twitter_card":"summary_large_image","twitter_misc":{"Gesch\u00e4tzte Lesezeit":"3\u00a0Minuten"},"schema":{"@context":"https:\/\/schema.org","@graph":[{"@type":"WebPage","@id":"https:\/\/garantie.be\/de\/mietkaution-flandern\/","url":"https:\/\/garantie.be\/de\/mietkaution-flandern\/","name":"Mietkaution Flandern | Online-Formular","isPartOf":{"@id":"https:\/\/garantie.be\/de\/#website"},"primaryImageOfPage":{"@id":"https:\/\/garantie.be\/de\/mietkaution-flandern\/#primaryimage"},"image":{"@id":"https:\/\/garantie.be\/de\/mietkaution-flandern\/#primaryimage"},"thumbnailUrl":"https:\/\/garantie.be\/wp-content\/uploads\/elementor\/thumbs\/Logo-2-garantie-alone-1-pe5xec7dnfsf8cs3rtfffen34plb9ip2rjyfhjeqd0.jpg","datePublished":"2021-03-31T14:51:18+00:00","dateModified":"2025-10-09T07:57:35+00:00","description":"Entdecken Sie die Regeln des neuen Wohngesetzes f\u00fcr die Mietkaution, die ab 2019 in der Region Flandern gelten.","breadcrumb":{"@id":"https:\/\/garantie.be\/de\/mietkaution-flandern\/#breadcrumb"},"inLanguage":"de","potentialAction":[{"@type":"ReadAction","target":["https:\/\/garantie.be\/de\/mietkaution-flandern\/"]}]},{"@type":"ImageObject","inLanguage":"de","@id":"https:\/\/garantie.be\/de\/mietkaution-flandern\/#primaryimage","url":"https:\/\/garantie.be\/wp-content\/uploads\/elementor\/thumbs\/Logo-2-garantie-alone-1-pe5xec7dnfsf8cs3rtfffen34plb9ip2rjyfhjeqd0.jpg","contentUrl":"https:\/\/garantie.be\/wp-content\/uploads\/elementor\/thumbs\/Logo-2-garantie-alone-1-pe5xec7dnfsf8cs3rtfffen34plb9ip2rjyfhjeqd0.jpg"},{"@type":"BreadcrumbList","@id":"https:\/\/garantie.be\/de\/mietkaution-flandern\/#breadcrumb","itemListElement":[{"@type":"ListItem","position":1,"name":"Accueil","item":"https:\/\/garantie.be\/de\/"},{"@type":"ListItem","position":2,"name":"Mietkaution Flandern"}]},{"@type":"WebSite","@id":"https:\/\/garantie.be\/de\/#website","url":"https:\/\/garantie.be\/de\/","name":"Garantie","description":"","publisher":{"@id":"https:\/\/garantie.be\/de\/#organization"},"potentialAction":[{"@type":"SearchAction","target":{"@type":"EntryPoint","urlTemplate":"https:\/\/garantie.be\/de\/?s={search_term_string}"},"query-input":{"@type":"PropertyValueSpecification","valueRequired":true,"valueName":"search_term_string"}}],"inLanguage":"de"},{"@type":"Organization","@id":"https:\/\/garantie.be\/de\/#organization","name":"Garantie.be","url":"https:\/\/garantie.be\/de\/","logo":{"@type":"ImageObject","inLanguage":"de","@id":"https:\/\/garantie.be\/de\/#\/schema\/logo\/image\/","url":"","contentUrl":"","caption":"Garantie.be"},"image":{"@id":"https:\/\/garantie.be\/de\/#\/schema\/logo\/image\/"}}]}},"_links":{"self":[{"href":"https:\/\/garantie.be\/de\/wp-json\/wp\/v2\/pages\/2855","targetHints":{"allow":["GET"]}}],"collection":[{"href":"https:\/\/garantie.be\/de\/wp-json\/wp\/v2\/pages"}],"about":[{"href":"https:\/\/garantie.be\/de\/wp-json\/wp\/v2\/types\/page"}],"author":[{"embeddable":true,"href":"https:\/\/garantie.be\/de\/wp-json\/wp\/v2\/users\/1"}],"replies":[{"embeddable":true,"href":"https:\/\/garantie.be\/de\/wp-json\/wp\/v2\/comments?post=2855"}],"version-history":[{"count":0,"href":"https:\/\/garantie.be\/de\/wp-json\/wp\/v2\/pages\/2855\/revisions"}],"wp:attachment":[{"href":"https:\/\/garantie.be\/de\/wp-json\/wp\/v2\/media?parent=2855"}],"curies":[{"name":"wp","href":"https:\/\/api.w.org\/{rel}","templated":true}]}}