{"id":2865,"date":"2021-03-31T17:30:44","date_gmt":"2021-03-31T15:30:44","guid":{"rendered":"https:\/\/garantie.be\/ing-mietgarantie\/"},"modified":"2025-10-09T09:57:38","modified_gmt":"2025-10-09T07:57:38","slug":"ing-mietkaution","status":"publish","type":"page","link":"https:\/\/garantie.be\/de\/ing-mietkaution\/","title":{"rendered":"ING Mietkaution"},"content":{"rendered":"\t\t<div data-elementor-type=\"wp-page\" data-elementor-id=\"2865\" class=\"elementor elementor-2865 elementor-368\" data-elementor-post-type=\"page\">\n\t\t\t\t\t\t<section class=\"elementor-section elementor-top-section elementor-element elementor-element-1defe1e6 elementor-section-height-min-height elementor-section-boxed elementor-section-height-default elementor-section-items-middle\" data-id=\"1defe1e6\" data-element_type=\"section\" data-e-type=\"section\">\n\t\t\t\t\t\t<div class=\"elementor-container elementor-column-gap-default\">\n\t\t\t\t\t<div class=\"elementor-column elementor-col-100 elementor-top-column elementor-element elementor-element-66a759d7\" data-id=\"66a759d7\" data-element_type=\"column\" data-e-type=\"column\">\n\t\t\t<div class=\"elementor-widget-wrap elementor-element-populated\">\n\t\t\t\t\t\t<div class=\"elementor-element elementor-element-5342447a elementor-widget elementor-widget-spacer\" data-id=\"5342447a\" data-element_type=\"widget\" data-e-type=\"widget\" data-widget_type=\"spacer.default\">\n\t\t\t\t<div class=\"elementor-widget-container\">\n\t\t\t\t\t\t\t<div class=\"elementor-spacer\">\n\t\t\t<div class=\"elementor-spacer-inner\"><\/div>\n\t\t<\/div>\n\t\t\t\t\t\t<\/div>\n\t\t\t\t<\/div>\n\t\t\t\t<div class=\"elementor-element elementor-element-5f2c2494 elementor-widget elementor-widget-heading\" data-id=\"5f2c2494\" data-element_type=\"widget\" data-e-type=\"widget\" data-widget_type=\"heading.default\">\n\t\t\t\t<div class=\"elementor-widget-container\">\n\t\t\t\t\t<h1 class=\"elementor-heading-title elementor-size-default\">mietkaution ING<\/h1>\t\t\t\t<\/div>\n\t\t\t\t<\/div>\n\t\t\t\t<div class=\"elementor-element elementor-element-8eb3f52 elementor-widget elementor-widget-spacer\" data-id=\"8eb3f52\" data-element_type=\"widget\" data-e-type=\"widget\" data-widget_type=\"spacer.default\">\n\t\t\t\t<div class=\"elementor-widget-container\">\n\t\t\t\t\t\t\t<div class=\"elementor-spacer\">\n\t\t\t<div class=\"elementor-spacer-inner\"><\/div>\n\t\t<\/div>\n\t\t\t\t\t\t<\/div>\n\t\t\t\t<\/div>\n\t\t\t\t<div class=\"elementor-element elementor-element-0071ee8 elementor-widget elementor-widget-text-editor\" data-id=\"0071ee8\" data-element_type=\"widget\" data-e-type=\"widget\" data-widget_type=\"text-editor.default\">\n\t\t\t\t<div class=\"elementor-widget-container\">\n\t\t\t\t\t\t\t\t\t<p>Nachstehend finden Sie die wichtigsten Informationen \u00fcber die ING mietkaution. In Belgien hat die ING Bank im Jahr 2025 etwa 200 Bankfilialen. <\/p><p><strong>F\u00fcllen Sie unser Online-Formular aus<\/strong>, indem Sie auf klicken. <span style=\"text-decoration: underline;\"><a href=\"https:\/\/garantie.be\/de\/online-mietkaution\/\">online mietkaution<\/a><\/span> und Sie erhalten innerhalb weniger Stunden Ihre Bescheinigung \u00fcber die Mietkaution. <span style=\"text-decoration: underline;\"><a href=\"https:\/\/garantie.be\/de\/miet-kaution-belgien\/\">Mietkaution zu erhalten.<\/a><\/span> von Garantie.be zu erhalten. Sie sparen Zeit und Geld, da wir f\u00fcr Sie b\u00fcrgen. <\/p>\t\t\t\t\t\t\t\t<\/div>\n\t\t\t\t<\/div>\n\t\t\t\t\t<\/div>\n\t\t<\/div>\n\t\t\t\t\t<\/div>\n\t\t<\/section>\n\t\t\t\t<section class=\"elementor-section elementor-top-section elementor-element elementor-element-5ff2e7d elementor-section-boxed elementor-section-height-default elementor-section-height-default\" data-id=\"5ff2e7d\" data-element_type=\"section\" data-e-type=\"section\">\n\t\t\t\t\t\t<div class=\"elementor-container elementor-column-gap-default\">\n\t\t\t\t\t<div class=\"elementor-column elementor-col-100 elementor-top-column elementor-element elementor-element-7967a0b\" data-id=\"7967a0b\" data-element_type=\"column\" data-e-type=\"column\">\n\t\t\t<div class=\"elementor-widget-wrap elementor-element-populated\">\n\t\t\t\t\t\t<div class=\"elementor-element elementor-element-539e143 elementor-widget elementor-widget-heading\" data-id=\"539e143\" data-element_type=\"widget\" data-e-type=\"widget\" data-widget_type=\"heading.default\">\n\t\t\t\t<div class=\"elementor-widget-container\">\n\t\t\t\t\t<h2 class=\"elementor-heading-title elementor-size-default\">Was ist die ING mietkaution?<\/h2>\t\t\t\t<\/div>\n\t\t\t\t<\/div>\n\t\t\t\t<div class=\"elementor-element elementor-element-ce05ead elementor-widget elementor-widget-text-editor\" data-id=\"ce05ead\" data-element_type=\"widget\" data-e-type=\"widget\" data-widget_type=\"text-editor.default\">\n\t\t\t\t<div class=\"elementor-widget-container\">\n\t\t\t\t\t\t\t\t\t<p>Die <span style=\"text-decoration: underline;\"><a href=\"https:\/\/garantie.be\/de\/mietkaution\/\">mietkaution ist eine Garantie, dass der Vermieter den Mietvertrag einh\u00e4lt.<\/a><\/span> wurde eingef\u00fchrt, um den Eigent\u00fcmer vor dem Versagen seiner Mieter und den mit der Vermietung verbundenen Risiken zu sch\u00fctzen. Sie ist gesetzlich geregelt, aber nicht obligatorisch. Sie ist in den meisten Mietvertr\u00e4gen f\u00fcr Wohnraum vorgeschrieben.<\/p><p>Das Mietgesetz sieht vor, dass die Mietergarantie durch ein Sperrkonto bei einer belgischen Bank bereitgestellt werden kann. Die ING Bank bietet in Belgien diesen Service der Er\u00f6ffnung eines individualisierten Bankkontos f\u00fcr die mietkaution an. Das bei der ING Bank er\u00f6ffnete Konto, auf dem die Kaution hinterlegt wird, lautet auf den Namen des Mieters. Es wird bis zum Ende des Mietverh\u00e4ltnisses oder bis zu einer vorherigen Vereinbarung zwischen Mieter und Vermieter zur Freigabe der Mietkaution von ING blockiert.   <\/p>\t\t\t\t\t\t\t\t<\/div>\n\t\t\t\t<\/div>\n\t\t\t\t\t<\/div>\n\t\t<\/div>\n\t\t\t\t\t<\/div>\n\t\t<\/section>\n\t\t\t\t<section class=\"elementor-section elementor-top-section elementor-element elementor-element-7de8fc45 elementor-section-content-middle elementor-section-height-min-height elementor-section-items-stretch elementor-section-boxed elementor-section-height-default\" data-id=\"7de8fc45\" data-element_type=\"section\" data-e-type=\"section\">\n\t\t\t\t\t\t<div class=\"elementor-container elementor-column-gap-no\">\n\t\t\t\t\t<div class=\"elementor-column elementor-col-100 elementor-top-column elementor-element elementor-element-33cdb015\" data-id=\"33cdb015\" data-element_type=\"column\" data-e-type=\"column\" data-settings=\"{&quot;background_background&quot;:&quot;classic&quot;}\">\n\t\t\t<div class=\"elementor-widget-wrap elementor-element-populated\">\n\t\t\t\t\t\t<div class=\"elementor-element elementor-element-6aa64f9a elementor-widget elementor-widget-image\" data-id=\"6aa64f9a\" data-element_type=\"widget\" data-e-type=\"widget\" data-widget_type=\"image.default\">\n\t\t\t\t<div class=\"elementor-widget-container\">\n\t\t\t\t\t\t\t\t\t\t\t\t\t\t\t<img decoding=\"async\" src=\"https:\/\/garantie.be\/wp-content\/uploads\/elementor\/thumbs\/Logo-2-garantie-alone-1-pe5xec7dnfsf8cs3rtfffen34plb9ip2rjyfhjeqd0.jpg\" title=\"garantien\" alt=\"garantie\" loading=\"lazy\" \/>\t\t\t\t\t\t\t\t\t\t\t\t\t\t\t<\/div>\n\t\t\t\t<\/div>\n\t\t\t\t<div class=\"elementor-element elementor-element-5d4fe299 elementor-widget elementor-widget-text-editor\" data-id=\"5d4fe299\" data-element_type=\"widget\" data-e-type=\"widget\" data-widget_type=\"text-editor.default\">\n\t\t\t\t<div class=\"elementor-widget-container\">\n\t\t\t\t\t\t\t\t\t<p><strong>F\u00fcllen Sie unser Formular aus, um Ihre mietkaution innerhalb weniger Stunden zu erhalten.<\/strong><\/p><p>Bei Garantie.be blockieren Sie kein Geld, wir b\u00fcrgen f\u00fcr Sie und \u00fcbermitteln dem Vermieter die Bescheinigung \u00fcber die Mietkaution.<\/p>\t\t\t\t\t\t\t\t<\/div>\n\t\t\t\t<\/div>\n\t\t\t\t<div class=\"elementor-element elementor-element-5122bcc elementor-mobile-align-center elementor-align-center elementor-widget elementor-widget-button\" data-id=\"5122bcc\" data-element_type=\"widget\" data-e-type=\"widget\" data-widget_type=\"button.default\">\n\t\t\t\t<div class=\"elementor-widget-container\">\n\t\t\t\t\t\t\t\t\t<div class=\"elementor-button-wrapper\">\n\t\t\t\t\t<a class=\"elementor-button elementor-button-link elementor-size-sm\" href=\"https:\/\/account.garantie.be\/en\/register\/lease\">\n\t\t\t\t\t\t<span class=\"elementor-button-content-wrapper\">\n\t\t\t\t\t\t\t\t\t<span class=\"elementor-button-text\">Formular mietkaution<\/span>\n\t\t\t\t\t<\/span>\n\t\t\t\t\t<\/a>\n\t\t\t\t<\/div>\n\t\t\t\t\t\t\t\t<\/div>\n\t\t\t\t<\/div>\n\t\t\t\t\t<\/div>\n\t\t<\/div>\n\t\t\t\t\t<\/div>\n\t\t<\/section>\n\t\t\t\t<section class=\"elementor-section elementor-top-section elementor-element elementor-element-46b6d83 elementor-section-boxed elementor-section-height-default elementor-section-height-default\" data-id=\"46b6d83\" data-element_type=\"section\" data-e-type=\"section\">\n\t\t\t\t\t\t<div class=\"elementor-container elementor-column-gap-default\">\n\t\t\t\t\t<div class=\"elementor-column elementor-col-100 elementor-top-column elementor-element elementor-element-6604e0e\" data-id=\"6604e0e\" data-element_type=\"column\" data-e-type=\"column\">\n\t\t\t<div class=\"elementor-widget-wrap elementor-element-populated\">\n\t\t\t\t\t\t<div class=\"elementor-element elementor-element-759cbc7 elementor-widget elementor-widget-spacer\" data-id=\"759cbc7\" data-element_type=\"widget\" data-e-type=\"widget\" data-widget_type=\"spacer.default\">\n\t\t\t\t<div class=\"elementor-widget-container\">\n\t\t\t\t\t\t\t<div class=\"elementor-spacer\">\n\t\t\t<div class=\"elementor-spacer-inner\"><\/div>\n\t\t<\/div>\n\t\t\t\t\t\t<\/div>\n\t\t\t\t<\/div>\n\t\t\t\t<div class=\"elementor-element elementor-element-72baf7d elementor-widget elementor-widget-heading\" data-id=\"72baf7d\" data-element_type=\"widget\" data-e-type=\"widget\" data-widget_type=\"heading.default\">\n\t\t\t\t<div class=\"elementor-widget-container\">\n\t\t\t\t\t<h2 class=\"elementor-heading-title elementor-size-default\">Wie funktioniert die ING mietkaution?<\/h2>\t\t\t\t<\/div>\n\t\t\t\t<\/div>\n\t\t\t\t<div class=\"elementor-element elementor-element-fe6e3c8 elementor-widget elementor-widget-text-editor\" data-id=\"fe6e3c8\" data-element_type=\"widget\" data-e-type=\"widget\" data-widget_type=\"text-editor.default\">\n\t\t\t\t<div class=\"elementor-widget-container\">\n\t\t\t\t\t\t\t\t\t<p>Die blockierten Gelder werden angelegt und bringen Zinsen ein, die Ihnen am Ende des Mietvertrages ausgezahlt werden, wenn der Mieter selbstverst\u00e4ndlich alle seine Verpflichtungen gegen\u00fcber seinem Vermieter erf\u00fcllt hat. Der Zinsbetrag, den die ING Bank auf das gesperrte Konto der Garantie zahlt, ist jedoch sehr gering, da die Marktzinsen historisch niedrig sind. <\/p>\t\t\t\t\t\t\t\t<\/div>\n\t\t\t\t<\/div>\n\t\t\t\t<div class=\"elementor-element elementor-element-0451311 elementor-widget elementor-widget-heading\" data-id=\"0451311\" data-element_type=\"widget\" data-e-type=\"widget\" data-widget_type=\"heading.default\">\n\t\t\t\t<div class=\"elementor-widget-container\">\n\t\t\t\t\t<h2 class=\"elementor-heading-title elementor-size-default\">  Kann die ING mietkaution online gestellt werden?<\/h2>\t\t\t\t<\/div>\n\t\t\t\t<\/div>\n\t\t\t\t<div class=\"elementor-element elementor-element-07db77f elementor-widget elementor-widget-text-editor\" data-id=\"07db77f\" data-element_type=\"widget\" data-e-type=\"widget\" data-widget_type=\"text-editor.default\">\n\t\t\t\t<div class=\"elementor-widget-container\">\n\t\t\t\t\t\t\t\t\t<p>Die NG Bank bietet derzeit keine M\u00f6glichkeit, eine mietkaution online zu er\u00f6ffnen. Wenn Sie ein Konto bei ING er\u00f6ffnen m\u00f6chten, um Ihre mietkaution zu hinterlegen, m\u00fcssen Sie zuerst einen Termin mit einem Berater in Ihrer ING-Filiale vereinbaren. <\/p>\t\t\t\t\t\t\t\t<\/div>\n\t\t\t\t<\/div>\n\t\t\t\t<div class=\"elementor-element elementor-element-9e87993 elementor-widget elementor-widget-heading\" data-id=\"9e87993\" data-element_type=\"widget\" data-e-type=\"widget\" data-widget_type=\"heading.default\">\n\t\t\t\t<div class=\"elementor-widget-container\">\n\t\t\t\t\t<h2 class=\"elementor-heading-title elementor-size-default\">Wie lange dauert es, bis eine mietkaution bei ING gestellt wird?<\/h2>\t\t\t\t<\/div>\n\t\t\t\t<\/div>\n\t\t\t\t<div class=\"elementor-element elementor-element-98629a0 elementor-widget elementor-widget-text-editor\" data-id=\"98629a0\" data-element_type=\"widget\" data-e-type=\"widget\" data-widget_type=\"text-editor.default\">\n\t\t\t\t<div class=\"elementor-widget-container\">\n\t\t\t\t\t\t\t\t\t<p>Der Zeitaufwand entspricht mindestens dem f\u00fcr die Er\u00f6ffnung eines Kontos bei ING. Da die ING Bank kein Online-Verfahren anbietet, m\u00fcssen Sie die folgenden Fristen und Schritte einhalten: <\/p><ul><li>Erhalt eines Termins in der Agentur w\u00e4hrend der \u00d6ffnungszeiten ;<\/li><li>Treffen mit dem ING-Kundenbetreuer und Zusammenstellung der Unterlagen.<\/li><li>Er\u00f6ffnung des Kontos durch das &#8222;Welcome Team&#8220; des Back Office.<\/li><\/ul><p> <\/p><p>Sie m\u00fcssen also mindestens <strong>ein bis zwei Wochen einplanen, um ein Sperrkonto f\u00fcr die mietkaution bei der ING Bank zu erhalten<\/strong>.<\/p>\t\t\t\t\t\t\t\t<\/div>\n\t\t\t\t<\/div>\n\t\t\t\t<div class=\"elementor-element elementor-element-207fae4 elementor-widget elementor-widget-heading\" data-id=\"207fae4\" data-element_type=\"widget\" data-e-type=\"widget\" data-widget_type=\"heading.default\">\n\t\t\t\t<div class=\"elementor-widget-container\">\n\t\t\t\t\t<h2 class=\"elementor-heading-title elementor-size-default\">Was ist der Unterschied zwischen der ING mietkaution und der ING Bankgarantie?<\/h2>\t\t\t\t<\/div>\n\t\t\t\t<\/div>\n\t\t\t\t<div class=\"elementor-element elementor-element-71a9999 elementor-widget elementor-widget-text-editor\" data-id=\"71a9999\" data-element_type=\"widget\" data-e-type=\"widget\" data-widget_type=\"text-editor.default\">\n\t\t\t\t<div class=\"elementor-widget-container\">\n\t\t\t\t\t\t\t\t\t<p>Wie bereits erw\u00e4hnt, bietet die ING Bank zuk\u00fcnftigen Mietern die M\u00f6glichkeit, ein Konto zu er\u00f6ffnen, auf dem der Betrag der mietkaution blockiert werden kann. Dieses Serviceangebot unterscheidet sich deutlich von einem anderen Service der ING Bank, der ING Mietbankgarantie. <\/p><p>ING bietet eine Reihe von Bankgarantien an, darunter einen Vertrag \u00fcber eine Bankgarantie. <span style=\"text-decoration: underline;\"><a href=\"https:\/\/garantie.be\/de\/mietkaution-bankburgschaft\/\">Mietbankgarantie<\/a><\/span> im Zusammenhang mit einem Immobilienmietvertrag. Im Rahmen einer Mietbankgarantie verpflichtet sich ING, einen garantierten Betrag an Ihrer Stelle zu zahlen, wenn Sie nicht in der Lage sind, Ihren Verpflichtungen als Mieter gegen\u00fcber dem Vermieter nachzukommen. <\/p>\t\t\t\t\t\t\t\t<\/div>\n\t\t\t\t<\/div>\n\t\t\t\t<div class=\"elementor-element elementor-element-86f539a elementor-widget elementor-widget-heading\" data-id=\"86f539a\" data-element_type=\"widget\" data-e-type=\"widget\" data-widget_type=\"heading.default\">\n\t\t\t\t<div class=\"elementor-widget-container\">\n\t\t\t\t\t<h2 class=\"elementor-heading-title elementor-size-default\">Wie kann ich die ING mietkaution freigeben?<\/h2>\t\t\t\t<\/div>\n\t\t\t\t<\/div>\n\t\t\t\t<div class=\"elementor-element elementor-element-45da076 elementor-widget elementor-widget-text-editor\" data-id=\"45da076\" data-element_type=\"widget\" data-e-type=\"widget\" data-widget_type=\"text-editor.default\">\n\t\t\t\t<div class=\"elementor-widget-container\">\n\t\t\t\t\t\t\t\t\t<p>Die mietkaution bei ING kann auf zwei Arten freigegeben werden:<\/p><ol><li>Wenn die Parteien sich einig sind: Diese Situation ist am h\u00e4ufigsten bei Beendigung des Mietverh\u00e4ltnisses und auf der Grundlage des \u00dcbergabeprotokolls.<span style=\"text-decoration: underline;\"><a href=\"https:\/\/garantie.be\/de\/bestandsaufnahme-bei-mietabschluss\/\">Der Zustand der R\u00e4umlichkeiten beim Auszug.<\/a><\/span>. Das Verfahren zur Freigabe der blockierten Mittel der Mietkaution erfordert das Ausf\u00fcllen des ING-Formulars zur Freigabe der Mietkaution. Das ausgef\u00fcllte Formular wird von den Vertragsparteien unterzeichnet und im Original per Post an die ING-Bankfiliale geschickt, die die Gelder blockiert hat.  <\/li><li>Bei Vorlage eines Gerichtsurteils: Das Urteil muss vollstreckbar sein und ausdr\u00fccklich die Schuld des Mieters an den Vermieter festschreiben. Das Urteil wird der ING-Agentur, die das Geld f\u00fcr die mietkaution blockiert hat, zur Vollstreckung vorgelegt. <\/li><\/ol><p>Es ist auch m\u00f6glich, die Freigabe der im Rahmen der mietkaution gesperrten Gelder vor Ablauf des Mietvertrages zu erhalten. Um die gesperrten Gelder von der Bank zur\u00fcckzuerhalten, lesen Sie bitte diesen Artikel \u00fcber die R\u00fcckerstattung von Mietzahlungen. <span style=\"text-decoration: underline;\"><a href=\"https:\/\/garantie.be\/de\/mietkaution-freigabe-online-formular\/\">Freigabe der mietkaution.<\/a><\/span>.   <\/p>\t\t\t\t\t\t\t\t<\/div>\n\t\t\t\t<\/div>\n\t\t\t\t\t<\/div>\n\t\t<\/div>\n\t\t\t\t\t<\/div>\n\t\t<\/section>\n\t\t\t\t<\/div>\n\t\t","protected":false},"excerpt":{"rendered":"<p>mietkaution ING Nachstehend finden Sie die wichtigsten Informationen \u00fcber die ING mietkaution. In Belgien hat die ING Bank im Jahr 2025 etwa 200 Bankfilialen. F\u00fcllen Sie unser Online-Formular aus, indem Sie auf klicken. online mietkaution und Sie erhalten innerhalb weniger Stunden Ihre Bescheinigung \u00fcber die Mietkaution. Mietkaution zu erhalten. von Garantie.be zu erhalten. Sie sparen [&hellip;]<\/p>\n","protected":false},"author":1,"featured_media":0,"parent":0,"menu_order":0,"comment_status":"closed","ping_status":"closed","template":"","meta":{"footnotes":""},"class_list":["post-2865","page","type-page","status-publish","hentry"],"yoast_head":"<!-- This site is optimized with the Yoast SEO plugin v27.4 - https:\/\/yoast.com\/product\/yoast-seo-wordpress\/ -->\n<title>ING Mietkaution per Internet | Gesperrtes Kautionskonto<\/title>\n<meta name=\"description\" content=\"Auf dieser Website, die sich auf die mietkaution spezialisiert hat, stellen wir Ihnen die Besonderheiten dieser Dienstleistung der ING Bank in Belgien vor.\" \/>\n<meta name=\"robots\" content=\"index, follow, max-snippet:-1, max-image-preview:large, max-video-preview:-1\" \/>\n<link rel=\"canonical\" href=\"https:\/\/garantie.be\/de\/ing-mietkaution\/\" \/>\n<meta property=\"og:locale\" content=\"de_DE\" \/>\n<meta property=\"og:type\" content=\"article\" \/>\n<meta property=\"og:title\" content=\"ING Mietkaution per Internet | Gesperrtes Kautionskonto\" \/>\n<meta property=\"og:description\" content=\"Auf dieser Website, die sich auf die mietkaution spezialisiert hat, stellen wir Ihnen die Besonderheiten dieser Dienstleistung der ING Bank in Belgien vor.\" \/>\n<meta property=\"og:url\" content=\"https:\/\/garantie.be\/de\/ing-mietkaution\/\" \/>\n<meta property=\"og:site_name\" content=\"Garantie\" \/>\n<meta property=\"article:modified_time\" content=\"2025-10-09T07:57:38+00:00\" \/>\n<meta property=\"og:image\" content=\"https:\/\/garantie.be\/wp-content\/uploads\/elementor\/thumbs\/Logo-2-garantie-alone-1-pe5xec7dnfsf8cs3rtfffen34plb9ip2rjyfhjeqd0.jpg\" \/>\n<meta name=\"twitter:card\" content=\"summary_large_image\" \/>\n<meta name=\"twitter:label1\" content=\"Gesch\u00e4tzte Lesezeit\" \/>\n\t<meta name=\"twitter:data1\" content=\"4\u00a0Minuten\" \/>\n<script type=\"application\/ld+json\" class=\"yoast-schema-graph\">{\"@context\":\"https:\\\/\\\/schema.org\",\"@graph\":[{\"@type\":\"WebPage\",\"@id\":\"https:\\\/\\\/garantie.be\\\/de\\\/ing-mietkaution\\\/\",\"url\":\"https:\\\/\\\/garantie.be\\\/de\\\/ing-mietkaution\\\/\",\"name\":\"ING Mietkaution per Internet | Gesperrtes Kautionskonto\",\"isPartOf\":{\"@id\":\"https:\\\/\\\/garantie.be\\\/de\\\/#website\"},\"primaryImageOfPage\":{\"@id\":\"https:\\\/\\\/garantie.be\\\/de\\\/ing-mietkaution\\\/#primaryimage\"},\"image\":{\"@id\":\"https:\\\/\\\/garantie.be\\\/de\\\/ing-mietkaution\\\/#primaryimage\"},\"thumbnailUrl\":\"https:\\\/\\\/garantie.be\\\/wp-content\\\/uploads\\\/elementor\\\/thumbs\\\/Logo-2-garantie-alone-1-pe5xec7dnfsf8cs3rtfffen34plb9ip2rjyfhjeqd0.jpg\",\"datePublished\":\"2021-03-31T15:30:44+00:00\",\"dateModified\":\"2025-10-09T07:57:38+00:00\",\"description\":\"Auf dieser Website, die sich auf die mietkaution spezialisiert hat, stellen wir Ihnen die Besonderheiten dieser Dienstleistung der ING Bank in Belgien vor.\",\"breadcrumb\":{\"@id\":\"https:\\\/\\\/garantie.be\\\/de\\\/ing-mietkaution\\\/#breadcrumb\"},\"inLanguage\":\"de\",\"potentialAction\":[{\"@type\":\"ReadAction\",\"target\":[\"https:\\\/\\\/garantie.be\\\/de\\\/ing-mietkaution\\\/\"]}]},{\"@type\":\"ImageObject\",\"inLanguage\":\"de\",\"@id\":\"https:\\\/\\\/garantie.be\\\/de\\\/ing-mietkaution\\\/#primaryimage\",\"url\":\"https:\\\/\\\/garantie.be\\\/wp-content\\\/uploads\\\/elementor\\\/thumbs\\\/Logo-2-garantie-alone-1-pe5xec7dnfsf8cs3rtfffen34plb9ip2rjyfhjeqd0.jpg\",\"contentUrl\":\"https:\\\/\\\/garantie.be\\\/wp-content\\\/uploads\\\/elementor\\\/thumbs\\\/Logo-2-garantie-alone-1-pe5xec7dnfsf8cs3rtfffen34plb9ip2rjyfhjeqd0.jpg\"},{\"@type\":\"BreadcrumbList\",\"@id\":\"https:\\\/\\\/garantie.be\\\/de\\\/ing-mietkaution\\\/#breadcrumb\",\"itemListElement\":[{\"@type\":\"ListItem\",\"position\":1,\"name\":\"Accueil\",\"item\":\"https:\\\/\\\/garantie.be\\\/de\\\/\"},{\"@type\":\"ListItem\",\"position\":2,\"name\":\"ING Mietkaution\"}]},{\"@type\":\"WebSite\",\"@id\":\"https:\\\/\\\/garantie.be\\\/de\\\/#website\",\"url\":\"https:\\\/\\\/garantie.be\\\/de\\\/\",\"name\":\"Garantie\",\"description\":\"\",\"publisher\":{\"@id\":\"https:\\\/\\\/garantie.be\\\/de\\\/#organization\"},\"potentialAction\":[{\"@type\":\"SearchAction\",\"target\":{\"@type\":\"EntryPoint\",\"urlTemplate\":\"https:\\\/\\\/garantie.be\\\/de\\\/?s={search_term_string}\"},\"query-input\":{\"@type\":\"PropertyValueSpecification\",\"valueRequired\":true,\"valueName\":\"search_term_string\"}}],\"inLanguage\":\"de\"},{\"@type\":\"Organization\",\"@id\":\"https:\\\/\\\/garantie.be\\\/de\\\/#organization\",\"name\":\"Garantie.be\",\"url\":\"https:\\\/\\\/garantie.be\\\/de\\\/\",\"logo\":{\"@type\":\"ImageObject\",\"inLanguage\":\"de\",\"@id\":\"https:\\\/\\\/garantie.be\\\/de\\\/#\\\/schema\\\/logo\\\/image\\\/\",\"url\":\"\",\"contentUrl\":\"\",\"caption\":\"Garantie.be\"},\"image\":{\"@id\":\"https:\\\/\\\/garantie.be\\\/de\\\/#\\\/schema\\\/logo\\\/image\\\/\"}}]}<\/script>\n<!-- \/ Yoast SEO plugin. -->","yoast_head_json":{"title":"ING Mietkaution per Internet | Gesperrtes Kautionskonto","description":"Auf dieser Website, die sich auf die mietkaution spezialisiert hat, stellen wir Ihnen die Besonderheiten dieser Dienstleistung der ING Bank in Belgien vor.","robots":{"index":"index","follow":"follow","max-snippet":"max-snippet:-1","max-image-preview":"max-image-preview:large","max-video-preview":"max-video-preview:-1"},"canonical":"https:\/\/garantie.be\/de\/ing-mietkaution\/","og_locale":"de_DE","og_type":"article","og_title":"ING Mietkaution per Internet | Gesperrtes Kautionskonto","og_description":"Auf dieser Website, die sich auf die mietkaution spezialisiert hat, stellen wir Ihnen die Besonderheiten dieser Dienstleistung der ING Bank in Belgien vor.","og_url":"https:\/\/garantie.be\/de\/ing-mietkaution\/","og_site_name":"Garantie","article_modified_time":"2025-10-09T07:57:38+00:00","og_image":[{"url":"https:\/\/garantie.be\/wp-content\/uploads\/elementor\/thumbs\/Logo-2-garantie-alone-1-pe5xec7dnfsf8cs3rtfffen34plb9ip2rjyfhjeqd0.jpg","type":"","width":"","height":""}],"twitter_card":"summary_large_image","twitter_misc":{"Gesch\u00e4tzte Lesezeit":"4\u00a0Minuten"},"schema":{"@context":"https:\/\/schema.org","@graph":[{"@type":"WebPage","@id":"https:\/\/garantie.be\/de\/ing-mietkaution\/","url":"https:\/\/garantie.be\/de\/ing-mietkaution\/","name":"ING Mietkaution per Internet | Gesperrtes Kautionskonto","isPartOf":{"@id":"https:\/\/garantie.be\/de\/#website"},"primaryImageOfPage":{"@id":"https:\/\/garantie.be\/de\/ing-mietkaution\/#primaryimage"},"image":{"@id":"https:\/\/garantie.be\/de\/ing-mietkaution\/#primaryimage"},"thumbnailUrl":"https:\/\/garantie.be\/wp-content\/uploads\/elementor\/thumbs\/Logo-2-garantie-alone-1-pe5xec7dnfsf8cs3rtfffen34plb9ip2rjyfhjeqd0.jpg","datePublished":"2021-03-31T15:30:44+00:00","dateModified":"2025-10-09T07:57:38+00:00","description":"Auf dieser Website, die sich auf die mietkaution spezialisiert hat, stellen wir Ihnen die Besonderheiten dieser Dienstleistung der ING Bank in Belgien vor.","breadcrumb":{"@id":"https:\/\/garantie.be\/de\/ing-mietkaution\/#breadcrumb"},"inLanguage":"de","potentialAction":[{"@type":"ReadAction","target":["https:\/\/garantie.be\/de\/ing-mietkaution\/"]}]},{"@type":"ImageObject","inLanguage":"de","@id":"https:\/\/garantie.be\/de\/ing-mietkaution\/#primaryimage","url":"https:\/\/garantie.be\/wp-content\/uploads\/elementor\/thumbs\/Logo-2-garantie-alone-1-pe5xec7dnfsf8cs3rtfffen34plb9ip2rjyfhjeqd0.jpg","contentUrl":"https:\/\/garantie.be\/wp-content\/uploads\/elementor\/thumbs\/Logo-2-garantie-alone-1-pe5xec7dnfsf8cs3rtfffen34plb9ip2rjyfhjeqd0.jpg"},{"@type":"BreadcrumbList","@id":"https:\/\/garantie.be\/de\/ing-mietkaution\/#breadcrumb","itemListElement":[{"@type":"ListItem","position":1,"name":"Accueil","item":"https:\/\/garantie.be\/de\/"},{"@type":"ListItem","position":2,"name":"ING Mietkaution"}]},{"@type":"WebSite","@id":"https:\/\/garantie.be\/de\/#website","url":"https:\/\/garantie.be\/de\/","name":"Garantie","description":"","publisher":{"@id":"https:\/\/garantie.be\/de\/#organization"},"potentialAction":[{"@type":"SearchAction","target":{"@type":"EntryPoint","urlTemplate":"https:\/\/garantie.be\/de\/?s={search_term_string}"},"query-input":{"@type":"PropertyValueSpecification","valueRequired":true,"valueName":"search_term_string"}}],"inLanguage":"de"},{"@type":"Organization","@id":"https:\/\/garantie.be\/de\/#organization","name":"Garantie.be","url":"https:\/\/garantie.be\/de\/","logo":{"@type":"ImageObject","inLanguage":"de","@id":"https:\/\/garantie.be\/de\/#\/schema\/logo\/image\/","url":"","contentUrl":"","caption":"Garantie.be"},"image":{"@id":"https:\/\/garantie.be\/de\/#\/schema\/logo\/image\/"}}]}},"_links":{"self":[{"href":"https:\/\/garantie.be\/de\/wp-json\/wp\/v2\/pages\/2865","targetHints":{"allow":["GET"]}}],"collection":[{"href":"https:\/\/garantie.be\/de\/wp-json\/wp\/v2\/pages"}],"about":[{"href":"https:\/\/garantie.be\/de\/wp-json\/wp\/v2\/types\/page"}],"author":[{"embeddable":true,"href":"https:\/\/garantie.be\/de\/wp-json\/wp\/v2\/users\/1"}],"replies":[{"embeddable":true,"href":"https:\/\/garantie.be\/de\/wp-json\/wp\/v2\/comments?post=2865"}],"version-history":[{"count":0,"href":"https:\/\/garantie.be\/de\/wp-json\/wp\/v2\/pages\/2865\/revisions"}],"wp:attachment":[{"href":"https:\/\/garantie.be\/de\/wp-json\/wp\/v2\/media?parent=2865"}],"curies":[{"name":"wp","href":"https:\/\/api.w.org\/{rel}","templated":true}]}}