{"id":2931,"date":"2021-04-01T15:51:53","date_gmt":"2021-04-01T13:51:53","guid":{"rendered":"https:\/\/garantie.be\/kbc-mietgarantie\/"},"modified":"2025-05-05T09:08:51","modified_gmt":"2025-05-05T07:08:51","slug":"kbc-mietkaution","status":"publish","type":"page","link":"https:\/\/garantie.be\/de\/kbc-mietkaution\/","title":{"rendered":"KBC Mietkaution"},"content":{"rendered":"\t\t<div data-elementor-type=\"wp-page\" data-elementor-id=\"2931\" class=\"elementor elementor-2931 elementor-1074\" data-elementor-post-type=\"page\">\n\t\t\t\t\t\t<section class=\"elementor-section elementor-top-section elementor-element elementor-element-2751cc01 elementor-section-height-min-height elementor-section-boxed elementor-section-height-default elementor-section-items-middle\" data-id=\"2751cc01\" data-element_type=\"section\" data-e-type=\"section\">\n\t\t\t\t\t\t<div class=\"elementor-container elementor-column-gap-default\">\n\t\t\t\t\t<div class=\"elementor-column elementor-col-100 elementor-top-column elementor-element elementor-element-64cd15e2\" data-id=\"64cd15e2\" data-element_type=\"column\" data-e-type=\"column\">\n\t\t\t<div class=\"elementor-widget-wrap elementor-element-populated\">\n\t\t\t\t\t\t<div class=\"elementor-element elementor-element-35a283b8 elementor-widget elementor-widget-spacer\" data-id=\"35a283b8\" data-element_type=\"widget\" data-e-type=\"widget\" data-widget_type=\"spacer.default\">\n\t\t\t\t<div class=\"elementor-widget-container\">\n\t\t\t\t\t\t\t<div class=\"elementor-spacer\">\n\t\t\t<div class=\"elementor-spacer-inner\"><\/div>\n\t\t<\/div>\n\t\t\t\t\t\t<\/div>\n\t\t\t\t<\/div>\n\t\t\t\t<div class=\"elementor-element elementor-element-18fc395 elementor-widget elementor-widget-heading\" data-id=\"18fc395\" data-element_type=\"widget\" data-e-type=\"widget\" data-widget_type=\"heading.default\">\n\t\t\t\t<div class=\"elementor-widget-container\">\n\t\t\t\t\t<h1 class=\"elementor-heading-title elementor-size-default\">KBC Mietkaution<\/h1>\t\t\t\t<\/div>\n\t\t\t\t<\/div>\n\t\t\t\t<div class=\"elementor-element elementor-element-9e30730 elementor-widget elementor-widget-spacer\" data-id=\"9e30730\" data-element_type=\"widget\" data-e-type=\"widget\" data-widget_type=\"spacer.default\">\n\t\t\t\t<div class=\"elementor-widget-container\">\n\t\t\t\t\t\t\t<div class=\"elementor-spacer\">\n\t\t\t<div class=\"elementor-spacer-inner\"><\/div>\n\t\t<\/div>\n\t\t\t\t\t\t<\/div>\n\t\t\t\t<\/div>\n\t\t\t\t<div class=\"elementor-element elementor-element-769a92b elementor-widget elementor-widget-text-editor\" data-id=\"769a92b\" data-element_type=\"widget\" data-e-type=\"widget\" data-widget_type=\"text-editor.default\">\n\t\t\t\t<div class=\"elementor-widget-container\">\n\t\t\t\t\t\t\t\t\t<p>Die KBC ist eine der f\u00fchrenden Banken in Belgien. Sie ist sowohl im Bank- als auch im Versicherungsgesch\u00e4ft t\u00e4tig. Sie ist die zweitgr\u00f6\u00dfte Allfinanzgesellschaft in Belgien.  <\/p><p>In Belgien gibt es in den verschiedenen Gemeinden unterschiedliche Marken der Gruppe:<\/p><ul><li>Die KBC ist in Flandern und der Deutschsprachigen Gemeinschaft Belgiens vertreten;<\/li><li>Die KBC Brussels ist mit ihren Filialen nur in Br\u00fcssel vertreten;<\/li><li>Der Teil CBC Banken und Versicherungen ist auf die franz\u00f6sischsprachige Gemeinschaft Belgiens mit Ausnahme von Br\u00fcssel ausgerichtet;<\/li><\/ul><p> <\/p>\t\t\t\t\t\t\t\t<\/div>\n\t\t\t\t<\/div>\n\t\t\t\t\t<\/div>\n\t\t<\/div>\n\t\t\t\t\t<\/div>\n\t\t<\/section>\n\t\t\t\t<section class=\"elementor-section elementor-top-section elementor-element elementor-element-4d4f17c7 elementor-section-height-min-height elementor-section-content-middle elementor-section-boxed elementor-section-height-default elementor-section-items-middle\" data-id=\"4d4f17c7\" data-element_type=\"section\" data-e-type=\"section\" data-settings=\"{&quot;background_background&quot;:&quot;classic&quot;}\">\n\t\t\t\t\t\t<div class=\"elementor-container elementor-column-gap-default\">\n\t\t\t\t\t<div class=\"elementor-column elementor-col-100 elementor-top-column elementor-element elementor-element-3fdcdb4c\" data-id=\"3fdcdb4c\" data-element_type=\"column\" data-e-type=\"column\">\n\t\t\t<div class=\"elementor-widget-wrap elementor-element-populated\">\n\t\t\t\t\t\t<div class=\"elementor-element elementor-element-d32c274 elementor-widget elementor-widget-heading\" data-id=\"d32c274\" data-element_type=\"widget\" data-e-type=\"widget\" data-widget_type=\"heading.default\">\n\t\t\t\t<div class=\"elementor-widget-container\">\n\t\t\t\t\t<h2 class=\"elementor-heading-title elementor-size-default\">Was ist die KBC-Mietkaution?<\/h2>\t\t\t\t<\/div>\n\t\t\t\t<\/div>\n\t\t\t\t<div class=\"elementor-element elementor-element-fe3bbcd elementor-widget elementor-widget-text-editor\" data-id=\"fe3bbcd\" data-element_type=\"widget\" data-e-type=\"widget\" data-widget_type=\"text-editor.default\">\n\t\t\t\t<div class=\"elementor-widget-container\">\n\t\t\t\t\t\t\t\t\t<p>Das Prinzip der Einrichtung einer <span style=\"text-decoration: underline;\"><a href=\"https:\/\/garantie.be\/de\/mietkaution\/\">Mietkaution<\/a><\/span> wurde eingef\u00fchrt, um den Eigent\u00fcmer im Falle der Nichteinhaltung der Verpflichtungen aus dem Mietvertrag durch seine Mieter zu sch\u00fctzen. Diese Garantie deckt die finanziellen Risiken im Zusammenhang mit dem Mietverh\u00e4ltnis ab. Sie wird im Gesetz \u00fcber Wohnraummietvertr\u00e4ge erw\u00e4hnt, ist aber nicht obligatorisch. Die Mietkaution ist jedoch in den meisten Mietvertr\u00e4gen f\u00fcr Wohnraum vorgeschrieben. Um herauszufinden, ob Ihr Mietvertrag einer Mietkaution unterliegt, lesen Sie ihn einfach durch und finden Sie heraus, wie die Verpflichtungen des Mieters garantiert werden.    <\/p><p>Das Gesetz sieht vor, dass die Mietgarantie durch die Blockierung des Geldbetrages auf einem eigenen Bankkonto erbracht werden kann. Die <a href=\"https:\/\/www.kbcbrussels.be\/retail\/en.html\">KBC Bank<\/a> bietet in Belgien diesen Service der Er\u00f6ffnung eines speziellen Bankkontos f\u00fcr die Mietgarantie an. Das bei der KBC Bank er\u00f6ffnete Konto, auf dem der Garantiebetrag hinterlegt wird, l\u00e4uft auf den Namen des Mieters. Das Konto wird bis zum Ende des Mietverh\u00e4ltnisses oder bis zu einer vorherigen Vereinbarung zwischen Mieter und Vermieter \u00fcber die Freigabe der Mietkaution bei der KBC Bank blockiert.   <\/p>\t\t\t\t\t\t\t\t<\/div>\n\t\t\t\t<\/div>\n\t\t\t\t\t<\/div>\n\t\t<\/div>\n\t\t\t\t\t<\/div>\n\t\t<\/section>\n\t\t\t\t<section class=\"elementor-section elementor-top-section elementor-element elementor-element-2e762e6a elementor-section-content-middle elementor-section-height-min-height elementor-section-items-stretch elementor-section-boxed elementor-section-height-default\" data-id=\"2e762e6a\" data-element_type=\"section\" data-e-type=\"section\">\n\t\t\t\t\t\t<div class=\"elementor-container elementor-column-gap-default\">\n\t\t\t\t\t<div class=\"elementor-column elementor-col-100 elementor-top-column elementor-element elementor-element-36480fa9\" data-id=\"36480fa9\" data-element_type=\"column\" data-e-type=\"column\" data-settings=\"{&quot;background_background&quot;:&quot;classic&quot;}\">\n\t\t\t<div class=\"elementor-widget-wrap elementor-element-populated\">\n\t\t\t\t\t\t<div class=\"elementor-element elementor-element-aa60c0 elementor-widget elementor-widget-image\" data-id=\"aa60c0\" data-element_type=\"widget\" data-e-type=\"widget\" data-widget_type=\"image.default\">\n\t\t\t\t<div class=\"elementor-widget-container\">\n\t\t\t\t\t\t\t\t\t\t\t\t\t\t\t<img decoding=\"async\" src=\"https:\/\/garantie.be\/wp-content\/uploads\/elementor\/thumbs\/Logo-2-garantie-alone-1-pe5xec7dnfsf8cs3rtfffen34plb9ip2rjyfhjeqd0.jpg\" title=\"garantien\" alt=\"garantie\" loading=\"lazy\" \/>\t\t\t\t\t\t\t\t\t\t\t\t\t\t\t<\/div>\n\t\t\t\t<\/div>\n\t\t\t\t<div class=\"elementor-element elementor-element-35759006 elementor-widget elementor-widget-text-editor\" data-id=\"35759006\" data-element_type=\"widget\" data-e-type=\"widget\" data-widget_type=\"text-editor.default\">\n\t\t\t\t<div class=\"elementor-widget-container\">\n\t\t\t\t\t\t\t\t\t<p>F\u00fcllen Sie unser Online-Formular aus, um Ihre Mietkaution innerhalb weniger Stunden zu erhalten. Sie m\u00fcssen kein Geld blockieren, da wir wie eine Mietkaution funktionieren. <span style=\"text-decoration: underline;\"><a href=\"https:\/\/garantie.be\/de\/mietkaution-bankburgschaft\/\">Mietkaution auf Bankbasis<\/a><\/span>. <\/p>\t\t\t\t\t\t\t\t<\/div>\n\t\t\t\t<\/div>\n\t\t\t\t<div class=\"elementor-element elementor-element-73d207d8 elementor-mobile-align-center elementor-align-center elementor-widget elementor-widget-button\" data-id=\"73d207d8\" data-element_type=\"widget\" data-e-type=\"widget\" data-widget_type=\"button.default\">\n\t\t\t\t<div class=\"elementor-widget-container\">\n\t\t\t\t\t\t\t\t\t<div class=\"elementor-button-wrapper\">\n\t\t\t\t\t<a class=\"elementor-button elementor-button-link elementor-size-sm\" href=\"https:\/\/account.garantie.be\/en\/register\/lease\">\n\t\t\t\t\t\t<span class=\"elementor-button-content-wrapper\">\n\t\t\t\t\t\t\t\t\t<span class=\"elementor-button-text\">Formular Mietkaution<\/span>\n\t\t\t\t\t<\/span>\n\t\t\t\t\t<\/a>\n\t\t\t\t<\/div>\n\t\t\t\t\t\t\t\t<\/div>\n\t\t\t\t<\/div>\n\t\t\t\t\t<\/div>\n\t\t<\/div>\n\t\t\t\t\t<\/div>\n\t\t<\/section>\n\t\t\t\t<section class=\"elementor-section elementor-top-section elementor-element elementor-element-0d27928 elementor-section-height-min-height elementor-section-content-middle elementor-section-boxed elementor-section-height-default elementor-section-items-middle\" data-id=\"0d27928\" data-element_type=\"section\" data-e-type=\"section\" data-settings=\"{&quot;background_background&quot;:&quot;classic&quot;}\">\n\t\t\t\t\t\t<div class=\"elementor-container elementor-column-gap-default\">\n\t\t\t\t\t<div class=\"elementor-column elementor-col-100 elementor-top-column elementor-element elementor-element-71daf8a\" data-id=\"71daf8a\" data-element_type=\"column\" data-e-type=\"column\">\n\t\t\t<div class=\"elementor-widget-wrap elementor-element-populated\">\n\t\t\t\t\t\t<div class=\"elementor-element elementor-element-51591b1 elementor-widget elementor-widget-heading\" data-id=\"51591b1\" data-element_type=\"widget\" data-e-type=\"widget\" data-widget_type=\"heading.default\">\n\t\t\t\t<div class=\"elementor-widget-container\">\n\t\t\t\t\t<h2 class=\"elementor-heading-title elementor-size-default\">Wie funktioniert die KBC-Mietkaution?<\/h2>\t\t\t\t<\/div>\n\t\t\t\t<\/div>\n\t\t\t\t<div class=\"elementor-element elementor-element-adff136 elementor-widget elementor-widget-text-editor\" data-id=\"adff136\" data-element_type=\"widget\" data-e-type=\"widget\" data-widget_type=\"text-editor.default\">\n\t\t\t\t<div class=\"elementor-widget-container\">\n\t\t\t\t\t\t\t\t\t<p>Die Mietkaution bei KBC besteht aus einem <strong>Sperrkonto<\/strong>, das auf den Namen des Mieters er\u00f6ffnet wird. Der Mieter zahlt den vom Vermieter geforderten Betrag von 2 oder 3 Monatsmieten auf dieses Konto ein, \u00fcber das er w\u00e4hrend der gesamten Dauer des Mietverh\u00e4ltnisses nicht verf\u00fcgen kann. Das Konto ist sicher und kann ohne schriftliche Zustimmung beider Parteien nicht bewegt werden. Am Ende des Mietverh\u00e4ltnisses <span style=\"text-decoration: underline;\"><a href=\"https:\/\/garantie.be\/de\/vermietung-von-immobilien\/\">des Mietvertrages ist das Konto voll<\/a><\/span>. Nach Ablauf des Mietvertrags kann das Geld ganz oder teilweise freigegeben werden, je nach dem, was der Mieter w\u00fcnscht. <span style=\"text-decoration: underline;\"><a href=\"https:\/\/garantie.be\/de\/bestandsaufnahme-bei-mietabschluss\/\">dem Zustand der Wohnung beim Auszug<\/a><\/span> und eventuellen Mietschulden.   <\/p>\t\t\t\t\t\t\t\t<\/div>\n\t\t\t\t<\/div>\n\t\t\t\t<div class=\"elementor-element elementor-element-9ed9136 elementor-widget elementor-widget-heading\" data-id=\"9ed9136\" data-element_type=\"widget\" data-e-type=\"widget\" data-widget_type=\"heading.default\">\n\t\t\t\t<div class=\"elementor-widget-container\">\n\t\t\t\t\t<h2 class=\"elementor-heading-title elementor-size-default\">Kann die KBC-Mietkaution online abgeschlossen werden?<\/h2>\t\t\t\t<\/div>\n\t\t\t\t<\/div>\n\t\t\t\t<div class=\"elementor-element elementor-element-121f667 elementor-widget elementor-widget-text-editor\" data-id=\"121f667\" data-element_type=\"widget\" data-e-type=\"widget\" data-widget_type=\"text-editor.default\">\n\t\t\t\t<div class=\"elementor-widget-container\">\n\t\t\t\t\t\t\t\t\t<p>Ja, KBC bietet die M\u00f6glichkeit, eine Mietkaution zu hinterlegen. <a href=\"https:\/\/garantie.be\/de\/online-mietkaution\/\"><span style=\"text-decoration: underline;\">Online-Mietkaution<\/span><\/a>Voraussetzung ist, dass Sie bereits Kunde der Bank sind. Der Prozess kann \u00fcber die mobile Anwendung oder die Website gestartet werden, wobei der Mietvertrag elektronisch best\u00e4tigt werden muss. <span style=\"text-decoration: underline;\"><a href=\"https:\/\/garantie.be\/de\/vermietung-von-immobilien\/\">Mietvertrags.<\/a><\/span> und der Betr\u00e4ge. Bei der ersten Kontoer\u00f6ffnung oder einem komplexen Antrag kann jedoch ein Termin in der Filiale erforderlich sein.  <\/p>\t\t\t\t\t\t\t\t<\/div>\n\t\t\t\t<\/div>\n\t\t\t\t<div class=\"elementor-element elementor-element-fc96dc1 elementor-widget elementor-widget-heading\" data-id=\"fc96dc1\" data-element_type=\"widget\" data-e-type=\"widget\" data-widget_type=\"heading.default\">\n\t\t\t\t<div class=\"elementor-widget-container\">\n\t\t\t\t\t<h2 class=\"elementor-heading-title elementor-size-default\">Wie lange dauert es, bis ich bei KBC eine Mietkaution hinterlegen kann?<\/h2>\t\t\t\t<\/div>\n\t\t\t\t<\/div>\n\t\t\t\t<div class=\"elementor-element elementor-element-158b447 elementor-widget elementor-widget-text-editor\" data-id=\"158b447\" data-element_type=\"widget\" data-e-type=\"widget\" data-widget_type=\"text-editor.default\">\n\t\t\t\t<div class=\"elementor-widget-container\">\n\t\t\t\t\t\t\t\t\t<p>Die Frist f\u00fcr die Einrichtung einer Mietkaution bei KBC h\u00e4ngt haupts\u00e4chlich von der Verf\u00fcgbarkeit der Gelder des Mieters und der Vollst\u00e4ndigkeit der Unterlagen ab. Wenn alles in Ordnung ist und der Kunde bereits \u00fcber ein KBC-Konto verf\u00fcgt,<strong> kann die Kaution innerhalb von 24 bis 48 Stunden gestellt werden<\/strong>. <\/p><p>Bei neuen Kunden oder unvollst\u00e4ndigen Unterlagen<strong> kann der Prozess jedoch bis zu einer Woche dauern<\/strong>.<\/p>\t\t\t\t\t\t\t\t<\/div>\n\t\t\t\t<\/div>\n\t\t\t\t<div class=\"elementor-element elementor-element-057584a elementor-widget elementor-widget-heading\" data-id=\"057584a\" data-element_type=\"widget\" data-e-type=\"widget\" data-widget_type=\"heading.default\">\n\t\t\t\t<div class=\"elementor-widget-container\">\n\t\t\t\t\t<h2 class=\"elementor-heading-title elementor-size-default\">Vorzeitige Freigabe der KBC-Mietkaution<\/h2>\t\t\t\t<\/div>\n\t\t\t\t<\/div>\n\t\t\t\t<div class=\"elementor-element elementor-element-fe4defc elementor-widget elementor-widget-text-editor\" data-id=\"fe4defc\" data-element_type=\"widget\" data-e-type=\"widget\" data-widget_type=\"text-editor.default\">\n\t\t\t\t<div class=\"elementor-widget-container\">\n\t\t\t\t\t\t\t\t\t<p>Es ist m\u00f6glich, die Freigabe der auf Ihrem KBC-Konto gesperrten Mittel vor dem Ende des Mietvertrages zu erhalten. Um die bei KBC im Rahmen der Mietkaution gesperrten Gelder zur\u00fcckzuerhalten, lesen Sie unseren Artikel \u00fcber die R\u00fcckerstattung der Mietgarantie. <span style=\"text-decoration: underline;\"><a href=\"https:\/\/garantie.be\/de\/mietkaution-freigabe-online-formular\/\">Freigabe der Mietkaution<\/a><\/span>. <\/p>\t\t\t\t\t\t\t\t<\/div>\n\t\t\t\t<\/div>\n\t\t\t\t\t<\/div>\n\t\t<\/div>\n\t\t\t\t\t<\/div>\n\t\t<\/section>\n\t\t\t\t<\/div>\n\t\t","protected":false},"excerpt":{"rendered":"<p>KBC Mietkaution Die KBC ist eine der f\u00fchrenden Banken in Belgien. Sie ist sowohl im Bank- als auch im Versicherungsgesch\u00e4ft t\u00e4tig. Sie ist die zweitgr\u00f6\u00dfte Allfinanzgesellschaft in Belgien. In Belgien gibt es in den verschiedenen Gemeinden unterschiedliche Marken der Gruppe: Die KBC ist in Flandern und der Deutschsprachigen Gemeinschaft Belgiens vertreten; Die KBC Brussels ist [&hellip;]<\/p>\n","protected":false},"author":1,"featured_media":0,"parent":0,"menu_order":0,"comment_status":"closed","ping_status":"closed","template":"","meta":{"footnotes":""},"class_list":["post-2931","page","type-page","status-publish","hentry"],"yoast_head":"<!-- This site is optimized with the Yoast SEO plugin v27.4 - https:\/\/yoast.com\/product\/yoast-seo-wordpress\/ -->\n<title>Mietkaution KBC Online Bank | Sperrkonto<\/title>\n<meta name=\"description\" content=\"Hier finden Sie alle Informationen \u00fcber die Mietkaution der KBC Bank. Hier erfahren Sie, wie das Verfahren abl\u00e4uft und welche Fristen gelten.\" \/>\n<meta name=\"robots\" content=\"index, follow, max-snippet:-1, max-image-preview:large, max-video-preview:-1\" \/>\n<link rel=\"canonical\" href=\"https:\/\/garantie.be\/de\/kbc-mietkaution\/\" \/>\n<meta property=\"og:locale\" content=\"de_DE\" \/>\n<meta property=\"og:type\" content=\"article\" \/>\n<meta property=\"og:title\" content=\"Mietkaution KBC Online Bank | Sperrkonto\" \/>\n<meta property=\"og:description\" content=\"Hier finden Sie alle Informationen \u00fcber die Mietkaution der KBC Bank. Hier erfahren Sie, wie das Verfahren abl\u00e4uft und welche Fristen gelten.\" \/>\n<meta property=\"og:url\" content=\"https:\/\/garantie.be\/de\/kbc-mietkaution\/\" \/>\n<meta property=\"og:site_name\" content=\"Garantie\" \/>\n<meta property=\"article:modified_time\" content=\"2025-05-05T07:08:51+00:00\" \/>\n<meta property=\"og:image\" content=\"https:\/\/garantie.be\/wp-content\/uploads\/elementor\/thumbs\/Logo-2-garantie-alone-1-pe5xec7dnfsf8cs3rtfffen34plb9ip2rjyfhjeqd0.jpg\" \/>\n<meta name=\"twitter:card\" content=\"summary_large_image\" \/>\n<meta name=\"twitter:label1\" content=\"Gesch\u00e4tzte Lesezeit\" \/>\n\t<meta name=\"twitter:data1\" content=\"2\u00a0Minuten\" \/>\n<script type=\"application\/ld+json\" class=\"yoast-schema-graph\">{\"@context\":\"https:\\\/\\\/schema.org\",\"@graph\":[{\"@type\":\"WebPage\",\"@id\":\"https:\\\/\\\/garantie.be\\\/de\\\/kbc-mietkaution\\\/\",\"url\":\"https:\\\/\\\/garantie.be\\\/de\\\/kbc-mietkaution\\\/\",\"name\":\"Mietkaution KBC Online Bank | Sperrkonto\",\"isPartOf\":{\"@id\":\"https:\\\/\\\/garantie.be\\\/de\\\/#website\"},\"primaryImageOfPage\":{\"@id\":\"https:\\\/\\\/garantie.be\\\/de\\\/kbc-mietkaution\\\/#primaryimage\"},\"image\":{\"@id\":\"https:\\\/\\\/garantie.be\\\/de\\\/kbc-mietkaution\\\/#primaryimage\"},\"thumbnailUrl\":\"https:\\\/\\\/garantie.be\\\/wp-content\\\/uploads\\\/elementor\\\/thumbs\\\/Logo-2-garantie-alone-1-pe5xec7dnfsf8cs3rtfffen34plb9ip2rjyfhjeqd0.jpg\",\"datePublished\":\"2021-04-01T13:51:53+00:00\",\"dateModified\":\"2025-05-05T07:08:51+00:00\",\"description\":\"Hier finden Sie alle Informationen \u00fcber die Mietkaution der KBC Bank. Hier erfahren Sie, wie das Verfahren abl\u00e4uft und welche Fristen gelten.\",\"breadcrumb\":{\"@id\":\"https:\\\/\\\/garantie.be\\\/de\\\/kbc-mietkaution\\\/#breadcrumb\"},\"inLanguage\":\"de\",\"potentialAction\":[{\"@type\":\"ReadAction\",\"target\":[\"https:\\\/\\\/garantie.be\\\/de\\\/kbc-mietkaution\\\/\"]}]},{\"@type\":\"ImageObject\",\"inLanguage\":\"de\",\"@id\":\"https:\\\/\\\/garantie.be\\\/de\\\/kbc-mietkaution\\\/#primaryimage\",\"url\":\"https:\\\/\\\/garantie.be\\\/wp-content\\\/uploads\\\/elementor\\\/thumbs\\\/Logo-2-garantie-alone-1-pe5xec7dnfsf8cs3rtfffen34plb9ip2rjyfhjeqd0.jpg\",\"contentUrl\":\"https:\\\/\\\/garantie.be\\\/wp-content\\\/uploads\\\/elementor\\\/thumbs\\\/Logo-2-garantie-alone-1-pe5xec7dnfsf8cs3rtfffen34plb9ip2rjyfhjeqd0.jpg\"},{\"@type\":\"BreadcrumbList\",\"@id\":\"https:\\\/\\\/garantie.be\\\/de\\\/kbc-mietkaution\\\/#breadcrumb\",\"itemListElement\":[{\"@type\":\"ListItem\",\"position\":1,\"name\":\"Accueil\",\"item\":\"https:\\\/\\\/garantie.be\\\/de\\\/\"},{\"@type\":\"ListItem\",\"position\":2,\"name\":\"KBC Mietkaution\"}]},{\"@type\":\"WebSite\",\"@id\":\"https:\\\/\\\/garantie.be\\\/de\\\/#website\",\"url\":\"https:\\\/\\\/garantie.be\\\/de\\\/\",\"name\":\"Garantie\",\"description\":\"\",\"publisher\":{\"@id\":\"https:\\\/\\\/garantie.be\\\/de\\\/#organization\"},\"potentialAction\":[{\"@type\":\"SearchAction\",\"target\":{\"@type\":\"EntryPoint\",\"urlTemplate\":\"https:\\\/\\\/garantie.be\\\/de\\\/?s={search_term_string}\"},\"query-input\":{\"@type\":\"PropertyValueSpecification\",\"valueRequired\":true,\"valueName\":\"search_term_string\"}}],\"inLanguage\":\"de\"},{\"@type\":\"Organization\",\"@id\":\"https:\\\/\\\/garantie.be\\\/de\\\/#organization\",\"name\":\"Garantie.be\",\"url\":\"https:\\\/\\\/garantie.be\\\/de\\\/\",\"logo\":{\"@type\":\"ImageObject\",\"inLanguage\":\"de\",\"@id\":\"https:\\\/\\\/garantie.be\\\/de\\\/#\\\/schema\\\/logo\\\/image\\\/\",\"url\":\"\",\"contentUrl\":\"\",\"caption\":\"Garantie.be\"},\"image\":{\"@id\":\"https:\\\/\\\/garantie.be\\\/de\\\/#\\\/schema\\\/logo\\\/image\\\/\"}}]}<\/script>\n<!-- \/ Yoast SEO plugin. -->","yoast_head_json":{"title":"Mietkaution KBC Online Bank | Sperrkonto","description":"Hier finden Sie alle Informationen \u00fcber die Mietkaution der KBC Bank. Hier erfahren Sie, wie das Verfahren abl\u00e4uft und welche Fristen gelten.","robots":{"index":"index","follow":"follow","max-snippet":"max-snippet:-1","max-image-preview":"max-image-preview:large","max-video-preview":"max-video-preview:-1"},"canonical":"https:\/\/garantie.be\/de\/kbc-mietkaution\/","og_locale":"de_DE","og_type":"article","og_title":"Mietkaution KBC Online Bank | Sperrkonto","og_description":"Hier finden Sie alle Informationen \u00fcber die Mietkaution der KBC Bank. Hier erfahren Sie, wie das Verfahren abl\u00e4uft und welche Fristen gelten.","og_url":"https:\/\/garantie.be\/de\/kbc-mietkaution\/","og_site_name":"Garantie","article_modified_time":"2025-05-05T07:08:51+00:00","og_image":[{"url":"https:\/\/garantie.be\/wp-content\/uploads\/elementor\/thumbs\/Logo-2-garantie-alone-1-pe5xec7dnfsf8cs3rtfffen34plb9ip2rjyfhjeqd0.jpg","type":"","width":"","height":""}],"twitter_card":"summary_large_image","twitter_misc":{"Gesch\u00e4tzte Lesezeit":"2\u00a0Minuten"},"schema":{"@context":"https:\/\/schema.org","@graph":[{"@type":"WebPage","@id":"https:\/\/garantie.be\/de\/kbc-mietkaution\/","url":"https:\/\/garantie.be\/de\/kbc-mietkaution\/","name":"Mietkaution KBC Online Bank | Sperrkonto","isPartOf":{"@id":"https:\/\/garantie.be\/de\/#website"},"primaryImageOfPage":{"@id":"https:\/\/garantie.be\/de\/kbc-mietkaution\/#primaryimage"},"image":{"@id":"https:\/\/garantie.be\/de\/kbc-mietkaution\/#primaryimage"},"thumbnailUrl":"https:\/\/garantie.be\/wp-content\/uploads\/elementor\/thumbs\/Logo-2-garantie-alone-1-pe5xec7dnfsf8cs3rtfffen34plb9ip2rjyfhjeqd0.jpg","datePublished":"2021-04-01T13:51:53+00:00","dateModified":"2025-05-05T07:08:51+00:00","description":"Hier finden Sie alle Informationen \u00fcber die Mietkaution der KBC Bank. Hier erfahren Sie, wie das Verfahren abl\u00e4uft und welche Fristen gelten.","breadcrumb":{"@id":"https:\/\/garantie.be\/de\/kbc-mietkaution\/#breadcrumb"},"inLanguage":"de","potentialAction":[{"@type":"ReadAction","target":["https:\/\/garantie.be\/de\/kbc-mietkaution\/"]}]},{"@type":"ImageObject","inLanguage":"de","@id":"https:\/\/garantie.be\/de\/kbc-mietkaution\/#primaryimage","url":"https:\/\/garantie.be\/wp-content\/uploads\/elementor\/thumbs\/Logo-2-garantie-alone-1-pe5xec7dnfsf8cs3rtfffen34plb9ip2rjyfhjeqd0.jpg","contentUrl":"https:\/\/garantie.be\/wp-content\/uploads\/elementor\/thumbs\/Logo-2-garantie-alone-1-pe5xec7dnfsf8cs3rtfffen34plb9ip2rjyfhjeqd0.jpg"},{"@type":"BreadcrumbList","@id":"https:\/\/garantie.be\/de\/kbc-mietkaution\/#breadcrumb","itemListElement":[{"@type":"ListItem","position":1,"name":"Accueil","item":"https:\/\/garantie.be\/de\/"},{"@type":"ListItem","position":2,"name":"KBC Mietkaution"}]},{"@type":"WebSite","@id":"https:\/\/garantie.be\/de\/#website","url":"https:\/\/garantie.be\/de\/","name":"Garantie","description":"","publisher":{"@id":"https:\/\/garantie.be\/de\/#organization"},"potentialAction":[{"@type":"SearchAction","target":{"@type":"EntryPoint","urlTemplate":"https:\/\/garantie.be\/de\/?s={search_term_string}"},"query-input":{"@type":"PropertyValueSpecification","valueRequired":true,"valueName":"search_term_string"}}],"inLanguage":"de"},{"@type":"Organization","@id":"https:\/\/garantie.be\/de\/#organization","name":"Garantie.be","url":"https:\/\/garantie.be\/de\/","logo":{"@type":"ImageObject","inLanguage":"de","@id":"https:\/\/garantie.be\/de\/#\/schema\/logo\/image\/","url":"","contentUrl":"","caption":"Garantie.be"},"image":{"@id":"https:\/\/garantie.be\/de\/#\/schema\/logo\/image\/"}}]}},"_links":{"self":[{"href":"https:\/\/garantie.be\/de\/wp-json\/wp\/v2\/pages\/2931","targetHints":{"allow":["GET"]}}],"collection":[{"href":"https:\/\/garantie.be\/de\/wp-json\/wp\/v2\/pages"}],"about":[{"href":"https:\/\/garantie.be\/de\/wp-json\/wp\/v2\/types\/page"}],"author":[{"embeddable":true,"href":"https:\/\/garantie.be\/de\/wp-json\/wp\/v2\/users\/1"}],"replies":[{"embeddable":true,"href":"https:\/\/garantie.be\/de\/wp-json\/wp\/v2\/comments?post=2931"}],"version-history":[{"count":0,"href":"https:\/\/garantie.be\/de\/wp-json\/wp\/v2\/pages\/2931\/revisions"}],"wp:attachment":[{"href":"https:\/\/garantie.be\/de\/wp-json\/wp\/v2\/media?parent=2931"}],"curies":[{"name":"wp","href":"https:\/\/api.w.org\/{rel}","templated":true}]}}