{"id":2942,"date":"2021-04-01T16:07:27","date_gmt":"2021-04-01T14:07:27","guid":{"rendered":"https:\/\/garantie.be\/mietgarantie-in-wallonien\/"},"modified":"2025-10-09T09:57:28","modified_gmt":"2025-10-09T07:57:28","slug":"mietkaution-in-wallonien","status":"publish","type":"page","link":"https:\/\/garantie.be\/de\/mietkaution-in-wallonien\/","title":{"rendered":"Mietkaution Wallonien"},"content":{"rendered":"\t\t<div data-elementor-type=\"wp-page\" data-elementor-id=\"2942\" class=\"elementor elementor-2942 elementor-139\" data-elementor-post-type=\"page\">\n\t\t\t\t\t\t<section class=\"elementor-section elementor-top-section elementor-element elementor-element-5bc74497 elementor-section-boxed elementor-section-height-default elementor-section-height-default\" data-id=\"5bc74497\" data-element_type=\"section\" data-e-type=\"section\">\n\t\t\t\t\t\t<div class=\"elementor-container elementor-column-gap-default\">\n\t\t\t\t\t<div class=\"elementor-column elementor-col-100 elementor-top-column elementor-element elementor-element-2cac1886\" data-id=\"2cac1886\" data-element_type=\"column\" data-e-type=\"column\">\n\t\t\t<div class=\"elementor-widget-wrap elementor-element-populated\">\n\t\t\t\t\t\t<div class=\"elementor-element elementor-element-99d3ab5 elementor-widget elementor-widget-spacer\" data-id=\"99d3ab5\" data-element_type=\"widget\" data-e-type=\"widget\" data-widget_type=\"spacer.default\">\n\t\t\t\t<div class=\"elementor-widget-container\">\n\t\t\t\t\t\t\t<div class=\"elementor-spacer\">\n\t\t\t<div class=\"elementor-spacer-inner\"><\/div>\n\t\t<\/div>\n\t\t\t\t\t\t<\/div>\n\t\t\t\t<\/div>\n\t\t\t\t<div class=\"elementor-element elementor-element-2565365c elementor-widget elementor-widget-heading\" data-id=\"2565365c\" data-element_type=\"widget\" data-e-type=\"widget\" data-widget_type=\"heading.default\">\n\t\t\t\t<div class=\"elementor-widget-container\">\n\t\t\t\t\t<h1 class=\"elementor-heading-title elementor-size-default\">Mietkaution\n<b><br>in Wallonien<\/b><\/h1>\t\t\t\t<\/div>\n\t\t\t\t<\/div>\n\t\t\t\t\t<\/div>\n\t\t<\/div>\n\t\t\t\t\t<\/div>\n\t\t<\/section>\n\t\t\t\t<section class=\"elementor-section elementor-top-section elementor-element elementor-element-c4a270b elementor-section-boxed elementor-section-height-default elementor-section-height-default\" data-id=\"c4a270b\" data-element_type=\"section\" data-e-type=\"section\">\n\t\t\t\t\t\t<div class=\"elementor-container elementor-column-gap-default\">\n\t\t\t\t\t<div class=\"elementor-column elementor-col-100 elementor-top-column elementor-element elementor-element-d89eed6\" data-id=\"d89eed6\" data-element_type=\"column\" data-e-type=\"column\">\n\t\t\t<div class=\"elementor-widget-wrap elementor-element-populated\">\n\t\t\t\t\t\t<div class=\"elementor-element elementor-element-be9792a elementor-widget elementor-widget-image\" data-id=\"be9792a\" data-element_type=\"widget\" data-e-type=\"widget\" data-widget_type=\"image.default\">\n\t\t\t\t<div class=\"elementor-widget-container\">\n\t\t\t\t\t\t\t\t\t\t\t\t\t\t\t<img decoding=\"async\" width=\"300\" height=\"94\" src=\"https:\/\/garantie.be\/wp-content\/uploads\/2021\/09\/Garantie-locative-Wallonie-300x94.jpg\" class=\"attachment-medium size-medium wp-image-13940\" alt=\"Mietgarantie Wallonien\" srcset=\"https:\/\/garantie.be\/wp-content\/uploads\/2021\/09\/Garantie-locative-Wallonie-300x94.jpg 300w, https:\/\/garantie.be\/wp-content\/uploads\/2021\/09\/Garantie-locative-Wallonie-1024x320.jpg 1024w, https:\/\/garantie.be\/wp-content\/uploads\/2021\/09\/Garantie-locative-Wallonie-768x240.jpg 768w, https:\/\/garantie.be\/wp-content\/uploads\/2021\/09\/Garantie-locative-Wallonie-1536x481.jpg 1536w, https:\/\/garantie.be\/wp-content\/uploads\/2021\/09\/Garantie-locative-Wallonie-2048x641.jpg 2048w\" sizes=\"(max-width: 300px) 100vw, 300px\" \/>\t\t\t\t\t\t\t\t\t\t\t\t\t\t\t<\/div>\n\t\t\t\t<\/div>\n\t\t\t\t\t<\/div>\n\t\t<\/div>\n\t\t\t\t\t<\/div>\n\t\t<\/section>\n\t\t\t\t<section class=\"elementor-section elementor-top-section elementor-element elementor-element-64e32d58 elementor-section-boxed elementor-section-height-default elementor-section-height-default\" data-id=\"64e32d58\" data-element_type=\"section\" data-e-type=\"section\">\n\t\t\t\t\t\t<div class=\"elementor-container elementor-column-gap-default\">\n\t\t\t\t\t<div class=\"elementor-column elementor-col-100 elementor-top-column elementor-element elementor-element-6b014f8e\" data-id=\"6b014f8e\" data-element_type=\"column\" data-e-type=\"column\">\n\t\t\t<div class=\"elementor-widget-wrap elementor-element-populated\">\n\t\t\t\t\t\t<div class=\"elementor-element elementor-element-13c8e54 elementor-widget elementor-widget-spacer\" data-id=\"13c8e54\" data-element_type=\"widget\" data-e-type=\"widget\" data-widget_type=\"spacer.default\">\n\t\t\t\t<div class=\"elementor-widget-container\">\n\t\t\t\t\t\t\t<div class=\"elementor-spacer\">\n\t\t\t<div class=\"elementor-spacer-inner\"><\/div>\n\t\t<\/div>\n\t\t\t\t\t\t<\/div>\n\t\t\t\t<\/div>\n\t\t\t\t<div class=\"elementor-element elementor-element-f30fd29 elementor-widget elementor-widget-text-editor\" data-id=\"f30fd29\" data-element_type=\"widget\" data-e-type=\"widget\" data-widget_type=\"text-editor.default\">\n\t\t\t\t<div class=\"elementor-widget-container\">\n\t\t\t\t\t\t\t\t\t<p><span style=\"font-weight: 400;\"><strong>Um innerhalb weniger Stundeneine Bescheinigung \u00fcber eine Mietkaution f\u00fcr eine Wohnung in Wallonien zu erhalten<\/strong>, f\u00fcllen Sie einfach das Formular aus, indem Sie auf <\/span><span style=\"text-decoration: underline;\"><a href=\"https:\/\/garantie.be\/de\/online-mietkaution\/\"><span style=\"font-weight: 400;\">Mietkaution online<\/span><\/a><\/span><span style=\"font-weight: 400;\">.<\/span><\/p>\t\t\t\t\t\t\t\t<\/div>\n\t\t\t\t<\/div>\n\t\t\t\t<div class=\"elementor-element elementor-element-2abaa16 elementor-widget elementor-widget-heading\" data-id=\"2abaa16\" data-element_type=\"widget\" data-e-type=\"widget\" data-widget_type=\"heading.default\">\n\t\t\t\t<div class=\"elementor-widget-container\">\n\t\t\t\t\t<h2 class=\"elementor-heading-title elementor-size-default\">Was ist die Mietkaution in Wallonien?<\/h2>\t\t\t\t<\/div>\n\t\t\t\t<\/div>\n\t\t\t\t<div class=\"elementor-element elementor-element-74ed970 elementor-widget elementor-widget-text-editor\" data-id=\"74ed970\" data-element_type=\"widget\" data-e-type=\"widget\" data-widget_type=\"text-editor.default\">\n\t\t\t\t<div class=\"elementor-widget-container\">\n\t\t\t\t\t\t\t\t\t<p>Die Regeln f\u00fcr die <span style=\"text-decoration: underline;\"><a href=\"https:\/\/garantie.be\/de\/mietkaution\/\">Mietkaution<\/a><\/span> haben sich in den letzten Jahren in Belgien ge\u00e4ndert. Seit 2018 haben die drei belgischen Regionen ihre eigenen Regeln f\u00fcr Wohnraummietvertr\u00e4ge festgelegt. <strong>Von nun an haben die regionalen Regelungen Vorrang vor den f\u00f6deralen Gesetzen<\/strong>. <\/p><p>In Bezug auf die Mietkaution hat jede der drei Regionen ihre eigenen Regeln. Der gesetzliche H\u00f6chstbetrag, der f\u00fcr die Mietkaution verlangt wird, h\u00e4ngt von der jeweiligen Region ab. Die Mietsicherheit ist nicht gesetzlich vorgeschrieben, aber die meisten Vertr\u00e4ge f\u00fcr Hauptwohnsitze sehen sie vor.  <\/p><p>Um mehr \u00fcber die Besonderheiten der Region Br\u00fcssel zu erfahren, lesen Sie bitte unseren Artikel \u00fcber die Mietkaution. <span style=\"text-decoration: underline;\"><a href=\"https:\/\/garantie.be\/de\/mietkaution-brussels-capital\/\">Mietkaution Br\u00fcssel<\/a><\/span>. Um die neuen Wohnvorschriften in Flandern zu verstehen, lesen Sie bitte unseren Artikel \u00fcber die Mietsicherheit in Flandern. <span style=\"text-decoration: underline;\"><a href=\"https:\/\/garantie.be\/de\/mietkaution-flandern\/\">Mietkaution in Flandern<\/a><\/span>. <\/p>\t\t\t\t\t\t\t\t<\/div>\n\t\t\t\t<\/div>\n\t\t\t\t\t<\/div>\n\t\t<\/div>\n\t\t\t\t\t<\/div>\n\t\t<\/section>\n\t\t\t\t<section class=\"elementor-section elementor-top-section elementor-element elementor-element-ae07407 elementor-section-content-middle elementor-section-height-min-height elementor-section-items-stretch elementor-section-boxed elementor-section-height-default\" data-id=\"ae07407\" data-element_type=\"section\" data-e-type=\"section\">\n\t\t\t\t\t\t<div class=\"elementor-container elementor-column-gap-no\">\n\t\t\t\t\t<div class=\"elementor-column elementor-col-100 elementor-top-column elementor-element elementor-element-2a538177\" data-id=\"2a538177\" data-element_type=\"column\" data-e-type=\"column\" data-settings=\"{&quot;background_background&quot;:&quot;classic&quot;}\">\n\t\t\t<div class=\"elementor-widget-wrap elementor-element-populated\">\n\t\t\t\t\t\t<div class=\"elementor-element elementor-element-2b436069 elementor-widget elementor-widget-image\" data-id=\"2b436069\" data-element_type=\"widget\" data-e-type=\"widget\" data-widget_type=\"image.default\">\n\t\t\t\t<div class=\"elementor-widget-container\">\n\t\t\t\t\t\t\t\t\t\t\t\t\t\t\t<img decoding=\"async\" src=\"https:\/\/garantie.be\/wp-content\/uploads\/elementor\/thumbs\/Logo-2-garantie-alone-1-pe5xec7dnfsf8cs3rtfffen34plb9ip2rjyfhjeqd0.jpg\" title=\"garantien\" alt=\"garantie\" loading=\"lazy\" \/>\t\t\t\t\t\t\t\t\t\t\t\t\t\t\t<\/div>\n\t\t\t\t<\/div>\n\t\t\t\t<div class=\"elementor-element elementor-element-73b21705 elementor-widget elementor-widget-text-editor\" data-id=\"73b21705\" data-element_type=\"widget\" data-e-type=\"widget\" data-widget_type=\"text-editor.default\">\n\t\t\t\t<div class=\"elementor-widget-container\">\n\t\t\t\t\t\t\t\t\t<p>F\u00fcllen Sie unser Online-Formular aus, um Ihre Mietkaution innerhalb weniger Stunden zu erhalten. Sie m\u00fcssen kein Geld blockieren, da wir wie eine <span style=\"text-decoration: underline;\"><a href=\"https:\/\/garantie.be\/de\/mietkaution-bankburgschaft\/\">Mietkaution auf bankbasis<\/a><\/span> funktionieren. <\/p>\t\t\t\t\t\t\t\t<\/div>\n\t\t\t\t<\/div>\n\t\t\t\t<div class=\"elementor-element elementor-element-512ebe3c elementor-mobile-align-center elementor-align-center elementor-widget elementor-widget-button\" data-id=\"512ebe3c\" data-element_type=\"widget\" data-e-type=\"widget\" data-widget_type=\"button.default\">\n\t\t\t\t<div class=\"elementor-widget-container\">\n\t\t\t\t\t\t\t\t\t<div class=\"elementor-button-wrapper\">\n\t\t\t\t\t<a class=\"elementor-button elementor-button-link elementor-size-sm\" href=\"https:\/\/account.garantie.be\/en\/register\/lease\">\n\t\t\t\t\t\t<span class=\"elementor-button-content-wrapper\">\n\t\t\t\t\t\t\t\t\t<span class=\"elementor-button-text\">Formular Mietkaution<\/span>\n\t\t\t\t\t<\/span>\n\t\t\t\t\t<\/a>\n\t\t\t\t<\/div>\n\t\t\t\t\t\t\t\t<\/div>\n\t\t\t\t<\/div>\n\t\t\t\t\t<\/div>\n\t\t<\/div>\n\t\t\t\t\t<\/div>\n\t\t<\/section>\n\t\t\t\t<section class=\"elementor-section elementor-top-section elementor-element elementor-element-838f2af elementor-section-boxed elementor-section-height-default elementor-section-height-default\" data-id=\"838f2af\" data-element_type=\"section\" data-e-type=\"section\">\n\t\t\t\t\t\t<div class=\"elementor-container elementor-column-gap-default\">\n\t\t\t\t\t<div class=\"elementor-column elementor-col-100 elementor-top-column elementor-element elementor-element-f3467aa\" data-id=\"f3467aa\" data-element_type=\"column\" data-e-type=\"column\">\n\t\t\t<div class=\"elementor-widget-wrap elementor-element-populated\">\n\t\t\t\t\t\t<div class=\"elementor-element elementor-element-655a347 elementor-widget elementor-widget-spacer\" data-id=\"655a347\" data-element_type=\"widget\" data-e-type=\"widget\" data-widget_type=\"spacer.default\">\n\t\t\t\t<div class=\"elementor-widget-container\">\n\t\t\t\t\t\t\t<div class=\"elementor-spacer\">\n\t\t\t<div class=\"elementor-spacer-inner\"><\/div>\n\t\t<\/div>\n\t\t\t\t\t\t<\/div>\n\t\t\t\t<\/div>\n\t\t\t\t<div class=\"elementor-element elementor-element-739d1ec elementor-widget elementor-widget-heading\" data-id=\"739d1ec\" data-element_type=\"widget\" data-e-type=\"widget\" data-widget_type=\"heading.default\">\n\t\t\t\t<div class=\"elementor-widget-container\">\n\t\t\t\t\t<h2 class=\"elementor-heading-title elementor-size-default\">Wie hoch ist die Mietkaution in Wallonien?<\/h2>\t\t\t\t<\/div>\n\t\t\t\t<\/div>\n\t\t\t\t<div class=\"elementor-element elementor-element-26d6f26 elementor-widget elementor-widget-text-editor\" data-id=\"26d6f26\" data-element_type=\"widget\" data-e-type=\"widget\" data-widget_type=\"text-editor.default\">\n\t\t\t\t<div class=\"elementor-widget-container\">\n\t\t\t\t\t\t\t\t\t<p>Der H\u00f6chstbetrag ist je nach Art des <a href=\"https:\/\/garantie.be\/de\/vermietung-von-immobilien\/\"><span style=\"text-decoration: underline;\">Mietvertrags<\/span><\/a> unterschiedlich.<\/p><p>Sie h\u00e4ngt vom Mietvertrag ab, der den Vermieter und den Mieter verpflichtet. Je nach Art der gew\u00e4hlten Garantie werden von Ihnen 2 bis maximal 3 Monatsmieten ohne Nebenkosten verlangt. <\/p><ul><li>Bei einer <span style=\"text-decoration: underline;\"><a href=\"https:\/\/garantie.be\/de\/mietkaution-bankburgschaft\/\">Bankb\u00fcrgschaft<\/a><\/span> k\u00f6nnen bis zu 3 Monatsmieten als Mietsicherheit verlangt werden.<\/li><li>Im Zusammenhang mit einer <span style=\"text-decoration: underline;\"><a href=\"https:\/\/garantie.be\/de\/mietkaution\/bankkonto-mietkaution\/\">Mietkaution auf einem gesperrten Konto<\/a><\/span> oder auf <a href=\"https:\/\/garantie.be\/de\/garantie-lokal-e-depo\/\">e-depo<\/a> betr\u00e4gt der vom Vermieter geforderte Betrag maximal 2 Monatsmieten;<\/li><li>Im Zusammenhang mit anderen m\u00f6glichen Arten von Sicherheiten ist es in Wallonien \u00fcblich, maximal 2 Monatsmieten im Rahmen einer <span style=\"text-decoration: underline;\"><a href=\"https:\/\/garantie.be\/de\/miet-kaution-belgien\/\">Mietkaution<\/a><\/span> einzubehalten bei <span style=\"text-decoration: underline;\"><a href=\"https:\/\/garantie.be\/de\/\">Garantie.be<\/a><\/span>.<\/li><\/ul>\t\t\t\t\t\t\t\t<\/div>\n\t\t\t\t<\/div>\n\t\t\t\t<div class=\"elementor-element elementor-element-a3b163e elementor-widget elementor-widget-heading\" data-id=\"a3b163e\" data-element_type=\"widget\" data-e-type=\"widget\" data-widget_type=\"heading.default\">\n\t\t\t\t<div class=\"elementor-widget-container\">\n\t\t\t\t\t<h2 class=\"elementor-heading-title elementor-size-default\">Welche Hilfen gibt es in Wallonien, um eine Mietkaution zu stellen?<\/h2>\t\t\t\t<\/div>\n\t\t\t\t<\/div>\n\t\t\t\t<div class=\"elementor-element elementor-element-e925b4d elementor-widget elementor-widget-text-editor\" data-id=\"e925b4d\" data-element_type=\"widget\" data-e-type=\"widget\" data-widget_type=\"text-editor.default\">\n\t\t\t\t<div class=\"elementor-widget-container\">\n\t\t\t\t\t\t\t\t\t<p>In Wallonien gibt es zwei Hauptarten von Beihilfen f\u00fcr die erfolgreiche Erstellung einer Mietkaution. Diese Hilfen sind nat\u00fcrlich nur f\u00fcr Personen mit niedrigem Einkommen bestimmt. Wallonien bietet folgende M\u00f6glichkeiten der Unterst\u00fctzung an:  <\/p><h3>Das Nullsatz-Darlehen<\/h3><p>Seit Mai 2021 gew\u00e4hrt Wallonien zinslose Darlehen f\u00fcr die Mietkaution f\u00fcr Mietvertr\u00e4ge \u00fcber Hauptwohnsitze. Das zinslose Darlehen kann bis zu 100 % des Betrags der Mietkaution betragen. Das zinslose Darlehen wird nur unter bestimmten Einkommensbedingungen des Antragstellers gew\u00e4hrt.  <\/p><h3>Die Hilfe des \u00d6SHZ<\/h3><p>Das \u00d6SHZ bietet in Wallonien in unterschiedlicher Form Hilfe bei der Bildung einer <span style=\"text-decoration: underline;\"><a href=\"https:\/\/garantie.be\/de\/mietkaution-oshz\/\">Mietkaution des \u00d6SHZ<\/a><\/span>. Diese Hilfe des \u00d6SHZ erfolgt in Form eines Vorschusses auf die Mietgarantie, der nach und nach zur\u00fcckgezahlt wird, oder in Form eines B\u00fcrgschaftsschreibens f\u00fcr den Eigent\u00fcmer oder sogar einer Bankwaarborg. <\/p>\t\t\t\t\t\t\t\t<\/div>\n\t\t\t\t<\/div>\n\t\t\t\t<div class=\"elementor-element elementor-element-722cc87 elementor-widget elementor-widget-heading\" data-id=\"722cc87\" data-element_type=\"widget\" data-e-type=\"widget\" data-widget_type=\"heading.default\">\n\t\t\t\t<div class=\"elementor-widget-container\">\n\t\t\t\t\t<h2 class=\"elementor-heading-title elementor-size-default\">Das Wohnungsgesetzbuch in Wallonien<\/h2>\t\t\t\t<\/div>\n\t\t\t\t<\/div>\n\t\t\t\t<div class=\"elementor-element elementor-element-65310c3 elementor-widget elementor-widget-text-editor\" data-id=\"65310c3\" data-element_type=\"widget\" data-e-type=\"widget\" data-widget_type=\"text-editor.default\">\n\t\t\t\t<div class=\"elementor-widget-container\">\n\t\t\t\t\t\t\t\t\t<p>Das auf f\u00f6deraler Ebene in Belgien geltende Gesetz in Bezug auf Wohnungsmietvertr\u00e4ge ist das Mietgesetz.\nDie letzte Aktualisierung dieses Bundesgesetzes erfolgte in der 14. Ausgabe im M\u00e4rz 2013. <\/p><p>In den letzten Jahren hat jede Region eine eigene regionale Regelung f\u00fcr die Wohnraummiete eingef\u00fchrt.\nDie sechste Reform vom 1. Juli 2014 \u00fcber die Regionalisierung von Wohnraummietvertr\u00e4gen betrifft auch die Mietgarantie. <\/p><p>Die Anwendung der regionalen Vorschriften seit 2018 in Wallonien erfolgt auf der Grundlage seines neuen Wohngesetzbuches, das Vorrang vor dem Bundesgesetz \u00fcber die Regeln f\u00fcr Wohnungsmietvertr\u00e4ge hat.<\/p>\t\t\t\t\t\t\t\t<\/div>\n\t\t\t\t<\/div>\n\t\t\t\t\t<\/div>\n\t\t<\/div>\n\t\t\t\t\t<\/div>\n\t\t<\/section>\n\t\t\t\t<\/div>\n\t\t","protected":false},"excerpt":{"rendered":"<p>Mietkaution in Wallonien Um innerhalb weniger Stundeneine Bescheinigung \u00fcber eine Mietkaution f\u00fcr eine Wohnung in Wallonien zu erhalten, f\u00fcllen Sie einfach das Formular aus, indem Sie auf Mietkaution online. Was ist die Mietkaution in Wallonien? Die Regeln f\u00fcr die Mietkaution haben sich in den letzten Jahren in Belgien ge\u00e4ndert. Seit 2018 haben die drei belgischen [&hellip;]<\/p>\n","protected":false},"author":1,"featured_media":0,"parent":0,"menu_order":0,"comment_status":"closed","ping_status":"closed","template":"","meta":{"footnotes":""},"class_list":["post-2942","page","type-page","status-publish","hentry"],"yoast_head":"<!-- This site is optimized with the Yoast SEO plugin v27.2 - https:\/\/yoast.com\/product\/yoast-seo-wordpress\/ -->\n<title>Mietkaution in Wallonien | Online-Formular<\/title>\n<meta name=\"description\" content=\"Entdecken Sie die Regeln der Mietkaution in Wallonien und erhalten Sie eine Online-Mietkaution innerhalb weniger Stunden.\" \/>\n<meta name=\"robots\" content=\"index, follow, max-snippet:-1, max-image-preview:large, max-video-preview:-1\" \/>\n<link rel=\"canonical\" href=\"https:\/\/garantie.be\/de\/mietkaution-in-wallonien\/\" \/>\n<meta property=\"og:locale\" content=\"de_DE\" \/>\n<meta property=\"og:type\" content=\"article\" \/>\n<meta property=\"og:title\" content=\"Mietkaution in Wallonien | Online-Formular\" \/>\n<meta property=\"og:description\" content=\"Entdecken Sie die Regeln der Mietkaution in Wallonien und erhalten Sie eine Online-Mietkaution innerhalb weniger Stunden.\" \/>\n<meta property=\"og:url\" content=\"https:\/\/garantie.be\/de\/mietkaution-in-wallonien\/\" \/>\n<meta property=\"og:site_name\" content=\"Garantie\" \/>\n<meta property=\"article:modified_time\" content=\"2025-10-09T07:57:28+00:00\" \/>\n<meta property=\"og:image\" content=\"https:\/\/garantie.be\/wp-content\/uploads\/2021\/09\/Garantie-locative-Wallonie-300x94.jpg\" \/>\n<meta name=\"twitter:card\" content=\"summary_large_image\" \/>\n<meta name=\"twitter:label1\" content=\"Gesch\u00e4tzte Lesezeit\" \/>\n\t<meta name=\"twitter:data1\" content=\"3\u00a0Minuten\" \/>\n<script type=\"application\/ld+json\" class=\"yoast-schema-graph\">{\"@context\":\"https:\/\/schema.org\",\"@graph\":[{\"@type\":\"WebPage\",\"@id\":\"https:\/\/garantie.be\/de\/mietkaution-in-wallonien\/\",\"url\":\"https:\/\/garantie.be\/de\/mietkaution-in-wallonien\/\",\"name\":\"Mietkaution in Wallonien | Online-Formular\",\"isPartOf\":{\"@id\":\"https:\/\/garantie.be\/de\/#website\"},\"primaryImageOfPage\":{\"@id\":\"https:\/\/garantie.be\/de\/mietkaution-in-wallonien\/#primaryimage\"},\"image\":{\"@id\":\"https:\/\/garantie.be\/de\/mietkaution-in-wallonien\/#primaryimage\"},\"thumbnailUrl\":\"https:\/\/garantie.be\/wp-content\/uploads\/2021\/09\/Garantie-locative-Wallonie-300x94.jpg\",\"datePublished\":\"2021-04-01T14:07:27+00:00\",\"dateModified\":\"2025-10-09T07:57:28+00:00\",\"description\":\"Entdecken Sie die Regeln der Mietkaution in Wallonien und erhalten Sie eine Online-Mietkaution innerhalb weniger Stunden.\",\"breadcrumb\":{\"@id\":\"https:\/\/garantie.be\/de\/mietkaution-in-wallonien\/#breadcrumb\"},\"inLanguage\":\"de\",\"potentialAction\":[{\"@type\":\"ReadAction\",\"target\":[\"https:\/\/garantie.be\/de\/mietkaution-in-wallonien\/\"]}]},{\"@type\":\"ImageObject\",\"inLanguage\":\"de\",\"@id\":\"https:\/\/garantie.be\/de\/mietkaution-in-wallonien\/#primaryimage\",\"url\":\"https:\/\/garantie.be\/wp-content\/uploads\/2021\/09\/Garantie-locative-Wallonie-300x94.jpg\",\"contentUrl\":\"https:\/\/garantie.be\/wp-content\/uploads\/2021\/09\/Garantie-locative-Wallonie-300x94.jpg\"},{\"@type\":\"BreadcrumbList\",\"@id\":\"https:\/\/garantie.be\/de\/mietkaution-in-wallonien\/#breadcrumb\",\"itemListElement\":[{\"@type\":\"ListItem\",\"position\":1,\"name\":\"Accueil\",\"item\":\"https:\/\/garantie.be\/de\/\"},{\"@type\":\"ListItem\",\"position\":2,\"name\":\"Mietkaution Wallonien\"}]},{\"@type\":\"WebSite\",\"@id\":\"https:\/\/garantie.be\/de\/#website\",\"url\":\"https:\/\/garantie.be\/de\/\",\"name\":\"Garantie\",\"description\":\"\",\"publisher\":{\"@id\":\"https:\/\/garantie.be\/de\/#organization\"},\"potentialAction\":[{\"@type\":\"SearchAction\",\"target\":{\"@type\":\"EntryPoint\",\"urlTemplate\":\"https:\/\/garantie.be\/de\/?s={search_term_string}\"},\"query-input\":{\"@type\":\"PropertyValueSpecification\",\"valueRequired\":true,\"valueName\":\"search_term_string\"}}],\"inLanguage\":\"de\"},{\"@type\":\"Organization\",\"@id\":\"https:\/\/garantie.be\/de\/#organization\",\"name\":\"Garantie.be\",\"url\":\"https:\/\/garantie.be\/de\/\",\"logo\":{\"@type\":\"ImageObject\",\"inLanguage\":\"de\",\"@id\":\"https:\/\/garantie.be\/de\/#\/schema\/logo\/image\/\",\"url\":\"\",\"contentUrl\":\"\",\"caption\":\"Garantie.be\"},\"image\":{\"@id\":\"https:\/\/garantie.be\/de\/#\/schema\/logo\/image\/\"}}]}<\/script>\n<!-- \/ Yoast SEO plugin. -->","yoast_head_json":{"title":"Mietkaution in Wallonien | Online-Formular","description":"Entdecken Sie die Regeln der Mietkaution in Wallonien und erhalten Sie eine Online-Mietkaution innerhalb weniger Stunden.","robots":{"index":"index","follow":"follow","max-snippet":"max-snippet:-1","max-image-preview":"max-image-preview:large","max-video-preview":"max-video-preview:-1"},"canonical":"https:\/\/garantie.be\/de\/mietkaution-in-wallonien\/","og_locale":"de_DE","og_type":"article","og_title":"Mietkaution in Wallonien | Online-Formular","og_description":"Entdecken Sie die Regeln der Mietkaution in Wallonien und erhalten Sie eine Online-Mietkaution innerhalb weniger Stunden.","og_url":"https:\/\/garantie.be\/de\/mietkaution-in-wallonien\/","og_site_name":"Garantie","article_modified_time":"2025-10-09T07:57:28+00:00","og_image":[{"url":"https:\/\/garantie.be\/wp-content\/uploads\/2021\/09\/Garantie-locative-Wallonie-300x94.jpg","type":"","width":"","height":""}],"twitter_card":"summary_large_image","twitter_misc":{"Gesch\u00e4tzte Lesezeit":"3\u00a0Minuten"},"schema":{"@context":"https:\/\/schema.org","@graph":[{"@type":"WebPage","@id":"https:\/\/garantie.be\/de\/mietkaution-in-wallonien\/","url":"https:\/\/garantie.be\/de\/mietkaution-in-wallonien\/","name":"Mietkaution in Wallonien | Online-Formular","isPartOf":{"@id":"https:\/\/garantie.be\/de\/#website"},"primaryImageOfPage":{"@id":"https:\/\/garantie.be\/de\/mietkaution-in-wallonien\/#primaryimage"},"image":{"@id":"https:\/\/garantie.be\/de\/mietkaution-in-wallonien\/#primaryimage"},"thumbnailUrl":"https:\/\/garantie.be\/wp-content\/uploads\/2021\/09\/Garantie-locative-Wallonie-300x94.jpg","datePublished":"2021-04-01T14:07:27+00:00","dateModified":"2025-10-09T07:57:28+00:00","description":"Entdecken Sie die Regeln der Mietkaution in Wallonien und erhalten Sie eine Online-Mietkaution innerhalb weniger Stunden.","breadcrumb":{"@id":"https:\/\/garantie.be\/de\/mietkaution-in-wallonien\/#breadcrumb"},"inLanguage":"de","potentialAction":[{"@type":"ReadAction","target":["https:\/\/garantie.be\/de\/mietkaution-in-wallonien\/"]}]},{"@type":"ImageObject","inLanguage":"de","@id":"https:\/\/garantie.be\/de\/mietkaution-in-wallonien\/#primaryimage","url":"https:\/\/garantie.be\/wp-content\/uploads\/2021\/09\/Garantie-locative-Wallonie-300x94.jpg","contentUrl":"https:\/\/garantie.be\/wp-content\/uploads\/2021\/09\/Garantie-locative-Wallonie-300x94.jpg"},{"@type":"BreadcrumbList","@id":"https:\/\/garantie.be\/de\/mietkaution-in-wallonien\/#breadcrumb","itemListElement":[{"@type":"ListItem","position":1,"name":"Accueil","item":"https:\/\/garantie.be\/de\/"},{"@type":"ListItem","position":2,"name":"Mietkaution Wallonien"}]},{"@type":"WebSite","@id":"https:\/\/garantie.be\/de\/#website","url":"https:\/\/garantie.be\/de\/","name":"Garantie","description":"","publisher":{"@id":"https:\/\/garantie.be\/de\/#organization"},"potentialAction":[{"@type":"SearchAction","target":{"@type":"EntryPoint","urlTemplate":"https:\/\/garantie.be\/de\/?s={search_term_string}"},"query-input":{"@type":"PropertyValueSpecification","valueRequired":true,"valueName":"search_term_string"}}],"inLanguage":"de"},{"@type":"Organization","@id":"https:\/\/garantie.be\/de\/#organization","name":"Garantie.be","url":"https:\/\/garantie.be\/de\/","logo":{"@type":"ImageObject","inLanguage":"de","@id":"https:\/\/garantie.be\/de\/#\/schema\/logo\/image\/","url":"","contentUrl":"","caption":"Garantie.be"},"image":{"@id":"https:\/\/garantie.be\/de\/#\/schema\/logo\/image\/"}}]}},"_links":{"self":[{"href":"https:\/\/garantie.be\/de\/wp-json\/wp\/v2\/pages\/2942","targetHints":{"allow":["GET"]}}],"collection":[{"href":"https:\/\/garantie.be\/de\/wp-json\/wp\/v2\/pages"}],"about":[{"href":"https:\/\/garantie.be\/de\/wp-json\/wp\/v2\/types\/page"}],"author":[{"embeddable":true,"href":"https:\/\/garantie.be\/de\/wp-json\/wp\/v2\/users\/1"}],"replies":[{"embeddable":true,"href":"https:\/\/garantie.be\/de\/wp-json\/wp\/v2\/comments?post=2942"}],"version-history":[{"count":0,"href":"https:\/\/garantie.be\/de\/wp-json\/wp\/v2\/pages\/2942\/revisions"}],"wp:attachment":[{"href":"https:\/\/garantie.be\/de\/wp-json\/wp\/v2\/media?parent=2942"}],"curies":[{"name":"wp","href":"https:\/\/api.w.org\/{rel}","templated":true}]}}