{"id":2966,"date":"2021-04-01T17:20:52","date_gmt":"2021-04-01T15:20:52","guid":{"rendered":"https:\/\/garantie.be\/mietgarantie-darlehen\/"},"modified":"2025-03-19T16:31:01","modified_gmt":"2025-03-19T15:31:01","slug":"mietkaution-darlehen","status":"publish","type":"page","link":"https:\/\/garantie.be\/de\/mietkaution-darlehen\/","title":{"rendered":"Darlehen f\u00fcr Mietkaution"},"content":{"rendered":"\t\t<div data-elementor-type=\"wp-page\" data-elementor-id=\"2966\" class=\"elementor elementor-2966 elementor-2140\" data-elementor-post-type=\"page\">\n\t\t\t\t\t\t<section class=\"elementor-section elementor-top-section elementor-element elementor-element-44d6066c elementor-section-boxed elementor-section-height-default elementor-section-height-default\" data-id=\"44d6066c\" data-element_type=\"section\" data-e-type=\"section\">\n\t\t\t\t\t\t<div class=\"elementor-container elementor-column-gap-default\">\n\t\t\t\t\t<div class=\"elementor-column elementor-col-100 elementor-top-column elementor-element elementor-element-266573bf\" data-id=\"266573bf\" data-element_type=\"column\" data-e-type=\"column\">\n\t\t\t<div class=\"elementor-widget-wrap elementor-element-populated\">\n\t\t\t\t\t\t<div class=\"elementor-element elementor-element-1abac793 elementor-widget elementor-widget-spacer\" data-id=\"1abac793\" data-element_type=\"widget\" data-e-type=\"widget\" data-widget_type=\"spacer.default\">\n\t\t\t\t<div class=\"elementor-widget-container\">\n\t\t\t\t\t\t\t<div class=\"elementor-spacer\">\n\t\t\t<div class=\"elementor-spacer-inner\"><\/div>\n\t\t<\/div>\n\t\t\t\t\t\t<\/div>\n\t\t\t\t<\/div>\n\t\t\t\t<div class=\"elementor-element elementor-element-46676ee5 elementor-widget elementor-widget-heading\" data-id=\"46676ee5\" data-element_type=\"widget\" data-e-type=\"widget\" data-widget_type=\"heading.default\">\n\t\t\t\t<div class=\"elementor-widget-container\">\n\t\t\t\t\t<h1 class=\"elementor-heading-title elementor-size-default\">Darlehen f\u00fcr die\n<b><br>Mietkaution<\/b><\/h1>\t\t\t\t<\/div>\n\t\t\t\t<\/div>\n\t\t\t\t<div class=\"elementor-element elementor-element-778b90bf elementor-widget elementor-widget-spacer\" data-id=\"778b90bf\" data-element_type=\"widget\" data-e-type=\"widget\" data-widget_type=\"spacer.default\">\n\t\t\t\t<div class=\"elementor-widget-container\">\n\t\t\t\t\t\t\t<div class=\"elementor-spacer\">\n\t\t\t<div class=\"elementor-spacer-inner\"><\/div>\n\t\t<\/div>\n\t\t\t\t\t\t<\/div>\n\t\t\t\t<\/div>\n\t\t\t\t\t<\/div>\n\t\t<\/div>\n\t\t\t\t\t<\/div>\n\t\t<\/section>\n\t\t\t\t<section class=\"elementor-section elementor-top-section elementor-element elementor-element-1d35a851 elementor-section-boxed elementor-section-height-default elementor-section-height-default\" data-id=\"1d35a851\" data-element_type=\"section\" data-e-type=\"section\">\n\t\t\t\t\t\t<div class=\"elementor-container elementor-column-gap-default\">\n\t\t\t\t\t<div class=\"elementor-column elementor-col-100 elementor-top-column elementor-element elementor-element-77d8397c\" data-id=\"77d8397c\" data-element_type=\"column\" data-e-type=\"column\">\n\t\t\t<div class=\"elementor-widget-wrap elementor-element-populated\">\n\t\t\t\t\t\t<div class=\"elementor-element elementor-element-2994953 elementor-widget elementor-widget-text-editor\" data-id=\"2994953\" data-element_type=\"widget\" data-e-type=\"widget\" data-widget_type=\"text-editor.default\">\n\t\t\t\t<div class=\"elementor-widget-container\">\n\t\t\t\t\t\t\t\t\t<p>Die <a href=\"https:\/\/garantie.be\/de\/mietkaution\/\">Mietkaution<\/a>, auch Mietgarantie genannt, ist ein Geldbetrag, der vom Mieter zu Beginn des Mietverh\u00e4ltnisses gezahlt wird, um den Eigent\u00fcmer gegen m\u00f6gliche Zahlungsausf\u00e4lle oder Sch\u00e4den an der Wohnung abzusichern. In Belgien kann diese Kaution auf verschiedene Arten gestellt werden: \u00fcber ein <b>gesperrtes Bankkonto<\/b>, eine progressive <a href=\"https:\/\/garantie.be\/de\/mietkaution-bankburgschaft\/\">Bankkaution<\/a> oder auch \u00fcber spezifische regionale Beihilfen. Die H\u00f6he und die Modalit\u00e4ten variieren je nach Region und Vereinbarung zwischen den Parteien.  <\/p>\n<\/p>\n<p>Um eine Mietkaution zu erhalten, <b>ohne Geld zu blockieren<\/b>, beantragen Sie einfach eine Kaution bei <b>garantie.be,<\/b> indem Sie auf <span style=\"text-decoration: underline;\"><a href=\"https:\/\/garantie.be\/de\/online-mietkaution\/\">Online-Mietkaution<\/a><\/span><\/p>\n\t\t\t\t\t\t\t\t<\/div>\n\t\t\t\t<\/div>\n\t\t\t\t<div class=\"elementor-element elementor-element-ae7690e elementor-widget elementor-widget-heading\" data-id=\"ae7690e\" data-element_type=\"widget\" data-e-type=\"widget\" data-widget_type=\"heading.default\">\n\t\t\t\t<div class=\"elementor-widget-container\">\n\t\t\t\t\t<h2 class=\"elementor-heading-title elementor-size-default\">Was ist ein Darlehen f\u00fcr die Mietkaution?<\/h2>\t\t\t\t<\/div>\n\t\t\t\t<\/div>\n\t\t\t\t<div class=\"elementor-element elementor-element-ce954a5 elementor-widget elementor-widget-text-editor\" data-id=\"ce954a5\" data-element_type=\"widget\" data-e-type=\"widget\" data-widget_type=\"text-editor.default\">\n\t\t\t\t<div class=\"elementor-widget-container\">\n\t\t\t\t\t\t\t\t\t<p>Ein Darlehen f\u00fcr die Mietkaution ist eine L\u00f6sung, die es Mietern erm\u00f6glicht, nicht sofort den gesamten vom Vermieter geforderten Betrag vorzustrecken. Dieses Darlehen wird in der Regel von \u00f6ffentlichen oder sozialen Einrichtungen zu einem Nullsatz gew\u00e4hrt. Es soll Mietern mit begrenzten Mitteln helfen, leichter Zugang zu einer Wohnung zu erhalten, ohne gleich zu Beginn des Mietverh\u00e4ltnisses in eine finanzielle Notlage zu geraten.  <\/p>\n<p>In Wallonien bietet die <a href=\"https:\/\/www.swcs.be\/\">Soci\u00e9t\u00e9 Wallonne de Cr\u00e9dit Social (SWCS)<\/a> seit Mai 2021 diese Art von Darlehen an.<\/p>\n<p>In Br\u00fcssel gibt es eine \u00e4hnliche L\u00f6sung \u00fcber den <a href=\"https:\/\/fonds.brussels\/fr\">Fonds du Logement<\/a>, der insbesondere f\u00fcr Haushalte mit niedrigem Einkommen gedacht ist, die finanzielle Schwierigkeiten haben, die geforderte Kaution aufzubringen.<\/p>\n\t\t\t\t\t\t\t\t<\/div>\n\t\t\t\t<\/div>\n\t\t\t\t<div class=\"elementor-element elementor-element-0009b60 elementor-widget elementor-widget-heading\" data-id=\"0009b60\" data-element_type=\"widget\" data-e-type=\"widget\" data-widget_type=\"heading.default\">\n\t\t\t\t<div class=\"elementor-widget-container\">\n\t\t\t\t\t<h2 class=\"elementor-heading-title elementor-size-default\">Wie bekomme ich einen Kredit f\u00fcr eine Mietkaution?<\/h2>\t\t\t\t<\/div>\n\t\t\t\t<\/div>\n\t\t\t\t<div class=\"elementor-element elementor-element-b73f319 elementor-widget elementor-widget-text-editor\" data-id=\"b73f319\" data-element_type=\"widget\" data-e-type=\"widget\" data-widget_type=\"text-editor.default\">\n\t\t\t\t<div class=\"elementor-widget-container\">\n\t\t\t\t\t\t\t\t\t<p>Der Erhalt eines Darlehens f\u00fcr eine Mietkaution h\u00e4ngt von mehreren Kriterien ab. Zun\u00e4chst einmal muss der Antragsteller in der betreffenden Region wohnen und nachweisen, dass er finanzielle Unterst\u00fctzung f\u00fcr die Mietkaution ben\u00f6tigt. Dar\u00fcber hinaus kann das Darlehen nur von Mietern in Anspruch genommen werden, die nicht Eigent\u00fcmer sind und deren Einkommen einen bestimmten Schwellenwert nicht \u00fcberschreitet, der je nach Haushaltsgr\u00f6\u00dfe und Wohnregion festgelegt wird.  <\/p>\n<p>Um das Verfahren einzuleiten, muss der Mieter einen Antrag bei der zust\u00e4ndigen Stelle stellen. Diese Unterlagen umfassen in der Regel <\/p>\n<ul>\n<li>Ein <b>Einkommensnachweis<\/b> (Gehaltsabrechnungen, Zulagenbescheinigungen&#8230;)<\/li>\n<li>Eine <b>Kopie des Mietvertrags<\/b>, in dem die H\u00f6he der Mietsicherheit angegeben ist.<\/li>\n<li>Eine <b>Bescheinigung<\/b>, dass die Wohnung den Bewohnbarkeitsstandards entspricht.<\/li>\n<\/ul>\n<p>Sobald der Antrag genehmigt ist, wird der Darlehensbetrag direkt auf ein auf den Namen des Mieters lautendes blockiertes Garantiekonto eingezahlt.<\/p>\n\t\t\t\t\t\t\t\t<\/div>\n\t\t\t\t<\/div>\n\t\t\t\t<div class=\"elementor-element elementor-element-67c743d elementor-widget elementor-widget-heading\" data-id=\"67c743d\" data-element_type=\"widget\" data-e-type=\"widget\" data-widget_type=\"heading.default\">\n\t\t\t\t<div class=\"elementor-widget-container\">\n\t\t\t\t\t<h2 class=\"elementor-heading-title elementor-size-default\">Wie viel Geld kann man leihen?<\/h2>\t\t\t\t<\/div>\n\t\t\t\t<\/div>\n\t\t\t\t<div class=\"elementor-element elementor-element-6af1c2c elementor-widget elementor-widget-text-editor\" data-id=\"6af1c2c\" data-element_type=\"widget\" data-e-type=\"widget\" data-widget_type=\"text-editor.default\">\n\t\t\t\t<div class=\"elementor-widget-container\">\n\t\t\t\t\t\t\t\t\tDie H\u00f6he der Mietkaution h\u00e4ngt von der Region und der Art der kaution ab:\n<ul>\n \t<li>Die <a href=\"https:\/\/garantie.be\/de\/mietkaution-in-wallonien\/\">Mietkaution in Wallonien<\/a> kann<b> bis zu 2 Monatsmieten<\/b> betragen, wenn die Kaution auf einem gesperrten Bankkonto hinterlegt wird, und bis zu <b>3 Monatsmieten<\/b>, wenn sie in Form einer progressiven Bankgarantie geleistet wird.<\/li>\n \t<li>In der Region Br\u00fcssel-Hauptstadt hat eine k\u00fcrzlich durchgef\u00fchrte Reform eine Obergrenze von <b>maximal 2 Monatsmieten<\/b> f\u00fcr <a href=\"https:\/\/garantie.be\/de\/mietkaution-brussels-capital\/\">Mietkautionen in Br\u00fcssel<\/a> festgelegt. Diese Begrenzung zielt darauf ab, die finanzielle Belastung der Mieter zu verringern und Missbrauch zu verhindern. <\/li>\n \t<li>Die <a href=\"https:\/\/garantie.be\/de\/mietkaution-flandern\/\">Mietkaution in Flandern<\/a> kann bis zu <b>3 Monatsmieten<\/b> betragen, sei es in Form eines Sperrkontos oder einer Bankgarantie. Der genaue Betrag h\u00e4ngt also von den Anforderungen des Vermieters und der Art der vom Mieter gew\u00e4hlten Kaution ab.   <\/li>\n<\/ul>\t\t\t\t\t\t\t\t<\/div>\n\t\t\t\t<\/div>\n\t\t\t\t<div class=\"elementor-element elementor-element-50cf31f elementor-widget elementor-widget-heading\" data-id=\"50cf31f\" data-element_type=\"widget\" data-e-type=\"widget\" data-widget_type=\"heading.default\">\n\t\t\t\t<div class=\"elementor-widget-container\">\n\t\t\t\t\t<h2 class=\"elementor-heading-title elementor-size-default\">Welche Hilfen gibt es f\u00fcr die Mietkaution?<\/h2>\t\t\t\t<\/div>\n\t\t\t\t<\/div>\n\t\t\t\t<div class=\"elementor-element elementor-element-b83b343 elementor-widget elementor-widget-text-editor\" data-id=\"b83b343\" data-element_type=\"widget\" data-e-type=\"widget\" data-widget_type=\"text-editor.default\">\n\t\t\t\t<div class=\"elementor-widget-container\">\n\t\t\t\t\t\t\t\t\t<p>Es gibt verschiedene finanzielle Hilfen, um Mieter bei der Bildung einer Mietkaution zu unterst\u00fctzen.<\/p>\n<p>Die \u00d6SHZ (\u00d6ffentlichen Sozialhilfezentren) spielen eine wichtige Rolle bei der Unterst\u00fctzung von Haushalten in Schwierigkeiten. Je nach Situation kann der Mieter :   <\/p>\n<ul>\n<li>Eine Vorauszahlung des Betrags der <a href=\"https:\/\/garantie.be\/de\/mietkaution-oshz\/\">Mietkaution durch das \u00d6SHZ<\/a><\/li>\n<li>Eine B\u00fcrgschaft des \u00d6SHZ zugunsten des Eigent\u00fcmers, die die Zahlung des erforderlichen Betrags im Bedarfsfall sicherstellt.<\/li>\n<\/ul>\n<p>In Br\u00fcssel wird eine spezielle Einrichtung namens <b>Fonds BRU-GAL<\/b> vom Fonds du Logement verwaltet. Dieser Fonds erm\u00f6glicht es Mietern, eine Mietgarantie auf Gegenseitigkeit in Anspruch zu nehmen, ohne das Geld sofort zahlen zu m\u00fcssen. Der Zugang zu dieser Hilfe unterliegt jedoch strengen Kriterien, insbesondere in Bezug auf das Einkommensniveau und die finanzielle Stabilit\u00e4t des Haushalts.  <\/p>\n\t\t\t\t\t\t\t\t<\/div>\n\t\t\t\t<\/div>\n\t\t\t\t<div class=\"elementor-element elementor-element-53e4a83 elementor-widget elementor-widget-heading\" data-id=\"53e4a83\" data-element_type=\"widget\" data-e-type=\"widget\" data-widget_type=\"heading.default\">\n\t\t\t\t<div class=\"elementor-widget-container\">\n\t\t\t\t\t<h2 class=\"elementor-heading-title elementor-size-default\">Freigabe der Mietkaution: Wie erhalten Sie Ihr Geld zur\u00fcck? <\/h2>\t\t\t\t<\/div>\n\t\t\t\t<\/div>\n\t\t\t\t<div class=\"elementor-element elementor-element-2c439cb elementor-widget elementor-widget-text-editor\" data-id=\"2c439cb\" data-element_type=\"widget\" data-e-type=\"widget\" data-widget_type=\"text-editor.default\">\n\t\t\t\t<div class=\"elementor-widget-container\">\n\t\t\t\t\t\t\t\t\t<p>Am Ende des Mietverh\u00e4ltnisses wird die Mietkaution dem Mieter zur\u00fcckerstattet, vorausgesetzt, dass er alle seine Verpflichtungen erf\u00fcllt hat und keine Sch\u00e4den oder unbezahlte Mieten festgestellt wurden.<\/p>\n<p>Das Verfahren zur <a href=\"https:\/\/garantie.be\/de\/mietkaution-freigabe-online-formular\/\">Freigabe der kaution<\/a> beinhaltet in der Regel die Unterzeichnung eines Abschlussdokuments durch den Eigent\u00fcmer und den Mieter. Nach der Unterzeichnung dieser Vereinbarung gibt die Bank oder das verwaltende Institut die Mittel frei und zahlt sie an den Mieter zur\u00fcck. <\/p>\n<p>Wenn der Eigent\u00fcmer im Falle eines Streits der Meinung ist, dass Betr\u00e4ge einbehalten werden m\u00fcssen, bleibt die Kaution bis zu einer Einigung eingefroren. Wenn keine Einigung m\u00f6glich ist, kann der Streitfall vor den Friedensrichter gebracht werden, der \u00fcber die Verteilung der Mittel entscheidet. Um Streitigkeiten zu vermeiden, wird dringend empfohlen, beim Betreten und Verlassen der Wohnung ein detailliertes <a href=\"https:\/\/garantie.be\/de\/bestandsaufnahme-bei-mietabschluss\/\">\u00dcbergabeprotokoll<\/a> zu erstellen.  <\/p>\n\t\t\t\t\t\t\t\t<\/div>\n\t\t\t\t<\/div>\n\t\t\t\t\t<\/div>\n\t\t<\/div>\n\t\t\t\t\t<\/div>\n\t\t<\/section>\n\t\t\t\t<section class=\"elementor-section elementor-top-section elementor-element elementor-element-bbe5556 elementor-section-height-min-height elementor-section-content-middle elementor-section-boxed elementor-section-height-default elementor-section-items-middle\" data-id=\"bbe5556\" data-element_type=\"section\" data-e-type=\"section\" data-settings=\"{&quot;background_background&quot;:&quot;classic&quot;}\">\n\t\t\t\t\t\t<div class=\"elementor-container elementor-column-gap-default\">\n\t\t\t\t\t<div class=\"elementor-column elementor-col-50 elementor-top-column elementor-element elementor-element-669d2fc4\" data-id=\"669d2fc4\" data-element_type=\"column\" data-e-type=\"column\">\n\t\t\t<div class=\"elementor-widget-wrap elementor-element-populated\">\n\t\t\t\t\t\t<div class=\"elementor-element elementor-element-1c3fde34 elementor-widget elementor-widget-image\" data-id=\"1c3fde34\" data-element_type=\"widget\" data-e-type=\"widget\" data-widget_type=\"image.default\">\n\t\t\t\t<div class=\"elementor-widget-container\">\n\t\t\t\t\t\t\t\t\t\t\t\t\t\t\t<img fetchpriority=\"high\" decoding=\"async\" width=\"1337\" height=\"326\" src=\"https:\/\/garantie.be\/wp-content\/uploads\/2021\/10\/Logo-2-garantie-blanc.jpg\" class=\"attachment-full size-full wp-image-14328\" alt=\"Garantie\" srcset=\"https:\/\/garantie.be\/wp-content\/uploads\/2021\/10\/Logo-2-garantie-blanc.jpg 1337w, https:\/\/garantie.be\/wp-content\/uploads\/2021\/10\/Logo-2-garantie-blanc-300x73.jpg 300w, https:\/\/garantie.be\/wp-content\/uploads\/2021\/10\/Logo-2-garantie-blanc-1024x250.jpg 1024w, https:\/\/garantie.be\/wp-content\/uploads\/2021\/10\/Logo-2-garantie-blanc-768x187.jpg 768w\" sizes=\"(max-width: 1337px) 100vw, 1337px\" \/>\t\t\t\t\t\t\t\t\t\t\t\t\t\t\t<\/div>\n\t\t\t\t<\/div>\n\t\t\t\t\t<\/div>\n\t\t<\/div>\n\t\t\t\t<div class=\"elementor-column elementor-col-50 elementor-top-column elementor-element elementor-element-5efedee7\" data-id=\"5efedee7\" data-element_type=\"column\" data-e-type=\"column\">\n\t\t\t<div class=\"elementor-widget-wrap elementor-element-populated\">\n\t\t\t\t\t\t<div class=\"elementor-element elementor-element-7d0a6ae1 elementor-widget-divider--view-line elementor-widget elementor-widget-divider\" data-id=\"7d0a6ae1\" data-element_type=\"widget\" data-e-type=\"widget\" data-widget_type=\"divider.default\">\n\t\t\t\t<div class=\"elementor-widget-container\">\n\t\t\t\t\t\t\t<div class=\"elementor-divider\">\n\t\t\t<span class=\"elementor-divider-separator\">\n\t\t\t\t\t\t<\/span>\n\t\t<\/div>\n\t\t\t\t\t\t<\/div>\n\t\t\t\t<\/div>\n\t\t\t\t<div class=\"elementor-element elementor-element-170ff188 elementor-widget elementor-widget-heading\" data-id=\"170ff188\" data-element_type=\"widget\" data-e-type=\"widget\" data-widget_type=\"heading.default\">\n\t\t\t\t<div class=\"elementor-widget-container\">\n\t\t\t\t\t<h2 class=\"elementor-heading-title elementor-size-large\">die Mietkaution OHNE Bankdepot<\/h2>\t\t\t\t<\/div>\n\t\t\t\t<\/div>\n\t\t\t\t<div class=\"elementor-element elementor-element-2374f6ed elementor-widget elementor-widget-text-editor\" data-id=\"2374f6ed\" data-element_type=\"widget\" data-e-type=\"widget\" data-widget_type=\"text-editor.default\">\n\t\t\t\t<div class=\"elementor-widget-container\">\n\t\t\t\t\t\t\t\t\t<p>Sie befinden sich auf der Website <strong>garantie.be<\/strong>. Wir sind eine private Finanzgesellschaft. Wir bieten einen Service an, mit dem Sie eine <a href=\"https:\/\/garantie.be\/de\/mietkaution\/\">Mietkaution<\/a> erhalten k\u00f6nnen, <strong>ohne Geld auf der Bank zu blockieren<\/strong>.<\/p>\n\t\t\t\t\t\t\t\t<\/div>\n\t\t\t\t<\/div>\n\t\t\t\t<div class=\"elementor-element elementor-element-79143834 elementor-widget elementor-widget-heading\" data-id=\"79143834\" data-element_type=\"widget\" data-e-type=\"widget\" data-widget_type=\"heading.default\">\n\t\t\t\t<div class=\"elementor-widget-container\">\n\t\t\t\t\t<p class=\"elementor-heading-title elementor-size-medium\"><a href=\"https:\/\/garantie.be\/de\/online-mietkaution\/\" target=\"_blank\" rel=\"nofollow\">&gt; Online-Antrag auf Mietkaution<\/a><\/p>\t\t\t\t<\/div>\n\t\t\t\t<\/div>\n\t\t\t\t\t<\/div>\n\t\t<\/div>\n\t\t\t\t\t<\/div>\n\t\t<\/section>\n\t\t\t\t<\/div>\n\t\t","protected":false},"excerpt":{"rendered":"<p>Darlehen f\u00fcr die Mietkaution Die Mietkaution, auch Mietgarantie genannt, ist ein Geldbetrag, der vom Mieter zu Beginn des Mietverh\u00e4ltnisses gezahlt wird, um den Eigent\u00fcmer gegen m\u00f6gliche Zahlungsausf\u00e4lle oder Sch\u00e4den an der Wohnung abzusichern. In Belgien kann diese Kaution auf verschiedene Arten gestellt werden: \u00fcber ein gesperrtes Bankkonto, eine progressive Bankkaution oder auch \u00fcber spezifische regionale [&hellip;]<\/p>\n","protected":false},"author":1,"featured_media":0,"parent":0,"menu_order":0,"comment_status":"closed","ping_status":"closed","template":"","meta":{"footnotes":""},"class_list":["post-2966","page","type-page","status-publish","hentry"],"yoast_head":"<!-- This site is optimized with the Yoast SEO plugin v27.3 - https:\/\/yoast.com\/product\/yoast-seo-wordpress\/ -->\n<title>Mietkautiondarlehen \u00fcber das Internet | Online-Formular<\/title>\n<meta name=\"description\" content=\"Erfahren Sie mehr \u00fcber die verschiedenen M\u00f6glichkeiten der Unterst\u00fctzung bei der Erstellung von Mietkautionen f\u00fcr Wohnraum in Belgien.\" \/>\n<meta name=\"robots\" content=\"index, follow, max-snippet:-1, max-image-preview:large, max-video-preview:-1\" \/>\n<link rel=\"canonical\" href=\"https:\/\/garantie.be\/de\/mietkaution-darlehen\/\" \/>\n<meta property=\"og:locale\" content=\"de_DE\" \/>\n<meta property=\"og:type\" content=\"article\" \/>\n<meta property=\"og:title\" content=\"Mietkautiondarlehen \u00fcber das Internet | Online-Formular\" \/>\n<meta property=\"og:description\" content=\"Erfahren Sie mehr \u00fcber die verschiedenen M\u00f6glichkeiten der Unterst\u00fctzung bei der Erstellung von Mietkautionen f\u00fcr Wohnraum in Belgien.\" \/>\n<meta property=\"og:url\" content=\"https:\/\/garantie.be\/de\/mietkaution-darlehen\/\" \/>\n<meta property=\"og:site_name\" content=\"Garantie\" \/>\n<meta property=\"article:modified_time\" content=\"2025-03-19T15:31:01+00:00\" \/>\n<meta property=\"og:image\" content=\"https:\/\/garantie.be\/wp-content\/uploads\/2021\/10\/Logo-2-garantie-blanc.jpg\" \/>\n<meta name=\"twitter:card\" content=\"summary_large_image\" \/>\n<meta name=\"twitter:label1\" content=\"Gesch\u00e4tzte Lesezeit\" \/>\n\t<meta name=\"twitter:data1\" content=\"4\u00a0Minuten\" \/>\n<script type=\"application\/ld+json\" class=\"yoast-schema-graph\">{\"@context\":\"https:\\\/\\\/schema.org\",\"@graph\":[{\"@type\":\"WebPage\",\"@id\":\"https:\\\/\\\/garantie.be\\\/de\\\/mietkaution-darlehen\\\/\",\"url\":\"https:\\\/\\\/garantie.be\\\/de\\\/mietkaution-darlehen\\\/\",\"name\":\"Mietkautiondarlehen \u00fcber das Internet | Online-Formular\",\"isPartOf\":{\"@id\":\"https:\\\/\\\/garantie.be\\\/de\\\/#website\"},\"primaryImageOfPage\":{\"@id\":\"https:\\\/\\\/garantie.be\\\/de\\\/mietkaution-darlehen\\\/#primaryimage\"},\"image\":{\"@id\":\"https:\\\/\\\/garantie.be\\\/de\\\/mietkaution-darlehen\\\/#primaryimage\"},\"thumbnailUrl\":\"https:\\\/\\\/garantie.be\\\/wp-content\\\/uploads\\\/2021\\\/10\\\/Logo-2-garantie-blanc.jpg\",\"datePublished\":\"2021-04-01T15:20:52+00:00\",\"dateModified\":\"2025-03-19T15:31:01+00:00\",\"description\":\"Erfahren Sie mehr \u00fcber die verschiedenen M\u00f6glichkeiten der Unterst\u00fctzung bei der Erstellung von Mietkautionen f\u00fcr Wohnraum in Belgien.\",\"breadcrumb\":{\"@id\":\"https:\\\/\\\/garantie.be\\\/de\\\/mietkaution-darlehen\\\/#breadcrumb\"},\"inLanguage\":\"de\",\"potentialAction\":[{\"@type\":\"ReadAction\",\"target\":[\"https:\\\/\\\/garantie.be\\\/de\\\/mietkaution-darlehen\\\/\"]}]},{\"@type\":\"ImageObject\",\"inLanguage\":\"de\",\"@id\":\"https:\\\/\\\/garantie.be\\\/de\\\/mietkaution-darlehen\\\/#primaryimage\",\"url\":\"https:\\\/\\\/garantie.be\\\/wp-content\\\/uploads\\\/2021\\\/10\\\/Logo-2-garantie-blanc.jpg\",\"contentUrl\":\"https:\\\/\\\/garantie.be\\\/wp-content\\\/uploads\\\/2021\\\/10\\\/Logo-2-garantie-blanc.jpg\"},{\"@type\":\"BreadcrumbList\",\"@id\":\"https:\\\/\\\/garantie.be\\\/de\\\/mietkaution-darlehen\\\/#breadcrumb\",\"itemListElement\":[{\"@type\":\"ListItem\",\"position\":1,\"name\":\"Accueil\",\"item\":\"https:\\\/\\\/garantie.be\\\/de\\\/\"},{\"@type\":\"ListItem\",\"position\":2,\"name\":\"Darlehen f\u00fcr Mietkaution\"}]},{\"@type\":\"WebSite\",\"@id\":\"https:\\\/\\\/garantie.be\\\/de\\\/#website\",\"url\":\"https:\\\/\\\/garantie.be\\\/de\\\/\",\"name\":\"Garantie\",\"description\":\"\",\"publisher\":{\"@id\":\"https:\\\/\\\/garantie.be\\\/de\\\/#organization\"},\"potentialAction\":[{\"@type\":\"SearchAction\",\"target\":{\"@type\":\"EntryPoint\",\"urlTemplate\":\"https:\\\/\\\/garantie.be\\\/de\\\/?s={search_term_string}\"},\"query-input\":{\"@type\":\"PropertyValueSpecification\",\"valueRequired\":true,\"valueName\":\"search_term_string\"}}],\"inLanguage\":\"de\"},{\"@type\":\"Organization\",\"@id\":\"https:\\\/\\\/garantie.be\\\/de\\\/#organization\",\"name\":\"Garantie.be\",\"url\":\"https:\\\/\\\/garantie.be\\\/de\\\/\",\"logo\":{\"@type\":\"ImageObject\",\"inLanguage\":\"de\",\"@id\":\"https:\\\/\\\/garantie.be\\\/de\\\/#\\\/schema\\\/logo\\\/image\\\/\",\"url\":\"\",\"contentUrl\":\"\",\"caption\":\"Garantie.be\"},\"image\":{\"@id\":\"https:\\\/\\\/garantie.be\\\/de\\\/#\\\/schema\\\/logo\\\/image\\\/\"}}]}<\/script>\n<!-- \/ Yoast SEO plugin. -->","yoast_head_json":{"title":"Mietkautiondarlehen \u00fcber das Internet | Online-Formular","description":"Erfahren Sie mehr \u00fcber die verschiedenen M\u00f6glichkeiten der Unterst\u00fctzung bei der Erstellung von Mietkautionen f\u00fcr Wohnraum in Belgien.","robots":{"index":"index","follow":"follow","max-snippet":"max-snippet:-1","max-image-preview":"max-image-preview:large","max-video-preview":"max-video-preview:-1"},"canonical":"https:\/\/garantie.be\/de\/mietkaution-darlehen\/","og_locale":"de_DE","og_type":"article","og_title":"Mietkautiondarlehen \u00fcber das Internet | Online-Formular","og_description":"Erfahren Sie mehr \u00fcber die verschiedenen M\u00f6glichkeiten der Unterst\u00fctzung bei der Erstellung von Mietkautionen f\u00fcr Wohnraum in Belgien.","og_url":"https:\/\/garantie.be\/de\/mietkaution-darlehen\/","og_site_name":"Garantie","article_modified_time":"2025-03-19T15:31:01+00:00","og_image":[{"url":"https:\/\/garantie.be\/wp-content\/uploads\/2021\/10\/Logo-2-garantie-blanc.jpg","type":"","width":"","height":""}],"twitter_card":"summary_large_image","twitter_misc":{"Gesch\u00e4tzte Lesezeit":"4\u00a0Minuten"},"schema":{"@context":"https:\/\/schema.org","@graph":[{"@type":"WebPage","@id":"https:\/\/garantie.be\/de\/mietkaution-darlehen\/","url":"https:\/\/garantie.be\/de\/mietkaution-darlehen\/","name":"Mietkautiondarlehen \u00fcber das Internet | Online-Formular","isPartOf":{"@id":"https:\/\/garantie.be\/de\/#website"},"primaryImageOfPage":{"@id":"https:\/\/garantie.be\/de\/mietkaution-darlehen\/#primaryimage"},"image":{"@id":"https:\/\/garantie.be\/de\/mietkaution-darlehen\/#primaryimage"},"thumbnailUrl":"https:\/\/garantie.be\/wp-content\/uploads\/2021\/10\/Logo-2-garantie-blanc.jpg","datePublished":"2021-04-01T15:20:52+00:00","dateModified":"2025-03-19T15:31:01+00:00","description":"Erfahren Sie mehr \u00fcber die verschiedenen M\u00f6glichkeiten der Unterst\u00fctzung bei der Erstellung von Mietkautionen f\u00fcr Wohnraum in Belgien.","breadcrumb":{"@id":"https:\/\/garantie.be\/de\/mietkaution-darlehen\/#breadcrumb"},"inLanguage":"de","potentialAction":[{"@type":"ReadAction","target":["https:\/\/garantie.be\/de\/mietkaution-darlehen\/"]}]},{"@type":"ImageObject","inLanguage":"de","@id":"https:\/\/garantie.be\/de\/mietkaution-darlehen\/#primaryimage","url":"https:\/\/garantie.be\/wp-content\/uploads\/2021\/10\/Logo-2-garantie-blanc.jpg","contentUrl":"https:\/\/garantie.be\/wp-content\/uploads\/2021\/10\/Logo-2-garantie-blanc.jpg"},{"@type":"BreadcrumbList","@id":"https:\/\/garantie.be\/de\/mietkaution-darlehen\/#breadcrumb","itemListElement":[{"@type":"ListItem","position":1,"name":"Accueil","item":"https:\/\/garantie.be\/de\/"},{"@type":"ListItem","position":2,"name":"Darlehen f\u00fcr Mietkaution"}]},{"@type":"WebSite","@id":"https:\/\/garantie.be\/de\/#website","url":"https:\/\/garantie.be\/de\/","name":"Garantie","description":"","publisher":{"@id":"https:\/\/garantie.be\/de\/#organization"},"potentialAction":[{"@type":"SearchAction","target":{"@type":"EntryPoint","urlTemplate":"https:\/\/garantie.be\/de\/?s={search_term_string}"},"query-input":{"@type":"PropertyValueSpecification","valueRequired":true,"valueName":"search_term_string"}}],"inLanguage":"de"},{"@type":"Organization","@id":"https:\/\/garantie.be\/de\/#organization","name":"Garantie.be","url":"https:\/\/garantie.be\/de\/","logo":{"@type":"ImageObject","inLanguage":"de","@id":"https:\/\/garantie.be\/de\/#\/schema\/logo\/image\/","url":"","contentUrl":"","caption":"Garantie.be"},"image":{"@id":"https:\/\/garantie.be\/de\/#\/schema\/logo\/image\/"}}]}},"_links":{"self":[{"href":"https:\/\/garantie.be\/de\/wp-json\/wp\/v2\/pages\/2966","targetHints":{"allow":["GET"]}}],"collection":[{"href":"https:\/\/garantie.be\/de\/wp-json\/wp\/v2\/pages"}],"about":[{"href":"https:\/\/garantie.be\/de\/wp-json\/wp\/v2\/types\/page"}],"author":[{"embeddable":true,"href":"https:\/\/garantie.be\/de\/wp-json\/wp\/v2\/users\/1"}],"replies":[{"embeddable":true,"href":"https:\/\/garantie.be\/de\/wp-json\/wp\/v2\/comments?post=2966"}],"version-history":[{"count":0,"href":"https:\/\/garantie.be\/de\/wp-json\/wp\/v2\/pages\/2966\/revisions"}],"wp:attachment":[{"href":"https:\/\/garantie.be\/de\/wp-json\/wp\/v2\/media?parent=2966"}],"curies":[{"name":"wp","href":"https:\/\/api.w.org\/{rel}","templated":true}]}}