{"id":18123,"date":"2025-05-20T15:03:51","date_gmt":"2025-05-20T13:03:51","guid":{"rendered":"https:\/\/garantie.be\/zekir-naim-ramadan\/"},"modified":"2025-12-19T10:33:00","modified_gmt":"2025-12-19T09:33:00","slug":"zekir-naim-ramadan","status":"publish","type":"page","link":"https:\/\/garantie.be\/en\/files\/zekir-naim-ramadan\/","title":{"rendered":"Z\u00e9kir Naim &#8211; Belgium"},"content":{"rendered":"\t\t<div data-elementor-type=\"wp-page\" data-elementor-id=\"18123\" class=\"elementor elementor-18123 elementor-18110\" data-elementor-post-type=\"page\">\n\t\t\t\t\t\t<section class=\"elementor-section elementor-top-section elementor-element elementor-element-45b54c23 elementor-section-boxed elementor-section-height-default elementor-section-height-default\" data-id=\"45b54c23\" data-element_type=\"section\" data-e-type=\"section\">\n\t\t\t\t\t\t<div class=\"elementor-container elementor-column-gap-default\">\n\t\t\t\t\t<div class=\"elementor-column elementor-col-100 elementor-top-column elementor-element elementor-element-782f2a39\" data-id=\"782f2a39\" data-element_type=\"column\" data-e-type=\"column\">\n\t\t\t<div class=\"elementor-widget-wrap elementor-element-populated\">\n\t\t\t\t\t\t<div class=\"elementor-element elementor-element-21807361 elementor-widget elementor-widget-spacer\" data-id=\"21807361\" data-element_type=\"widget\" data-e-type=\"widget\" data-widget_type=\"spacer.default\">\n\t\t\t\t<div class=\"elementor-widget-container\">\n\t\t\t\t\t\t\t<div class=\"elementor-spacer\">\n\t\t\t<div class=\"elementor-spacer-inner\"><\/div>\n\t\t<\/div>\n\t\t\t\t\t\t<\/div>\n\t\t\t\t<\/div>\n\t\t\t\t\t<\/div>\n\t\t<\/div>\n\t\t\t\t\t<\/div>\n\t\t<\/section>\n\t\t\t\t<section class=\"elementor-section elementor-top-section elementor-element elementor-element-60066d8a elementor-section-boxed elementor-section-height-default elementor-section-height-default\" data-id=\"60066d8a\" data-element_type=\"section\" data-e-type=\"section\">\n\t\t\t\t\t\t<div class=\"elementor-container elementor-column-gap-default\">\n\t\t\t\t\t<div class=\"elementor-column elementor-col-100 elementor-top-column elementor-element elementor-element-4095f3a7\" data-id=\"4095f3a7\" data-element_type=\"column\" data-e-type=\"column\">\n\t\t\t<div class=\"elementor-widget-wrap elementor-element-populated\">\n\t\t\t\t\t\t<div class=\"elementor-element elementor-element-4e98a1fa elementor-widget elementor-widget-heading\" data-id=\"4e98a1fa\" data-element_type=\"widget\" data-e-type=\"widget\" data-widget_type=\"heading.default\">\n\t\t\t\t<div class=\"elementor-widget-container\">\n\t\t\t\t\t<h1 class=\"elementor-heading-title elementor-size-default\">Z\u00e9kir Naim<\/h1>\t\t\t\t<\/div>\n\t\t\t\t<\/div>\n\t\t\t\t\t<\/div>\n\t\t<\/div>\n\t\t\t\t\t<\/div>\n\t\t<\/section>\n\t\t\t\t<section class=\"elementor-section elementor-top-section elementor-element elementor-element-62bc228d elementor-section-boxed elementor-section-height-default elementor-section-height-default\" data-id=\"62bc228d\" data-element_type=\"section\" data-e-type=\"section\">\n\t\t\t\t\t\t<div class=\"elementor-container elementor-column-gap-default\">\n\t\t\t\t\t<div class=\"elementor-column elementor-col-100 elementor-top-column elementor-element elementor-element-4962a303\" data-id=\"4962a303\" data-element_type=\"column\" data-e-type=\"column\">\n\t\t\t<div class=\"elementor-widget-wrap elementor-element-populated\">\n\t\t\t\t\t\t<div class=\"elementor-element elementor-element-2c5449a6 elementor-widget elementor-widget-text-editor\" data-id=\"2c5449a6\" data-element_type=\"widget\" data-e-type=\"widget\" data-widget_type=\"text-editor.default\">\n\t\t\t\t<div class=\"elementor-widget-container\">\n\t\t\t\t\t\t\t\t\t<p><strong data-start=\"268\" data-end=\"435\">This page informs you that Z\u00e9kir Naim is among the former customers of garantie.be.<\/strong><\/p><p>Z\u00e9kir Naim benefited from our <span style=\"text-decoration: underline;\"><a href=\"https:\/\/garantie.be\/en\/belgium-rental-surety\/\">rental deposit<\/a><\/span>. As part of our guarantee commitment to his landlord, we had to cover his rental debts. An out-of-court settlement is currently being sought.<\/p>\t\t\t\t\t\t\t\t<\/div>\n\t\t\t\t<\/div>\n\t\t\t\t\t<\/div>\n\t\t<\/div>\n\t\t\t\t\t<\/div>\n\t\t<\/section>\n\t\t\t\t<section class=\"elementor-section elementor-top-section elementor-element elementor-element-2823f324 elementor-section-boxed elementor-section-height-default elementor-section-height-default\" data-id=\"2823f324\" data-element_type=\"section\" data-e-type=\"section\">\n\t\t\t\t\t\t<div class=\"elementor-container elementor-column-gap-default\">\n\t\t\t\t\t<div class=\"elementor-column elementor-col-100 elementor-top-column elementor-element elementor-element-50da16e0\" data-id=\"50da16e0\" data-element_type=\"column\" data-e-type=\"column\">\n\t\t\t<div class=\"elementor-widget-wrap elementor-element-populated\">\n\t\t\t\t\t\t<div class=\"elementor-element elementor-element-7b628a01 elementor-widget elementor-widget-text-editor\" data-id=\"7b628a01\" data-element_type=\"widget\" data-e-type=\"widget\" data-widget_type=\"text-editor.default\">\n\t\t\t\t<div class=\"elementor-widget-container\">\n\t\t\t\t\t\t\t\t\t<p class=\"\" data-start=\"404\" data-end=\"705\">Z\u00e9kir Naim is a former tenant who took out a <strong data-start=\"757\" data-end=\"808\">rental guarantee via the garantie.be platform<\/strong> to secure a rental lease in Belgium. Thanks to our service, we were able to act as a guarantor on her behalf, enabling her to move in without having to personally pay the deposit required by the landlord.<\/p>\t\t\t\t\t\t\t\t<\/div>\n\t\t\t\t<\/div>\n\t\t\t\t\t<\/div>\n\t\t<\/div>\n\t\t\t\t\t<\/div>\n\t\t<\/section>\n\t\t\t\t<section class=\"elementor-section elementor-top-section elementor-element elementor-element-3a215822 elementor-section-boxed elementor-section-height-default elementor-section-height-default\" data-id=\"3a215822\" data-element_type=\"section\" data-e-type=\"section\">\n\t\t\t\t\t\t<div class=\"elementor-container elementor-column-gap-default\">\n\t\t\t\t\t<div class=\"elementor-column elementor-col-50 elementor-top-column elementor-element elementor-element-27546f47\" data-id=\"27546f47\" data-element_type=\"column\" data-e-type=\"column\">\n\t\t\t<div class=\"elementor-widget-wrap elementor-element-populated\">\n\t\t\t\t\t\t<div class=\"elementor-element elementor-element-1ef98fd5 elementor-widget elementor-widget-image\" data-id=\"1ef98fd5\" data-element_type=\"widget\" data-e-type=\"widget\" data-widget_type=\"image.default\">\n\t\t\t\t<div class=\"elementor-widget-container\">\n\t\t\t\t\t\t\t\t\t\t\t\t\t\t\t<img decoding=\"async\" width=\"94\" height=\"94\" src=\"https:\/\/garantie.be\/wp-content\/uploads\/2021\/04\/IPID-exlcus-assurance.jpg\" class=\"attachment-large size-large wp-image-3088\" alt=\"IPID exlcus insurance\" \/>\t\t\t\t\t\t\t\t\t\t\t\t\t\t\t<\/div>\n\t\t\t\t<\/div>\n\t\t\t\t\t<\/div>\n\t\t<\/div>\n\t\t\t\t<div class=\"elementor-column elementor-col-50 elementor-top-column elementor-element elementor-element-6b7b955d\" data-id=\"6b7b955d\" data-element_type=\"column\" data-e-type=\"column\">\n\t\t\t<div class=\"elementor-widget-wrap elementor-element-populated\">\n\t\t\t\t\t\t<div class=\"elementor-element elementor-element-fb7d01a elementor-widget elementor-widget-heading\" data-id=\"fb7d01a\" data-element_type=\"widget\" data-e-type=\"widget\" data-widget_type=\"heading.default\">\n\t\t\t\t<div class=\"elementor-widget-container\">\n\t\t\t\t\t<h2 class=\"elementor-heading-title elementor-size-default\">Warning<\/h2>\t\t\t\t<\/div>\n\t\t\t\t<\/div>\n\t\t\t\t<div class=\"elementor-element elementor-element-400e2636 elementor-widget elementor-widget-text-editor\" data-id=\"400e2636\" data-element_type=\"widget\" data-e-type=\"widget\" data-widget_type=\"text-editor.default\">\n\t\t\t\t<div class=\"elementor-widget-container\">\n\t\t\t\t\t\t\t\t\t<p>If you are an owner, lessor or service provider in the real estate industry, <strong data-start=\"2512\" data-end=\"2608\">we urge you to exercise caution when considering a possible engagement with Z\u00e9kir Naim<\/strong>.<\/p><p>This page is intended to warn other structures of this customer&#8217;s <strong data-start=\"2671\" data-end=\"2701\">contractual bad faith<\/strong>, and to encourage increased vigilance in future collaborations.<\/p>\t\t\t\t\t\t\t\t<\/div>\n\t\t\t\t<\/div>\n\t\t\t\t\t<\/div>\n\t\t<\/div>\n\t\t\t\t\t<\/div>\n\t\t<\/section>\n\t\t\t\t<\/div>\n\t\t","protected":false},"excerpt":{"rendered":"<p>Z\u00e9kir Naim This page informs you that Z\u00e9kir Naim is among the former customers of garantie.be. Z\u00e9kir Naim benefited from our rental deposit. As part of our guarantee commitment to his landlord, we had to cover his rental debts. An out-of-court settlement is currently being sought. Z\u00e9kir Naim is a former tenant who took out [&hellip;]<\/p>\n","protected":false},"author":1,"featured_media":0,"parent":17869,"menu_order":0,"comment_status":"closed","ping_status":"closed","template":"","meta":{"footnotes":""},"class_list":["post-18123","page","type-page","status-publish","hentry"],"yoast_head":"<!-- This site is optimized with the Yoast SEO plugin v27.3 - https:\/\/yoast.com\/product\/yoast-seo-wordpress\/ -->\n<title>Z\u00e9kir Naim - Belgium<\/title>\n<meta name=\"description\" content=\"Z\u00e9kir Naim has benefited from our rental guarantee. Contact us before signing a rental lease with Z\u00e9kir Naim.\" \/>\n<meta name=\"robots\" content=\"index, follow, max-snippet:-1, max-image-preview:large, max-video-preview:-1\" \/>\n<link rel=\"canonical\" href=\"https:\/\/garantie.be\/en\/files\/zekir-naim-ramadan\/\" \/>\n<meta property=\"og:locale\" content=\"en_US\" \/>\n<meta property=\"og:type\" content=\"article\" \/>\n<meta property=\"og:title\" content=\"Z\u00e9kir Naim - Belgium\" \/>\n<meta property=\"og:description\" content=\"Z\u00e9kir Naim has benefited from our rental guarantee. Contact us before signing a rental lease with Z\u00e9kir Naim.\" \/>\n<meta property=\"og:url\" content=\"https:\/\/garantie.be\/en\/files\/zekir-naim-ramadan\/\" \/>\n<meta property=\"og:site_name\" content=\"Guarantee\" \/>\n<meta property=\"article:modified_time\" content=\"2025-12-19T09:33:00+00:00\" \/>\n<meta property=\"og:image\" content=\"https:\/\/garantie.be\/wp-content\/uploads\/2021\/04\/IPID-exlcus-assurance.jpg\" \/>\n<meta name=\"twitter:card\" content=\"summary_large_image\" \/>\n<meta name=\"twitter:label1\" content=\"Est. reading time\" \/>\n\t<meta name=\"twitter:data1\" content=\"1 minute\" \/>\n<script type=\"application\/ld+json\" class=\"yoast-schema-graph\">{\"@context\":\"https:\\\/\\\/schema.org\",\"@graph\":[{\"@type\":\"WebPage\",\"@id\":\"https:\\\/\\\/garantie.be\\\/en\\\/files\\\/zekir-naim-ramadan\\\/\",\"url\":\"https:\\\/\\\/garantie.be\\\/en\\\/files\\\/zekir-naim-ramadan\\\/\",\"name\":\"Z\u00e9kir Naim - Belgium\",\"isPartOf\":{\"@id\":\"https:\\\/\\\/garantie.be\\\/en\\\/#website\"},\"primaryImageOfPage\":{\"@id\":\"https:\\\/\\\/garantie.be\\\/en\\\/files\\\/zekir-naim-ramadan\\\/#primaryimage\"},\"image\":{\"@id\":\"https:\\\/\\\/garantie.be\\\/en\\\/files\\\/zekir-naim-ramadan\\\/#primaryimage\"},\"thumbnailUrl\":\"https:\\\/\\\/garantie.be\\\/wp-content\\\/uploads\\\/2021\\\/04\\\/IPID-exlcus-assurance.jpg\",\"datePublished\":\"2025-05-20T13:03:51+00:00\",\"dateModified\":\"2025-12-19T09:33:00+00:00\",\"description\":\"Z\u00e9kir Naim has benefited from our rental guarantee. Contact us before signing a rental lease with Z\u00e9kir Naim.\",\"breadcrumb\":{\"@id\":\"https:\\\/\\\/garantie.be\\\/en\\\/files\\\/zekir-naim-ramadan\\\/#breadcrumb\"},\"inLanguage\":\"en-US\",\"potentialAction\":[{\"@type\":\"ReadAction\",\"target\":[\"https:\\\/\\\/garantie.be\\\/en\\\/files\\\/zekir-naim-ramadan\\\/\"]}]},{\"@type\":\"ImageObject\",\"inLanguage\":\"en-US\",\"@id\":\"https:\\\/\\\/garantie.be\\\/en\\\/files\\\/zekir-naim-ramadan\\\/#primaryimage\",\"url\":\"https:\\\/\\\/garantie.be\\\/wp-content\\\/uploads\\\/2021\\\/04\\\/IPID-exlcus-assurance.jpg\",\"contentUrl\":\"https:\\\/\\\/garantie.be\\\/wp-content\\\/uploads\\\/2021\\\/04\\\/IPID-exlcus-assurance.jpg\"},{\"@type\":\"BreadcrumbList\",\"@id\":\"https:\\\/\\\/garantie.be\\\/en\\\/files\\\/zekir-naim-ramadan\\\/#breadcrumb\",\"itemListElement\":[{\"@type\":\"ListItem\",\"position\":1,\"name\":\"Accueil\",\"item\":\"https:\\\/\\\/garantie.be\\\/en\\\/\"},{\"@type\":\"ListItem\",\"position\":2,\"name\":\"Pending customer files\",\"item\":\"https:\\\/\\\/garantie.be\\\/en\\\/files\\\/\"},{\"@type\":\"ListItem\",\"position\":3,\"name\":\"Z\u00e9kir Naim &#8211; Belgium\"}]},{\"@type\":\"WebSite\",\"@id\":\"https:\\\/\\\/garantie.be\\\/en\\\/#website\",\"url\":\"https:\\\/\\\/garantie.be\\\/en\\\/\",\"name\":\"Guarantee\",\"description\":\"\",\"publisher\":{\"@id\":\"https:\\\/\\\/garantie.be\\\/en\\\/#organization\"},\"potentialAction\":[{\"@type\":\"SearchAction\",\"target\":{\"@type\":\"EntryPoint\",\"urlTemplate\":\"https:\\\/\\\/garantie.be\\\/en\\\/?s={search_term_string}\"},\"query-input\":{\"@type\":\"PropertyValueSpecification\",\"valueRequired\":true,\"valueName\":\"search_term_string\"}}],\"inLanguage\":\"en-US\"},{\"@type\":\"Organization\",\"@id\":\"https:\\\/\\\/garantie.be\\\/en\\\/#organization\",\"name\":\"Garantie.be\",\"url\":\"https:\\\/\\\/garantie.be\\\/en\\\/\",\"logo\":{\"@type\":\"ImageObject\",\"inLanguage\":\"en-US\",\"@id\":\"https:\\\/\\\/garantie.be\\\/en\\\/#\\\/schema\\\/logo\\\/image\\\/\",\"url\":\"\",\"contentUrl\":\"\",\"caption\":\"Garantie.be\"},\"image\":{\"@id\":\"https:\\\/\\\/garantie.be\\\/en\\\/#\\\/schema\\\/logo\\\/image\\\/\"}}]}<\/script>\n<!-- \/ Yoast SEO plugin. -->","yoast_head_json":{"title":"Z\u00e9kir Naim - Belgium","description":"Z\u00e9kir Naim has benefited from our rental guarantee. Contact us before signing a rental lease with Z\u00e9kir Naim.","robots":{"index":"index","follow":"follow","max-snippet":"max-snippet:-1","max-image-preview":"max-image-preview:large","max-video-preview":"max-video-preview:-1"},"canonical":"https:\/\/garantie.be\/en\/files\/zekir-naim-ramadan\/","og_locale":"en_US","og_type":"article","og_title":"Z\u00e9kir Naim - Belgium","og_description":"Z\u00e9kir Naim has benefited from our rental guarantee. Contact us before signing a rental lease with Z\u00e9kir Naim.","og_url":"https:\/\/garantie.be\/en\/files\/zekir-naim-ramadan\/","og_site_name":"Guarantee","article_modified_time":"2025-12-19T09:33:00+00:00","og_image":[{"url":"https:\/\/garantie.be\/wp-content\/uploads\/2021\/04\/IPID-exlcus-assurance.jpg","type":"","width":"","height":""}],"twitter_card":"summary_large_image","twitter_misc":{"Est. reading time":"1 minute"},"schema":{"@context":"https:\/\/schema.org","@graph":[{"@type":"WebPage","@id":"https:\/\/garantie.be\/en\/files\/zekir-naim-ramadan\/","url":"https:\/\/garantie.be\/en\/files\/zekir-naim-ramadan\/","name":"Z\u00e9kir Naim - Belgium","isPartOf":{"@id":"https:\/\/garantie.be\/en\/#website"},"primaryImageOfPage":{"@id":"https:\/\/garantie.be\/en\/files\/zekir-naim-ramadan\/#primaryimage"},"image":{"@id":"https:\/\/garantie.be\/en\/files\/zekir-naim-ramadan\/#primaryimage"},"thumbnailUrl":"https:\/\/garantie.be\/wp-content\/uploads\/2021\/04\/IPID-exlcus-assurance.jpg","datePublished":"2025-05-20T13:03:51+00:00","dateModified":"2025-12-19T09:33:00+00:00","description":"Z\u00e9kir Naim has benefited from our rental guarantee. Contact us before signing a rental lease with Z\u00e9kir Naim.","breadcrumb":{"@id":"https:\/\/garantie.be\/en\/files\/zekir-naim-ramadan\/#breadcrumb"},"inLanguage":"en-US","potentialAction":[{"@type":"ReadAction","target":["https:\/\/garantie.be\/en\/files\/zekir-naim-ramadan\/"]}]},{"@type":"ImageObject","inLanguage":"en-US","@id":"https:\/\/garantie.be\/en\/files\/zekir-naim-ramadan\/#primaryimage","url":"https:\/\/garantie.be\/wp-content\/uploads\/2021\/04\/IPID-exlcus-assurance.jpg","contentUrl":"https:\/\/garantie.be\/wp-content\/uploads\/2021\/04\/IPID-exlcus-assurance.jpg"},{"@type":"BreadcrumbList","@id":"https:\/\/garantie.be\/en\/files\/zekir-naim-ramadan\/#breadcrumb","itemListElement":[{"@type":"ListItem","position":1,"name":"Accueil","item":"https:\/\/garantie.be\/en\/"},{"@type":"ListItem","position":2,"name":"Pending customer files","item":"https:\/\/garantie.be\/en\/files\/"},{"@type":"ListItem","position":3,"name":"Z\u00e9kir Naim &#8211; Belgium"}]},{"@type":"WebSite","@id":"https:\/\/garantie.be\/en\/#website","url":"https:\/\/garantie.be\/en\/","name":"Guarantee","description":"","publisher":{"@id":"https:\/\/garantie.be\/en\/#organization"},"potentialAction":[{"@type":"SearchAction","target":{"@type":"EntryPoint","urlTemplate":"https:\/\/garantie.be\/en\/?s={search_term_string}"},"query-input":{"@type":"PropertyValueSpecification","valueRequired":true,"valueName":"search_term_string"}}],"inLanguage":"en-US"},{"@type":"Organization","@id":"https:\/\/garantie.be\/en\/#organization","name":"Garantie.be","url":"https:\/\/garantie.be\/en\/","logo":{"@type":"ImageObject","inLanguage":"en-US","@id":"https:\/\/garantie.be\/en\/#\/schema\/logo\/image\/","url":"","contentUrl":"","caption":"Garantie.be"},"image":{"@id":"https:\/\/garantie.be\/en\/#\/schema\/logo\/image\/"}}]}},"_links":{"self":[{"href":"https:\/\/garantie.be\/en\/wp-json\/wp\/v2\/pages\/18123","targetHints":{"allow":["GET"]}}],"collection":[{"href":"https:\/\/garantie.be\/en\/wp-json\/wp\/v2\/pages"}],"about":[{"href":"https:\/\/garantie.be\/en\/wp-json\/wp\/v2\/types\/page"}],"author":[{"embeddable":true,"href":"https:\/\/garantie.be\/en\/wp-json\/wp\/v2\/users\/1"}],"replies":[{"embeddable":true,"href":"https:\/\/garantie.be\/en\/wp-json\/wp\/v2\/comments?post=18123"}],"version-history":[{"count":0,"href":"https:\/\/garantie.be\/en\/wp-json\/wp\/v2\/pages\/18123\/revisions"}],"up":[{"embeddable":true,"href":"https:\/\/garantie.be\/en\/wp-json\/wp\/v2\/pages\/17869"}],"wp:attachment":[{"href":"https:\/\/garantie.be\/en\/wp-json\/wp\/v2\/media?parent=18123"}],"curies":[{"name":"wp","href":"https:\/\/api.w.org\/{rel}","templated":true}]}}