{"id":17551,"date":"2025-05-15T08:56:39","date_gmt":"2025-05-15T06:56:39","guid":{"rendered":"https:\/\/garantie.be\/politica-de-confidentialidad\/"},"modified":"2026-01-07T10:18:58","modified_gmt":"2026-01-07T09:18:58","slug":"politica-de-confidentialidad","status":"publish","type":"page","link":"https:\/\/garantie.be\/es\/politica-de-confidentialidad\/","title":{"rendered":"Pol\u00edtica de privacidad"},"content":{"rendered":"\t\t<div data-elementor-type=\"wp-page\" data-elementor-id=\"17551\" class=\"elementor elementor-17551 elementor-14136\" data-elementor-post-type=\"page\">\n\t\t\t\t\t\t<section class=\"elementor-section elementor-top-section elementor-element elementor-element-30d2ce1f elementor-section-boxed elementor-section-height-default elementor-section-height-default\" data-id=\"30d2ce1f\" data-element_type=\"section\" data-e-type=\"section\">\n\t\t\t\t\t\t<div class=\"elementor-container elementor-column-gap-default\">\n\t\t\t\t\t<div class=\"elementor-column elementor-col-100 elementor-top-column elementor-element elementor-element-329bd7b4\" data-id=\"329bd7b4\" data-element_type=\"column\" data-e-type=\"column\">\n\t\t\t<div class=\"elementor-widget-wrap elementor-element-populated\">\n\t\t\t\t\t\t<div class=\"elementor-element elementor-element-4527746a elementor-widget elementor-widget-spacer\" data-id=\"4527746a\" data-element_type=\"widget\" data-e-type=\"widget\" data-widget_type=\"spacer.default\">\n\t\t\t\t<div class=\"elementor-widget-container\">\n\t\t\t\t\t\t\t<div class=\"elementor-spacer\">\n\t\t\t<div class=\"elementor-spacer-inner\"><\/div>\n\t\t<\/div>\n\t\t\t\t\t\t<\/div>\n\t\t\t\t<\/div>\n\t\t\t\t<div class=\"elementor-element elementor-element-5f4653e6 elementor-widget elementor-widget-heading\" data-id=\"5f4653e6\" data-element_type=\"widget\" data-e-type=\"widget\" data-widget_type=\"heading.default\">\n\t\t\t\t<div class=\"elementor-widget-container\">\n\t\t\t\t\t<h1 class=\"elementor-heading-title elementor-size-default\">Pol\u00edtica de<b>privacidad<\/b> <br><b><\/b><\/h1>\t\t\t\t<\/div>\n\t\t\t\t<\/div>\n\t\t\t\t<div class=\"elementor-element elementor-element-119be207 elementor-widget elementor-widget-spacer\" data-id=\"119be207\" data-element_type=\"widget\" data-e-type=\"widget\" data-widget_type=\"spacer.default\">\n\t\t\t\t<div class=\"elementor-widget-container\">\n\t\t\t\t\t\t\t<div class=\"elementor-spacer\">\n\t\t\t<div class=\"elementor-spacer-inner\"><\/div>\n\t\t<\/div>\n\t\t\t\t\t\t<\/div>\n\t\t\t\t<\/div>\n\t\t\t\t\t<\/div>\n\t\t<\/div>\n\t\t\t\t\t<\/div>\n\t\t<\/section>\n\t\t\t\t<section class=\"elementor-section elementor-top-section elementor-element elementor-element-791cc7bc elementor-section-boxed elementor-section-height-default elementor-section-height-default\" data-id=\"791cc7bc\" data-element_type=\"section\" data-e-type=\"section\">\n\t\t\t\t\t\t<div class=\"elementor-container elementor-column-gap-default\">\n\t\t\t\t\t<div class=\"elementor-column elementor-col-100 elementor-top-column elementor-element elementor-element-2251ecb4\" data-id=\"2251ecb4\" data-element_type=\"column\" data-e-type=\"column\">\n\t\t\t<div class=\"elementor-widget-wrap elementor-element-populated\">\n\t\t\t\t\t\t<div class=\"elementor-element elementor-element-6386da1e elementor-widget elementor-widget-heading\" data-id=\"6386da1e\" data-element_type=\"widget\" data-e-type=\"widget\" data-widget_type=\"heading.default\">\n\t\t\t\t<div class=\"elementor-widget-container\">\n\t\t\t\t\t<h2 class=\"elementor-heading-title elementor-size-default\">\u00bfQui\u00e9nes somos?<\/h2>\t\t\t\t<\/div>\n\t\t\t\t<\/div>\n\t\t\t\t<div class=\"elementor-element elementor-element-317fdf70 elementor-widget elementor-widget-text-editor\" data-id=\"317fdf70\" data-element_type=\"widget\" data-e-type=\"widget\" data-widget_type=\"text-editor.default\">\n\t\t\t\t<div class=\"elementor-widget-container\">\n\t\t\t\t\t\t\t\t\t<p>Est\u00e1s consultando el sitio <a href=\"https:\/\/garantie.be\/es\/\" target=\"_new\" rel=\"noopener\"><span style=\"text-decoration: underline;\">garantie.be<\/span><\/a> que es propiedad de la empresa belga especializada en fianzas de alquiler <a href=\"https:\/\/garantir.be\"><span style=\"text-decoration: underline;\">Garantir SRL<\/span><\/a>.<\/p><p>Prestamos especial atenci\u00f3n a la protecci\u00f3n de los datos personales que nos conf\u00edas como parte de tu solicitud <a href=\"https:\/\/garantie.be\/es\/fianza-alquiler-en-linea\/\">online de fianza de alquiler<\/a>. Esta p\u00e1gina explica lo que hacemos con tus datos personales. <\/p>\t\t\t\t\t\t\t\t<\/div>\n\t\t\t\t<\/div>\n\t\t\t\t<div class=\"elementor-element elementor-element-2d038c00 elementor-widget elementor-widget-heading\" data-id=\"2d038c00\" data-element_type=\"widget\" data-e-type=\"widget\" data-widget_type=\"heading.default\">\n\t\t\t\t<div class=\"elementor-widget-container\">\n\t\t\t\t\t<h2 class=\"elementor-heading-title elementor-size-default\">\u00bfQu\u00e9 datos recogemos?<\/h2>\t\t\t\t<\/div>\n\t\t\t\t<\/div>\n\t\t\t\t<div class=\"elementor-element elementor-element-17e75351 elementor-widget elementor-widget-text-editor\" data-id=\"17e75351\" data-element_type=\"widget\" data-e-type=\"widget\" data-widget_type=\"text-editor.default\">\n\t\t\t\t<div class=\"elementor-widget-container\">\n\t\t\t\t\t\t\t\t\t<p>Cuando rellenas nuestro formulario de solicitud de dep\u00f3sito, recogemos los siguientes datos:<\/p><ul><li>Datos de identificaci\u00f3n: apellidos, nombre, fecha de nacimiento, direcci\u00f3n, n\u00famero de tel\u00e9fono, direcci\u00f3n de correo electr\u00f3nico<\/li><li>Datos profesionales: tipo de contrato laboral, empleador, ingresos<\/li><li>Documentos justificativos: copia del carn\u00e9 de identidad, prueba de ingresos, borrador del contrato de alquiler, etc.<\/li><li>Datos t\u00e9cnicos: direcci\u00f3n IP, tipo de navegador, sistema operativo, tiempo de visita (mediante cookies).<\/li><\/ul><p> <\/p><p>Puedes consultar nuestra <span style=\"text-decoration: underline;\"><a href=\"https:\/\/garantie.be\/es\/politica-de-cookies-ue\/\">pol\u00edtica de cookies<\/a><\/span> para m\u00e1s detalles.<\/p>\t\t\t\t\t\t\t\t<\/div>\n\t\t\t\t<\/div>\n\t\t\t\t<div class=\"elementor-element elementor-element-6ec99cbd elementor-widget elementor-widget-heading\" data-id=\"6ec99cbd\" data-element_type=\"widget\" data-e-type=\"widget\" data-widget_type=\"heading.default\">\n\t\t\t\t<div class=\"elementor-widget-container\">\n\t\t\t\t\t<h2 class=\"elementor-heading-title elementor-size-default\">\u00bfC\u00f3mo utilizamos tus datos?<\/h2>\t\t\t\t<\/div>\n\t\t\t\t<\/div>\n\t\t\t\t<div class=\"elementor-element elementor-element-39d89d91 elementor-widget elementor-widget-text-editor\" data-id=\"39d89d91\" data-element_type=\"widget\" data-e-type=\"widget\" data-widget_type=\"text-editor.default\">\n\t\t\t\t<div class=\"elementor-widget-container\">\n\t\t\t\t\t\t\t\t\t<p>Tus datos s\u00f3lo se utilizar\u00e1n para :<\/p><ul><li>Evaluar tu solicitud de fianza de alquiler<\/li><li>Gestionar la tramitaci\u00f3n de tu solicitud y, si se aprueba, redactar el contrato de garant\u00eda<\/li><li>Enviar el certificado de garant\u00eda al propietario si se acepta la solicitud<\/li><li>Ponernos en contacto contigo si es necesario para completar o actualizar tu expediente<\/li><li>Cumplir nuestras obligaciones legales<\/li><\/ul><p> <\/p>\t\t\t\t\t\t\t\t<\/div>\n\t\t\t\t<\/div>\n\t\t\t\t<div class=\"elementor-element elementor-element-f4ccdd1 elementor-widget elementor-widget-heading\" data-id=\"f4ccdd1\" data-element_type=\"widget\" data-e-type=\"widget\" data-widget_type=\"heading.default\">\n\t\t\t\t<div class=\"elementor-widget-container\">\n\t\t\t\t\t<h2 class=\"elementor-heading-title elementor-size-default\">Base jur\u00eddica del tratamiento<\/h2>\t\t\t\t<\/div>\n\t\t\t\t<\/div>\n\t\t\t\t<div class=\"elementor-element elementor-element-5e084e6 elementor-widget elementor-widget-text-editor\" data-id=\"5e084e6\" data-element_type=\"widget\" data-e-type=\"widget\" data-widget_type=\"text-editor.default\">\n\t\t\t\t<div class=\"elementor-widget-container\">\n\t\t\t\t\t\t\t\t\t<p>Tratamos tus datos sobre la base de :<\/p><ul><li>medidas precontractuales (an\u00e1lisis de tu expediente),<\/li><li>o la ejecuci\u00f3n de un contrato, si se concede una garant\u00eda (art\u00edculo 6.1.b del RGPD).<\/li><\/ul><p> <\/p>\t\t\t\t\t\t\t\t<\/div>\n\t\t\t\t<\/div>\n\t\t\t\t<div class=\"elementor-element elementor-element-44b0472 elementor-widget elementor-widget-heading\" data-id=\"44b0472\" data-element_type=\"widget\" data-e-type=\"widget\" data-widget_type=\"heading.default\">\n\t\t\t\t<div class=\"elementor-widget-container\">\n\t\t\t\t\t<h2 class=\"elementor-heading-title elementor-size-default\">\u00bfQui\u00e9n tiene acceso a tus datos?<\/h2>\t\t\t\t<\/div>\n\t\t\t\t<\/div>\n\t\t\t\t<div class=\"elementor-element elementor-element-b778736 elementor-widget elementor-widget-text-editor\" data-id=\"b778736\" data-element_type=\"widget\" data-e-type=\"widget\" data-widget_type=\"text-editor.default\">\n\t\t\t\t<div class=\"elementor-widget-container\">\n\t\t\t\t\t\t\t\t\t<p>Los datos recogidos no se transmiten a ning\u00fan tercero externo.<\/p><p>S\u00f3lo los empleados autorizados de GARANTIR SRL tienen acceso al mismo, dentro de los l\u00edmites de sus funciones, y \u00fanicamente para los fines mencionados.<br>El certificado de garant\u00eda entregado al arrendador no contiene ning\u00fan dato personal confidencial, sino \u00fanicamente los nombres de los arrendatarios que figuran en el contrato de arrendamiento.<\/p>\t\t\t\t\t\t\t\t<\/div>\n\t\t\t\t<\/div>\n\t\t\t\t<div class=\"elementor-element elementor-element-04d9ebd elementor-widget elementor-widget-heading\" data-id=\"04d9ebd\" data-element_type=\"widget\" data-e-type=\"widget\" data-widget_type=\"heading.default\">\n\t\t\t\t<div class=\"elementor-widget-container\">\n\t\t\t\t\t<h2 class=\"elementor-heading-title elementor-size-default\">\u00bfCu\u00e1nto tiempo conservamos tus datos?<\/h2>\t\t\t\t<\/div>\n\t\t\t\t<\/div>\n\t\t\t\t<div class=\"elementor-element elementor-element-f553db0 elementor-widget elementor-widget-text-editor\" data-id=\"f553db0\" data-element_type=\"widget\" data-e-type=\"widget\" data-widget_type=\"text-editor.default\">\n\t\t\t\t<div class=\"elementor-widget-container\">\n\t\t\t\t\t\t\t\t\t<ul><li>Si tu solicitud da lugar a un contrato de garant\u00eda: tus datos se conservan mientras dure el contrato, y luego se archivan durante 5 a\u00f1os (a efectos probatorios).<\/li><li>Si tu solicitud es rechazada o abandonada: tus datos se eliminar\u00e1n en un plazo m\u00e1ximo de 60 d\u00edas.<\/li><\/ul><p> <\/p>\t\t\t\t\t\t\t\t<\/div>\n\t\t\t\t<\/div>\n\t\t\t\t<div class=\"elementor-element elementor-element-0d2a27d elementor-widget elementor-widget-heading\" data-id=\"0d2a27d\" data-element_type=\"widget\" data-e-type=\"widget\" data-widget_type=\"heading.default\">\n\t\t\t\t<div class=\"elementor-widget-container\">\n\t\t\t\t\t<h2 class=\"elementor-heading-title elementor-size-default\">Tus derechos<\/h2>\t\t\t\t<\/div>\n\t\t\t\t<\/div>\n\t\t\t\t<div class=\"elementor-element elementor-element-d372252 elementor-widget elementor-widget-text-editor\" data-id=\"d372252\" data-element_type=\"widget\" data-e-type=\"widget\" data-widget_type=\"text-editor.default\">\n\t\t\t\t<div class=\"elementor-widget-container\">\n\t\t\t\t\t\t\t\t\t<p>Tienes los siguientes derechos sobre tus datos personales en cualquier momento:<\/p><ul><li>Acceso a tus datos<\/li><li>Correcci\u00f3n o actualizaci\u00f3n<\/li><li>Borrado (derecho al olvido)<\/li><li>Limitaci\u00f3n del tratamiento<\/li><li>Oposici\u00f3n en determinados casos<\/li><\/ul><p> <\/p><p>Para ejercer tus derechos, utiliza nuestro <a href=\"https:\/\/account.garantie.be\/fr\/contact\/\">formulario de contacto<\/a>.<\/p><p>En caso de dificultad, tambi\u00e9n tienes derecho a presentar una reclamaci\u00f3n ante la Autoridad de Protecci\u00f3n de Datos:<br>www.autoriteprotectiondonnees.be<\/p>\t\t\t\t\t\t\t\t<\/div>\n\t\t\t\t<\/div>\n\t\t\t\t<div class=\"elementor-element elementor-element-8ce7e22 elementor-widget elementor-widget-heading\" data-id=\"8ce7e22\" data-element_type=\"widget\" data-e-type=\"widget\" data-widget_type=\"heading.default\">\n\t\t\t\t<div class=\"elementor-widget-container\">\n\t\t\t\t\t<h2 class=\"elementor-heading-title elementor-size-default\">Seguridad<\/h2>\t\t\t\t<\/div>\n\t\t\t\t<\/div>\n\t\t\t\t<div class=\"elementor-element elementor-element-8c326d5 elementor-widget elementor-widget-text-editor\" data-id=\"8c326d5\" data-element_type=\"widget\" data-e-type=\"widget\" data-widget_type=\"text-editor.default\">\n\t\t\t\t<div class=\"elementor-widget-container\">\n\t\t\t\t\t\t\t\t\t<p>Tus datos se alojan en servidores seguros, protegidos por medidas t\u00e9cnicas y organizativas adecuadas (cortafuegos, control de acceso, etc.). Nunca transmitimos tus documentos a trav\u00e9s de canales no seguros, y nunca te pedimos una contrase\u00f1a por correo electr\u00f3nico. <\/p>\t\t\t\t\t\t\t\t<\/div>\n\t\t\t\t<\/div>\n\t\t\t\t<div class=\"elementor-element elementor-element-d354ae4 elementor-widget elementor-widget-heading\" data-id=\"d354ae4\" data-element_type=\"widget\" data-e-type=\"widget\" data-widget_type=\"heading.default\">\n\t\t\t\t<div class=\"elementor-widget-container\">\n\t\t\t\t\t<h2 class=\"elementor-heading-title elementor-size-default\">Actualiza\n<\/h2>\t\t\t\t<\/div>\n\t\t\t\t<\/div>\n\t\t\t\t<div class=\"elementor-element elementor-element-31d933b elementor-widget elementor-widget-text-editor\" data-id=\"31d933b\" data-element_type=\"widget\" data-e-type=\"widget\" data-widget_type=\"text-editor.default\">\n\t\t\t\t<div class=\"elementor-widget-container\">\n\t\t\t\t\t\t\t\t\t<p>Esta pol\u00edtica puede actualizarse en cualquier momento. La \u00faltima versi\u00f3n publicada en el sitio es vinculante.<br>Te invitamos a consultarla regularmente. <\/p><p> <\/p>\t\t\t\t\t\t\t\t<\/div>\n\t\t\t\t<\/div>\n\t\t\t\t\t<\/div>\n\t\t<\/div>\n\t\t\t\t\t<\/div>\n\t\t<\/section>\n\t\t\t\t<\/div>\n\t\t","protected":false},"excerpt":{"rendered":"<p>Pol\u00edtica deprivacidad \u00bfQui\u00e9nes somos? Est\u00e1s consultando el sitio garantie.be que es propiedad de la empresa belga especializada en fianzas de alquiler Garantir SRL. Prestamos especial atenci\u00f3n a la protecci\u00f3n de los datos personales que nos conf\u00edas como parte de tu solicitud online de fianza de alquiler. Esta p\u00e1gina explica lo que hacemos con tus datos [&hellip;]<\/p>\n","protected":false},"author":1,"featured_media":0,"parent":0,"menu_order":0,"comment_status":"closed","ping_status":"closed","template":"","meta":{"footnotes":""},"class_list":["post-17551","page","type-page","status-publish","hentry"],"yoast_head":"<!-- This site is optimized with the Yoast SEO plugin v27.3 - https:\/\/yoast.com\/product\/yoast-seo-wordpress\/ -->\n<title>Pol\u00edtica de privacidad<\/title>\n<meta name=\"description\" content=\"Inf\u00f3rmate sobre la pol\u00edtica de privacidad de nuestro sitio web garantie.be, especializado en servicios online de fianza de alquiler.\" \/>\n<meta name=\"robots\" content=\"index, follow, max-snippet:-1, max-image-preview:large, max-video-preview:-1\" \/>\n<link rel=\"canonical\" href=\"https:\/\/garantie.be\/es\/politica-de-confidentialidad\/\" \/>\n<meta property=\"og:locale\" content=\"es_ES\" \/>\n<meta property=\"og:type\" content=\"article\" \/>\n<meta property=\"og:title\" content=\"Pol\u00edtica de privacidad\" \/>\n<meta property=\"og:description\" content=\"Inf\u00f3rmate sobre la pol\u00edtica de privacidad de nuestro sitio web garantie.be, especializado en servicios online de fianza de alquiler.\" \/>\n<meta property=\"og:url\" content=\"https:\/\/garantie.be\/es\/politica-de-confidentialidad\/\" \/>\n<meta property=\"og:site_name\" content=\"Garantie\" \/>\n<meta property=\"article:modified_time\" content=\"2026-01-07T09:18:58+00:00\" \/>\n<meta name=\"twitter:card\" content=\"summary_large_image\" \/>\n<meta name=\"twitter:label1\" content=\"Tiempo de lectura\" \/>\n\t<meta name=\"twitter:data1\" content=\"3 minutos\" \/>\n<script type=\"application\/ld+json\" class=\"yoast-schema-graph\">{\"@context\":\"https:\\\/\\\/schema.org\",\"@graph\":[{\"@type\":\"WebPage\",\"@id\":\"https:\\\/\\\/garantie.be\\\/es\\\/politica-de-confidentialidad\\\/\",\"url\":\"https:\\\/\\\/garantie.be\\\/es\\\/politica-de-confidentialidad\\\/\",\"name\":\"Pol\u00edtica de privacidad\",\"isPartOf\":{\"@id\":\"https:\\\/\\\/garantie.be\\\/es\\\/#website\"},\"datePublished\":\"2025-05-15T06:56:39+00:00\",\"dateModified\":\"2026-01-07T09:18:58+00:00\",\"description\":\"Inf\u00f3rmate sobre la pol\u00edtica de privacidad de nuestro sitio web garantie.be, especializado en servicios online de fianza de alquiler.\",\"breadcrumb\":{\"@id\":\"https:\\\/\\\/garantie.be\\\/es\\\/politica-de-confidentialidad\\\/#breadcrumb\"},\"inLanguage\":\"es\",\"potentialAction\":[{\"@type\":\"ReadAction\",\"target\":[\"https:\\\/\\\/garantie.be\\\/es\\\/politica-de-confidentialidad\\\/\"]}]},{\"@type\":\"BreadcrumbList\",\"@id\":\"https:\\\/\\\/garantie.be\\\/es\\\/politica-de-confidentialidad\\\/#breadcrumb\",\"itemListElement\":[{\"@type\":\"ListItem\",\"position\":1,\"name\":\"Accueil\",\"item\":\"https:\\\/\\\/garantie.be\\\/es\\\/\"},{\"@type\":\"ListItem\",\"position\":2,\"name\":\"Pol\u00edtica de privacidad\"}]},{\"@type\":\"WebSite\",\"@id\":\"https:\\\/\\\/garantie.be\\\/es\\\/#website\",\"url\":\"https:\\\/\\\/garantie.be\\\/es\\\/\",\"name\":\"Garantie\",\"description\":\"\",\"publisher\":{\"@id\":\"https:\\\/\\\/garantie.be\\\/es\\\/#organization\"},\"potentialAction\":[{\"@type\":\"SearchAction\",\"target\":{\"@type\":\"EntryPoint\",\"urlTemplate\":\"https:\\\/\\\/garantie.be\\\/es\\\/?s={search_term_string}\"},\"query-input\":{\"@type\":\"PropertyValueSpecification\",\"valueRequired\":true,\"valueName\":\"search_term_string\"}}],\"inLanguage\":\"es\"},{\"@type\":\"Organization\",\"@id\":\"https:\\\/\\\/garantie.be\\\/es\\\/#organization\",\"name\":\"Garantie.be\",\"url\":\"https:\\\/\\\/garantie.be\\\/es\\\/\",\"logo\":{\"@type\":\"ImageObject\",\"inLanguage\":\"es\",\"@id\":\"https:\\\/\\\/garantie.be\\\/es\\\/#\\\/schema\\\/logo\\\/image\\\/\",\"url\":\"\",\"contentUrl\":\"\",\"caption\":\"Garantie.be\"},\"image\":{\"@id\":\"https:\\\/\\\/garantie.be\\\/es\\\/#\\\/schema\\\/logo\\\/image\\\/\"}}]}<\/script>\n<!-- \/ Yoast SEO plugin. -->","yoast_head_json":{"title":"Pol\u00edtica de privacidad","description":"Inf\u00f3rmate sobre la pol\u00edtica de privacidad de nuestro sitio web garantie.be, especializado en servicios online de fianza de alquiler.","robots":{"index":"index","follow":"follow","max-snippet":"max-snippet:-1","max-image-preview":"max-image-preview:large","max-video-preview":"max-video-preview:-1"},"canonical":"https:\/\/garantie.be\/es\/politica-de-confidentialidad\/","og_locale":"es_ES","og_type":"article","og_title":"Pol\u00edtica de privacidad","og_description":"Inf\u00f3rmate sobre la pol\u00edtica de privacidad de nuestro sitio web garantie.be, especializado en servicios online de fianza de alquiler.","og_url":"https:\/\/garantie.be\/es\/politica-de-confidentialidad\/","og_site_name":"Garantie","article_modified_time":"2026-01-07T09:18:58+00:00","twitter_card":"summary_large_image","twitter_misc":{"Tiempo de lectura":"3 minutos"},"schema":{"@context":"https:\/\/schema.org","@graph":[{"@type":"WebPage","@id":"https:\/\/garantie.be\/es\/politica-de-confidentialidad\/","url":"https:\/\/garantie.be\/es\/politica-de-confidentialidad\/","name":"Pol\u00edtica de privacidad","isPartOf":{"@id":"https:\/\/garantie.be\/es\/#website"},"datePublished":"2025-05-15T06:56:39+00:00","dateModified":"2026-01-07T09:18:58+00:00","description":"Inf\u00f3rmate sobre la pol\u00edtica de privacidad de nuestro sitio web garantie.be, especializado en servicios online de fianza de alquiler.","breadcrumb":{"@id":"https:\/\/garantie.be\/es\/politica-de-confidentialidad\/#breadcrumb"},"inLanguage":"es","potentialAction":[{"@type":"ReadAction","target":["https:\/\/garantie.be\/es\/politica-de-confidentialidad\/"]}]},{"@type":"BreadcrumbList","@id":"https:\/\/garantie.be\/es\/politica-de-confidentialidad\/#breadcrumb","itemListElement":[{"@type":"ListItem","position":1,"name":"Accueil","item":"https:\/\/garantie.be\/es\/"},{"@type":"ListItem","position":2,"name":"Pol\u00edtica de privacidad"}]},{"@type":"WebSite","@id":"https:\/\/garantie.be\/es\/#website","url":"https:\/\/garantie.be\/es\/","name":"Garantie","description":"","publisher":{"@id":"https:\/\/garantie.be\/es\/#organization"},"potentialAction":[{"@type":"SearchAction","target":{"@type":"EntryPoint","urlTemplate":"https:\/\/garantie.be\/es\/?s={search_term_string}"},"query-input":{"@type":"PropertyValueSpecification","valueRequired":true,"valueName":"search_term_string"}}],"inLanguage":"es"},{"@type":"Organization","@id":"https:\/\/garantie.be\/es\/#organization","name":"Garantie.be","url":"https:\/\/garantie.be\/es\/","logo":{"@type":"ImageObject","inLanguage":"es","@id":"https:\/\/garantie.be\/es\/#\/schema\/logo\/image\/","url":"","contentUrl":"","caption":"Garantie.be"},"image":{"@id":"https:\/\/garantie.be\/es\/#\/schema\/logo\/image\/"}}]}},"_links":{"self":[{"href":"https:\/\/garantie.be\/es\/wp-json\/wp\/v2\/pages\/17551","targetHints":{"allow":["GET"]}}],"collection":[{"href":"https:\/\/garantie.be\/es\/wp-json\/wp\/v2\/pages"}],"about":[{"href":"https:\/\/garantie.be\/es\/wp-json\/wp\/v2\/types\/page"}],"author":[{"embeddable":true,"href":"https:\/\/garantie.be\/es\/wp-json\/wp\/v2\/users\/1"}],"replies":[{"embeddable":true,"href":"https:\/\/garantie.be\/es\/wp-json\/wp\/v2\/comments?post=17551"}],"version-history":[{"count":0,"href":"https:\/\/garantie.be\/es\/wp-json\/wp\/v2\/pages\/17551\/revisions"}],"wp:attachment":[{"href":"https:\/\/garantie.be\/es\/wp-json\/wp\/v2\/media?parent=17551"}],"curies":[{"name":"wp","href":"https:\/\/api.w.org\/{rel}","templated":true}]}}