{"id":17570,"date":"2025-05-15T11:27:45","date_gmt":"2025-05-15T09:27:45","guid":{"rendered":"https:\/\/garantie.be\/fianza-alquiler-belgica\/"},"modified":"2025-10-14T17:40:55","modified_gmt":"2025-10-14T15:40:55","slug":"fianza-alquiler-belgica","status":"publish","type":"page","link":"https:\/\/garantie.be\/es\/fianza-alquiler-belgica\/","title":{"rendered":"Fianza de alquiler de vivienda en B\u00e9lgica"},"content":{"rendered":"\t\t<div data-elementor-type=\"wp-page\" data-elementor-id=\"17570\" class=\"elementor elementor-17570 elementor-16658\" data-elementor-post-type=\"page\">\n\t\t\t\t\t\t<section class=\"elementor-section elementor-top-section elementor-element elementor-element-548ac82 elementor-section-boxed elementor-section-height-default elementor-section-height-default\" data-id=\"548ac82\" data-element_type=\"section\" data-e-type=\"section\">\n\t\t\t\t\t\t<div class=\"elementor-container elementor-column-gap-default\">\n\t\t\t\t\t<div class=\"elementor-column elementor-col-100 elementor-top-column elementor-element elementor-element-3dba6e8b\" data-id=\"3dba6e8b\" data-element_type=\"column\" data-e-type=\"column\">\n\t\t\t<div class=\"elementor-widget-wrap elementor-element-populated\">\n\t\t\t\t\t\t<div class=\"elementor-element elementor-element-32ba3a49 elementor-widget elementor-widget-spacer\" data-id=\"32ba3a49\" data-element_type=\"widget\" data-e-type=\"widget\" data-widget_type=\"spacer.default\">\n\t\t\t\t<div class=\"elementor-widget-container\">\n\t\t\t\t\t\t\t<div class=\"elementor-spacer\">\n\t\t\t<div class=\"elementor-spacer-inner\"><\/div>\n\t\t<\/div>\n\t\t\t\t\t\t<\/div>\n\t\t\t\t<\/div>\n\t\t\t\t<div class=\"elementor-element elementor-element-6dfef8ad elementor-widget elementor-widget-heading\" data-id=\"6dfef8ad\" data-element_type=\"widget\" data-e-type=\"widget\" data-widget_type=\"heading.default\">\n\t\t\t\t<div class=\"elementor-widget-container\">\n\t\t\t\t\t<h1 class=\"elementor-heading-title elementor-size-default\"><b>Fianza de alquiler<\/b><br>del contrato de alquiler<\/h1>\t\t\t\t<\/div>\n\t\t\t\t<\/div>\n\t\t\t\t<div class=\"elementor-element elementor-element-3890697a elementor-widget elementor-widget-spacer\" data-id=\"3890697a\" data-element_type=\"widget\" data-e-type=\"widget\" data-widget_type=\"spacer.default\">\n\t\t\t\t<div class=\"elementor-widget-container\">\n\t\t\t\t\t\t\t<div class=\"elementor-spacer\">\n\t\t\t<div class=\"elementor-spacer-inner\"><\/div>\n\t\t<\/div>\n\t\t\t\t\t\t<\/div>\n\t\t\t\t<\/div>\n\t\t\t\t\t<\/div>\n\t\t<\/div>\n\t\t\t\t\t<\/div>\n\t\t<\/section>\n\t\t\t\t<section class=\"elementor-section elementor-top-section elementor-element elementor-element-1760b233 elementor-section-boxed elementor-section-height-default elementor-section-height-default\" data-id=\"1760b233\" data-element_type=\"section\" data-e-type=\"section\">\n\t\t\t\t\t\t<div class=\"elementor-container elementor-column-gap-default\">\n\t\t\t\t\t<div class=\"elementor-column elementor-col-100 elementor-top-column elementor-element elementor-element-50785c8f\" data-id=\"50785c8f\" data-element_type=\"column\" data-e-type=\"column\">\n\t\t\t<div class=\"elementor-widget-wrap elementor-element-populated\">\n\t\t\t\t\t\t<div class=\"elementor-element elementor-element-1eac5f8 elementor-widget elementor-widget-text-editor\" data-id=\"1eac5f8\" data-element_type=\"widget\" data-e-type=\"widget\" data-widget_type=\"text-editor.default\">\n\t\t\t\t<div class=\"elementor-widget-container\">\n\t\t\t\t\t\t\t\t\t<p>La <b>fianza de alquiler<\/b> es una cantidad de dinero que el inquilino entrega al propietario al inicio del contrato de alquiler. Se utiliza para cubrir posibles deficiencias por parte del inquilino, como el impago del alquiler o da\u00f1os en la vivienda. Aunque no es obligatorio, suele exigirse y debe especificarse en el contrato de alquiler.  <\/p><p>Para obtener un <b>fianza de alquiler sin hacer un ingreso bancario<\/b>, basta con solicitar una garant\u00eda a garantie.be haciendo clic en <a href=\"https:\/\/garantie.be\/es\/fianza-alquiler-en-linea\/\">\n  <span style=\"text-decoration: underline;\">fianza de alquiler en l\u00ednea<\/span>\n<\/a>.<\/p>\t\t\t\t\t\t\t\t<\/div>\n\t\t\t\t<\/div>\n\t\t\t\t<div class=\"elementor-element elementor-element-531cdd8 elementor-widget elementor-widget-heading\" data-id=\"531cdd8\" data-element_type=\"widget\" data-e-type=\"widget\" data-widget_type=\"heading.default\">\n\t\t\t\t<div class=\"elementor-widget-container\">\n\t\t\t\t\t<h2 class=\"elementor-heading-title elementor-size-default\">\u00bfPara qu\u00e9 sirve la fianza de alquiler?<\/h2>\t\t\t\t<\/div>\n\t\t\t\t<\/div>\n\t\t\t\t<div class=\"elementor-element elementor-element-f12b9f5 elementor-widget elementor-widget-text-editor\" data-id=\"f12b9f5\" data-element_type=\"widget\" data-e-type=\"widget\" data-widget_type=\"text-editor.default\">\n\t\t\t\t<div class=\"elementor-widget-container\">\n\t\t\t\t\t\t\t\t\t<p><span style=\"font-weight: 400;\">La <strong>fianza de alquiler<\/strong> protege al propietario frente a los riesgos financieros asociados al alquiler. En caso de da\u00f1os en la vivienda o de impago del alquiler, el propietario puede utilizar esta suma para indemnizarse, siempre que tenga el acuerdo del inquilino o una orden judicial. <\/span><\/p>\t\t\t\t\t\t\t\t<\/div>\n\t\t\t\t<\/div>\n\t\t\t\t<div class=\"elementor-element elementor-element-c5f80ad elementor-widget elementor-widget-heading\" data-id=\"c5f80ad\" data-element_type=\"widget\" data-e-type=\"widget\" data-widget_type=\"heading.default\">\n\t\t\t\t<div class=\"elementor-widget-container\">\n\t\t\t\t\t<h2 class=\"elementor-heading-title elementor-size-default\">\u00bfCu\u00e1ndo debo hacer un ingreso?<\/h2>\t\t\t\t<\/div>\n\t\t\t\t<\/div>\n\t\t\t\t<div class=\"elementor-element elementor-element-5a529f0 elementor-widget elementor-widget-text-editor\" data-id=\"5a529f0\" data-element_type=\"widget\" data-e-type=\"widget\" data-widget_type=\"text-editor.default\">\n\t\t\t\t<div class=\"elementor-widget-container\">\n\t\t\t\t\t\t\t\t\t<p>La direcci\u00f3n <a href=\"https:\/\/garantie.be\/es\/fianza-de-alquiler\/\">fianza de alquiler<\/a> debe establecerse antes o cuando se firme el <a href=\"https:\/\/garantie.be\/es\/contrato-alquiler\/\">contrato de alquiler<\/a>. Es aconsejable dar este paso con unos d\u00edas de antelaci\u00f3n para que las entidades financieras puedan ultimar los tr\u00e1mites necesarios. <\/p>\t\t\t\t\t\t\t\t<\/div>\n\t\t\t\t<\/div>\n\t\t\t\t<div class=\"elementor-element elementor-element-f3df64a elementor-widget elementor-widget-heading\" data-id=\"f3df64a\" data-element_type=\"widget\" data-e-type=\"widget\" data-widget_type=\"heading.default\">\n\t\t\t\t<div class=\"elementor-widget-container\">\n\t\t\t\t\t<h2 class=\"elementor-heading-title elementor-size-default\">\u00bfCu\u00e1les son las soluciones de adhesi\u00f3n en B\u00e9lgica?<\/h2>\t\t\t\t<\/div>\n\t\t\t\t<\/div>\n\t\t\t\t<div class=\"elementor-element elementor-element-d8ee4d0 elementor-widget elementor-widget-text-editor\" data-id=\"d8ee4d0\" data-element_type=\"widget\" data-e-type=\"widget\" data-widget_type=\"text-editor.default\">\n\t\t\t\t<div class=\"elementor-widget-container\">\n\t\t\t\t\t\t\t\t\t<p>En B\u00e9lgica, los inquilinos tienen varias opciones para obtener una fianza de alquiler:<\/p><ul><li><b>Aval bancario<\/b>: El banco avala al inquilino a cambio de un acuerdo espec\u00edfico. Esta opci\u00f3n de <a href=\"https:\/\/garantie.be\/es\/garantia-bancaria-alquiler\/\">aval bancario<\/a> puede estar sujeta a condiciones y gastos de aceptaci\u00f3n. <\/li><li><b>Garant\u00eda del CPAS<\/b>: En determinadas condiciones, el Centre Public d&#8217;Action Sociale puede ofrecer una garant\u00eda por el importe del fianza de alquiler, sobre todo para las personas en situaci\u00f3n econ\u00f3mica precaria. Haz clic aqu\u00ed para obtener m\u00e1s informaci\u00f3n sobre <a href=\"https:\/\/garantie.be\/es\/fianza-alquiler-cpas\/\">fianza de alquiler de CPAS<\/a>.<\/li><li><b>Servicios especializados<\/b>: Garantie.be te permite obtener un <a href=\"https:\/\/garantie.be\/es\/fianza-alquiler-en-linea\/\">fianza de alquiler online<\/a> en pocas horas.<\/li><\/ul>\t\t\t\t\t\t\t\t<\/div>\n\t\t\t\t<\/div>\n\t\t\t\t<div class=\"elementor-element elementor-element-e7b68e4 elementor-widget elementor-widget-heading\" data-id=\"e7b68e4\" data-element_type=\"widget\" data-e-type=\"widget\" data-widget_type=\"heading.default\">\n\t\t\t\t<div class=\"elementor-widget-container\">\n\t\t\t\t\t<h2 class=\"elementor-heading-title elementor-size-default\">\u00bfQu\u00e9 ayudas existen para las fianzas de alquiler en B\u00e9lgica?<\/h2>\t\t\t\t<\/div>\n\t\t\t\t<\/div>\n\t\t\t\t<div class=\"elementor-element elementor-element-604078e elementor-widget elementor-widget-text-editor\" data-id=\"604078e\" data-element_type=\"widget\" data-e-type=\"widget\" data-widget_type=\"text-editor.default\">\n\t\t\t\t<div class=\"elementor-widget-container\">\n\t\t\t\t\t\t\t\t\tExisten varios tipos de asistencia para ayudar a los inquilinos a constituir su fianza de alquiler.\n<ul>\n \t<li><b>Fondo de Vivienda<\/b>: Ofrece pr\u00e9stamos sin intereses para cubrir fianza de alquiler, sujetos a ciertas condiciones relativas a los ingresos y la composici\u00f3n del hogar.<\/li>\n \t<li><b>Fondo BRUGAL<\/b>: Ofrece ayudas a personas con ingresos limitados, con condiciones de devoluci\u00f3n adaptadas a la situaci\u00f3n econ\u00f3mica del inquilino.<\/li>\n<\/ul>\t\t\t\t\t\t\t\t<\/div>\n\t\t\t\t<\/div>\n\t\t\t\t<div class=\"elementor-element elementor-element-d010800 elementor-widget elementor-widget-heading\" data-id=\"d010800\" data-element_type=\"widget\" data-e-type=\"widget\" data-widget_type=\"heading.default\">\n\t\t\t\t<div class=\"elementor-widget-container\">\n\t\t\t\t\t<h2 class=\"elementor-heading-title elementor-size-default\">Fianza de alquiler en la Regi\u00f3n Valona<\/h2>\t\t\t\t<\/div>\n\t\t\t\t<\/div>\n\t\t\t\t<div class=\"elementor-element elementor-element-d088c29 elementor-widget elementor-widget-text-editor\" data-id=\"d088c29\" data-element_type=\"widget\" data-e-type=\"widget\" data-widget_type=\"text-editor.default\">\n\t\t\t\t<div class=\"elementor-widget-container\">\n\t\t\t\t\t\t\t\t\tEl <a href=\"https:\/\/garantie.be\/es\/fianza-alquiler-valonia\/\">fianza de alquiler en Valonia<\/a> no puede superar los dos meses de alquiler. Existen ayudas espec\u00edficas, como pr\u00e9stamos a inter\u00e9s cero, para los inquilinos que tengan dificultades para aportar esta garant\u00eda. \t\t\t\t\t\t\t\t<\/div>\n\t\t\t\t<\/div>\n\t\t\t\t<div class=\"elementor-element elementor-element-311aa86 elementor-widget elementor-widget-heading\" data-id=\"311aa86\" data-element_type=\"widget\" data-e-type=\"widget\" data-widget_type=\"heading.default\">\n\t\t\t\t<div class=\"elementor-widget-container\">\n\t\t\t\t\t<h2 class=\"elementor-heading-title elementor-size-default\">Escritura de garant\u00eda de un alquiler<\/h2>\t\t\t\t<\/div>\n\t\t\t\t<\/div>\n\t\t\t\t<div class=\"elementor-element elementor-element-969427a elementor-widget elementor-widget-text-editor\" data-id=\"969427a\" data-element_type=\"widget\" data-e-type=\"widget\" data-widget_type=\"text-editor.default\">\n\t\t\t\t<div class=\"elementor-widget-container\">\n\t\t\t\t\t\t\t\t\tUna escritura de garant\u00eda es un compromiso escrito de un tercero, llamado avalista, de pagar las deudas del inquilino si \u00e9ste incumple. Para ser v\u00e1lida en B\u00e9lgica, esta escritura debe estar cuidadosamente redactada y cumplir ciertas formalidades. \t\t\t\t\t\t\t\t<\/div>\n\t\t\t\t<\/div>\n\t\t\t\t\t<\/div>\n\t\t<\/div>\n\t\t\t\t\t<\/div>\n\t\t<\/section>\n\t\t\t\t<\/div>\n\t\t","protected":false},"excerpt":{"rendered":"<p>Fianza de alquilerdel contrato de alquiler La fianza de alquiler es una cantidad de dinero que el inquilino entrega al propietario al inicio del contrato de alquiler. Se utiliza para cubrir posibles deficiencias por parte del inquilino, como el impago del alquiler o da\u00f1os en la vivienda. Aunque no es obligatorio, suele exigirse y debe [&hellip;]<\/p>\n","protected":false},"author":1,"featured_media":0,"parent":0,"menu_order":0,"comment_status":"closed","ping_status":"closed","template":"","meta":{"footnotes":""},"class_list":["post-17570","page","type-page","status-publish","hentry"],"yoast_head":"<!-- This site is optimized with the Yoast SEO plugin v27.3 - https:\/\/yoast.com\/product\/yoast-seo-wordpress\/ -->\n<title>Fianza de alquiler de vivienda en B\u00e9lgica<\/title>\n<meta name=\"robots\" content=\"index, follow, max-snippet:-1, max-image-preview:large, max-video-preview:-1\" \/>\n<link rel=\"canonical\" href=\"https:\/\/garantie.be\/es\/fianza-alquiler-belgica\/\" \/>\n<meta property=\"og:locale\" content=\"es_ES\" \/>\n<meta property=\"og:type\" content=\"article\" \/>\n<meta property=\"og:title\" content=\"Fianza de alquiler de vivienda en B\u00e9lgica\" \/>\n<meta property=\"og:description\" content=\"Fianza de alquilerdel contrato de alquiler La fianza de alquiler es una cantidad de dinero que el inquilino entrega al propietario al inicio del contrato de alquiler. Se utiliza para cubrir posibles deficiencias por parte del inquilino, como el impago del alquiler o da\u00f1os en la vivienda. Aunque no es obligatorio, suele exigirse y debe [&hellip;]\" \/>\n<meta property=\"og:url\" content=\"https:\/\/garantie.be\/es\/fianza-alquiler-belgica\/\" \/>\n<meta property=\"og:site_name\" content=\"Garantie\" \/>\n<meta property=\"article:modified_time\" content=\"2025-10-14T15:40:55+00:00\" \/>\n<meta name=\"twitter:card\" content=\"summary_large_image\" \/>\n<meta name=\"twitter:label1\" content=\"Tiempo de lectura\" \/>\n\t<meta name=\"twitter:data1\" content=\"2 minutos\" \/>\n<script type=\"application\/ld+json\" class=\"yoast-schema-graph\">{\"@context\":\"https:\\\/\\\/schema.org\",\"@graph\":[{\"@type\":\"WebPage\",\"@id\":\"https:\\\/\\\/garantie.be\\\/es\\\/fianza-alquiler-belgica\\\/\",\"url\":\"https:\\\/\\\/garantie.be\\\/es\\\/fianza-alquiler-belgica\\\/\",\"name\":\"Fianza de alquiler de vivienda en B\u00e9lgica\",\"isPartOf\":{\"@id\":\"https:\\\/\\\/garantie.be\\\/es\\\/#website\"},\"datePublished\":\"2025-05-15T09:27:45+00:00\",\"dateModified\":\"2025-10-14T15:40:55+00:00\",\"breadcrumb\":{\"@id\":\"https:\\\/\\\/garantie.be\\\/es\\\/fianza-alquiler-belgica\\\/#breadcrumb\"},\"inLanguage\":\"es\",\"potentialAction\":[{\"@type\":\"ReadAction\",\"target\":[\"https:\\\/\\\/garantie.be\\\/es\\\/fianza-alquiler-belgica\\\/\"]}]},{\"@type\":\"BreadcrumbList\",\"@id\":\"https:\\\/\\\/garantie.be\\\/es\\\/fianza-alquiler-belgica\\\/#breadcrumb\",\"itemListElement\":[{\"@type\":\"ListItem\",\"position\":1,\"name\":\"Accueil\",\"item\":\"https:\\\/\\\/garantie.be\\\/es\\\/\"},{\"@type\":\"ListItem\",\"position\":2,\"name\":\"Fianza de alquiler de vivienda en B\u00e9lgica\"}]},{\"@type\":\"WebSite\",\"@id\":\"https:\\\/\\\/garantie.be\\\/es\\\/#website\",\"url\":\"https:\\\/\\\/garantie.be\\\/es\\\/\",\"name\":\"Garantie\",\"description\":\"\",\"publisher\":{\"@id\":\"https:\\\/\\\/garantie.be\\\/es\\\/#organization\"},\"potentialAction\":[{\"@type\":\"SearchAction\",\"target\":{\"@type\":\"EntryPoint\",\"urlTemplate\":\"https:\\\/\\\/garantie.be\\\/es\\\/?s={search_term_string}\"},\"query-input\":{\"@type\":\"PropertyValueSpecification\",\"valueRequired\":true,\"valueName\":\"search_term_string\"}}],\"inLanguage\":\"es\"},{\"@type\":\"Organization\",\"@id\":\"https:\\\/\\\/garantie.be\\\/es\\\/#organization\",\"name\":\"Garantie.be\",\"url\":\"https:\\\/\\\/garantie.be\\\/es\\\/\",\"logo\":{\"@type\":\"ImageObject\",\"inLanguage\":\"es\",\"@id\":\"https:\\\/\\\/garantie.be\\\/es\\\/#\\\/schema\\\/logo\\\/image\\\/\",\"url\":\"\",\"contentUrl\":\"\",\"caption\":\"Garantie.be\"},\"image\":{\"@id\":\"https:\\\/\\\/garantie.be\\\/es\\\/#\\\/schema\\\/logo\\\/image\\\/\"}}]}<\/script>\n<!-- \/ Yoast SEO plugin. -->","yoast_head_json":{"title":"Fianza de alquiler de vivienda en B\u00e9lgica","robots":{"index":"index","follow":"follow","max-snippet":"max-snippet:-1","max-image-preview":"max-image-preview:large","max-video-preview":"max-video-preview:-1"},"canonical":"https:\/\/garantie.be\/es\/fianza-alquiler-belgica\/","og_locale":"es_ES","og_type":"article","og_title":"Fianza de alquiler de vivienda en B\u00e9lgica","og_description":"Fianza de alquilerdel contrato de alquiler La fianza de alquiler es una cantidad de dinero que el inquilino entrega al propietario al inicio del contrato de alquiler. Se utiliza para cubrir posibles deficiencias por parte del inquilino, como el impago del alquiler o da\u00f1os en la vivienda. Aunque no es obligatorio, suele exigirse y debe [&hellip;]","og_url":"https:\/\/garantie.be\/es\/fianza-alquiler-belgica\/","og_site_name":"Garantie","article_modified_time":"2025-10-14T15:40:55+00:00","twitter_card":"summary_large_image","twitter_misc":{"Tiempo de lectura":"2 minutos"},"schema":{"@context":"https:\/\/schema.org","@graph":[{"@type":"WebPage","@id":"https:\/\/garantie.be\/es\/fianza-alquiler-belgica\/","url":"https:\/\/garantie.be\/es\/fianza-alquiler-belgica\/","name":"Fianza de alquiler de vivienda en B\u00e9lgica","isPartOf":{"@id":"https:\/\/garantie.be\/es\/#website"},"datePublished":"2025-05-15T09:27:45+00:00","dateModified":"2025-10-14T15:40:55+00:00","breadcrumb":{"@id":"https:\/\/garantie.be\/es\/fianza-alquiler-belgica\/#breadcrumb"},"inLanguage":"es","potentialAction":[{"@type":"ReadAction","target":["https:\/\/garantie.be\/es\/fianza-alquiler-belgica\/"]}]},{"@type":"BreadcrumbList","@id":"https:\/\/garantie.be\/es\/fianza-alquiler-belgica\/#breadcrumb","itemListElement":[{"@type":"ListItem","position":1,"name":"Accueil","item":"https:\/\/garantie.be\/es\/"},{"@type":"ListItem","position":2,"name":"Fianza de alquiler de vivienda en B\u00e9lgica"}]},{"@type":"WebSite","@id":"https:\/\/garantie.be\/es\/#website","url":"https:\/\/garantie.be\/es\/","name":"Garantie","description":"","publisher":{"@id":"https:\/\/garantie.be\/es\/#organization"},"potentialAction":[{"@type":"SearchAction","target":{"@type":"EntryPoint","urlTemplate":"https:\/\/garantie.be\/es\/?s={search_term_string}"},"query-input":{"@type":"PropertyValueSpecification","valueRequired":true,"valueName":"search_term_string"}}],"inLanguage":"es"},{"@type":"Organization","@id":"https:\/\/garantie.be\/es\/#organization","name":"Garantie.be","url":"https:\/\/garantie.be\/es\/","logo":{"@type":"ImageObject","inLanguage":"es","@id":"https:\/\/garantie.be\/es\/#\/schema\/logo\/image\/","url":"","contentUrl":"","caption":"Garantie.be"},"image":{"@id":"https:\/\/garantie.be\/es\/#\/schema\/logo\/image\/"}}]}},"_links":{"self":[{"href":"https:\/\/garantie.be\/es\/wp-json\/wp\/v2\/pages\/17570","targetHints":{"allow":["GET"]}}],"collection":[{"href":"https:\/\/garantie.be\/es\/wp-json\/wp\/v2\/pages"}],"about":[{"href":"https:\/\/garantie.be\/es\/wp-json\/wp\/v2\/types\/page"}],"author":[{"embeddable":true,"href":"https:\/\/garantie.be\/es\/wp-json\/wp\/v2\/users\/1"}],"replies":[{"embeddable":true,"href":"https:\/\/garantie.be\/es\/wp-json\/wp\/v2\/comments?post=17570"}],"version-history":[{"count":0,"href":"https:\/\/garantie.be\/es\/wp-json\/wp\/v2\/pages\/17570\/revisions"}],"wp:attachment":[{"href":"https:\/\/garantie.be\/es\/wp-json\/wp\/v2\/media?parent=17570"}],"curies":[{"name":"wp","href":"https:\/\/api.w.org\/{rel}","templated":true}]}}