{"id":17574,"date":"2025-05-15T11:35:15","date_gmt":"2025-05-15T09:35:15","guid":{"rendered":"https:\/\/garantie.be\/fianza-alquiler-valonia\/"},"modified":"2025-10-09T09:57:28","modified_gmt":"2025-10-09T07:57:28","slug":"fianza-alquiler-valonia","status":"publish","type":"page","link":"https:\/\/garantie.be\/es\/fianza-alquiler-valonia\/","title":{"rendered":"Fianza de alquiler Valonia"},"content":{"rendered":"\t\t<div data-elementor-type=\"wp-page\" data-elementor-id=\"17574\" class=\"elementor elementor-17574 elementor-139\" data-elementor-post-type=\"page\">\n\t\t\t\t\t\t<section class=\"elementor-section elementor-top-section elementor-element elementor-element-5bc74497 elementor-section-boxed elementor-section-height-default elementor-section-height-default\" data-id=\"5bc74497\" data-element_type=\"section\" data-e-type=\"section\">\n\t\t\t\t\t\t<div class=\"elementor-container elementor-column-gap-default\">\n\t\t\t\t\t<div class=\"elementor-column elementor-col-100 elementor-top-column elementor-element elementor-element-2cac1886\" data-id=\"2cac1886\" data-element_type=\"column\" data-e-type=\"column\">\n\t\t\t<div class=\"elementor-widget-wrap elementor-element-populated\">\n\t\t\t\t\t\t<div class=\"elementor-element elementor-element-99d3ab5 elementor-widget elementor-widget-spacer\" data-id=\"99d3ab5\" data-element_type=\"widget\" data-e-type=\"widget\" data-widget_type=\"spacer.default\">\n\t\t\t\t<div class=\"elementor-widget-container\">\n\t\t\t\t\t\t\t<div class=\"elementor-spacer\">\n\t\t\t<div class=\"elementor-spacer-inner\"><\/div>\n\t\t<\/div>\n\t\t\t\t\t\t<\/div>\n\t\t\t\t<\/div>\n\t\t\t\t<div class=\"elementor-element elementor-element-2565365c elementor-widget elementor-widget-heading\" data-id=\"2565365c\" data-element_type=\"widget\" data-e-type=\"widget\" data-widget_type=\"heading.default\">\n\t\t\t\t<div class=\"elementor-widget-container\">\n\t\t\t\t\t<h1 class=\"elementor-heading-title elementor-size-default\">fianza de alquiler\n<b> <br>en Valonia<\/b><\/h1>\t\t\t\t<\/div>\n\t\t\t\t<\/div>\n\t\t\t\t\t<\/div>\n\t\t<\/div>\n\t\t\t\t\t<\/div>\n\t\t<\/section>\n\t\t\t\t<section class=\"elementor-section elementor-top-section elementor-element elementor-element-c4a270b elementor-section-boxed elementor-section-height-default elementor-section-height-default\" data-id=\"c4a270b\" data-element_type=\"section\" data-e-type=\"section\">\n\t\t\t\t\t\t<div class=\"elementor-container elementor-column-gap-default\">\n\t\t\t\t\t<div class=\"elementor-column elementor-col-100 elementor-top-column elementor-element elementor-element-d89eed6\" data-id=\"d89eed6\" data-element_type=\"column\" data-e-type=\"column\">\n\t\t\t<div class=\"elementor-widget-wrap elementor-element-populated\">\n\t\t\t\t\t\t<div class=\"elementor-element elementor-element-be9792a elementor-widget elementor-widget-image\" data-id=\"be9792a\" data-element_type=\"widget\" data-e-type=\"widget\" data-widget_type=\"image.default\">\n\t\t\t\t<div class=\"elementor-widget-container\">\n\t\t\t\t\t\t\t\t\t\t\t\t\t\t\t<img decoding=\"async\" width=\"300\" height=\"94\" src=\"https:\/\/garantie.be\/wp-content\/uploads\/2021\/09\/Garantie-locative-Wallonie-300x94.jpg\" class=\"attachment-medium size-medium wp-image-17575\" alt=\"\" srcset=\"https:\/\/garantie.be\/wp-content\/uploads\/2021\/09\/Garantie-locative-Wallonie-300x94.jpg 300w, https:\/\/garantie.be\/wp-content\/uploads\/2021\/09\/Garantie-locative-Wallonie-1024x320.jpg 1024w, https:\/\/garantie.be\/wp-content\/uploads\/2021\/09\/Garantie-locative-Wallonie-768x240.jpg 768w, https:\/\/garantie.be\/wp-content\/uploads\/2021\/09\/Garantie-locative-Wallonie-1536x481.jpg 1536w, https:\/\/garantie.be\/wp-content\/uploads\/2021\/09\/Garantie-locative-Wallonie-2048x641.jpg 2048w\" sizes=\"(max-width: 300px) 100vw, 300px\" \/>\t\t\t\t\t\t\t\t\t\t\t\t\t\t\t<\/div>\n\t\t\t\t<\/div>\n\t\t\t\t\t<\/div>\n\t\t<\/div>\n\t\t\t\t\t<\/div>\n\t\t<\/section>\n\t\t\t\t<section class=\"elementor-section elementor-top-section elementor-element elementor-element-64e32d58 elementor-section-boxed elementor-section-height-default elementor-section-height-default\" data-id=\"64e32d58\" data-element_type=\"section\" data-e-type=\"section\">\n\t\t\t\t\t\t<div class=\"elementor-container elementor-column-gap-default\">\n\t\t\t\t\t<div class=\"elementor-column elementor-col-100 elementor-top-column elementor-element elementor-element-6b014f8e\" data-id=\"6b014f8e\" data-element_type=\"column\" data-e-type=\"column\">\n\t\t\t<div class=\"elementor-widget-wrap elementor-element-populated\">\n\t\t\t\t\t\t<div class=\"elementor-element elementor-element-13c8e54 elementor-widget elementor-widget-spacer\" data-id=\"13c8e54\" data-element_type=\"widget\" data-e-type=\"widget\" data-widget_type=\"spacer.default\">\n\t\t\t\t<div class=\"elementor-widget-container\">\n\t\t\t\t\t\t\t<div class=\"elementor-spacer\">\n\t\t\t<div class=\"elementor-spacer-inner\"><\/div>\n\t\t<\/div>\n\t\t\t\t\t\t<\/div>\n\t\t\t\t<\/div>\n\t\t\t\t<div class=\"elementor-element elementor-element-f30fd29 elementor-widget elementor-widget-text-editor\" data-id=\"f30fd29\" data-element_type=\"widget\" data-e-type=\"widget\" data-widget_type=\"text-editor.default\">\n\t\t\t\t<div class=\"elementor-widget-container\">\n\t\t\t\t\t\t\t\t\t<p><span style=\"font-weight: 400;\"><strong>Para obtener un certificado de fianza de alquiler para un inmueble en Valonia<\/strong>, s\u00f3lo tienes que rellenar el formulario haciendo clic en <\/span><span style=\"text-decoration: underline;\"><a href=\"https:\/\/garantie.be\/es\/fianza-alquiler-en-linea\/\"><span style=\"font-weight: 400;\">fianza de alquiler en l\u00ednea<\/span><\/a><\/span><span style=\"font-weight: 400;\">.<\/span><\/p>\t\t\t\t\t\t\t\t<\/div>\n\t\t\t\t<\/div>\n\t\t\t\t<div class=\"elementor-element elementor-element-2abaa16 elementor-widget elementor-widget-heading\" data-id=\"2abaa16\" data-element_type=\"widget\" data-e-type=\"widget\" data-widget_type=\"heading.default\">\n\t\t\t\t<div class=\"elementor-widget-container\">\n\t\t\t\t\t<h2 class=\"elementor-heading-title elementor-size-default\">\u00bfQu\u00e9 es fianza de alquiler en Valonia?<\/h2>\t\t\t\t<\/div>\n\t\t\t\t<\/div>\n\t\t\t\t<div class=\"elementor-element elementor-element-74ed970 elementor-widget elementor-widget-text-editor\" data-id=\"74ed970\" data-element_type=\"widget\" data-e-type=\"widget\" data-widget_type=\"text-editor.default\">\n\t\t\t\t<div class=\"elementor-widget-container\">\n\t\t\t\t\t\t\t\t\t<p>Las normas que rigen <span style=\"text-decoration: underline;\"><a href=\"https:\/\/garantie.be\/es\/fianza-de-alquiler\/\">fianza de alquiler<\/a><\/span> han cambiado en los \u00faltimos a\u00f1os en B\u00e9lgica. Desde 2018, las tres regiones belgas han definido sus propias normas para los arrendamientos residenciales. A <strong>partir de ahora, las normas regionales tendr\u00e1n prioridad sobre las leyes federales<\/strong>. <\/p><p>Cuando se trata de fianza de alquiler, cada una de las 3 regiones tiene sus propias normas. El importe m\u00e1ximo exigido legalmente para fianza de alquiler depender\u00e1 de la regi\u00f3n. La ley no exige esta garant\u00eda, pero la mayor\u00eda de los contratos de vivienda habitual la prev\u00e9n.  <\/p><p>Para saber m\u00e1s sobre las caracter\u00edsticas espec\u00edficas de la regi\u00f3n de Bruselas, lee nuestro art\u00edculo dedicado a la regi\u00f3n de Bruselas. <span style=\"text-decoration: underline;\"><a href=\"https:\/\/garantie.be\/es\/fianza-alquiler-bruselas\/\">fianza de alquiler Bruselas<\/a><\/span>. Para comprender las nuevas normas de vivienda espec\u00edficas de Flandes, puedes leer nuestro art\u00edculo sobre la <span style=\"text-decoration: underline;\"><a href=\"https:\/\/garantie.be\/es\/fianza-alquiler-flandes\/\">fianza de alquiler en Flandes<\/a><\/span>. <\/p>\t\t\t\t\t\t\t\t<\/div>\n\t\t\t\t<\/div>\n\t\t\t\t\t<\/div>\n\t\t<\/div>\n\t\t\t\t\t<\/div>\n\t\t<\/section>\n\t\t\t\t<section class=\"elementor-section elementor-top-section elementor-element elementor-element-ae07407 elementor-section-content-middle elementor-section-height-min-height elementor-section-items-stretch elementor-section-boxed elementor-section-height-default\" data-id=\"ae07407\" data-element_type=\"section\" data-e-type=\"section\">\n\t\t\t\t\t\t<div class=\"elementor-container elementor-column-gap-no\">\n\t\t\t\t\t<div class=\"elementor-column elementor-col-100 elementor-top-column elementor-element elementor-element-2a538177\" data-id=\"2a538177\" data-element_type=\"column\" data-e-type=\"column\" data-settings=\"{&quot;background_background&quot;:&quot;classic&quot;}\">\n\t\t\t<div class=\"elementor-widget-wrap elementor-element-populated\">\n\t\t\t\t\t\t<div class=\"elementor-element elementor-element-2b436069 elementor-widget elementor-widget-image\" data-id=\"2b436069\" data-element_type=\"widget\" data-e-type=\"widget\" data-widget_type=\"image.default\">\n\t\t\t\t<div class=\"elementor-widget-container\">\n\t\t\t\t\t\t\t\t\t\t\t\t\t\t\t<img decoding=\"async\" src=\"https:\/\/garantie.be\/wp-content\/uploads\/elementor\/thumbs\/Logo-2-garantie-alone-1-pe5xec7dnfsf8cs3rtfffen34plb9ip2rjyfhjeqd0.jpg\" title=\"garantia\" alt=\"garantia\" loading=\"lazy\" \/>\t\t\t\t\t\t\t\t\t\t\t\t\t\t\t<\/div>\n\t\t\t\t<\/div>\n\t\t\t\t<div class=\"elementor-element elementor-element-73b21705 elementor-widget elementor-widget-text-editor\" data-id=\"73b21705\" data-element_type=\"widget\" data-e-type=\"widget\" data-widget_type=\"text-editor.default\">\n\t\t\t\t<div class=\"elementor-widget-container\">\n\t\t\t\t\t\t\t\t\t<p>Rellena nuestro formulario en l\u00ednea para obtener tu fianza de alquiler en s\u00f3lo unas horas. No bloqueas ning\u00fan dinero porque trabajamos como un <span style=\"text-decoration: underline;\"><a href=\"https:\/\/garantie.be\/es\/garantia-bancaria-alquiler\/\">fianza de alquiler banco<\/a><\/span>. <\/p>\t\t\t\t\t\t\t\t<\/div>\n\t\t\t\t<\/div>\n\t\t\t\t<div class=\"elementor-element elementor-element-512ebe3c elementor-mobile-align-center elementor-align-center elementor-widget elementor-widget-button\" data-id=\"512ebe3c\" data-element_type=\"widget\" data-e-type=\"widget\" data-widget_type=\"button.default\">\n\t\t\t\t<div class=\"elementor-widget-container\">\n\t\t\t\t\t\t\t\t\t<div class=\"elementor-button-wrapper\">\n\t\t\t\t\t<a class=\"elementor-button elementor-button-link elementor-size-sm\" href=\"https:\/\/account.garantie.be\/en\/register\/lease\">\n\t\t\t\t\t\t<span class=\"elementor-button-content-wrapper\">\n\t\t\t\t\t\t\t\t\t<span class=\"elementor-button-text\">Formulario fianza de alquiler<\/span>\n\t\t\t\t\t<\/span>\n\t\t\t\t\t<\/a>\n\t\t\t\t<\/div>\n\t\t\t\t\t\t\t\t<\/div>\n\t\t\t\t<\/div>\n\t\t\t\t\t<\/div>\n\t\t<\/div>\n\t\t\t\t\t<\/div>\n\t\t<\/section>\n\t\t\t\t<section class=\"elementor-section elementor-top-section elementor-element elementor-element-838f2af elementor-section-boxed elementor-section-height-default elementor-section-height-default\" data-id=\"838f2af\" data-element_type=\"section\" data-e-type=\"section\">\n\t\t\t\t\t\t<div class=\"elementor-container elementor-column-gap-default\">\n\t\t\t\t\t<div class=\"elementor-column elementor-col-100 elementor-top-column elementor-element elementor-element-f3467aa\" data-id=\"f3467aa\" data-element_type=\"column\" data-e-type=\"column\">\n\t\t\t<div class=\"elementor-widget-wrap elementor-element-populated\">\n\t\t\t\t\t\t<div class=\"elementor-element elementor-element-655a347 elementor-widget elementor-widget-spacer\" data-id=\"655a347\" data-element_type=\"widget\" data-e-type=\"widget\" data-widget_type=\"spacer.default\">\n\t\t\t\t<div class=\"elementor-widget-container\">\n\t\t\t\t\t\t\t<div class=\"elementor-spacer\">\n\t\t\t<div class=\"elementor-spacer-inner\"><\/div>\n\t\t<\/div>\n\t\t\t\t\t\t<\/div>\n\t\t\t\t<\/div>\n\t\t\t\t<div class=\"elementor-element elementor-element-739d1ec elementor-widget elementor-widget-heading\" data-id=\"739d1ec\" data-element_type=\"widget\" data-e-type=\"widget\" data-widget_type=\"heading.default\">\n\t\t\t\t<div class=\"elementor-widget-container\">\n\t\t\t\t\t<h2 class=\"elementor-heading-title elementor-size-default\">\u00bfCu\u00e1nto cuesta fianza de alquiler en Valonia?<\/h2>\t\t\t\t<\/div>\n\t\t\t\t<\/div>\n\t\t\t\t<div class=\"elementor-element elementor-element-26d6f26 elementor-widget elementor-widget-text-editor\" data-id=\"26d6f26\" data-element_type=\"widget\" data-e-type=\"widget\" data-widget_type=\"text-editor.default\">\n\t\t\t\t<div class=\"elementor-widget-container\">\n\t\t\t\t\t\t\t\t\t<p>El importe m\u00e1ximo var\u00eda seg\u00fan el tipo de <a href=\"https:\/\/garantie.be\/es\/contrato-alquiler\/\"><span style=\"text-decoration: underline;\">arrendamiento<\/span><\/a>.<\/p><p>Depender\u00e1 del contrato de alquiler entre el propietario y el inquilino. Seg\u00fan el tipo de garant\u00eda que elijas, deber\u00e1s pagar entre 2 y 3 meses de alquiler (como m\u00e1ximo), excluidos los gastos. <\/p><ul><li>En el caso de un <span style=\"text-decoration: underline;\"><a href=\"https:\/\/garantie.be\/es\/garantia-bancaria-alquiler\/\">aval bancario<\/a><\/span> se te puede pedir que pagues hasta 3 meses de alquiler en fianza de alquiler;<\/li><li>Como parte de una <span style=\"text-decoration: underline;\"><a href=\"https:\/\/garantie.be\/es\/fianza-de-alquiler\/cuenta-bancaria-bloqueada-fianza-alquiler\/\">fianza de alquiler cuenta bloqueada<\/a><\/span> o en <a href=\"https:\/\/garantie.be\/es\/e-depo-fianza-alquiler\/\">e-depo<\/a>, la cantidad solicitada por el propietario es de un m\u00e1ximo de 2 meses de alquiler;<\/li><li>En el caso de otros tipos de garant\u00eda, es habitual en Valonia retener un m\u00e1ximo de 2 meses de alquiler como parte de un <span style=\"text-decoration: underline;\"><a href=\"https:\/\/garantie.be\/es\/fianza-alquiler-belgica\/\">fianza de alquiler<\/a><\/span> en <span style=\"text-decoration: underline;\"><a href=\"https:\/\/garantie.be\/es\/\">Garantie.be<\/a><\/span>.<\/li><\/ul>\t\t\t\t\t\t\t\t<\/div>\n\t\t\t\t<\/div>\n\t\t\t\t<div class=\"elementor-element elementor-element-a3b163e elementor-widget elementor-widget-heading\" data-id=\"a3b163e\" data-element_type=\"widget\" data-e-type=\"widget\" data-widget_type=\"heading.default\">\n\t\t\t\t<div class=\"elementor-widget-container\">\n\t\t\t\t\t<h2 class=\"elementor-heading-title elementor-size-default\">\u00bfQu\u00e9 ayudas hay en Valonia para crear fianza de alquiler?<\/h2>\t\t\t\t<\/div>\n\t\t\t\t<\/div>\n\t\t\t\t<div class=\"elementor-element elementor-element-e925b4d elementor-widget elementor-widget-text-editor\" data-id=\"e925b4d\" data-element_type=\"widget\" data-e-type=\"widget\" data-widget_type=\"text-editor.default\">\n\t\t\t\t<div class=\"elementor-widget-container\">\n\t\t\t\t\t\t\t\t\t<p>Valonia ofrece dos tipos principales de asistencia para ayudarte a crear una fianza de alquiler. Evidentemente, esta ayuda est\u00e1 reservada a las personas con rentas bajas. Estos son los tipos de ayuda que ofrece Valonia:  <\/p><h3>El pr\u00e9stamo a tipo cero<\/h3><p>Desde mayo de 2021, Valonia concede pr\u00e9stamos sin intereses para completar el fianza de alquiler de los arrendamientos de vivienda habitual. Este pr\u00e9stamo sin intereses puede representar hasta el 100% del importe del fianza de alquiler. El pr\u00e9stamo sin intereses s\u00f3lo se concede bajo determinadas condiciones de ingresos por parte del solicitante.  <\/p><h3>Ayuda del CPAS<\/h3><p>El CPAS ofrece diversas formas de asistencia en Valonia para ayudarte a crear una empresa de <span style=\"text-decoration: underline;\"><a href=\"https:\/\/garantie.be\/es\/fianza-alquiler-cpas\/\">fianza de alquiler CPAS<\/a><\/span>. Esta ayuda del CPAS adopta la forma de un anticipo de fianza de alquiler a devolver con el tiempo, o una carta de garant\u00eda para el propietario, o incluso un aval bancario. <\/p>\t\t\t\t\t\t\t\t<\/div>\n\t\t\t\t<\/div>\n\t\t\t\t<div class=\"elementor-element elementor-element-722cc87 elementor-widget elementor-widget-heading\" data-id=\"722cc87\" data-element_type=\"widget\" data-e-type=\"widget\" data-widget_type=\"heading.default\">\n\t\t\t\t<div class=\"elementor-widget-container\">\n\t\t\t\t\t<h2 class=\"elementor-heading-title elementor-size-default\">El C\u00f3digo de la Vivienda en Valonia<\/h2>\t\t\t\t<\/div>\n\t\t\t\t<\/div>\n\t\t\t\t<div class=\"elementor-element elementor-element-65310c3 elementor-widget elementor-widget-text-editor\" data-id=\"65310c3\" data-element_type=\"widget\" data-e-type=\"widget\" data-widget_type=\"text-editor.default\">\n\t\t\t\t<div class=\"elementor-widget-container\">\n\t\t\t\t\t\t\t\t\t<p>La ley vigente a nivel federal en B\u00e9lgica sobre arrendamientos de viviendas es la Ley de Arrendamientos. Esta ley federal se actualiz\u00f3 por \u00faltima vez en su 14\u00aa edici\u00f3n en marzo de 2013. <\/p><p>En los \u00faltimos a\u00f1os, cada regi\u00f3n ha introducido su propia normativa regional relativa a los arrendamientos de vivienda. La sexta reforma, de 1 de julio de 2014, relativa a la regionalizaci\u00f3n de los arrendamientos de vivienda tambi\u00e9n afecta a fianza de alquiler. <\/p><p>Desde 2018, las normas regionales se aplican en Valonia sobre la base de su nuevo C\u00f3digo de la Vivienda, que prevalece sobre la ley federal sobre normas de arrendamiento residencial.<\/p>\t\t\t\t\t\t\t\t<\/div>\n\t\t\t\t<\/div>\n\t\t\t\t\t<\/div>\n\t\t<\/div>\n\t\t\t\t\t<\/div>\n\t\t<\/section>\n\t\t\t\t<\/div>\n\t\t","protected":false},"excerpt":{"rendered":"<p>fianza de alquiler en Valonia Para obtener un certificado de fianza de alquiler para un inmueble en Valonia, s\u00f3lo tienes que rellenar el formulario haciendo clic en fianza de alquiler en l\u00ednea. \u00bfQu\u00e9 es fianza de alquiler en Valonia? Las normas que rigen fianza de alquiler han cambiado en los \u00faltimos a\u00f1os en B\u00e9lgica. Desde [&hellip;]<\/p>\n","protected":false},"author":1,"featured_media":0,"parent":0,"menu_order":0,"comment_status":"closed","ping_status":"closed","template":"","meta":{"footnotes":""},"class_list":["post-17574","page","type-page","status-publish","hentry"],"yoast_head":"<!-- This site is optimized with the Yoast SEO plugin v27.3 - https:\/\/yoast.com\/product\/yoast-seo-wordpress\/ -->\n<title>Fianza de alquiler en Valonia | Formulario en l\u00ednea<\/title>\n<meta name=\"description\" content=\"Inf\u00f3rmate sobre las normas de fianza de alquiler en Valonia y obt\u00e9n un fianza de alquiler en l\u00ednea en pocas horas.\" \/>\n<meta name=\"robots\" content=\"index, follow, max-snippet:-1, max-image-preview:large, max-video-preview:-1\" \/>\n<link rel=\"canonical\" href=\"https:\/\/garantie.be\/es\/fianza-alquiler-valonia\/\" \/>\n<meta property=\"og:locale\" content=\"es_ES\" \/>\n<meta property=\"og:type\" content=\"article\" \/>\n<meta property=\"og:title\" content=\"Fianza de alquiler en Valonia | Formulario en l\u00ednea\" \/>\n<meta property=\"og:description\" content=\"Inf\u00f3rmate sobre las normas de fianza de alquiler en Valonia y obt\u00e9n un fianza de alquiler en l\u00ednea en pocas horas.\" \/>\n<meta property=\"og:url\" content=\"https:\/\/garantie.be\/es\/fianza-alquiler-valonia\/\" \/>\n<meta property=\"og:site_name\" content=\"Garantie\" \/>\n<meta property=\"article:modified_time\" content=\"2025-10-09T07:57:28+00:00\" \/>\n<meta property=\"og:image\" content=\"https:\/\/garantie.be\/wp-content\/uploads\/2021\/09\/Garantie-locative-Wallonie-300x94.jpg\" \/>\n<meta name=\"twitter:card\" content=\"summary_large_image\" \/>\n<meta name=\"twitter:label1\" content=\"Tiempo de lectura\" \/>\n\t<meta name=\"twitter:data1\" content=\"3 minutos\" \/>\n<script type=\"application\/ld+json\" class=\"yoast-schema-graph\">{\"@context\":\"https:\\\/\\\/schema.org\",\"@graph\":[{\"@type\":\"WebPage\",\"@id\":\"https:\\\/\\\/garantie.be\\\/es\\\/fianza-alquiler-valonia\\\/\",\"url\":\"https:\\\/\\\/garantie.be\\\/es\\\/fianza-alquiler-valonia\\\/\",\"name\":\"Fianza de alquiler en Valonia | Formulario en l\u00ednea\",\"isPartOf\":{\"@id\":\"https:\\\/\\\/garantie.be\\\/es\\\/#website\"},\"primaryImageOfPage\":{\"@id\":\"https:\\\/\\\/garantie.be\\\/es\\\/fianza-alquiler-valonia\\\/#primaryimage\"},\"image\":{\"@id\":\"https:\\\/\\\/garantie.be\\\/es\\\/fianza-alquiler-valonia\\\/#primaryimage\"},\"thumbnailUrl\":\"https:\\\/\\\/garantie.be\\\/wp-content\\\/uploads\\\/2021\\\/09\\\/Garantie-locative-Wallonie-300x94.jpg\",\"datePublished\":\"2025-05-15T09:35:15+00:00\",\"dateModified\":\"2025-10-09T07:57:28+00:00\",\"description\":\"Inf\u00f3rmate sobre las normas de fianza de alquiler en Valonia y obt\u00e9n un fianza de alquiler en l\u00ednea en pocas horas.\",\"breadcrumb\":{\"@id\":\"https:\\\/\\\/garantie.be\\\/es\\\/fianza-alquiler-valonia\\\/#breadcrumb\"},\"inLanguage\":\"es\",\"potentialAction\":[{\"@type\":\"ReadAction\",\"target\":[\"https:\\\/\\\/garantie.be\\\/es\\\/fianza-alquiler-valonia\\\/\"]}]},{\"@type\":\"ImageObject\",\"inLanguage\":\"es\",\"@id\":\"https:\\\/\\\/garantie.be\\\/es\\\/fianza-alquiler-valonia\\\/#primaryimage\",\"url\":\"https:\\\/\\\/garantie.be\\\/wp-content\\\/uploads\\\/2021\\\/09\\\/Garantie-locative-Wallonie-300x94.jpg\",\"contentUrl\":\"https:\\\/\\\/garantie.be\\\/wp-content\\\/uploads\\\/2021\\\/09\\\/Garantie-locative-Wallonie-300x94.jpg\"},{\"@type\":\"BreadcrumbList\",\"@id\":\"https:\\\/\\\/garantie.be\\\/es\\\/fianza-alquiler-valonia\\\/#breadcrumb\",\"itemListElement\":[{\"@type\":\"ListItem\",\"position\":1,\"name\":\"Accueil\",\"item\":\"https:\\\/\\\/garantie.be\\\/es\\\/\"},{\"@type\":\"ListItem\",\"position\":2,\"name\":\"Fianza de alquiler Valonia\"}]},{\"@type\":\"WebSite\",\"@id\":\"https:\\\/\\\/garantie.be\\\/es\\\/#website\",\"url\":\"https:\\\/\\\/garantie.be\\\/es\\\/\",\"name\":\"Garantie\",\"description\":\"\",\"publisher\":{\"@id\":\"https:\\\/\\\/garantie.be\\\/es\\\/#organization\"},\"potentialAction\":[{\"@type\":\"SearchAction\",\"target\":{\"@type\":\"EntryPoint\",\"urlTemplate\":\"https:\\\/\\\/garantie.be\\\/es\\\/?s={search_term_string}\"},\"query-input\":{\"@type\":\"PropertyValueSpecification\",\"valueRequired\":true,\"valueName\":\"search_term_string\"}}],\"inLanguage\":\"es\"},{\"@type\":\"Organization\",\"@id\":\"https:\\\/\\\/garantie.be\\\/es\\\/#organization\",\"name\":\"Garantie.be\",\"url\":\"https:\\\/\\\/garantie.be\\\/es\\\/\",\"logo\":{\"@type\":\"ImageObject\",\"inLanguage\":\"es\",\"@id\":\"https:\\\/\\\/garantie.be\\\/es\\\/#\\\/schema\\\/logo\\\/image\\\/\",\"url\":\"\",\"contentUrl\":\"\",\"caption\":\"Garantie.be\"},\"image\":{\"@id\":\"https:\\\/\\\/garantie.be\\\/es\\\/#\\\/schema\\\/logo\\\/image\\\/\"}}]}<\/script>\n<!-- \/ Yoast SEO plugin. -->","yoast_head_json":{"title":"Fianza de alquiler en Valonia | Formulario en l\u00ednea","description":"Inf\u00f3rmate sobre las normas de fianza de alquiler en Valonia y obt\u00e9n un fianza de alquiler en l\u00ednea en pocas horas.","robots":{"index":"index","follow":"follow","max-snippet":"max-snippet:-1","max-image-preview":"max-image-preview:large","max-video-preview":"max-video-preview:-1"},"canonical":"https:\/\/garantie.be\/es\/fianza-alquiler-valonia\/","og_locale":"es_ES","og_type":"article","og_title":"Fianza de alquiler en Valonia | Formulario en l\u00ednea","og_description":"Inf\u00f3rmate sobre las normas de fianza de alquiler en Valonia y obt\u00e9n un fianza de alquiler en l\u00ednea en pocas horas.","og_url":"https:\/\/garantie.be\/es\/fianza-alquiler-valonia\/","og_site_name":"Garantie","article_modified_time":"2025-10-09T07:57:28+00:00","og_image":[{"url":"https:\/\/garantie.be\/wp-content\/uploads\/2021\/09\/Garantie-locative-Wallonie-300x94.jpg","type":"","width":"","height":""}],"twitter_card":"summary_large_image","twitter_misc":{"Tiempo de lectura":"3 minutos"},"schema":{"@context":"https:\/\/schema.org","@graph":[{"@type":"WebPage","@id":"https:\/\/garantie.be\/es\/fianza-alquiler-valonia\/","url":"https:\/\/garantie.be\/es\/fianza-alquiler-valonia\/","name":"Fianza de alquiler en Valonia | Formulario en l\u00ednea","isPartOf":{"@id":"https:\/\/garantie.be\/es\/#website"},"primaryImageOfPage":{"@id":"https:\/\/garantie.be\/es\/fianza-alquiler-valonia\/#primaryimage"},"image":{"@id":"https:\/\/garantie.be\/es\/fianza-alquiler-valonia\/#primaryimage"},"thumbnailUrl":"https:\/\/garantie.be\/wp-content\/uploads\/2021\/09\/Garantie-locative-Wallonie-300x94.jpg","datePublished":"2025-05-15T09:35:15+00:00","dateModified":"2025-10-09T07:57:28+00:00","description":"Inf\u00f3rmate sobre las normas de fianza de alquiler en Valonia y obt\u00e9n un fianza de alquiler en l\u00ednea en pocas horas.","breadcrumb":{"@id":"https:\/\/garantie.be\/es\/fianza-alquiler-valonia\/#breadcrumb"},"inLanguage":"es","potentialAction":[{"@type":"ReadAction","target":["https:\/\/garantie.be\/es\/fianza-alquiler-valonia\/"]}]},{"@type":"ImageObject","inLanguage":"es","@id":"https:\/\/garantie.be\/es\/fianza-alquiler-valonia\/#primaryimage","url":"https:\/\/garantie.be\/wp-content\/uploads\/2021\/09\/Garantie-locative-Wallonie-300x94.jpg","contentUrl":"https:\/\/garantie.be\/wp-content\/uploads\/2021\/09\/Garantie-locative-Wallonie-300x94.jpg"},{"@type":"BreadcrumbList","@id":"https:\/\/garantie.be\/es\/fianza-alquiler-valonia\/#breadcrumb","itemListElement":[{"@type":"ListItem","position":1,"name":"Accueil","item":"https:\/\/garantie.be\/es\/"},{"@type":"ListItem","position":2,"name":"Fianza de alquiler Valonia"}]},{"@type":"WebSite","@id":"https:\/\/garantie.be\/es\/#website","url":"https:\/\/garantie.be\/es\/","name":"Garantie","description":"","publisher":{"@id":"https:\/\/garantie.be\/es\/#organization"},"potentialAction":[{"@type":"SearchAction","target":{"@type":"EntryPoint","urlTemplate":"https:\/\/garantie.be\/es\/?s={search_term_string}"},"query-input":{"@type":"PropertyValueSpecification","valueRequired":true,"valueName":"search_term_string"}}],"inLanguage":"es"},{"@type":"Organization","@id":"https:\/\/garantie.be\/es\/#organization","name":"Garantie.be","url":"https:\/\/garantie.be\/es\/","logo":{"@type":"ImageObject","inLanguage":"es","@id":"https:\/\/garantie.be\/es\/#\/schema\/logo\/image\/","url":"","contentUrl":"","caption":"Garantie.be"},"image":{"@id":"https:\/\/garantie.be\/es\/#\/schema\/logo\/image\/"}}]}},"_links":{"self":[{"href":"https:\/\/garantie.be\/es\/wp-json\/wp\/v2\/pages\/17574","targetHints":{"allow":["GET"]}}],"collection":[{"href":"https:\/\/garantie.be\/es\/wp-json\/wp\/v2\/pages"}],"about":[{"href":"https:\/\/garantie.be\/es\/wp-json\/wp\/v2\/types\/page"}],"author":[{"embeddable":true,"href":"https:\/\/garantie.be\/es\/wp-json\/wp\/v2\/users\/1"}],"replies":[{"embeddable":true,"href":"https:\/\/garantie.be\/es\/wp-json\/wp\/v2\/comments?post=17574"}],"version-history":[{"count":0,"href":"https:\/\/garantie.be\/es\/wp-json\/wp\/v2\/pages\/17574\/revisions"}],"wp:attachment":[{"href":"https:\/\/garantie.be\/es\/wp-json\/wp\/v2\/media?parent=17574"}],"curies":[{"name":"wp","href":"https:\/\/api.w.org\/{rel}","templated":true}]}}