{"id":17586,"date":"2025-05-15T11:47:19","date_gmt":"2025-05-15T09:47:19","guid":{"rendered":"https:\/\/garantie.be\/fianza-alquiler-flandes\/"},"modified":"2025-10-09T09:57:36","modified_gmt":"2025-10-09T07:57:36","slug":"fianza-alquiler-flandes","status":"publish","type":"page","link":"https:\/\/garantie.be\/es\/fianza-alquiler-flandes\/","title":{"rendered":"Fianza de alquiler de Flandes"},"content":{"rendered":"\t\t<div data-elementor-type=\"wp-page\" data-elementor-id=\"17586\" class=\"elementor elementor-17586 elementor-144\" data-elementor-post-type=\"page\">\n\t\t\t\t\t\t<section class=\"elementor-section elementor-top-section elementor-element elementor-element-4f8cf6e8 elementor-section-boxed elementor-section-height-default elementor-section-height-default\" data-id=\"4f8cf6e8\" data-element_type=\"section\" data-e-type=\"section\">\n\t\t\t\t\t\t<div class=\"elementor-container elementor-column-gap-default\">\n\t\t\t\t\t<div class=\"elementor-column elementor-col-100 elementor-top-column elementor-element elementor-element-2592b17b\" data-id=\"2592b17b\" data-element_type=\"column\" data-e-type=\"column\">\n\t\t\t<div class=\"elementor-widget-wrap elementor-element-populated\">\n\t\t\t\t\t\t<div class=\"elementor-element elementor-element-5bf026b2 elementor-widget elementor-widget-spacer\" data-id=\"5bf026b2\" data-element_type=\"widget\" data-e-type=\"widget\" data-widget_type=\"spacer.default\">\n\t\t\t\t<div class=\"elementor-widget-container\">\n\t\t\t\t\t\t\t<div class=\"elementor-spacer\">\n\t\t\t<div class=\"elementor-spacer-inner\"><\/div>\n\t\t<\/div>\n\t\t\t\t\t\t<\/div>\n\t\t\t\t<\/div>\n\t\t\t\t<div class=\"elementor-element elementor-element-f0f076e elementor-widget elementor-widget-heading\" data-id=\"f0f076e\" data-element_type=\"widget\" data-e-type=\"widget\" data-widget_type=\"heading.default\">\n\t\t\t\t<div class=\"elementor-widget-container\">\n\t\t\t\t\t<h1 class=\"elementor-heading-title elementor-size-default\">fianza de alquiler<br><b> \n en Flandes<\/b><\/h1>\t\t\t\t<\/div>\n\t\t\t\t<\/div>\n\t\t\t\t<div class=\"elementor-element elementor-element-55b6e55 elementor-widget elementor-widget-spacer\" data-id=\"55b6e55\" data-element_type=\"widget\" data-e-type=\"widget\" data-widget_type=\"spacer.default\">\n\t\t\t\t<div class=\"elementor-widget-container\">\n\t\t\t\t\t\t\t<div class=\"elementor-spacer\">\n\t\t\t<div class=\"elementor-spacer-inner\"><\/div>\n\t\t<\/div>\n\t\t\t\t\t\t<\/div>\n\t\t\t\t<\/div>\n\t\t\t\t\t<\/div>\n\t\t<\/div>\n\t\t\t\t\t<\/div>\n\t\t<\/section>\n\t\t\t\t<section class=\"elementor-section elementor-top-section elementor-element elementor-element-0a47ba8 elementor-section-boxed elementor-section-height-default elementor-section-height-default\" data-id=\"0a47ba8\" data-element_type=\"section\" data-e-type=\"section\">\n\t\t\t\t\t\t<div class=\"elementor-container elementor-column-gap-default\">\n\t\t\t\t\t<div class=\"elementor-column elementor-col-100 elementor-top-column elementor-element elementor-element-ad6fca3\" data-id=\"ad6fca3\" data-element_type=\"column\" data-e-type=\"column\">\n\t\t\t<div class=\"elementor-widget-wrap elementor-element-populated\">\n\t\t\t\t\t\t<div class=\"elementor-element elementor-element-c32d8c0 elementor-widget elementor-widget-heading\" data-id=\"c32d8c0\" data-element_type=\"widget\" data-e-type=\"widget\" data-widget_type=\"heading.default\">\n\t\t\t\t<div class=\"elementor-widget-container\">\n\t\t\t\t\t<h2 class=\"elementor-heading-title elementor-size-default\">\u00bfQu\u00e9 es fianza de alquiler en Flandes?<\/h2>\t\t\t\t<\/div>\n\t\t\t\t<\/div>\n\t\t\t\t<div class=\"elementor-element elementor-element-5197fd6 elementor-widget elementor-widget-text-editor\" data-id=\"5197fd6\" data-element_type=\"widget\" data-e-type=\"widget\" data-widget_type=\"text-editor.default\">\n\t\t\t\t<div class=\"elementor-widget-container\">\n\t\t\t\t\t\t\t\t\t<p>Las normas que rigen <span style=\"text-decoration: underline;\"><a href=\"https:\/\/garantie.be\/es\/fianza-de-alquiler\/\">fianza de alquiler<\/a><\/span> son espec\u00edficas de Flandes, ya que cada una de las 3 regiones belgas ha adoptado sus propias normas en materia de arrendamiento de vivienda.<\/p><p>En la regi\u00f3n de Flandes, el c\u00f3digo regional de la vivienda est\u00e1 en vigor desde el 1 de enero de 2020. Esta normativa regional sustituye a la ley federal en materia de arrendamiento de vivienda habitual. <\/p><p>Para conocer las caracter\u00edsticas espec\u00edficas de la regi\u00f3n valona, puedes leer nuestra p\u00e1gina sobre la <span style=\"text-decoration: underline;\"><a href=\"https:\/\/garantie.be\/es\/fianza-alquiler-valonia\/\">fianza de alquiler en Valonia<\/a><\/span>. Para saber m\u00e1s sobre la nueva ley de vivienda en la Regi\u00f3n de Bruselas-Capital, lee nuestra p\u00e1gina sobre la <span style=\"text-decoration: underline;\"><a href=\"https:\/\/garantie.be\/es\/fianza-alquiler-bruselas\/\">fianza de alquiler Bruselas<\/a><\/span>. <\/p>\t\t\t\t\t\t\t\t<\/div>\n\t\t\t\t<\/div>\n\t\t\t\t<div class=\"elementor-element elementor-element-138e5b2 elementor-widget elementor-widget-text-editor\" data-id=\"138e5b2\" data-element_type=\"widget\" data-e-type=\"widget\" data-widget_type=\"text-editor.default\">\n\t\t\t\t<div class=\"elementor-widget-container\">\n\t\t\t\t\t\t\t\t\t<p><strong>Puedes obtener un certificado de garant\u00eda en pocas horas<\/strong> rellenando el formulario en l\u00ednea en <span style=\"text-decoration: underline;\"><a href=\"https:\/\/garantie.be\/es\/fianza-alquiler-en-linea\/\">fianza de alquiler.<\/a><\/span><\/p><p> <\/p>\t\t\t\t\t\t\t\t<\/div>\n\t\t\t\t<\/div>\n\t\t\t\t<div class=\"elementor-element elementor-element-a697926 elementor-widget elementor-widget-heading\" data-id=\"a697926\" data-element_type=\"widget\" data-e-type=\"widget\" data-widget_type=\"heading.default\">\n\t\t\t\t<div class=\"elementor-widget-container\">\n\t\t\t\t\t<h2 class=\"elementor-heading-title elementor-size-default\">\u00bfCu\u00e1nto cuesta fianza de alquiler en Flandes?<\/h2>\t\t\t\t<\/div>\n\t\t\t\t<\/div>\n\t\t\t\t<div class=\"elementor-element elementor-element-428f233 elementor-widget elementor-widget-text-editor\" data-id=\"428f233\" data-element_type=\"widget\" data-e-type=\"widget\" data-widget_type=\"text-editor.default\">\n\t\t\t\t<div class=\"elementor-widget-container\">\n\t\t\t\t\t\t\t\t\t<p>El importe m\u00e1ximo var\u00eda en funci\u00f3n del tipo de fianza de alquiler indicado en el <span style=\"text-decoration: underline;\"><a href=\"https:\/\/garantie.be\/es\/contrato-alquiler\/\">contrato de arrendamiento<\/a><\/span>.<\/p><ul><li>En Flandes, como en otras regiones belgas, en el marco de una <span style=\"text-decoration: underline;\"><a href=\"https:\/\/garantie.be\/es\/garantia-bancaria-alquiler\/\">aval bancario de alquiler<\/a><\/span> obtenido directamente o con la ayuda del CPAS, el importe de la garant\u00eda bancaria debe representar 3 meses de alquiler de la vivienda alquilada;<\/li><li>En el caso de una fianza de fianza de alquiler en una cuenta bloqueada, el importe a pagar por el propietario es de un m\u00e1ximo de 3 meses de alquiler en Flandes. Esta norma es espec\u00edfica de Flandes; <\/li><li>En el caso de otros tipos de garant\u00eda, la ley no establece ning\u00fan principio y deja que las partes del contrato se pongan de acuerdo. Sin embargo, es pr\u00e1ctica habitual en la regi\u00f3n flamenca retener un m\u00e1ximo de 3 meses de alquiler en el caso de una fianza obtenida de un avalista, por ejemplo. <\/li><\/ul>\t\t\t\t\t\t\t\t<\/div>\n\t\t\t\t<\/div>\n\t\t\t\t<div class=\"elementor-element elementor-element-f75d4c3 elementor-widget elementor-widget-spacer\" data-id=\"f75d4c3\" data-element_type=\"widget\" data-e-type=\"widget\" data-widget_type=\"spacer.default\">\n\t\t\t\t<div class=\"elementor-widget-container\">\n\t\t\t\t\t\t\t<div class=\"elementor-spacer\">\n\t\t\t<div class=\"elementor-spacer-inner\"><\/div>\n\t\t<\/div>\n\t\t\t\t\t\t<\/div>\n\t\t\t\t<\/div>\n\t\t\t\t\t<\/div>\n\t\t<\/div>\n\t\t\t\t\t<\/div>\n\t\t<\/section>\n\t\t\t\t<section class=\"elementor-section elementor-top-section elementor-element elementor-element-3bc43de3 elementor-section-content-middle elementor-section-height-min-height elementor-section-items-stretch elementor-section-boxed elementor-section-height-default\" data-id=\"3bc43de3\" data-element_type=\"section\" data-e-type=\"section\">\n\t\t\t\t\t\t<div class=\"elementor-container elementor-column-gap-no\">\n\t\t\t\t\t<div class=\"elementor-column elementor-col-100 elementor-top-column elementor-element elementor-element-64a8d795\" data-id=\"64a8d795\" data-element_type=\"column\" data-e-type=\"column\" data-settings=\"{&quot;background_background&quot;:&quot;classic&quot;}\">\n\t\t\t<div class=\"elementor-widget-wrap elementor-element-populated\">\n\t\t\t\t\t\t<div class=\"elementor-element elementor-element-2b4e1574 elementor-widget elementor-widget-image\" data-id=\"2b4e1574\" data-element_type=\"widget\" data-e-type=\"widget\" data-widget_type=\"image.default\">\n\t\t\t\t<div class=\"elementor-widget-container\">\n\t\t\t\t\t\t\t\t\t\t\t\t\t\t\t<img decoding=\"async\" src=\"https:\/\/garantie.be\/wp-content\/uploads\/elementor\/thumbs\/Logo-2-garantie-alone-1-pe5xec7dnfsf8cs3rtfffen34plb9ip2rjyfhjeqd0.jpg\" title=\"garantia\" alt=\"garantia\" loading=\"lazy\" \/>\t\t\t\t\t\t\t\t\t\t\t\t\t\t\t<\/div>\n\t\t\t\t<\/div>\n\t\t\t\t<div class=\"elementor-element elementor-element-57432368 elementor-widget elementor-widget-text-editor\" data-id=\"57432368\" data-element_type=\"widget\" data-e-type=\"widget\" data-widget_type=\"text-editor.default\">\n\t\t\t\t<div class=\"elementor-widget-container\">\n\t\t\t\t\t\t\t\t\t<p>Rellena nuestro formulario para obtener tu fianza de alquiler en s\u00f3lo unas horas. No bloqueas ning\u00fan dinero, ya que funcionamos como un <span style=\"text-decoration: underline;\"><a href=\"https:\/\/garantie.be\/es\/garantia-bancaria-alquiler\/\">fianza de alquiler banco<\/a><\/span>. <\/p>\t\t\t\t\t\t\t\t<\/div>\n\t\t\t\t<\/div>\n\t\t\t\t<div class=\"elementor-element elementor-element-1b42a0f0 elementor-mobile-align-center elementor-align-center elementor-widget elementor-widget-button\" data-id=\"1b42a0f0\" data-element_type=\"widget\" data-e-type=\"widget\" data-widget_type=\"button.default\">\n\t\t\t\t<div class=\"elementor-widget-container\">\n\t\t\t\t\t\t\t\t\t<div class=\"elementor-button-wrapper\">\n\t\t\t\t\t<a class=\"elementor-button elementor-button-link elementor-size-sm\" href=\"https:\/\/account.garantie.be\/en\/register\/lease\">\n\t\t\t\t\t\t<span class=\"elementor-button-content-wrapper\">\n\t\t\t\t\t\t\t\t\t<span class=\"elementor-button-text\">Formulario fianza de alquiler<\/span>\n\t\t\t\t\t<\/span>\n\t\t\t\t\t<\/a>\n\t\t\t\t<\/div>\n\t\t\t\t\t\t\t\t<\/div>\n\t\t\t\t<\/div>\n\t\t\t\t\t<\/div>\n\t\t<\/div>\n\t\t\t\t\t<\/div>\n\t\t<\/section>\n\t\t\t\t<section class=\"elementor-section elementor-top-section elementor-element elementor-element-d5f95de elementor-section-boxed elementor-section-height-default elementor-section-height-default\" data-id=\"d5f95de\" data-element_type=\"section\" data-e-type=\"section\">\n\t\t\t\t\t\t<div class=\"elementor-container elementor-column-gap-default\">\n\t\t\t\t\t<div class=\"elementor-column elementor-col-100 elementor-top-column elementor-element elementor-element-ba21927\" data-id=\"ba21927\" data-element_type=\"column\" data-e-type=\"column\">\n\t\t\t<div class=\"elementor-widget-wrap elementor-element-populated\">\n\t\t\t\t\t\t<div class=\"elementor-element elementor-element-7fcc002 elementor-widget elementor-widget-spacer\" data-id=\"7fcc002\" data-element_type=\"widget\" data-e-type=\"widget\" data-widget_type=\"spacer.default\">\n\t\t\t\t<div class=\"elementor-widget-container\">\n\t\t\t\t\t\t\t<div class=\"elementor-spacer\">\n\t\t\t<div class=\"elementor-spacer-inner\"><\/div>\n\t\t<\/div>\n\t\t\t\t\t\t<\/div>\n\t\t\t\t<\/div>\n\t\t\t\t\t<\/div>\n\t\t<\/div>\n\t\t\t\t\t<\/div>\n\t\t<\/section>\n\t\t\t\t<section class=\"elementor-section elementor-top-section elementor-element elementor-element-7485dd5 elementor-section-boxed elementor-section-height-default elementor-section-height-default\" data-id=\"7485dd5\" data-element_type=\"section\" data-e-type=\"section\">\n\t\t\t\t\t\t<div class=\"elementor-container elementor-column-gap-default\">\n\t\t\t\t\t<div class=\"elementor-column elementor-col-100 elementor-top-column elementor-element elementor-element-19e8178\" data-id=\"19e8178\" data-element_type=\"column\" data-e-type=\"column\">\n\t\t\t<div class=\"elementor-widget-wrap elementor-element-populated\">\n\t\t\t\t\t\t<div class=\"elementor-element elementor-element-5d49edc elementor-widget elementor-widget-heading\" data-id=\"5d49edc\" data-element_type=\"widget\" data-e-type=\"widget\" data-widget_type=\"heading.default\">\n\t\t\t\t<div class=\"elementor-widget-container\">\n\t\t\t\t\t<h2 class=\"elementor-heading-title elementor-size-default\">El C\u00f3digo de la Vivienda de Flandes<\/h2>\t\t\t\t<\/div>\n\t\t\t\t<\/div>\n\t\t\t\t<div class=\"elementor-element elementor-element-b0a1f55 elementor-widget elementor-widget-text-editor\" data-id=\"b0a1f55\" data-element_type=\"widget\" data-e-type=\"widget\" data-widget_type=\"text-editor.default\">\n\t\t\t\t<div class=\"elementor-widget-container\">\n\t\t\t\t\t\t\t\t\t<p>La ley vigente a nivel federal en B\u00e9lgica sobre los arrendamientos de viviendas principales es la ley de alquileres. Esta ley federal se actualiz\u00f3 por \u00faltima vez en su 14\u00aa edici\u00f3n en marzo de 2013. <\/p><p>En los \u00faltimos a\u00f1os, cada regi\u00f3n ha introducido su propia normativa regional sobre arrendamientos de viviendas. En 2019, Flandes introducir\u00e1 un nuevo C\u00f3digo de la Vivienda que sustituir\u00e1 a la ley federal sobre arrendamientos de viviendas principales. <\/p><p>El C\u00f3digo de la Vivienda de Flandes incorpora en gran medida las l\u00edneas generales y las normas para los arrendamientos ordinarios de 9 a\u00f1os de la antigua legislaci\u00f3n federal. Por otra parte, en determinados aspectos de los arrendamientos de vivienda principal, el C\u00f3digo de la Vivienda regional incorpora normas exclusivas de Flandes. <\/p>\t\t\t\t\t\t\t\t<\/div>\n\t\t\t\t<\/div>\n\t\t\t\t<div class=\"elementor-element elementor-element-b0a8db5 elementor-widget elementor-widget-heading\" data-id=\"b0a8db5\" data-element_type=\"widget\" data-e-type=\"widget\" data-widget_type=\"heading.default\">\n\t\t\t\t<div class=\"elementor-widget-container\">\n\t\t\t\t\t<h2 class=\"elementor-heading-title elementor-size-default\">\u00bfQu\u00e9 ayudas hay en Flandes para crear fianza de alquiler?<\/h2>\t\t\t\t<\/div>\n\t\t\t\t<\/div>\n\t\t\t\t<div class=\"elementor-element elementor-element-7352826 elementor-widget elementor-widget-text-editor\" data-id=\"7352826\" data-element_type=\"widget\" data-e-type=\"widget\" data-widget_type=\"text-editor.default\">\n\t\t\t\t<div class=\"elementor-widget-container\">\n\t\t\t\t\t\t\t\t\t<p>Flandes ofrece varios tipos de asistencia para ayudarte a crear un sitio web fianza de alquiler. Estas soluciones son accesibles a las personas con bajos ingresos y el proceso para obtenerlas es an\u00f3nimo para luchar contra la discriminaci\u00f3n. <\/p><p>La principal ayuda en Flandes la ofrece el <a href=\"https:\/\/www.vlaamswoningfonds.be\/\">Fondo Flamenco de la Vivienda<\/a>. Desde el 1 de enero de 2019, Flandes ofrece un pr\u00e9stamo sin intereses a las personas con dificultades econ\u00f3micas. El importe del pr\u00e9stamo est\u00e1 limitado a 1.800 euros, que puede aumentarse en funci\u00f3n de la composici\u00f3n del hogar familiar. El inquilino beneficiario debe devolver este pr\u00e9stamo en un plazo de 2 a\u00f1os.   <\/p>\t\t\t\t\t\t\t\t<\/div>\n\t\t\t\t<\/div>\n\t\t\t\t\t<\/div>\n\t\t<\/div>\n\t\t\t\t\t<\/div>\n\t\t<\/section>\n\t\t\t\t<\/div>\n\t\t","protected":false},"excerpt":{"rendered":"<p>fianza de alquiler en Flandes \u00bfQu\u00e9 es fianza de alquiler en Flandes? Las normas que rigen fianza de alquiler son espec\u00edficas de Flandes, ya que cada una de las 3 regiones belgas ha adoptado sus propias normas en materia de arrendamiento de vivienda. En la regi\u00f3n de Flandes, el c\u00f3digo regional de la vivienda est\u00e1 [&hellip;]<\/p>\n","protected":false},"author":1,"featured_media":0,"parent":0,"menu_order":0,"comment_status":"closed","ping_status":"closed","template":"","meta":{"footnotes":""},"class_list":["post-17586","page","type-page","status-publish","hentry"],"yoast_head":"<!-- This site is optimized with the Yoast SEO plugin v27.4 - https:\/\/yoast.com\/product\/yoast-seo-wordpress\/ -->\n<title>Fianza de alquiler Flandes | Formulario en l\u00ednea<\/title>\n<meta name=\"description\" content=\"Descubre las normas del nuevo c\u00f3digo de vivienda para fianza de alquiler en vigor en la regi\u00f3n de Flandes desde 2019.\" \/>\n<meta name=\"robots\" content=\"index, follow, max-snippet:-1, max-image-preview:large, max-video-preview:-1\" \/>\n<link rel=\"canonical\" href=\"https:\/\/garantie.be\/es\/fianza-alquiler-flandes\/\" \/>\n<meta property=\"og:locale\" content=\"es_ES\" \/>\n<meta property=\"og:type\" content=\"article\" \/>\n<meta property=\"og:title\" content=\"Fianza de alquiler Flandes | Formulario en l\u00ednea\" \/>\n<meta property=\"og:description\" content=\"Descubre las normas del nuevo c\u00f3digo de vivienda para fianza de alquiler en vigor en la regi\u00f3n de Flandes desde 2019.\" \/>\n<meta property=\"og:url\" content=\"https:\/\/garantie.be\/es\/fianza-alquiler-flandes\/\" \/>\n<meta property=\"og:site_name\" content=\"Garantie\" \/>\n<meta property=\"article:modified_time\" content=\"2025-10-09T07:57:36+00:00\" \/>\n<meta property=\"og:image\" content=\"https:\/\/garantie.be\/wp-content\/uploads\/elementor\/thumbs\/Logo-2-garantie-alone-1-pe5xec7dnfsf8cs3rtfffen34plb9ip2rjyfhjeqd0.jpg\" \/>\n<meta name=\"twitter:card\" content=\"summary_large_image\" \/>\n<meta name=\"twitter:label1\" content=\"Tiempo de lectura\" \/>\n\t<meta name=\"twitter:data1\" content=\"3 minutos\" \/>\n<script type=\"application\/ld+json\" class=\"yoast-schema-graph\">{\"@context\":\"https:\\\/\\\/schema.org\",\"@graph\":[{\"@type\":\"WebPage\",\"@id\":\"https:\\\/\\\/garantie.be\\\/es\\\/fianza-alquiler-flandes\\\/\",\"url\":\"https:\\\/\\\/garantie.be\\\/es\\\/fianza-alquiler-flandes\\\/\",\"name\":\"Fianza de alquiler Flandes | Formulario en l\u00ednea\",\"isPartOf\":{\"@id\":\"https:\\\/\\\/garantie.be\\\/es\\\/#website\"},\"primaryImageOfPage\":{\"@id\":\"https:\\\/\\\/garantie.be\\\/es\\\/fianza-alquiler-flandes\\\/#primaryimage\"},\"image\":{\"@id\":\"https:\\\/\\\/garantie.be\\\/es\\\/fianza-alquiler-flandes\\\/#primaryimage\"},\"thumbnailUrl\":\"https:\\\/\\\/garantie.be\\\/wp-content\\\/uploads\\\/elementor\\\/thumbs\\\/Logo-2-garantie-alone-1-pe5xec7dnfsf8cs3rtfffen34plb9ip2rjyfhjeqd0.jpg\",\"datePublished\":\"2025-05-15T09:47:19+00:00\",\"dateModified\":\"2025-10-09T07:57:36+00:00\",\"description\":\"Descubre las normas del nuevo c\u00f3digo de vivienda para fianza de alquiler en vigor en la regi\u00f3n de Flandes desde 2019.\",\"breadcrumb\":{\"@id\":\"https:\\\/\\\/garantie.be\\\/es\\\/fianza-alquiler-flandes\\\/#breadcrumb\"},\"inLanguage\":\"es\",\"potentialAction\":[{\"@type\":\"ReadAction\",\"target\":[\"https:\\\/\\\/garantie.be\\\/es\\\/fianza-alquiler-flandes\\\/\"]}]},{\"@type\":\"ImageObject\",\"inLanguage\":\"es\",\"@id\":\"https:\\\/\\\/garantie.be\\\/es\\\/fianza-alquiler-flandes\\\/#primaryimage\",\"url\":\"https:\\\/\\\/garantie.be\\\/wp-content\\\/uploads\\\/elementor\\\/thumbs\\\/Logo-2-garantie-alone-1-pe5xec7dnfsf8cs3rtfffen34plb9ip2rjyfhjeqd0.jpg\",\"contentUrl\":\"https:\\\/\\\/garantie.be\\\/wp-content\\\/uploads\\\/elementor\\\/thumbs\\\/Logo-2-garantie-alone-1-pe5xec7dnfsf8cs3rtfffen34plb9ip2rjyfhjeqd0.jpg\"},{\"@type\":\"BreadcrumbList\",\"@id\":\"https:\\\/\\\/garantie.be\\\/es\\\/fianza-alquiler-flandes\\\/#breadcrumb\",\"itemListElement\":[{\"@type\":\"ListItem\",\"position\":1,\"name\":\"Accueil\",\"item\":\"https:\\\/\\\/garantie.be\\\/es\\\/\"},{\"@type\":\"ListItem\",\"position\":2,\"name\":\"Fianza de alquiler de Flandes\"}]},{\"@type\":\"WebSite\",\"@id\":\"https:\\\/\\\/garantie.be\\\/es\\\/#website\",\"url\":\"https:\\\/\\\/garantie.be\\\/es\\\/\",\"name\":\"Garantie\",\"description\":\"\",\"publisher\":{\"@id\":\"https:\\\/\\\/garantie.be\\\/es\\\/#organization\"},\"potentialAction\":[{\"@type\":\"SearchAction\",\"target\":{\"@type\":\"EntryPoint\",\"urlTemplate\":\"https:\\\/\\\/garantie.be\\\/es\\\/?s={search_term_string}\"},\"query-input\":{\"@type\":\"PropertyValueSpecification\",\"valueRequired\":true,\"valueName\":\"search_term_string\"}}],\"inLanguage\":\"es\"},{\"@type\":\"Organization\",\"@id\":\"https:\\\/\\\/garantie.be\\\/es\\\/#organization\",\"name\":\"Garantie.be\",\"url\":\"https:\\\/\\\/garantie.be\\\/es\\\/\",\"logo\":{\"@type\":\"ImageObject\",\"inLanguage\":\"es\",\"@id\":\"https:\\\/\\\/garantie.be\\\/es\\\/#\\\/schema\\\/logo\\\/image\\\/\",\"url\":\"\",\"contentUrl\":\"\",\"caption\":\"Garantie.be\"},\"image\":{\"@id\":\"https:\\\/\\\/garantie.be\\\/es\\\/#\\\/schema\\\/logo\\\/image\\\/\"}}]}<\/script>\n<!-- \/ Yoast SEO plugin. -->","yoast_head_json":{"title":"Fianza de alquiler Flandes | Formulario en l\u00ednea","description":"Descubre las normas del nuevo c\u00f3digo de vivienda para fianza de alquiler en vigor en la regi\u00f3n de Flandes desde 2019.","robots":{"index":"index","follow":"follow","max-snippet":"max-snippet:-1","max-image-preview":"max-image-preview:large","max-video-preview":"max-video-preview:-1"},"canonical":"https:\/\/garantie.be\/es\/fianza-alquiler-flandes\/","og_locale":"es_ES","og_type":"article","og_title":"Fianza de alquiler Flandes | Formulario en l\u00ednea","og_description":"Descubre las normas del nuevo c\u00f3digo de vivienda para fianza de alquiler en vigor en la regi\u00f3n de Flandes desde 2019.","og_url":"https:\/\/garantie.be\/es\/fianza-alquiler-flandes\/","og_site_name":"Garantie","article_modified_time":"2025-10-09T07:57:36+00:00","og_image":[{"url":"https:\/\/garantie.be\/wp-content\/uploads\/elementor\/thumbs\/Logo-2-garantie-alone-1-pe5xec7dnfsf8cs3rtfffen34plb9ip2rjyfhjeqd0.jpg","type":"","width":"","height":""}],"twitter_card":"summary_large_image","twitter_misc":{"Tiempo de lectura":"3 minutos"},"schema":{"@context":"https:\/\/schema.org","@graph":[{"@type":"WebPage","@id":"https:\/\/garantie.be\/es\/fianza-alquiler-flandes\/","url":"https:\/\/garantie.be\/es\/fianza-alquiler-flandes\/","name":"Fianza de alquiler Flandes | Formulario en l\u00ednea","isPartOf":{"@id":"https:\/\/garantie.be\/es\/#website"},"primaryImageOfPage":{"@id":"https:\/\/garantie.be\/es\/fianza-alquiler-flandes\/#primaryimage"},"image":{"@id":"https:\/\/garantie.be\/es\/fianza-alquiler-flandes\/#primaryimage"},"thumbnailUrl":"https:\/\/garantie.be\/wp-content\/uploads\/elementor\/thumbs\/Logo-2-garantie-alone-1-pe5xec7dnfsf8cs3rtfffen34plb9ip2rjyfhjeqd0.jpg","datePublished":"2025-05-15T09:47:19+00:00","dateModified":"2025-10-09T07:57:36+00:00","description":"Descubre las normas del nuevo c\u00f3digo de vivienda para fianza de alquiler en vigor en la regi\u00f3n de Flandes desde 2019.","breadcrumb":{"@id":"https:\/\/garantie.be\/es\/fianza-alquiler-flandes\/#breadcrumb"},"inLanguage":"es","potentialAction":[{"@type":"ReadAction","target":["https:\/\/garantie.be\/es\/fianza-alquiler-flandes\/"]}]},{"@type":"ImageObject","inLanguage":"es","@id":"https:\/\/garantie.be\/es\/fianza-alquiler-flandes\/#primaryimage","url":"https:\/\/garantie.be\/wp-content\/uploads\/elementor\/thumbs\/Logo-2-garantie-alone-1-pe5xec7dnfsf8cs3rtfffen34plb9ip2rjyfhjeqd0.jpg","contentUrl":"https:\/\/garantie.be\/wp-content\/uploads\/elementor\/thumbs\/Logo-2-garantie-alone-1-pe5xec7dnfsf8cs3rtfffen34plb9ip2rjyfhjeqd0.jpg"},{"@type":"BreadcrumbList","@id":"https:\/\/garantie.be\/es\/fianza-alquiler-flandes\/#breadcrumb","itemListElement":[{"@type":"ListItem","position":1,"name":"Accueil","item":"https:\/\/garantie.be\/es\/"},{"@type":"ListItem","position":2,"name":"Fianza de alquiler de Flandes"}]},{"@type":"WebSite","@id":"https:\/\/garantie.be\/es\/#website","url":"https:\/\/garantie.be\/es\/","name":"Garantie","description":"","publisher":{"@id":"https:\/\/garantie.be\/es\/#organization"},"potentialAction":[{"@type":"SearchAction","target":{"@type":"EntryPoint","urlTemplate":"https:\/\/garantie.be\/es\/?s={search_term_string}"},"query-input":{"@type":"PropertyValueSpecification","valueRequired":true,"valueName":"search_term_string"}}],"inLanguage":"es"},{"@type":"Organization","@id":"https:\/\/garantie.be\/es\/#organization","name":"Garantie.be","url":"https:\/\/garantie.be\/es\/","logo":{"@type":"ImageObject","inLanguage":"es","@id":"https:\/\/garantie.be\/es\/#\/schema\/logo\/image\/","url":"","contentUrl":"","caption":"Garantie.be"},"image":{"@id":"https:\/\/garantie.be\/es\/#\/schema\/logo\/image\/"}}]}},"_links":{"self":[{"href":"https:\/\/garantie.be\/es\/wp-json\/wp\/v2\/pages\/17586","targetHints":{"allow":["GET"]}}],"collection":[{"href":"https:\/\/garantie.be\/es\/wp-json\/wp\/v2\/pages"}],"about":[{"href":"https:\/\/garantie.be\/es\/wp-json\/wp\/v2\/types\/page"}],"author":[{"embeddable":true,"href":"https:\/\/garantie.be\/es\/wp-json\/wp\/v2\/users\/1"}],"replies":[{"embeddable":true,"href":"https:\/\/garantie.be\/es\/wp-json\/wp\/v2\/comments?post=17586"}],"version-history":[{"count":0,"href":"https:\/\/garantie.be\/es\/wp-json\/wp\/v2\/pages\/17586\/revisions"}],"wp:attachment":[{"href":"https:\/\/garantie.be\/es\/wp-json\/wp\/v2\/media?parent=17586"}],"curies":[{"name":"wp","href":"https:\/\/api.w.org\/{rel}","templated":true}]}}