{"id":17591,"date":"2025-05-15T11:57:24","date_gmt":"2025-05-15T09:57:24","guid":{"rendered":"https:\/\/garantie.be\/fianza-alquiler-cpas\/"},"modified":"2025-10-09T09:57:49","modified_gmt":"2025-10-09T07:57:49","slug":"fianza-alquiler-cpas","status":"publish","type":"page","link":"https:\/\/garantie.be\/es\/fianza-alquiler-cpas\/","title":{"rendered":"Fianza de alquiler CPAS"},"content":{"rendered":"\t\t<div data-elementor-type=\"wp-page\" data-elementor-id=\"17591\" class=\"elementor elementor-17591 elementor-391\" data-elementor-post-type=\"page\">\n\t\t\t\t\t\t<section class=\"elementor-section elementor-top-section elementor-element elementor-element-28405035 elementor-section-boxed elementor-section-height-default elementor-section-height-default\" data-id=\"28405035\" data-element_type=\"section\" data-e-type=\"section\">\n\t\t\t\t\t\t<div class=\"elementor-container elementor-column-gap-default\">\n\t\t\t\t\t<div class=\"elementor-column elementor-col-100 elementor-top-column elementor-element elementor-element-21004414\" data-id=\"21004414\" data-element_type=\"column\" data-e-type=\"column\">\n\t\t\t<div class=\"elementor-widget-wrap elementor-element-populated\">\n\t\t\t\t\t\t<div class=\"elementor-element elementor-element-205c4463 elementor-widget elementor-widget-spacer\" data-id=\"205c4463\" data-element_type=\"widget\" data-e-type=\"widget\" data-widget_type=\"spacer.default\">\n\t\t\t\t<div class=\"elementor-widget-container\">\n\t\t\t\t\t\t\t<div class=\"elementor-spacer\">\n\t\t\t<div class=\"elementor-spacer-inner\"><\/div>\n\t\t<\/div>\n\t\t\t\t\t\t<\/div>\n\t\t\t\t<\/div>\n\t\t\t\t<div class=\"elementor-element elementor-element-1bce35c9 elementor-widget elementor-widget-heading\" data-id=\"1bce35c9\" data-element_type=\"widget\" data-e-type=\"widget\" data-widget_type=\"heading.default\">\n\t\t\t\t<div class=\"elementor-widget-container\">\n\t\t\t\t\t<h1 class=\"elementor-heading-title elementor-size-default\"><b>Fianza de alquiler CPAS<\/b><\/h1>\t\t\t\t<\/div>\n\t\t\t\t<\/div>\n\t\t\t\t<div class=\"elementor-element elementor-element-66ab87a4 elementor-widget elementor-widget-spacer\" data-id=\"66ab87a4\" data-element_type=\"widget\" data-e-type=\"widget\" data-widget_type=\"spacer.default\">\n\t\t\t\t<div class=\"elementor-widget-container\">\n\t\t\t\t\t\t\t<div class=\"elementor-spacer\">\n\t\t\t<div class=\"elementor-spacer-inner\"><\/div>\n\t\t<\/div>\n\t\t\t\t\t\t<\/div>\n\t\t\t\t<\/div>\n\t\t\t\t\t<\/div>\n\t\t<\/div>\n\t\t\t\t\t<\/div>\n\t\t<\/section>\n\t\t\t\t<section class=\"elementor-section elementor-top-section elementor-element elementor-element-4558bb68 elementor-section-boxed elementor-section-height-default elementor-section-height-default\" data-id=\"4558bb68\" data-element_type=\"section\" data-e-type=\"section\">\n\t\t\t\t\t\t<div class=\"elementor-container elementor-column-gap-default\">\n\t\t\t\t\t<div class=\"elementor-column elementor-col-100 elementor-top-column elementor-element elementor-element-4e502c46\" data-id=\"4e502c46\" data-element_type=\"column\" data-e-type=\"column\">\n\t\t\t<div class=\"elementor-widget-wrap elementor-element-populated\">\n\t\t\t\t\t\t<div class=\"elementor-element elementor-element-ae4b303 elementor-widget elementor-widget-heading\" data-id=\"ae4b303\" data-element_type=\"widget\" data-e-type=\"widget\" data-widget_type=\"heading.default\">\n\t\t\t\t<div class=\"elementor-widget-container\">\n\t\t\t\t\t<h2 class=\"elementor-heading-title elementor-size-default\">\u00bfQu\u00e9 son fianza de alquiler y el CPAS?<\/h2>\t\t\t\t<\/div>\n\t\t\t\t<\/div>\n\t\t\t\t<div class=\"elementor-element elementor-element-b641859 elementor-widget elementor-widget-text-editor\" data-id=\"b641859\" data-element_type=\"widget\" data-e-type=\"widget\" data-widget_type=\"text-editor.default\">\n\t\t\t\t<div class=\"elementor-widget-container\">\n\t\t\t\t\t\t\t\t\t<p>El CPAS ofrece ayuda a los m\u00e1s desfavorecidos para construir su <a href=\"https:\/\/garantie.be\/es\/fianza-de-alquiler\/\">fianza de alquiler<\/a> y encontrar alojamiento.<\/p><p>Cada municipio belga tiene un Centre d&#8217;Action Sociale (Centro de Acci\u00f3n Social) para que \u00abtodos puedan llevar una vida digna\u00bb. Estos organismos p\u00fablicos prestan asistencia social a los m\u00e1s desfavorecidos, as\u00ed como apoyo social, m\u00e9dico, psicol\u00f3gico, administrativo y financiero. El objetivo principal es ayudarles a integrarse en la sociedad.  <\/p>\t\t\t\t\t\t\t\t<\/div>\n\t\t\t\t<\/div>\n\t\t\t\t<div class=\"elementor-element elementor-element-8065bbf elementor-widget elementor-widget-text-editor\" data-id=\"8065bbf\" data-element_type=\"widget\" data-e-type=\"widget\" data-widget_type=\"text-editor.default\">\n\t\t\t\t<div class=\"elementor-widget-container\">\n\t\t\t\t\t\t\t\t\t<p><span style=\"font-weight: 400;\"><strong>Para obtener un certificado de fianza de alquiler en pocas horas sin el CPAS<\/strong>, s\u00f3lo tienes que rellenar el formulario haciendo clic en <\/span><span style=\"text-decoration: underline;\"><a href=\"https:\/\/garantie.be\/es\/fianza-alquiler-en-linea\/\"><span style=\"font-weight: 400;\">fianza de alquiler en l\u00ednea<\/span><\/a><\/span><span style=\"font-weight: 400;\">.<\/span><\/p>\t\t\t\t\t\t\t\t<\/div>\n\t\t\t\t<\/div>\n\t\t\t\t<div class=\"elementor-element elementor-element-1a49d32 elementor-widget elementor-widget-spacer\" data-id=\"1a49d32\" data-element_type=\"widget\" data-e-type=\"widget\" data-widget_type=\"spacer.default\">\n\t\t\t\t<div class=\"elementor-widget-container\">\n\t\t\t\t\t\t\t<div class=\"elementor-spacer\">\n\t\t\t<div class=\"elementor-spacer-inner\"><\/div>\n\t\t<\/div>\n\t\t\t\t\t\t<\/div>\n\t\t\t\t<\/div>\n\t\t\t\t<div class=\"elementor-element elementor-element-7bcdd81 elementor-widget elementor-widget-heading\" data-id=\"7bcdd81\" data-element_type=\"widget\" data-e-type=\"widget\" data-widget_type=\"heading.default\">\n\t\t\t\t<div class=\"elementor-widget-container\">\n\t\t\t\t\t<h2 class=\"elementor-heading-title elementor-size-default\">El CPAS fianza de alquiler <\/h2>\t\t\t\t<\/div>\n\t\t\t\t<\/div>\n\t\t\t\t<div class=\"elementor-element elementor-element-77e6344 elementor-widget elementor-widget-text-editor\" data-id=\"77e6344\" data-element_type=\"widget\" data-e-type=\"widget\" data-widget_type=\"text-editor.default\">\n\t\t\t\t<div class=\"elementor-widget-container\">\n\t\t\t\t\t\t\t\t\t<p>Desde 2007, el CPAS presta una valiosa ayuda a los inquilinos con escasos recursos econ\u00f3micos. La ayuda del CPAS puede adoptar varias formas, siendo las dos principales : <\/p><ul><li>Obtener un fianza de alquiler de un banco. En este caso, el banco se compromete en nombre del PCSW y no en nombre del futuro inquilino; <\/li><li>El CPAS tambi\u00e9n puede utilizar una carta de garant\u00eda en la que se compromete a pagar fianza de alquiler al propietario si el inquilino incumple.<\/li><\/ul>\t\t\t\t\t\t\t\t<\/div>\n\t\t\t\t<\/div>\n\t\t\t\t<div class=\"elementor-element elementor-element-4d2b02a elementor-widget elementor-widget-heading\" data-id=\"4d2b02a\" data-element_type=\"widget\" data-e-type=\"widget\" data-widget_type=\"heading.default\">\n\t\t\t\t<div class=\"elementor-widget-container\">\n\t\t\t\t\t<h2 class=\"elementor-heading-title elementor-size-default\">\u00bfCu\u00e1l es la diferencia entre la acci\u00f3n social y el CPAS?<\/h2>\t\t\t\t<\/div>\n\t\t\t\t<\/div>\n\t\t\t\t<div class=\"elementor-element elementor-element-3d43696 elementor-widget elementor-widget-text-editor\" data-id=\"3d43696\" data-element_type=\"widget\" data-e-type=\"widget\" data-widget_type=\"text-editor.default\">\n\t\t\t\t<div class=\"elementor-widget-container\">\n\t\t\t\t\t\t\t\t\t<p>La acci\u00f3n social se dirige principalmente a las personas que no tienen derecho a la seguridad social, en particular los menores belgas y los refugiados pol\u00edticos. En funci\u00f3n de su situaci\u00f3n personal, se les puede conceder un salario digno. <\/p><p>El centro de acci\u00f3n social CPAS se ocupa de otras personas con dificultades para las que se puede solicitar ayuda ocasional.<\/p>\t\t\t\t\t\t\t\t<\/div>\n\t\t\t\t<\/div>\n\t\t\t\t<div class=\"elementor-element elementor-element-25d8906 elementor-widget elementor-widget-heading\" data-id=\"25d8906\" data-element_type=\"widget\" data-e-type=\"widget\" data-widget_type=\"heading.default\">\n\t\t\t\t<div class=\"elementor-widget-container\">\n\t\t\t\t\t<h2 class=\"elementor-heading-title elementor-size-default\">El CPAS fianza de alquiler <\/h2>\t\t\t\t<\/div>\n\t\t\t\t<\/div>\n\t\t\t\t<div class=\"elementor-element elementor-element-5b09f2a elementor-widget elementor-widget-text-editor\" data-id=\"5b09f2a\" data-element_type=\"widget\" data-e-type=\"widget\" data-widget_type=\"text-editor.default\">\n\t\t\t\t<div class=\"elementor-widget-container\">\n\t\t\t\t\t\t\t\t\t<p>Desde 2007, el CPAS presta una valiosa ayuda a los inquilinos con escasos recursos econ\u00f3micos. La ayuda del CPAS puede adoptar varias formas, siendo las dos principales : <\/p><ul><li>Obtener un fianza de alquiler de un banco. En este caso, el banco se compromete en nombre del PCSW y no en nombre del futuro inquilino; <\/li><li>El CPAS tambi\u00e9n puede utilizar una carta de garant\u00eda en la que se compromete a pagar fianza de alquiler al propietario si el inquilino incumple.<\/li><\/ul>\t\t\t\t\t\t\t\t<\/div>\n\t\t\t\t<\/div>\n\t\t\t\t<div class=\"elementor-element elementor-element-5a1b72d elementor-widget elementor-widget-heading\" data-id=\"5a1b72d\" data-element_type=\"widget\" data-e-type=\"widget\" data-widget_type=\"heading.default\">\n\t\t\t\t<div class=\"elementor-widget-container\">\n\t\t\t\t\t<h2 class=\"elementor-heading-title elementor-size-default\">\u00bfCu\u00e1nto cuesta el CPAS fianza de alquiler?<\/h2>\t\t\t\t<\/div>\n\t\t\t\t<\/div>\n\t\t\t\t<div class=\"elementor-element elementor-element-94d4c7c elementor-widget elementor-widget-text-editor\" data-id=\"94d4c7c\" data-element_type=\"widget\" data-e-type=\"widget\" data-widget_type=\"text-editor.default\">\n\t\t\t\t<div class=\"elementor-widget-container\">\n\t\t\t\t\t\t\t\t\t<p>En virtud de la garant\u00eda bancaria obtenida con la ayuda del CPAS, el importe del fianza de alquiler puede representar hasta 3 meses de alquiler de la vivienda alquilada.<\/p>\t\t\t\t\t\t\t\t<\/div>\n\t\t\t\t<\/div>\n\t\t\t\t<div class=\"elementor-element elementor-element-9897b4e elementor-widget elementor-widget-heading\" data-id=\"9897b4e\" data-element_type=\"widget\" data-e-type=\"widget\" data-widget_type=\"heading.default\">\n\t\t\t\t<div class=\"elementor-widget-container\">\n\t\t\t\t\t<h2 class=\"elementor-heading-title elementor-size-default\">Asistencia social de los CPAS y AIS - Agencias del Estado Social<\/h2>\t\t\t\t<\/div>\n\t\t\t\t<\/div>\n\t\t\t\t<div class=\"elementor-element elementor-element-e08df61 elementor-widget elementor-widget-text-editor\" data-id=\"e08df61\" data-element_type=\"widget\" data-e-type=\"widget\" data-widget_type=\"text-editor.default\">\n\t\t\t\t<div class=\"elementor-widget-container\">\n\t\t\t\t\t\t\t\t\t<p>Parte del parque de viviendas sociales de B\u00e9lgica est\u00e1 gestionado por las <a href=\"https:\/\/garantie.be\/es\/ais-fianza-alquiler\/\">Agencias de Vivienda Social<\/a> (AIS). Estas agencias sociales gestionan un parque de viviendas propiedad de arrendadores privados que les conf\u00edan sus propiedades. Estas viviendas se ofrecen en alquiler en funci\u00f3n de los recursos.  <\/p>\t\t\t\t\t\t\t\t<\/div>\n\t\t\t\t<\/div>\n\t\t\t\t\t<\/div>\n\t\t<\/div>\n\t\t\t\t\t<\/div>\n\t\t<\/section>\n\t\t\t\t<section class=\"elementor-section elementor-top-section elementor-element elementor-element-590a6ed5 elementor-section-height-min-height elementor-section-content-middle elementor-section-boxed elementor-section-height-default elementor-section-items-middle\" data-id=\"590a6ed5\" data-element_type=\"section\" data-e-type=\"section\" data-settings=\"{&quot;background_background&quot;:&quot;classic&quot;}\">\n\t\t\t\t\t\t<div class=\"elementor-container elementor-column-gap-default\">\n\t\t\t\t\t<div class=\"elementor-column elementor-col-50 elementor-top-column elementor-element elementor-element-dc7e2b\" data-id=\"dc7e2b\" data-element_type=\"column\" data-e-type=\"column\">\n\t\t\t<div class=\"elementor-widget-wrap elementor-element-populated\">\n\t\t\t\t\t\t<div class=\"elementor-element elementor-element-40697bbd elementor-widget elementor-widget-image\" data-id=\"40697bbd\" data-element_type=\"widget\" data-e-type=\"widget\" data-widget_type=\"image.default\">\n\t\t\t\t<div class=\"elementor-widget-container\">\n\t\t\t\t\t\t\t\t\t\t\t\t\t\t\t<img fetchpriority=\"high\" decoding=\"async\" width=\"1337\" height=\"326\" src=\"https:\/\/garantie.be\/wp-content\/uploads\/2021\/10\/Logo-2-garantie-blanc.jpg\" class=\"attachment-full size-full wp-image-17626\" alt=\"\" srcset=\"https:\/\/garantie.be\/wp-content\/uploads\/2021\/10\/Logo-2-garantie-blanc.jpg 1337w, https:\/\/garantie.be\/wp-content\/uploads\/2021\/10\/Logo-2-garantie-blanc-300x73.jpg 300w, https:\/\/garantie.be\/wp-content\/uploads\/2021\/10\/Logo-2-garantie-blanc-1024x250.jpg 1024w, https:\/\/garantie.be\/wp-content\/uploads\/2021\/10\/Logo-2-garantie-blanc-768x187.jpg 768w, https:\/\/garantie.be\/wp-content\/uploads\/2021\/10\/elementor\/thumbs\/Logo-2-garantie-blanc-pe6absw6zvy9gejnv1452ukof52xru63y1hy3ysmjw.jpg 120w\" sizes=\"(max-width: 1337px) 100vw, 1337px\" \/>\t\t\t\t\t\t\t\t\t\t\t\t\t\t\t<\/div>\n\t\t\t\t<\/div>\n\t\t\t\t\t<\/div>\n\t\t<\/div>\n\t\t\t\t<div class=\"elementor-column elementor-col-50 elementor-top-column elementor-element elementor-element-3cf8626\" data-id=\"3cf8626\" data-element_type=\"column\" data-e-type=\"column\">\n\t\t\t<div class=\"elementor-widget-wrap elementor-element-populated\">\n\t\t\t\t\t\t<div class=\"elementor-element elementor-element-70d2d2e elementor-widget-divider--view-line elementor-widget elementor-widget-divider\" data-id=\"70d2d2e\" data-element_type=\"widget\" data-e-type=\"widget\" data-widget_type=\"divider.default\">\n\t\t\t\t<div class=\"elementor-widget-container\">\n\t\t\t\t\t\t\t<div class=\"elementor-divider\">\n\t\t\t<span class=\"elementor-divider-separator\">\n\t\t\t\t\t\t<\/span>\n\t\t<\/div>\n\t\t\t\t\t\t<\/div>\n\t\t\t\t<\/div>\n\t\t\t\t<div class=\"elementor-element elementor-element-279b2b8c elementor-widget elementor-widget-heading\" data-id=\"279b2b8c\" data-element_type=\"widget\" data-e-type=\"widget\" data-widget_type=\"heading.default\">\n\t\t\t\t<div class=\"elementor-widget-container\">\n\t\t\t\t\t<h2 class=\"elementor-heading-title elementor-size-large\">fianza de alquiler SIN dep\u00f3sito bancario<\/h2>\t\t\t\t<\/div>\n\t\t\t\t<\/div>\n\t\t\t\t<div class=\"elementor-element elementor-element-a9dbdec elementor-widget elementor-widget-text-editor\" data-id=\"a9dbdec\" data-element_type=\"widget\" data-e-type=\"widget\" data-widget_type=\"text-editor.default\">\n\t\t\t\t<div class=\"elementor-widget-container\">\n\t\t\t\t\t\t\t\t\t<p>Est\u00e1s en el sitio web <strong>garantie.be.<\/strong> Somos una empresa financiera privada. Ofrecemos un servicio para obtener una <a href=\"https:\/\/garantie.be\/es\/fianza-de-alquiler\/\">fianza de alquiler<\/a> <strong>sin bloquear fondos en el banco<\/strong>. <\/p>\t\t\t\t\t\t\t\t<\/div>\n\t\t\t\t<\/div>\n\t\t\t\t<div class=\"elementor-element elementor-element-1925d2f5 elementor-widget elementor-widget-heading\" data-id=\"1925d2f5\" data-element_type=\"widget\" data-e-type=\"widget\" data-widget_type=\"heading.default\">\n\t\t\t\t<div class=\"elementor-widget-container\">\n\t\t\t\t\t<p class=\"elementor-heading-title elementor-size-medium\"><a href=\"https:\/\/garantie.be\/es\/fianza-alquiler-en-linea\/\" target=\"_blank\" rel=\"nofollow\">&gt; Solicita fianza de alquiler en l\u00ednea<\/a><\/p>\t\t\t\t<\/div>\n\t\t\t\t<\/div>\n\t\t\t\t\t<\/div>\n\t\t<\/div>\n\t\t\t\t\t<\/div>\n\t\t<\/section>\n\t\t\t\t<\/div>\n\t\t","protected":false},"excerpt":{"rendered":"<p>Fianza de alquiler CPAS \u00bfQu\u00e9 son fianza de alquiler y el CPAS? El CPAS ofrece ayuda a los m\u00e1s desfavorecidos para construir su fianza de alquiler y encontrar alojamiento. Cada municipio belga tiene un Centre d&#8217;Action Sociale (Centro de Acci\u00f3n Social) para que \u00abtodos puedan llevar una vida digna\u00bb. Estos organismos p\u00fablicos prestan asistencia social [&hellip;]<\/p>\n","protected":false},"author":1,"featured_media":0,"parent":0,"menu_order":0,"comment_status":"closed","ping_status":"closed","template":"","meta":{"footnotes":""},"class_list":["post-17591","page","type-page","status-publish","hentry"],"yoast_head":"<!-- This site is optimized with the Yoast SEO plugin v27.3 - https:\/\/yoast.com\/product\/yoast-seo-wordpress\/ -->\n<title>Fianza de alquiler CPAS | Ayuda fianza de alquiler<\/title>\n<meta name=\"description\" content=\"M\u00e1s informaci\u00f3n en fianza de alquiler obtenida con el CPAS. Construye un fianza de alquiler a pesar de los recursos limitados.\" \/>\n<meta name=\"robots\" content=\"index, follow, max-snippet:-1, max-image-preview:large, max-video-preview:-1\" \/>\n<link rel=\"canonical\" href=\"https:\/\/garantie.be\/es\/fianza-alquiler-cpas\/\" \/>\n<meta property=\"og:locale\" content=\"es_ES\" \/>\n<meta property=\"og:type\" content=\"article\" \/>\n<meta property=\"og:title\" content=\"Fianza de alquiler CPAS | Ayuda fianza de alquiler\" \/>\n<meta property=\"og:description\" content=\"M\u00e1s informaci\u00f3n en fianza de alquiler obtenida con el CPAS. Construye un fianza de alquiler a pesar de los recursos limitados.\" \/>\n<meta property=\"og:url\" content=\"https:\/\/garantie.be\/es\/fianza-alquiler-cpas\/\" \/>\n<meta property=\"og:site_name\" content=\"Garantie\" \/>\n<meta property=\"article:modified_time\" content=\"2025-10-09T07:57:49+00:00\" \/>\n<meta property=\"og:image\" content=\"https:\/\/garantie.be\/wp-content\/uploads\/2021\/10\/Logo-2-garantie-blanc.jpg\" \/>\n<meta name=\"twitter:card\" content=\"summary_large_image\" \/>\n<meta name=\"twitter:label1\" content=\"Tiempo de lectura\" \/>\n\t<meta name=\"twitter:data1\" content=\"3 minutos\" \/>\n<script type=\"application\/ld+json\" class=\"yoast-schema-graph\">{\"@context\":\"https:\\\/\\\/schema.org\",\"@graph\":[{\"@type\":\"WebPage\",\"@id\":\"https:\\\/\\\/garantie.be\\\/es\\\/fianza-alquiler-cpas\\\/\",\"url\":\"https:\\\/\\\/garantie.be\\\/es\\\/fianza-alquiler-cpas\\\/\",\"name\":\"Fianza de alquiler CPAS | Ayuda fianza de alquiler\",\"isPartOf\":{\"@id\":\"https:\\\/\\\/garantie.be\\\/es\\\/#website\"},\"primaryImageOfPage\":{\"@id\":\"https:\\\/\\\/garantie.be\\\/es\\\/fianza-alquiler-cpas\\\/#primaryimage\"},\"image\":{\"@id\":\"https:\\\/\\\/garantie.be\\\/es\\\/fianza-alquiler-cpas\\\/#primaryimage\"},\"thumbnailUrl\":\"https:\\\/\\\/garantie.be\\\/wp-content\\\/uploads\\\/2021\\\/10\\\/Logo-2-garantie-blanc.jpg\",\"datePublished\":\"2025-05-15T09:57:24+00:00\",\"dateModified\":\"2025-10-09T07:57:49+00:00\",\"description\":\"M\u00e1s informaci\u00f3n en fianza de alquiler obtenida con el CPAS. Construye un fianza de alquiler a pesar de los recursos limitados.\",\"breadcrumb\":{\"@id\":\"https:\\\/\\\/garantie.be\\\/es\\\/fianza-alquiler-cpas\\\/#breadcrumb\"},\"inLanguage\":\"es\",\"potentialAction\":[{\"@type\":\"ReadAction\",\"target\":[\"https:\\\/\\\/garantie.be\\\/es\\\/fianza-alquiler-cpas\\\/\"]}]},{\"@type\":\"ImageObject\",\"inLanguage\":\"es\",\"@id\":\"https:\\\/\\\/garantie.be\\\/es\\\/fianza-alquiler-cpas\\\/#primaryimage\",\"url\":\"https:\\\/\\\/garantie.be\\\/wp-content\\\/uploads\\\/2021\\\/10\\\/Logo-2-garantie-blanc.jpg\",\"contentUrl\":\"https:\\\/\\\/garantie.be\\\/wp-content\\\/uploads\\\/2021\\\/10\\\/Logo-2-garantie-blanc.jpg\"},{\"@type\":\"BreadcrumbList\",\"@id\":\"https:\\\/\\\/garantie.be\\\/es\\\/fianza-alquiler-cpas\\\/#breadcrumb\",\"itemListElement\":[{\"@type\":\"ListItem\",\"position\":1,\"name\":\"Accueil\",\"item\":\"https:\\\/\\\/garantie.be\\\/es\\\/\"},{\"@type\":\"ListItem\",\"position\":2,\"name\":\"Fianza de alquiler CPAS\"}]},{\"@type\":\"WebSite\",\"@id\":\"https:\\\/\\\/garantie.be\\\/es\\\/#website\",\"url\":\"https:\\\/\\\/garantie.be\\\/es\\\/\",\"name\":\"Garantie\",\"description\":\"\",\"publisher\":{\"@id\":\"https:\\\/\\\/garantie.be\\\/es\\\/#organization\"},\"potentialAction\":[{\"@type\":\"SearchAction\",\"target\":{\"@type\":\"EntryPoint\",\"urlTemplate\":\"https:\\\/\\\/garantie.be\\\/es\\\/?s={search_term_string}\"},\"query-input\":{\"@type\":\"PropertyValueSpecification\",\"valueRequired\":true,\"valueName\":\"search_term_string\"}}],\"inLanguage\":\"es\"},{\"@type\":\"Organization\",\"@id\":\"https:\\\/\\\/garantie.be\\\/es\\\/#organization\",\"name\":\"Garantie.be\",\"url\":\"https:\\\/\\\/garantie.be\\\/es\\\/\",\"logo\":{\"@type\":\"ImageObject\",\"inLanguage\":\"es\",\"@id\":\"https:\\\/\\\/garantie.be\\\/es\\\/#\\\/schema\\\/logo\\\/image\\\/\",\"url\":\"\",\"contentUrl\":\"\",\"caption\":\"Garantie.be\"},\"image\":{\"@id\":\"https:\\\/\\\/garantie.be\\\/es\\\/#\\\/schema\\\/logo\\\/image\\\/\"}}]}<\/script>\n<!-- \/ Yoast SEO plugin. -->","yoast_head_json":{"title":"Fianza de alquiler CPAS | Ayuda fianza de alquiler","description":"M\u00e1s informaci\u00f3n en fianza de alquiler obtenida con el CPAS. Construye un fianza de alquiler a pesar de los recursos limitados.","robots":{"index":"index","follow":"follow","max-snippet":"max-snippet:-1","max-image-preview":"max-image-preview:large","max-video-preview":"max-video-preview:-1"},"canonical":"https:\/\/garantie.be\/es\/fianza-alquiler-cpas\/","og_locale":"es_ES","og_type":"article","og_title":"Fianza de alquiler CPAS | Ayuda fianza de alquiler","og_description":"M\u00e1s informaci\u00f3n en fianza de alquiler obtenida con el CPAS. Construye un fianza de alquiler a pesar de los recursos limitados.","og_url":"https:\/\/garantie.be\/es\/fianza-alquiler-cpas\/","og_site_name":"Garantie","article_modified_time":"2025-10-09T07:57:49+00:00","og_image":[{"url":"https:\/\/garantie.be\/wp-content\/uploads\/2021\/10\/Logo-2-garantie-blanc.jpg","type":"","width":"","height":""}],"twitter_card":"summary_large_image","twitter_misc":{"Tiempo de lectura":"3 minutos"},"schema":{"@context":"https:\/\/schema.org","@graph":[{"@type":"WebPage","@id":"https:\/\/garantie.be\/es\/fianza-alquiler-cpas\/","url":"https:\/\/garantie.be\/es\/fianza-alquiler-cpas\/","name":"Fianza de alquiler CPAS | Ayuda fianza de alquiler","isPartOf":{"@id":"https:\/\/garantie.be\/es\/#website"},"primaryImageOfPage":{"@id":"https:\/\/garantie.be\/es\/fianza-alquiler-cpas\/#primaryimage"},"image":{"@id":"https:\/\/garantie.be\/es\/fianza-alquiler-cpas\/#primaryimage"},"thumbnailUrl":"https:\/\/garantie.be\/wp-content\/uploads\/2021\/10\/Logo-2-garantie-blanc.jpg","datePublished":"2025-05-15T09:57:24+00:00","dateModified":"2025-10-09T07:57:49+00:00","description":"M\u00e1s informaci\u00f3n en fianza de alquiler obtenida con el CPAS. Construye un fianza de alquiler a pesar de los recursos limitados.","breadcrumb":{"@id":"https:\/\/garantie.be\/es\/fianza-alquiler-cpas\/#breadcrumb"},"inLanguage":"es","potentialAction":[{"@type":"ReadAction","target":["https:\/\/garantie.be\/es\/fianza-alquiler-cpas\/"]}]},{"@type":"ImageObject","inLanguage":"es","@id":"https:\/\/garantie.be\/es\/fianza-alquiler-cpas\/#primaryimage","url":"https:\/\/garantie.be\/wp-content\/uploads\/2021\/10\/Logo-2-garantie-blanc.jpg","contentUrl":"https:\/\/garantie.be\/wp-content\/uploads\/2021\/10\/Logo-2-garantie-blanc.jpg"},{"@type":"BreadcrumbList","@id":"https:\/\/garantie.be\/es\/fianza-alquiler-cpas\/#breadcrumb","itemListElement":[{"@type":"ListItem","position":1,"name":"Accueil","item":"https:\/\/garantie.be\/es\/"},{"@type":"ListItem","position":2,"name":"Fianza de alquiler CPAS"}]},{"@type":"WebSite","@id":"https:\/\/garantie.be\/es\/#website","url":"https:\/\/garantie.be\/es\/","name":"Garantie","description":"","publisher":{"@id":"https:\/\/garantie.be\/es\/#organization"},"potentialAction":[{"@type":"SearchAction","target":{"@type":"EntryPoint","urlTemplate":"https:\/\/garantie.be\/es\/?s={search_term_string}"},"query-input":{"@type":"PropertyValueSpecification","valueRequired":true,"valueName":"search_term_string"}}],"inLanguage":"es"},{"@type":"Organization","@id":"https:\/\/garantie.be\/es\/#organization","name":"Garantie.be","url":"https:\/\/garantie.be\/es\/","logo":{"@type":"ImageObject","inLanguage":"es","@id":"https:\/\/garantie.be\/es\/#\/schema\/logo\/image\/","url":"","contentUrl":"","caption":"Garantie.be"},"image":{"@id":"https:\/\/garantie.be\/es\/#\/schema\/logo\/image\/"}}]}},"_links":{"self":[{"href":"https:\/\/garantie.be\/es\/wp-json\/wp\/v2\/pages\/17591","targetHints":{"allow":["GET"]}}],"collection":[{"href":"https:\/\/garantie.be\/es\/wp-json\/wp\/v2\/pages"}],"about":[{"href":"https:\/\/garantie.be\/es\/wp-json\/wp\/v2\/types\/page"}],"author":[{"embeddable":true,"href":"https:\/\/garantie.be\/es\/wp-json\/wp\/v2\/users\/1"}],"replies":[{"embeddable":true,"href":"https:\/\/garantie.be\/es\/wp-json\/wp\/v2\/comments?post=17591"}],"version-history":[{"count":0,"href":"https:\/\/garantie.be\/es\/wp-json\/wp\/v2\/pages\/17591\/revisions"}],"wp:attachment":[{"href":"https:\/\/garantie.be\/es\/wp-json\/wp\/v2\/media?parent=17591"}],"curies":[{"name":"wp","href":"https:\/\/api.w.org\/{rel}","templated":true}]}}