{"id":17596,"date":"2025-05-15T12:17:53","date_gmt":"2025-05-15T10:17:53","guid":{"rendered":"https:\/\/garantie.be\/fianza-alquiler-belfius\/"},"modified":"2025-10-09T09:57:41","modified_gmt":"2025-10-09T07:57:41","slug":"fianza-alquiler-belfius","status":"publish","type":"page","link":"https:\/\/garantie.be\/es\/fianza-alquiler-belfius\/","title":{"rendered":"Fianza de alquiler de Belfius"},"content":{"rendered":"\t\t<div data-elementor-type=\"wp-page\" data-elementor-id=\"17596\" class=\"elementor elementor-17596 elementor-376\" data-elementor-post-type=\"page\">\n\t\t\t\t\t\t<section class=\"elementor-section elementor-top-section elementor-element elementor-element-d235123 elementor-section-height-min-height elementor-section-boxed elementor-section-height-default elementor-section-items-middle\" data-id=\"d235123\" data-element_type=\"section\" data-e-type=\"section\">\n\t\t\t\t\t\t<div class=\"elementor-container elementor-column-gap-default\">\n\t\t\t\t\t<div class=\"elementor-column elementor-col-100 elementor-top-column elementor-element elementor-element-5d286b5d\" data-id=\"5d286b5d\" data-element_type=\"column\" data-e-type=\"column\">\n\t\t\t<div class=\"elementor-widget-wrap elementor-element-populated\">\n\t\t\t\t\t\t<div class=\"elementor-element elementor-element-79ab4342 elementor-widget elementor-widget-spacer\" data-id=\"79ab4342\" data-element_type=\"widget\" data-e-type=\"widget\" data-widget_type=\"spacer.default\">\n\t\t\t\t<div class=\"elementor-widget-container\">\n\t\t\t\t\t\t\t<div class=\"elementor-spacer\">\n\t\t\t<div class=\"elementor-spacer-inner\"><\/div>\n\t\t<\/div>\n\t\t\t\t\t\t<\/div>\n\t\t\t\t<\/div>\n\t\t\t\t<div class=\"elementor-element elementor-element-24968f70 elementor-widget elementor-widget-heading\" data-id=\"24968f70\" data-element_type=\"widget\" data-e-type=\"widget\" data-widget_type=\"heading.default\">\n\t\t\t\t<div class=\"elementor-widget-container\">\n\t\t\t\t\t<h1 class=\"elementor-heading-title elementor-size-default\">BELFIUS Fianza de alquiler<\/h1>\t\t\t\t<\/div>\n\t\t\t\t<\/div>\n\t\t\t\t<div class=\"elementor-element elementor-element-01a15a1 elementor-widget elementor-widget-spacer\" data-id=\"01a15a1\" data-element_type=\"widget\" data-e-type=\"widget\" data-widget_type=\"spacer.default\">\n\t\t\t\t<div class=\"elementor-widget-container\">\n\t\t\t\t\t\t\t<div class=\"elementor-spacer\">\n\t\t\t<div class=\"elementor-spacer-inner\"><\/div>\n\t\t<\/div>\n\t\t\t\t\t\t<\/div>\n\t\t\t\t<\/div>\n\t\t\t\t\t<\/div>\n\t\t<\/div>\n\t\t\t\t\t<\/div>\n\t\t<\/section>\n\t\t\t\t<section class=\"elementor-section elementor-top-section elementor-element elementor-element-c4d8a5e elementor-section-height-min-height elementor-section-content-middle elementor-section-boxed elementor-section-height-default elementor-section-items-middle\" data-id=\"c4d8a5e\" data-element_type=\"section\" data-e-type=\"section\" data-settings=\"{&quot;background_background&quot;:&quot;classic&quot;}\">\n\t\t\t\t\t\t<div class=\"elementor-container elementor-column-gap-default\">\n\t\t\t\t\t<div class=\"elementor-column elementor-col-100 elementor-top-column elementor-element elementor-element-56e5b717\" data-id=\"56e5b717\" data-element_type=\"column\" data-e-type=\"column\">\n\t\t\t<div class=\"elementor-widget-wrap elementor-element-populated\">\n\t\t\t\t\t\t<div class=\"elementor-element elementor-element-b5ac2ea elementor-widget elementor-widget-text-editor\" data-id=\"b5ac2ea\" data-element_type=\"widget\" data-e-type=\"widget\" data-widget_type=\"text-editor.default\">\n\t\t\t\t<div class=\"elementor-widget-container\">\n\t\t\t\t\t\t\t\t\t<p>Banco Belfius es un bancoasegurador con ra\u00edces locales en toda B\u00e9lgica. Banco Belfius opera en tres \u00e1reas comerciales en B\u00e9lgica: banca comercial, servicios financieros y seguros. <\/p><p><a href=\"https:\/\/www.belfius.be\/retail\/fr\/index.aspx\">El Banco Belfius<\/a> lleva 150 a\u00f1os activo en la financiaci\u00f3n del sector p\u00fablico y 50 a\u00f1os en la banca minorista. Belfius es un banco propiedad al 100% del Estado belga. <\/p>\t\t\t\t\t\t\t\t<\/div>\n\t\t\t\t<\/div>\n\t\t\t\t<div class=\"elementor-element elementor-element-56d5f34 elementor-widget elementor-widget-heading\" data-id=\"56d5f34\" data-element_type=\"widget\" data-e-type=\"widget\" data-widget_type=\"heading.default\">\n\t\t\t\t<div class=\"elementor-widget-container\">\n\t\t\t\t\t<h2 class=\"elementor-heading-title elementor-size-default\">\u00bfQu\u00e9 es fianza de alquiler Belfius?<\/h2>\t\t\t\t<\/div>\n\t\t\t\t<\/div>\n\t\t\t\t<div class=\"elementor-element elementor-element-65bde32 elementor-widget elementor-widget-text-editor\" data-id=\"65bde32\" data-element_type=\"widget\" data-e-type=\"widget\" data-widget_type=\"text-editor.default\">\n\t\t\t\t<div class=\"elementor-widget-container\">\n\t\t\t\t\t\t\t\t\t<p>La <span style=\"text-decoration: underline;\"><a href=\"https:\/\/garantie.be\/es\/fianza-de-alquiler\/\">fianza de alquiler<\/a><\/span> se cre\u00f3 para proteger a los propietarios de los impagos de los inquilinos y de los riesgos asociados al alquiler. Est\u00e1 regulado por ley, pero no es obligatorio. Se exige en la mayor\u00eda de los contratos de alquiler de viviendas. Para saber si tu <span style=\"text-decoration: underline;\"><a href=\"https:\/\/garantie.be\/es\/contrato-alquiler\/\">contrato de alquiler<\/a><\/span> est\u00e1 sujeto a un fianza de alquiler s\u00f3lo tienes que leerlo y averiguar c\u00f3mo se garantizan los compromisos del inquilino.   <\/p><p>Seg\u00fan la Ley de Arrendamientos, la garant\u00eda del inquilino puede constituirse bloqueando una suma de dinero en una cuenta bancaria espec\u00edfica. El Banco Belfius ofrece este servicio de apertura de una cuenta bancaria individualizada para fianza de alquiler. La cuenta individualizada abierta en el Banco Belfius para depositar el importe de la garant\u00eda est\u00e1 a nombre del inquilino. Estar\u00e1 bloqueada hasta que el inquilino y el propietario acuerden liberar la fianza de alquiler.   <\/p>\t\t\t\t\t\t\t\t<\/div>\n\t\t\t\t<\/div>\n\t\t\t\t\t<\/div>\n\t\t<\/div>\n\t\t\t\t\t<\/div>\n\t\t<\/section>\n\t\t\t\t<section class=\"elementor-section elementor-top-section elementor-element elementor-element-5393e880 elementor-section-content-middle elementor-section-height-min-height elementor-section-items-stretch elementor-section-boxed elementor-section-height-default\" data-id=\"5393e880\" data-element_type=\"section\" data-e-type=\"section\">\n\t\t\t\t\t\t<div class=\"elementor-container elementor-column-gap-no\">\n\t\t\t\t\t<div class=\"elementor-column elementor-col-100 elementor-top-column elementor-element elementor-element-42056ddd\" data-id=\"42056ddd\" data-element_type=\"column\" data-e-type=\"column\" data-settings=\"{&quot;background_background&quot;:&quot;classic&quot;}\">\n\t\t\t<div class=\"elementor-widget-wrap elementor-element-populated\">\n\t\t\t\t\t\t<div class=\"elementor-element elementor-element-6560471c elementor-widget elementor-widget-image\" data-id=\"6560471c\" data-element_type=\"widget\" data-e-type=\"widget\" data-widget_type=\"image.default\">\n\t\t\t\t<div class=\"elementor-widget-container\">\n\t\t\t\t\t\t\t\t\t\t\t\t\t\t\t<img decoding=\"async\" src=\"https:\/\/garantie.be\/wp-content\/uploads\/elementor\/thumbs\/Logo-2-garantie-alone-1-pe5xec7dnfsf8cs3rtfffen34plb9ip2rjyfhjeqd0.jpg\" title=\"garantia\" alt=\"garantia\" loading=\"lazy\" \/>\t\t\t\t\t\t\t\t\t\t\t\t\t\t\t<\/div>\n\t\t\t\t<\/div>\n\t\t\t\t<div class=\"elementor-element elementor-element-6fbb8f70 elementor-widget elementor-widget-text-editor\" data-id=\"6fbb8f70\" data-element_type=\"widget\" data-e-type=\"widget\" data-widget_type=\"text-editor.default\">\n\t\t\t\t<div class=\"elementor-widget-container\">\n\t\t\t\t\t\t\t\t\t<p>Rellena nuestro formulario en l\u00ednea para obtener tu fianza de alquiler en s\u00f3lo unas horas. No bloqueas ning\u00fan dinero porque trabajamos como un <span style=\"text-decoration: underline;\"><a href=\"https:\/\/garantie.be\/es\/garantia-bancaria-alquiler\/\">fianza de alquiler banco<\/a><\/span>. <\/p>\t\t\t\t\t\t\t\t<\/div>\n\t\t\t\t<\/div>\n\t\t\t\t<div class=\"elementor-element elementor-element-18da1cf7 elementor-mobile-align-center elementor-align-center elementor-widget elementor-widget-button\" data-id=\"18da1cf7\" data-element_type=\"widget\" data-e-type=\"widget\" data-widget_type=\"button.default\">\n\t\t\t\t<div class=\"elementor-widget-container\">\n\t\t\t\t\t\t\t\t\t<div class=\"elementor-button-wrapper\">\n\t\t\t\t\t<a class=\"elementor-button elementor-button-link elementor-size-sm\" href=\"https:\/\/account.garantie.be\/en\/register\/lease\">\n\t\t\t\t\t\t<span class=\"elementor-button-content-wrapper\">\n\t\t\t\t\t\t\t\t\t<span class=\"elementor-button-text\">Formulario fianza de alquiler<\/span>\n\t\t\t\t\t<\/span>\n\t\t\t\t\t<\/a>\n\t\t\t\t<\/div>\n\t\t\t\t\t\t\t\t<\/div>\n\t\t\t\t<\/div>\n\t\t\t\t\t<\/div>\n\t\t<\/div>\n\t\t\t\t\t<\/div>\n\t\t<\/section>\n\t\t\t\t<section class=\"elementor-section elementor-top-section elementor-element elementor-element-06ae966 elementor-section-height-min-height elementor-section-content-middle elementor-section-boxed elementor-section-height-default elementor-section-items-middle\" data-id=\"06ae966\" data-element_type=\"section\" data-e-type=\"section\" data-settings=\"{&quot;background_background&quot;:&quot;classic&quot;}\">\n\t\t\t\t\t\t<div class=\"elementor-container elementor-column-gap-default\">\n\t\t\t\t\t<div class=\"elementor-column elementor-col-100 elementor-top-column elementor-element elementor-element-5423dba\" data-id=\"5423dba\" data-element_type=\"column\" data-e-type=\"column\">\n\t\t\t<div class=\"elementor-widget-wrap elementor-element-populated\">\n\t\t\t\t\t\t<div class=\"elementor-element elementor-element-cfa6033 elementor-widget elementor-widget-spacer\" data-id=\"cfa6033\" data-element_type=\"widget\" data-e-type=\"widget\" data-widget_type=\"spacer.default\">\n\t\t\t\t<div class=\"elementor-widget-container\">\n\t\t\t\t\t\t\t<div class=\"elementor-spacer\">\n\t\t\t<div class=\"elementor-spacer-inner\"><\/div>\n\t\t<\/div>\n\t\t\t\t\t\t<\/div>\n\t\t\t\t<\/div>\n\t\t\t\t<div class=\"elementor-element elementor-element-ad7d686 elementor-widget elementor-widget-heading\" data-id=\"ad7d686\" data-element_type=\"widget\" data-e-type=\"widget\" data-widget_type=\"heading.default\">\n\t\t\t\t<div class=\"elementor-widget-container\">\n\t\t\t\t\t<h2 class=\"elementor-heading-title elementor-size-default\">\u00bfC\u00f3mo funciona fianza de alquiler?<\/h2>\t\t\t\t<\/div>\n\t\t\t\t<\/div>\n\t\t\t\t<div class=\"elementor-element elementor-element-927d29e elementor-widget elementor-widget-text-editor\" data-id=\"927d29e\" data-element_type=\"widget\" data-e-type=\"widget\" data-widget_type=\"text-editor.default\">\n\t\t\t\t<div class=\"elementor-widget-container\">\n\t\t\t\t\t\t\t\t\t<p>Los fondos bloqueados en el Banco Belfius en fianza de alquiler devengan intereses. Estos intereses se contabilizan anualmente. <\/p>\t\t\t\t\t\t\t\t<\/div>\n\t\t\t\t<\/div>\n\t\t\t\t<div class=\"elementor-element elementor-element-cd9e7fe elementor-widget elementor-widget-heading\" data-id=\"cd9e7fe\" data-element_type=\"widget\" data-e-type=\"widget\" data-widget_type=\"heading.default\">\n\t\t\t\t<div class=\"elementor-widget-container\">\n\t\t\t\t\t<h2 class=\"elementor-heading-title elementor-size-default\">\u00bfPuede fianza de alquiler Belfius hacerse por Internet?<\/h2>\t\t\t\t<\/div>\n\t\t\t\t<\/div>\n\t\t\t\t<div class=\"elementor-element elementor-element-890a15a elementor-widget elementor-widget-text-editor\" data-id=\"890a15a\" data-element_type=\"widget\" data-e-type=\"widget\" data-widget_type=\"text-editor.default\">\n\t\t\t\t<div class=\"elementor-widget-container\">\n\t\t\t\t\t\t\t\t\t<p>Los inquilinos que sean clientes de Belfius pueden pedir cita online en su sucursal para abrir una cuenta en fianza de alquiler.<\/p><p>Los establecimientos bancarios tienen cada vez m\u00e1s normas de diligencia debida que cumplir al abrir una cuenta bancaria, pero esto a\u00fan no les permite ofrecer una suscripci\u00f3n completamente digital al abrir una cuenta en fianza de alquiler.<\/p>\t\t\t\t\t\t\t\t<\/div>\n\t\t\t\t<\/div>\n\t\t\t\t<div class=\"elementor-element elementor-element-cc288f1 elementor-widget elementor-widget-heading\" data-id=\"cc288f1\" data-element_type=\"widget\" data-e-type=\"widget\" data-widget_type=\"heading.default\">\n\t\t\t\t<div class=\"elementor-widget-container\">\n\t\t\t\t\t<h2 class=\"elementor-heading-title elementor-size-default\">\u00bfCu\u00e1nto tiempo se tarda en obtener un justificante de aval del Banco Belfius?<\/h2>\t\t\t\t<\/div>\n\t\t\t\t<\/div>\n\t\t\t\t<div class=\"elementor-element elementor-element-c9a0851 elementor-widget elementor-widget-text-editor\" data-id=\"c9a0851\" data-element_type=\"widget\" data-e-type=\"widget\" data-widget_type=\"text-editor.default\">\n\t\t\t\t<div class=\"elementor-widget-container\">\n\t\t\t\t\t\t\t\t\t<p>fianza de alquiler puede establecerse en la reuni\u00f3n de la sucursal, siempre que ambas partes est\u00e9n presentes y los fondos a bloquear se paguen directamente. El arrendador recibir\u00e1 el certificado del bloqueo directamente de la agencia.   <\/p>\t\t\t\t\t\t\t\t<\/div>\n\t\t\t\t<\/div>\n\t\t\t\t<div class=\"elementor-element elementor-element-f2219de elementor-widget elementor-widget-heading\" data-id=\"f2219de\" data-element_type=\"widget\" data-e-type=\"widget\" data-widget_type=\"heading.default\">\n\t\t\t\t<div class=\"elementor-widget-container\">\n\t\t\t\t\t<h2 class=\"elementor-heading-title elementor-size-default\">\u00bfCu\u00e1l es la diferencia entre fianza de alquiler y una garant\u00eda bancaria?<\/h2>\t\t\t\t<\/div>\n\t\t\t\t<\/div>\n\t\t\t\t<div class=\"elementor-element elementor-element-20b15c3 elementor-widget elementor-widget-text-editor\" data-id=\"20b15c3\" data-element_type=\"widget\" data-e-type=\"widget\" data-widget_type=\"text-editor.default\">\n\t\t\t\t<div class=\"elementor-widget-container\">\n\t\t\t\t\t\t\t\t\t<p>La diferencia entre un <span style=\"text-decoration: underline;\"><a href=\"https:\/\/garantie.be\/es\/garantia-bancaria-alquiler\/\">aval bancario<\/a><\/span> y un fianza de alquiler es que cuando se crea un fianza de alquiler, el dinero se deposita realmente. Con un aval bancario, no es as\u00ed, pero el banco garantiza el fianza de alquiler. Una garant\u00eda bancaria no es gratuita para el arrendatario. Adem\u00e1s, hay distintas normativas seg\u00fan la regi\u00f3n en la que se encuentre la vivienda alquilada.   <\/p>\t\t\t\t\t\t\t\t<\/div>\n\t\t\t\t<\/div>\n\t\t\t\t<div class=\"elementor-element elementor-element-629ce96 elementor-widget elementor-widget-heading\" data-id=\"629ce96\" data-element_type=\"widget\" data-e-type=\"widget\" data-widget_type=\"heading.default\">\n\t\t\t\t<div class=\"elementor-widget-container\">\n\t\t\t\t\t<h2 class=\"elementor-heading-title elementor-size-default\">Desbloquear fianza de alquiler Belfius por adelantado<\/h2>\t\t\t\t<\/div>\n\t\t\t\t<\/div>\n\t\t\t\t<div class=\"elementor-element elementor-element-983547b elementor-widget elementor-widget-text-editor\" data-id=\"983547b\" data-element_type=\"widget\" data-e-type=\"widget\" data-widget_type=\"text-editor.default\">\n\t\t\t\t<div class=\"elementor-widget-container\">\n\t\t\t\t\t\t\t\t\t<p>Es posible obtener una <span style=\"text-decoration: underline;\"><a href=\"https:\/\/garantie.be\/es\/liberacion-garantia-alquiler-formulario-online\/\">liberaci\u00f3n del fianza de alquiler<\/a><\/span> por tanto, los fondos bloqueados en tu cuenta bancaria con Belfius antes de que finalice el contrato de alquiler. Para recuperar los fondos bloqueados en Belfius en el marco del programa fianza de alquiler, antes del final del contrato de alquiler o al final del mismo, tanto el arrendatario como el arrendador deben acudir a una sucursal de Belfius. <\/p><p>La garant\u00eda podr\u00e1 liberarse en funci\u00f3n del acta del el <span style=\"text-decoration: underline;\"><a href=\"https:\/\/garantie.be\/es\/inventario-salida-estado-inmueble\/\">inventario de salida de las instalaciones<\/a><\/span>. <\/p>\t\t\t\t\t\t\t\t<\/div>\n\t\t\t\t<\/div>\n\t\t\t\t<div class=\"elementor-element elementor-element-818300f elementor-widget elementor-widget-heading\" data-id=\"818300f\" data-element_type=\"widget\" data-e-type=\"widget\" data-widget_type=\"heading.default\">\n\t\t\t\t<div class=\"elementor-widget-container\">\n\t\t\t\t\t<h2 class=\"elementor-heading-title elementor-size-default\">\u00bfCu\u00e1l es la diferencia entre el e-DEPO Myminfin y fianza de alquiler Belfius<\/h2>\t\t\t\t<\/div>\n\t\t\t\t<\/div>\n\t\t\t\t<div class=\"elementor-element elementor-element-b03e455 elementor-widget elementor-widget-text-editor\" data-id=\"b03e455\" data-element_type=\"widget\" data-e-type=\"widget\" data-widget_type=\"text-editor.default\">\n\t\t\t\t<div class=\"elementor-widget-container\">\n\t\t\t\t\t\t\t\t\t<p>El servicio fianza de alquiler <span style=\"text-decoration: underline;\"><a href=\"https:\/\/garantie.be\/es\/e-depo-fianza-alquiler\/\">e DEPO<\/a><\/span> es un servicio ofrecido por el gobierno belga a trav\u00e9s del portal Myminfin del FPS Finanzas. La aplicaci\u00f3n e DEPO permite bloquear fondos en la Caisse des d\u00e9p\u00f4ts et consignations. El servicio e DEPO es, por tanto, un servicio p\u00fablico, mientras que la red bancaria BELFIUS es un banco privado que ofrece a sus clientes la posibilidad de abrir una cuenta a nombre del inquilino y bloquear los fondos de esta cuenta.  <\/p>\t\t\t\t\t\t\t\t<\/div>\n\t\t\t\t<\/div>\n\t\t\t\t\t<\/div>\n\t\t<\/div>\n\t\t\t\t\t<\/div>\n\t\t<\/section>\n\t\t\t\t<\/div>\n\t\t","protected":false},"excerpt":{"rendered":"<p>BELFIUS Fianza de alquiler Banco Belfius es un bancoasegurador con ra\u00edces locales en toda B\u00e9lgica. Banco Belfius opera en tres \u00e1reas comerciales en B\u00e9lgica: banca comercial, servicios financieros y seguros. El Banco Belfius lleva 150 a\u00f1os activo en la financiaci\u00f3n del sector p\u00fablico y 50 a\u00f1os en la banca minorista. Belfius es un banco propiedad [&hellip;]<\/p>\n","protected":false},"author":1,"featured_media":0,"parent":0,"menu_order":0,"comment_status":"closed","ping_status":"closed","template":"","meta":{"footnotes":""},"class_list":["post-17596","page","type-page","status-publish","hentry"],"yoast_head":"<!-- This site is optimized with the Yoast SEO plugin v27.3 - https:\/\/yoast.com\/product\/yoast-seo-wordpress\/ -->\n<title>Fianza de alquiler Belfius | Formulario en l\u00ednea<\/title>\n<meta name=\"description\" content=\"Estamos especializados en fianza de alquiler, y nos gustar\u00eda informarte sobre este servicio que ofrece el banco BELFIUS en B\u00e9lgica.\" \/>\n<meta name=\"robots\" content=\"index, follow, max-snippet:-1, max-image-preview:large, max-video-preview:-1\" \/>\n<link rel=\"canonical\" href=\"https:\/\/garantie.be\/es\/fianza-alquiler-belfius\/\" \/>\n<meta property=\"og:locale\" content=\"es_ES\" \/>\n<meta property=\"og:type\" content=\"article\" \/>\n<meta property=\"og:title\" content=\"Fianza de alquiler Belfius | Formulario en l\u00ednea\" \/>\n<meta property=\"og:description\" content=\"Estamos especializados en fianza de alquiler, y nos gustar\u00eda informarte sobre este servicio que ofrece el banco BELFIUS en B\u00e9lgica.\" \/>\n<meta property=\"og:url\" content=\"https:\/\/garantie.be\/es\/fianza-alquiler-belfius\/\" \/>\n<meta property=\"og:site_name\" content=\"Garantie\" \/>\n<meta property=\"article:modified_time\" content=\"2025-10-09T07:57:41+00:00\" \/>\n<meta property=\"og:image\" content=\"https:\/\/garantie.be\/wp-content\/uploads\/elementor\/thumbs\/Logo-2-garantie-alone-1-pe5xec7dnfsf8cs3rtfffen34plb9ip2rjyfhjeqd0.jpg\" \/>\n<meta name=\"twitter:card\" content=\"summary_large_image\" \/>\n<meta name=\"twitter:label1\" content=\"Tiempo de lectura\" \/>\n\t<meta name=\"twitter:data1\" content=\"3 minutos\" \/>\n<script type=\"application\/ld+json\" class=\"yoast-schema-graph\">{\"@context\":\"https:\\\/\\\/schema.org\",\"@graph\":[{\"@type\":\"WebPage\",\"@id\":\"https:\\\/\\\/garantie.be\\\/es\\\/fianza-alquiler-belfius\\\/\",\"url\":\"https:\\\/\\\/garantie.be\\\/es\\\/fianza-alquiler-belfius\\\/\",\"name\":\"Fianza de alquiler Belfius | Formulario en l\u00ednea\",\"isPartOf\":{\"@id\":\"https:\\\/\\\/garantie.be\\\/es\\\/#website\"},\"primaryImageOfPage\":{\"@id\":\"https:\\\/\\\/garantie.be\\\/es\\\/fianza-alquiler-belfius\\\/#primaryimage\"},\"image\":{\"@id\":\"https:\\\/\\\/garantie.be\\\/es\\\/fianza-alquiler-belfius\\\/#primaryimage\"},\"thumbnailUrl\":\"https:\\\/\\\/garantie.be\\\/wp-content\\\/uploads\\\/elementor\\\/thumbs\\\/Logo-2-garantie-alone-1-pe5xec7dnfsf8cs3rtfffen34plb9ip2rjyfhjeqd0.jpg\",\"datePublished\":\"2025-05-15T10:17:53+00:00\",\"dateModified\":\"2025-10-09T07:57:41+00:00\",\"description\":\"Estamos especializados en fianza de alquiler, y nos gustar\u00eda informarte sobre este servicio que ofrece el banco BELFIUS en B\u00e9lgica.\",\"breadcrumb\":{\"@id\":\"https:\\\/\\\/garantie.be\\\/es\\\/fianza-alquiler-belfius\\\/#breadcrumb\"},\"inLanguage\":\"es\",\"potentialAction\":[{\"@type\":\"ReadAction\",\"target\":[\"https:\\\/\\\/garantie.be\\\/es\\\/fianza-alquiler-belfius\\\/\"]}]},{\"@type\":\"ImageObject\",\"inLanguage\":\"es\",\"@id\":\"https:\\\/\\\/garantie.be\\\/es\\\/fianza-alquiler-belfius\\\/#primaryimage\",\"url\":\"https:\\\/\\\/garantie.be\\\/wp-content\\\/uploads\\\/elementor\\\/thumbs\\\/Logo-2-garantie-alone-1-pe5xec7dnfsf8cs3rtfffen34plb9ip2rjyfhjeqd0.jpg\",\"contentUrl\":\"https:\\\/\\\/garantie.be\\\/wp-content\\\/uploads\\\/elementor\\\/thumbs\\\/Logo-2-garantie-alone-1-pe5xec7dnfsf8cs3rtfffen34plb9ip2rjyfhjeqd0.jpg\"},{\"@type\":\"BreadcrumbList\",\"@id\":\"https:\\\/\\\/garantie.be\\\/es\\\/fianza-alquiler-belfius\\\/#breadcrumb\",\"itemListElement\":[{\"@type\":\"ListItem\",\"position\":1,\"name\":\"Accueil\",\"item\":\"https:\\\/\\\/garantie.be\\\/es\\\/\"},{\"@type\":\"ListItem\",\"position\":2,\"name\":\"Fianza de alquiler de Belfius\"}]},{\"@type\":\"WebSite\",\"@id\":\"https:\\\/\\\/garantie.be\\\/es\\\/#website\",\"url\":\"https:\\\/\\\/garantie.be\\\/es\\\/\",\"name\":\"Garantie\",\"description\":\"\",\"publisher\":{\"@id\":\"https:\\\/\\\/garantie.be\\\/es\\\/#organization\"},\"potentialAction\":[{\"@type\":\"SearchAction\",\"target\":{\"@type\":\"EntryPoint\",\"urlTemplate\":\"https:\\\/\\\/garantie.be\\\/es\\\/?s={search_term_string}\"},\"query-input\":{\"@type\":\"PropertyValueSpecification\",\"valueRequired\":true,\"valueName\":\"search_term_string\"}}],\"inLanguage\":\"es\"},{\"@type\":\"Organization\",\"@id\":\"https:\\\/\\\/garantie.be\\\/es\\\/#organization\",\"name\":\"Garantie.be\",\"url\":\"https:\\\/\\\/garantie.be\\\/es\\\/\",\"logo\":{\"@type\":\"ImageObject\",\"inLanguage\":\"es\",\"@id\":\"https:\\\/\\\/garantie.be\\\/es\\\/#\\\/schema\\\/logo\\\/image\\\/\",\"url\":\"\",\"contentUrl\":\"\",\"caption\":\"Garantie.be\"},\"image\":{\"@id\":\"https:\\\/\\\/garantie.be\\\/es\\\/#\\\/schema\\\/logo\\\/image\\\/\"}}]}<\/script>\n<!-- \/ Yoast SEO plugin. -->","yoast_head_json":{"title":"Fianza de alquiler Belfius | Formulario en l\u00ednea","description":"Estamos especializados en fianza de alquiler, y nos gustar\u00eda informarte sobre este servicio que ofrece el banco BELFIUS en B\u00e9lgica.","robots":{"index":"index","follow":"follow","max-snippet":"max-snippet:-1","max-image-preview":"max-image-preview:large","max-video-preview":"max-video-preview:-1"},"canonical":"https:\/\/garantie.be\/es\/fianza-alquiler-belfius\/","og_locale":"es_ES","og_type":"article","og_title":"Fianza de alquiler Belfius | Formulario en l\u00ednea","og_description":"Estamos especializados en fianza de alquiler, y nos gustar\u00eda informarte sobre este servicio que ofrece el banco BELFIUS en B\u00e9lgica.","og_url":"https:\/\/garantie.be\/es\/fianza-alquiler-belfius\/","og_site_name":"Garantie","article_modified_time":"2025-10-09T07:57:41+00:00","og_image":[{"url":"https:\/\/garantie.be\/wp-content\/uploads\/elementor\/thumbs\/Logo-2-garantie-alone-1-pe5xec7dnfsf8cs3rtfffen34plb9ip2rjyfhjeqd0.jpg","type":"","width":"","height":""}],"twitter_card":"summary_large_image","twitter_misc":{"Tiempo de lectura":"3 minutos"},"schema":{"@context":"https:\/\/schema.org","@graph":[{"@type":"WebPage","@id":"https:\/\/garantie.be\/es\/fianza-alquiler-belfius\/","url":"https:\/\/garantie.be\/es\/fianza-alquiler-belfius\/","name":"Fianza de alquiler Belfius | Formulario en l\u00ednea","isPartOf":{"@id":"https:\/\/garantie.be\/es\/#website"},"primaryImageOfPage":{"@id":"https:\/\/garantie.be\/es\/fianza-alquiler-belfius\/#primaryimage"},"image":{"@id":"https:\/\/garantie.be\/es\/fianza-alquiler-belfius\/#primaryimage"},"thumbnailUrl":"https:\/\/garantie.be\/wp-content\/uploads\/elementor\/thumbs\/Logo-2-garantie-alone-1-pe5xec7dnfsf8cs3rtfffen34plb9ip2rjyfhjeqd0.jpg","datePublished":"2025-05-15T10:17:53+00:00","dateModified":"2025-10-09T07:57:41+00:00","description":"Estamos especializados en fianza de alquiler, y nos gustar\u00eda informarte sobre este servicio que ofrece el banco BELFIUS en B\u00e9lgica.","breadcrumb":{"@id":"https:\/\/garantie.be\/es\/fianza-alquiler-belfius\/#breadcrumb"},"inLanguage":"es","potentialAction":[{"@type":"ReadAction","target":["https:\/\/garantie.be\/es\/fianza-alquiler-belfius\/"]}]},{"@type":"ImageObject","inLanguage":"es","@id":"https:\/\/garantie.be\/es\/fianza-alquiler-belfius\/#primaryimage","url":"https:\/\/garantie.be\/wp-content\/uploads\/elementor\/thumbs\/Logo-2-garantie-alone-1-pe5xec7dnfsf8cs3rtfffen34plb9ip2rjyfhjeqd0.jpg","contentUrl":"https:\/\/garantie.be\/wp-content\/uploads\/elementor\/thumbs\/Logo-2-garantie-alone-1-pe5xec7dnfsf8cs3rtfffen34plb9ip2rjyfhjeqd0.jpg"},{"@type":"BreadcrumbList","@id":"https:\/\/garantie.be\/es\/fianza-alquiler-belfius\/#breadcrumb","itemListElement":[{"@type":"ListItem","position":1,"name":"Accueil","item":"https:\/\/garantie.be\/es\/"},{"@type":"ListItem","position":2,"name":"Fianza de alquiler de Belfius"}]},{"@type":"WebSite","@id":"https:\/\/garantie.be\/es\/#website","url":"https:\/\/garantie.be\/es\/","name":"Garantie","description":"","publisher":{"@id":"https:\/\/garantie.be\/es\/#organization"},"potentialAction":[{"@type":"SearchAction","target":{"@type":"EntryPoint","urlTemplate":"https:\/\/garantie.be\/es\/?s={search_term_string}"},"query-input":{"@type":"PropertyValueSpecification","valueRequired":true,"valueName":"search_term_string"}}],"inLanguage":"es"},{"@type":"Organization","@id":"https:\/\/garantie.be\/es\/#organization","name":"Garantie.be","url":"https:\/\/garantie.be\/es\/","logo":{"@type":"ImageObject","inLanguage":"es","@id":"https:\/\/garantie.be\/es\/#\/schema\/logo\/image\/","url":"","contentUrl":"","caption":"Garantie.be"},"image":{"@id":"https:\/\/garantie.be\/es\/#\/schema\/logo\/image\/"}}]}},"_links":{"self":[{"href":"https:\/\/garantie.be\/es\/wp-json\/wp\/v2\/pages\/17596","targetHints":{"allow":["GET"]}}],"collection":[{"href":"https:\/\/garantie.be\/es\/wp-json\/wp\/v2\/pages"}],"about":[{"href":"https:\/\/garantie.be\/es\/wp-json\/wp\/v2\/types\/page"}],"author":[{"embeddable":true,"href":"https:\/\/garantie.be\/es\/wp-json\/wp\/v2\/users\/1"}],"replies":[{"embeddable":true,"href":"https:\/\/garantie.be\/es\/wp-json\/wp\/v2\/comments?post=17596"}],"version-history":[{"count":0,"href":"https:\/\/garantie.be\/es\/wp-json\/wp\/v2\/pages\/17596\/revisions"}],"wp:attachment":[{"href":"https:\/\/garantie.be\/es\/wp-json\/wp\/v2\/media?parent=17596"}],"curies":[{"name":"wp","href":"https:\/\/api.w.org\/{rel}","templated":true}]}}