{"id":17625,"date":"2025-05-15T13:36:59","date_gmt":"2025-05-15T11:36:59","guid":{"rendered":"https:\/\/garantie.be\/garantia-bancaria-alquiler\/"},"modified":"2025-05-15T17:02:02","modified_gmt":"2025-05-15T15:02:02","slug":"garantia-bancaria-alquiler","status":"publish","type":"page","link":"https:\/\/garantie.be\/es\/garantia-bancaria-alquiler\/","title":{"rendered":"Garant\u00eda bancaria de alquiler &#8211; formulario en l\u00ednea"},"content":{"rendered":"\t\t<div data-elementor-type=\"wp-page\" data-elementor-id=\"17625\" class=\"elementor elementor-17625 elementor-14323\" data-elementor-post-type=\"page\">\n\t\t\t\t\t\t<section class=\"elementor-section elementor-top-section elementor-element elementor-element-7cf6e785 elementor-section-boxed elementor-section-height-default elementor-section-height-default\" data-id=\"7cf6e785\" data-element_type=\"section\" data-e-type=\"section\">\n\t\t\t\t\t\t<div class=\"elementor-container elementor-column-gap-default\">\n\t\t\t\t\t<div class=\"elementor-column elementor-col-100 elementor-top-column elementor-element elementor-element-76f927c3\" data-id=\"76f927c3\" data-element_type=\"column\" data-e-type=\"column\">\n\t\t\t<div class=\"elementor-widget-wrap elementor-element-populated\">\n\t\t\t\t\t\t<div class=\"elementor-element elementor-element-1859ae2a elementor-widget elementor-widget-spacer\" data-id=\"1859ae2a\" data-element_type=\"widget\" data-e-type=\"widget\" data-widget_type=\"spacer.default\">\n\t\t\t\t<div class=\"elementor-widget-container\">\n\t\t\t\t\t\t\t<div class=\"elementor-spacer\">\n\t\t\t<div class=\"elementor-spacer-inner\"><\/div>\n\t\t<\/div>\n\t\t\t\t\t\t<\/div>\n\t\t\t\t<\/div>\n\t\t\t\t<div class=\"elementor-element elementor-element-46e8b9d3 elementor-widget elementor-widget-heading\" data-id=\"46e8b9d3\" data-element_type=\"widget\" data-e-type=\"widget\" data-widget_type=\"heading.default\">\n\t\t\t\t<div class=\"elementor-widget-container\">\n\t\t\t\t\t<h1 class=\"elementor-heading-title elementor-size-default\"><b>garant\u00eda bancaria de alquiler<\/b><\/h1>\t\t\t\t<\/div>\n\t\t\t\t<\/div>\n\t\t\t\t<div class=\"elementor-element elementor-element-5a286d19 elementor-widget elementor-widget-spacer\" data-id=\"5a286d19\" data-element_type=\"widget\" data-e-type=\"widget\" data-widget_type=\"spacer.default\">\n\t\t\t\t<div class=\"elementor-widget-container\">\n\t\t\t\t\t\t\t<div class=\"elementor-spacer\">\n\t\t\t<div class=\"elementor-spacer-inner\"><\/div>\n\t\t<\/div>\n\t\t\t\t\t\t<\/div>\n\t\t\t\t<\/div>\n\t\t\t\t\t<\/div>\n\t\t<\/div>\n\t\t\t\t\t<\/div>\n\t\t<\/section>\n\t\t\t\t<section class=\"elementor-section elementor-top-section elementor-element elementor-element-2d3dbde9 elementor-section-height-min-height elementor-section-content-middle elementor-section-boxed elementor-section-height-default elementor-section-items-middle\" data-id=\"2d3dbde9\" data-element_type=\"section\" data-e-type=\"section\" data-settings=\"{&quot;background_background&quot;:&quot;classic&quot;}\">\n\t\t\t\t\t\t<div class=\"elementor-container elementor-column-gap-default\">\n\t\t\t\t\t<div class=\"elementor-column elementor-col-100 elementor-top-column elementor-element elementor-element-191a8c16\" data-id=\"191a8c16\" data-element_type=\"column\" data-e-type=\"column\">\n\t\t\t<div class=\"elementor-widget-wrap elementor-element-populated\">\n\t\t\t\t\t\t<div class=\"elementor-element elementor-element-3a9596a3 elementor-widget-divider--view-line elementor-widget elementor-widget-divider\" data-id=\"3a9596a3\" data-element_type=\"widget\" data-e-type=\"widget\" data-widget_type=\"divider.default\">\n\t\t\t\t<div class=\"elementor-widget-container\">\n\t\t\t\t\t\t\t<div class=\"elementor-divider\">\n\t\t\t<span class=\"elementor-divider-separator\">\n\t\t\t\t\t\t<\/span>\n\t\t<\/div>\n\t\t\t\t\t\t<\/div>\n\t\t\t\t<\/div>\n\t\t\t\t<div class=\"elementor-element elementor-element-92bf5e1 elementor-widget elementor-widget-heading\" data-id=\"92bf5e1\" data-element_type=\"widget\" data-e-type=\"widget\" data-widget_type=\"heading.default\">\n\t\t\t\t<div class=\"elementor-widget-container\">\n\t\t\t\t\t<h2 class=\"elementor-heading-title elementor-size-default\">Garant\u00edas bancarias para fianzas de alquiler<\/h2>\t\t\t\t<\/div>\n\t\t\t\t<\/div>\n\t\t\t\t<div class=\"elementor-element elementor-element-d8db462 elementor-widget elementor-widget-text-editor\" data-id=\"d8db462\" data-element_type=\"widget\" data-e-type=\"widget\" data-widget_type=\"text-editor.default\">\n\t\t\t\t<div class=\"elementor-widget-container\">\n\t\t\t\t\t\t\t\t\t<p>Para contratar una garant\u00eda \u00abbancaria\u00bb fianza de alquiler, tienes que dirigirte a un banco y presentar una solicitud espec\u00edfica de garant\u00eda bancaria. El aval emitido por el banco permite al inquilino ofrecer una garant\u00eda de pago al propietario. El banco del inquilino actuar\u00e1 como avalista del inquilino, que devolver\u00e1 el importe al banco mensualmente durante los 3 primeros a\u00f1os del contrato de alquiler.  <\/p>\t\t\t\t\t\t\t\t<\/div>\n\t\t\t\t<\/div>\n\t\t\t\t<div class=\"elementor-element elementor-element-69e0bf7 elementor-widget elementor-widget-text-editor\" data-id=\"69e0bf7\" data-element_type=\"widget\" data-e-type=\"widget\" data-widget_type=\"text-editor.default\">\n\t\t\t\t<div class=\"elementor-widget-container\">\n\t\t\t\t\t\t\t\t\t<p><span style=\"font-weight: 400;\"><strong>Para obtener un certificado de fianza de alquiler en pocas horas<\/strong>, s\u00f3lo tienes que rellenar el formulario haciendo clic en <\/span><span style=\"text-decoration: underline;\"><a href=\"https:\/\/garantie.be\/es\/fianza-alquiler-en-linea\/\"><span style=\"font-weight: 400;\">fianza de alquiler en l\u00ednea<\/span><\/a><\/span><span style=\"font-weight: 400;\">.<\/span><\/p>\t\t\t\t\t\t\t\t<\/div>\n\t\t\t\t<\/div>\n\t\t\t\t<div class=\"elementor-element elementor-element-449dd65 elementor-widget elementor-widget-spacer\" data-id=\"449dd65\" data-element_type=\"widget\" data-e-type=\"widget\" data-widget_type=\"spacer.default\">\n\t\t\t\t<div class=\"elementor-widget-container\">\n\t\t\t\t\t\t\t<div class=\"elementor-spacer\">\n\t\t\t<div class=\"elementor-spacer-inner\"><\/div>\n\t\t<\/div>\n\t\t\t\t\t\t<\/div>\n\t\t\t\t<\/div>\n\t\t\t\t<div class=\"elementor-element elementor-element-a2bbcd6 elementor-widget elementor-widget-heading\" data-id=\"a2bbcd6\" data-element_type=\"widget\" data-e-type=\"widget\" data-widget_type=\"heading.default\">\n\t\t\t\t<div class=\"elementor-widget-container\">\n\t\t\t\t\t<h2 class=\"elementor-heading-title elementor-size-default\">\u00bfQu\u00e9 es la garant\u00eda bancaria de alquiler?<\/h2>\t\t\t\t<\/div>\n\t\t\t\t<\/div>\n\t\t\t\t<div class=\"elementor-element elementor-element-85fe357 elementor-widget elementor-widget-text-editor\" data-id=\"85fe357\" data-element_type=\"widget\" data-e-type=\"widget\" data-widget_type=\"text-editor.default\">\n\t\t\t\t<div class=\"elementor-widget-container\">\n\t\t\t\t\t\t\t\t\t<p>El aval bancario es una garant\u00eda que el banco da al arrendador en nombre del arrendatario. La garant\u00eda del banco cubre los compromisos de alquiler del arrendatario en virtud del contrato de arrendamiento. El banco hace firmar al inquilino un contrato de garant\u00eda que le compromete a reponer el importe de la garant\u00eda con el banco durante los primeros a\u00f1os del <a href=\"https:\/\/garantie.be\/es\/contrato-alquiler\/\">arrendamiento<\/a> del inmueble.  <\/p>\t\t\t\t\t\t\t\t<\/div>\n\t\t\t\t<\/div>\n\t\t\t\t<div class=\"elementor-element elementor-element-3b21038 elementor-widget elementor-widget-heading\" data-id=\"3b21038\" data-element_type=\"widget\" data-e-type=\"widget\" data-widget_type=\"heading.default\">\n\t\t\t\t<div class=\"elementor-widget-container\">\n\t\t\t\t\t<h2 class=\"elementor-heading-title elementor-size-default\">\u00bfC\u00f3mo funciona una garant\u00eda bancaria de alquiler?<\/h2>\t\t\t\t<\/div>\n\t\t\t\t<\/div>\n\t\t\t\t<div class=\"elementor-element elementor-element-f2a2329 elementor-widget elementor-widget-text-editor\" data-id=\"f2a2329\" data-element_type=\"widget\" data-e-type=\"widget\" data-widget_type=\"text-editor.default\">\n\t\t\t\t<div class=\"elementor-widget-container\">\n\t\t\t\t\t\t\t\t\t<p>El banco avala al inquilino ante el propietario por el importe del fianza de alquiler indicado en el contrato de alquiler. A cambio, el inquilino se compromete a pagar al banco el importe de la garant\u00eda en cuotas mensuales. En general, el banco fija un plazo de entre 1 y 3 a\u00f1os para que el inquilino compense el importe de la garant\u00eda bancaria en mensualidades. Si el inquilino suspende los pagos mensuales, el banco exigir\u00e1 el pago inmediato de la totalidad de la garant\u00eda.   <\/p>\t\t\t\t\t\t\t\t<\/div>\n\t\t\t\t<\/div>\n\t\t\t\t<div class=\"elementor-element elementor-element-7705c91 elementor-widget elementor-widget-heading\" data-id=\"7705c91\" data-element_type=\"widget\" data-e-type=\"widget\" data-widget_type=\"heading.default\">\n\t\t\t\t<div class=\"elementor-widget-container\">\n\t\t\t\t\t<h2 class=\"elementor-heading-title elementor-size-default\">\u00bfPuedo constituir una garant\u00eda bancaria de alquiler por Internet?<\/h2>\t\t\t\t<\/div>\n\t\t\t\t<\/div>\n\t\t\t\t<div class=\"elementor-element elementor-element-05a67a2 elementor-widget elementor-widget-text-editor\" data-id=\"05a67a2\" data-element_type=\"widget\" data-e-type=\"widget\" data-widget_type=\"text-editor.default\">\n\t\t\t\t<div class=\"elementor-widget-container\">\n\t\t\t\t\t\t\t\t\t<p>Los bancos han establecido procesos online para formalizar una solicitud de garant\u00eda bancaria de alquiler. Sin embargo, no todos los pasos pueden realizarse online. Todos los bancos exigen al menos una cita con una sucursal para formalizar el compromiso. La aceptaci\u00f3n de la solicitud no es autom\u00e1tica, sino que est\u00e1 sujeta a la decisi\u00f3n de un comit\u00e9 interno de cada banco.     <\/p>\t\t\t\t\t\t\t\t<\/div>\n\t\t\t\t<\/div>\n\t\t\t\t<div class=\"elementor-element elementor-element-90ae9a8 elementor-widget elementor-widget-heading\" data-id=\"90ae9a8\" data-element_type=\"widget\" data-e-type=\"widget\" data-widget_type=\"heading.default\">\n\t\t\t\t<div class=\"elementor-widget-container\">\n\t\t\t\t\t<h2 class=\"elementor-heading-title elementor-size-default\">\u00bfQu\u00e9 banco ofrece una garant\u00eda bancaria de alquiler en B\u00e9lgica?<\/h2>\t\t\t\t<\/div>\n\t\t\t\t<\/div>\n\t\t\t\t<div class=\"elementor-element elementor-element-2411974 elementor-widget elementor-widget-text-editor\" data-id=\"2411974\" data-element_type=\"widget\" data-e-type=\"widget\" data-widget_type=\"text-editor.default\">\n\t\t\t\t<div class=\"elementor-widget-container\">\n\t\t\t\t\t\t\t\t\t<p>El banco que emite la garant\u00eda bancaria de alquiler es aquel en el que el arrendatario tiene una cuenta bancaria que recibe sus ingresos o prestaciones sustitutorias. La mayor\u00eda de los bancos belgas ofrecen un servicio de garant\u00eda bancaria de alquiler. <\/p><ul><li>M\u00e1s informaci\u00f3n sobre la <a href=\"https:\/\/garantie.be\/es\/fianza-alquiler-ing\/\">Garant\u00eda Bancaria de Alquiler ING<\/a><\/li><li>Descubre la <a href=\"https:\/\/garantie.be\/es\/fianza-alquiler-fortis\/\">garant\u00eda de alquiler bancaria BNPPARIBAS Fortis<\/a><\/li><li>Descubre la <a href=\"https:\/\/garantie.be\/es\/fianza-alquiler-kbc\/\">garant\u00eda de alquiler del banco KBC<\/a><\/li><li>Descubre la <a href=\"https:\/\/garantie.be\/es\/fianza-alquiler-belfius\/\">garant\u00eda de alquiler del banco Belfius<\/a><\/li><\/ul>\t\t\t\t\t\t\t\t<\/div>\n\t\t\t\t<\/div>\n\t\t\t\t<div class=\"elementor-element elementor-element-3067b7d elementor-widget elementor-widget-heading\" data-id=\"3067b7d\" data-element_type=\"widget\" data-e-type=\"widget\" data-widget_type=\"heading.default\">\n\t\t\t\t<div class=\"elementor-widget-container\">\n\t\t\t\t\t<h2 class=\"elementor-heading-title elementor-size-default\">\u00bfC\u00f3mo libero la garant\u00eda bancaria del alquiler?<\/h2>\t\t\t\t<\/div>\n\t\t\t\t<\/div>\n\t\t\t\t<div class=\"elementor-element elementor-element-2e7d168 elementor-widget elementor-widget-text-editor\" data-id=\"2e7d168\" data-element_type=\"widget\" data-e-type=\"widget\" data-widget_type=\"text-editor.default\">\n\t\t\t\t<div class=\"elementor-widget-container\">\n\t\t\t\t\t\t\t\t\t<p>La <a href=\"https:\/\/garantie.be\/es\/liberacion-garantia-alquiler-formulario-online\/\">garant\u00eda bancaria se libera<\/a> en las mismas circunstancias que la cl\u00e1sica fianza de alquiler bloqueada en una cuenta bancaria. El banco abona la cantidad bloqueada en la garant\u00eda seg\u00fan la informaci\u00f3n facilitada conjuntamente por el inquilino y el propietario. En la mayor\u00eda de los casos, ambas partes facilitar\u00e1n un <a href=\"https:\/\/garantie.be\/es\/inventario-estado-inmueble\/\">inventario de bienes inmuebles<\/a> firmado conjuntamente. Si las partes no se ponen de acuerdo, el banco s\u00f3lo liberar\u00e1 el <a href=\"https:\/\/garantie.be\/es\/fianza-de-alquiler\/\">fianza de alquiler<\/a> \u00fanicamente sobre la base de una sentencia judicial ejecutiva.    <\/p>\t\t\t\t\t\t\t\t<\/div>\n\t\t\t\t<\/div>\n\t\t\t\t\t<\/div>\n\t\t<\/div>\n\t\t\t\t\t<\/div>\n\t\t<\/section>\n\t\t\t\t<\/div>\n\t\t","protected":false},"excerpt":{"rendered":"<p>garant\u00eda bancaria de alquiler Garant\u00edas bancarias para fianzas de alquiler Para contratar una garant\u00eda \u00abbancaria\u00bb fianza de alquiler, tienes que dirigirte a un banco y presentar una solicitud espec\u00edfica de garant\u00eda bancaria. El aval emitido por el banco permite al inquilino ofrecer una garant\u00eda de pago al propietario. El banco del inquilino actuar\u00e1 como avalista [&hellip;]<\/p>\n","protected":false},"author":1,"featured_media":0,"parent":0,"menu_order":0,"comment_status":"closed","ping_status":"closed","template":"","meta":{"footnotes":""},"class_list":["post-17625","page","type-page","status-publish","hentry"],"yoast_head":"<!-- This site is optimized with the Yoast SEO plugin v27.4 - https:\/\/yoast.com\/product\/yoast-seo-wordpress\/ -->\n<title>Garant\u00eda bancaria de alquiler - formulario en l\u00ednea<\/title>\n<meta name=\"description\" content=\"C\u00f3mo obtener una garant\u00eda bancaria de alquiler de un banco en B\u00e9lgica para cumplir los compromisos del contrato de alquiler\" \/>\n<meta name=\"robots\" content=\"index, follow, max-snippet:-1, max-image-preview:large, max-video-preview:-1\" \/>\n<link rel=\"canonical\" href=\"https:\/\/garantie.be\/es\/garantia-bancaria-alquiler\/\" \/>\n<meta property=\"og:locale\" content=\"es_ES\" \/>\n<meta property=\"og:type\" content=\"article\" \/>\n<meta property=\"og:title\" content=\"Garant\u00eda bancaria de alquiler - formulario en l\u00ednea\" \/>\n<meta property=\"og:description\" content=\"C\u00f3mo obtener una garant\u00eda bancaria de alquiler de un banco en B\u00e9lgica para cumplir los compromisos del contrato de alquiler\" \/>\n<meta property=\"og:url\" content=\"https:\/\/garantie.be\/es\/garantia-bancaria-alquiler\/\" \/>\n<meta property=\"og:site_name\" content=\"Garantie\" \/>\n<meta property=\"article:modified_time\" content=\"2025-05-15T15:02:02+00:00\" \/>\n<meta name=\"twitter:card\" content=\"summary_large_image\" \/>\n<meta name=\"twitter:label1\" content=\"Tiempo de lectura\" \/>\n\t<meta name=\"twitter:data1\" content=\"3 minutos\" \/>\n<script type=\"application\/ld+json\" class=\"yoast-schema-graph\">{\"@context\":\"https:\\\/\\\/schema.org\",\"@graph\":[{\"@type\":\"WebPage\",\"@id\":\"https:\\\/\\\/garantie.be\\\/es\\\/garantia-bancaria-alquiler\\\/\",\"url\":\"https:\\\/\\\/garantie.be\\\/es\\\/garantia-bancaria-alquiler\\\/\",\"name\":\"Garant\u00eda bancaria de alquiler - formulario en l\u00ednea\",\"isPartOf\":{\"@id\":\"https:\\\/\\\/garantie.be\\\/es\\\/#website\"},\"datePublished\":\"2025-05-15T11:36:59+00:00\",\"dateModified\":\"2025-05-15T15:02:02+00:00\",\"description\":\"C\u00f3mo obtener una garant\u00eda bancaria de alquiler de un banco en B\u00e9lgica para cumplir los compromisos del contrato de alquiler\",\"breadcrumb\":{\"@id\":\"https:\\\/\\\/garantie.be\\\/es\\\/garantia-bancaria-alquiler\\\/#breadcrumb\"},\"inLanguage\":\"es\",\"potentialAction\":[{\"@type\":\"ReadAction\",\"target\":[\"https:\\\/\\\/garantie.be\\\/es\\\/garantia-bancaria-alquiler\\\/\"]}]},{\"@type\":\"BreadcrumbList\",\"@id\":\"https:\\\/\\\/garantie.be\\\/es\\\/garantia-bancaria-alquiler\\\/#breadcrumb\",\"itemListElement\":[{\"@type\":\"ListItem\",\"position\":1,\"name\":\"Accueil\",\"item\":\"https:\\\/\\\/garantie.be\\\/es\\\/\"},{\"@type\":\"ListItem\",\"position\":2,\"name\":\"Garant\u00eda bancaria de alquiler &#8211; formulario en l\u00ednea\"}]},{\"@type\":\"WebSite\",\"@id\":\"https:\\\/\\\/garantie.be\\\/es\\\/#website\",\"url\":\"https:\\\/\\\/garantie.be\\\/es\\\/\",\"name\":\"Garantie\",\"description\":\"\",\"publisher\":{\"@id\":\"https:\\\/\\\/garantie.be\\\/es\\\/#organization\"},\"potentialAction\":[{\"@type\":\"SearchAction\",\"target\":{\"@type\":\"EntryPoint\",\"urlTemplate\":\"https:\\\/\\\/garantie.be\\\/es\\\/?s={search_term_string}\"},\"query-input\":{\"@type\":\"PropertyValueSpecification\",\"valueRequired\":true,\"valueName\":\"search_term_string\"}}],\"inLanguage\":\"es\"},{\"@type\":\"Organization\",\"@id\":\"https:\\\/\\\/garantie.be\\\/es\\\/#organization\",\"name\":\"Garantie.be\",\"url\":\"https:\\\/\\\/garantie.be\\\/es\\\/\",\"logo\":{\"@type\":\"ImageObject\",\"inLanguage\":\"es\",\"@id\":\"https:\\\/\\\/garantie.be\\\/es\\\/#\\\/schema\\\/logo\\\/image\\\/\",\"url\":\"\",\"contentUrl\":\"\",\"caption\":\"Garantie.be\"},\"image\":{\"@id\":\"https:\\\/\\\/garantie.be\\\/es\\\/#\\\/schema\\\/logo\\\/image\\\/\"}}]}<\/script>\n<!-- \/ Yoast SEO plugin. -->","yoast_head_json":{"title":"Garant\u00eda bancaria de alquiler - formulario en l\u00ednea","description":"C\u00f3mo obtener una garant\u00eda bancaria de alquiler de un banco en B\u00e9lgica para cumplir los compromisos del contrato de alquiler","robots":{"index":"index","follow":"follow","max-snippet":"max-snippet:-1","max-image-preview":"max-image-preview:large","max-video-preview":"max-video-preview:-1"},"canonical":"https:\/\/garantie.be\/es\/garantia-bancaria-alquiler\/","og_locale":"es_ES","og_type":"article","og_title":"Garant\u00eda bancaria de alquiler - formulario en l\u00ednea","og_description":"C\u00f3mo obtener una garant\u00eda bancaria de alquiler de un banco en B\u00e9lgica para cumplir los compromisos del contrato de alquiler","og_url":"https:\/\/garantie.be\/es\/garantia-bancaria-alquiler\/","og_site_name":"Garantie","article_modified_time":"2025-05-15T15:02:02+00:00","twitter_card":"summary_large_image","twitter_misc":{"Tiempo de lectura":"3 minutos"},"schema":{"@context":"https:\/\/schema.org","@graph":[{"@type":"WebPage","@id":"https:\/\/garantie.be\/es\/garantia-bancaria-alquiler\/","url":"https:\/\/garantie.be\/es\/garantia-bancaria-alquiler\/","name":"Garant\u00eda bancaria de alquiler - formulario en l\u00ednea","isPartOf":{"@id":"https:\/\/garantie.be\/es\/#website"},"datePublished":"2025-05-15T11:36:59+00:00","dateModified":"2025-05-15T15:02:02+00:00","description":"C\u00f3mo obtener una garant\u00eda bancaria de alquiler de un banco en B\u00e9lgica para cumplir los compromisos del contrato de alquiler","breadcrumb":{"@id":"https:\/\/garantie.be\/es\/garantia-bancaria-alquiler\/#breadcrumb"},"inLanguage":"es","potentialAction":[{"@type":"ReadAction","target":["https:\/\/garantie.be\/es\/garantia-bancaria-alquiler\/"]}]},{"@type":"BreadcrumbList","@id":"https:\/\/garantie.be\/es\/garantia-bancaria-alquiler\/#breadcrumb","itemListElement":[{"@type":"ListItem","position":1,"name":"Accueil","item":"https:\/\/garantie.be\/es\/"},{"@type":"ListItem","position":2,"name":"Garant\u00eda bancaria de alquiler &#8211; formulario en l\u00ednea"}]},{"@type":"WebSite","@id":"https:\/\/garantie.be\/es\/#website","url":"https:\/\/garantie.be\/es\/","name":"Garantie","description":"","publisher":{"@id":"https:\/\/garantie.be\/es\/#organization"},"potentialAction":[{"@type":"SearchAction","target":{"@type":"EntryPoint","urlTemplate":"https:\/\/garantie.be\/es\/?s={search_term_string}"},"query-input":{"@type":"PropertyValueSpecification","valueRequired":true,"valueName":"search_term_string"}}],"inLanguage":"es"},{"@type":"Organization","@id":"https:\/\/garantie.be\/es\/#organization","name":"Garantie.be","url":"https:\/\/garantie.be\/es\/","logo":{"@type":"ImageObject","inLanguage":"es","@id":"https:\/\/garantie.be\/es\/#\/schema\/logo\/image\/","url":"","contentUrl":"","caption":"Garantie.be"},"image":{"@id":"https:\/\/garantie.be\/es\/#\/schema\/logo\/image\/"}}]}},"_links":{"self":[{"href":"https:\/\/garantie.be\/es\/wp-json\/wp\/v2\/pages\/17625","targetHints":{"allow":["GET"]}}],"collection":[{"href":"https:\/\/garantie.be\/es\/wp-json\/wp\/v2\/pages"}],"about":[{"href":"https:\/\/garantie.be\/es\/wp-json\/wp\/v2\/types\/page"}],"author":[{"embeddable":true,"href":"https:\/\/garantie.be\/es\/wp-json\/wp\/v2\/users\/1"}],"replies":[{"embeddable":true,"href":"https:\/\/garantie.be\/es\/wp-json\/wp\/v2\/comments?post=17625"}],"version-history":[{"count":0,"href":"https:\/\/garantie.be\/es\/wp-json\/wp\/v2\/pages\/17625\/revisions"}],"wp:attachment":[{"href":"https:\/\/garantie.be\/es\/wp-json\/wp\/v2\/media?parent=17625"}],"curies":[{"name":"wp","href":"https:\/\/api.w.org\/{rel}","templated":true}]}}