{"id":17634,"date":"2025-05-15T13:58:00","date_gmt":"2025-05-15T11:58:00","guid":{"rendered":"https:\/\/garantie.be\/myminfin-edepo-garantie-be\/"},"modified":"2025-10-14T17:41:08","modified_gmt":"2025-10-14T15:41:08","slug":"myminfin-edepo-garantie-be","status":"publish","type":"page","link":"https:\/\/garantie.be\/es\/e-depo-fianza-alquiler\/myminfin-edepo-garantie-be\/","title":{"rendered":"MyMinfin e-DEPO o Garantie.be: ventajas e inconvenientes"},"content":{"rendered":"\t\t<div data-elementor-type=\"wp-page\" data-elementor-id=\"17634\" class=\"elementor elementor-17634 elementor-16916\" data-elementor-post-type=\"page\">\n\t\t\t\t\t\t<section class=\"elementor-section elementor-top-section elementor-element elementor-element-6e72edbe elementor-section-boxed elementor-section-height-default elementor-section-height-default\" data-id=\"6e72edbe\" data-element_type=\"section\" data-e-type=\"section\">\n\t\t\t\t\t\t<div class=\"elementor-container elementor-column-gap-default\">\n\t\t\t\t\t<div class=\"elementor-column elementor-col-100 elementor-top-column elementor-element elementor-element-232f0bc1\" data-id=\"232f0bc1\" data-element_type=\"column\" data-e-type=\"column\">\n\t\t\t<div class=\"elementor-widget-wrap elementor-element-populated\">\n\t\t\t\t\t\t<div class=\"elementor-element elementor-element-7bfb1d15 elementor-widget elementor-widget-spacer\" data-id=\"7bfb1d15\" data-element_type=\"widget\" data-e-type=\"widget\" data-widget_type=\"spacer.default\">\n\t\t\t\t<div class=\"elementor-widget-container\">\n\t\t\t\t\t\t\t<div class=\"elementor-spacer\">\n\t\t\t<div class=\"elementor-spacer-inner\"><\/div>\n\t\t<\/div>\n\t\t\t\t\t\t<\/div>\n\t\t\t\t<\/div>\n\t\t\t\t<div class=\"elementor-element elementor-element-6686bddb elementor-widget elementor-widget-heading\" data-id=\"6686bddb\" data-element_type=\"widget\" data-e-type=\"widget\" data-widget_type=\"heading.default\">\n\t\t\t\t<div class=\"elementor-widget-container\">\n\t\t\t\t\t<h1 class=\"elementor-heading-title elementor-size-default\"><b>MyMinfin e-DEPO<\/b><br>o Garantie.be<\/h1>\t\t\t\t<\/div>\n\t\t\t\t<\/div>\n\t\t\t\t<div class=\"elementor-element elementor-element-67589501 elementor-widget elementor-widget-spacer\" data-id=\"67589501\" data-element_type=\"widget\" data-e-type=\"widget\" data-widget_type=\"spacer.default\">\n\t\t\t\t<div class=\"elementor-widget-container\">\n\t\t\t\t\t\t\t<div class=\"elementor-spacer\">\n\t\t\t<div class=\"elementor-spacer-inner\"><\/div>\n\t\t<\/div>\n\t\t\t\t\t\t<\/div>\n\t\t\t\t<\/div>\n\t\t\t\t<div class=\"elementor-element elementor-element-1228268c elementor-widget elementor-widget-text-editor\" data-id=\"1228268c\" data-element_type=\"widget\" data-e-type=\"widget\" data-widget_type=\"text-editor.default\">\n\t\t\t\t<div class=\"elementor-widget-container\">\n\t\t\t\t\t\t\t\t\t<p>En B\u00e9lgica, los inquilinos deben presentar un <span style=\"text-decoration: underline;\">\n  <a href=\"https:\/\/garantie.be\/es\/fianza-de-alquiler\/\">fianza de alquiler<\/a>\n<\/span> antes de poder acceder al alojamiento. Hay dos soluciones principales: <\/p>\n<p><\/p>\n<ul class=\"wp-block-list\">\n<li>Bloquear dinero mediante <span style=\"text-decoration: underline;\">\n  <a href=\"https:\/\/garantie.be\/es\/e-depo-fianza-alquiler\/\">e-DEPO en MyMinfin<\/a>\n<\/span> el servicio de Hacienda,<\/li>\n\n<li>El <span style=\"text-decoration: underline;\">\n  <a href=\"https:\/\/garantie.be\/es\/fianza-alquiler-belgica\/\">fianza de alquiler<\/a>\n<\/span> a trav\u00e9s de Garantie.be, que act\u00faa como avalista en nombre del inquilino.<\/li>\n<\/ul>\n<p><\/p>\n<p>\u00bfQu\u00e9 soluci\u00f3n debes elegir? Aqu\u00ed tienes una comparaci\u00f3n completa de las <strong>ventajas e inconvenientes<\/strong> de cada opci\u00f3n. <\/p>\t\t\t\t\t\t\t\t<\/div>\n\t\t\t\t<\/div>\n\t\t\t\t<div class=\"elementor-element elementor-element-1e06341c elementor-widget elementor-widget-heading\" data-id=\"1e06341c\" data-element_type=\"widget\" data-e-type=\"widget\" data-widget_type=\"heading.default\">\n\t\t\t\t<div class=\"elementor-widget-container\">\n\t\t\t\t\t<h2 class=\"elementor-heading-title elementor-size-default\">\u00bfC\u00f3mo funcionan eDEPO y Garantie.be?<\/h2>\t\t\t\t<\/div>\n\t\t\t\t<\/div>\n\t\t\t\t<div class=\"elementor-element elementor-element-454d5ef6 elementor-widget elementor-widget-text-editor\" data-id=\"454d5ef6\" data-element_type=\"widget\" data-e-type=\"widget\" data-widget_type=\"text-editor.default\">\n\t\t\t\t<div class=\"elementor-widget-container\">\n\t\t\t\t\t\t\t\t\t<h3 class=\"wp-block-heading\">e-DEPO en MyMinfin<\/h3>\n<p><\/p>\n<p>El inquilino bloquea una cantidad de dinero (normalmente de 2 a 3 meses de alquiler) en una cuenta gestionada por el Estado. El dinero permanece inaccesible hasta el final del contrato de alquiler. <\/p>\n<p><\/p>\n<h3 class=\"wp-block-heading\">Garantie.be<\/h3>\n<p><\/p>\n<p>El inquilino no deposita ning\u00fan dinero. Garantie.be proporciona una <strong>garant\u00eda solidaria<\/strong> al arrendador, garantizando el pago en caso de deudas de alquiler. El inquilino paga una cuota <strong>anual<\/strong> de garant\u00eda.  <\/p>\t\t\t\t\t\t\t\t<\/div>\n\t\t\t\t<\/div>\n\t\t\t\t<div class=\"elementor-element elementor-element-2cbf77fd elementor-widget elementor-widget-heading\" data-id=\"2cbf77fd\" data-element_type=\"widget\" data-e-type=\"widget\" data-widget_type=\"heading.default\">\n\t\t\t\t<div class=\"elementor-widget-container\">\n\t\t\t\t\t<h2 class=\"elementor-heading-title elementor-size-default\">Accesibilidad y flexibilidad de ambas soluciones<\/h2>\t\t\t\t<\/div>\n\t\t\t\t<\/div>\n\t\t\t\t<div class=\"elementor-element elementor-element-7c3c0e38 elementor-widget elementor-widget-text-editor\" data-id=\"7c3c0e38\" data-element_type=\"widget\" data-e-type=\"widget\" data-widget_type=\"text-editor.default\">\n\t\t\t\t<div class=\"elementor-widget-container\">\n\t\t\t\t\t\t\t\t\t<p>En t\u00e9rminos de accesibilidad y flexibilidad de estas dos soluciones, la ventaja es para Garantie.be :<\/p>\n<h3>\u2705 Garantie.be<\/h3>\n<ul>\n<li><strong>Sin necesidad de bloquear fondos<\/strong>: soluci\u00f3n ideal para los inquilinos.<\/li>\n<li><strong>Tramitaci\u00f3n r\u00e1pida<\/strong>: la garant\u00eda puede proporcionarse en 24 horas.<\/li>\n<li><strong>Expediente disponible en l\u00ednea<\/strong> con asistencia humana.<\/li>\n<\/ul>\n<h3>\u274c e-DEPO<\/h3>\n<ul>\n<li>El inquilino debe <strong>disponer desde el principio del importe total que debe bloquearse<\/strong>.<\/li>\n<li>A veces complejas o t\u00e9cnicas (conexi\u00f3n a MyMinfin, documentos, transferencia).<\/li>\n<\/ul>\t\t\t\t\t\t\t\t<\/div>\n\t\t\t\t<\/div>\n\t\t\t\t<div class=\"elementor-element elementor-element-4ad6e57d elementor-widget elementor-widget-spacer\" data-id=\"4ad6e57d\" data-element_type=\"widget\" data-e-type=\"widget\" data-widget_type=\"spacer.default\">\n\t\t\t\t<div class=\"elementor-widget-container\">\n\t\t\t\t\t\t\t<div class=\"elementor-spacer\">\n\t\t\t<div class=\"elementor-spacer-inner\"><\/div>\n\t\t<\/div>\n\t\t\t\t\t\t<\/div>\n\t\t\t\t<\/div>\n\t\t\t\t<div class=\"elementor-element elementor-element-a5a43c7 elementor-widget elementor-widget-heading\" data-id=\"a5a43c7\" data-element_type=\"widget\" data-e-type=\"widget\" data-widget_type=\"heading.default\">\n\t\t\t\t<div class=\"elementor-widget-container\">\n\t\t\t\t\t<h2 class=\"elementor-heading-title elementor-size-default\">Coste de las dos soluciones de fianza de alquiler online<\/h2>\t\t\t\t<\/div>\n\t\t\t\t<\/div>\n\t\t\t\t<div class=\"elementor-element elementor-element-78a9997f elementor-widget elementor-widget-text-editor\" data-id=\"78a9997f\" data-element_type=\"widget\" data-e-type=\"widget\" data-widget_type=\"text-editor.default\">\n\t\t\t\t<div class=\"elementor-widget-container\">\n\t\t\t\t\t\t\t\t\t<h3>\u2705 e-DEPO<\/h3>\n<ul>\n<li><strong>Gratis<\/strong>: sin cuotas ni comisiones.<\/li>\n<li>El dinero sigue siendo propiedad del inquilino y se devuelve si no hay problemas.<\/li><\/ul>\n<h3>\u274c Garantie.be<\/h3>\n<ul>\n<li>El inquilino <strong>paga una prima anual no reembolsable<\/strong>.<\/li>\n<li>Pero este coste puede considerarse como el <strong>acceso a un servicio de financiaci\u00f3n<\/strong>.<\/li>\n<\/ul>\t\t\t\t\t\t\t\t<\/div>\n\t\t\t\t<\/div>\n\t\t\t\t<div class=\"elementor-element elementor-element-78c3346d elementor-widget elementor-widget-spacer\" data-id=\"78c3346d\" data-element_type=\"widget\" data-e-type=\"widget\" data-widget_type=\"spacer.default\">\n\t\t\t\t<div class=\"elementor-widget-container\">\n\t\t\t\t\t\t\t<div class=\"elementor-spacer\">\n\t\t\t<div class=\"elementor-spacer-inner\"><\/div>\n\t\t<\/div>\n\t\t\t\t\t\t<\/div>\n\t\t\t\t<\/div>\n\t\t\t\t<div class=\"elementor-element elementor-element-7a682bdd elementor-widget elementor-widget-heading\" data-id=\"7a682bdd\" data-element_type=\"widget\" data-e-type=\"widget\" data-widget_type=\"heading.default\">\n\t\t\t\t<div class=\"elementor-widget-container\">\n\t\t\t\t\t<h2 class=\"elementor-heading-title elementor-size-default\">Gesti\u00f3n de la garant\u00eda de fin de contrato<\/h2>\t\t\t\t<\/div>\n\t\t\t\t<\/div>\n\t\t\t\t<div class=\"elementor-element elementor-element-7910381c elementor-widget elementor-widget-text-editor\" data-id=\"7910381c\" data-element_type=\"widget\" data-e-type=\"widget\" data-widget_type=\"text-editor.default\">\n\t\t\t\t<div class=\"elementor-widget-container\">\n\t\t\t\t\t\t\t\t\t<h3>\u2705 e-DEPO<\/h3>\n<ul>\n<li>La devoluci\u00f3n <strong>s\u00f3lo<\/strong> es posible <strong>si ambas partes est\u00e1n de acuerdo<\/strong>.<\/li>\n<li>En caso de desacuerdo, los fondos se congelan hasta que se tome una decisi\u00f3n judicial.<\/li>\n<\/ul>\n<h3>\u2705 Garantie.be<\/h3>\n<ul>\n<li>Los propietarios pueden recurrir a Garantie.be en caso de impago o da\u00f1os.<\/li>\n<li>Garantie.be se dirige entonces al arrendatario para recuperar las cantidades adelantadas.<\/li>\n<\/ul>\t\t\t\t\t\t\t\t<\/div>\n\t\t\t\t<\/div>\n\t\t\t\t<div class=\"elementor-element elementor-element-dda6f75 elementor-widget elementor-widget-spacer\" data-id=\"dda6f75\" data-element_type=\"widget\" data-e-type=\"widget\" data-widget_type=\"spacer.default\">\n\t\t\t\t<div class=\"elementor-widget-container\">\n\t\t\t\t\t\t\t<div class=\"elementor-spacer\">\n\t\t\t<div class=\"elementor-spacer-inner\"><\/div>\n\t\t<\/div>\n\t\t\t\t\t\t<\/div>\n\t\t\t\t<\/div>\n\t\t\t\t<div class=\"elementor-element elementor-element-84f9fa8 elementor-widget elementor-widget-heading\" data-id=\"84f9fa8\" data-element_type=\"widget\" data-e-type=\"widget\" data-widget_type=\"heading.default\">\n\t\t\t\t<div class=\"elementor-widget-container\">\n\t\t\t\t\t<h2 class=\"elementor-heading-title elementor-size-default\">Imagen de los propietarios del servicio de garant\u00eda<\/h2>\t\t\t\t<\/div>\n\t\t\t\t<\/div>\n\t\t\t\t<div class=\"elementor-element elementor-element-09e8971 elementor-widget elementor-widget-text-editor\" data-id=\"09e8971\" data-element_type=\"widget\" data-e-type=\"widget\" data-widget_type=\"text-editor.default\">\n\t\t\t\t<div class=\"elementor-widget-container\">\n\t\t\t\t\t\t\t\t\t<h3>\u2705 Garantie.be<\/h3>\n<ul>\n<li>Garant\u00eda <strong>aceptada<\/strong> a menudo <strong>por agencias y arrendadores profesionales<\/strong>.<\/li>\n<li>Acompa\u00f1ado de un <strong>compromiso contractual claro<\/strong>, es tranquilizador.<\/li>\n<\/ul>\n<h3>\u2705 e-DEPO<\/h3>\n<ul>\n<li>Se trata de una soluci\u00f3n conocida y apreciada, ya que est\u00e1 <strong>regulada por las autoridades fiscales<\/strong>.<\/li>\n<li>A veces se considera m\u00e1s seguro si el inquilino tiene medios econ\u00f3micos.<\/li>\n<\/ul>\t\t\t\t\t\t\t\t<\/div>\n\t\t\t\t<\/div>\n\t\t\t\t<div class=\"elementor-element elementor-element-54da430 elementor-widget elementor-widget-spacer\" data-id=\"54da430\" data-element_type=\"widget\" data-e-type=\"widget\" data-widget_type=\"spacer.default\">\n\t\t\t\t<div class=\"elementor-widget-container\">\n\t\t\t\t\t\t\t<div class=\"elementor-spacer\">\n\t\t\t<div class=\"elementor-spacer-inner\"><\/div>\n\t\t<\/div>\n\t\t\t\t\t\t<\/div>\n\t\t\t\t<\/div>\n\t\t\t\t<div class=\"elementor-element elementor-element-8245195 elementor-widget elementor-widget-heading\" data-id=\"8245195\" data-element_type=\"widget\" data-e-type=\"widget\" data-widget_type=\"heading.default\">\n\t\t\t\t<div class=\"elementor-widget-container\">\n\t\t\t\t\t<h2 class=\"elementor-heading-title elementor-size-default\">Conclusi\u00f3n<\/h2>\t\t\t\t<\/div>\n\t\t\t\t<\/div>\n\t\t\t\t<div class=\"elementor-element elementor-element-07afd5a elementor-widget elementor-widget-text-editor\" data-id=\"07afd5a\" data-element_type=\"widget\" data-e-type=\"widget\" data-widget_type=\"text-editor.default\">\n\t\t\t\t<div class=\"elementor-widget-container\">\n\t\t\t\t\t\t\t\t\t<p>La elecci\u00f3n entre <span style=\"text-decoration: underline;\">\n  <a href=\"https:\/\/garantie.be\/es\/e-depo-fianza-alquiler\/\">e-DEPO en MyMinfin<\/a>\n<\/span> y el <span style=\"text-decoration: underline;\">\n  <a href=\"https:\/\/garantie.be\/es\/fianza-de-alquiler\/\">fianza de alquiler<\/a>\n<\/span> <strong>a trav\u00e9s de Garantie.be<\/strong> depende esencialmente de tu situaci\u00f3n financiera y de tus prioridades:<\/p>\n<ul>\n<li>Elige <strong>e-DEPO<\/strong> si dispones de fondos y quieres evitar costes.<\/li>\n<li>Opta por <strong>Garantie.be<\/strong> si prefieres conservar tu dinero y acceder r\u00e1pidamente al alojamiento.<\/li>\n<\/ul>\n<p> <\/p>\n<p>Ambas soluciones son <strong>seguras, legales y est\u00e1n reconocidas<\/strong> en B\u00e9lgica. Lo m\u00e1s importante es comprender c\u00f3mo funcionan para que puedas elegir con conocimiento de causa. <\/p>\t\t\t\t\t\t\t\t<\/div>\n\t\t\t\t<\/div>\n\t\t\t\t\t<\/div>\n\t\t<\/div>\n\t\t\t\t\t<\/div>\n\t\t<\/section>\n\t\t\t\t<\/div>\n\t\t","protected":false},"excerpt":{"rendered":"<p>MyMinfin e-DEPOo Garantie.be En B\u00e9lgica, los inquilinos deben presentar un fianza de alquiler antes de poder acceder al alojamiento. Hay dos soluciones principales: Bloquear dinero mediante e-DEPO en MyMinfin el servicio de Hacienda, El fianza de alquiler a trav\u00e9s de Garantie.be, que act\u00faa como avalista en nombre del inquilino. \u00bfQu\u00e9 soluci\u00f3n debes elegir? Aqu\u00ed tienes [&hellip;]<\/p>\n","protected":false},"author":1,"featured_media":0,"parent":17642,"menu_order":0,"comment_status":"closed","ping_status":"closed","template":"","meta":{"footnotes":""},"class_list":["post-17634","page","type-page","status-publish","hentry"],"yoast_head":"<!-- This site is optimized with the Yoast SEO plugin v27.3 - https:\/\/yoast.com\/product\/yoast-seo-wordpress\/ -->\n<title>MyMinfin e-DEPO o Garantie.be: ventajas e inconvenientes<\/title>\n<meta name=\"description\" content=\"\u00bfQu\u00e9 soluci\u00f3n de garant\u00eda inmobiliaria debes elegir entre e-DEPO en MyMinfin y la fianza de alquiler a trav\u00e9s de Garantie.be?\" \/>\n<meta name=\"robots\" content=\"index, follow, max-snippet:-1, max-image-preview:large, max-video-preview:-1\" \/>\n<link rel=\"canonical\" href=\"https:\/\/garantie.be\/es\/e-depo-fianza-alquiler\/myminfin-edepo-garantie-be\/\" \/>\n<meta property=\"og:locale\" content=\"es_ES\" \/>\n<meta property=\"og:type\" content=\"article\" \/>\n<meta property=\"og:title\" content=\"MyMinfin e-DEPO o Garantie.be: ventajas e inconvenientes\" \/>\n<meta property=\"og:description\" content=\"\u00bfQu\u00e9 soluci\u00f3n de garant\u00eda inmobiliaria debes elegir entre e-DEPO en MyMinfin y la fianza de alquiler a trav\u00e9s de Garantie.be?\" \/>\n<meta property=\"og:url\" content=\"https:\/\/garantie.be\/es\/e-depo-fianza-alquiler\/myminfin-edepo-garantie-be\/\" \/>\n<meta property=\"og:site_name\" content=\"Garantie\" \/>\n<meta property=\"article:modified_time\" content=\"2025-10-14T15:41:08+00:00\" \/>\n<meta name=\"twitter:card\" content=\"summary_large_image\" \/>\n<meta name=\"twitter:label1\" content=\"Tiempo de lectura\" \/>\n\t<meta name=\"twitter:data1\" content=\"3 minutos\" \/>\n<script type=\"application\/ld+json\" class=\"yoast-schema-graph\">{\"@context\":\"https:\\\/\\\/schema.org\",\"@graph\":[{\"@type\":\"WebPage\",\"@id\":\"https:\\\/\\\/garantie.be\\\/es\\\/e-depo-fianza-alquiler\\\/myminfin-edepo-garantie-be\\\/\",\"url\":\"https:\\\/\\\/garantie.be\\\/es\\\/e-depo-fianza-alquiler\\\/myminfin-edepo-garantie-be\\\/\",\"name\":\"MyMinfin e-DEPO o Garantie.be: ventajas e inconvenientes\",\"isPartOf\":{\"@id\":\"https:\\\/\\\/garantie.be\\\/es\\\/#website\"},\"datePublished\":\"2025-05-15T11:58:00+00:00\",\"dateModified\":\"2025-10-14T15:41:08+00:00\",\"description\":\"\u00bfQu\u00e9 soluci\u00f3n de garant\u00eda inmobiliaria debes elegir entre e-DEPO en MyMinfin y la fianza de alquiler a trav\u00e9s de Garantie.be?\",\"breadcrumb\":{\"@id\":\"https:\\\/\\\/garantie.be\\\/es\\\/e-depo-fianza-alquiler\\\/myminfin-edepo-garantie-be\\\/#breadcrumb\"},\"inLanguage\":\"es\",\"potentialAction\":[{\"@type\":\"ReadAction\",\"target\":[\"https:\\\/\\\/garantie.be\\\/es\\\/e-depo-fianza-alquiler\\\/myminfin-edepo-garantie-be\\\/\"]}]},{\"@type\":\"BreadcrumbList\",\"@id\":\"https:\\\/\\\/garantie.be\\\/es\\\/e-depo-fianza-alquiler\\\/myminfin-edepo-garantie-be\\\/#breadcrumb\",\"itemListElement\":[{\"@type\":\"ListItem\",\"position\":1,\"name\":\"Accueil\",\"item\":\"https:\\\/\\\/garantie.be\\\/es\\\/\"},{\"@type\":\"ListItem\",\"position\":2,\"name\":\"Garant\u00eda de alquiler en l\u00ednea e-DEPO | FPS Finance\",\"item\":\"https:\\\/\\\/garantie.be\\\/es\\\/e-depo-fianza-alquiler\\\/\"},{\"@type\":\"ListItem\",\"position\":3,\"name\":\"MyMinfin e-DEPO o Garantie.be: ventajas e inconvenientes\"}]},{\"@type\":\"WebSite\",\"@id\":\"https:\\\/\\\/garantie.be\\\/es\\\/#website\",\"url\":\"https:\\\/\\\/garantie.be\\\/es\\\/\",\"name\":\"Garantie\",\"description\":\"\",\"publisher\":{\"@id\":\"https:\\\/\\\/garantie.be\\\/es\\\/#organization\"},\"potentialAction\":[{\"@type\":\"SearchAction\",\"target\":{\"@type\":\"EntryPoint\",\"urlTemplate\":\"https:\\\/\\\/garantie.be\\\/es\\\/?s={search_term_string}\"},\"query-input\":{\"@type\":\"PropertyValueSpecification\",\"valueRequired\":true,\"valueName\":\"search_term_string\"}}],\"inLanguage\":\"es\"},{\"@type\":\"Organization\",\"@id\":\"https:\\\/\\\/garantie.be\\\/es\\\/#organization\",\"name\":\"Garantie.be\",\"url\":\"https:\\\/\\\/garantie.be\\\/es\\\/\",\"logo\":{\"@type\":\"ImageObject\",\"inLanguage\":\"es\",\"@id\":\"https:\\\/\\\/garantie.be\\\/es\\\/#\\\/schema\\\/logo\\\/image\\\/\",\"url\":\"\",\"contentUrl\":\"\",\"caption\":\"Garantie.be\"},\"image\":{\"@id\":\"https:\\\/\\\/garantie.be\\\/es\\\/#\\\/schema\\\/logo\\\/image\\\/\"}}]}<\/script>\n<!-- \/ Yoast SEO plugin. -->","yoast_head_json":{"title":"MyMinfin e-DEPO o Garantie.be: ventajas e inconvenientes","description":"\u00bfQu\u00e9 soluci\u00f3n de garant\u00eda inmobiliaria debes elegir entre e-DEPO en MyMinfin y la fianza de alquiler a trav\u00e9s de Garantie.be?","robots":{"index":"index","follow":"follow","max-snippet":"max-snippet:-1","max-image-preview":"max-image-preview:large","max-video-preview":"max-video-preview:-1"},"canonical":"https:\/\/garantie.be\/es\/e-depo-fianza-alquiler\/myminfin-edepo-garantie-be\/","og_locale":"es_ES","og_type":"article","og_title":"MyMinfin e-DEPO o Garantie.be: ventajas e inconvenientes","og_description":"\u00bfQu\u00e9 soluci\u00f3n de garant\u00eda inmobiliaria debes elegir entre e-DEPO en MyMinfin y la fianza de alquiler a trav\u00e9s de Garantie.be?","og_url":"https:\/\/garantie.be\/es\/e-depo-fianza-alquiler\/myminfin-edepo-garantie-be\/","og_site_name":"Garantie","article_modified_time":"2025-10-14T15:41:08+00:00","twitter_card":"summary_large_image","twitter_misc":{"Tiempo de lectura":"3 minutos"},"schema":{"@context":"https:\/\/schema.org","@graph":[{"@type":"WebPage","@id":"https:\/\/garantie.be\/es\/e-depo-fianza-alquiler\/myminfin-edepo-garantie-be\/","url":"https:\/\/garantie.be\/es\/e-depo-fianza-alquiler\/myminfin-edepo-garantie-be\/","name":"MyMinfin e-DEPO o Garantie.be: ventajas e inconvenientes","isPartOf":{"@id":"https:\/\/garantie.be\/es\/#website"},"datePublished":"2025-05-15T11:58:00+00:00","dateModified":"2025-10-14T15:41:08+00:00","description":"\u00bfQu\u00e9 soluci\u00f3n de garant\u00eda inmobiliaria debes elegir entre e-DEPO en MyMinfin y la fianza de alquiler a trav\u00e9s de Garantie.be?","breadcrumb":{"@id":"https:\/\/garantie.be\/es\/e-depo-fianza-alquiler\/myminfin-edepo-garantie-be\/#breadcrumb"},"inLanguage":"es","potentialAction":[{"@type":"ReadAction","target":["https:\/\/garantie.be\/es\/e-depo-fianza-alquiler\/myminfin-edepo-garantie-be\/"]}]},{"@type":"BreadcrumbList","@id":"https:\/\/garantie.be\/es\/e-depo-fianza-alquiler\/myminfin-edepo-garantie-be\/#breadcrumb","itemListElement":[{"@type":"ListItem","position":1,"name":"Accueil","item":"https:\/\/garantie.be\/es\/"},{"@type":"ListItem","position":2,"name":"Garant\u00eda de alquiler en l\u00ednea e-DEPO | FPS Finance","item":"https:\/\/garantie.be\/es\/e-depo-fianza-alquiler\/"},{"@type":"ListItem","position":3,"name":"MyMinfin e-DEPO o Garantie.be: ventajas e inconvenientes"}]},{"@type":"WebSite","@id":"https:\/\/garantie.be\/es\/#website","url":"https:\/\/garantie.be\/es\/","name":"Garantie","description":"","publisher":{"@id":"https:\/\/garantie.be\/es\/#organization"},"potentialAction":[{"@type":"SearchAction","target":{"@type":"EntryPoint","urlTemplate":"https:\/\/garantie.be\/es\/?s={search_term_string}"},"query-input":{"@type":"PropertyValueSpecification","valueRequired":true,"valueName":"search_term_string"}}],"inLanguage":"es"},{"@type":"Organization","@id":"https:\/\/garantie.be\/es\/#organization","name":"Garantie.be","url":"https:\/\/garantie.be\/es\/","logo":{"@type":"ImageObject","inLanguage":"es","@id":"https:\/\/garantie.be\/es\/#\/schema\/logo\/image\/","url":"","contentUrl":"","caption":"Garantie.be"},"image":{"@id":"https:\/\/garantie.be\/es\/#\/schema\/logo\/image\/"}}]}},"_links":{"self":[{"href":"https:\/\/garantie.be\/es\/wp-json\/wp\/v2\/pages\/17634","targetHints":{"allow":["GET"]}}],"collection":[{"href":"https:\/\/garantie.be\/es\/wp-json\/wp\/v2\/pages"}],"about":[{"href":"https:\/\/garantie.be\/es\/wp-json\/wp\/v2\/types\/page"}],"author":[{"embeddable":true,"href":"https:\/\/garantie.be\/es\/wp-json\/wp\/v2\/users\/1"}],"replies":[{"embeddable":true,"href":"https:\/\/garantie.be\/es\/wp-json\/wp\/v2\/comments?post=17634"}],"version-history":[{"count":0,"href":"https:\/\/garantie.be\/es\/wp-json\/wp\/v2\/pages\/17634\/revisions"}],"up":[{"embeddable":true,"href":"https:\/\/garantie.be\/es\/wp-json\/wp\/v2\/pages\/17642"}],"wp:attachment":[{"href":"https:\/\/garantie.be\/es\/wp-json\/wp\/v2\/media?parent=17634"}],"curies":[{"name":"wp","href":"https:\/\/api.w.org\/{rel}","templated":true}]}}