{"id":17881,"date":"2025-05-19T13:03:36","date_gmt":"2025-05-19T11:03:36","guid":{"rendered":"https:\/\/garantie.be\/procedimientos-judiciales\/"},"modified":"2026-01-07T09:23:31","modified_gmt":"2026-01-07T08:23:31","slug":"archivos","status":"publish","type":"page","link":"https:\/\/garantie.be\/es\/archivos\/","title":{"rendered":"Expedientes de clientes en espera"},"content":{"rendered":"\t\t<div data-elementor-type=\"wp-page\" data-elementor-id=\"17881\" class=\"elementor elementor-17881 elementor-17790\" data-elementor-post-type=\"page\">\n\t\t\t\t\t\t<section class=\"elementor-section elementor-top-section elementor-element elementor-element-508dcbe6 elementor-section-boxed elementor-section-height-default elementor-section-height-default\" data-id=\"508dcbe6\" data-element_type=\"section\" data-e-type=\"section\" data-settings=\"{&quot;background_background&quot;:&quot;classic&quot;}\">\n\t\t\t\t\t\t<div class=\"elementor-container elementor-column-gap-default\">\n\t\t\t\t\t<div class=\"elementor-column elementor-col-100 elementor-top-column elementor-element elementor-element-35312f0e\" data-id=\"35312f0e\" data-element_type=\"column\" data-e-type=\"column\" data-settings=\"{&quot;background_background&quot;:&quot;classic&quot;}\">\n\t\t\t<div class=\"elementor-widget-wrap elementor-element-populated\">\n\t\t\t\t\t\t<div class=\"elementor-element elementor-element-71ab5bd8 elementor-widget elementor-widget-text-editor\" data-id=\"71ab5bd8\" data-element_type=\"widget\" data-e-type=\"widget\" data-widget_type=\"text-editor.default\">\n\t\t\t\t<div class=\"elementor-widget-container\">\n\t\t\t\t\t\t\t\t\t<h1 class=\"wp-block-heading\">Expedientes de clientes en espera<\/h1>\t\t\t\t\t\t\t\t<\/div>\n\t\t\t\t<\/div>\n\t\t\t\t\t<\/div>\n\t\t<\/div>\n\t\t\t\t\t<\/div>\n\t\t<\/section>\n\t\t\t\t<section class=\"elementor-section elementor-top-section elementor-element elementor-element-61aad10d elementor-section-boxed elementor-section-height-default elementor-section-height-default\" data-id=\"61aad10d\" data-element_type=\"section\" data-e-type=\"section\">\n\t\t\t\t\t\t<div class=\"elementor-container elementor-column-gap-default\">\n\t\t\t\t\t<div class=\"elementor-column elementor-col-100 elementor-top-column elementor-element elementor-element-1af68c20\" data-id=\"1af68c20\" data-element_type=\"column\" data-e-type=\"column\">\n\t\t\t<div class=\"elementor-widget-wrap elementor-element-populated\">\n\t\t\t\t\t\t<div class=\"elementor-element elementor-element-70633565 elementor-widget elementor-widget-text-editor\" data-id=\"70633565\" data-element_type=\"widget\" data-e-type=\"widget\" data-widget_type=\"text-editor.default\">\n\t\t\t\t<div class=\"elementor-widget-container\">\n\t\t\t\t\t\t\t\t\t<p>Algunos de nuestros clientes se han beneficiado de nuestro fondo de garant\u00eda para saldar las deudas contra\u00eddas en virtud de su <span style=\"text-decoration: underline;\"><a href=\"https:\/\/garantie.be\/es\/contrato-alquiler\/\">contrato de arrendamiento<\/a><\/span>. Estos clientes se beneficiaron de nuestro <span style=\"text-decoration: underline;\"><a href=\"https:\/\/garantie.be\/es\/fianza-alquiler-belgica\/\">dep\u00f3sito de alquiler<\/a><\/span>. <\/p><p>Si est\u00e1s pensando en celebrar un contrato de alquiler con estas personas, <strong data-start=\"3107\" data-end=\"3157\">te recomendamos que te pongas en contacto con nosotros previamente <\/strong>mediante nuestro <a href=\"https:\/\/account.garantie.be\/fr\/contact\/\">formulario de contacto<\/a>.<\/p>\t\t\t\t\t\t\t\t<\/div>\n\t\t\t\t<\/div>\n\t\t\t\t\t<\/div>\n\t\t<\/div>\n\t\t\t\t\t<\/div>\n\t\t<\/section>\n\t\t\t\t<section class=\"elementor-section elementor-top-section elementor-element elementor-element-cf6dd2d elementor-section-boxed elementor-section-height-default elementor-section-height-default\" data-id=\"cf6dd2d\" data-element_type=\"section\" data-e-type=\"section\">\n\t\t\t\t\t\t<div class=\"elementor-container elementor-column-gap-default\">\n\t\t\t\t\t<div class=\"elementor-column elementor-col-100 elementor-top-column elementor-element elementor-element-4ed89c4\" data-id=\"4ed89c4\" data-element_type=\"column\" data-e-type=\"column\">\n\t\t\t<div class=\"elementor-widget-wrap elementor-element-populated\">\n\t\t\t\t\t\t<div class=\"elementor-element elementor-element-2292dd4 elementor-widget elementor-widget-heading\" data-id=\"2292dd4\" data-element_type=\"widget\" data-e-type=\"widget\" data-widget_type=\"heading.default\">\n\t\t\t\t<div class=\"elementor-widget-container\">\n\t\t\t\t\t<h2 class=\"elementor-heading-title elementor-size-default\">Abdelmajid Al Jattari<\/h2>\t\t\t\t<\/div>\n\t\t\t\t<\/div>\n\t\t\t\t<div class=\"elementor-element elementor-element-36bf34b elementor-widget elementor-widget-text-editor\" data-id=\"36bf34b\" data-element_type=\"widget\" data-e-type=\"widget\" data-widget_type=\"text-editor.default\">\n\t\t\t\t<div class=\"elementor-widget-container\">\n\t\t\t\t\t\t\t\t\t<p data-start=\"404\" data-end=\"705\">Si est\u00e1s considerando un arrendamiento con <span style=\"text-decoration: underline;\"><a href=\"https:\/\/garantie.be\/es\/archivos\/abdelmajid-al-jattari\/\">Abdelmajid Al Jattari<\/a><\/span> como inquilino, ponte <a href=\"https:\/\/account.garantie.be\/fr\/contact\/\">en contacto con nosotros<\/a> previamente.  <\/p>\t\t\t\t\t\t\t\t<\/div>\n\t\t\t\t<\/div>\n\t\t\t\t\t<\/div>\n\t\t<\/div>\n\t\t\t\t\t<\/div>\n\t\t<\/section>\n\t\t\t\t<section class=\"elementor-section elementor-top-section elementor-element elementor-element-052e44a elementor-section-boxed elementor-section-height-default elementor-section-height-default\" data-id=\"052e44a\" data-element_type=\"section\" data-e-type=\"section\">\n\t\t\t\t\t\t<div class=\"elementor-container elementor-column-gap-default\">\n\t\t\t\t\t<div class=\"elementor-column elementor-col-100 elementor-top-column elementor-element elementor-element-864cea0\" data-id=\"864cea0\" data-element_type=\"column\" data-e-type=\"column\">\n\t\t\t<div class=\"elementor-widget-wrap elementor-element-populated\">\n\t\t\t\t\t\t<div class=\"elementor-element elementor-element-a8ef645 elementor-widget elementor-widget-heading\" data-id=\"a8ef645\" data-element_type=\"widget\" data-e-type=\"widget\" data-widget_type=\"heading.default\">\n\t\t\t\t<div class=\"elementor-widget-container\">\n\t\t\t\t\t<h2 class=\"elementor-heading-title elementor-size-default\">Ana Segers<\/h2>\t\t\t\t<\/div>\n\t\t\t\t<\/div>\n\t\t\t\t<div class=\"elementor-element elementor-element-00466e5 elementor-widget elementor-widget-text-editor\" data-id=\"00466e5\" data-element_type=\"widget\" data-e-type=\"widget\" data-widget_type=\"text-editor.default\">\n\t\t\t\t<div class=\"elementor-widget-container\">\n\t\t\t\t\t\t\t\t\t<p data-start=\"404\" data-end=\"705\">Si est\u00e1s pensando en firmar un arrendamiento con <span style=\"text-decoration: underline;\"><a href=\"https:\/\/garantie.be\/es\/archivos\/anne-segers\/\">Anne Segers<\/a><\/span> como inquilino, <a href=\"https:\/\/account.garantie.be\/fr\/contact\/\">ponte en contacto con nosotros<\/a> previamente.  <\/p>\t\t\t\t\t\t\t\t<\/div>\n\t\t\t\t<\/div>\n\t\t\t\t\t<\/div>\n\t\t<\/div>\n\t\t\t\t\t<\/div>\n\t\t<\/section>\n\t\t\t\t<section class=\"elementor-section elementor-top-section elementor-element elementor-element-951cebd elementor-section-boxed elementor-section-height-default elementor-section-height-default\" data-id=\"951cebd\" data-element_type=\"section\" data-e-type=\"section\">\n\t\t\t\t\t\t<div class=\"elementor-container elementor-column-gap-default\">\n\t\t\t\t\t<div class=\"elementor-column elementor-col-100 elementor-top-column elementor-element elementor-element-7245aa5\" data-id=\"7245aa5\" data-element_type=\"column\" data-e-type=\"column\">\n\t\t\t<div class=\"elementor-widget-wrap elementor-element-populated\">\n\t\t\t\t\t\t<div class=\"elementor-element elementor-element-844b36c elementor-widget elementor-widget-heading\" data-id=\"844b36c\" data-element_type=\"widget\" data-e-type=\"widget\" data-widget_type=\"heading.default\">\n\t\t\t\t<div class=\"elementor-widget-container\">\n\t\t\t\t\t<h2 class=\"elementor-heading-title elementor-size-default\">Arthur Schuyts<\/h2>\t\t\t\t<\/div>\n\t\t\t\t<\/div>\n\t\t\t\t<div class=\"elementor-element elementor-element-040e7fe elementor-widget elementor-widget-text-editor\" data-id=\"040e7fe\" data-element_type=\"widget\" data-e-type=\"widget\" data-widget_type=\"text-editor.default\">\n\t\t\t\t<div class=\"elementor-widget-container\">\n\t\t\t\t\t\t\t\t\t<p data-start=\"404\" data-end=\"705\">Si est\u00e1s considerando un arrendamiento con <span style=\"text-decoration: underline;\"><a href=\"https:\/\/garantie.be\/es\/archivos\/arthur-schuyts\/\">Arthur Schuyts<\/a><\/span> como inquilino, <a href=\"https:\/\/account.garantie.be\/fr\/contact\/\">ponte en contacto con nosotros<\/a> previamente.  <\/p>\t\t\t\t\t\t\t\t<\/div>\n\t\t\t\t<\/div>\n\t\t\t\t\t<\/div>\n\t\t<\/div>\n\t\t\t\t\t<\/div>\n\t\t<\/section>\n\t\t\t\t<section class=\"elementor-section elementor-top-section elementor-element elementor-element-fa4cfc6 elementor-section-boxed elementor-section-height-default elementor-section-height-default\" data-id=\"fa4cfc6\" data-element_type=\"section\" data-e-type=\"section\">\n\t\t\t\t\t\t<div class=\"elementor-container elementor-column-gap-default\">\n\t\t\t\t\t<div class=\"elementor-column elementor-col-100 elementor-top-column elementor-element elementor-element-14b4505\" data-id=\"14b4505\" data-element_type=\"column\" data-e-type=\"column\">\n\t\t\t<div class=\"elementor-widget-wrap elementor-element-populated\">\n\t\t\t\t\t\t<div class=\"elementor-element elementor-element-0c1cd9c elementor-widget elementor-widget-heading\" data-id=\"0c1cd9c\" data-element_type=\"widget\" data-e-type=\"widget\" data-widget_type=\"heading.default\">\n\t\t\t\t<div class=\"elementor-widget-container\">\n\t\t\t\t\t<h2 class=\"elementor-heading-title elementor-size-default\">Bakkach Tasnime<\/h2>\t\t\t\t<\/div>\n\t\t\t\t<\/div>\n\t\t\t\t<div class=\"elementor-element elementor-element-a3a6c04 elementor-widget elementor-widget-text-editor\" data-id=\"a3a6c04\" data-element_type=\"widget\" data-e-type=\"widget\" data-widget_type=\"text-editor.default\">\n\t\t\t\t<div class=\"elementor-widget-container\">\n\t\t\t\t\t\t\t\t\t<p data-start=\"404\" data-end=\"705\">Bakkach Tasnime es responsable solidario con <span style=\"text-decoration: underline;\"><a href=\"https:\/\/garantie.be\/es\/archivos\/zekir-naim-ramadan\/\">Z\u00e9kir Naim<\/a><\/span> por los compromisos de su arrendamiento inmobiliario. Si est\u00e1s pensando en contratar a <a href=\"https:\/\/garantie.be\/es\/archivos\/bakkach-tasnime\/\">Bakkach Tasnime<\/a> como arrendatario, <a href=\"https:\/\/account.garantie.be\/fr\/contact\/\">ponte en contacto con nosotros<\/a> previamente.<\/p>\t\t\t\t\t\t\t\t<\/div>\n\t\t\t\t<\/div>\n\t\t\t\t\t<\/div>\n\t\t<\/div>\n\t\t\t\t\t<\/div>\n\t\t<\/section>\n\t\t\t\t<section class=\"elementor-section elementor-top-section elementor-element elementor-element-6d2e21e elementor-section-boxed elementor-section-height-default elementor-section-height-default\" data-id=\"6d2e21e\" data-element_type=\"section\" data-e-type=\"section\">\n\t\t\t\t\t\t<div class=\"elementor-container elementor-column-gap-default\">\n\t\t\t\t\t<div class=\"elementor-column elementor-col-100 elementor-top-column elementor-element elementor-element-832c74e\" data-id=\"832c74e\" data-element_type=\"column\" data-e-type=\"column\">\n\t\t\t<div class=\"elementor-widget-wrap elementor-element-populated\">\n\t\t\t\t\t\t<div class=\"elementor-element elementor-element-938618f elementor-widget elementor-widget-heading\" data-id=\"938618f\" data-element_type=\"widget\" data-e-type=\"widget\" data-widget_type=\"heading.default\">\n\t\t\t\t<div class=\"elementor-widget-container\">\n\t\t\t\t\t<h2 class=\"elementor-heading-title elementor-size-default\">Jean Cyril Veldekens<\/h2>\t\t\t\t<\/div>\n\t\t\t\t<\/div>\n\t\t\t\t<div class=\"elementor-element elementor-element-c49971a elementor-widget elementor-widget-text-editor\" data-id=\"c49971a\" data-element_type=\"widget\" data-e-type=\"widget\" data-widget_type=\"text-editor.default\">\n\t\t\t\t<div class=\"elementor-widget-container\">\n\t\t\t\t\t\t\t\t\t<p data-start=\"404\" data-end=\"705\">Si est\u00e1s considerando un arrendamiento con <span style=\"text-decoration: underline;\"><a href=\"https:\/\/garantie.be\/es\/archivos\/jean-cyril-veldekens\/\"><span data-sheets-root=\"1\">Jean Cyril Veldekens<\/span><\/a><\/span> como inquilino, ponte <a href=\"https:\/\/account.garantie.be\/fr\/contact\/\">en contacto con nosotros<\/a> previamente.  <\/p>\t\t\t\t\t\t\t\t<\/div>\n\t\t\t\t<\/div>\n\t\t\t\t\t<\/div>\n\t\t<\/div>\n\t\t\t\t\t<\/div>\n\t\t<\/section>\n\t\t\t\t<section class=\"elementor-section elementor-top-section elementor-element elementor-element-6ba7d98 elementor-section-boxed elementor-section-height-default elementor-section-height-default\" data-id=\"6ba7d98\" data-element_type=\"section\" data-e-type=\"section\">\n\t\t\t\t\t\t<div class=\"elementor-container elementor-column-gap-default\">\n\t\t\t\t\t<div class=\"elementor-column elementor-col-100 elementor-top-column elementor-element elementor-element-229836c\" data-id=\"229836c\" data-element_type=\"column\" data-e-type=\"column\">\n\t\t\t<div class=\"elementor-widget-wrap elementor-element-populated\">\n\t\t\t\t\t\t<div class=\"elementor-element elementor-element-f514671 elementor-widget elementor-widget-heading\" data-id=\"f514671\" data-element_type=\"widget\" data-e-type=\"widget\" data-widget_type=\"heading.default\">\n\t\t\t\t<div class=\"elementor-widget-container\">\n\t\t\t\t\t<h2 class=\"elementor-heading-title elementor-size-default\">Lizbeth Judith El\u00edas L\u00f3pez<\/h2>\t\t\t\t<\/div>\n\t\t\t\t<\/div>\n\t\t\t\t<div class=\"elementor-element elementor-element-d5a3def elementor-widget elementor-widget-text-editor\" data-id=\"d5a3def\" data-element_type=\"widget\" data-e-type=\"widget\" data-widget_type=\"text-editor.default\">\n\t\t\t\t<div class=\"elementor-widget-container\">\n\t\t\t\t\t\t\t\t\t<p data-start=\"404\" data-end=\"705\">Si est\u00e1s pensando en celebrar un contrato de arrendamiento con <span style=\"text-decoration: underline;\"><a href=\"https:\/\/garantie.be\/es\/archivos\/lizbeth-judith-elias-lopez\/\">Lizbeth Judith Elias<\/a><\/span> como inquilino, ponte primero <a href=\"https:\/\/account.garantie.be\/fr\/contact\/\">en contacto con nosotros<\/a>.  <\/p>\t\t\t\t\t\t\t\t<\/div>\n\t\t\t\t<\/div>\n\t\t\t\t\t<\/div>\n\t\t<\/div>\n\t\t\t\t\t<\/div>\n\t\t<\/section>\n\t\t\t\t<section class=\"elementor-section elementor-top-section elementor-element elementor-element-eed3a13 elementor-section-boxed elementor-section-height-default elementor-section-height-default\" data-id=\"eed3a13\" data-element_type=\"section\" data-e-type=\"section\">\n\t\t\t\t\t\t<div class=\"elementor-container elementor-column-gap-default\">\n\t\t\t\t\t<div class=\"elementor-column elementor-col-100 elementor-top-column elementor-element elementor-element-5b27cd6\" data-id=\"5b27cd6\" data-element_type=\"column\" data-e-type=\"column\">\n\t\t\t<div class=\"elementor-widget-wrap elementor-element-populated\">\n\t\t\t\t\t\t<div class=\"elementor-element elementor-element-484d13f elementor-widget elementor-widget-heading\" data-id=\"484d13f\" data-element_type=\"widget\" data-e-type=\"widget\" data-widget_type=\"heading.default\">\n\t\t\t\t<div class=\"elementor-widget-container\">\n\t\t\t\t\t<h2 class=\"elementor-heading-title elementor-size-default\">Ted Eriksson<\/h2>\t\t\t\t<\/div>\n\t\t\t\t<\/div>\n\t\t\t\t<div class=\"elementor-element elementor-element-d78d618 elementor-widget elementor-widget-text-editor\" data-id=\"d78d618\" data-element_type=\"widget\" data-e-type=\"widget\" data-widget_type=\"text-editor.default\">\n\t\t\t\t<div class=\"elementor-widget-container\">\n\t\t\t\t\t\t\t\t\t<p data-start=\"404\" data-end=\"705\">Si est\u00e1s pensando en firmar un contrato de arrendamiento con <a class=\"row-title\" href=\"https:\/\/garantie.be\/es\/archivos\/ted-eriksson-belgica\/\" aria-label=\"\u00ab Ted Eriksson \u2013 Bruxelles \u00bb (Modifier)\">Ted Eriksson<\/a> como inquilino, <a href=\"https:\/\/account.garantie.be\/fr\/contact\/\">ponte en contacto con nosotros<\/a> previamente.  <\/p>\t\t\t\t\t\t\t\t<\/div>\n\t\t\t\t<\/div>\n\t\t\t\t\t<\/div>\n\t\t<\/div>\n\t\t\t\t\t<\/div>\n\t\t<\/section>\n\t\t\t\t<section class=\"elementor-section elementor-top-section elementor-element elementor-element-9e644f9 elementor-section-boxed elementor-section-height-default elementor-section-height-default\" data-id=\"9e644f9\" data-element_type=\"section\" data-e-type=\"section\">\n\t\t\t\t\t\t<div class=\"elementor-container elementor-column-gap-default\">\n\t\t\t\t\t<div class=\"elementor-column elementor-col-100 elementor-top-column elementor-element elementor-element-6d898b7\" data-id=\"6d898b7\" data-element_type=\"column\" data-e-type=\"column\">\n\t\t\t<div class=\"elementor-widget-wrap elementor-element-populated\">\n\t\t\t\t\t\t<div class=\"elementor-element elementor-element-0dd571f elementor-widget elementor-widget-heading\" data-id=\"0dd571f\" data-element_type=\"widget\" data-e-type=\"widget\" data-widget_type=\"heading.default\">\n\t\t\t\t<div class=\"elementor-widget-container\">\n\t\t\t\t\t<h2 class=\"elementor-heading-title elementor-size-default\">Z\u00e9kir Naim<\/h2>\t\t\t\t<\/div>\n\t\t\t\t<\/div>\n\t\t\t\t<div class=\"elementor-element elementor-element-8824a82 elementor-widget elementor-widget-text-editor\" data-id=\"8824a82\" data-element_type=\"widget\" data-e-type=\"widget\" data-widget_type=\"text-editor.default\">\n\t\t\t\t<div class=\"elementor-widget-container\">\n\t\t\t\t\t\t\t\t\t<p data-start=\"404\" data-end=\"705\">Si est\u00e1s pensando en firmar un arrendamiento con <span style=\"text-decoration: underline;\"><a href=\"https:\/\/garantie.be\/es\/archivos\/zekir-naim-ramadan\/\">Z\u00e9kir Naim<\/a><\/span> como inquilino, <a href=\"https:\/\/account.garantie.be\/fr\/contact\/\">ponte en contacto con nosotros<\/a> previamente.<\/p>\t\t\t\t\t\t\t\t<\/div>\n\t\t\t\t<\/div>\n\t\t\t\t\t<\/div>\n\t\t<\/div>\n\t\t\t\t\t<\/div>\n\t\t<\/section>\n\t\t\t\t<\/div>\n\t\t","protected":false},"excerpt":{"rendered":"<p>Expedientes de clientes en espera Algunos de nuestros clientes se han beneficiado de nuestro fondo de garant\u00eda para saldar las deudas contra\u00eddas en virtud de su contrato de arrendamiento. Estos clientes se beneficiaron de nuestro dep\u00f3sito de alquiler. Si est\u00e1s pensando en celebrar un contrato de alquiler con estas personas, te recomendamos que te pongas [&hellip;]<\/p>\n","protected":false},"author":1,"featured_media":0,"parent":0,"menu_order":0,"comment_status":"closed","ping_status":"closed","template":"","meta":{"footnotes":""},"class_list":["post-17881","page","type-page","status-publish","hentry"],"yoast_head":"<!-- This site is optimized with the Yoast SEO plugin v27.3 - https:\/\/yoast.com\/product\/yoast-seo-wordpress\/ -->\n<title>Expedientes de clientes en espera<\/title>\n<meta name=\"description\" content=\"Estos clientes est\u00e1n en proceso de recuperar la fianza de alquiler de su vivienda alquilada.\" \/>\n<meta name=\"robots\" content=\"index, follow, max-snippet:-1, max-image-preview:large, max-video-preview:-1\" \/>\n<link rel=\"canonical\" href=\"https:\/\/garantie.be\/es\/archivos\/\" \/>\n<meta property=\"og:locale\" content=\"es_ES\" \/>\n<meta property=\"og:type\" content=\"article\" \/>\n<meta property=\"og:title\" content=\"Expedientes de clientes en espera\" \/>\n<meta property=\"og:description\" content=\"Estos clientes est\u00e1n en proceso de recuperar la fianza de alquiler de su vivienda alquilada.\" \/>\n<meta property=\"og:url\" content=\"https:\/\/garantie.be\/es\/archivos\/\" \/>\n<meta property=\"og:site_name\" content=\"Garantie\" \/>\n<meta property=\"article:modified_time\" content=\"2026-01-07T08:23:31+00:00\" \/>\n<meta name=\"twitter:card\" content=\"summary_large_image\" \/>\n<meta name=\"twitter:label1\" content=\"Tiempo de lectura\" \/>\n\t<meta name=\"twitter:data1\" content=\"1 minuto\" \/>\n<script type=\"application\/ld+json\" class=\"yoast-schema-graph\">{\"@context\":\"https:\\\/\\\/schema.org\",\"@graph\":[{\"@type\":\"WebPage\",\"@id\":\"https:\\\/\\\/garantie.be\\\/es\\\/archivos\\\/\",\"url\":\"https:\\\/\\\/garantie.be\\\/es\\\/archivos\\\/\",\"name\":\"Expedientes de clientes en espera\",\"isPartOf\":{\"@id\":\"https:\\\/\\\/garantie.be\\\/es\\\/#website\"},\"datePublished\":\"2025-05-19T11:03:36+00:00\",\"dateModified\":\"2026-01-07T08:23:31+00:00\",\"description\":\"Estos clientes est\u00e1n en proceso de recuperar la fianza de alquiler de su vivienda alquilada.\",\"breadcrumb\":{\"@id\":\"https:\\\/\\\/garantie.be\\\/es\\\/archivos\\\/#breadcrumb\"},\"inLanguage\":\"es\",\"potentialAction\":[{\"@type\":\"ReadAction\",\"target\":[\"https:\\\/\\\/garantie.be\\\/es\\\/archivos\\\/\"]}]},{\"@type\":\"BreadcrumbList\",\"@id\":\"https:\\\/\\\/garantie.be\\\/es\\\/archivos\\\/#breadcrumb\",\"itemListElement\":[{\"@type\":\"ListItem\",\"position\":1,\"name\":\"Accueil\",\"item\":\"https:\\\/\\\/garantie.be\\\/es\\\/\"},{\"@type\":\"ListItem\",\"position\":2,\"name\":\"Expedientes de clientes en espera\"}]},{\"@type\":\"WebSite\",\"@id\":\"https:\\\/\\\/garantie.be\\\/es\\\/#website\",\"url\":\"https:\\\/\\\/garantie.be\\\/es\\\/\",\"name\":\"Garantie\",\"description\":\"\",\"publisher\":{\"@id\":\"https:\\\/\\\/garantie.be\\\/es\\\/#organization\"},\"potentialAction\":[{\"@type\":\"SearchAction\",\"target\":{\"@type\":\"EntryPoint\",\"urlTemplate\":\"https:\\\/\\\/garantie.be\\\/es\\\/?s={search_term_string}\"},\"query-input\":{\"@type\":\"PropertyValueSpecification\",\"valueRequired\":true,\"valueName\":\"search_term_string\"}}],\"inLanguage\":\"es\"},{\"@type\":\"Organization\",\"@id\":\"https:\\\/\\\/garantie.be\\\/es\\\/#organization\",\"name\":\"Garantie.be\",\"url\":\"https:\\\/\\\/garantie.be\\\/es\\\/\",\"logo\":{\"@type\":\"ImageObject\",\"inLanguage\":\"es\",\"@id\":\"https:\\\/\\\/garantie.be\\\/es\\\/#\\\/schema\\\/logo\\\/image\\\/\",\"url\":\"\",\"contentUrl\":\"\",\"caption\":\"Garantie.be\"},\"image\":{\"@id\":\"https:\\\/\\\/garantie.be\\\/es\\\/#\\\/schema\\\/logo\\\/image\\\/\"}}]}<\/script>\n<!-- \/ Yoast SEO plugin. -->","yoast_head_json":{"title":"Expedientes de clientes en espera","description":"Estos clientes est\u00e1n en proceso de recuperar la fianza de alquiler de su vivienda alquilada.","robots":{"index":"index","follow":"follow","max-snippet":"max-snippet:-1","max-image-preview":"max-image-preview:large","max-video-preview":"max-video-preview:-1"},"canonical":"https:\/\/garantie.be\/es\/archivos\/","og_locale":"es_ES","og_type":"article","og_title":"Expedientes de clientes en espera","og_description":"Estos clientes est\u00e1n en proceso de recuperar la fianza de alquiler de su vivienda alquilada.","og_url":"https:\/\/garantie.be\/es\/archivos\/","og_site_name":"Garantie","article_modified_time":"2026-01-07T08:23:31+00:00","twitter_card":"summary_large_image","twitter_misc":{"Tiempo de lectura":"1 minuto"},"schema":{"@context":"https:\/\/schema.org","@graph":[{"@type":"WebPage","@id":"https:\/\/garantie.be\/es\/archivos\/","url":"https:\/\/garantie.be\/es\/archivos\/","name":"Expedientes de clientes en espera","isPartOf":{"@id":"https:\/\/garantie.be\/es\/#website"},"datePublished":"2025-05-19T11:03:36+00:00","dateModified":"2026-01-07T08:23:31+00:00","description":"Estos clientes est\u00e1n en proceso de recuperar la fianza de alquiler de su vivienda alquilada.","breadcrumb":{"@id":"https:\/\/garantie.be\/es\/archivos\/#breadcrumb"},"inLanguage":"es","potentialAction":[{"@type":"ReadAction","target":["https:\/\/garantie.be\/es\/archivos\/"]}]},{"@type":"BreadcrumbList","@id":"https:\/\/garantie.be\/es\/archivos\/#breadcrumb","itemListElement":[{"@type":"ListItem","position":1,"name":"Accueil","item":"https:\/\/garantie.be\/es\/"},{"@type":"ListItem","position":2,"name":"Expedientes de clientes en espera"}]},{"@type":"WebSite","@id":"https:\/\/garantie.be\/es\/#website","url":"https:\/\/garantie.be\/es\/","name":"Garantie","description":"","publisher":{"@id":"https:\/\/garantie.be\/es\/#organization"},"potentialAction":[{"@type":"SearchAction","target":{"@type":"EntryPoint","urlTemplate":"https:\/\/garantie.be\/es\/?s={search_term_string}"},"query-input":{"@type":"PropertyValueSpecification","valueRequired":true,"valueName":"search_term_string"}}],"inLanguage":"es"},{"@type":"Organization","@id":"https:\/\/garantie.be\/es\/#organization","name":"Garantie.be","url":"https:\/\/garantie.be\/es\/","logo":{"@type":"ImageObject","inLanguage":"es","@id":"https:\/\/garantie.be\/es\/#\/schema\/logo\/image\/","url":"","contentUrl":"","caption":"Garantie.be"},"image":{"@id":"https:\/\/garantie.be\/es\/#\/schema\/logo\/image\/"}}]}},"_links":{"self":[{"href":"https:\/\/garantie.be\/es\/wp-json\/wp\/v2\/pages\/17881","targetHints":{"allow":["GET"]}}],"collection":[{"href":"https:\/\/garantie.be\/es\/wp-json\/wp\/v2\/pages"}],"about":[{"href":"https:\/\/garantie.be\/es\/wp-json\/wp\/v2\/types\/page"}],"author":[{"embeddable":true,"href":"https:\/\/garantie.be\/es\/wp-json\/wp\/v2\/users\/1"}],"replies":[{"embeddable":true,"href":"https:\/\/garantie.be\/es\/wp-json\/wp\/v2\/comments?post=17881"}],"version-history":[{"count":0,"href":"https:\/\/garantie.be\/es\/wp-json\/wp\/v2\/pages\/17881\/revisions"}],"wp:attachment":[{"href":"https:\/\/garantie.be\/es\/wp-json\/wp\/v2\/media?parent=17881"}],"curies":[{"name":"wp","href":"https:\/\/api.w.org\/{rel}","templated":true}]}}