{"id":18393,"date":"2025-08-21T10:56:38","date_gmt":"2025-08-21T08:56:38","guid":{"rendered":"https:\/\/garantie.be\/resenas-garantie-be\/"},"modified":"2025-08-23T14:21:38","modified_gmt":"2025-08-23T12:21:38","slug":"resenas-garantie-be","status":"publish","type":"page","link":"https:\/\/garantie.be\/es\/resenas-garantie-be\/","title":{"rendered":"Todas las opiniones sobre garantie.be"},"content":{"rendered":"\t\t<div data-elementor-type=\"wp-page\" data-elementor-id=\"18393\" class=\"elementor elementor-18393 elementor-18353\" data-elementor-post-type=\"page\">\n\t\t\t\t\t\t<section class=\"elementor-section elementor-top-section elementor-element elementor-element-68c2c0bc elementor-section-boxed elementor-section-height-default elementor-section-height-default\" data-id=\"68c2c0bc\" data-element_type=\"section\" data-e-type=\"section\">\n\t\t\t\t\t\t<div class=\"elementor-container elementor-column-gap-default\">\n\t\t\t\t\t<div class=\"elementor-column elementor-col-100 elementor-top-column elementor-element elementor-element-67b42e20\" data-id=\"67b42e20\" data-element_type=\"column\" data-e-type=\"column\">\n\t\t\t<div class=\"elementor-widget-wrap elementor-element-populated\">\n\t\t\t\t\t\t<div class=\"elementor-element elementor-element-1427cf8c elementor-widget elementor-widget-spacer\" data-id=\"1427cf8c\" data-element_type=\"widget\" data-e-type=\"widget\" data-widget_type=\"spacer.default\">\n\t\t\t\t<div class=\"elementor-widget-container\">\n\t\t\t\t\t\t\t<div class=\"elementor-spacer\">\n\t\t\t<div class=\"elementor-spacer-inner\"><\/div>\n\t\t<\/div>\n\t\t\t\t\t\t<\/div>\n\t\t\t\t<\/div>\n\t\t\t\t<div class=\"elementor-element elementor-element-32c47b87 elementor-widget elementor-widget-heading\" data-id=\"32c47b87\" data-element_type=\"widget\" data-e-type=\"widget\" data-widget_type=\"heading.default\">\n\t\t\t\t<div class=\"elementor-widget-container\">\n\t\t\t\t\t<h1 class=\"elementor-heading-title elementor-size-default\">Todas las opiniones sobre garantie.be<\/h1>\t\t\t\t<\/div>\n\t\t\t\t<\/div>\n\t\t\t\t<div class=\"elementor-element elementor-element-3e7134f5 elementor-widget elementor-widget-text-editor\" data-id=\"3e7134f5\" data-element_type=\"widget\" data-e-type=\"widget\" data-widget_type=\"text-editor.default\">\n\t\t\t\t<div class=\"elementor-widget-container\">\n\t\t\t\t\t\t\t\t\t<p>La plataforma garantie.be est\u00e1 disponible en l\u00ednea desde octubre de 2021. Te permite obtener <span style=\"font-size: 1rem;\">una <\/span><span style=\"font-size: 1rem; text-decoration-line: underline;\"><a href=\"https:\/\/garantie.be\/es\/fianza-alquiler-en-linea\/\">fianza de alquiler en l\u00ednea<\/a><\/span> <span style=\"font-size: 1rem;\"> <\/span><span style=\"font-size: 1rem;\">muy f\u00e1cilmente<\/span><span style=\"font-size: 1rem;\"> sin tener que ir al banco. <\/span>Muchos usuarios del servicio han dejado un comentario en Internet. Leer estos comentarios de Google te da una idea de la calidad del servicio. <\/p>\t\t\t\t\t\t\t\t<\/div>\n\t\t\t\t<\/div>\n\t\t\t\t\t<\/div>\n\t\t<\/div>\n\t\t\t\t\t<\/div>\n\t\t<\/section>\n\t\t\t\t<section class=\"elementor-section elementor-top-section elementor-element elementor-element-b277648 elementor-section-boxed elementor-section-height-default elementor-section-height-default\" data-id=\"b277648\" data-element_type=\"section\" data-e-type=\"section\">\n\t\t\t\t\t\t<div class=\"elementor-container elementor-column-gap-default\">\n\t\t\t\t\t<div class=\"elementor-column elementor-col-100 elementor-top-column elementor-element elementor-element-b114638\" data-id=\"b114638\" data-element_type=\"column\" data-e-type=\"column\">\n\t\t\t<div class=\"elementor-widget-wrap elementor-element-populated\">\n\t\t\t\t\t\t<div class=\"elementor-element elementor-element-9afd304 elementor-widget elementor-widget-Google\" data-id=\"9afd304\" data-element_type=\"widget\" data-e-type=\"widget\" data-widget_type=\"Google.default\">\n\t\t\t\t<div class=\"elementor-widget-container\">\n\t\t\t\t\t<div data-src=\"https:\/\/cdn.trustindex.io\/loader.js?165d16852c29664bcc561e7c942\"><\/div>\t\t\t\t<\/div>\n\t\t\t\t<\/div>\n\t\t\t\t\t<\/div>\n\t\t<\/div>\n\t\t\t\t\t<\/div>\n\t\t<\/section>\n\t\t\t\t<section class=\"elementor-section elementor-top-section elementor-element elementor-element-9c1b9fb elementor-section-boxed elementor-section-height-default elementor-section-height-default\" data-id=\"9c1b9fb\" data-element_type=\"section\" data-e-type=\"section\">\n\t\t\t\t\t\t<div class=\"elementor-container elementor-column-gap-default\">\n\t\t\t\t\t<div class=\"elementor-column elementor-col-100 elementor-top-column elementor-element elementor-element-9f681b4\" data-id=\"9f681b4\" data-element_type=\"column\" data-e-type=\"column\">\n\t\t\t<div class=\"elementor-widget-wrap elementor-element-populated\">\n\t\t\t\t\t\t<div class=\"elementor-element elementor-element-e8d3d55 elementor-widget elementor-widget-heading\" data-id=\"e8d3d55\" data-element_type=\"widget\" data-e-type=\"widget\" data-widget_type=\"heading.default\">\n\t\t\t\t<div class=\"elementor-widget-container\">\n\t\t\t\t\t<h2 class=\"elementor-heading-title elementor-size-default\">Traducci\u00f3n autom\u00e1tica de las rese\u00f1as de Google<\/h2>\t\t\t\t<\/div>\n\t\t\t\t<\/div>\n\t\t\t\t<div class=\"elementor-element elementor-element-a8208d3 elementor-widget elementor-widget-text-editor\" data-id=\"a8208d3\" data-element_type=\"widget\" data-e-type=\"widget\" data-widget_type=\"text-editor.default\">\n\t\t\t\t<div class=\"elementor-widget-container\">\n\t\t\t\t\t\t\t\t\t<p>Las opiniones publicadas en Google se traducen autom\u00e1ticamente a tu idioma para que sean m\u00e1s f\u00e1ciles de leer. Las opiniones se ordenan por fecha para mostrar primero las m\u00e1s recientes. <\/p>\t\t\t\t\t\t\t\t<\/div>\n\t\t\t\t<\/div>\n\t\t\t\t\t<\/div>\n\t\t<\/div>\n\t\t\t\t\t<\/div>\n\t\t<\/section>\n\t\t\t\t<section class=\"elementor-section elementor-top-section elementor-element elementor-element-5e483e27 elementor-section-content-middle elementor-section-height-min-height elementor-section-items-stretch elementor-section-boxed elementor-section-height-default\" data-id=\"5e483e27\" data-element_type=\"section\" data-e-type=\"section\">\n\t\t\t\t\t\t<div class=\"elementor-container elementor-column-gap-no\">\n\t\t\t\t\t<div class=\"elementor-column elementor-col-100 elementor-top-column elementor-element elementor-element-779e58d6\" data-id=\"779e58d6\" data-element_type=\"column\" data-e-type=\"column\" data-settings=\"{&quot;background_background&quot;:&quot;classic&quot;}\">\n\t\t\t<div class=\"elementor-widget-wrap elementor-element-populated\">\n\t\t\t\t\t\t<div class=\"elementor-element elementor-element-529717d9 elementor-widget elementor-widget-text-editor\" data-id=\"529717d9\" data-element_type=\"widget\" data-e-type=\"widget\" data-widget_type=\"text-editor.default\">\n\t\t\t\t<div class=\"elementor-widget-container\">\n\t\t\t\t\t\t\t\t\t<p>Rellena nuestro formulario en l\u00ednea para obtener tu fianza de alquiler en s\u00f3lo unas horas. No bloqueas ning\u00fan dinero porque trabajamos como un <span style=\"text-decoration: underline;\"><a href=\"https:\/\/garantie.be\/es\/garantia-bancaria-alquiler\/\">fianza de alquiler banco<\/a><\/span>. <\/p>\t\t\t\t\t\t\t\t<\/div>\n\t\t\t\t<\/div>\n\t\t\t\t<div class=\"elementor-element elementor-element-48845ad6 elementor-mobile-align-center elementor-align-center elementor-widget elementor-widget-button\" data-id=\"48845ad6\" data-element_type=\"widget\" data-e-type=\"widget\" data-widget_type=\"button.default\">\n\t\t\t\t<div class=\"elementor-widget-container\">\n\t\t\t\t\t\t\t\t\t<div class=\"elementor-button-wrapper\">\n\t\t\t\t\t<a class=\"elementor-button elementor-button-link elementor-size-sm\" href=\"https:\/\/account.garantie.be\/en\/register\/lease\">\n\t\t\t\t\t\t<span class=\"elementor-button-content-wrapper\">\n\t\t\t\t\t\t\t\t\t<span class=\"elementor-button-text\">Formulario fianza de alquiler<\/span>\n\t\t\t\t\t<\/span>\n\t\t\t\t\t<\/a>\n\t\t\t\t<\/div>\n\t\t\t\t\t\t\t\t<\/div>\n\t\t\t\t<\/div>\n\t\t\t\t\t<\/div>\n\t\t<\/div>\n\t\t\t\t\t<\/div>\n\t\t<\/section>\n\t\t\t\t<\/div>\n\t\t","protected":false},"excerpt":{"rendered":"<p>Todas las opiniones sobre garantie.be La plataforma garantie.be est\u00e1 disponible en l\u00ednea desde octubre de 2021. Te permite obtener una fianza de alquiler en l\u00ednea muy f\u00e1cilmente sin tener que ir al banco. Muchos usuarios del servicio han dejado un comentario en Internet. Leer estos comentarios de Google te da una idea de la calidad [&hellip;]<\/p>\n","protected":false},"author":1,"featured_media":0,"parent":0,"menu_order":0,"comment_status":"closed","ping_status":"closed","template":"","meta":{"footnotes":""},"class_list":["post-18393","page","type-page","status-publish","hentry"],"yoast_head":"<!-- This site is optimized with the Yoast SEO plugin v27.3 - https:\/\/yoast.com\/product\/yoast-seo-wordpress\/ -->\n<title>Todas las opiniones sobre garantie.be<\/title>\n<meta name=\"description\" content=\"Descubre todas las opiniones sobre garantie.be publicadas en Google. Lee cada uno de los comentarios dejados por los usuarios del servicio\" \/>\n<meta name=\"robots\" content=\"index, follow, max-snippet:-1, max-image-preview:large, max-video-preview:-1\" \/>\n<link rel=\"canonical\" href=\"https:\/\/garantie.be\/es\/resenas-garantie-be\/\" \/>\n<meta property=\"og:locale\" content=\"es_ES\" \/>\n<meta property=\"og:type\" content=\"article\" \/>\n<meta property=\"og:title\" content=\"Todas las opiniones sobre garantie.be\" \/>\n<meta property=\"og:description\" content=\"Descubre todas las opiniones sobre garantie.be publicadas en Google. Lee cada uno de los comentarios dejados por los usuarios del servicio\" \/>\n<meta property=\"og:url\" content=\"https:\/\/garantie.be\/es\/resenas-garantie-be\/\" \/>\n<meta property=\"og:site_name\" content=\"Garantie\" \/>\n<meta property=\"article:modified_time\" content=\"2025-08-23T12:21:38+00:00\" \/>\n<meta name=\"twitter:card\" content=\"summary_large_image\" \/>\n<meta name=\"twitter:label1\" content=\"Tiempo de lectura\" \/>\n\t<meta name=\"twitter:data1\" content=\"28 minutos\" \/>\n<script type=\"application\/ld+json\" class=\"yoast-schema-graph\">{\"@context\":\"https:\\\/\\\/schema.org\",\"@graph\":[{\"@type\":\"WebPage\",\"@id\":\"https:\\\/\\\/garantie.be\\\/es\\\/resenas-garantie-be\\\/\",\"url\":\"https:\\\/\\\/garantie.be\\\/es\\\/resenas-garantie-be\\\/\",\"name\":\"Todas las opiniones sobre garantie.be\",\"isPartOf\":{\"@id\":\"https:\\\/\\\/garantie.be\\\/es\\\/#website\"},\"datePublished\":\"2025-08-21T08:56:38+00:00\",\"dateModified\":\"2025-08-23T12:21:38+00:00\",\"description\":\"Descubre todas las opiniones sobre garantie.be publicadas en Google. Lee cada uno de los comentarios dejados por los usuarios del servicio\",\"breadcrumb\":{\"@id\":\"https:\\\/\\\/garantie.be\\\/es\\\/resenas-garantie-be\\\/#breadcrumb\"},\"inLanguage\":\"es\",\"potentialAction\":[{\"@type\":\"ReadAction\",\"target\":[\"https:\\\/\\\/garantie.be\\\/es\\\/resenas-garantie-be\\\/\"]}]},{\"@type\":\"BreadcrumbList\",\"@id\":\"https:\\\/\\\/garantie.be\\\/es\\\/resenas-garantie-be\\\/#breadcrumb\",\"itemListElement\":[{\"@type\":\"ListItem\",\"position\":1,\"name\":\"Accueil\",\"item\":\"https:\\\/\\\/garantie.be\\\/es\\\/\"},{\"@type\":\"ListItem\",\"position\":2,\"name\":\"Todas las opiniones sobre garantie.be\"}]},{\"@type\":\"WebSite\",\"@id\":\"https:\\\/\\\/garantie.be\\\/es\\\/#website\",\"url\":\"https:\\\/\\\/garantie.be\\\/es\\\/\",\"name\":\"Garantie\",\"description\":\"\",\"publisher\":{\"@id\":\"https:\\\/\\\/garantie.be\\\/es\\\/#organization\"},\"potentialAction\":[{\"@type\":\"SearchAction\",\"target\":{\"@type\":\"EntryPoint\",\"urlTemplate\":\"https:\\\/\\\/garantie.be\\\/es\\\/?s={search_term_string}\"},\"query-input\":{\"@type\":\"PropertyValueSpecification\",\"valueRequired\":true,\"valueName\":\"search_term_string\"}}],\"inLanguage\":\"es\"},{\"@type\":\"Organization\",\"@id\":\"https:\\\/\\\/garantie.be\\\/es\\\/#organization\",\"name\":\"Garantie.be\",\"url\":\"https:\\\/\\\/garantie.be\\\/es\\\/\",\"logo\":{\"@type\":\"ImageObject\",\"inLanguage\":\"es\",\"@id\":\"https:\\\/\\\/garantie.be\\\/es\\\/#\\\/schema\\\/logo\\\/image\\\/\",\"url\":\"\",\"contentUrl\":\"\",\"caption\":\"Garantie.be\"},\"image\":{\"@id\":\"https:\\\/\\\/garantie.be\\\/es\\\/#\\\/schema\\\/logo\\\/image\\\/\"}}]}<\/script>\n<!-- \/ Yoast SEO plugin. -->","yoast_head_json":{"title":"Todas las opiniones sobre garantie.be","description":"Descubre todas las opiniones sobre garantie.be publicadas en Google. Lee cada uno de los comentarios dejados por los usuarios del servicio","robots":{"index":"index","follow":"follow","max-snippet":"max-snippet:-1","max-image-preview":"max-image-preview:large","max-video-preview":"max-video-preview:-1"},"canonical":"https:\/\/garantie.be\/es\/resenas-garantie-be\/","og_locale":"es_ES","og_type":"article","og_title":"Todas las opiniones sobre garantie.be","og_description":"Descubre todas las opiniones sobre garantie.be publicadas en Google. Lee cada uno de los comentarios dejados por los usuarios del servicio","og_url":"https:\/\/garantie.be\/es\/resenas-garantie-be\/","og_site_name":"Garantie","article_modified_time":"2025-08-23T12:21:38+00:00","twitter_card":"summary_large_image","twitter_misc":{"Tiempo de lectura":"28 minutos"},"schema":{"@context":"https:\/\/schema.org","@graph":[{"@type":"WebPage","@id":"https:\/\/garantie.be\/es\/resenas-garantie-be\/","url":"https:\/\/garantie.be\/es\/resenas-garantie-be\/","name":"Todas las opiniones sobre garantie.be","isPartOf":{"@id":"https:\/\/garantie.be\/es\/#website"},"datePublished":"2025-08-21T08:56:38+00:00","dateModified":"2025-08-23T12:21:38+00:00","description":"Descubre todas las opiniones sobre garantie.be publicadas en Google. Lee cada uno de los comentarios dejados por los usuarios del servicio","breadcrumb":{"@id":"https:\/\/garantie.be\/es\/resenas-garantie-be\/#breadcrumb"},"inLanguage":"es","potentialAction":[{"@type":"ReadAction","target":["https:\/\/garantie.be\/es\/resenas-garantie-be\/"]}]},{"@type":"BreadcrumbList","@id":"https:\/\/garantie.be\/es\/resenas-garantie-be\/#breadcrumb","itemListElement":[{"@type":"ListItem","position":1,"name":"Accueil","item":"https:\/\/garantie.be\/es\/"},{"@type":"ListItem","position":2,"name":"Todas las opiniones sobre garantie.be"}]},{"@type":"WebSite","@id":"https:\/\/garantie.be\/es\/#website","url":"https:\/\/garantie.be\/es\/","name":"Garantie","description":"","publisher":{"@id":"https:\/\/garantie.be\/es\/#organization"},"potentialAction":[{"@type":"SearchAction","target":{"@type":"EntryPoint","urlTemplate":"https:\/\/garantie.be\/es\/?s={search_term_string}"},"query-input":{"@type":"PropertyValueSpecification","valueRequired":true,"valueName":"search_term_string"}}],"inLanguage":"es"},{"@type":"Organization","@id":"https:\/\/garantie.be\/es\/#organization","name":"Garantie.be","url":"https:\/\/garantie.be\/es\/","logo":{"@type":"ImageObject","inLanguage":"es","@id":"https:\/\/garantie.be\/es\/#\/schema\/logo\/image\/","url":"","contentUrl":"","caption":"Garantie.be"},"image":{"@id":"https:\/\/garantie.be\/es\/#\/schema\/logo\/image\/"}}]}},"_links":{"self":[{"href":"https:\/\/garantie.be\/es\/wp-json\/wp\/v2\/pages\/18393","targetHints":{"allow":["GET"]}}],"collection":[{"href":"https:\/\/garantie.be\/es\/wp-json\/wp\/v2\/pages"}],"about":[{"href":"https:\/\/garantie.be\/es\/wp-json\/wp\/v2\/types\/page"}],"author":[{"embeddable":true,"href":"https:\/\/garantie.be\/es\/wp-json\/wp\/v2\/users\/1"}],"replies":[{"embeddable":true,"href":"https:\/\/garantie.be\/es\/wp-json\/wp\/v2\/comments?post=18393"}],"version-history":[{"count":0,"href":"https:\/\/garantie.be\/es\/wp-json\/wp\/v2\/pages\/18393\/revisions"}],"wp:attachment":[{"href":"https:\/\/garantie.be\/es\/wp-json\/wp\/v2\/media?parent=18393"}],"curies":[{"name":"wp","href":"https:\/\/api.w.org\/{rel}","templated":true}]}}