{"id":18825,"date":"2025-10-07T12:41:35","date_gmt":"2025-10-07T10:41:35","guid":{"rendered":"https:\/\/garantie.be\/modelos-cartas-gestion-arrendamientos\/"},"modified":"2025-10-30T21:35:35","modified_gmt":"2025-10-30T20:35:35","slug":"modelos-cartas-gestion-arrendamientos","status":"publish","type":"page","link":"https:\/\/garantie.be\/es\/modelos-cartas-gestion-arrendamientos\/","title":{"rendered":"Modelos de cartas y herramientas pr\u00e1cticas para gestionar tu hogar"},"content":{"rendered":"\t\t<div data-elementor-type=\"wp-page\" data-elementor-id=\"18825\" class=\"elementor elementor-18825 elementor-18764\" data-elementor-post-type=\"page\">\n\t\t\t\t\t\t<section class=\"elementor-section elementor-top-section elementor-element elementor-element-53c6fe9 elementor-section-boxed elementor-section-height-default elementor-section-height-default\" data-id=\"53c6fe9\" data-element_type=\"section\" data-e-type=\"section\">\n\t\t\t\t\t\t<div class=\"elementor-container elementor-column-gap-default\">\n\t\t\t\t\t<div class=\"elementor-column elementor-col-100 elementor-top-column elementor-element elementor-element-151e1754\" data-id=\"151e1754\" data-element_type=\"column\" data-e-type=\"column\">\n\t\t\t<div class=\"elementor-widget-wrap elementor-element-populated\">\n\t\t\t\t\t\t<div class=\"elementor-element elementor-element-4cd4ad78 elementor-widget elementor-widget-spacer\" data-id=\"4cd4ad78\" data-element_type=\"widget\" data-e-type=\"widget\" data-widget_type=\"spacer.default\">\n\t\t\t\t<div class=\"elementor-widget-container\">\n\t\t\t\t\t\t\t<div class=\"elementor-spacer\">\n\t\t\t<div class=\"elementor-spacer-inner\"><\/div>\n\t\t<\/div>\n\t\t\t\t\t\t<\/div>\n\t\t\t\t<\/div>\n\t\t\t\t<div class=\"elementor-element elementor-element-cf06844 elementor-widget elementor-widget-heading\" data-id=\"cf06844\" data-element_type=\"widget\" data-e-type=\"widget\" data-widget_type=\"heading.default\">\n\t\t\t\t<div class=\"elementor-widget-container\">\n\t\t\t\t\t<h1 class=\"elementor-heading-title elementor-size-default\">Modelos pr\u00e1cticos y herramientas<br><b>Alquiler de alojamiento<\/b><\/h1>\t\t\t\t<\/div>\n\t\t\t\t<\/div>\n\t\t\t\t<div class=\"elementor-element elementor-element-817c212 elementor-widget elementor-widget-spacer\" data-id=\"817c212\" data-element_type=\"widget\" data-e-type=\"widget\" data-widget_type=\"spacer.default\">\n\t\t\t\t<div class=\"elementor-widget-container\">\n\t\t\t\t\t\t\t<div class=\"elementor-spacer\">\n\t\t\t<div class=\"elementor-spacer-inner\"><\/div>\n\t\t<\/div>\n\t\t\t\t\t\t<\/div>\n\t\t\t\t<\/div>\n\t\t\t\t<div class=\"elementor-element elementor-element-37b7afe9 elementor-widget elementor-widget-text-editor\" data-id=\"37b7afe9\" data-element_type=\"widget\" data-e-type=\"widget\" data-widget_type=\"text-editor.default\">\n\t\t\t\t<div class=\"elementor-widget-container\">\n\t\t\t\t\t\t\t\t\t<p>Esta p\u00e1gina contiene todos los modelos de documentos para inquilinos: cartas, formularios, contratos y listas de control para descargar. Est\u00e1n disponibles en varios idiomas y se actualizan peri\u00f3dicamente en funci\u00f3n de la legislaci\u00f3n regional belga. <\/p><p><strong>Todas las plantillas son gratuitas<\/strong> y pueden rellenarse en l\u00ednea o imprimirse. Al final de la p\u00e1gina tambi\u00e9n encontrar\u00e1s los mejores art\u00edculos de la <a href=\"https:\/\/garantie.be\/es\/guia-inquilinos-belgica\/\">gu\u00eda 2026 para inquilinos en B\u00e9lgica<\/a>. <\/p>\t\t\t\t\t\t\t\t<\/div>\n\t\t\t\t<\/div>\n\t\t\t\t<div class=\"elementor-element elementor-element-bf14563 elementor-widget elementor-widget-heading\" data-id=\"bf14563\" data-element_type=\"widget\" data-e-type=\"widget\" data-widget_type=\"heading.default\">\n\t\t\t\t<div class=\"elementor-widget-container\">\n\t\t\t\t\t<h2 class=\"elementor-heading-title elementor-size-default\">1. Antes de alquilar una vivienda<\/h2>\t\t\t\t<\/div>\n\t\t\t\t<\/div>\n\t\t\t\t<div class=\"elementor-element elementor-element-6afac25f elementor-widget elementor-widget-text-editor\" data-id=\"6afac25f\" data-element_type=\"widget\" data-e-type=\"widget\" data-widget_type=\"text-editor.default\">\n\t\t\t\t<div class=\"elementor-widget-container\">\n\t\t\t\t\t\t\t\t\t<table><thead><tr><th>Modelo<\/th><th>Descripci\u00f3n<\/th><\/tr><\/thead><tbody><tr><td>\u2b07\ufe0f <a href=\"https:\/\/garantie.be\/es\/modelos-cartas-gestion-arrendamientos\/lista-verificacion-visita-propiedad\/\">lista de comprobaci\u00f3n para visitar tu vivienda de alquiler<\/a><\/td><td>A rellenar durante la visita para comprobar que la vivienda est\u00e1 en buenas condiciones.<\/td><\/tr><tr><td>Carta solicitando documentos antes de firmar<\/td><td>Te permite solicitar al propietario los certificados obligatorios (EPB, electricidad, gas, etc.).<\/td><\/tr><tr><td>Certificado de visita al inmueble<\/td><td>Confirma que se ha visitado el inmueble antes de firmar (\u00fatil para estudiantes o agencias sociales).<\/td><\/tr><tr> <td>&gt; <a href=\"https:\/\/garantie.be\/es\/fianza-alquiler-en-linea\/\">garant\u00eda de alquiler 100% online<\/a><\/td><td>Obt\u00e9n tu <strong>certificado de garant\u00eda en pocas horas<\/strong> y sin inmovilizar dinero<\/td><\/tr><\/tbody><\/table>\t\t\t\t\t\t\t\t<\/div>\n\t\t\t\t<\/div>\n\t\t\t\t\t<\/div>\n\t\t<\/div>\n\t\t\t\t\t<\/div>\n\t\t<\/section>\n\t\t\t\t<section class=\"elementor-section elementor-top-section elementor-element elementor-element-08fd230 elementor-section-boxed elementor-section-height-default elementor-section-height-default\" data-id=\"08fd230\" data-element_type=\"section\" data-e-type=\"section\">\n\t\t\t\t\t\t<div class=\"elementor-container elementor-column-gap-default\">\n\t\t\t\t\t<div class=\"elementor-column elementor-col-100 elementor-top-column elementor-element elementor-element-5c96306\" data-id=\"5c96306\" data-element_type=\"column\" data-e-type=\"column\">\n\t\t\t<div class=\"elementor-widget-wrap elementor-element-populated\">\n\t\t\t\t\t\t<div class=\"elementor-element elementor-element-1c7bc1c elementor-widget elementor-widget-heading\" data-id=\"1c7bc1c\" data-element_type=\"widget\" data-e-type=\"widget\" data-widget_type=\"heading.default\">\n\t\t\t\t<div class=\"elementor-widget-container\">\n\t\t\t\t\t<h2 class=\"elementor-heading-title elementor-size-default\">2. Por la firma del contrato de arrendamiento y las garant\u00edas<\/h2>\t\t\t\t<\/div>\n\t\t\t\t<\/div>\n\t\t\t\t<div class=\"elementor-element elementor-element-0237f7e elementor-widget elementor-widget-text-editor\" data-id=\"0237f7e\" data-element_type=\"widget\" data-e-type=\"widget\" data-widget_type=\"text-editor.default\">\n\t\t\t\t<div class=\"elementor-widget-container\">\n\t\t\t\t\t\t\t\t\t<p> <\/p><table><thead><tr><th>Modelo<\/th><th>Descripci\u00f3n<\/th><\/tr><\/thead><tbody><tr><td><a href=\"https:\/\/garantie.be\/es\/modelos-cartas-gestion-arrendamientos\/model-contrato-arrendamiento-bruselas\/\">\u2b07\ufe0f Contrato de arrendamiento &#8211; Bruselas <\/a><\/td><td>Modelo de contrato conforme al C\u00f3digo de la Vivienda de Bruselas Capital<\/td><\/tr><tr><td>Arrendamiento a corto plazo (\u22643 a\u00f1os)<\/td><td>Modelo espec\u00edfico a corto plazo con cl\u00e1usulas limitadas<\/td><\/tr><tr><td><a href=\"https:\/\/garantie.be\/es\/modelos-cartas-gestion-arrendamientos\/contrato-alquiler-estudiantes\/\">\u2b07\ufe0f Contrato de alquiler para estudiantes<\/a><\/td><td>Para un kot individual \/ compartido o una residencia de estudiantes<\/td><\/tr><tr><td><a href=\"https:\/\/garantie.be\/es\/modelos-cartas-gestion-arrendamientos\/contrato-alquiler-estudiantes\/\">\u2b07\ufe0f Contrato de alquiler compartido<\/a><\/td><td>Especifica las obligaciones de cada compa\u00f1ero de piso<\/td><\/tr><tr><td><a href=\"https:\/\/garantie.be\/es\/modelos-cartas-gestion-arrendamientos\/muestra-gratuita-de-subarrendamiento\/\"><span data-sheets-root=\"1\">\u2b07\ufe0f Contrato de subarrendamiento<\/span><\/a><\/td><td>Contrato de subarrendamiento<\/td><\/tr><tr><td>Certificado de fianza de alquiler<\/td><td>Documento acreditativo de la fianza o garant\u00eda en l\u00ednea.<\/td><\/tr><tr><td>Carta &#8211; Informaci\u00f3n sobre el seguro contra incendios<\/td><td>Confirmaci\u00f3n por escrito de que has contratado un seguro de hogar.<\/td><\/tr><tr><td>Modelo de acuerdo entre propietario e inquilino sobre gastos de comunidad<\/td><td>Lista de gastos recuperables y c\u00f3mo se calculan<\/td><\/tr><tr><td>Formulario de registro de arrendamiento<\/td><td>Resumen de la informaci\u00f3n que debe registrarse (\u00fatil para recordatorios administrativos)<\/td><\/tr><tr> <td>&gt; <a href=\"https:\/\/garantie.be\/es\/fianza-alquiler-en-linea\/\">garant\u00eda de alquiler 100% online<\/a><\/td><td>Obt\u00e9n tu <strong>certificado de garant\u00eda en pocas horas<\/strong> y sin inmovilizar dinero<\/td><\/tr><\/tbody><\/table>\t\t\t\t\t\t\t\t<\/div>\n\t\t\t\t<\/div>\n\t\t\t\t\t<\/div>\n\t\t<\/div>\n\t\t\t\t\t<\/div>\n\t\t<\/section>\n\t\t\t\t<section class=\"elementor-section elementor-top-section elementor-element elementor-element-ff078ce elementor-section-boxed elementor-section-height-default elementor-section-height-default\" data-id=\"ff078ce\" data-element_type=\"section\" data-e-type=\"section\">\n\t\t\t\t\t\t<div class=\"elementor-container elementor-column-gap-default\">\n\t\t\t\t\t<div class=\"elementor-column elementor-col-100 elementor-top-column elementor-element elementor-element-f73377c\" data-id=\"f73377c\" data-element_type=\"column\" data-e-type=\"column\">\n\t\t\t<div class=\"elementor-widget-wrap elementor-element-populated\">\n\t\t\t\t\t\t<div class=\"elementor-element elementor-element-cce4618 elementor-widget elementor-widget-heading\" data-id=\"cce4618\" data-element_type=\"widget\" data-e-type=\"widget\" data-widget_type=\"heading.default\">\n\t\t\t\t<div class=\"elementor-widget-container\">\n\t\t\t\t\t<h2 class=\"elementor-heading-title elementor-size-default\">3. Durante el periodo de alquiler<\/h2>\t\t\t\t<\/div>\n\t\t\t\t<\/div>\n\t\t\t\t<div class=\"elementor-element elementor-element-4d689ce elementor-widget elementor-widget-text-editor\" data-id=\"4d689ce\" data-element_type=\"widget\" data-e-type=\"widget\" data-widget_type=\"text-editor.default\">\n\t\t\t\t<div class=\"elementor-widget-container\">\n\t\t\t\t\t\t\t\t\t<table><thead><tr><th>Modelo<\/th><th>Descripci\u00f3n<\/th><\/tr><\/thead><tbody><tr><td>Carta de solicitud de reparaci\u00f3n\/mantenimiento<\/td><td>Permite al inquilino informar de una aver\u00eda o problema que es responsabilidad del propietario.<\/td><\/tr><tr><td>Carta de notificaci\u00f3n de obras por parte del arrendador<\/td><td>Notificaci\u00f3n de obras al arrendatario (si tambi\u00e9n quieres proponer el modelo de arrendador)<\/td><\/tr><tr><td>Tabla \u00abReparaciones a cargo del inquilino o propietario\u00bb.<\/td><td>Hoja de referencia pr\u00e1ctica (tipo de lista en el Real Decreto de 1981)<\/td><\/tr><tr><td>Carta de impugnaci\u00f3n de un aumento de alquiler<\/td><td>En caso de indexaci\u00f3n incorrecta o de aumento injustificado<\/td><\/tr><tr><td>Carta de impugnaci\u00f3n de los gastos de servicio<\/td><td>Solicitud de prueba de cargos o reembolso<\/td><\/tr><tr><td>Modelo de recibo de alquiler<\/td><td>Recibo oficial de pago del alquiler<\/td><\/tr><tr><td>Modelo de carta de \u00abautorizaci\u00f3n de domiciliaci\u00f3n<\/td><td>Para pedir al casero que autorice la domiciliaci\u00f3n (\u00fatil para estudiantes, expatriados)<\/td><\/tr><tr><td>Solicitud de autorizaci\u00f3n para un animal de compa\u00f1\u00eda<\/td><td>Carta al propietario en caso de cl\u00e1usula ambigua o prohibici\u00f3n<\/td><\/tr><\/tbody><\/table>\t\t\t\t\t\t\t\t<\/div>\n\t\t\t\t<\/div>\n\t\t\t\t\t<\/div>\n\t\t<\/div>\n\t\t\t\t\t<\/div>\n\t\t<\/section>\n\t\t\t\t<section class=\"elementor-section elementor-top-section elementor-element elementor-element-57b7fe9 elementor-section-boxed elementor-section-height-default elementor-section-height-default\" data-id=\"57b7fe9\" data-element_type=\"section\" data-e-type=\"section\">\n\t\t\t\t\t\t<div class=\"elementor-container elementor-column-gap-default\">\n\t\t\t\t\t<div class=\"elementor-column elementor-col-100 elementor-top-column elementor-element elementor-element-5c2202b\" data-id=\"5c2202b\" data-element_type=\"column\" data-e-type=\"column\">\n\t\t\t<div class=\"elementor-widget-wrap elementor-element-populated\">\n\t\t\t\t\t\t<div class=\"elementor-element elementor-element-aa5d554 elementor-widget elementor-widget-heading\" data-id=\"aa5d554\" data-element_type=\"widget\" data-e-type=\"widget\" data-widget_type=\"heading.default\">\n\t\t\t\t<div class=\"elementor-widget-container\">\n\t\t\t\t\t<h2 class=\"elementor-heading-title elementor-size-default\">4. Salir de casa<\/h2>\t\t\t\t<\/div>\n\t\t\t\t<\/div>\n\t\t\t\t<div class=\"elementor-element elementor-element-9c5c66d elementor-widget elementor-widget-text-editor\" data-id=\"9c5c66d\" data-element_type=\"widget\" data-e-type=\"widget\" data-widget_type=\"text-editor.default\">\n\t\t\t\t<div class=\"elementor-widget-container\">\n\t\t\t\t\t\t\t\t\t<table><thead><tr><th>Modelo<\/th><th>Descripci\u00f3n<\/th><\/tr><\/thead><tbody><tr><td>\u2b07\ufe0f <a href=\"https:\/\/garantie.be\/es\/modelos-cartas-gestion-arrendamientos\/carta-rescision-contrato-arrendamiento-a-largo-plazo\/\">Carta de rescisi\u00f3n del contrato de alquiler (9 a\u00f1os de alquiler)<\/a><\/td><td>Modelo est\u00e1ndar con plazo de preaviso legal (3 meses)<\/td><\/tr><tr><td>\u2b07\ufe0f <a href=\"https:\/\/garantie.be\/es\/modelos-cartas-gestion-arrendamientos\/carta-de-rescision-de-contrato-de-arrendamiento-a-corto-plazo\/\">Carta de rescisi\u00f3n del contrato de alquiler a corto plazo<\/a><\/td><td>Plazo de preaviso espec\u00edfico (1 \u00f3 2 meses)<\/td><\/tr><tr><td>Carta de rescisi\u00f3n de contrato de piso compartido<\/td><td>Notificaci\u00f3n entre compa\u00f1eros de piso y casero<\/td><\/tr><tr><td>\u2b07\ufe0f <a href=\"https:\/\/garantie.be\/es\/modelos-cartas-gestion-arrendamientos\/carta-solicitar-devolucion-fianza-alquiler\/\">Carta solicitando la devoluci\u00f3n de una fianza de alquiler<\/a><\/td><td>Carta al banco \/ organizaci\u00f3n \/ casero<\/td><\/tr><tr><td>Formulario de disconformidad con la devoluci\u00f3n de la garant\u00eda<\/td><td>A enviar si no est\u00e1s de acuerdo con el importe retenido<\/td><\/tr><tr><td>\u2b07\ufe0f <a href=\"https:\/\/garantie.be\/es\/modelos-cartas-gestion-arrendamientos\/plantilla-acta-entrega-enseres\/\">Lista de comprobaci\u00f3n para el acta de entrega<\/a><\/td><td>Comprueba el estado de la vivienda a la salida<\/td><\/tr><tr><td>Inventario de instalaciones (en blanco)<\/td><td>Documento para anotar el estado de los locales<\/td><\/tr><tr><td>Carta solicitando una cita de inspecci\u00f3n<\/td><td><span data-sheets-root=\"1\">Citaci\u00f3n oficial (\u00fatil en caso de litigio)<\/span><\/td><\/tr><\/tbody><\/table>\t\t\t\t\t\t\t\t<\/div>\n\t\t\t\t<\/div>\n\t\t\t\t\t<\/div>\n\t\t<\/div>\n\t\t\t\t\t<\/div>\n\t\t<\/section>\n\t\t\t\t<section class=\"elementor-section elementor-top-section elementor-element elementor-element-3eb566f1 elementor-section-content-middle elementor-section-height-min-height elementor-section-items-stretch elementor-section-boxed elementor-section-height-default\" data-id=\"3eb566f1\" data-element_type=\"section\" data-e-type=\"section\">\n\t\t\t\t\t\t<div class=\"elementor-container elementor-column-gap-no\">\n\t\t\t\t\t<div class=\"elementor-column elementor-col-100 elementor-top-column elementor-element elementor-element-1a9ebe5\" data-id=\"1a9ebe5\" data-element_type=\"column\" data-e-type=\"column\" data-settings=\"{&quot;background_background&quot;:&quot;classic&quot;}\">\n\t\t\t<div class=\"elementor-widget-wrap elementor-element-populated\">\n\t\t\t\t\t\t<div class=\"elementor-element elementor-element-cd7173e elementor-widget elementor-widget-text-editor\" data-id=\"cd7173e\" data-element_type=\"widget\" data-e-type=\"widget\" data-widget_type=\"text-editor.default\">\n\t\t\t\t<div class=\"elementor-widget-container\">\n\t\t\t\t\t\t\t\t\t<p>Rellena nuestro formulario para obtener una <a href=\"https:\/\/garantie.be\/es\/fianza-alquiler-en-linea\/\">fianza de alquiler online<\/a> en s\u00f3lo unas horas. No bloqueas ning\u00fan dinero porque funcionamos como una garant\u00eda bancaria<\/p>\t\t\t\t\t\t\t\t<\/div>\n\t\t\t\t<\/div>\n\t\t\t\t<div class=\"elementor-element elementor-element-46d0289f elementor-mobile-align-center elementor-align-center elementor-widget elementor-widget-button\" data-id=\"46d0289f\" data-element_type=\"widget\" data-e-type=\"widget\" data-widget_type=\"button.default\">\n\t\t\t\t<div class=\"elementor-widget-container\">\n\t\t\t\t\t\t\t\t\t<div class=\"elementor-button-wrapper\">\n\t\t\t\t\t<a class=\"elementor-button elementor-button-link elementor-size-sm\" href=\"https:\/\/account.garantie.be\/en\/register\/lease\">\n\t\t\t\t\t\t<span class=\"elementor-button-content-wrapper\">\n\t\t\t\t\t\t\t\t\t<span class=\"elementor-button-text\">formulario de garant\u00eda de alquiler 100% online<\/span>\n\t\t\t\t\t<\/span>\n\t\t\t\t\t<\/a>\n\t\t\t\t<\/div>\n\t\t\t\t\t\t\t\t<\/div>\n\t\t\t\t<\/div>\n\t\t\t\t\t<\/div>\n\t\t<\/div>\n\t\t\t\t\t<\/div>\n\t\t<\/section>\n\t\t\t\t<\/div>\n\t\t","protected":false},"excerpt":{"rendered":"<p>Modelos pr\u00e1cticos y herramientasAlquiler de alojamiento Esta p\u00e1gina contiene todos los modelos de documentos para inquilinos: cartas, formularios, contratos y listas de control para descargar. Est\u00e1n disponibles en varios idiomas y se actualizan peri\u00f3dicamente en funci\u00f3n de la legislaci\u00f3n regional belga. Todas las plantillas son gratuitas y pueden rellenarse en l\u00ednea o imprimirse. Al final [&hellip;]<\/p>\n","protected":false},"author":1,"featured_media":0,"parent":0,"menu_order":0,"comment_status":"closed","ping_status":"closed","template":"","meta":{"footnotes":""},"class_list":["post-18825","page","type-page","status-publish","hentry"],"yoast_head":"<!-- This site is optimized with the Yoast SEO plugin v27.3 - https:\/\/yoast.com\/product\/yoast-seo-wordpress\/ -->\n<title>Modelos de cartas y herramientas pr\u00e1cticas para gestionar tu hogar<\/title>\n<meta name=\"description\" content=\"Consulta y descarga nuestros modelos de cartas para gestionar el arrendamiento de tu vivienda en 2026\" \/>\n<meta name=\"robots\" content=\"index, follow, max-snippet:-1, max-image-preview:large, max-video-preview:-1\" \/>\n<link rel=\"canonical\" href=\"https:\/\/garantie.be\/es\/modelos-cartas-gestion-arrendamientos\/\" \/>\n<meta property=\"og:locale\" content=\"es_ES\" \/>\n<meta property=\"og:type\" content=\"article\" \/>\n<meta property=\"og:title\" content=\"Modelos de cartas y herramientas pr\u00e1cticas para gestionar tu hogar\" \/>\n<meta property=\"og:description\" content=\"Consulta y descarga nuestros modelos de cartas para gestionar el arrendamiento de tu vivienda en 2026\" \/>\n<meta property=\"og:url\" content=\"https:\/\/garantie.be\/es\/modelos-cartas-gestion-arrendamientos\/\" \/>\n<meta property=\"og:site_name\" content=\"Garantie\" \/>\n<meta property=\"article:modified_time\" content=\"2025-10-30T20:35:35+00:00\" \/>\n<meta name=\"twitter:card\" content=\"summary_large_image\" \/>\n<meta name=\"twitter:label1\" content=\"Tiempo de lectura\" \/>\n\t<meta name=\"twitter:data1\" content=\"3 minutos\" \/>\n<script type=\"application\/ld+json\" class=\"yoast-schema-graph\">{\"@context\":\"https:\\\/\\\/schema.org\",\"@graph\":[{\"@type\":\"WebPage\",\"@id\":\"https:\\\/\\\/garantie.be\\\/es\\\/modelos-cartas-gestion-arrendamientos\\\/\",\"url\":\"https:\\\/\\\/garantie.be\\\/es\\\/modelos-cartas-gestion-arrendamientos\\\/\",\"name\":\"Modelos de cartas y herramientas pr\u00e1cticas para gestionar tu hogar\",\"isPartOf\":{\"@id\":\"https:\\\/\\\/garantie.be\\\/es\\\/#website\"},\"datePublished\":\"2025-10-07T10:41:35+00:00\",\"dateModified\":\"2025-10-30T20:35:35+00:00\",\"description\":\"Consulta y descarga nuestros modelos de cartas para gestionar el arrendamiento de tu vivienda en 2026\",\"breadcrumb\":{\"@id\":\"https:\\\/\\\/garantie.be\\\/es\\\/modelos-cartas-gestion-arrendamientos\\\/#breadcrumb\"},\"inLanguage\":\"es\",\"potentialAction\":[{\"@type\":\"ReadAction\",\"target\":[\"https:\\\/\\\/garantie.be\\\/es\\\/modelos-cartas-gestion-arrendamientos\\\/\"]}]},{\"@type\":\"BreadcrumbList\",\"@id\":\"https:\\\/\\\/garantie.be\\\/es\\\/modelos-cartas-gestion-arrendamientos\\\/#breadcrumb\",\"itemListElement\":[{\"@type\":\"ListItem\",\"position\":1,\"name\":\"Accueil\",\"item\":\"https:\\\/\\\/garantie.be\\\/es\\\/\"},{\"@type\":\"ListItem\",\"position\":2,\"name\":\"Modelos de cartas y herramientas pr\u00e1cticas para gestionar tu hogar\"}]},{\"@type\":\"WebSite\",\"@id\":\"https:\\\/\\\/garantie.be\\\/es\\\/#website\",\"url\":\"https:\\\/\\\/garantie.be\\\/es\\\/\",\"name\":\"Garantie\",\"description\":\"\",\"publisher\":{\"@id\":\"https:\\\/\\\/garantie.be\\\/es\\\/#organization\"},\"potentialAction\":[{\"@type\":\"SearchAction\",\"target\":{\"@type\":\"EntryPoint\",\"urlTemplate\":\"https:\\\/\\\/garantie.be\\\/es\\\/?s={search_term_string}\"},\"query-input\":{\"@type\":\"PropertyValueSpecification\",\"valueRequired\":true,\"valueName\":\"search_term_string\"}}],\"inLanguage\":\"es\"},{\"@type\":\"Organization\",\"@id\":\"https:\\\/\\\/garantie.be\\\/es\\\/#organization\",\"name\":\"Garantie.be\",\"url\":\"https:\\\/\\\/garantie.be\\\/es\\\/\",\"logo\":{\"@type\":\"ImageObject\",\"inLanguage\":\"es\",\"@id\":\"https:\\\/\\\/garantie.be\\\/es\\\/#\\\/schema\\\/logo\\\/image\\\/\",\"url\":\"\",\"contentUrl\":\"\",\"caption\":\"Garantie.be\"},\"image\":{\"@id\":\"https:\\\/\\\/garantie.be\\\/es\\\/#\\\/schema\\\/logo\\\/image\\\/\"}}]}<\/script>\n<!-- \/ Yoast SEO plugin. -->","yoast_head_json":{"title":"Modelos de cartas y herramientas pr\u00e1cticas para gestionar tu hogar","description":"Consulta y descarga nuestros modelos de cartas para gestionar el arrendamiento de tu vivienda en 2026","robots":{"index":"index","follow":"follow","max-snippet":"max-snippet:-1","max-image-preview":"max-image-preview:large","max-video-preview":"max-video-preview:-1"},"canonical":"https:\/\/garantie.be\/es\/modelos-cartas-gestion-arrendamientos\/","og_locale":"es_ES","og_type":"article","og_title":"Modelos de cartas y herramientas pr\u00e1cticas para gestionar tu hogar","og_description":"Consulta y descarga nuestros modelos de cartas para gestionar el arrendamiento de tu vivienda en 2026","og_url":"https:\/\/garantie.be\/es\/modelos-cartas-gestion-arrendamientos\/","og_site_name":"Garantie","article_modified_time":"2025-10-30T20:35:35+00:00","twitter_card":"summary_large_image","twitter_misc":{"Tiempo de lectura":"3 minutos"},"schema":{"@context":"https:\/\/schema.org","@graph":[{"@type":"WebPage","@id":"https:\/\/garantie.be\/es\/modelos-cartas-gestion-arrendamientos\/","url":"https:\/\/garantie.be\/es\/modelos-cartas-gestion-arrendamientos\/","name":"Modelos de cartas y herramientas pr\u00e1cticas para gestionar tu hogar","isPartOf":{"@id":"https:\/\/garantie.be\/es\/#website"},"datePublished":"2025-10-07T10:41:35+00:00","dateModified":"2025-10-30T20:35:35+00:00","description":"Consulta y descarga nuestros modelos de cartas para gestionar el arrendamiento de tu vivienda en 2026","breadcrumb":{"@id":"https:\/\/garantie.be\/es\/modelos-cartas-gestion-arrendamientos\/#breadcrumb"},"inLanguage":"es","potentialAction":[{"@type":"ReadAction","target":["https:\/\/garantie.be\/es\/modelos-cartas-gestion-arrendamientos\/"]}]},{"@type":"BreadcrumbList","@id":"https:\/\/garantie.be\/es\/modelos-cartas-gestion-arrendamientos\/#breadcrumb","itemListElement":[{"@type":"ListItem","position":1,"name":"Accueil","item":"https:\/\/garantie.be\/es\/"},{"@type":"ListItem","position":2,"name":"Modelos de cartas y herramientas pr\u00e1cticas para gestionar tu hogar"}]},{"@type":"WebSite","@id":"https:\/\/garantie.be\/es\/#website","url":"https:\/\/garantie.be\/es\/","name":"Garantie","description":"","publisher":{"@id":"https:\/\/garantie.be\/es\/#organization"},"potentialAction":[{"@type":"SearchAction","target":{"@type":"EntryPoint","urlTemplate":"https:\/\/garantie.be\/es\/?s={search_term_string}"},"query-input":{"@type":"PropertyValueSpecification","valueRequired":true,"valueName":"search_term_string"}}],"inLanguage":"es"},{"@type":"Organization","@id":"https:\/\/garantie.be\/es\/#organization","name":"Garantie.be","url":"https:\/\/garantie.be\/es\/","logo":{"@type":"ImageObject","inLanguage":"es","@id":"https:\/\/garantie.be\/es\/#\/schema\/logo\/image\/","url":"","contentUrl":"","caption":"Garantie.be"},"image":{"@id":"https:\/\/garantie.be\/es\/#\/schema\/logo\/image\/"}}]}},"_links":{"self":[{"href":"https:\/\/garantie.be\/es\/wp-json\/wp\/v2\/pages\/18825","targetHints":{"allow":["GET"]}}],"collection":[{"href":"https:\/\/garantie.be\/es\/wp-json\/wp\/v2\/pages"}],"about":[{"href":"https:\/\/garantie.be\/es\/wp-json\/wp\/v2\/types\/page"}],"author":[{"embeddable":true,"href":"https:\/\/garantie.be\/es\/wp-json\/wp\/v2\/users\/1"}],"replies":[{"embeddable":true,"href":"https:\/\/garantie.be\/es\/wp-json\/wp\/v2\/comments?post=18825"}],"version-history":[{"count":0,"href":"https:\/\/garantie.be\/es\/wp-json\/wp\/v2\/pages\/18825\/revisions"}],"wp:attachment":[{"href":"https:\/\/garantie.be\/es\/wp-json\/wp\/v2\/media?parent=18825"}],"curies":[{"name":"wp","href":"https:\/\/api.w.org\/{rel}","templated":true}]}}