{"id":18831,"date":"2025-10-07T12:50:20","date_gmt":"2025-10-07T10:50:20","guid":{"rendered":"https:\/\/garantie.be\/modelos-cartas-gestion-arrendamientos\/carta-solicitar-devolucion-fianza-alquiler\/"},"modified":"2025-10-14T17:49:42","modified_gmt":"2025-10-14T15:49:42","slug":"carta-solicitar-devolucion-fianza-alquiler","status":"publish","type":"page","link":"https:\/\/garantie.be\/es\/modelos-cartas-gestion-arrendamientos\/carta-solicitar-devolucion-fianza-alquiler\/","title":{"rendered":"Carta solicitando la devoluci\u00f3n de la fianza de alquiler"},"content":{"rendered":"\t\t<div data-elementor-type=\"wp-page\" data-elementor-id=\"18831\" class=\"elementor elementor-18831 elementor-18768\" data-elementor-post-type=\"page\">\n\t\t\t\t\t\t<section class=\"elementor-section elementor-top-section elementor-element elementor-element-2f0593a2 elementor-section-boxed elementor-section-height-default elementor-section-height-default\" data-id=\"2f0593a2\" data-element_type=\"section\" data-e-type=\"section\">\n\t\t\t\t\t\t<div class=\"elementor-container elementor-column-gap-default\">\n\t\t\t\t\t<div class=\"elementor-column elementor-col-100 elementor-top-column elementor-element elementor-element-3162ecbe\" data-id=\"3162ecbe\" data-element_type=\"column\" data-e-type=\"column\">\n\t\t\t<div class=\"elementor-widget-wrap elementor-element-populated\">\n\t\t\t\t\t\t<div class=\"elementor-element elementor-element-153d2d78 elementor-widget elementor-widget-spacer\" data-id=\"153d2d78\" data-element_type=\"widget\" data-e-type=\"widget\" data-widget_type=\"spacer.default\">\n\t\t\t\t<div class=\"elementor-widget-container\">\n\t\t\t\t\t\t\t<div class=\"elementor-spacer\">\n\t\t\t<div class=\"elementor-spacer-inner\"><\/div>\n\t\t<\/div>\n\t\t\t\t\t\t<\/div>\n\t\t\t\t<\/div>\n\t\t\t\t<div class=\"elementor-element elementor-element-170b0df4 elementor-widget elementor-widget-heading\" data-id=\"170b0df4\" data-element_type=\"widget\" data-e-type=\"widget\" data-widget_type=\"heading.default\">\n\t\t\t\t<div class=\"elementor-widget-container\">\n\t\t\t\t\t<h1 class=\"elementor-heading-title elementor-size-default\">Modelo de carta<br><b>Solicitud de devoluci\u00f3n de la fianza de alquiler<\/b><\/h1>\t\t\t\t<\/div>\n\t\t\t\t<\/div>\n\t\t\t\t<div class=\"elementor-element elementor-element-535503dd elementor-widget elementor-widget-spacer\" data-id=\"535503dd\" data-element_type=\"widget\" data-e-type=\"widget\" data-widget_type=\"spacer.default\">\n\t\t\t\t<div class=\"elementor-widget-container\">\n\t\t\t\t\t\t\t<div class=\"elementor-spacer\">\n\t\t\t<div class=\"elementor-spacer-inner\"><\/div>\n\t\t<\/div>\n\t\t\t\t\t\t<\/div>\n\t\t\t\t<\/div>\n\t\t\t\t<div class=\"elementor-element elementor-element-5d2e0631 elementor-widget elementor-widget-text-editor\" data-id=\"5d2e0631\" data-element_type=\"widget\" data-e-type=\"widget\" data-widget_type=\"text-editor.default\">\n\t\t\t\t<div class=\"elementor-widget-container\">\n\t\t\t\t\t\t\t\t\t<p>Ahora que se ha completado el inventario de enseres y se ha devuelto la vivienda en buen estado, puedes reclamar la devoluci\u00f3n de tu <span style=\"text-decoration: underline;\">\n  <a href=\"https:\/\/garantie.be\/es\/fianza-de-alquiler\/\">fianza de alquiler<\/a>\n<\/span>.<\/p>\n<p>Aqu\u00ed tienes un modelo de carta para hacer una solicitud clara y formal a tu casero, agencia o banco, seg\u00fan el tipo de garant\u00eda. Este modelo es v\u00e1lido en las tres regiones belgas<g id=\"gid_0\">(Bruselas<\/g>, <g id=\"gid_1\">Flandes<\/g> y <g id=\"gid_2\">Valonia<\/g>). Puede enviarse por correo certificado o por correo electr\u00f3nico con acuse de recibo.  <\/p>\t\t\t\t\t\t\t\t<\/div>\n\t\t\t\t<\/div>\n\t\t\t\t<div class=\"elementor-element elementor-element-47e8b516 elementor-widget elementor-widget-text-editor\" data-id=\"47e8b516\" data-element_type=\"widget\" data-e-type=\"widget\" data-widget_type=\"text-editor.default\">\n\t\t\t\t<div class=\"elementor-widget-container\">\n\t\t\t\t\t\t\t\t\t<ul>\n<li><strong>Cu\u00e1ndo utilizarlo<\/strong>: En cuanto se devuelve el alojamiento y se firma el inventario de salida.<\/li>\n<li><strong>Tipo de documento<\/strong>: Carta oficial de solicitud (Word \/ PDF)<\/li>\n<li><strong>Destinatario<\/strong>: Propietario, agencia u organismo de garant\u00eda<\/li>\n<li><strong>Aplicable<\/strong> a : Bruselas &#8211; Flandes &#8211; Valonia<\/li>\n<li><strong>Documentos a adjuntar<\/strong>: Copia del <a href=\"https:\/\/garantie.be\/es\/contrato-alquiler\/\">contrato de alquiler<\/a>, <a href=\"https:\/\/garantie.be\/es\/inventario-salida-estado-inmueble\/\">acta de entrega<\/a>, justificante de la <a href=\"https:\/\/garantie.be\/es\/deposito-garantia\/\">fianza<\/a><\/li>\n<\/ul>\t\t\t\t\t\t\t\t<\/div>\n\t\t\t\t<\/div>\n\t\t\t\t<div class=\"elementor-element elementor-element-53450b0 elementor-widget elementor-widget-spacer\" data-id=\"53450b0\" data-element_type=\"widget\" data-e-type=\"widget\" data-widget_type=\"spacer.default\">\n\t\t\t\t<div class=\"elementor-widget-container\">\n\t\t\t\t\t\t\t<div class=\"elementor-spacer\">\n\t\t\t<div class=\"elementor-spacer-inner\"><\/div>\n\t\t<\/div>\n\t\t\t\t\t\t<\/div>\n\t\t\t\t<\/div>\n\t\t\t\t<div class=\"elementor-element elementor-element-1f14dd23 elementor-widget elementor-widget-text-editor\" data-id=\"1f14dd23\" data-element_type=\"widget\" data-e-type=\"widget\" data-widget_type=\"text-editor.default\">\n\t\t\t\t<div class=\"elementor-widget-container\">\n\t\t\t\t\t\t\t\t\t<p>Puedes copiar el texto que aparece a continuaci\u00f3n y personalizarlo con tu propia informaci\u00f3n. Tambi\u00e9n puedes <strong>descargar gratuitamente las versiones listas para rellenar<\/strong> en formato Word o PDF disponibles m\u00e1s abajo en la p\u00e1gina \u2b07\ufe0f. <\/p>\t\t\t\t\t\t\t\t<\/div>\n\t\t\t\t<\/div>\n\t\t\t\t<div class=\"elementor-element elementor-element-732532cf elementor-widget elementor-widget-text-editor\" data-id=\"732532cf\" data-element_type=\"widget\" data-e-type=\"widget\" data-widget_type=\"text-editor.default\">\n\t\t\t\t<div class=\"elementor-widget-container\">\n\t\t\t\t\t\t\t\t\t<section class=\"modele-lettre\">\n  <div class=\"zone-lettre\">\n    <p>\n      <span class=\"champ\">[Nombre completo del arrendatario]<\/span><br> <span class=\"champ\">[Direcci\u00f3n completa]<\/span><br> <span class=\"champ\">[C\u00f3digo postal, localidad]<\/span><br> Tel\u00e9fono: &#8230;&#8230;&#8230;&#8230;&#8230;&#8230;&#8230;&#8230;&#8230;&#8230;&#8230;&#8230;&#8230;&#8230;&#8230;.<br> Correo electr\u00f3nico: &#8230;&#8230;&#8230;&#8230;&#8230;&#8230;&#8230;&#8230;&#8230;&#8230;&#8230;&#8230;&#8230;&#8230;&#8230;&#8230;&#8230;\n    <\/p>\n\n    <p style=\"text-align:right;\">\n      <span class=\"champ\">Apellidos y nombre del arrendador] [Direcci\u00f3n<\/span><br>      <span class=\"champ\">[Direcci\u00f3n del arrendador]<\/span><br>      <span class=\"champ\">[C\u00f3digo postal, localidad]<\/span><br>    <\/p>\n\n    <p style=\"text-align:right;\">&#8230;&#8230;&#8230;&#8230;&#8230;&#8230;&#8230;&#8230;&#8230;&#8230;.., &#8230;&#8230;\/&#8230;&#8230;\/&#8230;&#8230;&#8230;.<\/p>\n\n    <p><strong>Asunto:<\/strong> Solicitud de devoluci\u00f3n de la fianza de alquiler<\/p>\n\n    <p><strong>Estimado\/a Se\u00f1or\/a<\/strong><\/p>\n\n    <p>\n  Tras la finalizaci\u00f3n del contrato de alquiler del inmueble sito en \n <span class=\"champ\">\n  [adresse compl\u00e8te du bien lou\u00e9]\n<\/span>\n, cuyo inventario de enseres se realiz\u00f3 en &#8230;&#8230;\/&#8230;&#8230;\/&#8230;&#8230;, \n me dirijo a ti para solicitar la devoluci\u00f3n de la <strong>fianza de alquiler<\/strong> \n.\n    <\/p>\n\n    <p>\n  De conformidad con las disposiciones legales, y en ausencia de da\u00f1os y perjuicios, \n te ruego que reembolses el importe \u00edntegro de la garant\u00eda, \n, es decir, <span class=\"champ\">[importe en euros]<\/span>, en la siguiente cuenta:\n    <\/p>\n\n    <p>\n  IBAN: <span class=\"champ\">[n\u00famero de cuenta]<\/span><br> BIC: <span class=\"champ\">[c\u00f3digo BIC, si procede].<\/span>\n    <\/p>\n\n    <p>\n  Quedo a tu disposici\u00f3n para cualquier informaci\u00f3n adicional y te agradezco tu colaboraci\u00f3n durante el periodo de alquiler \n.\n    <\/p>\n\n    <p>\n  Atentamente\n    <\/p>\n\n    <p style=\"text-align:right;\"><em>[Firma]<\/em><\/p>\n  <\/div>\n<\/section>\n\n<style>\n  .modele-lettre {\n    background:#fafafa;\n    padding:20px;\n    border-radius:8px;\n    font-family:\"Segoe UI\", Roboto, sans-serif;\n    line-height:1.6;\n  }\n  .modele-lettre .champ {\n    background-color:#f1f1f1;\n    padding:2px 6px;\n    border-radius:3px;\n  }\n  .zone-lettre {\n    background:#fff;\n    padding:20px;\n    border:1px solid #ddd;\n    border-radius:6px;\n    margin:20px 0;\n  }\n<\/style>\n\t\t\t\t\t\t\t\t<\/div>\n\t\t\t\t<\/div>\n\t\t\t\t<div class=\"elementor-element elementor-element-43d3e50 elementor-widget elementor-widget-heading\" data-id=\"43d3e50\" data-element_type=\"widget\" data-e-type=\"widget\" data-widget_type=\"heading.default\">\n\t\t\t\t<div class=\"elementor-widget-container\">\n\t\t\t\t\t<h3 class=\"elementor-heading-title elementor-size-default\">Descargas en formato Word o PDF<\/h3>\t\t\t\t<\/div>\n\t\t\t\t<\/div>\n\t\t\t\t<div class=\"elementor-element elementor-element-8dd5ba6 elementor-widget elementor-widget-text-editor\" data-id=\"8dd5ba6\" data-element_type=\"widget\" data-e-type=\"widget\" data-widget_type=\"text-editor.default\">\n\t\t\t\t<div class=\"elementor-widget-container\">\n\t\t\t\t\t\t\t\t\t<p>\u2b07\ufe0f Descarga la <a href=\"https:\/\/garantie.be\/wp-content\/uploads\/2025\/10\/Modele-lettre-de-restitution-de-la-garantie-locative.docx\">carta de devoluci\u00f3n de la fianza de alquiler en formato Word<\/a> (.docx)<\/p><p>\u2b07\ufe0f Descarga la <a href=\"https:\/\/garantie.be\/wp-content\/uploads\/2025\/10\/Modele-lettre-de-restitution-de-la-garantie-locative.pdf\">carta de devoluci\u00f3n de la fianza de alquiler en formato PDF<\/a> (.pdf)<\/p>\t\t\t\t\t\t\t\t<\/div>\n\t\t\t\t<\/div>\n\t\t\t\t<div class=\"elementor-element elementor-element-b9f08f1 elementor-widget elementor-widget-heading\" data-id=\"b9f08f1\" data-element_type=\"widget\" data-e-type=\"widget\" data-widget_type=\"heading.default\">\n\t\t\t\t<div class=\"elementor-widget-container\">\n\t\t\t\t\t<h2 class=\"elementor-heading-title elementor-size-default\">Consejos para utilizar este modelo<\/h2>\t\t\t\t<\/div>\n\t\t\t\t<\/div>\n\t\t\t\t<div class=\"elementor-element elementor-element-18017e9 elementor-widget elementor-widget-text-editor\" data-id=\"18017e9\" data-element_type=\"widget\" data-e-type=\"widget\" data-widget_type=\"text-editor.default\">\n\t\t\t\t<div class=\"elementor-widget-container\">\n\t\t\t\t\t\t\t\t\t<ul>\n<li>Env\u00eda tu carta por <strong>correo certificado con acuse de recibo<\/strong> si no recibes una respuesta r\u00e1pida.<\/li>\n<li>Adjunta siempre <strong>a la salida<\/strong> una <strong>copia del contrato de alquiler y el inventario de enseres firmado<\/strong>.<\/li>\n<li>Especifica tu <strong>IBAN<\/strong> para facilitar la transferencia.<\/li>\n<li>Si la garant\u00eda est\u00e1 bloqueada en el banco, tambi\u00e9n puedes <strong>enviar esta carta a la organizaci\u00f3n depositaria<\/strong> (banco, Garantie.be, etc.).<\/li>\n<li>En caso de desacuerdo, ponte en contacto con el Juez de Paz de la regi\u00f3n donde se encuentre la propiedad.<\/li>\n<\/ul>\n<p> <\/p>\n<p><strong>\n  <em>Conviene saber<\/em>\n<\/strong> El propietario tiene 30 d\u00edas para <span style=\"text-decoration: underline;\">\n  <a href=\"https:\/\/garantie.be\/es\/liberacion-garantia-alquiler-formulario-online\/\">liberar la fianza de alquiler<\/a>\n<\/span> una vez devuelta la vivienda. Transcurrido este plazo, el inquilino puede solicitar la liberaci\u00f3n de la fianza directamente al banco o a trav\u00e9s del Juzgado de Paz. <\/p>\t\t\t\t\t\t\t\t<\/div>\n\t\t\t\t<\/div>\n\t\t\t\t\t<\/div>\n\t\t<\/div>\n\t\t\t\t\t<\/div>\n\t\t<\/section>\n\t\t\t\t<section class=\"elementor-section elementor-top-section elementor-element elementor-element-323971d8 elementor-section-content-middle elementor-section-height-min-height elementor-section-items-stretch elementor-section-boxed elementor-section-height-default\" data-id=\"323971d8\" data-element_type=\"section\" data-e-type=\"section\">\n\t\t\t\t\t\t<div class=\"elementor-container elementor-column-gap-no\">\n\t\t\t\t\t<div class=\"elementor-column elementor-col-100 elementor-top-column elementor-element elementor-element-4d271a2\" data-id=\"4d271a2\" data-element_type=\"column\" data-e-type=\"column\" data-settings=\"{&quot;background_background&quot;:&quot;classic&quot;}\">\n\t\t\t<div class=\"elementor-widget-wrap elementor-element-populated\">\n\t\t\t\t\t\t<div class=\"elementor-element elementor-element-1cf184c0 elementor-widget elementor-widget-text-editor\" data-id=\"1cf184c0\" data-element_type=\"widget\" data-e-type=\"widget\" data-widget_type=\"text-editor.default\">\n\t\t\t\t<div class=\"elementor-widget-container\">\n\t\t\t\t\t\t\t\t\t<p>Rellena nuestro formulario para obtener una <a href=\"https:\/\/garantie.be\/es\/fianza-alquiler-en-linea\/\">fianza de alquiler online<\/a> en s\u00f3lo unas horas. No se inmoviliza ning\u00fan dinero, ya que funcionamos como un aval bancario. <\/p>\t\t\t\t\t\t\t\t<\/div>\n\t\t\t\t<\/div>\n\t\t\t\t<div class=\"elementor-element elementor-element-4f02e2ee elementor-mobile-align-center elementor-align-center elementor-widget elementor-widget-button\" data-id=\"4f02e2ee\" data-element_type=\"widget\" data-e-type=\"widget\" data-widget_type=\"button.default\">\n\t\t\t\t<div class=\"elementor-widget-container\">\n\t\t\t\t\t\t\t\t\t<div class=\"elementor-button-wrapper\">\n\t\t\t\t\t<a class=\"elementor-button elementor-button-link elementor-size-sm\" href=\"https:\/\/account.garantie.be\/en\/register\/lease\">\n\t\t\t\t\t\t<span class=\"elementor-button-content-wrapper\">\n\t\t\t\t\t\t\t\t\t<span class=\"elementor-button-text\">formulario de garant\u00eda de alquiler 100% online<\/span>\n\t\t\t\t\t<\/span>\n\t\t\t\t\t<\/a>\n\t\t\t\t<\/div>\n\t\t\t\t\t\t\t\t<\/div>\n\t\t\t\t<\/div>\n\t\t\t\t\t<\/div>\n\t\t<\/div>\n\t\t\t\t\t<\/div>\n\t\t<\/section>\n\t\t\t\t<section class=\"elementor-section elementor-top-section elementor-element elementor-element-2ec4e7c elementor-section-boxed elementor-section-height-default elementor-section-height-default\" data-id=\"2ec4e7c\" data-element_type=\"section\" data-e-type=\"section\">\n\t\t\t\t\t\t<div class=\"elementor-container elementor-column-gap-default\">\n\t\t\t\t\t<div class=\"elementor-column elementor-col-100 elementor-top-column elementor-element elementor-element-600c7f7\" data-id=\"600c7f7\" data-element_type=\"column\" data-e-type=\"column\">\n\t\t\t<div class=\"elementor-widget-wrap elementor-element-populated\">\n\t\t\t\t\t\t<div class=\"elementor-element elementor-element-5416f7dd elementor-widget elementor-widget-spacer\" data-id=\"5416f7dd\" data-element_type=\"widget\" data-e-type=\"widget\" data-widget_type=\"spacer.default\">\n\t\t\t\t<div class=\"elementor-widget-container\">\n\t\t\t\t\t\t\t<div class=\"elementor-spacer\">\n\t\t\t<div class=\"elementor-spacer-inner\"><\/div>\n\t\t<\/div>\n\t\t\t\t\t\t<\/div>\n\t\t\t\t<\/div>\n\t\t\t\t<div class=\"elementor-element elementor-element-660ab787 elementor-widget elementor-widget-heading\" data-id=\"660ab787\" data-element_type=\"widget\" data-e-type=\"widget\" data-widget_type=\"heading.default\">\n\t\t\t\t<div class=\"elementor-widget-container\">\n\t\t\t\t\t<h2 class=\"elementor-heading-title elementor-size-default\">Otras plantillas de cartas \u00fatiles<\/h2>\t\t\t\t<\/div>\n\t\t\t\t<\/div>\n\t\t\t\t<div class=\"elementor-element elementor-element-83766f8 elementor-widget elementor-widget-text-editor\" data-id=\"83766f8\" data-element_type=\"widget\" data-e-type=\"widget\" data-widget_type=\"text-editor.default\">\n\t\t\t\t<div class=\"elementor-widget-container\">\n\t\t\t\t\t\t\t\t\t<ul><li><a href=\"https:\/\/garantie.be\/es\/modelos-cartas-gestion-arrendamientos\/carta-rescision-contrato-arrendamiento-a-largo-plazo\/\">carta de rescisi\u00f3n del contrato de arrendamiento de 9 a\u00f1os<\/a><\/li><li><a href=\"https:\/\/garantie.be\/es\/modelos-cartas-gestion-arrendamientos\/carta-de-rescision-de-contrato-de-arrendamiento-a-corto-plazo\/\">Carta de rescisi\u00f3n de un contrato de arrendamiento de corta duraci\u00f3n<\/a><\/li><li>Lista de comprobaci\u00f3n para el acta de entrega<\/li><li>Inventario de accesorios (en blanco)<\/li><\/ul>\t\t\t\t\t\t\t\t<\/div>\n\t\t\t\t<\/div>\n\t\t\t\t\t<\/div>\n\t\t<\/div>\n\t\t\t\t\t<\/div>\n\t\t<\/section>\n\t\t\t\t<\/div>\n\t\t","protected":false},"excerpt":{"rendered":"<p>Modelo de cartaSolicitud de devoluci\u00f3n de la fianza de alquiler Ahora que se ha completado el inventario de enseres y se ha devuelto la vivienda en buen estado, puedes reclamar la devoluci\u00f3n de tu fianza de alquiler . Aqu\u00ed tienes un modelo de carta para hacer una solicitud clara y formal a tu casero, agencia [&hellip;]<\/p>\n","protected":false},"author":1,"featured_media":0,"parent":18825,"menu_order":0,"comment_status":"closed","ping_status":"closed","template":"","meta":{"footnotes":""},"class_list":["post-18831","page","type-page","status-publish","hentry"],"yoast_head":"<!-- This site is optimized with the Yoast SEO plugin v27.3 - https:\/\/yoast.com\/product\/yoast-seo-wordpress\/ -->\n<title>Carta solicitando la devoluci\u00f3n de la fianza de alquiler<\/title>\n<meta name=\"description\" content=\"Ver, copiar o descargar nuestro modelo de carta personalizada solicitando la devoluci\u00f3n de la fianza de alquiler\" \/>\n<meta name=\"robots\" content=\"index, follow, max-snippet:-1, max-image-preview:large, max-video-preview:-1\" \/>\n<link rel=\"canonical\" href=\"https:\/\/garantie.be\/es\/modelos-cartas-gestion-arrendamientos\/carta-solicitar-devolucion-fianza-alquiler\/\" \/>\n<meta property=\"og:locale\" content=\"es_ES\" \/>\n<meta property=\"og:type\" content=\"article\" \/>\n<meta property=\"og:title\" content=\"Carta solicitando la devoluci\u00f3n de la fianza de alquiler\" \/>\n<meta property=\"og:description\" content=\"Ver, copiar o descargar nuestro modelo de carta personalizada solicitando la devoluci\u00f3n de la fianza de alquiler\" \/>\n<meta property=\"og:url\" content=\"https:\/\/garantie.be\/es\/modelos-cartas-gestion-arrendamientos\/carta-solicitar-devolucion-fianza-alquiler\/\" \/>\n<meta property=\"og:site_name\" content=\"Garantie\" \/>\n<meta property=\"article:modified_time\" content=\"2025-10-14T15:49:42+00:00\" \/>\n<meta name=\"twitter:card\" content=\"summary_large_image\" \/>\n<meta name=\"twitter:label1\" content=\"Tiempo de lectura\" \/>\n\t<meta name=\"twitter:data1\" content=\"3 minutos\" \/>\n<script type=\"application\/ld+json\" class=\"yoast-schema-graph\">{\"@context\":\"https:\\\/\\\/schema.org\",\"@graph\":[{\"@type\":\"WebPage\",\"@id\":\"https:\\\/\\\/garantie.be\\\/es\\\/modelos-cartas-gestion-arrendamientos\\\/carta-solicitar-devolucion-fianza-alquiler\\\/\",\"url\":\"https:\\\/\\\/garantie.be\\\/es\\\/modelos-cartas-gestion-arrendamientos\\\/carta-solicitar-devolucion-fianza-alquiler\\\/\",\"name\":\"Carta solicitando la devoluci\u00f3n de la fianza de alquiler\",\"isPartOf\":{\"@id\":\"https:\\\/\\\/garantie.be\\\/es\\\/#website\"},\"datePublished\":\"2025-10-07T10:50:20+00:00\",\"dateModified\":\"2025-10-14T15:49:42+00:00\",\"description\":\"Ver, copiar o descargar nuestro modelo de carta personalizada solicitando la devoluci\u00f3n de la fianza de alquiler\",\"breadcrumb\":{\"@id\":\"https:\\\/\\\/garantie.be\\\/es\\\/modelos-cartas-gestion-arrendamientos\\\/carta-solicitar-devolucion-fianza-alquiler\\\/#breadcrumb\"},\"inLanguage\":\"es\",\"potentialAction\":[{\"@type\":\"ReadAction\",\"target\":[\"https:\\\/\\\/garantie.be\\\/es\\\/modelos-cartas-gestion-arrendamientos\\\/carta-solicitar-devolucion-fianza-alquiler\\\/\"]}]},{\"@type\":\"BreadcrumbList\",\"@id\":\"https:\\\/\\\/garantie.be\\\/es\\\/modelos-cartas-gestion-arrendamientos\\\/carta-solicitar-devolucion-fianza-alquiler\\\/#breadcrumb\",\"itemListElement\":[{\"@type\":\"ListItem\",\"position\":1,\"name\":\"Accueil\",\"item\":\"https:\\\/\\\/garantie.be\\\/es\\\/\"},{\"@type\":\"ListItem\",\"position\":2,\"name\":\"Modelos de cartas y herramientas pr\u00e1cticas para gestionar tu hogar\",\"item\":\"https:\\\/\\\/garantie.be\\\/es\\\/modelos-cartas-gestion-arrendamientos\\\/\"},{\"@type\":\"ListItem\",\"position\":3,\"name\":\"Carta solicitando la devoluci\u00f3n de la fianza de alquiler\"}]},{\"@type\":\"WebSite\",\"@id\":\"https:\\\/\\\/garantie.be\\\/es\\\/#website\",\"url\":\"https:\\\/\\\/garantie.be\\\/es\\\/\",\"name\":\"Garantie\",\"description\":\"\",\"publisher\":{\"@id\":\"https:\\\/\\\/garantie.be\\\/es\\\/#organization\"},\"potentialAction\":[{\"@type\":\"SearchAction\",\"target\":{\"@type\":\"EntryPoint\",\"urlTemplate\":\"https:\\\/\\\/garantie.be\\\/es\\\/?s={search_term_string}\"},\"query-input\":{\"@type\":\"PropertyValueSpecification\",\"valueRequired\":true,\"valueName\":\"search_term_string\"}}],\"inLanguage\":\"es\"},{\"@type\":\"Organization\",\"@id\":\"https:\\\/\\\/garantie.be\\\/es\\\/#organization\",\"name\":\"Garantie.be\",\"url\":\"https:\\\/\\\/garantie.be\\\/es\\\/\",\"logo\":{\"@type\":\"ImageObject\",\"inLanguage\":\"es\",\"@id\":\"https:\\\/\\\/garantie.be\\\/es\\\/#\\\/schema\\\/logo\\\/image\\\/\",\"url\":\"\",\"contentUrl\":\"\",\"caption\":\"Garantie.be\"},\"image\":{\"@id\":\"https:\\\/\\\/garantie.be\\\/es\\\/#\\\/schema\\\/logo\\\/image\\\/\"}}]}<\/script>\n<!-- \/ Yoast SEO plugin. -->","yoast_head_json":{"title":"Carta solicitando la devoluci\u00f3n de la fianza de alquiler","description":"Ver, copiar o descargar nuestro modelo de carta personalizada solicitando la devoluci\u00f3n de la fianza de alquiler","robots":{"index":"index","follow":"follow","max-snippet":"max-snippet:-1","max-image-preview":"max-image-preview:large","max-video-preview":"max-video-preview:-1"},"canonical":"https:\/\/garantie.be\/es\/modelos-cartas-gestion-arrendamientos\/carta-solicitar-devolucion-fianza-alquiler\/","og_locale":"es_ES","og_type":"article","og_title":"Carta solicitando la devoluci\u00f3n de la fianza de alquiler","og_description":"Ver, copiar o descargar nuestro modelo de carta personalizada solicitando la devoluci\u00f3n de la fianza de alquiler","og_url":"https:\/\/garantie.be\/es\/modelos-cartas-gestion-arrendamientos\/carta-solicitar-devolucion-fianza-alquiler\/","og_site_name":"Garantie","article_modified_time":"2025-10-14T15:49:42+00:00","twitter_card":"summary_large_image","twitter_misc":{"Tiempo de lectura":"3 minutos"},"schema":{"@context":"https:\/\/schema.org","@graph":[{"@type":"WebPage","@id":"https:\/\/garantie.be\/es\/modelos-cartas-gestion-arrendamientos\/carta-solicitar-devolucion-fianza-alquiler\/","url":"https:\/\/garantie.be\/es\/modelos-cartas-gestion-arrendamientos\/carta-solicitar-devolucion-fianza-alquiler\/","name":"Carta solicitando la devoluci\u00f3n de la fianza de alquiler","isPartOf":{"@id":"https:\/\/garantie.be\/es\/#website"},"datePublished":"2025-10-07T10:50:20+00:00","dateModified":"2025-10-14T15:49:42+00:00","description":"Ver, copiar o descargar nuestro modelo de carta personalizada solicitando la devoluci\u00f3n de la fianza de alquiler","breadcrumb":{"@id":"https:\/\/garantie.be\/es\/modelos-cartas-gestion-arrendamientos\/carta-solicitar-devolucion-fianza-alquiler\/#breadcrumb"},"inLanguage":"es","potentialAction":[{"@type":"ReadAction","target":["https:\/\/garantie.be\/es\/modelos-cartas-gestion-arrendamientos\/carta-solicitar-devolucion-fianza-alquiler\/"]}]},{"@type":"BreadcrumbList","@id":"https:\/\/garantie.be\/es\/modelos-cartas-gestion-arrendamientos\/carta-solicitar-devolucion-fianza-alquiler\/#breadcrumb","itemListElement":[{"@type":"ListItem","position":1,"name":"Accueil","item":"https:\/\/garantie.be\/es\/"},{"@type":"ListItem","position":2,"name":"Modelos de cartas y herramientas pr\u00e1cticas para gestionar tu hogar","item":"https:\/\/garantie.be\/es\/modelos-cartas-gestion-arrendamientos\/"},{"@type":"ListItem","position":3,"name":"Carta solicitando la devoluci\u00f3n de la fianza de alquiler"}]},{"@type":"WebSite","@id":"https:\/\/garantie.be\/es\/#website","url":"https:\/\/garantie.be\/es\/","name":"Garantie","description":"","publisher":{"@id":"https:\/\/garantie.be\/es\/#organization"},"potentialAction":[{"@type":"SearchAction","target":{"@type":"EntryPoint","urlTemplate":"https:\/\/garantie.be\/es\/?s={search_term_string}"},"query-input":{"@type":"PropertyValueSpecification","valueRequired":true,"valueName":"search_term_string"}}],"inLanguage":"es"},{"@type":"Organization","@id":"https:\/\/garantie.be\/es\/#organization","name":"Garantie.be","url":"https:\/\/garantie.be\/es\/","logo":{"@type":"ImageObject","inLanguage":"es","@id":"https:\/\/garantie.be\/es\/#\/schema\/logo\/image\/","url":"","contentUrl":"","caption":"Garantie.be"},"image":{"@id":"https:\/\/garantie.be\/es\/#\/schema\/logo\/image\/"}}]}},"_links":{"self":[{"href":"https:\/\/garantie.be\/es\/wp-json\/wp\/v2\/pages\/18831","targetHints":{"allow":["GET"]}}],"collection":[{"href":"https:\/\/garantie.be\/es\/wp-json\/wp\/v2\/pages"}],"about":[{"href":"https:\/\/garantie.be\/es\/wp-json\/wp\/v2\/types\/page"}],"author":[{"embeddable":true,"href":"https:\/\/garantie.be\/es\/wp-json\/wp\/v2\/users\/1"}],"replies":[{"embeddable":true,"href":"https:\/\/garantie.be\/es\/wp-json\/wp\/v2\/comments?post=18831"}],"version-history":[{"count":0,"href":"https:\/\/garantie.be\/es\/wp-json\/wp\/v2\/pages\/18831\/revisions"}],"up":[{"embeddable":true,"href":"https:\/\/garantie.be\/es\/wp-json\/wp\/v2\/pages\/18825"}],"wp:attachment":[{"href":"https:\/\/garantie.be\/es\/wp-json\/wp\/v2\/media?parent=18831"}],"curies":[{"name":"wp","href":"https:\/\/api.w.org\/{rel}","templated":true}]}}