{"id":19080,"date":"2025-10-09T10:00:07","date_gmt":"2025-10-09T08:00:07","guid":{"rendered":"https:\/\/garantie.be\/modelos-cartas-gestion-arrendamientos\/carta-rescision-contrato-arrendamiento-a-largo-plazo\/"},"modified":"2026-01-19T09:18:50","modified_gmt":"2026-01-19T08:18:50","slug":"carta-rescision-contrato-arrendamiento-a-largo-plazo","status":"publish","type":"page","link":"https:\/\/garantie.be\/es\/modelos-cartas-gestion-arrendamientos\/carta-rescision-contrato-arrendamiento-a-largo-plazo\/","title":{"rendered":"Carta gratuita de renuncia al arrendamiento a largo plazo"},"content":{"rendered":"\t\t<div data-elementor-type=\"wp-page\" data-elementor-id=\"19080\" class=\"elementor elementor-19080 elementor-18996\" data-elementor-post-type=\"page\">\n\t\t\t\t\t\t<section class=\"elementor-section elementor-top-section elementor-element elementor-element-187d6841 elementor-section-boxed elementor-section-height-default elementor-section-height-default\" data-id=\"187d6841\" data-element_type=\"section\" data-e-type=\"section\">\n\t\t\t\t\t\t<div class=\"elementor-container elementor-column-gap-default\">\n\t\t\t\t\t<div class=\"elementor-column elementor-col-100 elementor-top-column elementor-element elementor-element-2f761286\" data-id=\"2f761286\" data-element_type=\"column\" data-e-type=\"column\">\n\t\t\t<div class=\"elementor-widget-wrap elementor-element-populated\">\n\t\t\t\t\t\t<div class=\"elementor-element elementor-element-5d1803bd elementor-widget elementor-widget-spacer\" data-id=\"5d1803bd\" data-element_type=\"widget\" data-e-type=\"widget\" data-widget_type=\"spacer.default\">\n\t\t\t\t<div class=\"elementor-widget-container\">\n\t\t\t\t\t\t\t<div class=\"elementor-spacer\">\n\t\t\t<div class=\"elementor-spacer-inner\"><\/div>\n\t\t<\/div>\n\t\t\t\t\t\t<\/div>\n\t\t\t\t<\/div>\n\t\t\t\t<div class=\"elementor-element elementor-element-65d2c61e elementor-widget elementor-widget-heading\" data-id=\"65d2c61e\" data-element_type=\"widget\" data-e-type=\"widget\" data-widget_type=\"heading.default\">\n\t\t\t\t<div class=\"elementor-widget-container\">\n\t\t\t\t\t<h1 class=\"elementor-heading-title elementor-size-default\">Carta de rescisi\u00f3n<br> para arrendamientos a largo plazo<\/h1>\t\t\t\t<\/div>\n\t\t\t\t<\/div>\n\t\t\t\t<div class=\"elementor-element elementor-element-111c7b40 elementor-widget elementor-widget-spacer\" data-id=\"111c7b40\" data-element_type=\"widget\" data-e-type=\"widget\" data-widget_type=\"spacer.default\">\n\t\t\t\t<div class=\"elementor-widget-container\">\n\t\t\t\t\t\t\t<div class=\"elementor-spacer\">\n\t\t\t<div class=\"elementor-spacer-inner\"><\/div>\n\t\t<\/div>\n\t\t\t\t\t\t<\/div>\n\t\t\t\t<\/div>\n\t\t\t\t<div class=\"elementor-element elementor-element-46da8f32 elementor-widget elementor-widget-heading\" data-id=\"46da8f32\" data-element_type=\"widget\" data-e-type=\"widget\" data-widget_type=\"heading.default\">\n\t\t\t\t<div class=\"elementor-widget-container\">\n\t\t\t\t\t<h2 class=\"elementor-heading-title elementor-size-default\">\u00bfCu\u00e1ndo debo utilizar esta carta de renuncia?<\/h2>\t\t\t\t<\/div>\n\t\t\t\t<\/div>\n\t\t\t\t<div class=\"elementor-element elementor-element-2c727c9c elementor-widget elementor-widget-text-editor\" data-id=\"2c727c9c\" data-element_type=\"widget\" data-e-type=\"widget\" data-widget_type=\"text-editor.default\">\n\t\t\t\t<div class=\"elementor-widget-container\">\n\t\t\t\t\t\t\t\t\t<p>Esta carta-tipo permite al inquilino rescindir un contrato de arrendamiento de 9 a\u00f1os de una vivienda principal. El <span style=\"font-size: 1rem;\">inquilino puede <strong>rescindir el contrato en cualquier momento<\/strong>, siempre que <\/span>lo notifique con 3 meses de antelaci\u00f3n. Esta carta es <strong>v\u00e1lida para Bruselas, Flandes y Valonia<\/strong>. Debe enviarse por correo certificado o entregarse contra acuse de recibo.<\/p>\t\t\t\t\t\t\t\t<\/div>\n\t\t\t\t<\/div>\n\t\t\t\t<div class=\"elementor-element elementor-element-65000af1 elementor-widget elementor-widget-text-editor\" data-id=\"65000af1\" data-element_type=\"widget\" data-e-type=\"widget\" data-widget_type=\"text-editor.default\">\n\t\t\t\t<div class=\"elementor-widget-container\">\n\t\t\t\t\t\t\t\t\t<p>Puedes copiar el texto que aparece a continuaci\u00f3n y personalizarlo con tu propia informaci\u00f3n. Tambi\u00e9n puedes <strong>descargar versiones gratuitas listas para rellenar<\/strong> en formato Word o PDF, que est\u00e1n disponibles m\u00e1s abajo en la p\u00e1gina. <\/p>\t\t\t\t\t\t\t\t<\/div>\n\t\t\t\t<\/div>\n\t\t\t\t<div class=\"elementor-element elementor-element-20156244 elementor-widget elementor-widget-text-editor\" data-id=\"20156244\" data-element_type=\"widget\" data-e-type=\"widget\" data-widget_type=\"text-editor.default\">\n\t\t\t\t<div class=\"elementor-widget-container\">\n\t\t\t\t\t\t\t\t\t<section class=\"modele-lettre\">\n  <div class=\"zone-lettre\">\n    <p><span class=\"champ\">[Nombre completo del arrendatario]<\/span><br> <span class=\"champ\">[Direcci\u00f3n completa]<\/span><br> <span class=\"champ\">[C\u00f3digo postal, localidad]<\/span><br> Tel\u00e9fono: &#8230;&#8230;&#8230;&#8230;&#8230;&#8230;&#8230;&#8230;&#8230;&#8230;&#8230;&#8230;&#8230;&#8230;&#8230;.<br> Correo electr\u00f3nico: &#8230;&#8230;&#8230;&#8230;&#8230;&#8230;&#8230;&#8230;&#8230;&#8230;&#8230;&#8230;&#8230;&#8230;&#8230;&#8230;&#8230;<\/p>\n\n    <p style=\"text-align:right;\">\n      <span class=\"champ\">Apellidos y nombre del arrendador] [Direcci\u00f3n<\/span><br>      <span class=\"champ\">[Direcci\u00f3n del arrendador]<\/span><br>      <span class=\"champ\">[C\u00f3digo postal, localidad]<\/span><br>    <\/p>\n\n    <p style=\"text-align:right;\">&#8230;&#8230;&#8230;&#8230;&#8230;&#8230;&#8230;&#8230;&#8230;&#8230;.., &#8230;&#8230;\/&#8230;&#8230;\/&#8230;&#8230;&#8230;.<\/p>\n\n    <p><strong>Carta certificada con acuse de recibo<\/strong><\/p>\n\n    <p><strong>Asunto:<\/strong> Rescisi\u00f3n del contrato de arrendamiento de 9 a\u00f1os &#8211; notificaci\u00f3n de fin de contrato<\/p>\n\n    <p><strong>Estimado\/a Se\u00f1or\/a<\/strong><\/p>\n\n    <p>\n  Me refiero a nuestro contrato de arrendamiento de la propiedad situada en \n. <span class=\"champ\">[adresse compl\u00e8te du bien lou\u00e9]<\/span>\n firmado en &#8230;&#8230;\/&#8230;&#8230;\/&#8230;&#8230; .\n    <\/p>\n\n    <p>\n  De conformidad con las disposiciones legales aplicables a los contratos de arrendamiento de vivienda habitual de 9 a\u00f1os,\n te informo de mi decisi\u00f3n de <strong>rescindir el contrato de arrendamiento.<\/strong>\n El plazo <strong>de<\/strong> preaviso <strong>de tres meses<\/strong> comenzar\u00e1 el primer d\u00eda del mes siguiente a \n la recepci\u00f3n de esta carta.\n    <\/p>\n\n    <p>\n  Por lo tanto, dejar\u00e9 la vivienda a m\u00e1s tardar en \n. <span class=\"champ\">[date de d\u00e9part pr\u00e9vue]<\/span>\n despu\u00e9s de completar el inventario de las instalaciones y devolver las llaves.\n    <\/p>\n\n    <p>\n  Atentamente\n    <\/p>\n\n    <p style=\"text-align:right;\"><em>[Firma]<\/em><\/p>\n  <\/div>\n<\/section>\n\n<style>\n  .modele-lettre {\n    background:#fafafa;\n    padding:20px;\n    border-radius:8px;\n    font-family:\"Segoe UI\", Roboto, sans-serif;\n    line-height:1.6;\n  }\n  .modele-lettre h2 {\n    color:#333;\n    margin-bottom:10px;\n  }\n  .modele-lettre .champ {\n    background-color:#f1f1f1;\n    padding:2px 6px;\n    border-radius:3px;\n  }\n  .zone-lettre {\n    background:#fff;\n    padding:20px;\n    border:1px solid #ddd;\n    border-radius:6px;\n    margin:20px 0;\n  }\n<\/style>\n\t\t\t\t\t\t\t\t<\/div>\n\t\t\t\t<\/div>\n\t\t\t\t<div class=\"elementor-element elementor-element-1db869d3 elementor-widget elementor-widget-heading\" data-id=\"1db869d3\" data-element_type=\"widget\" data-e-type=\"widget\" data-widget_type=\"heading.default\">\n\t\t\t\t<div class=\"elementor-widget-container\">\n\t\t\t\t\t<h3 class=\"elementor-heading-title elementor-size-default\">Descargas en formato Word o PDF<\/h3>\t\t\t\t<\/div>\n\t\t\t\t<\/div>\n\t\t\t\t<div class=\"elementor-element elementor-element-1bae1100 elementor-widget elementor-widget-text-editor\" data-id=\"1bae1100\" data-element_type=\"widget\" data-e-type=\"widget\" data-widget_type=\"text-editor.default\">\n\t\t\t\t<div class=\"elementor-widget-container\">\n\t\t\t\t\t\t\t\t\t<p>\u2b07\ufe0f Descargar la <a href=\"https:\/\/garantie.be\/wp-content\/uploads\/2025\/10\/Lettre-Resiliation-de-bail-9-ans.docx\">carta de rescisi\u00f3n del contrato de arrendamiento a largo plazo en formato Word<\/a> (.docx)<\/p><p>\u2b07\ufe0f Descarga la <a href=\"https:\/\/garantie.be\/wp-content\/uploads\/2025\/10\/Lettre-Resiliation-de-bail-9-ans.pdf\">carta de rescisi\u00f3n del contrato de arrendamiento a largo plazo en formato PDF<\/a> (.pdf)<\/p>\t\t\t\t\t\t\t\t<\/div>\n\t\t\t\t<\/div>\n\t\t\t\t<div class=\"elementor-element elementor-element-5325b934 elementor-widget elementor-widget-heading\" data-id=\"5325b934\" data-element_type=\"widget\" data-e-type=\"widget\" data-widget_type=\"heading.default\">\n\t\t\t\t<div class=\"elementor-widget-container\">\n\t\t\t\t\t<h2 class=\"elementor-heading-title elementor-size-default\">Consejos para utilizar este modelo<\/h2>\t\t\t\t<\/div>\n\t\t\t\t<\/div>\n\t\t\t\t<div class=\"elementor-element elementor-element-52807b0a elementor-widget elementor-widget-text-editor\" data-id=\"52807b0a\" data-element_type=\"widget\" data-e-type=\"widget\" data-widget_type=\"text-editor.default\">\n\t\t\t\t<div class=\"elementor-widget-container\">\n\t\t\t\t\t\t\t\t\t<ul><li><strong>Env\u00eda<\/strong> la carta de renuncia al contrato de alquiler por correo certificado con acuse de recibo: el plazo de preaviso comienza el d\u00eda 1 del mes siguiente al de la recepci\u00f3n. Por ejemplo, si env\u00edas la carta el 15 de febrero, el plazo de preaviso va del 1\u1d49\u02b3 de marzo al 31 de mayo. Tendr\u00e1s que abandonar el alojamiento el 31 de mayo a m\u00e1s tardar.  <\/li><li><strong>Indemnizaci\u00f3n<\/strong>: si te vas dentro de los 3 primeros a\u00f1os, menciona en tu carta de dimisi\u00f3n que pagar\u00e1s la indemnizaci\u00f3n debida.<\/li><li><strong>Inventario de enseres<\/strong>: progr\u00e1malo como muy tarde al final del plazo de preaviso, antes de la entrega de llaves.<\/li><li><strong>Prueba<\/strong>: conserva el recibo postal o el acuse de recibo como prueba en caso de litigio.<\/li><\/ul>\t\t\t\t\t\t\t\t<\/div>\n\t\t\t\t<\/div>\n\t\t\t\t\t<\/div>\n\t\t<\/div>\n\t\t\t\t\t<\/div>\n\t\t<\/section>\n\t\t\t\t<section class=\"elementor-section elementor-top-section elementor-element elementor-element-674559bc elementor-section-content-middle elementor-section-height-min-height elementor-section-items-stretch elementor-section-boxed elementor-section-height-default\" data-id=\"674559bc\" data-element_type=\"section\" data-e-type=\"section\">\n\t\t\t\t\t\t<div class=\"elementor-container elementor-column-gap-no\">\n\t\t\t\t\t<div class=\"elementor-column elementor-col-100 elementor-top-column elementor-element elementor-element-12175fc7\" data-id=\"12175fc7\" data-element_type=\"column\" data-e-type=\"column\" data-settings=\"{&quot;background_background&quot;:&quot;classic&quot;}\">\n\t\t\t<div class=\"elementor-widget-wrap elementor-element-populated\">\n\t\t\t\t\t\t<div class=\"elementor-element elementor-element-254097cc elementor-widget elementor-widget-text-editor\" data-id=\"254097cc\" data-element_type=\"widget\" data-e-type=\"widget\" data-widget_type=\"text-editor.default\">\n\t\t\t\t<div class=\"elementor-widget-container\">\n\t\t\t\t\t\t\t\t\t<p>Rellena nuestro formulario para obtener una <a href=\"https:\/\/garantie.be\/es\/fianza-alquiler-en-linea\/\">fianza de alquiler online<\/a> en s\u00f3lo unas horas. No bloqueas ning\u00fan dinero porque funcionamos como una garant\u00eda bancaria<\/p>\t\t\t\t\t\t\t\t<\/div>\n\t\t\t\t<\/div>\n\t\t\t\t<div class=\"elementor-element elementor-element-2390c3ba elementor-mobile-align-center elementor-align-center elementor-widget elementor-widget-button\" data-id=\"2390c3ba\" data-element_type=\"widget\" data-e-type=\"widget\" data-widget_type=\"button.default\">\n\t\t\t\t<div class=\"elementor-widget-container\">\n\t\t\t\t\t\t\t\t\t<div class=\"elementor-button-wrapper\">\n\t\t\t\t\t<a class=\"elementor-button elementor-button-link elementor-size-sm\" href=\"https:\/\/account.garantie.be\/en\/register\/lease\">\n\t\t\t\t\t\t<span class=\"elementor-button-content-wrapper\">\n\t\t\t\t\t\t\t\t\t<span class=\"elementor-button-text\">formulario de garant\u00eda de alquiler 100% online<\/span>\n\t\t\t\t\t<\/span>\n\t\t\t\t\t<\/a>\n\t\t\t\t<\/div>\n\t\t\t\t\t\t\t\t<\/div>\n\t\t\t\t<\/div>\n\t\t\t\t\t<\/div>\n\t\t<\/div>\n\t\t\t\t\t<\/div>\n\t\t<\/section>\n\t\t\t\t<section class=\"elementor-section elementor-top-section elementor-element elementor-element-2e1ae340 elementor-section-boxed elementor-section-height-default elementor-section-height-default\" data-id=\"2e1ae340\" data-element_type=\"section\" data-e-type=\"section\">\n\t\t\t\t\t\t<div class=\"elementor-container elementor-column-gap-default\">\n\t\t\t\t\t<div class=\"elementor-column elementor-col-100 elementor-top-column elementor-element elementor-element-3a062558\" data-id=\"3a062558\" data-element_type=\"column\" data-e-type=\"column\">\n\t\t\t<div class=\"elementor-widget-wrap elementor-element-populated\">\n\t\t\t\t\t\t<div class=\"elementor-element elementor-element-65f0f774 elementor-widget elementor-widget-spacer\" data-id=\"65f0f774\" data-element_type=\"widget\" data-e-type=\"widget\" data-widget_type=\"spacer.default\">\n\t\t\t\t<div class=\"elementor-widget-container\">\n\t\t\t\t\t\t\t<div class=\"elementor-spacer\">\n\t\t\t<div class=\"elementor-spacer-inner\"><\/div>\n\t\t<\/div>\n\t\t\t\t\t\t<\/div>\n\t\t\t\t<\/div>\n\t\t\t\t<div class=\"elementor-element elementor-element-4bb73719 elementor-widget elementor-widget-heading\" data-id=\"4bb73719\" data-element_type=\"widget\" data-e-type=\"widget\" data-widget_type=\"heading.default\">\n\t\t\t\t<div class=\"elementor-widget-container\">\n\t\t\t\t\t<h2 class=\"elementor-heading-title elementor-size-default\">Otras plantillas de cartas \u00fatiles<\/h2>\t\t\t\t<\/div>\n\t\t\t\t<\/div>\n\t\t\t\t<div class=\"elementor-element elementor-element-1576e747 elementor-widget elementor-widget-text-editor\" data-id=\"1576e747\" data-element_type=\"widget\" data-e-type=\"widget\" data-widget_type=\"text-editor.default\">\n\t\t\t\t<div class=\"elementor-widget-container\">\n\t\t\t\t\t\t\t\t\t<ul><li><a href=\"https:\/\/garantie.be\/es\/modelos-cartas-gestion-arrendamientos\/carta-de-rescision-de-contrato-de-arrendamiento-a-corto-plazo\/\">Carta de rescisi\u00f3n de arrendamiento a corto plazo<\/a><\/li><li><a href=\"https:\/\/garantie.be\/es\/modelos-cartas-gestion-arrendamientos\/carta-solicitar-devolucion-fianza-alquiler\/\">Carta solicitando la devoluci\u00f3n de una fianza de alquiler<\/a><\/li><li><a href=\"https:\/\/garantie.be\/es\/modelos-cartas-gestion-arrendamientos\/plantilla-acta-entrega-enseres\/\">Lista de comprobaci\u00f3n para el acta de entrega<\/a><\/li><\/ul>\t\t\t\t\t\t\t\t<\/div>\n\t\t\t\t<\/div>\n\t\t\t\t\t<\/div>\n\t\t<\/div>\n\t\t\t\t\t<\/div>\n\t\t<\/section>\n\t\t\t\t<\/div>\n\t\t","protected":false},"excerpt":{"rendered":"<p>Carta de rescisi\u00f3n para arrendamientos a largo plazo \u00bfCu\u00e1ndo debo utilizar esta carta de renuncia? Esta carta-tipo permite al inquilino rescindir un contrato de arrendamiento de 9 a\u00f1os de una vivienda principal. El inquilino puede rescindir el contrato en cualquier momento, siempre que lo notifique con 3 meses de antelaci\u00f3n. Esta carta es v\u00e1lida para [&hellip;]<\/p>\n","protected":false},"author":1,"featured_media":0,"parent":18825,"menu_order":0,"comment_status":"closed","ping_status":"closed","template":"","meta":{"footnotes":""},"class_list":["post-19080","page","type-page","status-publish","hentry"],"yoast_head":"<!-- This site is optimized with the Yoast SEO plugin v27.3 - https:\/\/yoast.com\/product\/yoast-seo-wordpress\/ -->\n<title>Carta gratuita de renuncia al arrendamiento a largo plazo<\/title>\n<meta name=\"description\" content=\"Modelo gratuito de carta de renuncia a un arrendamiento de 9 a\u00f1os disponible en formato texto, Word y PDF para descargar\" \/>\n<meta name=\"robots\" content=\"index, follow, max-snippet:-1, max-image-preview:large, max-video-preview:-1\" \/>\n<link rel=\"canonical\" href=\"https:\/\/garantie.be\/es\/modelos-cartas-gestion-arrendamientos\/carta-rescision-contrato-arrendamiento-a-largo-plazo\/\" \/>\n<meta property=\"og:locale\" content=\"es_ES\" \/>\n<meta property=\"og:type\" content=\"article\" \/>\n<meta property=\"og:title\" content=\"Carta gratuita de renuncia al arrendamiento a largo plazo\" \/>\n<meta property=\"og:description\" content=\"Modelo gratuito de carta de renuncia a un arrendamiento de 9 a\u00f1os disponible en formato texto, Word y PDF para descargar\" \/>\n<meta property=\"og:url\" content=\"https:\/\/garantie.be\/es\/modelos-cartas-gestion-arrendamientos\/carta-rescision-contrato-arrendamiento-a-largo-plazo\/\" \/>\n<meta property=\"og:site_name\" content=\"Garantie\" \/>\n<meta property=\"article:modified_time\" content=\"2026-01-19T08:18:50+00:00\" \/>\n<meta name=\"twitter:card\" content=\"summary_large_image\" \/>\n<meta name=\"twitter:label1\" content=\"Tiempo de lectura\" \/>\n\t<meta name=\"twitter:data1\" content=\"3 minutos\" \/>\n<script type=\"application\/ld+json\" class=\"yoast-schema-graph\">{\"@context\":\"https:\\\/\\\/schema.org\",\"@graph\":[{\"@type\":\"WebPage\",\"@id\":\"https:\\\/\\\/garantie.be\\\/es\\\/modelos-cartas-gestion-arrendamientos\\\/carta-rescision-contrato-arrendamiento-a-largo-plazo\\\/\",\"url\":\"https:\\\/\\\/garantie.be\\\/es\\\/modelos-cartas-gestion-arrendamientos\\\/carta-rescision-contrato-arrendamiento-a-largo-plazo\\\/\",\"name\":\"Carta gratuita de renuncia al arrendamiento a largo plazo\",\"isPartOf\":{\"@id\":\"https:\\\/\\\/garantie.be\\\/es\\\/#website\"},\"datePublished\":\"2025-10-09T08:00:07+00:00\",\"dateModified\":\"2026-01-19T08:18:50+00:00\",\"description\":\"Modelo gratuito de carta de renuncia a un arrendamiento de 9 a\u00f1os disponible en formato texto, Word y PDF para descargar\",\"breadcrumb\":{\"@id\":\"https:\\\/\\\/garantie.be\\\/es\\\/modelos-cartas-gestion-arrendamientos\\\/carta-rescision-contrato-arrendamiento-a-largo-plazo\\\/#breadcrumb\"},\"inLanguage\":\"es\",\"potentialAction\":[{\"@type\":\"ReadAction\",\"target\":[\"https:\\\/\\\/garantie.be\\\/es\\\/modelos-cartas-gestion-arrendamientos\\\/carta-rescision-contrato-arrendamiento-a-largo-plazo\\\/\"]}]},{\"@type\":\"BreadcrumbList\",\"@id\":\"https:\\\/\\\/garantie.be\\\/es\\\/modelos-cartas-gestion-arrendamientos\\\/carta-rescision-contrato-arrendamiento-a-largo-plazo\\\/#breadcrumb\",\"itemListElement\":[{\"@type\":\"ListItem\",\"position\":1,\"name\":\"Accueil\",\"item\":\"https:\\\/\\\/garantie.be\\\/es\\\/\"},{\"@type\":\"ListItem\",\"position\":2,\"name\":\"Modelos de cartas y herramientas pr\u00e1cticas para gestionar tu hogar\",\"item\":\"https:\\\/\\\/garantie.be\\\/es\\\/modelos-cartas-gestion-arrendamientos\\\/\"},{\"@type\":\"ListItem\",\"position\":3,\"name\":\"Carta gratuita de renuncia al arrendamiento a largo plazo\"}]},{\"@type\":\"WebSite\",\"@id\":\"https:\\\/\\\/garantie.be\\\/es\\\/#website\",\"url\":\"https:\\\/\\\/garantie.be\\\/es\\\/\",\"name\":\"Garantie\",\"description\":\"\",\"publisher\":{\"@id\":\"https:\\\/\\\/garantie.be\\\/es\\\/#organization\"},\"potentialAction\":[{\"@type\":\"SearchAction\",\"target\":{\"@type\":\"EntryPoint\",\"urlTemplate\":\"https:\\\/\\\/garantie.be\\\/es\\\/?s={search_term_string}\"},\"query-input\":{\"@type\":\"PropertyValueSpecification\",\"valueRequired\":true,\"valueName\":\"search_term_string\"}}],\"inLanguage\":\"es\"},{\"@type\":\"Organization\",\"@id\":\"https:\\\/\\\/garantie.be\\\/es\\\/#organization\",\"name\":\"Garantie.be\",\"url\":\"https:\\\/\\\/garantie.be\\\/es\\\/\",\"logo\":{\"@type\":\"ImageObject\",\"inLanguage\":\"es\",\"@id\":\"https:\\\/\\\/garantie.be\\\/es\\\/#\\\/schema\\\/logo\\\/image\\\/\",\"url\":\"\",\"contentUrl\":\"\",\"caption\":\"Garantie.be\"},\"image\":{\"@id\":\"https:\\\/\\\/garantie.be\\\/es\\\/#\\\/schema\\\/logo\\\/image\\\/\"}}]}<\/script>\n<!-- \/ Yoast SEO plugin. -->","yoast_head_json":{"title":"Carta gratuita de renuncia al arrendamiento a largo plazo","description":"Modelo gratuito de carta de renuncia a un arrendamiento de 9 a\u00f1os disponible en formato texto, Word y PDF para descargar","robots":{"index":"index","follow":"follow","max-snippet":"max-snippet:-1","max-image-preview":"max-image-preview:large","max-video-preview":"max-video-preview:-1"},"canonical":"https:\/\/garantie.be\/es\/modelos-cartas-gestion-arrendamientos\/carta-rescision-contrato-arrendamiento-a-largo-plazo\/","og_locale":"es_ES","og_type":"article","og_title":"Carta gratuita de renuncia al arrendamiento a largo plazo","og_description":"Modelo gratuito de carta de renuncia a un arrendamiento de 9 a\u00f1os disponible en formato texto, Word y PDF para descargar","og_url":"https:\/\/garantie.be\/es\/modelos-cartas-gestion-arrendamientos\/carta-rescision-contrato-arrendamiento-a-largo-plazo\/","og_site_name":"Garantie","article_modified_time":"2026-01-19T08:18:50+00:00","twitter_card":"summary_large_image","twitter_misc":{"Tiempo de lectura":"3 minutos"},"schema":{"@context":"https:\/\/schema.org","@graph":[{"@type":"WebPage","@id":"https:\/\/garantie.be\/es\/modelos-cartas-gestion-arrendamientos\/carta-rescision-contrato-arrendamiento-a-largo-plazo\/","url":"https:\/\/garantie.be\/es\/modelos-cartas-gestion-arrendamientos\/carta-rescision-contrato-arrendamiento-a-largo-plazo\/","name":"Carta gratuita de renuncia al arrendamiento a largo plazo","isPartOf":{"@id":"https:\/\/garantie.be\/es\/#website"},"datePublished":"2025-10-09T08:00:07+00:00","dateModified":"2026-01-19T08:18:50+00:00","description":"Modelo gratuito de carta de renuncia a un arrendamiento de 9 a\u00f1os disponible en formato texto, Word y PDF para descargar","breadcrumb":{"@id":"https:\/\/garantie.be\/es\/modelos-cartas-gestion-arrendamientos\/carta-rescision-contrato-arrendamiento-a-largo-plazo\/#breadcrumb"},"inLanguage":"es","potentialAction":[{"@type":"ReadAction","target":["https:\/\/garantie.be\/es\/modelos-cartas-gestion-arrendamientos\/carta-rescision-contrato-arrendamiento-a-largo-plazo\/"]}]},{"@type":"BreadcrumbList","@id":"https:\/\/garantie.be\/es\/modelos-cartas-gestion-arrendamientos\/carta-rescision-contrato-arrendamiento-a-largo-plazo\/#breadcrumb","itemListElement":[{"@type":"ListItem","position":1,"name":"Accueil","item":"https:\/\/garantie.be\/es\/"},{"@type":"ListItem","position":2,"name":"Modelos de cartas y herramientas pr\u00e1cticas para gestionar tu hogar","item":"https:\/\/garantie.be\/es\/modelos-cartas-gestion-arrendamientos\/"},{"@type":"ListItem","position":3,"name":"Carta gratuita de renuncia al arrendamiento a largo plazo"}]},{"@type":"WebSite","@id":"https:\/\/garantie.be\/es\/#website","url":"https:\/\/garantie.be\/es\/","name":"Garantie","description":"","publisher":{"@id":"https:\/\/garantie.be\/es\/#organization"},"potentialAction":[{"@type":"SearchAction","target":{"@type":"EntryPoint","urlTemplate":"https:\/\/garantie.be\/es\/?s={search_term_string}"},"query-input":{"@type":"PropertyValueSpecification","valueRequired":true,"valueName":"search_term_string"}}],"inLanguage":"es"},{"@type":"Organization","@id":"https:\/\/garantie.be\/es\/#organization","name":"Garantie.be","url":"https:\/\/garantie.be\/es\/","logo":{"@type":"ImageObject","inLanguage":"es","@id":"https:\/\/garantie.be\/es\/#\/schema\/logo\/image\/","url":"","contentUrl":"","caption":"Garantie.be"},"image":{"@id":"https:\/\/garantie.be\/es\/#\/schema\/logo\/image\/"}}]}},"_links":{"self":[{"href":"https:\/\/garantie.be\/es\/wp-json\/wp\/v2\/pages\/19080","targetHints":{"allow":["GET"]}}],"collection":[{"href":"https:\/\/garantie.be\/es\/wp-json\/wp\/v2\/pages"}],"about":[{"href":"https:\/\/garantie.be\/es\/wp-json\/wp\/v2\/types\/page"}],"author":[{"embeddable":true,"href":"https:\/\/garantie.be\/es\/wp-json\/wp\/v2\/users\/1"}],"replies":[{"embeddable":true,"href":"https:\/\/garantie.be\/es\/wp-json\/wp\/v2\/comments?post=19080"}],"version-history":[{"count":0,"href":"https:\/\/garantie.be\/es\/wp-json\/wp\/v2\/pages\/19080\/revisions"}],"up":[{"embeddable":true,"href":"https:\/\/garantie.be\/es\/wp-json\/wp\/v2\/pages\/18825"}],"wp:attachment":[{"href":"https:\/\/garantie.be\/es\/wp-json\/wp\/v2\/media?parent=19080"}],"curies":[{"name":"wp","href":"https:\/\/api.w.org\/{rel}","templated":true}]}}