{"id":19143,"date":"2025-10-10T09:56:52","date_gmt":"2025-10-10T07:56:52","guid":{"rendered":"https:\/\/garantie.be\/modelos-cartas-gestion-arrendamientos\/carta-de-rescision-de-contrato-de-arrendamiento-a-corto-plazo\/"},"modified":"2026-01-19T09:14:08","modified_gmt":"2026-01-19T08:14:08","slug":"carta-de-rescision-de-contrato-de-arrendamiento-a-corto-plazo","status":"publish","type":"page","link":"https:\/\/garantie.be\/es\/modelos-cartas-gestion-arrendamientos\/carta-de-rescision-de-contrato-de-arrendamiento-a-corto-plazo\/","title":{"rendered":"Carta de rescisi\u00f3n de contrato de arrendamiento a corto plazo"},"content":{"rendered":"\t\t<div data-elementor-type=\"wp-page\" data-elementor-id=\"19143\" class=\"elementor elementor-19143 elementor-19099\" data-elementor-post-type=\"page\">\n\t\t\t\t\t\t<section class=\"elementor-section elementor-top-section elementor-element elementor-element-5c9d359d elementor-section-boxed elementor-section-height-default elementor-section-height-default\" data-id=\"5c9d359d\" data-element_type=\"section\" data-e-type=\"section\">\n\t\t\t\t\t\t<div class=\"elementor-container elementor-column-gap-default\">\n\t\t\t\t\t<div class=\"elementor-column elementor-col-100 elementor-top-column elementor-element elementor-element-13c694de\" data-id=\"13c694de\" data-element_type=\"column\" data-e-type=\"column\">\n\t\t\t<div class=\"elementor-widget-wrap elementor-element-populated\">\n\t\t\t\t\t\t<div class=\"elementor-element elementor-element-1dcc67f5 elementor-widget elementor-widget-spacer\" data-id=\"1dcc67f5\" data-element_type=\"widget\" data-e-type=\"widget\" data-widget_type=\"spacer.default\">\n\t\t\t\t<div class=\"elementor-widget-container\">\n\t\t\t\t\t\t\t<div class=\"elementor-spacer\">\n\t\t\t<div class=\"elementor-spacer-inner\"><\/div>\n\t\t<\/div>\n\t\t\t\t\t\t<\/div>\n\t\t\t\t<\/div>\n\t\t\t\t<div class=\"elementor-element elementor-element-52de89cd elementor-widget elementor-widget-heading\" data-id=\"52de89cd\" data-element_type=\"widget\" data-e-type=\"widget\" data-widget_type=\"heading.default\">\n\t\t\t\t<div class=\"elementor-widget-container\">\n\t\t\t\t\t<h1 class=\"elementor-heading-title elementor-size-default\">Carta de rescisi\u00f3n<br>arrendamiento a corto plazo<\/h1>\t\t\t\t<\/div>\n\t\t\t\t<\/div>\n\t\t\t\t<div class=\"elementor-element elementor-element-748e9962 elementor-widget elementor-widget-spacer\" data-id=\"748e9962\" data-element_type=\"widget\" data-e-type=\"widget\" data-widget_type=\"spacer.default\">\n\t\t\t\t<div class=\"elementor-widget-container\">\n\t\t\t\t\t\t\t<div class=\"elementor-spacer\">\n\t\t\t<div class=\"elementor-spacer-inner\"><\/div>\n\t\t<\/div>\n\t\t\t\t\t\t<\/div>\n\t\t\t\t<\/div>\n\t\t\t\t<div class=\"elementor-element elementor-element-1b8af801 elementor-widget elementor-widget-heading\" data-id=\"1b8af801\" data-element_type=\"widget\" data-e-type=\"widget\" data-widget_type=\"heading.default\">\n\t\t\t\t<div class=\"elementor-widget-container\">\n\t\t\t\t\t<h2 class=\"elementor-heading-title elementor-size-default\">Rescisi\u00f3n de un contrato de arrendamiento a corto plazo<\/h2>\t\t\t\t<\/div>\n\t\t\t\t<\/div>\n\t\t\t\t<div class=\"elementor-element elementor-element-1ddb0cd elementor-widget elementor-widget-text-editor\" data-id=\"1ddb0cd\" data-element_type=\"widget\" data-e-type=\"widget\" data-widget_type=\"text-editor.default\">\n\t\t\t\t<div class=\"elementor-widget-container\">\n\t\t\t\t\t\t\t\t\t<p>Un contrato de alquiler de corta duraci\u00f3n (1, 2 \u00f3 3 a\u00f1os) se celebra por un plazo fijo, pero puede rescindirse en determinadas condiciones. Puedes utilizar este modelo para notificar tu decisi\u00f3n al arrendador, respetando el plazo de preaviso y la indemnizaci\u00f3n previstos en la legislaci\u00f3n regional. <\/p><p>Desde 2018, las normas son ligeramente diferentes en Flandes, Bruselas y Valonia, pero en las tres regiones el arrendatario puede rescindir un contrato de arrendamiento de corta duraci\u00f3n en determinadas condiciones.<\/p>\t\t\t\t\t\t\t\t<\/div>\n\t\t\t\t<\/div>\n\t\t\t\t<div class=\"elementor-element elementor-element-2088788c elementor-widget elementor-widget-text-editor\" data-id=\"2088788c\" data-element_type=\"widget\" data-e-type=\"widget\" data-widget_type=\"text-editor.default\">\n\t\t\t\t<div class=\"elementor-widget-container\">\n\t\t\t\t\t\t\t\t\t<p>Puedes copiar el texto que aparece a continuaci\u00f3n y personalizarlo con tu propia informaci\u00f3n. Tambi\u00e9n puedes <strong>descargar versiones gratuitas listas para rellenar<\/strong> en formato Word o PDF, que est\u00e1n disponibles m\u00e1s abajo en la p\u00e1gina. <\/p>\t\t\t\t\t\t\t\t<\/div>\n\t\t\t\t<\/div>\n\t\t\t\t<div class=\"elementor-element elementor-element-58cac079 elementor-widget elementor-widget-text-editor\" data-id=\"58cac079\" data-element_type=\"widget\" data-e-type=\"widget\" data-widget_type=\"text-editor.default\">\n\t\t\t\t<div class=\"elementor-widget-container\">\n\t\t\t\t\t\t\t\t\t<section class=\"modele-lettre\">\n  <div class=\"zone-lettre\">\n    <p><strong>Informaci\u00f3n sobre el inquilino<\/strong><br> <span class=\"champ\">[Nombre completo del inquilino]<\/span><br> <span class=\"champ\">[Direcci\u00f3n completa]<\/span><br> <span class=\"champ\">[C\u00f3digo postal, localidad]<\/span><br> Tel\u00e9fono: &#8230;&#8230;&#8230;&#8230;&#8230;&#8230;&#8230;&#8230;&#8230;&#8230;&#8230;&#8230;&#8230;&#8230;&#8230;.<br> Correo electr\u00f3nico: &#8230;&#8230;&#8230;&#8230;&#8230;&#8230;&#8230;&#8230;&#8230;&#8230;&#8230;&#8230;&#8230;&#8230;&#8230;&#8230;&#8230;<\/p>\n\n    <p><strong>Informaci\u00f3n del arrendador<\/strong><br> <span class=\"champ\">[Apellidos y nombre del arrendador]<\/span><br> <span class=\"champ\">[Direcci\u00f3n completa]<\/span><br> <span class=\"champ\">[C\u00f3digo postal, localidad]<\/span><br> Tel\u00e9fono: &#8230;&#8230;&#8230;&#8230;&#8230;&#8230;&#8230;&#8230;&#8230;&#8230;&#8230;&#8230;&#8230;&#8230;&#8230;.<br> Correo electr\u00f3nico: &#8230;&#8230;&#8230;&#8230;&#8230;&#8230;&#8230;&#8230;&#8230;&#8230;&#8230;&#8230;&#8230;&#8230;&#8230;&#8230;&#8230;<\/p>\n\n    <p>&#8230;&#8230;&#8230;&#8230;&#8230;&#8230;&#8230;&#8230;&#8230;&#8230;.., &#8230;&#8230;\/&#8230;&#8230;\/&#8230;&#8230;&#8230;.<\/p>\n\n    <p><strong>Asunto:<\/strong> Rescisi\u00f3n del contrato de arrendamiento de corta duraci\u00f3n &#8211; notificaci\u00f3n de fin de contrato<\/p>\n\n    <p><strong>Estimado\/a Se\u00f1or\/a<\/strong><\/p>\n\n    <p>\n  Me refiero a nuestro contrato de arrendamiento por <span class=\"champ\">[duraci\u00f3n del arrendamiento]<\/span> \n relativo a la vivienda situada en <span class=\"champ\">[adresse compl\u00e8te du bien lou\u00e9]<\/span>\n firmado en &#8230;&#8230;\/&#8230;&#8230;\/&#8230;&#8230; y con efectos a partir de &#8230;&#8230;\/&#8230;&#8230;\/&#8230;&#8230; .\n    <\/p>\n\n    <p>\n  De conformidad con las disposiciones legales aplicables a los contratos de arrendamiento a corto plazo, \n te informo de mi decisi\u00f3n de <strong>rescindir el contrato de arrendamiento<\/strong>.\n El preaviso <strong>de tres meses<\/strong> comenzar\u00e1 el primer d\u00eda del mes \n siguiente a la recepci\u00f3n de esta carta.\n    <\/p>\n\n    <p>\n  De acuerdo con la ley, <strong>pagar\u00e9 una indemnizaci\u00f3n equivalente a un mes de alquiler<\/strong>,\n como consecuencia de la rescisi\u00f3n anticipada del contrato de alquiler.\n    <\/p>\n\n    <p>\n  Por lo tanto, dejar\u00e9 la vivienda a m\u00e1s tardar en \n. <span class=\"champ\">[date de d\u00e9part pr\u00e9vue]<\/span>\n despu\u00e9s de completar el inventario de las instalaciones y devolver las llaves.\n    <\/p>\n\n    <p>\n  Atentamente\n    <\/p>\n\n    <p style=\"text-align:right;\"><em>[Firma]<\/em><\/p>\n  <\/div>\n<\/section>\n\n<style>\n  .modele-lettre {\n    background:#fafafa;\n    padding:20px;\n    border-radius:8px;\n    font-family:\"Segoe UI\", Roboto, sans-serif;\n    line-height:1.6;\n  }\n  .modele-lettre .champ {\n    background-color:#f1f1f1;\n    padding:2px 6px;\n    border-radius:3px;\n  }\n  .zone-lettre {\n    background:#fff;\n    padding:20px;\n    border:1px solid #ddd;\n    border-radius:6px;\n  }\n<\/style>\n\t\t\t\t\t\t\t\t<\/div>\n\t\t\t\t<\/div>\n\t\t\t\t<div class=\"elementor-element elementor-element-1618dc55 elementor-widget elementor-widget-heading\" data-id=\"1618dc55\" data-element_type=\"widget\" data-e-type=\"widget\" data-widget_type=\"heading.default\">\n\t\t\t\t<div class=\"elementor-widget-container\">\n\t\t\t\t\t<h3 class=\"elementor-heading-title elementor-size-default\">Descargas en formato Word o PDF<\/h3>\t\t\t\t<\/div>\n\t\t\t\t<\/div>\n\t\t\t\t<div class=\"elementor-element elementor-element-1d6f041f elementor-widget elementor-widget-text-editor\" data-id=\"1d6f041f\" data-element_type=\"widget\" data-e-type=\"widget\" data-widget_type=\"text-editor.default\">\n\t\t\t\t<div class=\"elementor-widget-container\">\n\t\t\t\t\t\t\t\t\t<p>\u2b07\ufe0f Descargar la <a href=\"https:\/\/garantie.be\/wp-content\/uploads\/2025\/10\/Lettre-Resiliation-bail-courte-duree-FR.docx\">carta de rescisi\u00f3n del contrato de arrendamiento a corto plazo en formato Word<\/a> (.docx)<\/p><p>\u2b07\ufe0f Descargar la <a href=\"https:\/\/garantie.be\/wp-content\/uploads\/2025\/10\/Lettre-Resiliation-bail-courte-duree-FR.pdf\">Carta de Rescisi\u00f3n del Contrato de Arrendamiento a Corto Plazo en formato PDF<\/a> (.pdf)<\/p>\t\t\t\t\t\t\t\t<\/div>\n\t\t\t\t<\/div>\n\t\t\t\t<div class=\"elementor-element elementor-element-3363a1a7 elementor-widget elementor-widget-heading\" data-id=\"3363a1a7\" data-element_type=\"widget\" data-e-type=\"widget\" data-widget_type=\"heading.default\">\n\t\t\t\t<div class=\"elementor-widget-container\">\n\t\t\t\t\t<h2 class=\"elementor-heading-title elementor-size-default\">Consejos para utilizar este modelo<\/h2>\t\t\t\t<\/div>\n\t\t\t\t<\/div>\n\t\t\t\t<div class=\"elementor-element elementor-element-6d77df3f elementor-widget elementor-widget-text-editor\" data-id=\"6d77df3f\" data-element_type=\"widget\" data-e-type=\"widget\" data-widget_type=\"text-editor.default\">\n\t\t\t\t<div class=\"elementor-widget-container\">\n\t\t\t\t\t\t\t\t\t<ul><li><strong>Env\u00eda<\/strong> la carta por correo certificado con acuse de recibo: el plazo de preaviso comienza el d\u00eda 1 del mes siguiente al de la recepci\u00f3n. Por ejemplo, si env\u00edas la carta el 15 de febrero, el plazo de preaviso va del 1\u1d49\u02b3 al 31 de marzo. Tendr\u00e1s que abandonar el alojamiento como muy tarde el 31 de marzo.  <\/li><li><strong>Indemnizaci\u00f3n<\/strong>: si te vas antes de tiempo, puede que tengas que pagar una indemnizaci\u00f3n de un mes de alquiler.<\/li><li><strong>Inventario de enseres<\/strong>: progr\u00e1malo como muy tarde al final del plazo de preaviso, antes de la entrega de llaves.<\/li><li><strong>Prueba<\/strong>: conserva el acuse de recibo de la carta en caso de litigio.<\/li><\/ul>\t\t\t\t\t\t\t\t<\/div>\n\t\t\t\t<\/div>\n\t\t\t\t\t<\/div>\n\t\t<\/div>\n\t\t\t\t\t<\/div>\n\t\t<\/section>\n\t\t\t\t<section class=\"elementor-section elementor-top-section elementor-element elementor-element-4681b27c elementor-section-content-middle elementor-section-height-min-height elementor-section-items-stretch elementor-section-boxed elementor-section-height-default\" data-id=\"4681b27c\" data-element_type=\"section\" data-e-type=\"section\">\n\t\t\t\t\t\t<div class=\"elementor-container elementor-column-gap-no\">\n\t\t\t\t\t<div class=\"elementor-column elementor-col-100 elementor-top-column elementor-element elementor-element-3ac743e6\" data-id=\"3ac743e6\" data-element_type=\"column\" data-e-type=\"column\" data-settings=\"{&quot;background_background&quot;:&quot;classic&quot;}\">\n\t\t\t<div class=\"elementor-widget-wrap elementor-element-populated\">\n\t\t\t\t\t\t<div class=\"elementor-element elementor-element-56e99d84 elementor-widget elementor-widget-text-editor\" data-id=\"56e99d84\" data-element_type=\"widget\" data-e-type=\"widget\" data-widget_type=\"text-editor.default\">\n\t\t\t\t<div class=\"elementor-widget-container\">\n\t\t\t\t\t\t\t\t\t<p>Rellena nuestro formulario para obtener una <a href=\"https:\/\/garantie.be\/es\/fianza-alquiler-en-linea\/\">fianza de alquiler online<\/a> en s\u00f3lo unas horas. No bloqueas ning\u00fan dinero porque funcionamos como una garant\u00eda bancaria<\/p>\t\t\t\t\t\t\t\t<\/div>\n\t\t\t\t<\/div>\n\t\t\t\t<div class=\"elementor-element elementor-element-7365ee38 elementor-mobile-align-center elementor-align-center elementor-widget elementor-widget-button\" data-id=\"7365ee38\" data-element_type=\"widget\" data-e-type=\"widget\" data-widget_type=\"button.default\">\n\t\t\t\t<div class=\"elementor-widget-container\">\n\t\t\t\t\t\t\t\t\t<div class=\"elementor-button-wrapper\">\n\t\t\t\t\t<a class=\"elementor-button elementor-button-link elementor-size-sm\" href=\"https:\/\/account.garantie.be\/en\/register\/lease\">\n\t\t\t\t\t\t<span class=\"elementor-button-content-wrapper\">\n\t\t\t\t\t\t\t\t\t<span class=\"elementor-button-text\">formulario de garant\u00eda de alquiler 100% online<\/span>\n\t\t\t\t\t<\/span>\n\t\t\t\t\t<\/a>\n\t\t\t\t<\/div>\n\t\t\t\t\t\t\t\t<\/div>\n\t\t\t\t<\/div>\n\t\t\t\t\t<\/div>\n\t\t<\/div>\n\t\t\t\t\t<\/div>\n\t\t<\/section>\n\t\t\t\t<section class=\"elementor-section elementor-top-section elementor-element elementor-element-406bcb32 elementor-section-boxed elementor-section-height-default elementor-section-height-default\" data-id=\"406bcb32\" data-element_type=\"section\" data-e-type=\"section\">\n\t\t\t\t\t\t<div class=\"elementor-container elementor-column-gap-default\">\n\t\t\t\t\t<div class=\"elementor-column elementor-col-100 elementor-top-column elementor-element elementor-element-1657d11\" data-id=\"1657d11\" data-element_type=\"column\" data-e-type=\"column\">\n\t\t\t<div class=\"elementor-widget-wrap elementor-element-populated\">\n\t\t\t\t\t\t<div class=\"elementor-element elementor-element-7054ab95 elementor-widget elementor-widget-spacer\" data-id=\"7054ab95\" data-element_type=\"widget\" data-e-type=\"widget\" data-widget_type=\"spacer.default\">\n\t\t\t\t<div class=\"elementor-widget-container\">\n\t\t\t\t\t\t\t<div class=\"elementor-spacer\">\n\t\t\t<div class=\"elementor-spacer-inner\"><\/div>\n\t\t<\/div>\n\t\t\t\t\t\t<\/div>\n\t\t\t\t<\/div>\n\t\t\t\t<div class=\"elementor-element elementor-element-699e27f7 elementor-widget elementor-widget-heading\" data-id=\"699e27f7\" data-element_type=\"widget\" data-e-type=\"widget\" data-widget_type=\"heading.default\">\n\t\t\t\t<div class=\"elementor-widget-container\">\n\t\t\t\t\t<h2 class=\"elementor-heading-title elementor-size-default\">Otras plantillas de cartas \u00fatiles<\/h2>\t\t\t\t<\/div>\n\t\t\t\t<\/div>\n\t\t\t\t<div class=\"elementor-element elementor-element-444d09ca elementor-widget elementor-widget-text-editor\" data-id=\"444d09ca\" data-element_type=\"widget\" data-e-type=\"widget\" data-widget_type=\"text-editor.default\">\n\t\t\t\t<div class=\"elementor-widget-container\">\n\t\t\t\t\t\t\t\t\t<ul><li><a href=\"https:\/\/garantie.be\/es\/modelos-cartas-gestion-arrendamientos\/carta-rescision-contrato-arrendamiento-a-largo-plazo\/\">Carta de rescisi\u00f3n del contrato de arrendamiento de 9 a\u00f1os<\/a><\/li><li><a href=\"https:\/\/garantie.be\/es\/modelos-cartas-gestion-arrendamientos\/carta-solicitar-devolucion-fianza-alquiler\/\">Carta solicitando la devoluci\u00f3n de una fianza de alquiler<\/a><\/li><li>Lista de comprobaci\u00f3n para el acta de entrega<\/li><\/ul>\t\t\t\t\t\t\t\t<\/div>\n\t\t\t\t<\/div>\n\t\t\t\t\t<\/div>\n\t\t<\/div>\n\t\t\t\t\t<\/div>\n\t\t<\/section>\n\t\t\t\t<\/div>\n\t\t","protected":false},"excerpt":{"rendered":"<p>Carta de rescisi\u00f3narrendamiento a corto plazo Rescisi\u00f3n de un contrato de arrendamiento a corto plazo Un contrato de alquiler de corta duraci\u00f3n (1, 2 \u00f3 3 a\u00f1os) se celebra por un plazo fijo, pero puede rescindirse en determinadas condiciones. Puedes utilizar este modelo para notificar tu decisi\u00f3n al arrendador, respetando el plazo de preaviso y [&hellip;]<\/p>\n","protected":false},"author":1,"featured_media":0,"parent":18825,"menu_order":0,"comment_status":"closed","ping_status":"closed","template":"","meta":{"footnotes":""},"class_list":["post-19143","page","type-page","status-publish","hentry"],"yoast_head":"<!-- This site is optimized with the Yoast SEO plugin v27.3 - https:\/\/yoast.com\/product\/yoast-seo-wordpress\/ -->\n<title>Carta de rescisi\u00f3n de contrato de arrendamiento a corto plazo<\/title>\n<meta name=\"description\" content=\"Descarga gratis un modelo de carta para rescindir un contrato de alquiler a corto plazo (1, 2 \u00f3 3 a\u00f1os) en formato Word o PDF.\" \/>\n<meta name=\"robots\" content=\"index, follow, max-snippet:-1, max-image-preview:large, max-video-preview:-1\" \/>\n<link rel=\"canonical\" href=\"https:\/\/garantie.be\/es\/modelos-cartas-gestion-arrendamientos\/carta-de-rescision-de-contrato-de-arrendamiento-a-corto-plazo\/\" \/>\n<meta property=\"og:locale\" content=\"es_ES\" \/>\n<meta property=\"og:type\" content=\"article\" \/>\n<meta property=\"og:title\" content=\"Carta de rescisi\u00f3n de contrato de arrendamiento a corto plazo\" \/>\n<meta property=\"og:description\" content=\"Descarga gratis un modelo de carta para rescindir un contrato de alquiler a corto plazo (1, 2 \u00f3 3 a\u00f1os) en formato Word o PDF.\" \/>\n<meta property=\"og:url\" content=\"https:\/\/garantie.be\/es\/modelos-cartas-gestion-arrendamientos\/carta-de-rescision-de-contrato-de-arrendamiento-a-corto-plazo\/\" \/>\n<meta property=\"og:site_name\" content=\"Garantie\" \/>\n<meta property=\"article:modified_time\" content=\"2026-01-19T08:14:08+00:00\" \/>\n<meta name=\"twitter:card\" content=\"summary_large_image\" \/>\n<meta name=\"twitter:label1\" content=\"Tiempo de lectura\" \/>\n\t<meta name=\"twitter:data1\" content=\"3 minutos\" \/>\n<script type=\"application\/ld+json\" class=\"yoast-schema-graph\">{\"@context\":\"https:\\\/\\\/schema.org\",\"@graph\":[{\"@type\":\"WebPage\",\"@id\":\"https:\\\/\\\/garantie.be\\\/es\\\/modelos-cartas-gestion-arrendamientos\\\/carta-de-rescision-de-contrato-de-arrendamiento-a-corto-plazo\\\/\",\"url\":\"https:\\\/\\\/garantie.be\\\/es\\\/modelos-cartas-gestion-arrendamientos\\\/carta-de-rescision-de-contrato-de-arrendamiento-a-corto-plazo\\\/\",\"name\":\"Carta de rescisi\u00f3n de contrato de arrendamiento a corto plazo\",\"isPartOf\":{\"@id\":\"https:\\\/\\\/garantie.be\\\/es\\\/#website\"},\"datePublished\":\"2025-10-10T07:56:52+00:00\",\"dateModified\":\"2026-01-19T08:14:08+00:00\",\"description\":\"Descarga gratis un modelo de carta para rescindir un contrato de alquiler a corto plazo (1, 2 \u00f3 3 a\u00f1os) en formato Word o PDF.\",\"breadcrumb\":{\"@id\":\"https:\\\/\\\/garantie.be\\\/es\\\/modelos-cartas-gestion-arrendamientos\\\/carta-de-rescision-de-contrato-de-arrendamiento-a-corto-plazo\\\/#breadcrumb\"},\"inLanguage\":\"es\",\"potentialAction\":[{\"@type\":\"ReadAction\",\"target\":[\"https:\\\/\\\/garantie.be\\\/es\\\/modelos-cartas-gestion-arrendamientos\\\/carta-de-rescision-de-contrato-de-arrendamiento-a-corto-plazo\\\/\"]}]},{\"@type\":\"BreadcrumbList\",\"@id\":\"https:\\\/\\\/garantie.be\\\/es\\\/modelos-cartas-gestion-arrendamientos\\\/carta-de-rescision-de-contrato-de-arrendamiento-a-corto-plazo\\\/#breadcrumb\",\"itemListElement\":[{\"@type\":\"ListItem\",\"position\":1,\"name\":\"Accueil\",\"item\":\"https:\\\/\\\/garantie.be\\\/es\\\/\"},{\"@type\":\"ListItem\",\"position\":2,\"name\":\"Modelos de cartas y herramientas pr\u00e1cticas para gestionar tu hogar\",\"item\":\"https:\\\/\\\/garantie.be\\\/es\\\/modelos-cartas-gestion-arrendamientos\\\/\"},{\"@type\":\"ListItem\",\"position\":3,\"name\":\"Carta de rescisi\u00f3n de contrato de arrendamiento a corto plazo\"}]},{\"@type\":\"WebSite\",\"@id\":\"https:\\\/\\\/garantie.be\\\/es\\\/#website\",\"url\":\"https:\\\/\\\/garantie.be\\\/es\\\/\",\"name\":\"Garantie\",\"description\":\"\",\"publisher\":{\"@id\":\"https:\\\/\\\/garantie.be\\\/es\\\/#organization\"},\"potentialAction\":[{\"@type\":\"SearchAction\",\"target\":{\"@type\":\"EntryPoint\",\"urlTemplate\":\"https:\\\/\\\/garantie.be\\\/es\\\/?s={search_term_string}\"},\"query-input\":{\"@type\":\"PropertyValueSpecification\",\"valueRequired\":true,\"valueName\":\"search_term_string\"}}],\"inLanguage\":\"es\"},{\"@type\":\"Organization\",\"@id\":\"https:\\\/\\\/garantie.be\\\/es\\\/#organization\",\"name\":\"Garantie.be\",\"url\":\"https:\\\/\\\/garantie.be\\\/es\\\/\",\"logo\":{\"@type\":\"ImageObject\",\"inLanguage\":\"es\",\"@id\":\"https:\\\/\\\/garantie.be\\\/es\\\/#\\\/schema\\\/logo\\\/image\\\/\",\"url\":\"\",\"contentUrl\":\"\",\"caption\":\"Garantie.be\"},\"image\":{\"@id\":\"https:\\\/\\\/garantie.be\\\/es\\\/#\\\/schema\\\/logo\\\/image\\\/\"}}]}<\/script>\n<!-- \/ Yoast SEO plugin. -->","yoast_head_json":{"title":"Carta de rescisi\u00f3n de contrato de arrendamiento a corto plazo","description":"Descarga gratis un modelo de carta para rescindir un contrato de alquiler a corto plazo (1, 2 \u00f3 3 a\u00f1os) en formato Word o PDF.","robots":{"index":"index","follow":"follow","max-snippet":"max-snippet:-1","max-image-preview":"max-image-preview:large","max-video-preview":"max-video-preview:-1"},"canonical":"https:\/\/garantie.be\/es\/modelos-cartas-gestion-arrendamientos\/carta-de-rescision-de-contrato-de-arrendamiento-a-corto-plazo\/","og_locale":"es_ES","og_type":"article","og_title":"Carta de rescisi\u00f3n de contrato de arrendamiento a corto plazo","og_description":"Descarga gratis un modelo de carta para rescindir un contrato de alquiler a corto plazo (1, 2 \u00f3 3 a\u00f1os) en formato Word o PDF.","og_url":"https:\/\/garantie.be\/es\/modelos-cartas-gestion-arrendamientos\/carta-de-rescision-de-contrato-de-arrendamiento-a-corto-plazo\/","og_site_name":"Garantie","article_modified_time":"2026-01-19T08:14:08+00:00","twitter_card":"summary_large_image","twitter_misc":{"Tiempo de lectura":"3 minutos"},"schema":{"@context":"https:\/\/schema.org","@graph":[{"@type":"WebPage","@id":"https:\/\/garantie.be\/es\/modelos-cartas-gestion-arrendamientos\/carta-de-rescision-de-contrato-de-arrendamiento-a-corto-plazo\/","url":"https:\/\/garantie.be\/es\/modelos-cartas-gestion-arrendamientos\/carta-de-rescision-de-contrato-de-arrendamiento-a-corto-plazo\/","name":"Carta de rescisi\u00f3n de contrato de arrendamiento a corto plazo","isPartOf":{"@id":"https:\/\/garantie.be\/es\/#website"},"datePublished":"2025-10-10T07:56:52+00:00","dateModified":"2026-01-19T08:14:08+00:00","description":"Descarga gratis un modelo de carta para rescindir un contrato de alquiler a corto plazo (1, 2 \u00f3 3 a\u00f1os) en formato Word o PDF.","breadcrumb":{"@id":"https:\/\/garantie.be\/es\/modelos-cartas-gestion-arrendamientos\/carta-de-rescision-de-contrato-de-arrendamiento-a-corto-plazo\/#breadcrumb"},"inLanguage":"es","potentialAction":[{"@type":"ReadAction","target":["https:\/\/garantie.be\/es\/modelos-cartas-gestion-arrendamientos\/carta-de-rescision-de-contrato-de-arrendamiento-a-corto-plazo\/"]}]},{"@type":"BreadcrumbList","@id":"https:\/\/garantie.be\/es\/modelos-cartas-gestion-arrendamientos\/carta-de-rescision-de-contrato-de-arrendamiento-a-corto-plazo\/#breadcrumb","itemListElement":[{"@type":"ListItem","position":1,"name":"Accueil","item":"https:\/\/garantie.be\/es\/"},{"@type":"ListItem","position":2,"name":"Modelos de cartas y herramientas pr\u00e1cticas para gestionar tu hogar","item":"https:\/\/garantie.be\/es\/modelos-cartas-gestion-arrendamientos\/"},{"@type":"ListItem","position":3,"name":"Carta de rescisi\u00f3n de contrato de arrendamiento a corto plazo"}]},{"@type":"WebSite","@id":"https:\/\/garantie.be\/es\/#website","url":"https:\/\/garantie.be\/es\/","name":"Garantie","description":"","publisher":{"@id":"https:\/\/garantie.be\/es\/#organization"},"potentialAction":[{"@type":"SearchAction","target":{"@type":"EntryPoint","urlTemplate":"https:\/\/garantie.be\/es\/?s={search_term_string}"},"query-input":{"@type":"PropertyValueSpecification","valueRequired":true,"valueName":"search_term_string"}}],"inLanguage":"es"},{"@type":"Organization","@id":"https:\/\/garantie.be\/es\/#organization","name":"Garantie.be","url":"https:\/\/garantie.be\/es\/","logo":{"@type":"ImageObject","inLanguage":"es","@id":"https:\/\/garantie.be\/es\/#\/schema\/logo\/image\/","url":"","contentUrl":"","caption":"Garantie.be"},"image":{"@id":"https:\/\/garantie.be\/es\/#\/schema\/logo\/image\/"}}]}},"_links":{"self":[{"href":"https:\/\/garantie.be\/es\/wp-json\/wp\/v2\/pages\/19143","targetHints":{"allow":["GET"]}}],"collection":[{"href":"https:\/\/garantie.be\/es\/wp-json\/wp\/v2\/pages"}],"about":[{"href":"https:\/\/garantie.be\/es\/wp-json\/wp\/v2\/types\/page"}],"author":[{"embeddable":true,"href":"https:\/\/garantie.be\/es\/wp-json\/wp\/v2\/users\/1"}],"replies":[{"embeddable":true,"href":"https:\/\/garantie.be\/es\/wp-json\/wp\/v2\/comments?post=19143"}],"version-history":[{"count":0,"href":"https:\/\/garantie.be\/es\/wp-json\/wp\/v2\/pages\/19143\/revisions"}],"up":[{"embeddable":true,"href":"https:\/\/garantie.be\/es\/wp-json\/wp\/v2\/pages\/18825"}],"wp:attachment":[{"href":"https:\/\/garantie.be\/es\/wp-json\/wp\/v2\/media?parent=19143"}],"curies":[{"name":"wp","href":"https:\/\/api.w.org\/{rel}","templated":true}]}}