{"id":19453,"date":"2025-10-15T15:07:54","date_gmt":"2025-10-15T13:07:54","guid":{"rendered":"https:\/\/garantie.be\/modelos-cartas-gestion-arrendamientos\/model-contrato-arrendamiento-bruselas\/"},"modified":"2025-10-15T16:08:19","modified_gmt":"2025-10-15T14:08:19","slug":"model-contrato-arrendamiento-bruselas","status":"publish","type":"page","link":"https:\/\/garantie.be\/es\/modelos-cartas-gestion-arrendamientos\/model-contrato-arrendamiento-bruselas\/","title":{"rendered":"Modelo de contrato de arrendamiento para Bruselas"},"content":{"rendered":"\t\t<div data-elementor-type=\"wp-page\" data-elementor-id=\"19453\" class=\"elementor elementor-19453 elementor-19431\" data-elementor-post-type=\"page\">\n\t\t\t\t\t\t<section class=\"elementor-section elementor-top-section elementor-element elementor-element-4284f2e8 elementor-section-boxed elementor-section-height-default elementor-section-height-default\" data-id=\"4284f2e8\" data-element_type=\"section\" data-e-type=\"section\">\n\t\t\t\t\t\t<div class=\"elementor-container elementor-column-gap-default\">\n\t\t\t\t\t<div class=\"elementor-column elementor-col-100 elementor-top-column elementor-element elementor-element-3b075ff5\" data-id=\"3b075ff5\" data-element_type=\"column\" data-e-type=\"column\">\n\t\t\t<div class=\"elementor-widget-wrap elementor-element-populated\">\n\t\t\t\t\t\t<div class=\"elementor-element elementor-element-4bbefaaf elementor-widget elementor-widget-spacer\" data-id=\"4bbefaaf\" data-element_type=\"widget\" data-e-type=\"widget\" data-widget_type=\"spacer.default\">\n\t\t\t\t<div class=\"elementor-widget-container\">\n\t\t\t\t\t\t\t<div class=\"elementor-spacer\">\n\t\t\t<div class=\"elementor-spacer-inner\"><\/div>\n\t\t<\/div>\n\t\t\t\t\t\t<\/div>\n\t\t\t\t<\/div>\n\t\t\t\t<div class=\"elementor-element elementor-element-770b355b elementor-widget elementor-widget-heading\" data-id=\"770b355b\" data-element_type=\"widget\" data-e-type=\"widget\" data-widget_type=\"heading.default\">\n\t\t\t\t<div class=\"elementor-widget-container\">\n\t\t\t\t\t<h1 class=\"elementor-heading-title elementor-size-default\">Plantilla gratuita<br>contrato de arrendamiento Bruselas<\/h1>\t\t\t\t<\/div>\n\t\t\t\t<\/div>\n\t\t\t\t<div class=\"elementor-element elementor-element-6e6be5ec elementor-widget elementor-widget-spacer\" data-id=\"6e6be5ec\" data-element_type=\"widget\" data-e-type=\"widget\" data-widget_type=\"spacer.default\">\n\t\t\t\t<div class=\"elementor-widget-container\">\n\t\t\t\t\t\t\t<div class=\"elementor-spacer\">\n\t\t\t<div class=\"elementor-spacer-inner\"><\/div>\n\t\t<\/div>\n\t\t\t\t\t\t<\/div>\n\t\t\t\t<\/div>\n\t\t\t\t<div class=\"elementor-element elementor-element-338d0b71 elementor-widget elementor-widget-text-editor\" data-id=\"338d0b71\" data-element_type=\"widget\" data-e-type=\"widget\" data-widget_type=\"text-editor.default\">\n\t\t\t\t<div class=\"elementor-widget-container\">\n\t\t\t\t\t\t\t\t\t<p>La Regi\u00f3n de Bruselas-Capital ofrece un <strong>modelo oficial de contrato de arrendamiento de vivienda principal<\/strong>, conforme a las disposiciones del C\u00f3digo de la Vivienda de Bruselas.<\/p><p>Este contrato tipo garantiza que el propietario y el inquilino cumplen las obligaciones legales vigentes en Bruselas. Est\u00e1 especialmente adaptado a las viviendas destinadas a residencia principal del inquilino. <\/p><p>Por ello, te ofrecemos gratuitamente lo siguiente:<\/p><ul><li><strong>Descargar una plantilla gratuita de contrato de arrendamiento (Word \/ PDF)<\/strong><\/li><li>las principales cl\u00e1usulas obligatorias del contrato de arrendamiento de Bruselas,<\/li><li>Consejos para rellenar correctamente el contrato de alquiler.<\/li><\/ul>\t\t\t\t\t\t\t\t<\/div>\n\t\t\t\t<\/div>\n\t\t\t\t<div class=\"elementor-element elementor-element-0145a0f elementor-widget elementor-widget-spacer\" data-id=\"0145a0f\" data-element_type=\"widget\" data-e-type=\"widget\" data-widget_type=\"spacer.default\">\n\t\t\t\t<div class=\"elementor-widget-container\">\n\t\t\t\t\t\t\t<div class=\"elementor-spacer\">\n\t\t\t<div class=\"elementor-spacer-inner\"><\/div>\n\t\t<\/div>\n\t\t\t\t\t\t<\/div>\n\t\t\t\t<\/div>\n\t\t\t\t<div class=\"elementor-element elementor-element-325ab17 elementor-widget elementor-widget-heading\" data-id=\"325ab17\" data-element_type=\"widget\" data-e-type=\"widget\" data-widget_type=\"heading.default\">\n\t\t\t\t<div class=\"elementor-widget-container\">\n\t\t\t\t\t<h2 class=\"elementor-heading-title elementor-size-default\">Contrato de arrendamiento Bruselas descarga gratuita<\/h2>\t\t\t\t<\/div>\n\t\t\t\t<\/div>\n\t\t\t\t<div class=\"elementor-element elementor-element-6bed7726 elementor-widget elementor-widget-text-editor\" data-id=\"6bed7726\" data-element_type=\"widget\" data-e-type=\"widget\" data-widget_type=\"text-editor.default\">\n\t\t\t\t<div class=\"elementor-widget-container\">\n\t\t\t\t\t\t\t\t\t<p>\u2b07\ufe0f Descargar el <a href=\"https:\/\/garantie.be\/wp-content\/uploads\/2025\/10\/Contrat-de-bail-bruxelles.docx\">modelo de contrato de arrendamiento de Bruselas (FR) en Word<\/a> (.docx)<\/p><p>\u2b07\ufe0f Descargar el <a href=\"https:\/\/garantie.be\/wp-content\/uploads\/2025\/10\/Contrat-de-bail-Bruxelles.pdf\">modelo de contrato de arrendamiento Bruselas (FR) en PDF<\/a> (.pdf)<\/p>\t\t\t\t\t\t\t\t<\/div>\n\t\t\t\t<\/div>\n\t\t\t\t<div class=\"elementor-element elementor-element-5d724c13 elementor-widget elementor-widget-heading\" data-id=\"5d724c13\" data-element_type=\"widget\" data-e-type=\"widget\" data-widget_type=\"heading.default\">\n\t\t\t\t<div class=\"elementor-widget-container\">\n\t\t\t\t\t<h2 class=\"elementor-heading-title elementor-size-default\">Descargar contrato de arrendamiento Bruselas gratis en flamenco<\/h2>\t\t\t\t<\/div>\n\t\t\t\t<\/div>\n\t\t\t\t<div class=\"elementor-element elementor-element-f2298fb elementor-widget elementor-widget-text-editor\" data-id=\"f2298fb\" data-element_type=\"widget\" data-e-type=\"widget\" data-widget_type=\"text-editor.default\">\n\t\t\t\t<div class=\"elementor-widget-container\">\n\t\t\t\t\t\t\t\t\t<p>\u2b07\ufe0f Descargar el <a href=\"https:\/\/garantie.be\/wp-content\/uploads\/2025\/10\/Huurovereenkomst-brussels.docx\">modelo de contrato de arrendamiento de Bruselas (NL) en Word<\/a> (.docx)<\/p><p>\u2b07\ufe0f Descargar el <a href=\"https:\/\/garantie.be\/wp-content\/uploads\/2025\/10\/Huurovereenkomst-brussels.pdf\">modelo de contrato de arrendamiento Bruselas (NL) en formato PDF<\/a> (.pdf)<\/p>\t\t\t\t\t\t\t\t<\/div>\n\t\t\t\t<\/div>\n\t\t\t\t\t<\/div>\n\t\t<\/div>\n\t\t\t\t\t<\/div>\n\t\t<\/section>\n\t\t\t\t<section class=\"elementor-section elementor-top-section elementor-element elementor-element-5ae2abad elementor-section-content-middle elementor-section-height-min-height elementor-section-items-stretch elementor-section-boxed elementor-section-height-default\" data-id=\"5ae2abad\" data-element_type=\"section\" data-e-type=\"section\">\n\t\t\t\t\t\t<div class=\"elementor-container elementor-column-gap-no\">\n\t\t\t\t\t<div class=\"elementor-column elementor-col-100 elementor-top-column elementor-element elementor-element-e664717\" data-id=\"e664717\" data-element_type=\"column\" data-e-type=\"column\" data-settings=\"{&quot;background_background&quot;:&quot;classic&quot;}\">\n\t\t\t<div class=\"elementor-widget-wrap elementor-element-populated\">\n\t\t\t\t\t\t<div class=\"elementor-element elementor-element-2bc5b844 elementor-widget elementor-widget-text-editor\" data-id=\"2bc5b844\" data-element_type=\"widget\" data-e-type=\"widget\" data-widget_type=\"text-editor.default\">\n\t\t\t\t<div class=\"elementor-widget-container\">\n\t\t\t\t\t\t\t\t\t<p>Rellena nuestro formulario para obtener una <a href=\"https:\/\/garantie.be\/es\/fianza-alquiler-en-linea\/\">fianza de alquiler online<\/a> en s\u00f3lo unas horas. No se inmoviliza ning\u00fan dinero, ya que funcionamos como un aval bancario. <\/p>\t\t\t\t\t\t\t\t<\/div>\n\t\t\t\t<\/div>\n\t\t\t\t<div class=\"elementor-element elementor-element-2d08de46 elementor-mobile-align-center elementor-align-center elementor-widget elementor-widget-button\" data-id=\"2d08de46\" data-element_type=\"widget\" data-e-type=\"widget\" data-widget_type=\"button.default\">\n\t\t\t\t<div class=\"elementor-widget-container\">\n\t\t\t\t\t\t\t\t\t<div class=\"elementor-button-wrapper\">\n\t\t\t\t\t<a class=\"elementor-button elementor-button-link elementor-size-sm\" href=\"https:\/\/account.garantie.be\/en\/register\/lease\">\n\t\t\t\t\t\t<span class=\"elementor-button-content-wrapper\">\n\t\t\t\t\t\t\t\t\t<span class=\"elementor-button-text\">formulario de garant\u00eda de alquiler 100% online<\/span>\n\t\t\t\t\t<\/span>\n\t\t\t\t\t<\/a>\n\t\t\t\t<\/div>\n\t\t\t\t\t\t\t\t<\/div>\n\t\t\t\t<\/div>\n\t\t\t\t\t<\/div>\n\t\t<\/div>\n\t\t\t\t\t<\/div>\n\t\t<\/section>\n\t\t\t\t<section class=\"elementor-section elementor-top-section elementor-element elementor-element-3e9b96a elementor-section-boxed elementor-section-height-default elementor-section-height-default\" data-id=\"3e9b96a\" data-element_type=\"section\" data-e-type=\"section\">\n\t\t\t\t\t\t<div class=\"elementor-container elementor-column-gap-default\">\n\t\t\t\t\t<div class=\"elementor-column elementor-col-100 elementor-top-column elementor-element elementor-element-63bfabd0\" data-id=\"63bfabd0\" data-element_type=\"column\" data-e-type=\"column\">\n\t\t\t<div class=\"elementor-widget-wrap elementor-element-populated\">\n\t\t\t\t\t\t<div class=\"elementor-element elementor-element-7c91242f elementor-widget elementor-widget-spacer\" data-id=\"7c91242f\" data-element_type=\"widget\" data-e-type=\"widget\" data-widget_type=\"spacer.default\">\n\t\t\t\t<div class=\"elementor-widget-container\">\n\t\t\t\t\t\t\t<div class=\"elementor-spacer\">\n\t\t\t<div class=\"elementor-spacer-inner\"><\/div>\n\t\t<\/div>\n\t\t\t\t\t\t<\/div>\n\t\t\t\t<\/div>\n\t\t\t\t<div class=\"elementor-element elementor-element-2e66fe0f elementor-widget elementor-widget-heading\" data-id=\"2e66fe0f\" data-element_type=\"widget\" data-e-type=\"widget\" data-widget_type=\"heading.default\">\n\t\t\t\t<div class=\"elementor-widget-container\">\n\t\t\t\t\t<h2 class=\"elementor-heading-title elementor-size-default\">Consejos para completar esta plantilla<\/h2>\t\t\t\t<\/div>\n\t\t\t\t<\/div>\n\t\t\t\t<div class=\"elementor-element elementor-element-405ae16f elementor-widget elementor-widget-text-editor\" data-id=\"405ae16f\" data-element_type=\"widget\" data-e-type=\"widget\" data-widget_type=\"text-editor.default\">\n\t\t\t\t<div class=\"elementor-widget-container\">\n\t\t\t\t\t\t\t\t\t<ol><li><strong>Pon tus iniciales en cada p\u00e1gina<\/strong> del contrato para evitar modificaciones posteriores.<\/li><li>Rellena <strong>todos los apartados<\/strong>: no dejes ning\u00fan campo en blanco sin decir \u00abno procede\u00bb si es necesario.<\/li><li><strong>A\u00f1ade fotos<\/strong> o planos para explicar el estado del inmueble.<\/li><li><strong>Comprueba dos veces los importes<\/strong> y las condiciones de indexaci\u00f3n: cualquier error podr\u00eda anular la cl\u00e1usula.<\/li><li><strong>Haz que ambas partes firmen<\/strong> simult\u00e1neamente y guarda una copia original para cada una.<\/li><li><strong>Registra el contrato de alquiler<\/strong> dentro de los plazos legales: esto hace que el contrato sea oponible a terceros.<\/li><\/ol>\t\t\t\t\t\t\t\t<\/div>\n\t\t\t\t<\/div>\n\t\t\t\t<div class=\"elementor-element elementor-element-554d951 elementor-widget elementor-widget-spacer\" data-id=\"554d951\" data-element_type=\"widget\" data-e-type=\"widget\" data-widget_type=\"spacer.default\">\n\t\t\t\t<div class=\"elementor-widget-container\">\n\t\t\t\t\t\t\t<div class=\"elementor-spacer\">\n\t\t\t<div class=\"elementor-spacer-inner\"><\/div>\n\t\t<\/div>\n\t\t\t\t\t\t<\/div>\n\t\t\t\t<\/div>\n\t\t\t\t<div class=\"elementor-element elementor-element-203b2152 elementor-widget elementor-widget-heading\" data-id=\"203b2152\" data-element_type=\"widget\" data-e-type=\"widget\" data-widget_type=\"heading.default\">\n\t\t\t\t<div class=\"elementor-widget-container\">\n\t\t\t\t\t<h2 class=\"elementor-heading-title elementor-size-default\">Otras plantillas de cartas \u00fatiles<\/h2>\t\t\t\t<\/div>\n\t\t\t\t<\/div>\n\t\t\t\t<div class=\"elementor-element elementor-element-3a5521e5 elementor-widget elementor-widget-text-editor\" data-id=\"3a5521e5\" data-element_type=\"widget\" data-e-type=\"widget\" data-widget_type=\"text-editor.default\">\n\t\t\t\t<div class=\"elementor-widget-container\">\n\t\t\t\t\t\t\t\t\t<ul><li>Modelo de contrato de arrendamiento de Flandes<\/li><li>Modelo de contrato de arrendamiento para Valonia<\/li><\/ul>\t\t\t\t\t\t\t\t<\/div>\n\t\t\t\t<\/div>\n\t\t\t\t\t<\/div>\n\t\t<\/div>\n\t\t\t\t\t<\/div>\n\t\t<\/section>\n\t\t\t\t<\/div>\n\t\t","protected":false},"excerpt":{"rendered":"<p>Plantilla gratuitacontrato de arrendamiento Bruselas La Regi\u00f3n de Bruselas-Capital ofrece un modelo oficial de contrato de arrendamiento de vivienda principal, conforme a las disposiciones del C\u00f3digo de la Vivienda de Bruselas. Este contrato tipo garantiza que el propietario y el inquilino cumplen las obligaciones legales vigentes en Bruselas. Est\u00e1 especialmente adaptado a las viviendas destinadas [&hellip;]<\/p>\n","protected":false},"author":1,"featured_media":0,"parent":18825,"menu_order":0,"comment_status":"closed","ping_status":"closed","template":"","meta":{"footnotes":""},"class_list":["post-19453","page","type-page","status-publish","hentry"],"yoast_head":"<!-- This site is optimized with the Yoast SEO plugin v27.4 - https:\/\/yoast.com\/product\/yoast-seo-wordpress\/ -->\n<title>Modelo de contrato de arrendamiento para Bruselas<\/title>\n<meta name=\"robots\" content=\"index, follow, max-snippet:-1, max-image-preview:large, max-video-preview:-1\" \/>\n<link rel=\"canonical\" href=\"https:\/\/garantie.be\/es\/modelos-cartas-gestion-arrendamientos\/model-contrato-arrendamiento-bruselas\/\" \/>\n<meta property=\"og:locale\" content=\"es_ES\" \/>\n<meta property=\"og:type\" content=\"article\" \/>\n<meta property=\"og:title\" content=\"Modelo de contrato de arrendamiento para Bruselas\" \/>\n<meta property=\"og:description\" content=\"Plantilla gratuitacontrato de arrendamiento Bruselas La Regi\u00f3n de Bruselas-Capital ofrece un modelo oficial de contrato de arrendamiento de vivienda principal, conforme a las disposiciones del C\u00f3digo de la Vivienda de Bruselas. Este contrato tipo garantiza que el propietario y el inquilino cumplen las obligaciones legales vigentes en Bruselas. Est\u00e1 especialmente adaptado a las viviendas destinadas [&hellip;]\" \/>\n<meta property=\"og:url\" content=\"https:\/\/garantie.be\/es\/modelos-cartas-gestion-arrendamientos\/model-contrato-arrendamiento-bruselas\/\" \/>\n<meta property=\"og:site_name\" content=\"Garantie\" \/>\n<meta property=\"article:modified_time\" content=\"2025-10-15T14:08:19+00:00\" \/>\n<meta name=\"twitter:card\" content=\"summary_large_image\" \/>\n<meta name=\"twitter:label1\" content=\"Tiempo de lectura\" \/>\n\t<meta name=\"twitter:data1\" content=\"2 minutos\" \/>\n<script type=\"application\/ld+json\" class=\"yoast-schema-graph\">{\"@context\":\"https:\\\/\\\/schema.org\",\"@graph\":[{\"@type\":\"WebPage\",\"@id\":\"https:\\\/\\\/garantie.be\\\/es\\\/modelos-cartas-gestion-arrendamientos\\\/model-contrato-arrendamiento-bruselas\\\/\",\"url\":\"https:\\\/\\\/garantie.be\\\/es\\\/modelos-cartas-gestion-arrendamientos\\\/model-contrato-arrendamiento-bruselas\\\/\",\"name\":\"Modelo de contrato de arrendamiento para Bruselas\",\"isPartOf\":{\"@id\":\"https:\\\/\\\/garantie.be\\\/es\\\/#website\"},\"datePublished\":\"2025-10-15T13:07:54+00:00\",\"dateModified\":\"2025-10-15T14:08:19+00:00\",\"breadcrumb\":{\"@id\":\"https:\\\/\\\/garantie.be\\\/es\\\/modelos-cartas-gestion-arrendamientos\\\/model-contrato-arrendamiento-bruselas\\\/#breadcrumb\"},\"inLanguage\":\"es\",\"potentialAction\":[{\"@type\":\"ReadAction\",\"target\":[\"https:\\\/\\\/garantie.be\\\/es\\\/modelos-cartas-gestion-arrendamientos\\\/model-contrato-arrendamiento-bruselas\\\/\"]}]},{\"@type\":\"BreadcrumbList\",\"@id\":\"https:\\\/\\\/garantie.be\\\/es\\\/modelos-cartas-gestion-arrendamientos\\\/model-contrato-arrendamiento-bruselas\\\/#breadcrumb\",\"itemListElement\":[{\"@type\":\"ListItem\",\"position\":1,\"name\":\"Accueil\",\"item\":\"https:\\\/\\\/garantie.be\\\/es\\\/\"},{\"@type\":\"ListItem\",\"position\":2,\"name\":\"Modelos de cartas y herramientas pr\u00e1cticas para gestionar tu hogar\",\"item\":\"https:\\\/\\\/garantie.be\\\/es\\\/modelos-cartas-gestion-arrendamientos\\\/\"},{\"@type\":\"ListItem\",\"position\":3,\"name\":\"Modelo de contrato de arrendamiento para Bruselas\"}]},{\"@type\":\"WebSite\",\"@id\":\"https:\\\/\\\/garantie.be\\\/es\\\/#website\",\"url\":\"https:\\\/\\\/garantie.be\\\/es\\\/\",\"name\":\"Garantie\",\"description\":\"\",\"publisher\":{\"@id\":\"https:\\\/\\\/garantie.be\\\/es\\\/#organization\"},\"potentialAction\":[{\"@type\":\"SearchAction\",\"target\":{\"@type\":\"EntryPoint\",\"urlTemplate\":\"https:\\\/\\\/garantie.be\\\/es\\\/?s={search_term_string}\"},\"query-input\":{\"@type\":\"PropertyValueSpecification\",\"valueRequired\":true,\"valueName\":\"search_term_string\"}}],\"inLanguage\":\"es\"},{\"@type\":\"Organization\",\"@id\":\"https:\\\/\\\/garantie.be\\\/es\\\/#organization\",\"name\":\"Garantie.be\",\"url\":\"https:\\\/\\\/garantie.be\\\/es\\\/\",\"logo\":{\"@type\":\"ImageObject\",\"inLanguage\":\"es\",\"@id\":\"https:\\\/\\\/garantie.be\\\/es\\\/#\\\/schema\\\/logo\\\/image\\\/\",\"url\":\"\",\"contentUrl\":\"\",\"caption\":\"Garantie.be\"},\"image\":{\"@id\":\"https:\\\/\\\/garantie.be\\\/es\\\/#\\\/schema\\\/logo\\\/image\\\/\"}}]}<\/script>\n<!-- \/ Yoast SEO plugin. -->","yoast_head_json":{"title":"Modelo de contrato de arrendamiento para Bruselas","robots":{"index":"index","follow":"follow","max-snippet":"max-snippet:-1","max-image-preview":"max-image-preview:large","max-video-preview":"max-video-preview:-1"},"canonical":"https:\/\/garantie.be\/es\/modelos-cartas-gestion-arrendamientos\/model-contrato-arrendamiento-bruselas\/","og_locale":"es_ES","og_type":"article","og_title":"Modelo de contrato de arrendamiento para Bruselas","og_description":"Plantilla gratuitacontrato de arrendamiento Bruselas La Regi\u00f3n de Bruselas-Capital ofrece un modelo oficial de contrato de arrendamiento de vivienda principal, conforme a las disposiciones del C\u00f3digo de la Vivienda de Bruselas. Este contrato tipo garantiza que el propietario y el inquilino cumplen las obligaciones legales vigentes en Bruselas. Est\u00e1 especialmente adaptado a las viviendas destinadas [&hellip;]","og_url":"https:\/\/garantie.be\/es\/modelos-cartas-gestion-arrendamientos\/model-contrato-arrendamiento-bruselas\/","og_site_name":"Garantie","article_modified_time":"2025-10-15T14:08:19+00:00","twitter_card":"summary_large_image","twitter_misc":{"Tiempo de lectura":"2 minutos"},"schema":{"@context":"https:\/\/schema.org","@graph":[{"@type":"WebPage","@id":"https:\/\/garantie.be\/es\/modelos-cartas-gestion-arrendamientos\/model-contrato-arrendamiento-bruselas\/","url":"https:\/\/garantie.be\/es\/modelos-cartas-gestion-arrendamientos\/model-contrato-arrendamiento-bruselas\/","name":"Modelo de contrato de arrendamiento para Bruselas","isPartOf":{"@id":"https:\/\/garantie.be\/es\/#website"},"datePublished":"2025-10-15T13:07:54+00:00","dateModified":"2025-10-15T14:08:19+00:00","breadcrumb":{"@id":"https:\/\/garantie.be\/es\/modelos-cartas-gestion-arrendamientos\/model-contrato-arrendamiento-bruselas\/#breadcrumb"},"inLanguage":"es","potentialAction":[{"@type":"ReadAction","target":["https:\/\/garantie.be\/es\/modelos-cartas-gestion-arrendamientos\/model-contrato-arrendamiento-bruselas\/"]}]},{"@type":"BreadcrumbList","@id":"https:\/\/garantie.be\/es\/modelos-cartas-gestion-arrendamientos\/model-contrato-arrendamiento-bruselas\/#breadcrumb","itemListElement":[{"@type":"ListItem","position":1,"name":"Accueil","item":"https:\/\/garantie.be\/es\/"},{"@type":"ListItem","position":2,"name":"Modelos de cartas y herramientas pr\u00e1cticas para gestionar tu hogar","item":"https:\/\/garantie.be\/es\/modelos-cartas-gestion-arrendamientos\/"},{"@type":"ListItem","position":3,"name":"Modelo de contrato de arrendamiento para Bruselas"}]},{"@type":"WebSite","@id":"https:\/\/garantie.be\/es\/#website","url":"https:\/\/garantie.be\/es\/","name":"Garantie","description":"","publisher":{"@id":"https:\/\/garantie.be\/es\/#organization"},"potentialAction":[{"@type":"SearchAction","target":{"@type":"EntryPoint","urlTemplate":"https:\/\/garantie.be\/es\/?s={search_term_string}"},"query-input":{"@type":"PropertyValueSpecification","valueRequired":true,"valueName":"search_term_string"}}],"inLanguage":"es"},{"@type":"Organization","@id":"https:\/\/garantie.be\/es\/#organization","name":"Garantie.be","url":"https:\/\/garantie.be\/es\/","logo":{"@type":"ImageObject","inLanguage":"es","@id":"https:\/\/garantie.be\/es\/#\/schema\/logo\/image\/","url":"","contentUrl":"","caption":"Garantie.be"},"image":{"@id":"https:\/\/garantie.be\/es\/#\/schema\/logo\/image\/"}}]}},"_links":{"self":[{"href":"https:\/\/garantie.be\/es\/wp-json\/wp\/v2\/pages\/19453","targetHints":{"allow":["GET"]}}],"collection":[{"href":"https:\/\/garantie.be\/es\/wp-json\/wp\/v2\/pages"}],"about":[{"href":"https:\/\/garantie.be\/es\/wp-json\/wp\/v2\/types\/page"}],"author":[{"embeddable":true,"href":"https:\/\/garantie.be\/es\/wp-json\/wp\/v2\/users\/1"}],"replies":[{"embeddable":true,"href":"https:\/\/garantie.be\/es\/wp-json\/wp\/v2\/comments?post=19453"}],"version-history":[{"count":0,"href":"https:\/\/garantie.be\/es\/wp-json\/wp\/v2\/pages\/19453\/revisions"}],"up":[{"embeddable":true,"href":"https:\/\/garantie.be\/es\/wp-json\/wp\/v2\/pages\/18825"}],"wp:attachment":[{"href":"https:\/\/garantie.be\/es\/wp-json\/wp\/v2\/media?parent=19453"}],"curies":[{"name":"wp","href":"https:\/\/api.w.org\/{rel}","templated":true}]}}