{"id":19674,"date":"2025-10-23T14:08:37","date_gmt":"2025-10-23T12:08:37","guid":{"rendered":"https:\/\/garantie.be\/guia-inquilinos-belgica\/habitacion-estudiante-piso-compartido\/"},"modified":"2025-11-22T09:48:19","modified_gmt":"2025-11-22T08:48:19","slug":"habitacion-estudiante-piso-compartido","status":"publish","type":"page","link":"https:\/\/garantie.be\/es\/guia-inquilinos-belgica\/habitacion-estudiante-piso-compartido\/","title":{"rendered":"Kot y compartir piso en B\u00e9lgica: gu\u00eda pr\u00e1ctica para estudiantes (2026)"},"content":{"rendered":"\t\t<div data-elementor-type=\"wp-page\" data-elementor-id=\"19674\" class=\"elementor elementor-19674 elementor-19619\" data-elementor-post-type=\"page\">\n\t\t\t\t\t\t<section class=\"elementor-section elementor-top-section elementor-element elementor-element-2b2fe503 elementor-section-boxed elementor-section-height-default elementor-section-height-default\" data-id=\"2b2fe503\" data-element_type=\"section\" data-e-type=\"section\">\n\t\t\t\t\t\t<div class=\"elementor-container elementor-column-gap-default\">\n\t\t\t\t\t<div class=\"elementor-column elementor-col-100 elementor-top-column elementor-element elementor-element-9765e52\" data-id=\"9765e52\" data-element_type=\"column\" data-e-type=\"column\">\n\t\t\t<div class=\"elementor-widget-wrap elementor-element-populated\">\n\t\t\t\t\t\t<div class=\"elementor-element elementor-element-4ead9c68 elementor-widget elementor-widget-spacer\" data-id=\"4ead9c68\" data-element_type=\"widget\" data-e-type=\"widget\" data-widget_type=\"spacer.default\">\n\t\t\t\t<div class=\"elementor-widget-container\">\n\t\t\t\t\t\t\t<div class=\"elementor-spacer\">\n\t\t\t<div class=\"elementor-spacer-inner\"><\/div>\n\t\t<\/div>\n\t\t\t\t\t\t<\/div>\n\t\t\t\t<\/div>\n\t\t\t\t<div class=\"elementor-element elementor-element-3311b03c elementor-widget elementor-widget-heading\" data-id=\"3311b03c\" data-element_type=\"widget\" data-e-type=\"widget\" data-widget_type=\"heading.default\">\n\t\t\t\t<div class=\"elementor-widget-container\">\n\t\t\t\t\t<h1 class=\"elementor-heading-title elementor-size-default\"><b>habitacion estudiante y piso compartido<\/b><br>en B\u00e9lgica<\/h1>\t\t\t\t<\/div>\n\t\t\t\t<\/div>\n\t\t\t\t<div class=\"elementor-element elementor-element-2796b861 elementor-widget elementor-widget-spacer\" data-id=\"2796b861\" data-element_type=\"widget\" data-e-type=\"widget\" data-widget_type=\"spacer.default\">\n\t\t\t\t<div class=\"elementor-widget-container\">\n\t\t\t\t\t\t\t<div class=\"elementor-spacer\">\n\t\t\t<div class=\"elementor-spacer-inner\"><\/div>\n\t\t<\/div>\n\t\t\t\t\t\t<\/div>\n\t\t\t\t<\/div>\n\t\t\t\t<div class=\"elementor-element elementor-element-5e990ea2 elementor-widget elementor-widget-heading\" data-id=\"5e990ea2\" data-element_type=\"widget\" data-e-type=\"widget\" data-widget_type=\"heading.default\">\n\t\t\t\t<div class=\"elementor-widget-container\">\n\t\t\t\t\t<h2 class=\"elementor-heading-title elementor-size-default\">\u00bfQu\u00e9 significa exactamente vivir en un kot o piso compartido?<\/h2>\t\t\t\t<\/div>\n\t\t\t\t<\/div>\n\t\t\t\t<div class=\"elementor-element elementor-element-7ff7f9e4 elementor-widget elementor-widget-text-editor\" data-id=\"7ff7f9e4\" data-element_type=\"widget\" data-e-type=\"widget\" data-widget_type=\"text-editor.default\">\n\t\t\t\t<div class=\"elementor-widget-container\">\n\t\t\t\t\t\t\t\t\t<p>En B\u00e9lgica, un kot es un alojamiento para estudiantes, generalmente una habitaci\u00f3n amueblada con zonas comunes (cocina, ba\u00f1o, sala de estar). Puedes vivir : <\/p><ul><li>en un <strong>kot individual<\/strong> con dormitorio, cocina y ba\u00f1o;<\/li><li>en un <strong>kot compartido<\/strong>, donde varios estudiantes comparten un piso grande;<\/li><li>en una <strong>residencia de estudiantes<\/strong> gestionada por una universidad o un propietario privado.<\/li><\/ul><p>En resumen, un kot es el alojamiento t\u00edpico de los estudiantes belgas: pr\u00e1ctico, a menudo bien situado y m\u00e1s asequible que un piso completo.<\/p>\t\t\t\t\t\t\t\t<\/div>\n\t\t\t\t<\/div>\n\t\t\t\t<div class=\"elementor-element elementor-element-745ae68 elementor-widget elementor-widget-heading\" data-id=\"745ae68\" data-element_type=\"widget\" data-e-type=\"widget\" data-widget_type=\"heading.default\">\n\t\t\t\t<div class=\"elementor-widget-container\">\n\t\t\t\t\t<h2 class=\"elementor-heading-title elementor-size-default\">\u00bfCu\u00e1nto cuesta un kot o piso compartido?<\/h2>\t\t\t\t<\/div>\n\t\t\t\t<\/div>\n\t\t\t\t<div class=\"elementor-element elementor-element-3c65d8fa elementor-widget elementor-widget-text-editor\" data-id=\"3c65d8fa\" data-element_type=\"widget\" data-e-type=\"widget\" data-widget_type=\"text-editor.default\">\n\t\t\t\t<div class=\"elementor-widget-container\">\n\t\t\t\t\t\t\t\t\tLos precios var\u00edan enormemente seg\u00fan la ciudad y el tipo de alojamiento:\n\n&nbsp;\n<div class=\"kot-table-container\" style=\"overflow-x:auto; margin-top:20px;\">\n  <table style=\"width:100%; border-collapse:collapse; font-family:'Inter', sans-serif; font-size:16px; text-align:left;\">\n    <thead>\n      <tr style=\"background-color:#f6f7fb; border-bottom:2px solid #d5d8e0;\">\n        <th style=\"padding:12px 10px; font-weight:600;\">Ciudad<\/th>\n        <th style=\"padding:12px 10px; font-weight:600;\">Alquiler medio de un kot<\/th>\n        <th style=\"padding:12px 10px; font-weight:600;\">Alquiler medio de un piso compartido<\/th>\n      <\/tr>\n    <\/thead>\n    <tbody>\n      <tr>\n        <td style=\"padding:10px; border-bottom:1px solid #e4e6eb;\">Bruselas<\/td>\n        <td style=\"padding:10px; border-bottom:1px solid #e4e6eb;\">500 &#8211; 700 \u20ac\/mes<\/td>\n        <td style=\"padding:10px; border-bottom:1px solid #e4e6eb;\">450 &#8211; 650 \u20ac\/mes<\/td>\n      <\/tr>\n      <tr>\n        <td style=\"padding:10px; border-bottom:1px solid #e4e6eb;\">Lovaina la Nueva<\/td>\n        <td style=\"padding:10px; border-bottom:1px solid #e4e6eb;\">400 &#8211; 550 \u20ac\/mes<\/td>\n        <td style=\"padding:10px; border-bottom:1px solid #e4e6eb;\">350 &#8211; 500 \u20ac\/mes<\/td>\n      <\/tr>\n      <tr>\n        <td style=\"padding:10px; border-bottom:1px solid #e4e6eb;\">Lieja<\/td>\n        <td style=\"padding:10px; border-bottom:1px solid #e4e6eb;\">350 &#8211; 500 \u20ac\/mes<\/td>\n        <td style=\"padding:10px; border-bottom:1px solid #e4e6eb;\">300 &#8211; 450 \u20ac\/mes<\/td>\n      <\/tr>\n      <tr>\n        <td style=\"padding:10px;\">Gante \/ Amberes<\/td>\n        <td style=\"padding:10px;\">450 &#8211; 650 \u20ac\/mes<\/td>\n        <td style=\"padding:10px;\">400 &#8211; 600 \u20ac\/mes<\/td>\n      <\/tr>\n    <\/tbody>\n  <\/table>\n<\/div>\n\t\t\t\t\t\t\t\t<\/div>\n\t\t\t\t<\/div>\n\t\t\t\t<div class=\"elementor-element elementor-element-24660dd elementor-widget elementor-widget-heading\" data-id=\"24660dd\" data-element_type=\"widget\" data-e-type=\"widget\" data-widget_type=\"heading.default\">\n\t\t\t\t<div class=\"elementor-widget-container\">\n\t\t\t\t\t<h2 class=\"elementor-heading-title elementor-size-default\">Garant\u00eda de alquiler de un kot<\/h2>\t\t\t\t<\/div>\n\t\t\t\t<\/div>\n\t\t\t\t<div class=\"elementor-element elementor-element-503d9f0 elementor-widget elementor-widget-text-editor\" data-id=\"503d9f0\" data-element_type=\"widget\" data-e-type=\"widget\" data-widget_type=\"text-editor.default\">\n\t\t\t\t<div class=\"elementor-widget-container\">\n\t\t\t\t\t\t\t\t\t<p>Todos los propietarios exigen una fianza de alquiler por un kot. Esto cubre cualquier da\u00f1o o impago del alquiler. <\/p><p>Posibles opciones:<\/p><ul><li><a href=\"https:\/\/garantie.be\/es\/fianza-de-alquiler\/cuenta-bancaria-bloqueada-fianza-alquiler\/\">Cuenta bloqueada<\/a> en un banco belga para pagar 2 \u00f3 3 meses de alquiler.<\/li><li><a href=\"https:\/\/garantie.be\/es\/garantia-bancaria-alquiler\/\">Garant\u00eda bancaria<\/a> reembolsable pagada al arrendador, que el arrendatario devuelve gradualmente.<\/li><li><a href=\"https:\/\/garantie.be\/es\/fianza-alquiler-belgica\/\">Fianza de alquiler<\/a> a trav\u00e9s de Garantie.be, que act\u00faa como garante para ti sin bloquear ning\u00fan dinero.<\/li><\/ul><p> <\/p><p><strong>Consejo para estudiantes<\/strong>: la soluci\u00f3n de dep\u00f3sito sin bloqueo suele ser la m\u00e1s pr\u00e1ctica: r\u00e1pida, 100% digital y sin bloqueo de fondos.<\/p>\t\t\t\t\t\t\t\t<\/div>\n\t\t\t\t<\/div>\n\t\t\t\t\t<\/div>\n\t\t<\/div>\n\t\t\t\t\t<\/div>\n\t\t<\/section>\n\t\t\t\t<section class=\"elementor-section elementor-top-section elementor-element elementor-element-30ddb32e elementor-section-content-middle elementor-section-height-min-height elementor-section-items-stretch elementor-section-boxed elementor-section-height-default\" data-id=\"30ddb32e\" data-element_type=\"section\" data-e-type=\"section\">\n\t\t\t\t\t\t<div class=\"elementor-container elementor-column-gap-no\">\n\t\t\t\t\t<div class=\"elementor-column elementor-col-100 elementor-top-column elementor-element elementor-element-75f181b8\" data-id=\"75f181b8\" data-element_type=\"column\" data-e-type=\"column\" data-settings=\"{&quot;background_background&quot;:&quot;classic&quot;}\">\n\t\t\t<div class=\"elementor-widget-wrap elementor-element-populated\">\n\t\t\t\t\t\t<div class=\"elementor-element elementor-element-59ce49fb elementor-widget elementor-widget-text-editor\" data-id=\"59ce49fb\" data-element_type=\"widget\" data-e-type=\"widget\" data-widget_type=\"text-editor.default\">\n\t\t\t\t<div class=\"elementor-widget-container\">\n\t\t\t\t\t\t\t\t\t<p>Rellena el formulario para obtener una <a href=\"https:\/\/garantie.be\/es\/fianza-alquiler-en-linea\/\">fianza de alquiler en l\u00ednea<\/a> <strong>para un kot o un piso compartido<\/strong> en s\u00f3lo unas horas. No se bloquea ning\u00fan dinero, conforme a la legislaci\u00f3n belga y aceptado por todos los arrendadores.<\/p>\t\t\t\t\t\t\t\t<\/div>\n\t\t\t\t<\/div>\n\t\t\t\t<div class=\"elementor-element elementor-element-4f7f8824 elementor-mobile-align-center elementor-align-center elementor-widget elementor-widget-button\" data-id=\"4f7f8824\" data-element_type=\"widget\" data-e-type=\"widget\" data-widget_type=\"button.default\">\n\t\t\t\t<div class=\"elementor-widget-container\">\n\t\t\t\t\t\t\t\t\t<div class=\"elementor-button-wrapper\">\n\t\t\t\t\t<a class=\"elementor-button elementor-button-link elementor-size-sm\" href=\"https:\/\/account.garantie.be\/en\/register\/lease\">\n\t\t\t\t\t\t<span class=\"elementor-button-content-wrapper\">\n\t\t\t\t\t\t\t\t\t<span class=\"elementor-button-text\">formulario de garant\u00eda de alquiler 100% online<\/span>\n\t\t\t\t\t<\/span>\n\t\t\t\t\t<\/a>\n\t\t\t\t<\/div>\n\t\t\t\t\t\t\t\t<\/div>\n\t\t\t\t<\/div>\n\t\t\t\t\t<\/div>\n\t\t<\/div>\n\t\t\t\t\t<\/div>\n\t\t<\/section>\n\t\t\t\t<section class=\"elementor-section elementor-top-section elementor-element elementor-element-71c66f01 elementor-section-boxed elementor-section-height-default elementor-section-height-default\" data-id=\"71c66f01\" data-element_type=\"section\" data-e-type=\"section\">\n\t\t\t\t\t\t<div class=\"elementor-container elementor-column-gap-default\">\n\t\t\t\t\t<div class=\"elementor-column elementor-col-100 elementor-top-column elementor-element elementor-element-4606a629\" data-id=\"4606a629\" data-element_type=\"column\" data-e-type=\"column\">\n\t\t\t<div class=\"elementor-widget-wrap elementor-element-populated\">\n\t\t\t\t\t\t<div class=\"elementor-element elementor-element-3a37ff28 elementor-widget elementor-widget-spacer\" data-id=\"3a37ff28\" data-element_type=\"widget\" data-e-type=\"widget\" data-widget_type=\"spacer.default\">\n\t\t\t\t<div class=\"elementor-widget-container\">\n\t\t\t\t\t\t\t<div class=\"elementor-spacer\">\n\t\t\t<div class=\"elementor-spacer-inner\"><\/div>\n\t\t<\/div>\n\t\t\t\t\t\t<\/div>\n\t\t\t\t<\/div>\n\t\t\t\t<div class=\"elementor-element elementor-element-167d5d76 elementor-widget elementor-widget-heading\" data-id=\"167d5d76\" data-element_type=\"widget\" data-e-type=\"widget\" data-widget_type=\"heading.default\">\n\t\t\t\t<div class=\"elementor-widget-container\">\n\t\t\t\t\t<h2 class=\"elementor-heading-title elementor-size-default\">El contrato de arrendamiento de un kot o alquiler compartido<\/h2>\t\t\t\t<\/div>\n\t\t\t\t<\/div>\n\t\t\t\t<div class=\"elementor-element elementor-element-350eb03c elementor-widget elementor-widget-text-editor\" data-id=\"350eb03c\" data-element_type=\"widget\" data-e-type=\"widget\" data-widget_type=\"text-editor.default\">\n\t\t\t\t<div class=\"elementor-widget-container\">\n\t\t\t\t\t\t\t\t\t<p>En B\u00e9lgica, la mayor\u00eda de los estudiantes firman un contrato de alquiler, a menudo por un periodo de 9 a 12 meses. El contrato puede ser individual o a nombre de todos los compa\u00f1eros de piso (contrato conjunto). <\/p><p><strong>Ases\u00f3rate antes de firmar el contrato de alquiler<\/strong>:<\/p><ol><li>Aseg\u00farate de leer atentamente el contrato de alquiler de kot: debe especificar el plazo, el alquiler, los gastos y la garant\u00eda.<\/li><li>Realiza un acta <a href=\"https:\/\/garantie.be\/es\/inventario-estado-inmueble\/\">de entrega<\/a> con el propietario.<\/li><li>Pide una copia firmada por ambas partes.<\/li><\/ol><p><strong>En alojamiento compartido<\/strong>: tienes que asegurarte de c\u00f3mo se reparten las responsabilidades: \u00bftiene cada compa\u00f1ero de piso su propio contrato de alquiler, o es un contrato colectivo? Esta norma lo cambia todo en caso de salida anticipada o da\u00f1os en la vivienda. <\/p><p><strong>Plantilla \u00fatil para descargar<\/strong>: Plantilla gratuita de contrato de alquiler para estudiantes<\/p>\t\t\t\t\t\t\t\t<\/div>\n\t\t\t\t<\/div>\n\t\t\t\t<div class=\"elementor-element elementor-element-77f353ab elementor-widget elementor-widget-heading\" data-id=\"77f353ab\" data-element_type=\"widget\" data-e-type=\"widget\" data-widget_type=\"heading.default\">\n\t\t\t\t<div class=\"elementor-widget-container\">\n\t\t\t\t\t<h2 class=\"elementor-heading-title elementor-size-default\">Cargos en un kot o piso compartido<\/h2>\t\t\t\t<\/div>\n\t\t\t\t<\/div>\n\t\t\t\t<div class=\"elementor-element elementor-element-6dc4c029 elementor-widget elementor-widget-text-editor\" data-id=\"6dc4c029\" data-element_type=\"widget\" data-e-type=\"widget\" data-widget_type=\"text-editor.default\">\n\t\t\t\t<div class=\"elementor-widget-container\">\n\t\t\t\t\t\t\t\t\t<p>Las tarifas dependen del tipo de alojamiento:<\/p><ul><li>En un <strong>kot individual<\/strong>, el inquilino suele pagar por separado el agua, el gas y la electricidad.<\/li><li>En un <strong>kot compartido<\/strong>, suelen estar incluidos en el alquiler, sobre todo si se comparten la cocina y el ba\u00f1o.<\/li><li>Algunos contratos de alquiler prev\u00e9n una tarifa plana, mientras que otros prev\u00e9n una aver\u00eda real una vez al a\u00f1o.<\/li><\/ul><p> <\/p><p>Lo que siempre debes comprobar :<\/p><ul><li>si se incluye internet,<\/li><li>si la calefacci\u00f3n es colectiva,<\/li><li>y si la limpieza de las zonas comunes est\u00e1 incluida en los gastos.<\/li><\/ul>\t\t\t\t\t\t\t\t<\/div>\n\t\t\t\t<\/div>\n\t\t\t\t\t<\/div>\n\t\t<\/div>\n\t\t\t\t\t<\/div>\n\t\t<\/section>\n\t\t\t\t<\/div>\n\t\t","protected":false},"excerpt":{"rendered":"<p>habitacion estudiante y piso compartidoen B\u00e9lgica \u00bfQu\u00e9 significa exactamente vivir en un kot o piso compartido? En B\u00e9lgica, un kot es un alojamiento para estudiantes, generalmente una habitaci\u00f3n amueblada con zonas comunes (cocina, ba\u00f1o, sala de estar). Puedes vivir : en un kot individual con dormitorio, cocina y ba\u00f1o; en un kot compartido, donde varios [&hellip;]<\/p>\n","protected":false},"author":1,"featured_media":0,"parent":18821,"menu_order":0,"comment_status":"closed","ping_status":"closed","template":"","meta":{"footnotes":""},"class_list":["post-19674","page","type-page","status-publish","hentry"],"yoast_head":"<!-- This site is optimized with the Yoast SEO plugin v27.3 - https:\/\/yoast.com\/product\/yoast-seo-wordpress\/ -->\n<title>Kot y compartir piso en B\u00e9lgica: gu\u00eda pr\u00e1ctica para estudiantes (2026)<\/title>\n<meta name=\"description\" content=\"Todo lo que necesitas saber sobre vivir en un kot y compartir piso en B\u00e9lgica: precios, contratos, cargas, fianza de alquiler y consejos para estudiantes.\" \/>\n<meta name=\"robots\" content=\"index, follow, max-snippet:-1, max-image-preview:large, max-video-preview:-1\" \/>\n<link rel=\"canonical\" href=\"https:\/\/garantie.be\/es\/guia-inquilinos-belgica\/habitacion-estudiante-piso-compartido\/\" \/>\n<meta property=\"og:locale\" content=\"es_ES\" \/>\n<meta property=\"og:type\" content=\"article\" \/>\n<meta property=\"og:title\" content=\"Kot y compartir piso en B\u00e9lgica: gu\u00eda pr\u00e1ctica para estudiantes (2026)\" \/>\n<meta property=\"og:description\" content=\"Todo lo que necesitas saber sobre vivir en un kot y compartir piso en B\u00e9lgica: precios, contratos, cargas, fianza de alquiler y consejos para estudiantes.\" \/>\n<meta property=\"og:url\" content=\"https:\/\/garantie.be\/es\/guia-inquilinos-belgica\/habitacion-estudiante-piso-compartido\/\" \/>\n<meta property=\"og:site_name\" content=\"Garantie\" \/>\n<meta property=\"article:modified_time\" content=\"2025-11-22T08:48:19+00:00\" \/>\n<meta name=\"twitter:card\" content=\"summary_large_image\" \/>\n<meta name=\"twitter:label1\" content=\"Tiempo de lectura\" \/>\n\t<meta name=\"twitter:data1\" content=\"3 minutos\" \/>\n<script type=\"application\/ld+json\" class=\"yoast-schema-graph\">{\"@context\":\"https:\\\/\\\/schema.org\",\"@graph\":[{\"@type\":\"WebPage\",\"@id\":\"https:\\\/\\\/garantie.be\\\/es\\\/guia-inquilinos-belgica\\\/habitacion-estudiante-piso-compartido\\\/\",\"url\":\"https:\\\/\\\/garantie.be\\\/es\\\/guia-inquilinos-belgica\\\/habitacion-estudiante-piso-compartido\\\/\",\"name\":\"Kot y compartir piso en B\u00e9lgica: gu\u00eda pr\u00e1ctica para estudiantes (2026)\",\"isPartOf\":{\"@id\":\"https:\\\/\\\/garantie.be\\\/es\\\/#website\"},\"datePublished\":\"2025-10-23T12:08:37+00:00\",\"dateModified\":\"2025-11-22T08:48:19+00:00\",\"description\":\"Todo lo que necesitas saber sobre vivir en un kot y compartir piso en B\u00e9lgica: precios, contratos, cargas, fianza de alquiler y consejos para estudiantes.\",\"breadcrumb\":{\"@id\":\"https:\\\/\\\/garantie.be\\\/es\\\/guia-inquilinos-belgica\\\/habitacion-estudiante-piso-compartido\\\/#breadcrumb\"},\"inLanguage\":\"es\",\"potentialAction\":[{\"@type\":\"ReadAction\",\"target\":[\"https:\\\/\\\/garantie.be\\\/es\\\/guia-inquilinos-belgica\\\/habitacion-estudiante-piso-compartido\\\/\"]}]},{\"@type\":\"BreadcrumbList\",\"@id\":\"https:\\\/\\\/garantie.be\\\/es\\\/guia-inquilinos-belgica\\\/habitacion-estudiante-piso-compartido\\\/#breadcrumb\",\"itemListElement\":[{\"@type\":\"ListItem\",\"position\":1,\"name\":\"Accueil\",\"item\":\"https:\\\/\\\/garantie.be\\\/es\\\/\"},{\"@type\":\"ListItem\",\"position\":2,\"name\":\"Gu\u00eda para inquilinos en B\u00e9lgica 2026 | Derechos, procedimientos, modelos y obligaciones\",\"item\":\"https:\\\/\\\/garantie.be\\\/es\\\/guia-inquilinos-belgica\\\/\"},{\"@type\":\"ListItem\",\"position\":3,\"name\":\"Kot y compartir piso en B\u00e9lgica: gu\u00eda pr\u00e1ctica para estudiantes (2026)\"}]},{\"@type\":\"WebSite\",\"@id\":\"https:\\\/\\\/garantie.be\\\/es\\\/#website\",\"url\":\"https:\\\/\\\/garantie.be\\\/es\\\/\",\"name\":\"Garantie\",\"description\":\"\",\"publisher\":{\"@id\":\"https:\\\/\\\/garantie.be\\\/es\\\/#organization\"},\"potentialAction\":[{\"@type\":\"SearchAction\",\"target\":{\"@type\":\"EntryPoint\",\"urlTemplate\":\"https:\\\/\\\/garantie.be\\\/es\\\/?s={search_term_string}\"},\"query-input\":{\"@type\":\"PropertyValueSpecification\",\"valueRequired\":true,\"valueName\":\"search_term_string\"}}],\"inLanguage\":\"es\"},{\"@type\":\"Organization\",\"@id\":\"https:\\\/\\\/garantie.be\\\/es\\\/#organization\",\"name\":\"Garantie.be\",\"url\":\"https:\\\/\\\/garantie.be\\\/es\\\/\",\"logo\":{\"@type\":\"ImageObject\",\"inLanguage\":\"es\",\"@id\":\"https:\\\/\\\/garantie.be\\\/es\\\/#\\\/schema\\\/logo\\\/image\\\/\",\"url\":\"\",\"contentUrl\":\"\",\"caption\":\"Garantie.be\"},\"image\":{\"@id\":\"https:\\\/\\\/garantie.be\\\/es\\\/#\\\/schema\\\/logo\\\/image\\\/\"}}]}<\/script>\n<!-- \/ Yoast SEO plugin. -->","yoast_head_json":{"title":"Kot y compartir piso en B\u00e9lgica: gu\u00eda pr\u00e1ctica para estudiantes (2026)","description":"Todo lo que necesitas saber sobre vivir en un kot y compartir piso en B\u00e9lgica: precios, contratos, cargas, fianza de alquiler y consejos para estudiantes.","robots":{"index":"index","follow":"follow","max-snippet":"max-snippet:-1","max-image-preview":"max-image-preview:large","max-video-preview":"max-video-preview:-1"},"canonical":"https:\/\/garantie.be\/es\/guia-inquilinos-belgica\/habitacion-estudiante-piso-compartido\/","og_locale":"es_ES","og_type":"article","og_title":"Kot y compartir piso en B\u00e9lgica: gu\u00eda pr\u00e1ctica para estudiantes (2026)","og_description":"Todo lo que necesitas saber sobre vivir en un kot y compartir piso en B\u00e9lgica: precios, contratos, cargas, fianza de alquiler y consejos para estudiantes.","og_url":"https:\/\/garantie.be\/es\/guia-inquilinos-belgica\/habitacion-estudiante-piso-compartido\/","og_site_name":"Garantie","article_modified_time":"2025-11-22T08:48:19+00:00","twitter_card":"summary_large_image","twitter_misc":{"Tiempo de lectura":"3 minutos"},"schema":{"@context":"https:\/\/schema.org","@graph":[{"@type":"WebPage","@id":"https:\/\/garantie.be\/es\/guia-inquilinos-belgica\/habitacion-estudiante-piso-compartido\/","url":"https:\/\/garantie.be\/es\/guia-inquilinos-belgica\/habitacion-estudiante-piso-compartido\/","name":"Kot y compartir piso en B\u00e9lgica: gu\u00eda pr\u00e1ctica para estudiantes (2026)","isPartOf":{"@id":"https:\/\/garantie.be\/es\/#website"},"datePublished":"2025-10-23T12:08:37+00:00","dateModified":"2025-11-22T08:48:19+00:00","description":"Todo lo que necesitas saber sobre vivir en un kot y compartir piso en B\u00e9lgica: precios, contratos, cargas, fianza de alquiler y consejos para estudiantes.","breadcrumb":{"@id":"https:\/\/garantie.be\/es\/guia-inquilinos-belgica\/habitacion-estudiante-piso-compartido\/#breadcrumb"},"inLanguage":"es","potentialAction":[{"@type":"ReadAction","target":["https:\/\/garantie.be\/es\/guia-inquilinos-belgica\/habitacion-estudiante-piso-compartido\/"]}]},{"@type":"BreadcrumbList","@id":"https:\/\/garantie.be\/es\/guia-inquilinos-belgica\/habitacion-estudiante-piso-compartido\/#breadcrumb","itemListElement":[{"@type":"ListItem","position":1,"name":"Accueil","item":"https:\/\/garantie.be\/es\/"},{"@type":"ListItem","position":2,"name":"Gu\u00eda para inquilinos en B\u00e9lgica 2026 | Derechos, procedimientos, modelos y obligaciones","item":"https:\/\/garantie.be\/es\/guia-inquilinos-belgica\/"},{"@type":"ListItem","position":3,"name":"Kot y compartir piso en B\u00e9lgica: gu\u00eda pr\u00e1ctica para estudiantes (2026)"}]},{"@type":"WebSite","@id":"https:\/\/garantie.be\/es\/#website","url":"https:\/\/garantie.be\/es\/","name":"Garantie","description":"","publisher":{"@id":"https:\/\/garantie.be\/es\/#organization"},"potentialAction":[{"@type":"SearchAction","target":{"@type":"EntryPoint","urlTemplate":"https:\/\/garantie.be\/es\/?s={search_term_string}"},"query-input":{"@type":"PropertyValueSpecification","valueRequired":true,"valueName":"search_term_string"}}],"inLanguage":"es"},{"@type":"Organization","@id":"https:\/\/garantie.be\/es\/#organization","name":"Garantie.be","url":"https:\/\/garantie.be\/es\/","logo":{"@type":"ImageObject","inLanguage":"es","@id":"https:\/\/garantie.be\/es\/#\/schema\/logo\/image\/","url":"","contentUrl":"","caption":"Garantie.be"},"image":{"@id":"https:\/\/garantie.be\/es\/#\/schema\/logo\/image\/"}}]}},"_links":{"self":[{"href":"https:\/\/garantie.be\/es\/wp-json\/wp\/v2\/pages\/19674","targetHints":{"allow":["GET"]}}],"collection":[{"href":"https:\/\/garantie.be\/es\/wp-json\/wp\/v2\/pages"}],"about":[{"href":"https:\/\/garantie.be\/es\/wp-json\/wp\/v2\/types\/page"}],"author":[{"embeddable":true,"href":"https:\/\/garantie.be\/es\/wp-json\/wp\/v2\/users\/1"}],"replies":[{"embeddable":true,"href":"https:\/\/garantie.be\/es\/wp-json\/wp\/v2\/comments?post=19674"}],"version-history":[{"count":0,"href":"https:\/\/garantie.be\/es\/wp-json\/wp\/v2\/pages\/19674\/revisions"}],"up":[{"embeddable":true,"href":"https:\/\/garantie.be\/es\/wp-json\/wp\/v2\/pages\/18821"}],"wp:attachment":[{"href":"https:\/\/garantie.be\/es\/wp-json\/wp\/v2\/media?parent=19674"}],"curies":[{"name":"wp","href":"https:\/\/api.w.org\/{rel}","templated":true}]}}