{"id":19920,"date":"2025-10-25T11:43:46","date_gmt":"2025-10-25T09:43:46","guid":{"rendered":"https:\/\/garantie.be\/socios-garantie-be\/"},"modified":"2025-10-25T11:43:47","modified_gmt":"2025-10-25T09:43:47","slug":"socios-garantie-be","status":"publish","type":"page","link":"https:\/\/garantie.be\/es\/socios-garantie-be\/","title":{"rendered":"Presentaci\u00f3n de los socios del sitio web garantie.be"},"content":{"rendered":"\t\t<div data-elementor-type=\"wp-page\" data-elementor-id=\"19920\" class=\"elementor elementor-19920 elementor-19708\" data-elementor-post-type=\"page\">\n\t\t\t\t\t\t<section class=\"elementor-section elementor-top-section elementor-element elementor-element-4e711802 elementor-section-boxed elementor-section-height-default elementor-section-height-default\" data-id=\"4e711802\" data-element_type=\"section\" data-e-type=\"section\">\n\t\t\t\t\t\t<div class=\"elementor-container elementor-column-gap-default\">\n\t\t\t\t\t<div class=\"elementor-column elementor-col-100 elementor-top-column elementor-element elementor-element-6a1dac7a\" data-id=\"6a1dac7a\" data-element_type=\"column\" data-e-type=\"column\">\n\t\t\t<div class=\"elementor-widget-wrap elementor-element-populated\">\n\t\t\t\t\t\t<div class=\"elementor-element elementor-element-12f9803e elementor-widget elementor-widget-spacer\" data-id=\"12f9803e\" data-element_type=\"widget\" data-e-type=\"widget\" data-widget_type=\"spacer.default\">\n\t\t\t\t<div class=\"elementor-widget-container\">\n\t\t\t\t\t\t\t<div class=\"elementor-spacer\">\n\t\t\t<div class=\"elementor-spacer-inner\"><\/div>\n\t\t<\/div>\n\t\t\t\t\t\t<\/div>\n\t\t\t\t<\/div>\n\t\t\t\t<div class=\"elementor-element elementor-element-2c6ab149 elementor-widget elementor-widget-heading\" data-id=\"2c6ab149\" data-element_type=\"widget\" data-e-type=\"widget\" data-widget_type=\"heading.default\">\n\t\t\t\t<div class=\"elementor-widget-container\">\n\t\t\t\t\t<h1 class=\"elementor-heading-title elementor-size-default\"><br><b> Socios de<b>GARANTiE.BE<\/b><\/b><\/h1>\t\t\t\t<\/div>\n\t\t\t\t<\/div>\n\t\t\t\t<div class=\"elementor-element elementor-element-4d770326 elementor-widget elementor-widget-spacer\" data-id=\"4d770326\" data-element_type=\"widget\" data-e-type=\"widget\" data-widget_type=\"spacer.default\">\n\t\t\t\t<div class=\"elementor-widget-container\">\n\t\t\t\t\t\t\t<div class=\"elementor-spacer\">\n\t\t\t<div class=\"elementor-spacer-inner\"><\/div>\n\t\t<\/div>\n\t\t\t\t\t\t<\/div>\n\t\t\t\t<\/div>\n\t\t\t\t<div class=\"elementor-element elementor-element-73309db2 elementor-widget elementor-widget-text-editor\" data-id=\"73309db2\" data-element_type=\"widget\" data-e-type=\"widget\" data-widget_type=\"text-editor.default\">\n\t\t\t\t<div class=\"elementor-widget-container\">\n\t\t\t\t\t\t\t\t\t<p><a href=\"https:\/\/garantie.be\/es\/\">garantie.be<\/a> trabaja con una red de <strong>socios de confianza<\/strong> (entidades financieras, aseguradoras y agentes del sector inmobiliario) para ofrecer a inquilinos y propietarios<strong> soluciones sencillas y 100% digitales para constituir su fianza de alquiler<\/strong>.<\/p><p><a href=\"https:\/\/garantie.be\/es\/\">garantie.be<\/a> est\u00e1 editado por GARANTIR SRL, empresa belga autorizada como corredor de seguros y registrada en la FSMA (Autoridad de Servicios y Mercados Financieros).<\/p><p>Gracias a estas colaboraciones, <a href=\"https:\/\/garantie.be\/es\/\">garantie.be<\/a> puede proporcionar una asistencia completa que cumple los requisitos legales en B\u00e9lgica, al tiempo que ofrece una experiencia fluida y transparente a los usuarios, ya sean inquilinos, propietarios o agentes inmobiliarios.<\/p>\t\t\t\t\t\t\t\t<\/div>\n\t\t\t\t<\/div>\n\t\t\t\t\t<\/div>\n\t\t<\/div>\n\t\t\t\t\t<\/div>\n\t\t<\/section>\n\t\t\t\t<section class=\"elementor-section elementor-top-section elementor-element elementor-element-c4239be elementor-section-boxed elementor-section-height-default elementor-section-height-default\" data-id=\"c4239be\" data-element_type=\"section\" data-e-type=\"section\">\n\t\t\t\t\t\t<div class=\"elementor-container elementor-column-gap-default\">\n\t\t\t\t\t<div class=\"elementor-column elementor-col-100 elementor-top-column elementor-element elementor-element-c52cb05\" data-id=\"c52cb05\" data-element_type=\"column\" data-e-type=\"column\">\n\t\t\t<div class=\"elementor-widget-wrap elementor-element-populated\">\n\t\t\t\t\t\t<div class=\"elementor-element elementor-element-68965926 elementor-widget-divider--view-line elementor-widget elementor-widget-divider\" data-id=\"68965926\" data-element_type=\"widget\" data-e-type=\"widget\" data-widget_type=\"divider.default\">\n\t\t\t\t<div class=\"elementor-widget-container\">\n\t\t\t\t\t\t\t<div class=\"elementor-divider\">\n\t\t\t<span class=\"elementor-divider-separator\">\n\t\t\t\t\t\t<\/span>\n\t\t<\/div>\n\t\t\t\t\t\t<\/div>\n\t\t\t\t<\/div>\n\t\t\t\t<div class=\"elementor-element elementor-element-a8ab795 elementor-widget elementor-widget-heading\" data-id=\"a8ab795\" data-element_type=\"widget\" data-e-type=\"widget\" data-widget_type=\"heading.default\">\n\t\t\t\t<div class=\"elementor-widget-container\">\n\t\t\t\t\t<h2 class=\"elementor-heading-title elementor-size-default\">Nuestros sitios asociados<\/h2>\t\t\t\t<\/div>\n\t\t\t\t<\/div>\n\t\t\t\t<div class=\"elementor-element elementor-element-0344b4a elementor-widget elementor-widget-text-editor\" data-id=\"0344b4a\" data-element_type=\"widget\" data-e-type=\"widget\" data-widget_type=\"text-editor.default\">\n\t\t\t\t<div class=\"elementor-widget-container\">\n\t\t\t\t\t\t\t\t\t<p>Nuestros socios ofrecen servicios en l\u00ednea para inquilinos y propietarios.<\/p>\t\t\t\t\t\t\t\t<\/div>\n\t\t\t\t<\/div>\n\t\t\t\t<section class=\"elementor-section elementor-inner-section elementor-element elementor-element-2195c0ac elementor-section-boxed elementor-section-height-default elementor-section-height-default\" data-id=\"2195c0ac\" data-element_type=\"section\" data-e-type=\"section\">\n\t\t\t\t\t\t<div class=\"elementor-container elementor-column-gap-wider\">\n\t\t\t\t\t<div class=\"elementor-column elementor-col-50 elementor-inner-column elementor-element elementor-element-29a1153b\" data-id=\"29a1153b\" data-element_type=\"column\" data-e-type=\"column\">\n\t\t\t<div class=\"elementor-widget-wrap elementor-element-populated\">\n\t\t\t\t\t\t<div class=\"elementor-element elementor-element-1ca2ae4f elementor-position-left elementor-vertical-align-middle elementor-widget elementor-widget-image-box\" data-id=\"1ca2ae4f\" data-element_type=\"widget\" data-e-type=\"widget\" data-widget_type=\"image-box.default\">\n\t\t\t\t<div class=\"elementor-widget-container\">\n\t\t\t\t\t<div class=\"elementor-image-box-wrapper\"><figure class=\"elementor-image-box-img\"><a href=\"https:\/\/www.mon-etatdeslieux.be\/contact-expert-immobilier\/?utm_source=garantie&#038;utm_medium=referral&#038;utm_campaign=partenariat&#038;utm_content=cta\" target=\"_blank\" tabindex=\"-1\"><img fetchpriority=\"high\" decoding=\"async\" width=\"339\" height=\"320\" src=\"https:\/\/garantie.be\/wp-content\/uploads\/2025\/10\/Logo-mon-etatdeslieux.png\" class=\"attachment-full size-full wp-image-19200\" alt=\"Situaci\u00f3n actual\" srcset=\"https:\/\/garantie.be\/wp-content\/uploads\/2025\/10\/Logo-mon-etatdeslieux.png 339w, https:\/\/garantie.be\/wp-content\/uploads\/2025\/10\/Logo-mon-etatdeslieux-300x283.png 300w\" sizes=\"(max-width: 339px) 100vw, 339px\" \/><\/a><\/figure><div class=\"elementor-image-box-content\"><h2 class=\"elementor-image-box-title\"><a href=\"https:\/\/www.mon-etatdeslieux.be\/contact-expert-immobilier\/?utm_source=garantie&#038;utm_medium=referral&#038;utm_campaign=partenariat&#038;utm_content=cta\" target=\"_blank\">Situaci\u00f3n actual<\/a><\/h2><p class=\"elementor-image-box-description\">mon-EtatdesLieux.be es una plataforma especializada en inventarios de entrega realizados por expertos acreditados, un paso esencial para proteger tanto a los inquilinos como a los propietarios cuando alquilan una vivienda.<\/p><\/div><\/div>\t\t\t\t<\/div>\n\t\t\t\t<\/div>\n\t\t\t\t\t<\/div>\n\t\t<\/div>\n\t\t\t\t<div class=\"elementor-column elementor-col-50 elementor-inner-column elementor-element elementor-element-383d8a62\" data-id=\"383d8a62\" data-element_type=\"column\" data-e-type=\"column\">\n\t\t\t<div class=\"elementor-widget-wrap elementor-element-populated\">\n\t\t\t\t\t\t<div class=\"elementor-element elementor-element-5b753803 elementor-position-left elementor-vertical-align-middle elementor-widget elementor-widget-image-box\" data-id=\"5b753803\" data-element_type=\"widget\" data-e-type=\"widget\" data-widget_type=\"image-box.default\">\n\t\t\t\t<div class=\"elementor-widget-container\">\n\t\t\t\t\t<div class=\"elementor-image-box-wrapper\"><figure class=\"elementor-image-box-img\"><a href=\"https:\/\/www.swinz.be\/\" target=\"_blank\" tabindex=\"-1\"><img decoding=\"async\" width=\"231\" height=\"218\" src=\"https:\/\/garantie.be\/wp-content\/uploads\/2025\/10\/logo-swinz.png\" class=\"attachment-full size-full wp-image-19919\" alt=\"Swinz\" \/><\/a><\/figure><div class=\"elementor-image-box-content\"><h2 class=\"elementor-image-box-title\"><a href=\"https:\/\/www.swinz.be\/\" target=\"_blank\">Seguro de incendios<\/a><\/h2><p class=\"elementor-image-box-description\">Swinz.be es una innovadora plataforma de seguros de hogar que facilita la contrataci\u00f3n y gesti\u00f3n de p\u00f3lizas online, ofreciendo a los inquilinos una cobertura completa y transparente adaptada a cada vivienda.<\/p><\/div><\/div>\t\t\t\t<\/div>\n\t\t\t\t<\/div>\n\t\t\t\t\t<\/div>\n\t\t<\/div>\n\t\t\t\t\t<\/div>\n\t\t<\/section>\n\t\t\t\t\t<\/div>\n\t\t<\/div>\n\t\t\t\t\t<\/div>\n\t\t<\/section>\n\t\t\t\t<section class=\"elementor-section elementor-top-section elementor-element elementor-element-446bf263 elementor-section-content-middle elementor-section-height-min-height elementor-section-items-stretch elementor-section-boxed elementor-section-height-default\" data-id=\"446bf263\" data-element_type=\"section\" data-e-type=\"section\">\n\t\t\t\t\t\t<div class=\"elementor-container elementor-column-gap-no\">\n\t\t\t\t\t<div class=\"elementor-column elementor-col-100 elementor-top-column elementor-element elementor-element-268aac9a\" data-id=\"268aac9a\" data-element_type=\"column\" data-e-type=\"column\" data-settings=\"{&quot;background_background&quot;:&quot;classic&quot;}\">\n\t\t\t<div class=\"elementor-widget-wrap elementor-element-populated\">\n\t\t\t\t\t\t<div class=\"elementor-element elementor-element-295ba026 elementor-widget elementor-widget-text-editor\" data-id=\"295ba026\" data-element_type=\"widget\" data-e-type=\"widget\" data-widget_type=\"text-editor.default\">\n\t\t\t\t<div class=\"elementor-widget-container\">\n\t\t\t\t\t\t\t\t\t<p>Rellena nuestro formulario para obtener una <a href=\"https:\/\/garantie.be\/es\/fianza-alquiler-en-linea\/\">fianza de alquiler online<\/a> en s\u00f3lo unas horas.<\/p>\t\t\t\t\t\t\t\t<\/div>\n\t\t\t\t<\/div>\n\t\t\t\t<div class=\"elementor-element elementor-element-77bc22e4 elementor-mobile-align-center elementor-align-center elementor-widget elementor-widget-button\" data-id=\"77bc22e4\" data-element_type=\"widget\" data-e-type=\"widget\" data-widget_type=\"button.default\">\n\t\t\t\t<div class=\"elementor-widget-container\">\n\t\t\t\t\t\t\t\t\t<div class=\"elementor-button-wrapper\">\n\t\t\t\t\t<a class=\"elementor-button elementor-button-link elementor-size-sm\" href=\"https:\/\/account.garantie.be\/en\/register\/lease\">\n\t\t\t\t\t\t<span class=\"elementor-button-content-wrapper\">\n\t\t\t\t\t\t\t\t\t<span class=\"elementor-button-text\">formulario de garant\u00eda de alquiler 100% online<\/span>\n\t\t\t\t\t<\/span>\n\t\t\t\t\t<\/a>\n\t\t\t\t<\/div>\n\t\t\t\t\t\t\t\t<\/div>\n\t\t\t\t<\/div>\n\t\t\t\t\t<\/div>\n\t\t<\/div>\n\t\t\t\t\t<\/div>\n\t\t<\/section>\n\t\t\t\t<\/div>\n\t\t","protected":false},"excerpt":{"rendered":"<p>Socios deGARANTiE.BE garantie.be trabaja con una red de socios de confianza (entidades financieras, aseguradoras y agentes del sector inmobiliario) para ofrecer a inquilinos y propietarios soluciones sencillas y 100% digitales para constituir su fianza de alquiler. garantie.be est\u00e1 editado por GARANTIR SRL, empresa belga autorizada como corredor de seguros y registrada en la FSMA (Autoridad [&hellip;]<\/p>\n","protected":false},"author":1,"featured_media":0,"parent":0,"menu_order":0,"comment_status":"closed","ping_status":"closed","template":"","meta":{"footnotes":""},"class_list":["post-19920","page","type-page","status-publish","hentry"],"yoast_head":"<!-- This site is optimized with the Yoast SEO plugin v27.3 - https:\/\/yoast.com\/product\/yoast-seo-wordpress\/ -->\n<title>Presentaci\u00f3n de los socios del sitio web garantie.be<\/title>\n<meta name=\"description\" content=\"Lista de socios del sitio web garantie.be con una descripci\u00f3n de los servicios adicionales ofrecidos en l\u00ednea\" \/>\n<meta name=\"robots\" content=\"index, follow, max-snippet:-1, max-image-preview:large, max-video-preview:-1\" \/>\n<link rel=\"canonical\" href=\"https:\/\/garantie.be\/es\/socios-garantie-be\/\" \/>\n<meta property=\"og:locale\" content=\"es_ES\" \/>\n<meta property=\"og:type\" content=\"article\" \/>\n<meta property=\"og:title\" content=\"Presentaci\u00f3n de los socios del sitio web garantie.be\" \/>\n<meta property=\"og:description\" content=\"Lista de socios del sitio web garantie.be con una descripci\u00f3n de los servicios adicionales ofrecidos en l\u00ednea\" \/>\n<meta property=\"og:url\" content=\"https:\/\/garantie.be\/es\/socios-garantie-be\/\" \/>\n<meta property=\"og:site_name\" content=\"Garantie\" \/>\n<meta property=\"article:modified_time\" content=\"2025-10-25T09:43:47+00:00\" \/>\n<meta property=\"og:image\" content=\"https:\/\/garantie.be\/wp-content\/uploads\/2025\/10\/Logo-mon-etatdeslieux.png\" \/>\n<meta name=\"twitter:card\" content=\"summary_large_image\" \/>\n<meta name=\"twitter:label1\" content=\"Tiempo de lectura\" \/>\n\t<meta name=\"twitter:data1\" content=\"1 minuto\" \/>\n<script type=\"application\/ld+json\" class=\"yoast-schema-graph\">{\"@context\":\"https:\\\/\\\/schema.org\",\"@graph\":[{\"@type\":\"WebPage\",\"@id\":\"https:\\\/\\\/garantie.be\\\/es\\\/socios-garantie-be\\\/\",\"url\":\"https:\\\/\\\/garantie.be\\\/es\\\/socios-garantie-be\\\/\",\"name\":\"Presentaci\u00f3n de los socios del sitio web garantie.be\",\"isPartOf\":{\"@id\":\"https:\\\/\\\/garantie.be\\\/es\\\/#website\"},\"primaryImageOfPage\":{\"@id\":\"https:\\\/\\\/garantie.be\\\/es\\\/socios-garantie-be\\\/#primaryimage\"},\"image\":{\"@id\":\"https:\\\/\\\/garantie.be\\\/es\\\/socios-garantie-be\\\/#primaryimage\"},\"thumbnailUrl\":\"https:\\\/\\\/garantie.be\\\/wp-content\\\/uploads\\\/2025\\\/10\\\/Logo-mon-etatdeslieux.png\",\"datePublished\":\"2025-10-25T09:43:46+00:00\",\"dateModified\":\"2025-10-25T09:43:47+00:00\",\"description\":\"Lista de socios del sitio web garantie.be con una descripci\u00f3n de los servicios adicionales ofrecidos en l\u00ednea\",\"breadcrumb\":{\"@id\":\"https:\\\/\\\/garantie.be\\\/es\\\/socios-garantie-be\\\/#breadcrumb\"},\"inLanguage\":\"es\",\"potentialAction\":[{\"@type\":\"ReadAction\",\"target\":[\"https:\\\/\\\/garantie.be\\\/es\\\/socios-garantie-be\\\/\"]}]},{\"@type\":\"ImageObject\",\"inLanguage\":\"es\",\"@id\":\"https:\\\/\\\/garantie.be\\\/es\\\/socios-garantie-be\\\/#primaryimage\",\"url\":\"https:\\\/\\\/garantie.be\\\/wp-content\\\/uploads\\\/2025\\\/10\\\/Logo-mon-etatdeslieux.png\",\"contentUrl\":\"https:\\\/\\\/garantie.be\\\/wp-content\\\/uploads\\\/2025\\\/10\\\/Logo-mon-etatdeslieux.png\"},{\"@type\":\"BreadcrumbList\",\"@id\":\"https:\\\/\\\/garantie.be\\\/es\\\/socios-garantie-be\\\/#breadcrumb\",\"itemListElement\":[{\"@type\":\"ListItem\",\"position\":1,\"name\":\"Accueil\",\"item\":\"https:\\\/\\\/garantie.be\\\/es\\\/\"},{\"@type\":\"ListItem\",\"position\":2,\"name\":\"Presentaci\u00f3n de los socios del sitio web garantie.be\"}]},{\"@type\":\"WebSite\",\"@id\":\"https:\\\/\\\/garantie.be\\\/es\\\/#website\",\"url\":\"https:\\\/\\\/garantie.be\\\/es\\\/\",\"name\":\"Garantie\",\"description\":\"\",\"publisher\":{\"@id\":\"https:\\\/\\\/garantie.be\\\/es\\\/#organization\"},\"potentialAction\":[{\"@type\":\"SearchAction\",\"target\":{\"@type\":\"EntryPoint\",\"urlTemplate\":\"https:\\\/\\\/garantie.be\\\/es\\\/?s={search_term_string}\"},\"query-input\":{\"@type\":\"PropertyValueSpecification\",\"valueRequired\":true,\"valueName\":\"search_term_string\"}}],\"inLanguage\":\"es\"},{\"@type\":\"Organization\",\"@id\":\"https:\\\/\\\/garantie.be\\\/es\\\/#organization\",\"name\":\"Garantie.be\",\"url\":\"https:\\\/\\\/garantie.be\\\/es\\\/\",\"logo\":{\"@type\":\"ImageObject\",\"inLanguage\":\"es\",\"@id\":\"https:\\\/\\\/garantie.be\\\/es\\\/#\\\/schema\\\/logo\\\/image\\\/\",\"url\":\"\",\"contentUrl\":\"\",\"caption\":\"Garantie.be\"},\"image\":{\"@id\":\"https:\\\/\\\/garantie.be\\\/es\\\/#\\\/schema\\\/logo\\\/image\\\/\"}}]}<\/script>\n<!-- \/ Yoast SEO plugin. -->","yoast_head_json":{"title":"Presentaci\u00f3n de los socios del sitio web garantie.be","description":"Lista de socios del sitio web garantie.be con una descripci\u00f3n de los servicios adicionales ofrecidos en l\u00ednea","robots":{"index":"index","follow":"follow","max-snippet":"max-snippet:-1","max-image-preview":"max-image-preview:large","max-video-preview":"max-video-preview:-1"},"canonical":"https:\/\/garantie.be\/es\/socios-garantie-be\/","og_locale":"es_ES","og_type":"article","og_title":"Presentaci\u00f3n de los socios del sitio web garantie.be","og_description":"Lista de socios del sitio web garantie.be con una descripci\u00f3n de los servicios adicionales ofrecidos en l\u00ednea","og_url":"https:\/\/garantie.be\/es\/socios-garantie-be\/","og_site_name":"Garantie","article_modified_time":"2025-10-25T09:43:47+00:00","og_image":[{"url":"https:\/\/garantie.be\/wp-content\/uploads\/2025\/10\/Logo-mon-etatdeslieux.png","type":"","width":"","height":""}],"twitter_card":"summary_large_image","twitter_misc":{"Tiempo de lectura":"1 minuto"},"schema":{"@context":"https:\/\/schema.org","@graph":[{"@type":"WebPage","@id":"https:\/\/garantie.be\/es\/socios-garantie-be\/","url":"https:\/\/garantie.be\/es\/socios-garantie-be\/","name":"Presentaci\u00f3n de los socios del sitio web garantie.be","isPartOf":{"@id":"https:\/\/garantie.be\/es\/#website"},"primaryImageOfPage":{"@id":"https:\/\/garantie.be\/es\/socios-garantie-be\/#primaryimage"},"image":{"@id":"https:\/\/garantie.be\/es\/socios-garantie-be\/#primaryimage"},"thumbnailUrl":"https:\/\/garantie.be\/wp-content\/uploads\/2025\/10\/Logo-mon-etatdeslieux.png","datePublished":"2025-10-25T09:43:46+00:00","dateModified":"2025-10-25T09:43:47+00:00","description":"Lista de socios del sitio web garantie.be con una descripci\u00f3n de los servicios adicionales ofrecidos en l\u00ednea","breadcrumb":{"@id":"https:\/\/garantie.be\/es\/socios-garantie-be\/#breadcrumb"},"inLanguage":"es","potentialAction":[{"@type":"ReadAction","target":["https:\/\/garantie.be\/es\/socios-garantie-be\/"]}]},{"@type":"ImageObject","inLanguage":"es","@id":"https:\/\/garantie.be\/es\/socios-garantie-be\/#primaryimage","url":"https:\/\/garantie.be\/wp-content\/uploads\/2025\/10\/Logo-mon-etatdeslieux.png","contentUrl":"https:\/\/garantie.be\/wp-content\/uploads\/2025\/10\/Logo-mon-etatdeslieux.png"},{"@type":"BreadcrumbList","@id":"https:\/\/garantie.be\/es\/socios-garantie-be\/#breadcrumb","itemListElement":[{"@type":"ListItem","position":1,"name":"Accueil","item":"https:\/\/garantie.be\/es\/"},{"@type":"ListItem","position":2,"name":"Presentaci\u00f3n de los socios del sitio web garantie.be"}]},{"@type":"WebSite","@id":"https:\/\/garantie.be\/es\/#website","url":"https:\/\/garantie.be\/es\/","name":"Garantie","description":"","publisher":{"@id":"https:\/\/garantie.be\/es\/#organization"},"potentialAction":[{"@type":"SearchAction","target":{"@type":"EntryPoint","urlTemplate":"https:\/\/garantie.be\/es\/?s={search_term_string}"},"query-input":{"@type":"PropertyValueSpecification","valueRequired":true,"valueName":"search_term_string"}}],"inLanguage":"es"},{"@type":"Organization","@id":"https:\/\/garantie.be\/es\/#organization","name":"Garantie.be","url":"https:\/\/garantie.be\/es\/","logo":{"@type":"ImageObject","inLanguage":"es","@id":"https:\/\/garantie.be\/es\/#\/schema\/logo\/image\/","url":"","contentUrl":"","caption":"Garantie.be"},"image":{"@id":"https:\/\/garantie.be\/es\/#\/schema\/logo\/image\/"}}]}},"_links":{"self":[{"href":"https:\/\/garantie.be\/es\/wp-json\/wp\/v2\/pages\/19920","targetHints":{"allow":["GET"]}}],"collection":[{"href":"https:\/\/garantie.be\/es\/wp-json\/wp\/v2\/pages"}],"about":[{"href":"https:\/\/garantie.be\/es\/wp-json\/wp\/v2\/types\/page"}],"author":[{"embeddable":true,"href":"https:\/\/garantie.be\/es\/wp-json\/wp\/v2\/users\/1"}],"replies":[{"embeddable":true,"href":"https:\/\/garantie.be\/es\/wp-json\/wp\/v2\/comments?post=19920"}],"version-history":[{"count":0,"href":"https:\/\/garantie.be\/es\/wp-json\/wp\/v2\/pages\/19920\/revisions"}],"wp:attachment":[{"href":"https:\/\/garantie.be\/es\/wp-json\/wp\/v2\/media?parent=19920"}],"curies":[{"name":"wp","href":"https:\/\/api.w.org\/{rel}","templated":true}]}}