{"id":20034,"date":"2025-10-30T19:17:59","date_gmt":"2025-10-30T18:17:59","guid":{"rendered":"https:\/\/garantie.be\/modelos-cartas-gestion-arrendamientos\/muestra-gratuita-de-subarrendamiento\/"},"modified":"2026-01-19T09:31:22","modified_gmt":"2026-01-19T08:31:22","slug":"muestra-gratuita-de-subarrendamiento","status":"publish","type":"page","link":"https:\/\/garantie.be\/es\/modelos-cartas-gestion-arrendamientos\/muestra-gratuita-de-subarrendamiento\/","title":{"rendered":"Muestra gratuita de subarrendamiento"},"content":{"rendered":"\t\t<div data-elementor-type=\"wp-page\" data-elementor-id=\"20034\" class=\"elementor elementor-20034 elementor-20006\" data-elementor-post-type=\"page\">\n\t\t\t\t\t\t<section class=\"elementor-section elementor-top-section elementor-element elementor-element-55135c81 elementor-section-boxed elementor-section-height-default elementor-section-height-default\" data-id=\"55135c81\" data-element_type=\"section\" data-e-type=\"section\">\n\t\t\t\t\t\t<div class=\"elementor-container elementor-column-gap-default\">\n\t\t\t\t\t<div class=\"elementor-column elementor-col-100 elementor-top-column elementor-element elementor-element-53c3614d\" data-id=\"53c3614d\" data-element_type=\"column\" data-e-type=\"column\">\n\t\t\t<div class=\"elementor-widget-wrap elementor-element-populated\">\n\t\t\t\t\t\t<div class=\"elementor-element elementor-element-6c76c608 elementor-widget elementor-widget-spacer\" data-id=\"6c76c608\" data-element_type=\"widget\" data-e-type=\"widget\" data-widget_type=\"spacer.default\">\n\t\t\t\t<div class=\"elementor-widget-container\">\n\t\t\t\t\t\t\t<div class=\"elementor-spacer\">\n\t\t\t<div class=\"elementor-spacer-inner\"><\/div>\n\t\t<\/div>\n\t\t\t\t\t\t<\/div>\n\t\t\t\t<\/div>\n\t\t\t\t<div class=\"elementor-element elementor-element-2a83075 elementor-widget elementor-widget-heading\" data-id=\"2a83075\" data-element_type=\"widget\" data-e-type=\"widget\" data-widget_type=\"heading.default\">\n\t\t\t\t<div class=\"elementor-widget-container\">\n\t\t\t\t\t<h1 class=\"elementor-heading-title elementor-size-default\">Modelo de arrendamiento<br><b>subarrendamiento<\/b> <\/h1>\t\t\t\t<\/div>\n\t\t\t\t<\/div>\n\t\t\t\t<div class=\"elementor-element elementor-element-724fd54b elementor-widget elementor-widget-spacer\" data-id=\"724fd54b\" data-element_type=\"widget\" data-e-type=\"widget\" data-widget_type=\"spacer.default\">\n\t\t\t\t<div class=\"elementor-widget-container\">\n\t\t\t\t\t\t\t<div class=\"elementor-spacer\">\n\t\t\t<div class=\"elementor-spacer-inner\"><\/div>\n\t\t<\/div>\n\t\t\t\t\t\t<\/div>\n\t\t\t\t<\/div>\n\t\t\t\t<div class=\"elementor-element elementor-element-2543b1c2 elementor-widget elementor-widget-text-editor\" data-id=\"2543b1c2\" data-element_type=\"widget\" data-e-type=\"widget\" data-widget_type=\"text-editor.default\">\n\t\t\t\t<div class=\"elementor-widget-container\">\n\t\t\t\t\t\t\t\t\t<p>Subalquilar tu vivienda en B\u00e9lgica es perfectamente legal, siempre que cumplas ciertas normas. El inquilino principal puede alquilar toda o parte de su vivienda a un subarrendatario, con el permiso escrito del propietario. <\/p><p>A continuaci\u00f3n encontrar\u00e1s un <strong>modelo gratuito de arrendamiento<\/strong> que cumple la legislaci\u00f3n belga en 2026.<\/p>\t\t\t\t\t\t\t\t<\/div>\n\t\t\t\t<\/div>\n\t\t\t\t<div class=\"elementor-element elementor-element-18ad3e3e elementor-widget elementor-widget-text-editor\" data-id=\"18ad3e3e\" data-element_type=\"widget\" data-e-type=\"widget\" data-widget_type=\"text-editor.default\">\n\t\t\t\t<div class=\"elementor-widget-container\">\n\t\t\t\t\t\t\t\t\t<p>Puedes copiar el texto que aparece a continuaci\u00f3n y personalizarlo con tu propia informaci\u00f3n. Tambi\u00e9n puedes <strong>descargar gratuitamente versiones listas para rellenar<\/strong> en formato Word o PDF de \u2b07\ufe0f. <\/p>\t\t\t\t\t\t\t\t<\/div>\n\t\t\t\t<\/div>\n\t\t\t\t<div class=\"elementor-element elementor-element-14f37e8d elementor-widget elementor-widget-text-editor\" data-id=\"14f37e8d\" data-element_type=\"widget\" data-e-type=\"widget\" data-widget_type=\"text-editor.default\">\n\t\t\t\t<div class=\"elementor-widget-container\">\n\t\t\t\t\t\t\t\t\t<section class=\"modele-lettre\">\n<div class=\"zone-lettre\">\n\n<h2 style=\"text-align:center;\">\ud83d\udcdd Modelo de subarrendamiento<\/h2>\n\n<p><strong>Entre los abajo firmantes :<\/strong><\/p>\n\n<p>\n<strong>1. El arrendatario principal (subarrendador)<\/strong><br><span class=\"champ\">[Apellidos y nombre]<\/span><br><span class=\"champ\">[Direcci\u00f3n completa]<\/span><br><span class=\"champ\">[C\u00f3digo postal, localidad]<\/span><br>En lo sucesivo, <em>subarrendador<\/em>.\n<\/p>\n\n<p>\n<strong>2. El subarrendatario<\/strong><br><span class=\"champ\">[Apellidos y nombre]<\/span><br><span class=\"champ\">[Direcci\u00f3n completa]<\/span><br><span class=\"champ\">[C\u00f3digo postal, localidad]<\/span><br>En lo sucesivo, <em>el subarrendatario<\/em>.\n<\/p>\n\n<p><strong>Art\u00edculo 1 &#8211; Objeto<\/strong><br>El subarrendador subarrienda al subarrendatario la vivienda situada en : \n<span class=\"champ\">[Direcci\u00f3n completa del inmueble]<\/span>.<br>Esta vivienda constituye la <strong>residencia principal<\/strong> del subarrendatario.\n<\/p>\n\n<p><strong>Art\u00edculo 2 &#8211; Duraci\u00f3n<\/strong><br>El presente contrato de arrendamiento se celebra por un per\u00edodo de <span class=\"champ\">[duraci\u00f3n en meses]<\/span> meses, que comienza el \n<span class=\"champ\">[date de d\u00e9but]<\/span> y finaliza el <span class=\"champ\">[date de fin]<\/span>.<br>No podr\u00e1 superar la duraci\u00f3n del contrato de arrendamiento principal firmado entre el propietario y el subarrendador.\n<\/p>\n\n<p><strong>Art\u00edculo 3 &#8211; Alquiler y gastos<\/strong><br>El alquiler mensual se fija en <span class=\"champ\">[<\/span> <span class=\"champ\">importe en<\/span> <span class=\"champ\"> euros<\/span> <span class=\"champ\">]<\/span> \u20ac, pagadero el <span class=\"champ\">[d\u00eda del mes]<\/span> \nde cada mes en la cuenta IBAN: <span class=\"champ\">[n\u00famero IBAN]<\/span>.<br>Los gastos mensuales se estiman en <span class=\"champ\">[importe de los gastos]<\/span> \u20ac, correspondientes a \n<span class=\"champ\">[descripci\u00f3n: agua, gas, electricidad, etc.]<\/span>.\n<\/p>\n\n<p><strong>Art\u00edculo 4 &#8211; Garant\u00eda de alquiler<\/strong><br>El subarrendatario deber\u00e1 pagar una garant\u00eda de alquiler de <span class=\"champ\">[importe en euros]<\/span> \u20ac, \ndepositada a trav\u00e9s de <strong>garantie.be<\/strong> o en una cuenta bloqueada a nombre del subarrendatario. \nEsta garant\u00eda se devolver\u00e1 al final del alquiler, tras la verificaci\u00f3n del acta de entrega a la salida.\n<\/p>\n\n<p><strong>Art\u00edculo 5 &#8211; Inventario<\/strong> de enseres<br>Ambas partes elaborar\u00e1n un inventario de enseres a la entrada antes de la entrega de llaves. \nEn el momento de la salida del subarrendatario se elaborar\u00e1 un acta de entrega.\n<\/p>\n\n<p><strong>Art\u00edculo 6 &#8211; Obligaciones<\/strong><br>El subarrendatario se compromete a cumplir las cl\u00e1usulas del contrato de arrendamiento principal, las normas de construcci\u00f3n, \ny a mantener la vivienda en buen estado de conservaci\u00f3n. \nEl subarrendador sigue siendo responsable ante el propietario principal.\n<\/p>\n\n<p><strong>Art\u00edculo 7 &#8211; Registro<\/strong><br>El presente contrato de arrendamiento se <strong>registrar\u00e1 gratuit<\/strong> amente en \n<a href=\"https:\/\/www.myminfin.be\" target=\"_blank\" rel=\"noopener\">MyMinfin.<\/a> be \nen un plazo de dos meses a partir de la firma.\n<\/p>\n\n<p><strong>Hecho en<\/strong> <span class=\"champ\">[lugar]<\/span>, el  <span class=\"champ\">[date]<\/span><\/p>\n\n<p>\n<strong>El subarrendador<\/strong>: &#8230;&#8230;&#8230;&#8230;&#8230;&#8230;&#8230;&#8230;&#8230;&#8230;&#8230;&#8230;&#8230;&#8230;&#8230;&#8230;&#8230;.<br><strong>El subarrendatario:<\/strong>&#8230;&#8230;&#8230;&#8230;&#8230;&#8230;&#8230;&#8230;&#8230;&#8230;&#8230;&#8230;&#8230;&#8230;&#8230;&#8230;&#8230;.\n<\/p>\n\n<\/div>\n<\/section>\n\n<style>\n.modele-lettre {\n  background:#fafafa;\n  padding:20px;\n  border-radius:8px;\n  font-family:\"Segoe UI\", Roboto, sans-serif;\n  line-height:1.6;\n}\n.modele-lettre h2 {\n  color:#333;\n  margin-bottom:10px;\n}\n.modele-lettre .champ {\n  background-color:#f1f1f1;\n  padding:2px 6px;\n  border-radius:3px;\n}\n.zone-lettre {\n  background:#fff;\n  padding:20px;\n  border:1px solid #ddd;\n  border-radius:6px;\n  margin:20px 0;\n}\n.modele-lettre a {\n  color:#0056b3;\n  text-decoration:underline;\n}\n<\/style>\n\t\t\t\t\t\t\t\t<\/div>\n\t\t\t\t<\/div>\n\t\t\t\t<div class=\"elementor-element elementor-element-481c9e0e elementor-widget elementor-widget-heading\" data-id=\"481c9e0e\" data-element_type=\"widget\" data-e-type=\"widget\" data-widget_type=\"heading.default\">\n\t\t\t\t<div class=\"elementor-widget-container\">\n\t\t\t\t\t<h3 class=\"elementor-heading-title elementor-size-default\">Descargas en formato Word o PDF<\/h3>\t\t\t\t<\/div>\n\t\t\t\t<\/div>\n\t\t\t\t<div class=\"elementor-element elementor-element-5959b608 elementor-widget elementor-widget-text-editor\" data-id=\"5959b608\" data-element_type=\"widget\" data-e-type=\"widget\" data-widget_type=\"text-editor.default\">\n\t\t\t\t<div class=\"elementor-widget-container\">\n\t\t\t\t\t\t\t\t\t<p>\u2b07\ufe0f Descarga <a href=\"https:\/\/garantie.be\/wp-content\/uploads\/2025\/10\/Modele-gratuit-bail-sous-location-word.docx\">gratis la plantilla de arrendamiento en formato Word<\/a> (.docx)<\/p><p>\u2b07\ufe0f Descarga <a href=\"https:\/\/garantie.be\/wp-content\/uploads\/2025\/10\/Modele-bail-sous-location-PDF-modifiable.pdf\">gratis la plantilla de arrendamiento en formato PDF<\/a> (.pdf)<\/p>\t\t\t\t\t\t\t\t<\/div>\n\t\t\t\t<\/div>\n\t\t\t\t<div class=\"elementor-element elementor-element-dcf1105 elementor-widget elementor-widget-spacer\" data-id=\"dcf1105\" data-element_type=\"widget\" data-e-type=\"widget\" data-widget_type=\"spacer.default\">\n\t\t\t\t<div class=\"elementor-widget-container\">\n\t\t\t\t\t\t\t<div class=\"elementor-spacer\">\n\t\t\t<div class=\"elementor-spacer-inner\"><\/div>\n\t\t<\/div>\n\t\t\t\t\t\t<\/div>\n\t\t\t\t<\/div>\n\t\t\t\t\t<\/div>\n\t\t<\/div>\n\t\t\t\t\t<\/div>\n\t\t<\/section>\n\t\t\t\t<section class=\"elementor-section elementor-top-section elementor-element elementor-element-197a4a04 elementor-section-content-middle elementor-section-height-min-height elementor-section-items-stretch elementor-section-boxed elementor-section-height-default\" data-id=\"197a4a04\" data-element_type=\"section\" data-e-type=\"section\">\n\t\t\t\t\t\t<div class=\"elementor-container elementor-column-gap-no\">\n\t\t\t\t\t<div class=\"elementor-column elementor-col-100 elementor-top-column elementor-element elementor-element-78162f0\" data-id=\"78162f0\" data-element_type=\"column\" data-e-type=\"column\" data-settings=\"{&quot;background_background&quot;:&quot;classic&quot;}\">\n\t\t\t<div class=\"elementor-widget-wrap elementor-element-populated\">\n\t\t\t\t\t\t<div class=\"elementor-element elementor-element-354e76a elementor-widget elementor-widget-text-editor\" data-id=\"354e76a\" data-element_type=\"widget\" data-e-type=\"widget\" data-widget_type=\"text-editor.default\">\n\t\t\t\t<div class=\"elementor-widget-container\">\n\t\t\t\t\t\t\t\t\t<p>Rellena nuestro formulario para obtener una <a href=\"https:\/\/garantie.be\/es\/fianza-alquiler-en-linea\/\">fianza de alquiler online<\/a> en s\u00f3lo unas horas. Es obligatoria una fianza de alquiler como parte de un subarriendo.<\/p>\t\t\t\t\t\t\t\t<\/div>\n\t\t\t\t<\/div>\n\t\t\t\t<div class=\"elementor-element elementor-element-54d17e5a elementor-mobile-align-center elementor-align-center elementor-widget elementor-widget-button\" data-id=\"54d17e5a\" data-element_type=\"widget\" data-e-type=\"widget\" data-widget_type=\"button.default\">\n\t\t\t\t<div class=\"elementor-widget-container\">\n\t\t\t\t\t\t\t\t\t<div class=\"elementor-button-wrapper\">\n\t\t\t\t\t<a class=\"elementor-button elementor-button-link elementor-size-sm\" href=\"https:\/\/account.garantie.be\/en\/register\/lease\">\n\t\t\t\t\t\t<span class=\"elementor-button-content-wrapper\">\n\t\t\t\t\t\t\t\t\t<span class=\"elementor-button-text\">formulario de garant\u00eda de alquiler 100% online<\/span>\n\t\t\t\t\t<\/span>\n\t\t\t\t\t<\/a>\n\t\t\t\t<\/div>\n\t\t\t\t\t\t\t\t<\/div>\n\t\t\t\t<\/div>\n\t\t\t\t\t<\/div>\n\t\t<\/div>\n\t\t\t\t\t<\/div>\n\t\t<\/section>\n\t\t\t\t<section class=\"elementor-section elementor-top-section elementor-element elementor-element-46acc56f elementor-section-boxed elementor-section-height-default elementor-section-height-default\" data-id=\"46acc56f\" data-element_type=\"section\" data-e-type=\"section\">\n\t\t\t\t\t\t<div class=\"elementor-container elementor-column-gap-default\">\n\t\t\t\t\t<div class=\"elementor-column elementor-col-100 elementor-top-column elementor-element elementor-element-a5b6933\" data-id=\"a5b6933\" data-element_type=\"column\" data-e-type=\"column\">\n\t\t\t<div class=\"elementor-widget-wrap elementor-element-populated\">\n\t\t\t\t\t\t<div class=\"elementor-element elementor-element-51f57d3 elementor-widget elementor-widget-spacer\" data-id=\"51f57d3\" data-element_type=\"widget\" data-e-type=\"widget\" data-widget_type=\"spacer.default\">\n\t\t\t\t<div class=\"elementor-widget-container\">\n\t\t\t\t\t\t\t<div class=\"elementor-spacer\">\n\t\t\t<div class=\"elementor-spacer-inner\"><\/div>\n\t\t<\/div>\n\t\t\t\t\t\t<\/div>\n\t\t\t\t<\/div>\n\t\t\t\t<div class=\"elementor-element elementor-element-6e34959a elementor-widget elementor-widget-heading\" data-id=\"6e34959a\" data-element_type=\"widget\" data-e-type=\"widget\" data-widget_type=\"heading.default\">\n\t\t\t\t<div class=\"elementor-widget-container\">\n\t\t\t\t\t<h2 class=\"elementor-heading-title elementor-size-default\">Consejos para utilizar esta plantilla de arrendamiento parcial<\/h2>\t\t\t\t<\/div>\n\t\t\t\t<\/div>\n\t\t\t\t<div class=\"elementor-element elementor-element-3968d821 elementor-widget elementor-widget-text-editor\" data-id=\"3968d821\" data-element_type=\"widget\" data-e-type=\"widget\" data-widget_type=\"text-editor.default\">\n\t\t\t\t<div class=\"elementor-widget-container\">\n\t\t\t\t\t\t\t\t\t<ul><li><strong>Obt\u00e9n siempre el acuerdo escrito del propietario<\/strong>: Antes de subarrendar, aseg\u00farate de que tienes el permiso del propietario principal. Sin este acuerdo, el subarriendo es ilegal y puede dar lugar a la rescisi\u00f3n del contrato principal. <\/li><li><strong>Adaptar el modelo a tu situaci\u00f3n real <\/strong>: Este modelo es una base legal, pero debes incluir la informaci\u00f3n exacta :<ul><li>direcci\u00f3n completa del inmueble,<\/li><li>duraci\u00f3n exacta,<\/li><li>alquiler y gastos de servicio,<\/li><li>condiciones de la fianza de alquiler,<\/li><li>datos de contacto de ambas partes.<\/li><\/ul><\/li><li><strong>El contrato debe reflejar la realidad del alojamiento<\/strong> y las condiciones acordadas.<\/li><li><strong>Haz que<\/strong> el subarrendador y el subarrendatario <strong>pongan sus iniciales en cada p\u00e1gina<\/strong>. Conserva una copia firmada por cada uno, en papel o en formato PDF. <\/li><li><strong>La duraci\u00f3n del subarrendamiento<\/strong> no puede superar la del arrendamiento principal.<\/li><\/ul>\t\t\t\t\t\t\t\t<\/div>\n\t\t\t\t<\/div>\n\t\t\t\t<div class=\"elementor-element elementor-element-5e1a3662 elementor-widget elementor-widget-spacer\" data-id=\"5e1a3662\" data-element_type=\"widget\" data-e-type=\"widget\" data-widget_type=\"spacer.default\">\n\t\t\t\t<div class=\"elementor-widget-container\">\n\t\t\t\t\t\t\t<div class=\"elementor-spacer\">\n\t\t\t<div class=\"elementor-spacer-inner\"><\/div>\n\t\t<\/div>\n\t\t\t\t\t\t<\/div>\n\t\t\t\t<\/div>\n\t\t\t\t<div class=\"elementor-element elementor-element-6c5ec30f elementor-widget elementor-widget-heading\" data-id=\"6c5ec30f\" data-element_type=\"widget\" data-e-type=\"widget\" data-widget_type=\"heading.default\">\n\t\t\t\t<div class=\"elementor-widget-container\">\n\t\t\t\t\t<h2 class=\"elementor-heading-title elementor-size-default\">Otras plantillas de cartas \u00fatiles<\/h2>\t\t\t\t<\/div>\n\t\t\t\t<\/div>\n\t\t\t\t<div class=\"elementor-element elementor-element-663c3e28 elementor-widget elementor-widget-text-editor\" data-id=\"663c3e28\" data-element_type=\"widget\" data-e-type=\"widget\" data-widget_type=\"text-editor.default\">\n\t\t\t\t<div class=\"elementor-widget-container\">\n\t\t\t\t\t\t\t\t\t<ul><li><a href=\"https:\/\/garantie.be\/es\/modelos-cartas-gestion-arrendamientos\/carta-de-rescision-de-contrato-de-arrendamiento-a-corto-plazo\/\">Carta de rescisi\u00f3n de arrendamiento a corto plazo<\/a><\/li><li><a href=\"https:\/\/garantie.be\/es\/modelos-cartas-gestion-arrendamientos\/carta-solicitar-devolucion-fianza-alquiler\/\">Carta solicitando la devoluci\u00f3n de una fianza de alquiler<\/a><\/li><li><a href=\"https:\/\/garantie.be\/es\/modelos-cartas-gestion-arrendamientos\/model-contrato-arrendamiento-bruselas\/\">Ejemplo de contrato de arrendamiento en Bruselas<\/a><\/li><\/ul>\t\t\t\t\t\t\t\t<\/div>\n\t\t\t\t<\/div>\n\t\t\t\t\t<\/div>\n\t\t<\/div>\n\t\t\t\t\t<\/div>\n\t\t<\/section>\n\t\t\t\t<\/div>\n\t\t","protected":false},"excerpt":{"rendered":"<p>Modelo de arrendamientosubarrendamiento Subalquilar tu vivienda en B\u00e9lgica es perfectamente legal, siempre que cumplas ciertas normas. El inquilino principal puede alquilar toda o parte de su vivienda a un subarrendatario, con el permiso escrito del propietario. A continuaci\u00f3n encontrar\u00e1s un modelo gratuito de arrendamiento que cumple la legislaci\u00f3n belga en 2026. Puedes copiar el texto [&hellip;]<\/p>\n","protected":false},"author":1,"featured_media":0,"parent":18825,"menu_order":0,"comment_status":"closed","ping_status":"closed","template":"","meta":{"footnotes":""},"class_list":["post-20034","page","type-page","status-publish","hentry"],"yoast_head":"<!-- This site is optimized with the Yoast SEO plugin v27.4 - https:\/\/yoast.com\/product\/yoast-seo-wordpress\/ -->\n<title>Muestra gratuita de subarrendamiento<\/title>\n<meta name=\"description\" content=\"Aqu\u00ed tienes un modelo de contrato de subarriendo v\u00e1lido en B\u00e9lgica que puedes descargar gratuitamente en formato Word y PDF.\" \/>\n<meta name=\"robots\" content=\"index, follow, max-snippet:-1, max-image-preview:large, max-video-preview:-1\" \/>\n<link rel=\"canonical\" href=\"https:\/\/garantie.be\/es\/modelos-cartas-gestion-arrendamientos\/muestra-gratuita-de-subarrendamiento\/\" \/>\n<meta property=\"og:locale\" content=\"es_ES\" \/>\n<meta property=\"og:type\" content=\"article\" \/>\n<meta property=\"og:title\" content=\"Muestra gratuita de subarrendamiento\" \/>\n<meta property=\"og:description\" content=\"Aqu\u00ed tienes un modelo de contrato de subarriendo v\u00e1lido en B\u00e9lgica que puedes descargar gratuitamente en formato Word y PDF.\" \/>\n<meta property=\"og:url\" content=\"https:\/\/garantie.be\/es\/modelos-cartas-gestion-arrendamientos\/muestra-gratuita-de-subarrendamiento\/\" \/>\n<meta property=\"og:site_name\" content=\"Garantie\" \/>\n<meta property=\"article:modified_time\" content=\"2026-01-19T08:31:22+00:00\" \/>\n<meta name=\"twitter:card\" content=\"summary_large_image\" \/>\n<meta name=\"twitter:label1\" content=\"Tiempo de lectura\" \/>\n\t<meta name=\"twitter:data1\" content=\"3 minutos\" \/>\n<script type=\"application\/ld+json\" class=\"yoast-schema-graph\">{\"@context\":\"https:\\\/\\\/schema.org\",\"@graph\":[{\"@type\":\"WebPage\",\"@id\":\"https:\\\/\\\/garantie.be\\\/es\\\/modelos-cartas-gestion-arrendamientos\\\/muestra-gratuita-de-subarrendamiento\\\/\",\"url\":\"https:\\\/\\\/garantie.be\\\/es\\\/modelos-cartas-gestion-arrendamientos\\\/muestra-gratuita-de-subarrendamiento\\\/\",\"name\":\"Muestra gratuita de subarrendamiento\",\"isPartOf\":{\"@id\":\"https:\\\/\\\/garantie.be\\\/es\\\/#website\"},\"datePublished\":\"2025-10-30T18:17:59+00:00\",\"dateModified\":\"2026-01-19T08:31:22+00:00\",\"description\":\"Aqu\u00ed tienes un modelo de contrato de subarriendo v\u00e1lido en B\u00e9lgica que puedes descargar gratuitamente en formato Word y PDF.\",\"breadcrumb\":{\"@id\":\"https:\\\/\\\/garantie.be\\\/es\\\/modelos-cartas-gestion-arrendamientos\\\/muestra-gratuita-de-subarrendamiento\\\/#breadcrumb\"},\"inLanguage\":\"es\",\"potentialAction\":[{\"@type\":\"ReadAction\",\"target\":[\"https:\\\/\\\/garantie.be\\\/es\\\/modelos-cartas-gestion-arrendamientos\\\/muestra-gratuita-de-subarrendamiento\\\/\"]}]},{\"@type\":\"BreadcrumbList\",\"@id\":\"https:\\\/\\\/garantie.be\\\/es\\\/modelos-cartas-gestion-arrendamientos\\\/muestra-gratuita-de-subarrendamiento\\\/#breadcrumb\",\"itemListElement\":[{\"@type\":\"ListItem\",\"position\":1,\"name\":\"Accueil\",\"item\":\"https:\\\/\\\/garantie.be\\\/es\\\/\"},{\"@type\":\"ListItem\",\"position\":2,\"name\":\"Modelos de cartas y herramientas pr\u00e1cticas para gestionar tu hogar\",\"item\":\"https:\\\/\\\/garantie.be\\\/es\\\/modelos-cartas-gestion-arrendamientos\\\/\"},{\"@type\":\"ListItem\",\"position\":3,\"name\":\"Muestra gratuita de subarrendamiento\"}]},{\"@type\":\"WebSite\",\"@id\":\"https:\\\/\\\/garantie.be\\\/es\\\/#website\",\"url\":\"https:\\\/\\\/garantie.be\\\/es\\\/\",\"name\":\"Garantie\",\"description\":\"\",\"publisher\":{\"@id\":\"https:\\\/\\\/garantie.be\\\/es\\\/#organization\"},\"potentialAction\":[{\"@type\":\"SearchAction\",\"target\":{\"@type\":\"EntryPoint\",\"urlTemplate\":\"https:\\\/\\\/garantie.be\\\/es\\\/?s={search_term_string}\"},\"query-input\":{\"@type\":\"PropertyValueSpecification\",\"valueRequired\":true,\"valueName\":\"search_term_string\"}}],\"inLanguage\":\"es\"},{\"@type\":\"Organization\",\"@id\":\"https:\\\/\\\/garantie.be\\\/es\\\/#organization\",\"name\":\"Garantie.be\",\"url\":\"https:\\\/\\\/garantie.be\\\/es\\\/\",\"logo\":{\"@type\":\"ImageObject\",\"inLanguage\":\"es\",\"@id\":\"https:\\\/\\\/garantie.be\\\/es\\\/#\\\/schema\\\/logo\\\/image\\\/\",\"url\":\"\",\"contentUrl\":\"\",\"caption\":\"Garantie.be\"},\"image\":{\"@id\":\"https:\\\/\\\/garantie.be\\\/es\\\/#\\\/schema\\\/logo\\\/image\\\/\"}}]}<\/script>\n<!-- \/ Yoast SEO plugin. -->","yoast_head_json":{"title":"Muestra gratuita de subarrendamiento","description":"Aqu\u00ed tienes un modelo de contrato de subarriendo v\u00e1lido en B\u00e9lgica que puedes descargar gratuitamente en formato Word y PDF.","robots":{"index":"index","follow":"follow","max-snippet":"max-snippet:-1","max-image-preview":"max-image-preview:large","max-video-preview":"max-video-preview:-1"},"canonical":"https:\/\/garantie.be\/es\/modelos-cartas-gestion-arrendamientos\/muestra-gratuita-de-subarrendamiento\/","og_locale":"es_ES","og_type":"article","og_title":"Muestra gratuita de subarrendamiento","og_description":"Aqu\u00ed tienes un modelo de contrato de subarriendo v\u00e1lido en B\u00e9lgica que puedes descargar gratuitamente en formato Word y PDF.","og_url":"https:\/\/garantie.be\/es\/modelos-cartas-gestion-arrendamientos\/muestra-gratuita-de-subarrendamiento\/","og_site_name":"Garantie","article_modified_time":"2026-01-19T08:31:22+00:00","twitter_card":"summary_large_image","twitter_misc":{"Tiempo de lectura":"3 minutos"},"schema":{"@context":"https:\/\/schema.org","@graph":[{"@type":"WebPage","@id":"https:\/\/garantie.be\/es\/modelos-cartas-gestion-arrendamientos\/muestra-gratuita-de-subarrendamiento\/","url":"https:\/\/garantie.be\/es\/modelos-cartas-gestion-arrendamientos\/muestra-gratuita-de-subarrendamiento\/","name":"Muestra gratuita de subarrendamiento","isPartOf":{"@id":"https:\/\/garantie.be\/es\/#website"},"datePublished":"2025-10-30T18:17:59+00:00","dateModified":"2026-01-19T08:31:22+00:00","description":"Aqu\u00ed tienes un modelo de contrato de subarriendo v\u00e1lido en B\u00e9lgica que puedes descargar gratuitamente en formato Word y PDF.","breadcrumb":{"@id":"https:\/\/garantie.be\/es\/modelos-cartas-gestion-arrendamientos\/muestra-gratuita-de-subarrendamiento\/#breadcrumb"},"inLanguage":"es","potentialAction":[{"@type":"ReadAction","target":["https:\/\/garantie.be\/es\/modelos-cartas-gestion-arrendamientos\/muestra-gratuita-de-subarrendamiento\/"]}]},{"@type":"BreadcrumbList","@id":"https:\/\/garantie.be\/es\/modelos-cartas-gestion-arrendamientos\/muestra-gratuita-de-subarrendamiento\/#breadcrumb","itemListElement":[{"@type":"ListItem","position":1,"name":"Accueil","item":"https:\/\/garantie.be\/es\/"},{"@type":"ListItem","position":2,"name":"Modelos de cartas y herramientas pr\u00e1cticas para gestionar tu hogar","item":"https:\/\/garantie.be\/es\/modelos-cartas-gestion-arrendamientos\/"},{"@type":"ListItem","position":3,"name":"Muestra gratuita de subarrendamiento"}]},{"@type":"WebSite","@id":"https:\/\/garantie.be\/es\/#website","url":"https:\/\/garantie.be\/es\/","name":"Garantie","description":"","publisher":{"@id":"https:\/\/garantie.be\/es\/#organization"},"potentialAction":[{"@type":"SearchAction","target":{"@type":"EntryPoint","urlTemplate":"https:\/\/garantie.be\/es\/?s={search_term_string}"},"query-input":{"@type":"PropertyValueSpecification","valueRequired":true,"valueName":"search_term_string"}}],"inLanguage":"es"},{"@type":"Organization","@id":"https:\/\/garantie.be\/es\/#organization","name":"Garantie.be","url":"https:\/\/garantie.be\/es\/","logo":{"@type":"ImageObject","inLanguage":"es","@id":"https:\/\/garantie.be\/es\/#\/schema\/logo\/image\/","url":"","contentUrl":"","caption":"Garantie.be"},"image":{"@id":"https:\/\/garantie.be\/es\/#\/schema\/logo\/image\/"}}]}},"_links":{"self":[{"href":"https:\/\/garantie.be\/es\/wp-json\/wp\/v2\/pages\/20034","targetHints":{"allow":["GET"]}}],"collection":[{"href":"https:\/\/garantie.be\/es\/wp-json\/wp\/v2\/pages"}],"about":[{"href":"https:\/\/garantie.be\/es\/wp-json\/wp\/v2\/types\/page"}],"author":[{"embeddable":true,"href":"https:\/\/garantie.be\/es\/wp-json\/wp\/v2\/users\/1"}],"replies":[{"embeddable":true,"href":"https:\/\/garantie.be\/es\/wp-json\/wp\/v2\/comments?post=20034"}],"version-history":[{"count":0,"href":"https:\/\/garantie.be\/es\/wp-json\/wp\/v2\/pages\/20034\/revisions"}],"up":[{"embeddable":true,"href":"https:\/\/garantie.be\/es\/wp-json\/wp\/v2\/pages\/18825"}],"wp:attachment":[{"href":"https:\/\/garantie.be\/es\/wp-json\/wp\/v2\/media?parent=20034"}],"curies":[{"name":"wp","href":"https:\/\/api.w.org\/{rel}","templated":true}]}}