{"id":20398,"date":"2025-12-15T16:41:36","date_gmt":"2025-12-15T15:41:36","guid":{"rendered":"https:\/\/garantie.be\/fianza-alquiler-korfine\/operacion\/"},"modified":"2025-12-15T16:41:37","modified_gmt":"2025-12-15T15:41:37","slug":"operacion","status":"publish","type":"page","link":"https:\/\/garantie.be\/es\/fianza-alquiler-korfine\/operacion\/","title":{"rendered":"C\u00f3mo funciona la fianza de alquiler Korfine"},"content":{"rendered":"\t\t<div data-elementor-type=\"wp-page\" data-elementor-id=\"20398\" class=\"elementor elementor-20398 elementor-20354\" data-elementor-post-type=\"page\">\n\t\t\t\t\t\t<section class=\"elementor-section elementor-top-section elementor-element elementor-element-a65284b elementor-section-boxed elementor-section-height-default elementor-section-height-default\" data-id=\"a65284b\" data-element_type=\"section\" data-e-type=\"section\">\n\t\t\t\t\t\t<div class=\"elementor-container elementor-column-gap-default\">\n\t\t\t\t\t<div class=\"elementor-column elementor-col-100 elementor-top-column elementor-element elementor-element-7e06c36d\" data-id=\"7e06c36d\" data-element_type=\"column\" data-e-type=\"column\">\n\t\t\t<div class=\"elementor-widget-wrap elementor-element-populated\">\n\t\t\t\t\t\t<div class=\"elementor-element elementor-element-18f4e812 elementor-widget elementor-widget-spacer\" data-id=\"18f4e812\" data-element_type=\"widget\" data-e-type=\"widget\" data-widget_type=\"spacer.default\">\n\t\t\t\t<div class=\"elementor-widget-container\">\n\t\t\t\t\t\t\t<div class=\"elementor-spacer\">\n\t\t\t<div class=\"elementor-spacer-inner\"><\/div>\n\t\t<\/div>\n\t\t\t\t\t\t<\/div>\n\t\t\t\t<\/div>\n\t\t\t\t<div class=\"elementor-element elementor-element-7353ca5 elementor-widget elementor-widget-heading\" data-id=\"7353ca5\" data-element_type=\"widget\" data-e-type=\"widget\" data-widget_type=\"heading.default\">\n\t\t\t\t<div class=\"elementor-widget-container\">\n\t\t\t\t\t<h1 class=\"elementor-heading-title elementor-size-default\">C\u00f3mo funciona la fianza de alquiler Korfine<br><\/h1>\t\t\t\t<\/div>\n\t\t\t\t<\/div>\n\t\t\t\t<div class=\"elementor-element elementor-element-14c3b2f2 elementor-widget elementor-widget-spacer\" data-id=\"14c3b2f2\" data-element_type=\"widget\" data-e-type=\"widget\" data-widget_type=\"spacer.default\">\n\t\t\t\t<div class=\"elementor-widget-container\">\n\t\t\t\t\t\t\t<div class=\"elementor-spacer\">\n\t\t\t<div class=\"elementor-spacer-inner\"><\/div>\n\t\t<\/div>\n\t\t\t\t\t\t<\/div>\n\t\t\t\t<\/div>\n\t\t\t\t<div class=\"elementor-element elementor-element-4fe7fa6f elementor-widget elementor-widget-text-editor\" data-id=\"4fe7fa6f\" data-element_type=\"widget\" data-e-type=\"widget\" data-widget_type=\"text-editor.default\">\n\t\t\t\t<div class=\"elementor-widget-container\">\n\t\t\t\t\t\t\t\t\t<p>La <strong>fianza de alquiler Korfine<\/strong> es una soluci\u00f3n utilizada en B\u00e9lgica para constituir una fianza de alquiler con capital bloqueado en una p\u00f3liza de capitalizaci\u00f3n suscrita con una compa\u00f1\u00eda de seguros belga autorizada.<\/p><p>Aqu\u00ed tienes una gu\u00eda paso a paso de c\u00f3mo funciona la <a href=\"https:\/\/garantie.be\/es\/fianza-alquiler-korfine\/\">fianza de alquiler Korfine<\/a>.<\/p>\t\t\t\t\t\t\t\t<\/div>\n\t\t\t\t<\/div>\n\t\t\t\t<div class=\"elementor-element elementor-element-f26d24c elementor-widget elementor-widget-heading\" data-id=\"f26d24c\" data-element_type=\"widget\" data-e-type=\"widget\" data-widget_type=\"heading.default\">\n\t\t\t\t<div class=\"elementor-widget-container\">\n\t\t\t\t\t<h2 class=\"elementor-heading-title elementor-size-default\">Principio general de la fianza de alquiler Korfine<\/h2>\t\t\t\t<\/div>\n\t\t\t\t<\/div>\n\t\t\t\t<div class=\"elementor-element elementor-element-4eb5950b elementor-widget elementor-widget-text-editor\" data-id=\"4eb5950b\" data-element_type=\"widget\" data-e-type=\"widget\" data-widget_type=\"text-editor.default\">\n\t\t\t\t<div class=\"elementor-widget-container\">\n\t\t\t\t\t\t\t\t\t<p>Korfine es un <strong>corredor de seguros autorizado por la FSMA<\/strong>. Act\u00faa como intermediario entre el arrendatario, el arrendador y una compa\u00f1\u00eda de seguros asociada (Patronale Life, F\u00e9d\u00e9rale Assurance, Credimo, Securex, etc.). <\/p><p>El principio es sencillo:<\/p><ul><li>El inquilino paga la <a href=\"https:\/\/garantie.be\/es\/fianza-de-alquiler\/\">fianza de alquiler<\/a>,<\/li><li>Este dinero se invierte en un <strong>contrato de capitalizaci\u00f3n garantizada (rama 26)<\/strong>,<\/li><li>El capital queda <strong>inmovilizado jur\u00eddicamente<\/strong> a favor del arrendador durante toda la duraci\u00f3n del arrendamiento.<\/li><\/ul>\t\t\t\t\t\t\t\t<\/div>\n\t\t\t\t<\/div>\n\t\t\t\t<div class=\"elementor-element elementor-element-ee66ee9 elementor-widget elementor-widget-spacer\" data-id=\"ee66ee9\" data-element_type=\"widget\" data-e-type=\"widget\" data-widget_type=\"spacer.default\">\n\t\t\t\t<div class=\"elementor-widget-container\">\n\t\t\t\t\t\t\t<div class=\"elementor-spacer\">\n\t\t\t<div class=\"elementor-spacer-inner\"><\/div>\n\t\t<\/div>\n\t\t\t\t\t\t<\/div>\n\t\t\t\t<\/div>\n\t\t\t\t\t<\/div>\n\t\t<\/div>\n\t\t\t\t\t<\/div>\n\t\t<\/section>\n\t\t\t\t<section class=\"elementor-section elementor-top-section elementor-element elementor-element-41d74b8c elementor-section-content-middle elementor-section-height-min-height elementor-section-items-stretch elementor-section-boxed elementor-section-height-default\" data-id=\"41d74b8c\" data-element_type=\"section\" data-e-type=\"section\">\n\t\t\t\t\t\t<div class=\"elementor-container elementor-column-gap-no\">\n\t\t\t\t\t<div class=\"elementor-column elementor-col-100 elementor-top-column elementor-element elementor-element-322a4b3a\" data-id=\"322a4b3a\" data-element_type=\"column\" data-e-type=\"column\" data-settings=\"{&quot;background_background&quot;:&quot;classic&quot;}\">\n\t\t\t<div class=\"elementor-widget-wrap elementor-element-populated\">\n\t\t\t\t\t\t<div class=\"elementor-element elementor-element-2f625a29 elementor-widget elementor-widget-text-editor\" data-id=\"2f625a29\" data-element_type=\"widget\" data-e-type=\"widget\" data-widget_type=\"text-editor.default\">\n\t\t\t\t<div class=\"elementor-widget-container\">\n\t\t\t\t\t\t\t\t\t<p>Rellena nuestro formulario para obtener una <a href=\"https:\/\/garantie.be\/es\/fianza-alquiler-en-linea\/\">fianza de alquiler online<\/a> de <strong>Garantie.<\/strong>be en s\u00f3lo unas horas. No tienes que bloquear los fondos de la garant\u00eda porque comprometemos nuestra garant\u00eda financiera. <\/p>\t\t\t\t\t\t\t\t<\/div>\n\t\t\t\t<\/div>\n\t\t\t\t<div class=\"elementor-element elementor-element-248694cc elementor-mobile-align-center elementor-align-center elementor-widget elementor-widget-button\" data-id=\"248694cc\" data-element_type=\"widget\" data-e-type=\"widget\" data-widget_type=\"button.default\">\n\t\t\t\t<div class=\"elementor-widget-container\">\n\t\t\t\t\t\t\t\t\t<div class=\"elementor-button-wrapper\">\n\t\t\t\t\t<a class=\"elementor-button elementor-button-link elementor-size-sm\" href=\"https:\/\/account.garantie.be\/en\/register\/lease\">\n\t\t\t\t\t\t<span class=\"elementor-button-content-wrapper\">\n\t\t\t\t\t\t\t\t\t<span class=\"elementor-button-text\">formulario de garant\u00eda de alquiler 100% online<\/span>\n\t\t\t\t\t<\/span>\n\t\t\t\t\t<\/a>\n\t\t\t\t<\/div>\n\t\t\t\t\t\t\t\t<\/div>\n\t\t\t\t<\/div>\n\t\t\t\t\t<\/div>\n\t\t<\/div>\n\t\t\t\t\t<\/div>\n\t\t<\/section>\n\t\t\t\t<section class=\"elementor-section elementor-top-section elementor-element elementor-element-65f0c74 elementor-section-boxed elementor-section-height-default elementor-section-height-default\" data-id=\"65f0c74\" data-element_type=\"section\" data-e-type=\"section\">\n\t\t\t\t\t\t<div class=\"elementor-container elementor-column-gap-default\">\n\t\t\t\t\t<div class=\"elementor-column elementor-col-100 elementor-top-column elementor-element elementor-element-938a6b9\" data-id=\"938a6b9\" data-element_type=\"column\" data-e-type=\"column\">\n\t\t\t<div class=\"elementor-widget-wrap elementor-element-populated\">\n\t\t\t\t\t\t<div class=\"elementor-element elementor-element-0f0592e elementor-widget elementor-widget-spacer\" data-id=\"0f0592e\" data-element_type=\"widget\" data-e-type=\"widget\" data-widget_type=\"spacer.default\">\n\t\t\t\t<div class=\"elementor-widget-container\">\n\t\t\t\t\t\t\t<div class=\"elementor-spacer\">\n\t\t\t<div class=\"elementor-spacer-inner\"><\/div>\n\t\t<\/div>\n\t\t\t\t\t\t<\/div>\n\t\t\t\t<\/div>\n\t\t\t\t<div class=\"elementor-element elementor-element-6783890 elementor-widget elementor-widget-heading\" data-id=\"6783890\" data-element_type=\"widget\" data-e-type=\"widget\" data-widget_type=\"heading.default\">\n\t\t\t\t<div class=\"elementor-widget-container\">\n\t\t\t\t\t<h2 class=\"elementor-heading-title elementor-size-default\">C\u00f3mo funciona una fianza de alquiler con Korfine.<\/h2>\t\t\t\t<\/div>\n\t\t\t\t<\/div>\n\t\t\t\t<div class=\"elementor-element elementor-element-8bc1b9f elementor-widget elementor-widget-heading\" data-id=\"8bc1b9f\" data-element_type=\"widget\" data-e-type=\"widget\" data-widget_type=\"heading.default\">\n\t\t\t\t<div class=\"elementor-widget-container\">\n\t\t\t\t\t<h3 class=\"elementor-heading-title elementor-size-default\">Pago del importe de la garant\u00eda<\/h3>\t\t\t\t<\/div>\n\t\t\t\t<\/div>\n\t\t\t\t<div class=\"elementor-element elementor-element-0631add elementor-widget elementor-widget-text-editor\" data-id=\"0631add\" data-element_type=\"widget\" data-e-type=\"widget\" data-widget_type=\"text-editor.default\">\n\t\t\t\t<div class=\"elementor-widget-container\">\n\t\t\t\t\t\t\t\t\t<p>Para constituir la fianza de alquiler Korfine, el inquilino paga un importe \u00fanico por transferencia bancaria a la cuenta designada por Korfine. Este pago no es un dep\u00f3sito bancario: se utiliza para financiar un producto de seguro de capitalizaci\u00f3n. <\/p>\t\t\t\t\t\t\t\t<\/div>\n\t\t\t\t<\/div>\n\t\t\t\t<div class=\"elementor-element elementor-element-3d78d16 elementor-widget elementor-widget-heading\" data-id=\"3d78d16\" data-element_type=\"widget\" data-e-type=\"widget\" data-widget_type=\"heading.default\">\n\t\t\t\t<div class=\"elementor-widget-container\">\n\t\t\t\t\t<h3 class=\"elementor-heading-title elementor-size-default\">Inversi\u00f3n de los fondos abonados a un contrato de capitalizaci\u00f3n<\/h3>\t\t\t\t<\/div>\n\t\t\t\t<\/div>\n\t\t\t\t<div class=\"elementor-element elementor-element-2920d42 elementor-widget elementor-widget-text-editor\" data-id=\"2920d42\" data-element_type=\"widget\" data-e-type=\"widget\" data-widget_type=\"text-editor.default\">\n\t\t\t\t<div class=\"elementor-widget-container\">\n\t\t\t\t\t\t\t\t\t<p>Una vez efectuado el pago, Korfine invierte el importe abonado en un contrato de capitalizaci\u00f3n de la rama 26 con una aseguradora belga autorizada, que se detalla a continuaci\u00f3n:<\/p><ul><li>Producto biom\u00e9trico de seguro de vida sin riesgo (sin seguro de fallecimiento)<\/li><li>Capital garantizado por la aseguradora<\/li><li>Tipo de inter\u00e9s garantizado fijo al inicio<\/li><li>Producto regido por la legislaci\u00f3n belga<\/li><\/ul><blockquote><p>El contrato no est\u00e1 cubierto por el sistema de garant\u00eda de dep\u00f3sitos bancarios, ya que no se trata de una <a href=\"https:\/\/garantie.be\/es\/fianza-de-alquiler\/cuenta-bancaria-bloqueada-fianza-alquiler\/\">cuenta bancaria bloqueada<\/a>.<\/p><\/blockquote>\t\t\t\t\t\t\t\t<\/div>\n\t\t\t\t<\/div>\n\t\t\t\t<div class=\"elementor-element elementor-element-d40f3b8 elementor-widget elementor-widget-heading\" data-id=\"d40f3b8\" data-element_type=\"widget\" data-e-type=\"widget\" data-widget_type=\"heading.default\">\n\t\t\t\t<div class=\"elementor-widget-container\">\n\t\t\t\t\t<h3 class=\"elementor-heading-title elementor-size-default\">Bloqueo legal del capital a favor del arrendador<\/h3>\t\t\t\t<\/div>\n\t\t\t\t<\/div>\n\t\t\t\t<div class=\"elementor-element elementor-element-fc43f60 elementor-widget elementor-widget-text-editor\" data-id=\"fc43f60\" data-element_type=\"widget\" data-e-type=\"widget\" data-widget_type=\"text-editor.default\">\n\t\t\t\t<div class=\"elementor-widget-container\">\n\t\t\t\t\t\t\t\t\tAunque el capital sigue siendo propiedad del inquilino, est\u00e1 bloqueado legalmente mientras dure el contrato de alquiler:\n<ul>\n \t<li>Se designa al arrendador como beneficiario de la garant\u00eda,<\/li>\n \t<li>El capital no puede ser liberado ni por el arrendatario ni por el arrendador,<\/li>\n \t<li>Cualquier liberaci\u00f3n requiere un procedimiento regulado. Consulta nuestra p\u00e1gina sobre la <a href=\"https:\/\/garantie.be\/fr\/garantie-locative-korfine\/liberation\/\">liberaci\u00f3n de la fianza de alquiler Korfine<\/a>. <\/li>\n<\/ul>\n&nbsp;\n<blockquote>Este mecanismo proporciona al propietario una seguridad equivalente a una fianza de alquiler tradicional.<\/blockquote>\t\t\t\t\t\t\t\t<\/div>\n\t\t\t\t<\/div>\n\t\t\t\t<div class=\"elementor-element elementor-element-1710527 elementor-widget elementor-widget-heading\" data-id=\"1710527\" data-element_type=\"widget\" data-e-type=\"widget\" data-widget_type=\"heading.default\">\n\t\t\t\t<div class=\"elementor-widget-container\">\n\t\t\t\t\t<h3 class=\"elementor-heading-title elementor-size-default\">Gesti\u00f3n de la garant\u00eda durante el arrendamiento<\/h3>\t\t\t\t<\/div>\n\t\t\t\t<\/div>\n\t\t\t\t<div class=\"elementor-element elementor-element-5dd4c36 elementor-widget elementor-widget-text-editor\" data-id=\"5dd4c36\" data-element_type=\"widget\" data-e-type=\"widget\" data-widget_type=\"text-editor.default\">\n\t\t\t\t<div class=\"elementor-widget-container\">\n\t\t\t\t\t\t\t\t\t<p>Durante la duraci\u00f3n del <a href=\"https:\/\/garantie.be\/es\/contrato-alquiler\/\">arrendamiento<\/a>:<\/p><ul><li>El capital permanece congelado,<\/li><li>Los intereses pueden generarse al tipo garantizado especificado en el contrato,<\/li><li>Los intereses est\u00e1n sujetos a retenci\u00f3n fiscal,<\/li><li>No es posible ning\u00fan desistimiento parcial sin el acuerdo del arrendador.<\/li><li>El inquilino no puede utilizar ni trasladar la suma mientras el contrato de alquiler est\u00e9 en vigor.<\/li><\/ul>\t\t\t\t\t\t\t\t<\/div>\n\t\t\t\t<\/div>\n\t\t\t\t<div class=\"elementor-element elementor-element-30262cf elementor-widget elementor-widget-spacer\" data-id=\"30262cf\" data-element_type=\"widget\" data-e-type=\"widget\" data-widget_type=\"spacer.default\">\n\t\t\t\t<div class=\"elementor-widget-container\">\n\t\t\t\t\t\t\t<div class=\"elementor-spacer\">\n\t\t\t<div class=\"elementor-spacer-inner\"><\/div>\n\t\t<\/div>\n\t\t\t\t\t\t<\/div>\n\t\t\t\t<\/div>\n\t\t\t\t<div class=\"elementor-element elementor-element-b6b38db elementor-widget elementor-widget-heading\" data-id=\"b6b38db\" data-element_type=\"widget\" data-e-type=\"widget\" data-widget_type=\"heading.default\">\n\t\t\t\t<div class=\"elementor-widget-container\">\n\t\t\t\t\t<h2 class=\"elementor-heading-title elementor-size-default\">Liberaci\u00f3n de la fianza de alquiler Korfine<\/h2>\t\t\t\t<\/div>\n\t\t\t\t<\/div>\n\t\t\t\t<div class=\"elementor-element elementor-element-e88516d elementor-widget elementor-widget-text-editor\" data-id=\"e88516d\" data-element_type=\"widget\" data-e-type=\"widget\" data-widget_type=\"text-editor.default\">\n\t\t\t\t<div class=\"elementor-widget-container\">\n\t\t\t\t\t\t\t\t\t<p>Se puede liberar la fianza de alquiler de Korfine:<\/p><ul><li><strong>Con el acuerdo del arrendador y del arrendatario <\/strong>: Ambas partes firman el documento de liberaci\u00f3n de fianza de alquiler Korfine, en el que se especifica: El importe que se devolver\u00e1 al arrendatario y el importe que, en su caso, retendr\u00e1 el arrendador.<\/li><li>Sobre la base de <strong>una resoluci\u00f3n judicial<\/strong>: En caso de litigio, la cobertura puede liberarse previa presentaci\u00f3n de una resoluci\u00f3n judicial.<\/li><\/ul>\t\t\t\t\t\t\t\t<\/div>\n\t\t\t\t<\/div>\n\t\t\t\t<div class=\"elementor-element elementor-element-7c97244 elementor-widget elementor-widget-spacer\" data-id=\"7c97244\" data-element_type=\"widget\" data-e-type=\"widget\" data-widget_type=\"spacer.default\">\n\t\t\t\t<div class=\"elementor-widget-container\">\n\t\t\t\t\t\t\t<div class=\"elementor-spacer\">\n\t\t\t<div class=\"elementor-spacer-inner\"><\/div>\n\t\t<\/div>\n\t\t\t\t\t\t<\/div>\n\t\t\t\t<\/div>\n\t\t\t\t\t<\/div>\n\t\t<\/div>\n\t\t\t\t\t<\/div>\n\t\t<\/section>\n\t\t\t\t<\/div>\n\t\t","protected":false},"excerpt":{"rendered":"<p>C\u00f3mo funciona la fianza de alquiler Korfine La fianza de alquiler Korfine es una soluci\u00f3n utilizada en B\u00e9lgica para constituir una fianza de alquiler con capital bloqueado en una p\u00f3liza de capitalizaci\u00f3n suscrita con una compa\u00f1\u00eda de seguros belga autorizada. Aqu\u00ed tienes una gu\u00eda paso a paso de c\u00f3mo funciona la fianza de alquiler Korfine. [&hellip;]<\/p>\n","protected":false},"author":1,"featured_media":0,"parent":17577,"menu_order":0,"comment_status":"closed","ping_status":"closed","template":"","meta":{"footnotes":""},"class_list":["post-20398","page","type-page","status-publish","hentry"],"yoast_head":"<!-- This site is optimized with the Yoast SEO plugin v27.2 - https:\/\/yoast.com\/product\/yoast-seo-wordpress\/ -->\n<title>C\u00f3mo funciona la fianza de alquiler Korfine<\/title>\n<meta name=\"description\" content=\"Descubre c\u00f3mo funciona la fianza de alquiler Korfine: capital bloqueado, seguro, papel del arrendador y liberaci\u00f3n al final del contrato.\" \/>\n<meta name=\"robots\" content=\"index, follow, max-snippet:-1, max-image-preview:large, max-video-preview:-1\" \/>\n<link rel=\"canonical\" href=\"https:\/\/garantie.be\/es\/fianza-alquiler-korfine\/operacion\/\" \/>\n<meta property=\"og:locale\" content=\"es_ES\" \/>\n<meta property=\"og:type\" content=\"article\" \/>\n<meta property=\"og:title\" content=\"C\u00f3mo funciona la fianza de alquiler Korfine\" \/>\n<meta property=\"og:description\" content=\"Descubre c\u00f3mo funciona la fianza de alquiler Korfine: capital bloqueado, seguro, papel del arrendador y liberaci\u00f3n al final del contrato.\" \/>\n<meta property=\"og:url\" content=\"https:\/\/garantie.be\/es\/fianza-alquiler-korfine\/operacion\/\" \/>\n<meta property=\"og:site_name\" content=\"Garantie\" \/>\n<meta property=\"article:modified_time\" content=\"2025-12-15T15:41:37+00:00\" \/>\n<meta name=\"twitter:card\" content=\"summary_large_image\" \/>\n<meta name=\"twitter:label1\" content=\"Tiempo de lectura\" \/>\n\t<meta name=\"twitter:data1\" content=\"3 minutos\" \/>\n<script type=\"application\/ld+json\" class=\"yoast-schema-graph\">{\"@context\":\"https:\/\/schema.org\",\"@graph\":[{\"@type\":\"WebPage\",\"@id\":\"https:\/\/garantie.be\/es\/fianza-alquiler-korfine\/operacion\/\",\"url\":\"https:\/\/garantie.be\/es\/fianza-alquiler-korfine\/operacion\/\",\"name\":\"C\u00f3mo funciona la fianza de alquiler Korfine\",\"isPartOf\":{\"@id\":\"https:\/\/garantie.be\/es\/#website\"},\"datePublished\":\"2025-12-15T15:41:36+00:00\",\"dateModified\":\"2025-12-15T15:41:37+00:00\",\"description\":\"Descubre c\u00f3mo funciona la fianza de alquiler Korfine: capital bloqueado, seguro, papel del arrendador y liberaci\u00f3n al final del contrato.\",\"breadcrumb\":{\"@id\":\"https:\/\/garantie.be\/es\/fianza-alquiler-korfine\/operacion\/#breadcrumb\"},\"inLanguage\":\"es\",\"potentialAction\":[{\"@type\":\"ReadAction\",\"target\":[\"https:\/\/garantie.be\/es\/fianza-alquiler-korfine\/operacion\/\"]}]},{\"@type\":\"BreadcrumbList\",\"@id\":\"https:\/\/garantie.be\/es\/fianza-alquiler-korfine\/operacion\/#breadcrumb\",\"itemListElement\":[{\"@type\":\"ListItem\",\"position\":1,\"name\":\"Accueil\",\"item\":\"https:\/\/garantie.be\/es\/\"},{\"@type\":\"ListItem\",\"position\":2,\"name\":\"Fianza de alquiler korfine\",\"item\":\"https:\/\/garantie.be\/es\/fianza-alquiler-korfine\/\"},{\"@type\":\"ListItem\",\"position\":3,\"name\":\"C\u00f3mo funciona la fianza de alquiler Korfine\"}]},{\"@type\":\"WebSite\",\"@id\":\"https:\/\/garantie.be\/es\/#website\",\"url\":\"https:\/\/garantie.be\/es\/\",\"name\":\"Garantie\",\"description\":\"\",\"publisher\":{\"@id\":\"https:\/\/garantie.be\/es\/#organization\"},\"potentialAction\":[{\"@type\":\"SearchAction\",\"target\":{\"@type\":\"EntryPoint\",\"urlTemplate\":\"https:\/\/garantie.be\/es\/?s={search_term_string}\"},\"query-input\":{\"@type\":\"PropertyValueSpecification\",\"valueRequired\":true,\"valueName\":\"search_term_string\"}}],\"inLanguage\":\"es\"},{\"@type\":\"Organization\",\"@id\":\"https:\/\/garantie.be\/es\/#organization\",\"name\":\"Garantie.be\",\"url\":\"https:\/\/garantie.be\/es\/\",\"logo\":{\"@type\":\"ImageObject\",\"inLanguage\":\"es\",\"@id\":\"https:\/\/garantie.be\/es\/#\/schema\/logo\/image\/\",\"url\":\"\",\"contentUrl\":\"\",\"caption\":\"Garantie.be\"},\"image\":{\"@id\":\"https:\/\/garantie.be\/es\/#\/schema\/logo\/image\/\"}}]}<\/script>\n<!-- \/ Yoast SEO plugin. -->","yoast_head_json":{"title":"C\u00f3mo funciona la fianza de alquiler Korfine","description":"Descubre c\u00f3mo funciona la fianza de alquiler Korfine: capital bloqueado, seguro, papel del arrendador y liberaci\u00f3n al final del contrato.","robots":{"index":"index","follow":"follow","max-snippet":"max-snippet:-1","max-image-preview":"max-image-preview:large","max-video-preview":"max-video-preview:-1"},"canonical":"https:\/\/garantie.be\/es\/fianza-alquiler-korfine\/operacion\/","og_locale":"es_ES","og_type":"article","og_title":"C\u00f3mo funciona la fianza de alquiler Korfine","og_description":"Descubre c\u00f3mo funciona la fianza de alquiler Korfine: capital bloqueado, seguro, papel del arrendador y liberaci\u00f3n al final del contrato.","og_url":"https:\/\/garantie.be\/es\/fianza-alquiler-korfine\/operacion\/","og_site_name":"Garantie","article_modified_time":"2025-12-15T15:41:37+00:00","twitter_card":"summary_large_image","twitter_misc":{"Tiempo de lectura":"3 minutos"},"schema":{"@context":"https:\/\/schema.org","@graph":[{"@type":"WebPage","@id":"https:\/\/garantie.be\/es\/fianza-alquiler-korfine\/operacion\/","url":"https:\/\/garantie.be\/es\/fianza-alquiler-korfine\/operacion\/","name":"C\u00f3mo funciona la fianza de alquiler Korfine","isPartOf":{"@id":"https:\/\/garantie.be\/es\/#website"},"datePublished":"2025-12-15T15:41:36+00:00","dateModified":"2025-12-15T15:41:37+00:00","description":"Descubre c\u00f3mo funciona la fianza de alquiler Korfine: capital bloqueado, seguro, papel del arrendador y liberaci\u00f3n al final del contrato.","breadcrumb":{"@id":"https:\/\/garantie.be\/es\/fianza-alquiler-korfine\/operacion\/#breadcrumb"},"inLanguage":"es","potentialAction":[{"@type":"ReadAction","target":["https:\/\/garantie.be\/es\/fianza-alquiler-korfine\/operacion\/"]}]},{"@type":"BreadcrumbList","@id":"https:\/\/garantie.be\/es\/fianza-alquiler-korfine\/operacion\/#breadcrumb","itemListElement":[{"@type":"ListItem","position":1,"name":"Accueil","item":"https:\/\/garantie.be\/es\/"},{"@type":"ListItem","position":2,"name":"Fianza de alquiler korfine","item":"https:\/\/garantie.be\/es\/fianza-alquiler-korfine\/"},{"@type":"ListItem","position":3,"name":"C\u00f3mo funciona la fianza de alquiler Korfine"}]},{"@type":"WebSite","@id":"https:\/\/garantie.be\/es\/#website","url":"https:\/\/garantie.be\/es\/","name":"Garantie","description":"","publisher":{"@id":"https:\/\/garantie.be\/es\/#organization"},"potentialAction":[{"@type":"SearchAction","target":{"@type":"EntryPoint","urlTemplate":"https:\/\/garantie.be\/es\/?s={search_term_string}"},"query-input":{"@type":"PropertyValueSpecification","valueRequired":true,"valueName":"search_term_string"}}],"inLanguage":"es"},{"@type":"Organization","@id":"https:\/\/garantie.be\/es\/#organization","name":"Garantie.be","url":"https:\/\/garantie.be\/es\/","logo":{"@type":"ImageObject","inLanguage":"es","@id":"https:\/\/garantie.be\/es\/#\/schema\/logo\/image\/","url":"","contentUrl":"","caption":"Garantie.be"},"image":{"@id":"https:\/\/garantie.be\/es\/#\/schema\/logo\/image\/"}}]}},"_links":{"self":[{"href":"https:\/\/garantie.be\/es\/wp-json\/wp\/v2\/pages\/20398","targetHints":{"allow":["GET"]}}],"collection":[{"href":"https:\/\/garantie.be\/es\/wp-json\/wp\/v2\/pages"}],"about":[{"href":"https:\/\/garantie.be\/es\/wp-json\/wp\/v2\/types\/page"}],"author":[{"embeddable":true,"href":"https:\/\/garantie.be\/es\/wp-json\/wp\/v2\/users\/1"}],"replies":[{"embeddable":true,"href":"https:\/\/garantie.be\/es\/wp-json\/wp\/v2\/comments?post=20398"}],"version-history":[{"count":0,"href":"https:\/\/garantie.be\/es\/wp-json\/wp\/v2\/pages\/20398\/revisions"}],"up":[{"embeddable":true,"href":"https:\/\/garantie.be\/es\/wp-json\/wp\/v2\/pages\/17577"}],"wp:attachment":[{"href":"https:\/\/garantie.be\/es\/wp-json\/wp\/v2\/media?parent=20398"}],"curies":[{"name":"wp","href":"https:\/\/api.w.org\/{rel}","templated":true}]}}